{"id":4266,"date":"2018-08-10T13:37:55","date_gmt":"2018-08-10T11:37:55","guid":{"rendered":"https:\/\/www.topohvar.at\/?page_id=4266"},"modified":"2021-04-19T12:05:16","modified_gmt":"2021-04-19T10:05:16","slug":"sg-tg-04-1","status":"publish","type":"page","link":"https:\/\/www.topohvar.at\/topo\/orte\/sg\/sg-tg-04-1\/","title":{"rendered":"STARI GRAD &#8211; Pala\u010da \u00bbDon \u0160ime Ljubi\u0107 (Tadi\u0107)\u00ab"},"content":{"rendered":"<p><a name=\"seite_oben\"><\/a><br \/>\n<img loading=\"lazy\" decoding=\"async\" class=\"alignnone wp-image-4212 size-large\" src=\"https:\/\/www.topohvar.at\/wp-content\/uploads\/2018\/08\/sg-tg-04-0-1024x503.jpg\" alt=\"\" width=\"640\" height=\"314\" srcset=\"https:\/\/www.topohvar.at\/wp-content\/uploads\/2018\/08\/sg-tg-04-0-1024x503.jpg 1024w, https:\/\/www.topohvar.at\/wp-content\/uploads\/2018\/08\/sg-tg-04-0-300x147.jpg 300w, https:\/\/www.topohvar.at\/wp-content\/uploads\/2018\/08\/sg-tg-04-0-768x377.jpg 768w, https:\/\/www.topohvar.at\/wp-content\/uploads\/2018\/08\/sg-tg-04-0.jpg 1080w\" sizes=\"auto, (max-width: 640px) 100vw, 640px\" \/><\/p>\n<p><strong>Ime \/ Name<br \/>\n<\/strong>Pala\u010da \u00bbDon \u0160ime Ljubi\u0107 (Tadi\u0107)\u00ab \/ Palast Don \u0160ime Ljubi\u0107 (Tadi\u0107)<\/p>\n<p><strong>Code: <\/strong>SG-TG-04\u00a0 \u00a0 \u00a0 \u00a0 \u00a0 \u00a0 \u00a0 \u00a0 \u00a0 \u00a0 \u00a0 \u00a0 \u00a0 \u00a0 \u00a0 \u00a0 \u00a0 \u00a0<a href=\"https:\/\/www.topohvar.at\/orte\/sg\/sg-tg-07-1\/\"><img loading=\"lazy\" decoding=\"async\" class=\"alignnone wp-image-12300 size-full\" src=\"https:\/\/www.topohvar.at\/wp-content\/uploads\/2018\/09\/push-vor-30.jpg\" alt=\"\" width=\"61\" height=\"30\" \/><\/a>\u00a0<strong><a href=\"https:\/\/www.topohvar.at\/orte\/sg\/sg-tg-02-1\/\"><img loading=\"lazy\" decoding=\"async\" class=\"alignnone wp-image-533 size-full\" src=\"https:\/\/www.topohvar.at\/wp-content\/uploads\/2018\/07\/push-l-30.jpg\" alt=\"\" width=\"61\" height=\"30\" \/><\/a> <a href=\"https:\/\/www.topohvar.at\/orte\/sg\/\"><img loading=\"lazy\" decoding=\"async\" class=\"alignnone wp-image-535 size-full\" src=\"https:\/\/www.topohvar.at\/wp-content\/uploads\/2018\/07\/push-o-30.jpg\" alt=\"\" width=\"61\" height=\"30\" \/><\/a> <a href=\"https:\/\/www.topohvar.at\/orte\/sg\/sg-tg-05-1\/\"><img loading=\"lazy\" decoding=\"async\" class=\"alignnone wp-image-536 size-full\" src=\"https:\/\/www.topohvar.at\/wp-content\/uploads\/2018\/07\/push-r-30.jpg\" alt=\"\" width=\"61\" height=\"30\" \/><\/a>\u00a0<a href=\"https:\/\/www.topohvar.at\/orte\/sg\/sg-tg-26-1\/\"><img loading=\"lazy\" decoding=\"async\" class=\"alignnone wp-image-12299 size-full\" src=\"https:\/\/www.topohvar.at\/wp-content\/uploads\/2018\/09\/push-next-30.jpg\" alt=\"\" width=\"61\" height=\"30\" \/><\/a><\/strong><\/p>\n<hr \/>\n<p><strong>Adresa \/ Adresse<br \/>\n<\/strong>Stari Grad, \u0160etali\u0161te don \u0160ime Lubi\u0107a 7<\/p>\n<p><strong>Lokacija \/ Position<a href=\"https:\/\/goo.gl\/maps\/CaAKxSwQny8624v9A\"><img loading=\"lazy\" decoding=\"async\" class=\"alignright wp-image-3656\" src=\"https:\/\/www.topohvar.at\/wp-content\/uploads\/2018\/08\/0628.jpg\" alt=\"\" width=\"134\" height=\"100\" \/><\/a><br \/>\n<\/strong><span style=\"color: #3366ff;\"><a style=\"color: #3366ff;\" href=\"https:\/\/goo.gl\/maps\/CaAKxSwQny8624v9A\">Latitude: N 43,18380\u00b0\u00a0 \u00a0Longitude: E 16,59180\u00b0<\/a> <\/span><strong><br \/>\n<\/strong>Visina \/ H\u00f6he: 2 m<\/p>\n<p><strong>Katastarska \u010destica \/ Grundst\u00fccke<br \/>\n<\/strong>*1160\/2<div class='content-column one_half'><div style=\"padding-right:6px;\"><p><strong>Datum snimanja \/ Erfassungsdatum<br \/>\n<\/strong>16.05.2013 09:00:00<\/p>\n<hr \/>\n<p><strong>Informacije<\/strong><\/p>\n<p>Znameniti arheolog, povjesni\u010dar i jedan od utemeljitelja Hrvatske akademije znanosti i umjetnosti don \u0160ime Ljubi\u0107 (1822-1896) sagradio je 1887.g. svoju historicisti\u010dku vilu po nacrtima Sre\u0107ka Jacominija glasovitog zagreba\u010dkog arhitekta svoga vremena. Ukra\u0161ena je skulpturama od terakote, koje predstavljaju alegorije muza i anti\u010dkih bo\u017eanstava od kojih se kao sredi\u0161nje isti\u010de Apolon.<\/p><\/div><\/div><div class='content-column one_half last_column'><div style=\"padding-right:0px;padding-left:6px;\"><p><strong>Stupanj za\u0161tite \/ Schutzstellung<br \/>\n<\/strong>P-828<\/p>\n<hr \/>\n<p><strong>Info<\/strong><\/p>\n<p>Die historisierende Villa wurde vom ber\u00fchmten Arch\u00e4ologen, Historiker und einem der Gr\u00fcnder der Kroatischen Akademie der Wissenschaften und K\u00fcnste Don Sime Ljubic (1822-1896) im Jahr 1887 nach Entw\u00fcrfen des seinerzeit ber\u00fchmten Zagreber Architekten Sre\u0107ka Jacominija errichtet. Sie ist mit Terrakottaskulpturen wie Allegorien von M\u00e4nnern und antiken Gottheiten, von denen Apollo im Zentrum steht, dekoriert.<\/p><\/div><\/div><div class='clear_column'><\/div><div class='content-column one_half'><div style=\"padding-right:6px;\"><p>Ku\u0107a je registrirana 13. 05. 2007. godine pod brojem P-828 pod kulturnih dobara Republike Hrvatske.<\/p><\/div><\/div><div class='content-column one_half last_column'><div style=\"padding-right:0px;padding-left:6px;\"><p>Das Haus wurde am 13. 05. 2007 mit der Nummer P-828 unter den Kulturg\u00fctern der Republik Kroatien registriert.<\/p><\/div><\/div><div class='clear_column'><\/div><\/p>\n<p style=\"text-align: right;\"><a href=\"#seite_oben\">natrag na vrh \/ Seitenanfang<\/a><\/p>\n<hr \/>\n<p><strong>Linkovi \/ Links<\/strong><\/p>\n<p><span style=\"color: #3366ff;\"><a style=\"color: #3366ff;\" href=\"https:\/\/www.topohvar.at\/topo\/orte\/sg\/sg-mo-13-2\/\">Pet skulpture \u00bbu podru\u010dju krova ku\u0107a \u0160ime Lubi\u0107a\u00ab \/ f\u00fcnf Figuren am Dach des Hauses\u00a0\u0160ime Lubi\u0107<\/a><br \/>\n<\/span><span style=\"color: #3366ff;\"><a style=\"color: #3366ff;\" href=\"https:\/\/www.topohvar.at\/topo\/orte\/sg\/sg-is-36-2\/\"><strong>Vi\u0161e o Don \u0160ime Ljubi\u0107a<\/strong> &#8211; spomen plo\u0107a \/ <strong>Mehr \u00fcber Don \u0160ime Ljubi\u0107<\/strong> &#8211; Gedenktafel<\/a><\/span><br \/>\n<a href=\"https:\/\/www.topohvar.at\/topo\/orte\/sg\/sg-ck-02-2\/\"><span style=\"color: #3366ff;\">Mauzolej Don \u0160ime Ljubi\u0107a \/ Mausoleum des Don \u0160ime Ljubi\u0107<\/span><\/a><br \/>\n<a href=\"https:\/\/www.topohvar.at\/topo\/orte\/sg\/sg-mo-07-2\/\"><span style=\"color: #3366ff;\">Bista \u00bbDon \u0160ime Ljubi\u0107a\u00ab \/ B\u00fcste des\u00a0Don \u0160ime Ljubi\u0107<\/span><\/a><br \/>\n<span style=\"color: #3366ff;\"><a style=\"color: #3366ff;\" href=\"https:\/\/www.topohvar.at\/topo\/orte\/sg\/sg-tg-18-1\/\">Rodna ku\u0107a \u0160ime Ljubi\u0107a \/ Geburtshaus des Don \u0160ime Ljubi\u0107<\/a><\/span><\/p>\n","protected":false},"excerpt":{"rendered":"<p>Ime \/ Name Pala\u010da \u00bbDon \u0160ime Ljubi\u0107 (Tadi\u0107)\u00ab \/ Palast Don \u0160ime Ljubi\u0107 (Tadi\u0107) Code: SG-TG-04\u00a0 \u00a0 \u00a0 \u00a0 \u00a0 \u00a0 \u00a0 \u00a0 \u00a0 \u00a0 \u00a0 \u00a0 \u00a0 \u00a0 \u00a0 \u00a0 \u00a0 \u00a0\u00a0 \u00a0 Adresa \/ Adresse Stari Grad, \u0160etali\u0161te &hellip; <a href=\"https:\/\/www.topohvar.at\/topo\/orte\/sg\/sg-tg-04-1\/\">Weiterlesen <span class=\"meta-nav\">&rarr;<\/span><\/a><\/p>\n","protected":false},"author":1,"featured_media":0,"parent":99,"menu_order":0,"comment_status":"closed","ping_status":"closed","template":"","meta":{"footnotes":""},"class_list":["post-4266","page","type-page","status-publish","hentry"],"_links":{"self":[{"href":"https:\/\/www.topohvar.at\/topo\/wp-json\/wp\/v2\/pages\/4266","targetHints":{"allow":["GET"]}}],"collection":[{"href":"https:\/\/www.topohvar.at\/topo\/wp-json\/wp\/v2\/pages"}],"about":[{"href":"https:\/\/www.topohvar.at\/topo\/wp-json\/wp\/v2\/types\/page"}],"author":[{"embeddable":true,"href":"https:\/\/www.topohvar.at\/topo\/wp-json\/wp\/v2\/users\/1"}],"replies":[{"embeddable":true,"href":"https:\/\/www.topohvar.at\/topo\/wp-json\/wp\/v2\/comments?post=4266"}],"version-history":[{"count":19,"href":"https:\/\/www.topohvar.at\/topo\/wp-json\/wp\/v2\/pages\/4266\/revisions"}],"predecessor-version":[{"id":48244,"href":"https:\/\/www.topohvar.at\/topo\/wp-json\/wp\/v2\/pages\/4266\/revisions\/48244"}],"up":[{"embeddable":true,"href":"https:\/\/www.topohvar.at\/topo\/wp-json\/wp\/v2\/pages\/99"}],"wp:attachment":[{"href":"https:\/\/www.topohvar.at\/topo\/wp-json\/wp\/v2\/media?parent=4266"}],"curies":[{"name":"wp","href":"https:\/\/api.w.org\/{rel}","templated":true}]}}