{"id":4272,"date":"2018-08-10T13:42:24","date_gmt":"2018-08-10T11:42:24","guid":{"rendered":"https:\/\/www.topohvar.at\/?page_id=4272"},"modified":"2021-04-19T12:08:07","modified_gmt":"2021-04-19T10:08:07","slug":"sg-tg-06-1","status":"publish","type":"page","link":"https:\/\/www.topohvar.at\/topo\/orte\/sg\/sg-tg-06-1\/","title":{"rendered":"STARI GRAD &#8211; Ku\u0107a \u00bbSklop ku\u0107a Bervaldi Gelineo\u00ab"},"content":{"rendered":"<p><a name=\"seite_oben\"><\/a><br \/>\n<img loading=\"lazy\" decoding=\"async\" class=\"alignnone wp-image-29132 size-large\" src=\"https:\/\/www.topohvar.at\/wp-content\/uploads\/2020\/01\/sg-tg-06-11-1024x503.jpg\" alt=\"\" width=\"640\" height=\"314\" srcset=\"https:\/\/www.topohvar.at\/wp-content\/uploads\/2020\/01\/sg-tg-06-11-1024x503.jpg 1024w, https:\/\/www.topohvar.at\/wp-content\/uploads\/2020\/01\/sg-tg-06-11-300x147.jpg 300w, https:\/\/www.topohvar.at\/wp-content\/uploads\/2020\/01\/sg-tg-06-11-768x377.jpg 768w, https:\/\/www.topohvar.at\/wp-content\/uploads\/2020\/01\/sg-tg-06-11.jpg 1080w\" sizes=\"auto, (max-width: 640px) 100vw, 640px\" \/><\/p>\n<p><strong>Ime \/ Name<br \/>\n<\/strong>Ku\u0107a \u00bbSklop ku\u0107a Bervaldi Gelineo\u00ab \/ Geb\u00e4udekomplex Bervaldi Gelineo<\/p>\n<p><strong>Code: <\/strong>SG-TG-06\u00a0 \u00a0 \u00a0 \u00a0 \u00a0 \u00a0 \u00a0 \u00a0 \u00a0 \u00a0 \u00a0 \u00a0 \u00a0 \u00a0 \u00a0 \u00a0 \u00a0 \u00a0<a href=\"https:\/\/www.topohvar.at\/orte\/sg\/sg-tg-07-1\/\"><img loading=\"lazy\" decoding=\"async\" class=\"alignnone wp-image-12300 size-full\" src=\"https:\/\/www.topohvar.at\/wp-content\/uploads\/2018\/09\/push-vor-30.jpg\" alt=\"\" width=\"61\" height=\"30\" \/><\/a>\u00a0<strong><a href=\"https:\/\/www.topohvar.at\/orte\/sg\/sg-tg-12-1\/\"><img loading=\"lazy\" decoding=\"async\" class=\"alignnone wp-image-533 size-full\" src=\"https:\/\/www.topohvar.at\/wp-content\/uploads\/2018\/07\/push-l-30.jpg\" alt=\"\" width=\"61\" height=\"30\" \/><\/a> <a href=\"https:\/\/www.topohvar.at\/orte\/sg\/\"><img loading=\"lazy\" decoding=\"async\" class=\"alignnone wp-image-535 size-full\" src=\"https:\/\/www.topohvar.at\/wp-content\/uploads\/2018\/07\/push-o-30.jpg\" alt=\"\" width=\"61\" height=\"30\" \/><\/a> <a href=\"https:\/\/www.topohvar.at\/orte\/sg\/sg-tg-39-1\/\"><img loading=\"lazy\" decoding=\"async\" class=\"alignnone wp-image-536 size-full\" src=\"https:\/\/www.topohvar.at\/wp-content\/uploads\/2018\/07\/push-r-30.jpg\" alt=\"\" width=\"61\" height=\"30\" \/><\/a>\u00a0<a href=\"https:\/\/www.topohvar.at\/orte\/sg\/sg-tg-26-1\/\"><img loading=\"lazy\" decoding=\"async\" class=\"alignnone wp-image-12299 size-full\" src=\"https:\/\/www.topohvar.at\/wp-content\/uploads\/2018\/09\/push-next-30.jpg\" alt=\"\" width=\"61\" height=\"30\" \/><\/a><\/strong><\/p>\n<hr \/>\n<p><strong>Adresa \/ Adresse<br \/>\n<\/strong>Stari Grad, Ulica Ru\u0111era Bo\u0161kovi\u0107a<\/p>\n<p><strong>Lokacija \/ Position<a href=\"https:\/\/goo.gl\/maps\/69uNDeyg78bNsSRg7\"><img loading=\"lazy\" decoding=\"async\" class=\"alignright wp-image-2331\" src=\"https:\/\/www.topohvar.at\/wp-content\/uploads\/2018\/08\/0541.jpg\" alt=\"\" width=\"134\" height=\"100\" \/><\/a><br \/>\n<\/strong><span style=\"color: #3366ff;\"><a style=\"color: #3366ff;\" href=\"https:\/\/goo.gl\/maps\/69uNDeyg78bNsSRg7\">Latitude: N 43,18330\u00b0\u00a0 \u00a0Longitude: E 16,59979\u00b0<\/a> <\/span><strong><br \/>\n<\/strong>Visina \/ H\u00f6he: 3 m<\/p>\n<p><strong>Katastarska \u010destica \/ Grundst\u00fccke<br \/>\n<\/strong>*629\/2<div class='content-column one_half'><div style=\"padding-right:6px;\"><p><strong>Datum snimanja \/ Erfassungsdatum<br \/>\n<\/strong>22.05.2013 16:19:20<\/p>\n<hr \/>\n<p><strong>Informacije<\/strong><\/p>\n<p>Ljetnikovac obitelji Dujmiceo, kasnije Gelineo-Bervaldi, i danas se isti\u010de velikim, ogra\u0111enim dvori\u0161tem te nadsvo\u0111enim prolazima i terasom. Sagra\u0111en je krajem 16. ili po\u010detkom 17. stolje\u0107a, a u kasnije je znatno preina\u010den, posebno na isto\u010dnom dijelu. Prostrani gospodarski dijelovi sklopa koji komuniciraju s dvori\u0161tem svjed\u010dce o gospodarskoj snazi ove obitelji.<\/p><\/div><\/div><div class='content-column one_half last_column'><div style=\"padding-right:0px;padding-left:6px;\"><p><strong>Stupanj za\u0161tite \/ Schutzstellung<br \/>\n<\/strong>&#8211;<\/p>\n<hr \/>\n<p><strong>Info<\/strong><\/p>\n<p>Am Sommerhaus der Familie Dujmiceo, sp\u00e4ter Gelineo-Bervaldi, f\u00e4llt heute insbesonders sein gro\u00dfer, umz\u00e4unter Hof mit \u00dcbergang und Terrasse auf. Das Haus wurde am Ende des 16. oder zu Beginn des 17. Jahrhunderts erbaut und sp\u00e4ter, besonders im \u00f6stlichen Teil, erheblich ver\u00e4ndert. Die Wirtschaftsr\u00e4umlichkeiten in Verbindung mit dem Hof zeugen von der wirtschaftlichen St\u00e4rke dieser Familie.<\/p><\/div><\/div><div class='clear_column'><\/div><div class='content-column one_half'><div style=\"padding-right:6px;\"><p>Obitelj Bervaldi je bogata starogradska obitelj koja se prvi put spominje krajem XVI. st. Posjednici su velikih imanja (u XVIII. stolje\u0107u posjeduju \u010dak imanja kod trevisa u Italiji), ku\u0107a u Starom Gradu, Hvaru i Visu, naru\u010ditelj su crkvenih oltora (glavni oltar u \u017eupnoj crkvi Sv. Stjepana naru\u010dio je osobno Antun Bervaldi od Pavla Tremignona u Veneciji 1698. godine).<\/p><\/div><\/div><div class='content-column one_half last_column'><div style=\"padding-right:0px;padding-left:6px;\"><p>Die Familie Bervaldi war eine reiche Stari Grader Familie, die erstmals Ende des 16. Jh. erw\u00e4hnt wurde. Die Eigent\u00fcmer waren Gro\u00dfgrundbesitzer (im 18. Jh. hatten sie sogar Besitzungen in der N\u00e4he von Treviso in Italien), hatten H\u00e4user in Stari Grad, Hvar und Vis und stifteten Alt\u00e4re (der Hauptaltar in der Pfarrkirche. St. Stephan wurde im Jahr 1698 von Antun Bervaldi bei Pavla Tremignona in Venezien pers\u00f6nlich bestellt).<\/p><\/div><\/div><div class='clear_column'><\/div><div class='content-column one_half'><div style=\"padding-right:6px;\"><p>Krajem XVIII. st. Bervaldi se povezuju obitelj Gelineo, obitelji trgovaca i brodara. Ku\u0107a Gelineo &#8211; Bervaldi isticala se unutarnjim ure\u0111enjem i udobno\u0161\u0107u, jer su u njoj tijekom XVIII, i XIX. st. odsjedali hvarski biskupia za posjeta Starome Gradu.<\/p><\/div><\/div><div class='content-column one_half last_column'><div style=\"padding-right:0px;padding-left:6px;\"><p>Am Ende des 18. Jh. verbanden sich die Bervaldi mit der Familie Gelineo, einer Familie von H\u00e4ndlern und Reedern. Das Haus Gelineo &#8211; Bervaldi war im Inneren reich dekortiert und komfortabel, weil w\u00e4hrend des 18. und 19. Jh. die Hvarer Bisch\u00f6fe hier abstiegen, um Stari Grad zu besuchen.<\/p><\/div><\/div><div class='clear_column'><\/div><div class='content-column one_half'><div style=\"padding-right:6px;\"><p>Luka Bervaldi Luci\u0107 (Lu\u010di\u0107), Stari Grad, 14. sije\u010dnja 1867. &#8211; Stari Grad, 26. srpnja 1932., je bio hrv. skuplja\u010d narodnih pjesama i hrvatski pjesnik i pisac.<\/p><\/div><\/div><div class='content-column one_half last_column'><div style=\"padding-right:0px;padding-left:6px;\"><p>Luka Bervaldi Luci\u0107 (Lu\u010di\u0107), geboren in Stari Grad am 14. 1. 1867, gestorben an 26. 7. 1932 in Stari Grad, war ein Sammler von Volksliedern, kroatischer Dichter und Schriftsteller.<\/p><\/div><\/div><div class='clear_column'><\/div><div class='content-column one_half'><div style=\"padding-right:6px;\"><p>Josip Bervaldi (Stari Grad, 30. prosinca 1871. &#8211; Split, 6. lipnja 1943.) je bio hrvatski katoli\u010dki sve\u0107enik, crkveni povjesni\u010dar i arheolog.<\/p><\/div><\/div><div class='content-column one_half last_column'><div style=\"padding-right:0px;padding-left:6px;\"><p>Josip Bervaldi (Stari Grad, 30. Dezember 1871 &#8211; Split, 6. Juni 1943) war kroatischer katholischer Priester, Kirchenhistoriker und Arch\u00e4ologe.<\/p><\/div><\/div><div class='clear_column'><\/div><\/p>\n<p style=\"text-align: right;\"><a href=\"#seite_oben\">natrag na vrh \/ Seitenanfang<\/a><\/p>\n<hr \/>\n<p><strong>Linkovi \/ Links<\/strong><\/p>\n<p><span style=\"color: #3366ff;\"><a style=\"color: #3366ff;\" href=\"https:\/\/www.topohvar.at\/topo\/orte\/sg\/sg-tg-03-1\/\">Salon Gelineo-Bervaldi\u00a0u gradskom muzeju \/ Salon Gelineo-Bervaldi im Stadtmuseum<\/a><br \/>\n<a style=\"color: #3366ff;\" href=\"https:\/\/www.topohvar.at\/topo\/orte\/sg\/sg-cs-07-2\/\">Kapelica \u00bbSv. Vinko Veronskog\u00ab \/ Bildstock des hl. Vincents von Verona<\/a><\/span><\/p>\n","protected":false},"excerpt":{"rendered":"<p>Ime \/ Name Ku\u0107a \u00bbSklop ku\u0107a Bervaldi Gelineo\u00ab \/ Geb\u00e4udekomplex Bervaldi Gelineo Code: SG-TG-06\u00a0 \u00a0 \u00a0 \u00a0 \u00a0 \u00a0 \u00a0 \u00a0 \u00a0 \u00a0 \u00a0 \u00a0 \u00a0 \u00a0 \u00a0 \u00a0 \u00a0 \u00a0\u00a0 \u00a0 Adresa \/ Adresse Stari Grad, Ulica Ru\u0111era Bo\u0161kovi\u0107a &hellip; <a href=\"https:\/\/www.topohvar.at\/topo\/orte\/sg\/sg-tg-06-1\/\">Weiterlesen <span class=\"meta-nav\">&rarr;<\/span><\/a><\/p>\n","protected":false},"author":1,"featured_media":0,"parent":99,"menu_order":0,"comment_status":"closed","ping_status":"closed","template":"","meta":{"footnotes":""},"class_list":["post-4272","page","type-page","status-publish","hentry"],"_links":{"self":[{"href":"https:\/\/www.topohvar.at\/topo\/wp-json\/wp\/v2\/pages\/4272","targetHints":{"allow":["GET"]}}],"collection":[{"href":"https:\/\/www.topohvar.at\/topo\/wp-json\/wp\/v2\/pages"}],"about":[{"href":"https:\/\/www.topohvar.at\/topo\/wp-json\/wp\/v2\/types\/page"}],"author":[{"embeddable":true,"href":"https:\/\/www.topohvar.at\/topo\/wp-json\/wp\/v2\/users\/1"}],"replies":[{"embeddable":true,"href":"https:\/\/www.topohvar.at\/topo\/wp-json\/wp\/v2\/comments?post=4272"}],"version-history":[{"count":15,"href":"https:\/\/www.topohvar.at\/topo\/wp-json\/wp\/v2\/pages\/4272\/revisions"}],"predecessor-version":[{"id":48247,"href":"https:\/\/www.topohvar.at\/topo\/wp-json\/wp\/v2\/pages\/4272\/revisions\/48247"}],"up":[{"embeddable":true,"href":"https:\/\/www.topohvar.at\/topo\/wp-json\/wp\/v2\/pages\/99"}],"wp:attachment":[{"href":"https:\/\/www.topohvar.at\/topo\/wp-json\/wp\/v2\/media?parent=4272"}],"curies":[{"name":"wp","href":"https:\/\/api.w.org\/{rel}","templated":true}]}}