{"id":4276,"date":"2018-08-10T13:45:15","date_gmt":"2018-08-10T11:45:15","guid":{"rendered":"https:\/\/www.topohvar.at\/?page_id=4276"},"modified":"2021-04-19T12:10:56","modified_gmt":"2021-04-19T10:10:56","slug":"sg-tg-15-1","status":"publish","type":"page","link":"https:\/\/www.topohvar.at\/topo\/orte\/sg\/sg-tg-15-1\/","title":{"rendered":"STARI GRAD &#8211; Ku\u0107a \u00bbLjetnikovac Gariboldi\u00ab"},"content":{"rendered":"<p><a name=\"seite_oben\"><\/a><br \/>\n<img loading=\"lazy\" decoding=\"async\" class=\"alignnone wp-image-4221 size-large\" src=\"https:\/\/www.topohvar.at\/wp-content\/uploads\/2018\/08\/sg-tg-15-0-1024x503.jpg\" alt=\"\" width=\"640\" height=\"314\" srcset=\"https:\/\/www.topohvar.at\/wp-content\/uploads\/2018\/08\/sg-tg-15-0-1024x503.jpg 1024w, https:\/\/www.topohvar.at\/wp-content\/uploads\/2018\/08\/sg-tg-15-0-300x147.jpg 300w, https:\/\/www.topohvar.at\/wp-content\/uploads\/2018\/08\/sg-tg-15-0-768x377.jpg 768w, https:\/\/www.topohvar.at\/wp-content\/uploads\/2018\/08\/sg-tg-15-0.jpg 1080w\" sizes=\"auto, (max-width: 640px) 100vw, 640px\" \/><\/p>\n<p><strong>Ime \/ Name<br \/>\n<\/strong>Ku\u0107a \u00bbLjetnikovac Gariboldi (Furlanovih)\u00ab \/ Sommerhaus Gariboldi (Furlanovih)<\/p>\n<p><strong>Code: <\/strong>SG-TG-15\u00a0 \u00a0 \u00a0 \u00a0 \u00a0 \u00a0 \u00a0 \u00a0 \u00a0 \u00a0 \u00a0 \u00a0 \u00a0 \u00a0 \u00a0 \u00a0 \u00a0 \u00a0<a href=\"https:\/\/www.topohvar.at\/orte\/sg\/sg-tg-07-1\/\"><img loading=\"lazy\" decoding=\"async\" class=\"alignnone wp-image-12300 size-full\" src=\"https:\/\/www.topohvar.at\/wp-content\/uploads\/2018\/09\/push-vor-30.jpg\" alt=\"\" width=\"61\" height=\"30\" \/><\/a>\u00a0<strong><a href=\"https:\/\/www.topohvar.at\/orte\/sg\/sg-tg-18-1\/\"><img loading=\"lazy\" decoding=\"async\" class=\"alignnone wp-image-533 size-full\" src=\"https:\/\/www.topohvar.at\/wp-content\/uploads\/2018\/07\/push-l-30.jpg\" alt=\"\" width=\"61\" height=\"30\" \/><\/a> <a href=\"https:\/\/www.topohvar.at\/orte\/sg\/\"><img loading=\"lazy\" decoding=\"async\" class=\"alignnone wp-image-535 size-full\" src=\"https:\/\/www.topohvar.at\/wp-content\/uploads\/2018\/07\/push-o-30.jpg\" alt=\"\" width=\"61\" height=\"30\" \/><\/a> <a href=\"https:\/\/www.topohvar.at\/orte\/sg\/sg-tg-25-1\/\"><img loading=\"lazy\" decoding=\"async\" class=\"alignnone wp-image-536 size-full\" src=\"https:\/\/www.topohvar.at\/wp-content\/uploads\/2018\/07\/push-r-30.jpg\" alt=\"\" width=\"61\" height=\"30\" \/><\/a>\u00a0<a href=\"https:\/\/www.topohvar.at\/orte\/sg\/sg-tg-26-1\/\"><img loading=\"lazy\" decoding=\"async\" class=\"alignnone wp-image-12299 size-full\" src=\"https:\/\/www.topohvar.at\/wp-content\/uploads\/2018\/09\/push-next-30.jpg\" alt=\"\" width=\"61\" height=\"30\" \/><\/a><\/strong><\/p>\n<hr \/>\n<p><strong>Adresa \/ Adresse<br \/>\n<\/strong>Stari Grad, Srinjo Kola 18<\/p>\n<p><strong>Lokacija \/ Position<a href=\"https:\/\/goo.gl\/maps\/qimiad9m6o6WS6ZG6\"><img loading=\"lazy\" decoding=\"async\" class=\"alignright wp-image-2525\" src=\"https:\/\/www.topohvar.at\/wp-content\/uploads\/2018\/08\/0566.jpg\" alt=\"\" width=\"133\" height=\"100\" \/><\/a><br \/>\n<\/strong><span style=\"color: #3366ff;\"><a style=\"color: #3366ff;\" href=\"https:\/\/goo.gl\/maps\/qimiad9m6o6WS6ZG6\">Latitude: N 43,18365\u00b0\u00a0 \u00a0Longitude: E 16,59746\u00b0<\/a> <\/span><strong><br \/>\n<\/strong>Visina \/ H\u00f6he: 2 m<\/p>\n<p><strong>Katastarska \u010destica \/ Grundst\u00fccke<br \/>\n<\/strong>*357<div class='content-column one_half'><div style=\"padding-right:6px;\"><p><strong>Datum snimanja \/ Erfassungsdatum<br \/>\n<\/strong>22.05.2015 17:47:17<\/p>\n<hr \/>\n<p><strong>Informacije<\/strong><\/p>\n<p>Obitelj Gariboldi, koja je po\u010detkom 16. stolje\u0107a doselila iz Milan a u Hvar, imala je, osim ku\u0107e s izrazitim ladanjskim elementima u Hvaru te ljetnikovca u Visu, i ljetnikovac u Starom Gradu. Vjerojatno je ovaj ljetnikovac podigao ljekarnik Frano Gariboldi, prijatelj Hanibala Luci\u0107a, koji je u kratkom vremenu stekao velika imanja na Visu i Hvaru. O graditeljima ljetnikovca, obitelji Gariboldi svjedo\u010di njihov grb, \u010detiri zvijezde iznad tvr\u0111ave, uzidan iznad dvori\u0161nog portala.<\/p><\/div><\/div><div class='content-column one_half last_column'><div style=\"padding-right:0px;padding-left:6px;\"><p><strong>Stupanj za\u0161tite \/ Schutzstellung<br \/>\n<\/strong>&#8211;<\/p>\n<hr \/>\n<p><strong>Info<\/strong><\/p>\n<p>Die Familie Gariboldi, die im fr\u00fchen 16. Jahrhundert von Mailand nach Hvar zog, hatte neben dem Haus mit ausgesprochen l\u00e4ndlichen Elementen in Hvar und dem Herrenhaus in Vis eine Sommerresidenz in Stari Grad. Wahrscheinlich wurde dieses Haus von dem Apotheker Frano Gariboldi, einem Freund des Hanibal Luci\u0107, errichtet, der in kurzer Zeit gro\u00dfe G\u00fcter auf Vis und Hvar erwarb. \u00dcber die Erbauer des Hauses, die Familie Gariboldi, zeugt ihr Wappen mit den vier Sternen, das am Haus \u00fcber dem Hofportal errichtet wurde.<\/p><\/div><\/div><div class='clear_column'><\/div><\/p>\n<p style=\"text-align: right;\"><a href=\"#seite_oben\">natrag na vrh \/ Seitenanfang<\/a><\/p>\n<hr \/>\n<p><strong>Linkovi \/ Links<\/strong><\/p>\n<p><span style=\"color: #3366ff;\"><a style=\"color: #3366ff;\" href=\"https:\/\/www.topohvar.at\/topo\/orte\/sg\/sg-ig-02-2\/\">Grb\u00a0obitelji Gariboldi \/ Wappen der Familie Gariboldi<\/a><br \/>\n<a style=\"color: #3366ff;\" href=\"https:\/\/www.topohvar.at\/topo\/orte\/sg\/sg-pu-05-2\/\">Objekt \u00bbSrinjo kola\u00ab<\/a><br \/>\n<a style=\"color: #3366ff;\" href=\"https:\/\/www.topohvar.at\/topo\/orte\/hv\/hv-tg-92-1\/\">Hvar &#8211; Ku\u0107a \/ Haus \u00bbGariboldi\u00ab<\/a><br \/>\n<\/span><\/p>\n","protected":false},"excerpt":{"rendered":"<p>Ime \/ Name Ku\u0107a \u00bbLjetnikovac Gariboldi (Furlanovih)\u00ab \/ Sommerhaus Gariboldi (Furlanovih) Code: SG-TG-15\u00a0 \u00a0 \u00a0 \u00a0 \u00a0 \u00a0 \u00a0 \u00a0 \u00a0 \u00a0 \u00a0 \u00a0 \u00a0 \u00a0 \u00a0 \u00a0 \u00a0 \u00a0\u00a0 \u00a0 Adresa \/ Adresse Stari Grad, Srinjo Kola 18 Lokacija &hellip; <a href=\"https:\/\/www.topohvar.at\/topo\/orte\/sg\/sg-tg-15-1\/\">Weiterlesen <span class=\"meta-nav\">&rarr;<\/span><\/a><\/p>\n","protected":false},"author":1,"featured_media":0,"parent":99,"menu_order":0,"comment_status":"closed","ping_status":"closed","template":"","meta":{"footnotes":""},"class_list":["post-4276","page","type-page","status-publish","hentry"],"_links":{"self":[{"href":"https:\/\/www.topohvar.at\/topo\/wp-json\/wp\/v2\/pages\/4276","targetHints":{"allow":["GET"]}}],"collection":[{"href":"https:\/\/www.topohvar.at\/topo\/wp-json\/wp\/v2\/pages"}],"about":[{"href":"https:\/\/www.topohvar.at\/topo\/wp-json\/wp\/v2\/types\/page"}],"author":[{"embeddable":true,"href":"https:\/\/www.topohvar.at\/topo\/wp-json\/wp\/v2\/users\/1"}],"replies":[{"embeddable":true,"href":"https:\/\/www.topohvar.at\/topo\/wp-json\/wp\/v2\/comments?post=4276"}],"version-history":[{"count":13,"href":"https:\/\/www.topohvar.at\/topo\/wp-json\/wp\/v2\/pages\/4276\/revisions"}],"predecessor-version":[{"id":48250,"href":"https:\/\/www.topohvar.at\/topo\/wp-json\/wp\/v2\/pages\/4276\/revisions\/48250"}],"up":[{"embeddable":true,"href":"https:\/\/www.topohvar.at\/topo\/wp-json\/wp\/v2\/pages\/99"}],"wp:attachment":[{"href":"https:\/\/www.topohvar.at\/topo\/wp-json\/wp\/v2\/media?parent=4276"}],"curies":[{"name":"wp","href":"https:\/\/api.w.org\/{rel}","templated":true}]}}