{"id":4278,"date":"2018-08-10T13:46:37","date_gmt":"2018-08-10T11:46:37","guid":{"rendered":"https:\/\/www.topohvar.at\/?page_id=4278"},"modified":"2024-03-19T16:32:59","modified_gmt":"2024-03-19T15:32:59","slug":"sg-tg-25-1","status":"publish","type":"page","link":"https:\/\/www.topohvar.at\/topo\/orte\/sg\/sg-tg-25-1\/","title":{"rendered":"STARI GRAD &#8211; Ku\u0107a \u00bbRanogoti\u010dka ku\u0107a\u00ab"},"content":{"rendered":"<p><a name=\"seite_oben\"><\/a><br \/>\n<img loading=\"lazy\" decoding=\"async\" class=\"alignnone wp-image-4232 size-large\" src=\"https:\/\/www.topohvar.at\/wp-content\/uploads\/2018\/08\/SG-TG-25-0-1024x503.jpg\" alt=\"\" width=\"640\" height=\"314\" srcset=\"https:\/\/www.topohvar.at\/wp-content\/uploads\/2018\/08\/SG-TG-25-0-1024x503.jpg 1024w, https:\/\/www.topohvar.at\/wp-content\/uploads\/2018\/08\/SG-TG-25-0-300x147.jpg 300w, https:\/\/www.topohvar.at\/wp-content\/uploads\/2018\/08\/SG-TG-25-0-768x377.jpg 768w, https:\/\/www.topohvar.at\/wp-content\/uploads\/2018\/08\/SG-TG-25-0.jpg 1080w\" sizes=\"auto, (max-width: 640px) 100vw, 640px\" \/><\/p>\n<p><strong>Ime \/ Name<br \/>\n<\/strong>Ku\u0107a \u00bbRanogoti\u010dka ku\u0107a\u00ab \/ fr\u00fchgotisches Haus<\/p>\n<p><strong>Code: <\/strong>SG-TG-25\u00a0 \u00a0 \u00a0 \u00a0 \u00a0 \u00a0 \u00a0 \u00a0 \u00a0 \u00a0 \u00a0 \u00a0 \u00a0 \u00a0 \u00a0 \u00a0 \u00a0 \u00a0<a href=\"https:\/\/www.topohvar.at\/orte\/sg\/sg-tg-07-1\/\"><img loading=\"lazy\" decoding=\"async\" class=\"alignnone wp-image-12300 size-full\" src=\"https:\/\/www.topohvar.at\/wp-content\/uploads\/2018\/09\/push-vor-30.jpg\" alt=\"\" width=\"61\" height=\"30\" \/><\/a>\u00a0<strong><a href=\"https:\/\/www.topohvar.at\/orte\/sg\/sg-tg-15-1\/\"><img loading=\"lazy\" decoding=\"async\" class=\"alignnone wp-image-533 size-full\" src=\"https:\/\/www.topohvar.at\/wp-content\/uploads\/2018\/07\/push-l-30.jpg\" alt=\"\" width=\"61\" height=\"30\" \/><\/a> <a href=\"https:\/\/www.topohvar.at\/orte\/sg\/\"><img loading=\"lazy\" decoding=\"async\" class=\"alignnone wp-image-535 size-full\" src=\"https:\/\/www.topohvar.at\/wp-content\/uploads\/2018\/07\/push-o-30.jpg\" alt=\"\" width=\"61\" height=\"30\" \/><\/a> <a href=\"https:\/\/www.topohvar.at\/orte\/sg\/sg-tg-27-1\/\"><img loading=\"lazy\" decoding=\"async\" class=\"alignnone wp-image-536 size-full\" src=\"https:\/\/www.topohvar.at\/wp-content\/uploads\/2018\/07\/push-r-30.jpg\" alt=\"\" width=\"61\" height=\"30\" \/><\/a>\u00a0<a href=\"https:\/\/www.topohvar.at\/orte\/sg\/sg-tg-26-1\/\"><img loading=\"lazy\" decoding=\"async\" class=\"alignnone wp-image-12299 size-full\" src=\"https:\/\/www.topohvar.at\/wp-content\/uploads\/2018\/09\/push-next-30.jpg\" alt=\"\" width=\"61\" height=\"30\" \/><\/a><\/strong><\/p>\n<hr \/>\n<p><strong>Adresa \/ Adresse<br \/>\n<\/strong>Stari Grad, Srinjo Kola 33<\/p>\n<p><strong>Lokacija \/ Position<a href=\"https:\/\/goo.gl\/maps\/YPfEPWFE3MuUWpKx9\"><img loading=\"lazy\" decoding=\"async\" class=\"alignright wp-image-4446\" src=\"https:\/\/www.topohvar.at\/wp-content\/uploads\/2018\/08\/1463.jpg\" alt=\"\" width=\"134\" height=\"100\" \/><\/a><br \/>\n<\/strong><span style=\"color: #3366ff;\"><a style=\"color: #3366ff;\" href=\"https:\/\/goo.gl\/maps\/YPfEPWFE3MuUWpKx9\">Latitude: N 43,18360\u00b0\u00a0 \u00a0Longitude: E 16,59798\u00b0<\/a> <\/span><strong><br \/>\n<\/strong>Visina \/ H\u00f6he: 3 m<\/p>\n<p><strong>Katastarska \u010destica \/ Grundst\u00fccke<br \/>\n<\/strong>*348\/3<div class='content-column one_half'><div style=\"padding-right:6px;\"><p><strong>Datum snimanja \/ Erfassungsdatum<br \/>\n<\/strong>06.05.2017 14:38:00<\/p>\n<hr \/>\n<p><strong>Informacije<\/strong><\/p>\n<p>Najstarija ku\u0107a u cesti je ranogoti\u010dka, iz XIV\/XV. st. Nalazi se nasuprot Galerije Ljubi\u0107.<\/p><\/div><\/div><div class='content-column one_half last_column'><div style=\"padding-right:0px;padding-left:6px;\"><p><strong>Stupanj za\u0161tite \/ Schutzstellung<br \/>\n<\/strong>&#8211;<\/p>\n<hr \/>\n<p><strong>Info<\/strong><\/p>\n<p>Das \u00e4lteste Haus in der Srinjo Kola ist fr\u00fchgotisch, aus dem 14.\/15. Jh. Es liegt gegen\u00fcber der Galerie Ljubi\u0107.<\/p><\/div><\/div><div class='clear_column'><\/div><div class='content-column one_half'><div style=\"padding-right:6px;\"><div id=\"attachment_65484\" style=\"width: 278px\" class=\"wp-caption aligncenter\"><img loading=\"lazy\" decoding=\"async\" aria-describedby=\"caption-attachment-65484\" class=\"wp-image-65484\" src=\"https:\/\/www.topohvar.at\/wp-content\/uploads\/2024\/03\/sg-tg-25-21.jpg\" alt=\"\" width=\"268\" height=\"480\" srcset=\"https:\/\/www.topohvar.at\/wp-content\/uploads\/2024\/03\/sg-tg-25-21.jpg 300w, https:\/\/www.topohvar.at\/wp-content\/uploads\/2024\/03\/sg-tg-25-21-168x300.jpg 168w\" sizes=\"auto, (max-width: 268px) 100vw, 268px\" \/><p id=\"caption-attachment-65484\" class=\"wp-caption-text\">Prozor na katu \/ Fenster im Obergscho\u00df<\/p><\/div><\/div><\/div><div class='content-column one_half last_column'><div style=\"padding-right:0px;padding-left:6px;\"><div id=\"attachment_65485\" style=\"width: 310px\" class=\"wp-caption aligncenter\"><img loading=\"lazy\" decoding=\"async\" aria-describedby=\"caption-attachment-65485\" class=\"size-full wp-image-65485\" src=\"https:\/\/www.topohvar.at\/wp-content\/uploads\/2024\/03\/sg-tg-25-23.jpg\" alt=\"\" width=\"300\" height=\"389\" srcset=\"https:\/\/www.topohvar.at\/wp-content\/uploads\/2024\/03\/sg-tg-25-23.jpg 300w, https:\/\/www.topohvar.at\/wp-content\/uploads\/2024\/03\/sg-tg-25-23-231x300.jpg 231w\" sizes=\"auto, (max-width: 300px) 100vw, 300px\" \/><p id=\"caption-attachment-65485\" class=\"wp-caption-text\">Stotinjak metara dalje, u ku\u0107i u Ulici Ljudevita Gaja broj 4, ugra\u0111en je prozor s gotovo identi\u010dnim goti\u010dkim lukom.<br \/>&#8211; \/ &#8211;<br \/>Etwa 100 m weiter, im Haus Ulica Ljudevita Gaja Nr. 4,\u00a0 wurde ein Fenster mit nahezu identem gotischen Bogen eingebaut.<\/p><\/div><\/div><\/div><div class='clear_column'><\/div><\/p>\n<p style=\"text-align: right;\"><a href=\"#seite_oben\">natrag na vrh \/ Seitenanfang<\/a><\/p>\n<hr \/>\n<p><strong>Linkovi \/ Links<\/strong><\/p>\n<p><span style=\"color: #3366ff;\"><a style=\"color: #3366ff;\" href=\"https:\/\/www.topohvar.at\/topo\/orte\/sg\/sg-pu-05-2\/\">Objekt \u00bbSrinjo kola\u00ab<\/a><\/span><\/p>\n","protected":false},"excerpt":{"rendered":"<p>Ime \/ Name Ku\u0107a \u00bbRanogoti\u010dka ku\u0107a\u00ab \/ fr\u00fchgotisches Haus Code: SG-TG-25\u00a0 \u00a0 \u00a0 \u00a0 \u00a0 \u00a0 \u00a0 \u00a0 \u00a0 \u00a0 \u00a0 \u00a0 \u00a0 \u00a0 \u00a0 \u00a0 \u00a0 \u00a0\u00a0 \u00a0 Adresa \/ Adresse Stari Grad, Srinjo Kola 33 Lokacija \/ Position &hellip; <a href=\"https:\/\/www.topohvar.at\/topo\/orte\/sg\/sg-tg-25-1\/\">Weiterlesen <span class=\"meta-nav\">&rarr;<\/span><\/a><\/p>\n","protected":false},"author":1,"featured_media":0,"parent":99,"menu_order":0,"comment_status":"closed","ping_status":"closed","template":"","meta":{"footnotes":""},"class_list":["post-4278","page","type-page","status-publish","hentry"],"_links":{"self":[{"href":"https:\/\/www.topohvar.at\/topo\/wp-json\/wp\/v2\/pages\/4278","targetHints":{"allow":["GET"]}}],"collection":[{"href":"https:\/\/www.topohvar.at\/topo\/wp-json\/wp\/v2\/pages"}],"about":[{"href":"https:\/\/www.topohvar.at\/topo\/wp-json\/wp\/v2\/types\/page"}],"author":[{"embeddable":true,"href":"https:\/\/www.topohvar.at\/topo\/wp-json\/wp\/v2\/users\/1"}],"replies":[{"embeddable":true,"href":"https:\/\/www.topohvar.at\/topo\/wp-json\/wp\/v2\/comments?post=4278"}],"version-history":[{"count":16,"href":"https:\/\/www.topohvar.at\/topo\/wp-json\/wp\/v2\/pages\/4278\/revisions"}],"predecessor-version":[{"id":65489,"href":"https:\/\/www.topohvar.at\/topo\/wp-json\/wp\/v2\/pages\/4278\/revisions\/65489"}],"up":[{"embeddable":true,"href":"https:\/\/www.topohvar.at\/topo\/wp-json\/wp\/v2\/pages\/99"}],"wp:attachment":[{"href":"https:\/\/www.topohvar.at\/topo\/wp-json\/wp\/v2\/media?parent=4278"}],"curies":[{"name":"wp","href":"https:\/\/api.w.org\/{rel}","templated":true}]}}