{"id":42799,"date":"2020-11-05T06:47:53","date_gmt":"2020-11-05T05:47:53","guid":{"rendered":"https:\/\/www.topohvar.at\/topo\/?page_id=42799"},"modified":"2022-10-25T10:28:28","modified_gmt":"2022-10-25T08:28:28","slug":"bo-tr-17-2","status":"publish","type":"page","link":"https:\/\/www.topohvar.at\/topo\/orte\/bo\/bo-tr-17-2\/","title":{"rendered":"BOGOMOLJE &#8211; Trim \u00bbBO-TR-17\u00ab"},"content":{"rendered":"<p><a name=\"seite_oben\"><\/a><br \/>\n<strong><img loading=\"lazy\" decoding=\"async\" class=\"aligncenter wp-image-61093 size-full\" src=\"https:\/\/www.topohvar.at\/wp-content\/uploads\/2022\/10\/bo-tr-17-10.jpg\" alt=\"\" width=\"1080\" height=\"530\" srcset=\"https:\/\/www.topohvar.at\/wp-content\/uploads\/2022\/10\/bo-tr-17-10.jpg 1080w, https:\/\/www.topohvar.at\/wp-content\/uploads\/2022\/10\/bo-tr-17-10-300x147.jpg 300w, https:\/\/www.topohvar.at\/wp-content\/uploads\/2022\/10\/bo-tr-17-10-1024x503.jpg 1024w, https:\/\/www.topohvar.at\/wp-content\/uploads\/2022\/10\/bo-tr-17-10-768x377.jpg 768w\" sizes=\"auto, (max-width: 1080px) 100vw, 1080px\" \/><\/strong><\/p>\n<p><strong>Ime \/ Name<br \/>\n<\/strong>Trim \u00bbBO-TR-17\u00ab<\/p>\n<p><strong>Code: <\/strong>BO-TR-17\u00a0 \u00a0 \u00a0 \u00a0 \u00a0 \u00a0 \u00a0 \u00a0 \u00a0 \u00a0 \u00a0 \u00a0 \u00a0 \u00a0 <a href=\"https:\/\/www.topohvar.at\/orte\/bo\/bo-tr-00-1\/\"><img loading=\"lazy\" decoding=\"async\" class=\"alignnone wp-image-12300 size-full\" src=\"https:\/\/www.topohvar.at\/wp-content\/uploads\/2018\/09\/push-vor-30.jpg\" alt=\"\" width=\"61\" height=\"30\" \/><\/a>\u00a0<strong><a href=\"https:\/\/www.topohvar.at\/orte\/bo\/bo-tr-14-2\/\"><img loading=\"lazy\" decoding=\"async\" class=\"alignnone wp-image-533 size-full\" src=\"https:\/\/www.topohvar.at\/wp-content\/uploads\/2018\/07\/push-l-30.jpg\" alt=\"\" width=\"61\" height=\"30\" \/><\/a> <a href=\"https:\/\/www.topohvar.at\/orte\/bo\/\"><img loading=\"lazy\" decoding=\"async\" class=\"alignnone wp-image-535 size-full\" src=\"https:\/\/www.topohvar.at\/wp-content\/uploads\/2018\/07\/push-o-30.jpg\" alt=\"\" width=\"61\" height=\"30\" \/><\/a> <a href=\"https:\/\/www.topohvar.at\/orte\/bo\/bo-tr-18-2\/\"><img loading=\"lazy\" decoding=\"async\" class=\"alignnone wp-image-536 size-full\" src=\"https:\/\/www.topohvar.at\/wp-content\/uploads\/2018\/07\/push-r-30.jpg\" alt=\"\" width=\"61\" height=\"30\" \/><\/a><\/strong><\/p>\n<hr \/>\n<p><strong>Adresa \/ Adresse<br \/>\n<\/strong>Bogomolje, u blizini putu prema U. Smokvine \/ nahe des Weges zur Bucht Smokvina<\/p>\n<p><strong>Lokacija \/ Position<a href=\"https:\/\/goo.gl\/maps\/mgTakBa2By5bvegv6\"><img loading=\"lazy\" decoding=\"async\" class=\"alignright wp-image-42800\" src=\"https:\/\/www.topohvar.at\/wp-content\/uploads\/2020\/11\/2925.jpg\" alt=\"\" width=\"133\" height=\"100\" \/><\/a><br \/>\n<\/strong><a href=\"https:\/\/goo.gl\/maps\/mgTakBa2By5bvegv6\"><span style=\"color: #3366ff;\">Latitude: N 43,12779\u00b0\u00a0 \u00a0Longitude: E 17,01350\u00b0<\/span><\/a> <strong><br \/>\n<\/strong>Visina \/ H\u00f6he: 225 m<\/p>\n<p><strong>Katastarska \u010destica \/ Grundst\u00fccke<br \/>\n<\/strong>3960\/79<div class='content-column one_half'><div style=\"padding-right:6px;\"><p><strong>Datum snimanja \/ Erfassungsdatum<br \/>\n<\/strong>23.09.2022 08:42:07<\/p>\n<hr \/>\n<p><strong>Informacije<\/strong><\/p>\n<p>Kru\u017eni trim nalazi se u \u0161ipra\u017eju sjeverno od ceste za uvalu Smokvina. Lijevi bok mu je zaglavljen u gomili kamenja, kameni zid spaja se sa stra\u017enjom stranom. Dvostupanjski trim s ravnim krovom izgra\u0111en je vrlo pa\u017eljivo na kamenitom tlu. U kru\u017enom interijeru nalazi se zidna ni\u0161a. Trim je u vrlo dobrom stanju i jo\u0161 uvijek bi se trebala koristiti.<\/p><\/div><\/div><div class='content-column one_half last_column'><div style=\"padding-right:0px;padding-left:6px;\"><p><strong>Stupanj za\u0161tite \/ Schutzstellung<br \/>\n<\/strong>&#8211;<\/p>\n<hr \/>\n<p><strong>Info<\/strong><\/p>\n<p>Der kreisrunde Trim befindet sich im Buschwerk n\u00f6rdlich der Stra\u00dfe zur Bucht Smokvina. Seine linke Seite steckt in einem Steinhaufen, seine R\u00fcckseite grenzt an eine Steinmauer. Der zweistufige Trim mit ebenem Dach wurde sehr sorgf\u00e4ltig auf felsigem Untergrund errichtet. Im kreisrunden Innenraum findet sich eine Wandnische. Der Trim ist sehr gut erhalten und d\u00fcrfte noch genutzt werden.<\/p><\/div><\/div><div class='clear_column'><\/div><div class='content-column one_half'><div style=\"padding-right:6px;\"><p>Izvor: Hrvatska osnovna karta\u00a0&#8211; Geoportal DGU<\/p><\/div><\/div><div class='content-column one_half last_column'><div style=\"padding-right:0px;padding-left:6px;\"><p>Quelle: Grundkarte Kroatiens\u00a0&#8211; Geoportal DGU<\/p><\/div><\/div><div class='clear_column'><\/div><div class='content-column one_half'><div style=\"padding-right:6px;\"><div id=\"attachment_61559\" style=\"width: 310px\" class=\"wp-caption aligncenter\"><img loading=\"lazy\" decoding=\"async\" aria-describedby=\"caption-attachment-61559\" class=\"size-medium wp-image-61559\" src=\"https:\/\/www.topohvar.at\/wp-content\/uploads\/2022\/10\/bo-tr-17-21-300x300.jpg\" alt=\"\" width=\"300\" height=\"300\" srcset=\"https:\/\/www.topohvar.at\/wp-content\/uploads\/2022\/10\/bo-tr-17-21-300x300.jpg 300w, https:\/\/www.topohvar.at\/wp-content\/uploads\/2022\/10\/bo-tr-17-21-150x150.jpg 150w, https:\/\/www.topohvar.at\/wp-content\/uploads\/2022\/10\/bo-tr-17-21.jpg 450w\" sizes=\"auto, (max-width: 300px) 100vw, 300px\" \/><p id=\"caption-attachment-61559\" class=\"wp-caption-text\">Ulaz \/ Eingang<\/p><\/div>\n<p>Dana 23.09.2022 trim BO-TR-17 je posje\u0107en i ustanovljeno je sljede\u0107e:<\/p>\n<p>Lokacija: grmlje<br \/>\nPodloga: stjenovita<br \/>\nPovezan s: kamenim zidom<br \/>\nUpotreba: malo se koristi<br \/>\nStanje: vrlo dobro uzdr\u017eati<br \/>\nBroj stepenica trima: 2<br \/>\nDodatni kameni prsten: nema prstena<br \/>\nStepeni\u0161te: nema<br \/>\nOblik kamena: uglast<br \/>\nPodru\u010dje ispred ulaza: lako dostupno<br \/>\nOrijentacija ulaza: JZ (240\u00b0)<br \/>\nPromjer trima (cm): 430<br \/>\nVisina trima (cm): 280<br \/>\nVisina stepenica (cm): stepenica 1: 210 , stepenica 2: 270<br \/>\nDebljina zida (cm): 75<br \/>\n\u0160irina vrata (cm): 80<br \/>\nVisina vrata (cm): 120<br \/>\n\u0160irina unutra (cm): 270 &#8211; 280<br \/>\nVisina unutra (cm): 280<br \/>\nVolumen iznutra (m3): 11,07<br \/>\nNi\u0161a 1 (P\/\u0160\/V\/D) (cm): 100 \/ 30 \/ 35 \/ 45<\/p><\/div><\/div><div class='content-column one_half last_column'><div style=\"padding-right:0px;padding-left:6px;\"><div id=\"attachment_61560\" style=\"width: 310px\" class=\"wp-caption aligncenter\"><img loading=\"lazy\" decoding=\"async\" aria-describedby=\"caption-attachment-61560\" class=\"size-medium wp-image-61560\" src=\"https:\/\/www.topohvar.at\/wp-content\/uploads\/2022\/10\/bo-tr-17-22-300x300.jpg\" alt=\"\" width=\"300\" height=\"300\" srcset=\"https:\/\/www.topohvar.at\/wp-content\/uploads\/2022\/10\/bo-tr-17-22-300x300.jpg 300w, https:\/\/www.topohvar.at\/wp-content\/uploads\/2022\/10\/bo-tr-17-22-150x150.jpg 150w, https:\/\/www.topohvar.at\/wp-content\/uploads\/2022\/10\/bo-tr-17-22.jpg 450w\" sizes=\"auto, (max-width: 300px) 100vw, 300px\" \/><p id=\"caption-attachment-61560\" class=\"wp-caption-text\">Stra\u017enji dio trima \/ Trimr\u00fcckseite<\/p><\/div>\n<p>Am 23.09.2022 wurde der Trim BO-TR-17 besucht und n\u00e4her untersucht:<\/p>\n<p>Standort: Buschwerk<br \/>\nUntergrund: Fels<br \/>\nVerbunden mit: Steinmauer<br \/>\nNutzung: kaum genutzt<br \/>\nZustand: sehr gut erhalten<br \/>\nAnzahl der Trimstufen: 2<br \/>\nZus\u00e4tzlicher Steinring: kein Steinring<br \/>\nStiege: keine<br \/>\nSteinform: kantig<br \/>\nEingangsbereich: frei<br \/>\nEingangsseite: SW (240\u00b0)<br \/>\nTrimdurchmesser (cm): 430<br \/>\nTrimh\u00f6he (cm): 280<br \/>\nH\u00f6he der Trimstufen (cm): Stufe 1: 210 , Stufe 2: 270<br \/>\nWandst\u00e4rke (cm): 75<br \/>\nT\u00fcrbreite (cm): 80<br \/>\nT\u00fcrh\u00f6he (cm): 120<br \/>\nInnenraumbreite (cm): 270 &#8211; 280<br \/>\nInnenraumh\u00f6he (cm): 280<br \/>\nRaumvolumen (m3): 11,07<br \/>\nNische 1 (P\/B\/H\/T) (cm): 100 \/ 30 \/ 35 \/ 45<\/p><\/div><\/div><div class='clear_column'><\/div><\/p>\n<p><img loading=\"lazy\" decoding=\"async\" class=\"aligncenter size-full wp-image-61522\" src=\"https:\/\/www.topohvar.at\/wp-content\/uploads\/2022\/10\/bo-tr-17-scan.jpg\" alt=\"\" width=\"640\" height=\"952\" srcset=\"https:\/\/www.topohvar.at\/wp-content\/uploads\/2022\/10\/bo-tr-17-scan.jpg 640w, https:\/\/www.topohvar.at\/wp-content\/uploads\/2022\/10\/bo-tr-17-scan-202x300.jpg 202w\" sizes=\"auto, (max-width: 640px) 100vw, 640px\" \/><\/p>\n<p style=\"text-align: right;\"><a href=\"#seite_oben\">natrag na vrh \/ Seitenanfang<\/a><\/p>\n<hr \/>\n<p><strong>Linkovi \/ Links<\/strong><\/p>\n<p>&#8211;<\/p>\n","protected":false},"excerpt":{"rendered":"<p>Ime \/ Name Trim \u00bbBO-TR-17\u00ab Code: BO-TR-17\u00a0 \u00a0 \u00a0 \u00a0 \u00a0 \u00a0 \u00a0 \u00a0 \u00a0 \u00a0 \u00a0 \u00a0 \u00a0 \u00a0 \u00a0 Adresa \/ Adresse Bogomolje, u blizini putu prema U. Smokvine \/ nahe des Weges zur Bucht Smokvina Lokacija \/ &hellip; <a href=\"https:\/\/www.topohvar.at\/topo\/orte\/bo\/bo-tr-17-2\/\">Weiterlesen <span class=\"meta-nav\">&rarr;<\/span><\/a><\/p>\n","protected":false},"author":1,"featured_media":0,"parent":63,"menu_order":0,"comment_status":"closed","ping_status":"closed","template":"","meta":{"footnotes":""},"class_list":["post-42799","page","type-page","status-publish","hentry"],"_links":{"self":[{"href":"https:\/\/www.topohvar.at\/topo\/wp-json\/wp\/v2\/pages\/42799","targetHints":{"allow":["GET"]}}],"collection":[{"href":"https:\/\/www.topohvar.at\/topo\/wp-json\/wp\/v2\/pages"}],"about":[{"href":"https:\/\/www.topohvar.at\/topo\/wp-json\/wp\/v2\/types\/page"}],"author":[{"embeddable":true,"href":"https:\/\/www.topohvar.at\/topo\/wp-json\/wp\/v2\/users\/1"}],"replies":[{"embeddable":true,"href":"https:\/\/www.topohvar.at\/topo\/wp-json\/wp\/v2\/comments?post=42799"}],"version-history":[{"count":18,"href":"https:\/\/www.topohvar.at\/topo\/wp-json\/wp\/v2\/pages\/42799\/revisions"}],"predecessor-version":[{"id":61599,"href":"https:\/\/www.topohvar.at\/topo\/wp-json\/wp\/v2\/pages\/42799\/revisions\/61599"}],"up":[{"embeddable":true,"href":"https:\/\/www.topohvar.at\/topo\/wp-json\/wp\/v2\/pages\/63"}],"wp:attachment":[{"href":"https:\/\/www.topohvar.at\/topo\/wp-json\/wp\/v2\/media?parent=42799"}],"curies":[{"name":"wp","href":"https:\/\/api.w.org\/{rel}","templated":true}]}}