{"id":4280,"date":"2018-08-10T13:47:52","date_gmt":"2018-08-10T11:47:52","guid":{"rendered":"https:\/\/www.topohvar.at\/?page_id=4280"},"modified":"2024-11-01T16:17:39","modified_gmt":"2024-11-01T15:17:39","slug":"sg-tg-23-1","status":"publish","type":"page","link":"https:\/\/www.topohvar.at\/topo\/orte\/sg\/sg-tg-23-1\/","title":{"rendered":"STARI GRAD &#8211; Zgrada gospodarske \u00bbRibarnica\u00ab"},"content":{"rendered":"<p><a name=\"seite_oben\"><\/a><br \/>\n<img loading=\"lazy\" decoding=\"async\" class=\"alignnone wp-image-4229 size-large\" src=\"https:\/\/www.topohvar.at\/wp-content\/uploads\/2018\/08\/sg-tg-23-0-1024x503.jpg\" alt=\"\" width=\"640\" height=\"314\" srcset=\"https:\/\/www.topohvar.at\/wp-content\/uploads\/2018\/08\/sg-tg-23-0-1024x503.jpg 1024w, https:\/\/www.topohvar.at\/wp-content\/uploads\/2018\/08\/sg-tg-23-0-300x147.jpg 300w, https:\/\/www.topohvar.at\/wp-content\/uploads\/2018\/08\/sg-tg-23-0-768x377.jpg 768w, https:\/\/www.topohvar.at\/wp-content\/uploads\/2018\/08\/sg-tg-23-0.jpg 1080w\" sizes=\"auto, (max-width: 640px) 100vw, 640px\" \/><\/p>\n<p><strong>Ime \/ Name<br \/>\n<\/strong>Zgrada gospodarske \u00bbRibarnica\u00ab \/ Wirtschaftsgeb\u00e4ude Fischhalle<\/p>\n<p><strong>Code: <\/strong>SG-TG-23\u00a0 \u00a0 \u00a0 \u00a0 \u00a0 \u00a0 \u00a0 \u00a0 \u00a0 \u00a0 \u00a0 \u00a0 \u00a0 \u00a0 \u00a0 \u00a0 \u00a0 \u00a0<a href=\"https:\/\/www.topohvar.at\/orte\/sg\/sg-tg-26-1\/\"><img loading=\"lazy\" decoding=\"async\" class=\"alignnone wp-image-12300 size-full\" src=\"https:\/\/www.topohvar.at\/wp-content\/uploads\/2018\/09\/push-vor-30.jpg\" alt=\"\" width=\"61\" height=\"30\" \/><\/a>\u00a0<strong><a href=\"https:\/\/www.topohvar.at\/orte\/sg\/sg-tg-43-1\/\"><img loading=\"lazy\" decoding=\"async\" class=\"alignnone wp-image-533 size-full\" src=\"https:\/\/www.topohvar.at\/wp-content\/uploads\/2018\/07\/push-l-30.jpg\" alt=\"\" width=\"61\" height=\"30\" \/><\/a> <a href=\"https:\/\/www.topohvar.at\/orte\/sg\/\"><img loading=\"lazy\" decoding=\"async\" class=\"alignnone wp-image-535 size-full\" src=\"https:\/\/www.topohvar.at\/wp-content\/uploads\/2018\/07\/push-o-30.jpg\" alt=\"\" width=\"61\" height=\"30\" \/><\/a> <a href=\"https:\/\/www.topohvar.at\/orte\/sg\/sg-tg-07-1\/\"><img loading=\"lazy\" decoding=\"async\" class=\"alignnone wp-image-536 size-full\" src=\"https:\/\/www.topohvar.at\/wp-content\/uploads\/2018\/07\/push-r-30.jpg\" alt=\"\" width=\"61\" height=\"30\" \/><\/a>\u00a0<a href=\"https:\/\/www.topohvar.at\/orte\/sg\/sg-tg-03-1\/\"><img loading=\"lazy\" decoding=\"async\" class=\"alignnone wp-image-12299 size-full\" src=\"https:\/\/www.topohvar.at\/wp-content\/uploads\/2018\/09\/push-next-30.jpg\" alt=\"\" width=\"61\" height=\"30\" \/><\/a><\/strong><\/p>\n<hr \/>\n<p><strong>Adresa \/ Adresse<br \/>\n<\/strong>Stari Grad, Trg Stjepana Radi\u0107a<\/p>\n<p><strong>Lokacija \/ Position<a href=\"https:\/\/goo.gl\/maps\/iKKtvj2HK1sJSuhL6\"><img loading=\"lazy\" decoding=\"async\" class=\"alignright wp-image-4462\" src=\"https:\/\/www.topohvar.at\/wp-content\/uploads\/2018\/08\/1048.jpg\" alt=\"\" width=\"133\" height=\"100\" \/><\/a><br \/>\n<\/strong><span style=\"color: #3366ff;\"><a style=\"color: #3366ff;\" href=\"https:\/\/goo.gl\/maps\/iKKtvj2HK1sJSuhL6\">Latitude: N 43,18445\u00b0\u00a0 \u00a0Longitude: E 16,59942\u00b0<\/a> <\/span><strong><br \/>\n<\/strong>Visina \/ H\u00f6he: 1 m<\/p>\n<p><strong>Katastarska \u010destica \/ Grundst\u00fccke<br \/>\n<\/strong>*1255<div class='content-column one_half'><div style=\"padding-right:6px;\"><p><strong>Datum snimanja \/ Erfassungsdatum<br \/>\n<\/strong>24.02.2018 13:32:00<\/p>\n<hr \/>\n<p><strong>Informacije<\/strong><\/p>\n<p>Prema natpisu u temeljnom prostoru na zapadnoj strani objekta, ribarnica je vjerojatno sagra\u0111ena 1894. godine.<\/p><\/div><\/div><div class='content-column one_half last_column'><div style=\"padding-right:0px;padding-left:6px;\"><p><strong>Stupanj za\u0161tite \/ Schutzstellung<br \/>\n<\/strong>&#8211;<\/p>\n<hr \/>\n<p><strong>Info<\/strong><\/p>\n<p>Gem\u00e4\u00df einer Inschrift im Sockelbereich an der westlichen Geb\u00e4udeseite wurde die Fischhalle vermutlich im Jahre 1894 errichtet.<\/p><\/div><\/div><div class='clear_column'><\/div><img loading=\"lazy\" decoding=\"async\" class=\"aligncenter size-full wp-image-69777\" src=\"https:\/\/www.topohvar.at\/wp-content\/uploads\/2024\/11\/sg-tg-23-10.jpg\" alt=\"\" width=\"640\" height=\"118\" srcset=\"https:\/\/www.topohvar.at\/wp-content\/uploads\/2024\/11\/sg-tg-23-10.jpg 640w, https:\/\/www.topohvar.at\/wp-content\/uploads\/2024\/11\/sg-tg-23-10-300x55.jpg 300w\" sizes=\"auto, (max-width: 640px) 100vw, 640px\" \/><\/p>\n<div class='content-column one_half'><div style=\"padding-right:6px;\"><p>Komunalno Stari Grad d.o.o. u sklopu svojih djelatnosti upravlja sa zgradom ribarnice u svome vlasni\u0161tvu na osnovu povjerenih poslova komunalne djelatnosti odr\u017eavanje tr\u017enice na malo od strane Grada Staroga Grada. Prodajni prostor u ribarnici je podijeljen na \u0161est jednakih djelova koji se putem javnog natje\u010daja daju u godi\u0161nji zakup.<\/p><\/div><\/div><div class='content-column one_half last_column'><div style=\"padding-right:0px;padding-left:6px;\"><p>Ein Betrieb der Stadt Stari Grad verwaltet im Rahmen seiner Aktivit\u00e4ten den Bau des Fischmarktes auf Grundlage der ihm anvertrauten Versorgungsaktivit\u00e4ten. Die Verkaufsfl\u00e4che auf dem Fischmarkt ist in sechs gleiche Teile unterteilt, die im Rahmen einer \u00f6ffentlichen Ausschreibung f\u00fcr einen j\u00e4hrlichen Mietvertrag ausgeschrieben werden.<\/p><\/div><\/div><div class='clear_column'><\/div><div class='content-column one_half'><div style=\"padding-right:6px;\"><p>Dvorana ribe zatvorila se 2014. Obnovljena je 2017. godine i ponovno otvorena 2019. godine.<\/p><\/div><\/div><div class='content-column one_half last_column'><div style=\"padding-right:0px;padding-left:6px;\"><p>Die Fischhalle schloss im Jahr 2014. Im Jahr 2017 wurde sie renoviert und 2019 wieder ge\u00f6ffnet.<\/p><\/div><\/div><div class='clear_column'><\/div><\/p>\n<div id=\"attachment_34270\" style=\"width: 650px\" class=\"wp-caption aligncenter\"><img loading=\"lazy\" decoding=\"async\" aria-describedby=\"caption-attachment-34270\" class=\"wp-image-34270 size-large\" src=\"https:\/\/www.topohvar.at\/wp-content\/uploads\/2020\/03\/sg-tg-23-7-1024x503.jpg\" alt=\"\" width=\"640\" height=\"314\" srcset=\"https:\/\/www.topohvar.at\/wp-content\/uploads\/2020\/03\/sg-tg-23-7-1024x503.jpg 1024w, https:\/\/www.topohvar.at\/wp-content\/uploads\/2020\/03\/sg-tg-23-7-300x147.jpg 300w, https:\/\/www.topohvar.at\/wp-content\/uploads\/2020\/03\/sg-tg-23-7-768x377.jpg 768w, https:\/\/www.topohvar.at\/wp-content\/uploads\/2020\/03\/sg-tg-23-7.jpg 1080w\" sizes=\"auto, (max-width: 640px) 100vw, 640px\" \/><p id=\"caption-attachment-34270\" class=\"wp-caption-text\">https:\/\/komunalno-stari-grad.hr\/<\/p><\/div>\n<p style=\"text-align: right;\"><a href=\"#seite_oben\">natrag na vrh \/ Seitenanfang<\/a><\/p>\n<hr \/>\n<p><strong>Linkovi \/ Links<\/strong><\/p>\n<p>&#8211;<\/p>\n","protected":false},"excerpt":{"rendered":"<p>Ime \/ Name Zgrada gospodarske \u00bbRibarnica\u00ab \/ Wirtschaftsgeb\u00e4ude Fischhalle Code: SG-TG-23\u00a0 \u00a0 \u00a0 \u00a0 \u00a0 \u00a0 \u00a0 \u00a0 \u00a0 \u00a0 \u00a0 \u00a0 \u00a0 \u00a0 \u00a0 \u00a0 \u00a0 \u00a0\u00a0 \u00a0 Adresa \/ Adresse Stari Grad, Trg Stjepana Radi\u0107a Lokacija \/ Position &hellip; <a href=\"https:\/\/www.topohvar.at\/topo\/orte\/sg\/sg-tg-23-1\/\">Weiterlesen <span class=\"meta-nav\">&rarr;<\/span><\/a><\/p>\n","protected":false},"author":1,"featured_media":0,"parent":99,"menu_order":0,"comment_status":"closed","ping_status":"closed","template":"","meta":{"footnotes":""},"class_list":["post-4280","page","type-page","status-publish","hentry"],"_links":{"self":[{"href":"https:\/\/www.topohvar.at\/topo\/wp-json\/wp\/v2\/pages\/4280","targetHints":{"allow":["GET"]}}],"collection":[{"href":"https:\/\/www.topohvar.at\/topo\/wp-json\/wp\/v2\/pages"}],"about":[{"href":"https:\/\/www.topohvar.at\/topo\/wp-json\/wp\/v2\/types\/page"}],"author":[{"embeddable":true,"href":"https:\/\/www.topohvar.at\/topo\/wp-json\/wp\/v2\/users\/1"}],"replies":[{"embeddable":true,"href":"https:\/\/www.topohvar.at\/topo\/wp-json\/wp\/v2\/comments?post=4280"}],"version-history":[{"count":18,"href":"https:\/\/www.topohvar.at\/topo\/wp-json\/wp\/v2\/pages\/4280\/revisions"}],"predecessor-version":[{"id":69778,"href":"https:\/\/www.topohvar.at\/topo\/wp-json\/wp\/v2\/pages\/4280\/revisions\/69778"}],"up":[{"embeddable":true,"href":"https:\/\/www.topohvar.at\/topo\/wp-json\/wp\/v2\/pages\/99"}],"wp:attachment":[{"href":"https:\/\/www.topohvar.at\/topo\/wp-json\/wp\/v2\/media?parent=4280"}],"curies":[{"name":"wp","href":"https:\/\/api.w.org\/{rel}","templated":true}]}}