{"id":42835,"date":"2020-11-05T07:47:51","date_gmt":"2020-11-05T06:47:51","guid":{"rendered":"https:\/\/www.topohvar.at\/topo\/?page_id=42835"},"modified":"2022-10-25T11:48:07","modified_gmt":"2022-10-25T09:48:07","slug":"bo-tr-10-2","status":"publish","type":"page","link":"https:\/\/www.topohvar.at\/topo\/orte\/bo\/bo-tr-10-2\/","title":{"rendered":"BOGOMOLJE &#8211; Trim \u00bbBO-TR-10\u00ab"},"content":{"rendered":"<p><a name=\"seite_oben\"><\/a><br \/>\n<strong><img loading=\"lazy\" decoding=\"async\" class=\"aligncenter wp-image-60899 size-full\" src=\"https:\/\/www.topohvar.at\/wp-content\/uploads\/2022\/10\/bo-tr-10-10.jpg\" alt=\"\" width=\"1080\" height=\"530\" srcset=\"https:\/\/www.topohvar.at\/wp-content\/uploads\/2022\/10\/bo-tr-10-10.jpg 1080w, https:\/\/www.topohvar.at\/wp-content\/uploads\/2022\/10\/bo-tr-10-10-300x147.jpg 300w, https:\/\/www.topohvar.at\/wp-content\/uploads\/2022\/10\/bo-tr-10-10-1024x503.jpg 1024w, https:\/\/www.topohvar.at\/wp-content\/uploads\/2022\/10\/bo-tr-10-10-768x377.jpg 768w\" sizes=\"auto, (max-width: 1080px) 100vw, 1080px\" \/><\/strong><\/p>\n<p><strong>Ime \/ Name<br \/>\n<\/strong>Trim \u00bbBO-TR-10\u00ab<\/p>\n<p><strong>Code: <\/strong>BO-TR-10\u00a0 \u00a0 \u00a0 \u00a0 \u00a0 \u00a0 \u00a0 \u00a0 \u00a0 \u00a0 \u00a0 \u00a0 \u00a0 \u00a0 <a href=\"https:\/\/www.topohvar.at\/orte\/bo\/bo-tr-00-1\/\"><img loading=\"lazy\" decoding=\"async\" class=\"alignnone wp-image-12300 size-full\" src=\"https:\/\/www.topohvar.at\/wp-content\/uploads\/2018\/09\/push-vor-30.jpg\" alt=\"\" width=\"61\" height=\"30\" \/><\/a>\u00a0<strong><a href=\"https:\/\/www.topohvar.at\/orte\/bo\/bo-tr-09-2\/\"><img loading=\"lazy\" decoding=\"async\" class=\"alignnone wp-image-533 size-full\" src=\"https:\/\/www.topohvar.at\/wp-content\/uploads\/2018\/07\/push-l-30.jpg\" alt=\"\" width=\"61\" height=\"30\" \/><\/a> <a href=\"https:\/\/www.topohvar.at\/orte\/bo\/\"><img loading=\"lazy\" decoding=\"async\" class=\"alignnone wp-image-535 size-full\" src=\"https:\/\/www.topohvar.at\/wp-content\/uploads\/2018\/07\/push-o-30.jpg\" alt=\"\" width=\"61\" height=\"30\" \/><\/a> <a href=\"https:\/\/www.topohvar.at\/orte\/bo\/bo-tr-11-2\/\"><img loading=\"lazy\" decoding=\"async\" class=\"alignnone wp-image-536 size-full\" src=\"https:\/\/www.topohvar.at\/wp-content\/uploads\/2018\/07\/push-r-30.jpg\" alt=\"\" width=\"61\" height=\"30\" \/><\/a><\/strong><\/p>\n<hr \/>\n<p><strong>Adresa \/ Adresse<br \/>\n<\/strong>Bogomolje<\/p>\n<p><strong>Lokacija \/ Position<a href=\"https:\/\/goo.gl\/maps\/tNiwGAhtd1uJfbEe7\"><img loading=\"lazy\" decoding=\"async\" class=\"alignright wp-image-42838\" src=\"https:\/\/www.topohvar.at\/wp-content\/uploads\/2020\/11\/2919.jpg\" alt=\"\" width=\"133\" height=\"100\" \/><\/a><br \/>\n<\/strong><a href=\"https:\/\/goo.gl\/maps\/tNiwGAhtd1uJfbEe7\"><span style=\"color: #3366ff;\">Latitude: N 43,13566\u00b0\u00a0 \u00a0Longitude: E 17,03947\u00b0<\/span><\/a> <strong><br \/>\n<\/strong>Visina \/ H\u00f6he: 155 m<\/p>\n<p><strong>Katastarska \u010destica \/ Grundst\u00fccke<br \/>\n<\/strong>4163<div class='content-column one_half'><div style=\"padding-right:6px;\"><p><strong>Datum snimanja \/ Erfassungsdatum<br \/>\n<\/strong>19.09.2022 12:25:38<\/p>\n<hr \/>\n<p><strong>Informacije<\/strong><\/p>\n<p>Dvostupanjski trim nalazi se u \u0161umi isto\u010dno od sela, blizu granice sa selom Selca. Uklopljena je u kameni zid, koji se pojavljuje kao kameni prsten na stra\u017enjoj strani, a tako\u0111er se prote\u017ee kao kameni prsten s desne strane do ulaza. Pod u unutra\u0161njosti nije ravan i ima nekoliko kamenih stepenica. Trim je relativno dobro o\u010duvan, ali se vi\u0161e ne koristi.<\/p><\/div><\/div><div class='content-column one_half last_column'><div style=\"padding-right:0px;padding-left:6px;\"><p><strong>Stupanj za\u0161tite \/ Schutzstellung<br \/>\n<\/strong>&#8211;<\/p>\n<hr \/>\n<p><strong>Info<\/strong><\/p>\n<p>Der zweistufige Trim befindet sich im Wald \u00f6stlich der Ortschaft, nahe der Grenze zur Ortschaft Selca. Er ist in eine Steinmauer integriert, die sich an seiner R\u00fcckseite als Steinring darstellt und ebenso als Steinring an seiner rechten Seite bis zum Eingang erstreckt. Der Boden im Innenraum ist nicht eben und weist mehrere Felsstufen auf. Der Trim ist relativ gut erhalten, wird aber nicht mehr genutzt.<\/p><\/div><\/div><div class='clear_column'><\/div><div class='content-column one_half'><div style=\"padding-right:6px;\"><p>Izvor: Hrvatska osnovna karta\u00a0&#8211; Geoportal DGU<\/p><\/div><\/div><div class='content-column one_half last_column'><div style=\"padding-right:0px;padding-left:6px;\"><p>Quelle: Grundkarte Kroatiens\u00a0&#8211; Geoportal DGU<\/p><\/div><\/div><div class='clear_column'><\/div><div class='content-column one_half'><div style=\"padding-right:6px;\"><div id=\"attachment_61579\" style=\"width: 310px\" class=\"wp-caption aligncenter\"><img loading=\"lazy\" decoding=\"async\" aria-describedby=\"caption-attachment-61579\" class=\"size-medium wp-image-61579\" src=\"https:\/\/www.topohvar.at\/wp-content\/uploads\/2022\/10\/bo-tr-10-21-300x300.jpg\" alt=\"\" width=\"300\" height=\"300\" srcset=\"https:\/\/www.topohvar.at\/wp-content\/uploads\/2022\/10\/bo-tr-10-21-300x300.jpg 300w, https:\/\/www.topohvar.at\/wp-content\/uploads\/2022\/10\/bo-tr-10-21-150x150.jpg 150w, https:\/\/www.topohvar.at\/wp-content\/uploads\/2022\/10\/bo-tr-10-21.jpg 450w\" sizes=\"auto, (max-width: 300px) 100vw, 300px\" \/><p id=\"caption-attachment-61579\" class=\"wp-caption-text\">Ulaz \/ Eingang<\/p><\/div>\n<p>Dana 19.09.2022 trim BO-TR-10 je posje\u0107en i ustanovljeno je sljede\u0107e:<\/p>\n<p>Lokacija: \u0161uma<br \/>\nPodloga: ravna<br \/>\nPovezan s: kamenim zidom<br \/>\nUpotreba: ne koristi se<br \/>\nStanje: dobro sa\u010duvan<br \/>\nBroj stepenica trima: 2<br \/>\nDodatni kameni prsten: prsten djelomi\u010dno<br \/>\nStepeni\u0161te: nema<br \/>\nOblik kamena: uglast<br \/>\nPodru\u010dje ispred ulaza: zaraslo<br \/>\nOrijentacija ulaza: Z (270\u00b0)<br \/>\nPromjer trima (cm): 450<br \/>\nVisina trima (cm): 310<br \/>\nVisina stepenica (cm): stepenica 1: 150 , stepenica 2: 250<br \/>\nDebljina zida (cm): 90<br \/>\n\u0160irina vrata (cm): 70<br \/>\nVisina vrata (cm): 110<br \/>\n\u0160irina unutra (cm): 250 &#8211; 270<br \/>\nVisina unutra (cm): 290<br \/>\nVolumen iznutra (m3): 10,57<br \/>\nNema ni\u0161e<\/p><\/div><\/div><div class='content-column one_half last_column'><div style=\"padding-right:0px;padding-left:6px;\"><div id=\"attachment_61580\" style=\"width: 310px\" class=\"wp-caption aligncenter\"><img loading=\"lazy\" decoding=\"async\" aria-describedby=\"caption-attachment-61580\" class=\"size-medium wp-image-61580\" src=\"https:\/\/www.topohvar.at\/wp-content\/uploads\/2022\/10\/bo-tr-10-22-300x300.jpg\" alt=\"\" width=\"300\" height=\"300\" srcset=\"https:\/\/www.topohvar.at\/wp-content\/uploads\/2022\/10\/bo-tr-10-22-300x300.jpg 300w, https:\/\/www.topohvar.at\/wp-content\/uploads\/2022\/10\/bo-tr-10-22-150x150.jpg 150w, https:\/\/www.topohvar.at\/wp-content\/uploads\/2022\/10\/bo-tr-10-22.jpg 450w\" sizes=\"auto, (max-width: 300px) 100vw, 300px\" \/><p id=\"caption-attachment-61580\" class=\"wp-caption-text\">Prsten s desne strane \/ Ring an der rechten Seite<\/p><\/div>\n<p>Am 19.09.2022 wurde der Trim BO-TR-10 besucht und n\u00e4her untersucht:<\/p>\n<p>Standort: Wald<br \/>\nUntergrund: eben<br \/>\nVerbunden mit: Steinmauer<br \/>\nNutzung: ungenutzt<br \/>\nZustand: gut erhalten<br \/>\nAnzahl der Trimstufen: 2<br \/>\nZus\u00e4tzlicher Steinring: Steinring teilweise<br \/>\nStiege: keine<br \/>\nSteinform: kantig<br \/>\nEingangsbereich: verwachsen<br \/>\nEingangsseite: W (270\u00b0)<br \/>\nTrimdurchmesser (cm): 450<br \/>\nTrimh\u00f6he (cm): 310<br \/>\nH\u00f6he der Trimstufen (cm): Stufe 1: 150 , Stufe 2: 250<br \/>\nWandst\u00e4rke (cm): 90<br \/>\nT\u00fcrbreite (cm): 70<br \/>\nT\u00fcrh\u00f6he (cm): 110<br \/>\nInnenraumbreite (cm): 250 &#8211; 270<br \/>\nInnenraumh\u00f6he (cm): 290<br \/>\nRaumvolumen (m3): 10,57<br \/>\nKeine Nische<\/p><\/div><\/div><div class='clear_column'><\/div><\/p>\n<p><img loading=\"lazy\" decoding=\"async\" class=\"aligncenter size-full wp-image-61535\" src=\"https:\/\/www.topohvar.at\/wp-content\/uploads\/2022\/10\/bo-tr-10-scan.jpg\" alt=\"\" width=\"640\" height=\"959\" srcset=\"https:\/\/www.topohvar.at\/wp-content\/uploads\/2022\/10\/bo-tr-10-scan.jpg 640w, https:\/\/www.topohvar.at\/wp-content\/uploads\/2022\/10\/bo-tr-10-scan-200x300.jpg 200w\" sizes=\"auto, (max-width: 640px) 100vw, 640px\" \/><\/p>\n<p style=\"text-align: right;\"><a href=\"#seite_oben\">natrag na vrh \/ Seitenanfang<\/a><\/p>\n<hr \/>\n<p><strong>Linkovi \/ Links<\/strong><\/p>\n<p>&#8211;<\/p>\n","protected":false},"excerpt":{"rendered":"<p>Ime \/ Name Trim \u00bbBO-TR-10\u00ab Code: BO-TR-10\u00a0 \u00a0 \u00a0 \u00a0 \u00a0 \u00a0 \u00a0 \u00a0 \u00a0 \u00a0 \u00a0 \u00a0 \u00a0 \u00a0 \u00a0 Adresa \/ Adresse Bogomolje Lokacija \/ Position Latitude: N 43,13566\u00b0\u00a0 \u00a0Longitude: E 17,03947\u00b0 Visina \/ H\u00f6he: 155 m Katastarska &hellip; <a href=\"https:\/\/www.topohvar.at\/topo\/orte\/bo\/bo-tr-10-2\/\">Weiterlesen <span class=\"meta-nav\">&rarr;<\/span><\/a><\/p>\n","protected":false},"author":1,"featured_media":0,"parent":63,"menu_order":0,"comment_status":"closed","ping_status":"closed","template":"","meta":{"footnotes":""},"class_list":["post-42835","page","type-page","status-publish","hentry"],"_links":{"self":[{"href":"https:\/\/www.topohvar.at\/topo\/wp-json\/wp\/v2\/pages\/42835","targetHints":{"allow":["GET"]}}],"collection":[{"href":"https:\/\/www.topohvar.at\/topo\/wp-json\/wp\/v2\/pages"}],"about":[{"href":"https:\/\/www.topohvar.at\/topo\/wp-json\/wp\/v2\/types\/page"}],"author":[{"embeddable":true,"href":"https:\/\/www.topohvar.at\/topo\/wp-json\/wp\/v2\/users\/1"}],"replies":[{"embeddable":true,"href":"https:\/\/www.topohvar.at\/topo\/wp-json\/wp\/v2\/comments?post=42835"}],"version-history":[{"count":10,"href":"https:\/\/www.topohvar.at\/topo\/wp-json\/wp\/v2\/pages\/42835\/revisions"}],"predecessor-version":[{"id":61605,"href":"https:\/\/www.topohvar.at\/topo\/wp-json\/wp\/v2\/pages\/42835\/revisions\/61605"}],"up":[{"embeddable":true,"href":"https:\/\/www.topohvar.at\/topo\/wp-json\/wp\/v2\/pages\/63"}],"wp:attachment":[{"href":"https:\/\/www.topohvar.at\/topo\/wp-json\/wp\/v2\/media?parent=42835"}],"curies":[{"name":"wp","href":"https:\/\/api.w.org\/{rel}","templated":true}]}}