{"id":42862,"date":"2020-11-05T16:52:22","date_gmt":"2020-11-05T15:52:22","guid":{"rendered":"https:\/\/www.topohvar.at\/topo\/?page_id=42862"},"modified":"2022-10-15T18:11:09","modified_gmt":"2022-10-15T16:11:09","slug":"sb-tr-09-1","status":"publish","type":"page","link":"https:\/\/www.topohvar.at\/topo\/orte\/sb\/sb-tr-09-1\/","title":{"rendered":"SELCA KOD BOGOMOLJA &#8211; Trim (Torijun) \u00bbSB-TR-09\u00ab"},"content":{"rendered":"<p><a name=\"seite_oben\"><\/a><br \/>\n<strong><img loading=\"lazy\" decoding=\"async\" class=\"aligncenter wp-image-60728 size-full\" src=\"https:\/\/www.topohvar.at\/wp-content\/uploads\/2022\/09\/sb-tr-09-01.jpg\" alt=\"\" width=\"1080\" height=\"530\" srcset=\"https:\/\/www.topohvar.at\/wp-content\/uploads\/2022\/09\/sb-tr-09-01.jpg 1080w, https:\/\/www.topohvar.at\/wp-content\/uploads\/2022\/09\/sb-tr-09-01-300x147.jpg 300w, https:\/\/www.topohvar.at\/wp-content\/uploads\/2022\/09\/sb-tr-09-01-1024x503.jpg 1024w, https:\/\/www.topohvar.at\/wp-content\/uploads\/2022\/09\/sb-tr-09-01-768x377.jpg 768w\" sizes=\"auto, (max-width: 1080px) 100vw, 1080px\" \/><\/strong><\/p>\n<p><strong>Ime \/ Name<br \/>\n<\/strong>Trim \u00bbSB-TR-09\u00ab<\/p>\n<p><strong>Code: <\/strong>SB-TR-09\u00a0 \u00a0 \u00a0 \u00a0 \u00a0 \u00a0 \u00a0 \u00a0 \u00a0 \u00a0 \u00a0 \u00a0 \u00a0 \u00a0 <a href=\"https:\/\/www.topohvar.at\/orte\/sb\/sb-tr-00-1\/\"><img loading=\"lazy\" decoding=\"async\" class=\"alignnone wp-image-12300 size-full\" src=\"https:\/\/www.topohvar.at\/wp-content\/uploads\/2018\/09\/push-vor-30.jpg\" alt=\"\" width=\"61\" height=\"30\" \/><\/a>\u00a0<strong><a href=\"https:\/\/www.topohvar.at\/orte\/sb\/sb-tr-14-1\/\"><img loading=\"lazy\" decoding=\"async\" class=\"alignnone wp-image-533 size-full\" src=\"https:\/\/www.topohvar.at\/wp-content\/uploads\/2018\/07\/push-l-30.jpg\" alt=\"\" width=\"61\" height=\"30\" \/><\/a> <a href=\"https:\/\/www.topohvar.at\/orte\/sb\/\"><img loading=\"lazy\" decoding=\"async\" class=\"alignnone wp-image-535 size-full\" src=\"https:\/\/www.topohvar.at\/wp-content\/uploads\/2018\/07\/push-o-30.jpg\" alt=\"\" width=\"61\" height=\"30\" \/><\/a> <a href=\"https:\/\/www.topohvar.at\/orte\/sb\/sb-tr-15-1\/\"><img loading=\"lazy\" decoding=\"async\" class=\"alignnone wp-image-536 size-full\" src=\"https:\/\/www.topohvar.at\/wp-content\/uploads\/2018\/07\/push-r-30.jpg\" alt=\"\" width=\"61\" height=\"30\" \/><\/a><\/strong><\/p>\n<hr \/>\n<p><strong>Adresa \/ Adresse<br \/>\n<\/strong>Selca kod Bogomolja<\/p>\n<p><strong>Lokacija \/ Position<a href=\"https:\/\/goo.gl\/maps\/KHWMf9fcph6iWeXz5\"><img loading=\"lazy\" decoding=\"async\" class=\"alignright wp-image-42867\" src=\"https:\/\/www.topohvar.at\/wp-content\/uploads\/2020\/11\/2933-1.jpg\" alt=\"\" width=\"133\" height=\"100\" \/><\/a><br \/>\n<\/strong><span style=\"color: #3366ff;\"><a style=\"color: #3366ff;\" href=\"https:\/\/goo.gl\/maps\/KHWMf9fcph6iWeXz5\">Latitude: N 43,13600\u00b0\u00a0 \u00a0Longitude: E 17,04467\u00b0<\/a><\/span> <strong><br \/>\n<\/strong>Visina \/ H\u00f6he: 149 m<\/p>\n<p><strong>Katastarska \u010destica \/ Grundst\u00fccke<br \/>\n<\/strong>4194\/378<div class='content-column one_half'><div style=\"padding-right:6px;\"><p><strong>Datum snimanja \/ Erfassungsdatum<br \/>\n<\/strong>17.09.2022 12:48:02<\/p>\n<hr \/>\n<p><strong>Informacije<\/strong><\/p>\n<p>Prekrasan trim nalazi se malo sjevernije od DC-116 u gustom grmlju. Prednjim dijelom zavr\u0161ava u kutu s lijeve strane, a s desne strane prelazi u kameni zid. Sa stra\u017enje strane, 8 konzolnih stepenica vodi do prve stepenice trima. U ulaznom dijelu nalazi se ve\u0107e kamenje. Zid u ovalnoj unutra\u0161njosti fugiran je u donjem dijelu. Ovdje se nalaze dvije zidne ni\u0161e. Trim je u dobrom stanju ali se vi\u0161e ne koristi.<\/p><\/div><\/div><div class='content-column one_half last_column'><div style=\"padding-right:0px;padding-left:6px;\"><p><strong>Stupanj za\u0161tite \/ Schutzstellung<br \/>\n<\/strong>&#8211;<\/p>\n<hr \/>\n<p><strong>Info<\/strong><\/p>\n<p>Der sch\u00f6ne Trim befindet sich etwas weiter n\u00f6rdlich der DC-116 im dichten Buschwerk. Seine Vorderseite endet links mit einer Kante und geht rechts in eine Steinmauer \u00fcber. An seiner R\u00fcckseite f\u00fchren 8 Kragstufen auf die erste Stufe des Trims. Im Eingangsbereich liegen gr\u00f6\u00dfere Steine. Die Wand im ovalen Innenraum ist im unteren Bereich verfugt. Hier finden sich auch zwei Wandnischen. Der Trim ist gut erhalten, wird aber nicht mehr genutzt.<\/p><\/div><\/div><div class='clear_column'><\/div><div class='content-column one_half'><div style=\"padding-right:6px;\"><p>Izvor: Hrvatska osnovna karta\u00a0&#8211; Geoportal DGU<\/p><\/div><\/div><div class='content-column one_half last_column'><div style=\"padding-right:0px;padding-left:6px;\"><p>Quelle: Grundkarte Kroatiens\u00a0&#8211; Geoportal DGU<\/p><\/div><\/div><div class='clear_column'><\/div><div class='content-column one_half'><div style=\"padding-right:6px;\"><div id=\"attachment_61469\" style=\"width: 310px\" class=\"wp-caption aligncenter\"><img loading=\"lazy\" decoding=\"async\" aria-describedby=\"caption-attachment-61469\" class=\"size-medium wp-image-61469\" src=\"https:\/\/www.topohvar.at\/wp-content\/uploads\/2022\/10\/sb-tr-09-12-300x300.jpg\" alt=\"\" width=\"300\" height=\"300\" srcset=\"https:\/\/www.topohvar.at\/wp-content\/uploads\/2022\/10\/sb-tr-09-12-300x300.jpg 300w, https:\/\/www.topohvar.at\/wp-content\/uploads\/2022\/10\/sb-tr-09-12-150x150.jpg 150w, https:\/\/www.topohvar.at\/wp-content\/uploads\/2022\/10\/sb-tr-09-12.jpg 450w\" sizes=\"auto, (max-width: 300px) 100vw, 300px\" \/><p id=\"caption-attachment-61469\" class=\"wp-caption-text\">Ulaz \/ Eingang<\/p><\/div>\n<p>Dana 17.09.2022 trim SB-TR-09 je posje\u0107en i ustanovljeno je sljede\u0107e:<\/p>\n<p>Lokacija: grmlje<br \/>\nPodloga: ravna<br \/>\nPovezan s: kamenim zidom<br \/>\nUpotreba: ne koristi se<br \/>\nStanje: vrlo dobro uzdr\u017eati<br \/>\nBroj stepenica trima: 2<br \/>\nDodatni kameni prsten: nema<br \/>\nStepeni\u0161te: konzolne stepenice<br \/>\nOblik kamena: uglast<br \/>\nPodru\u010dje ispred ulaza: kamenito<br \/>\nOrijentacija ulaza: Z (270\u00b0)<br \/>\nPromjer trima (cm): 470<br \/>\nVisina trima (cm): 260<br \/>\nVisina stepenica (cm): stepenica 1: 140 , stepenica 2: 240<br \/>\nDebljina zida (cm): 110<br \/>\n\u0160irina vrata (cm): 70<br \/>\nVisina vrata (cm): 100<br \/>\n\u0160irina unutra (cm): 240 &#8211; 250<br \/>\nVisina unutra (cm): 230<br \/>\nVolumen iznutra (m3): 6,86<br \/>\nNi\u0161a 1 (P\/\u0160\/V\/D) (cm): 60 \/ 35 \/ 35 \/ 35<br \/>\nni\u0161a 2 (P\/\u0160\/V\/D) (cm): 50 \/ 35 \/ 35 \/ 35<\/p><\/div><\/div><div class='content-column one_half last_column'><div style=\"padding-right:0px;padding-left:6px;\"><div id=\"attachment_61470\" style=\"width: 310px\" class=\"wp-caption aligncenter\"><img loading=\"lazy\" decoding=\"async\" aria-describedby=\"caption-attachment-61470\" class=\"size-medium wp-image-61470\" src=\"https:\/\/www.topohvar.at\/wp-content\/uploads\/2022\/10\/sb-tr-09-13-300x300.jpg\" alt=\"\" width=\"300\" height=\"300\" srcset=\"https:\/\/www.topohvar.at\/wp-content\/uploads\/2022\/10\/sb-tr-09-13-300x300.jpg 300w, https:\/\/www.topohvar.at\/wp-content\/uploads\/2022\/10\/sb-tr-09-13-150x150.jpg 150w, https:\/\/www.topohvar.at\/wp-content\/uploads\/2022\/10\/sb-tr-09-13.jpg 450w\" sizes=\"auto, (max-width: 300px) 100vw, 300px\" \/><p id=\"caption-attachment-61470\" class=\"wp-caption-text\">pogled prema sjeverozapadu \/ Blick nach NW<\/p><\/div>\n<p>Am 17.09.2022 wurde der Trim SB-TR-09 besucht und n\u00e4her untersucht:<\/p>\n<p>Standort: Buschwerk<br \/>\nUntergrund: eben<br \/>\nVerbunden mit: Steinmauer<br \/>\nNutzung: ungenutzt<br \/>\nZustand: sehr gut erhalten<br \/>\nAnzahl der Trimstufen: 2<br \/>\nZus\u00e4tzlicher Steinring: kein Steinring<br \/>\nStiege: Kragsteine<br \/>\nSteinform: kantig<br \/>\nEingangsbereich: Steine<br \/>\nEingangsseite: W (270\u00b0)<br \/>\nTrimdurchmesser (cm): 470<br \/>\nTrimh\u00f6he (cm): 260<br \/>\nH\u00f6he der Trimstufen (cm): Stufe 1: 140 , Stufe 2: 240<br \/>\nWandst\u00e4rke (cm): 110<br \/>\nT\u00fcrbreite (cm): 70<br \/>\nT\u00fcrh\u00f6he (cm): 100<br \/>\nInnenraumbreite (cm): 240 &#8211; 250<br \/>\nInnenraumh\u00f6he (cm): 230<br \/>\nRaumvolumen (m3): 6,86<br \/>\nNische 1 (P\/B\/H\/T) (cm): 60 \/ 35 \/ 35 \/ 35<br \/>\nNische 2 (P\/B\/H\/T) (cm): 50 \/ 35 \/ 35 \/ 35<\/p><\/div><\/div><div class='clear_column'><\/div><\/p>\n<p><img loading=\"lazy\" decoding=\"async\" class=\"aligncenter wp-image-61417 size-full\" src=\"https:\/\/www.topohvar.at\/wp-content\/uploads\/2022\/10\/sb-tr-09-scan.jpg\" alt=\"\" width=\"640\" height=\"955\" srcset=\"https:\/\/www.topohvar.at\/wp-content\/uploads\/2022\/10\/sb-tr-09-scan.jpg 640w, https:\/\/www.topohvar.at\/wp-content\/uploads\/2022\/10\/sb-tr-09-scan-201x300.jpg 201w\" sizes=\"auto, (max-width: 640px) 100vw, 640px\" \/><\/p>\n<p style=\"text-align: right;\"><a href=\"#seite_oben\">natrag na vrh \/ Seitenanfang<\/a><\/p>\n<hr \/>\n<p><strong>Linkovi \/ Links<\/strong><\/p>\n<p>&#8211;<\/p>\n","protected":false},"excerpt":{"rendered":"<p>Ime \/ Name Trim \u00bbSB-TR-09\u00ab Code: SB-TR-09\u00a0 \u00a0 \u00a0 \u00a0 \u00a0 \u00a0 \u00a0 \u00a0 \u00a0 \u00a0 \u00a0 \u00a0 \u00a0 \u00a0 \u00a0 Adresa \/ Adresse Selca kod Bogomolja Lokacija \/ Position Latitude: N 43,13600\u00b0\u00a0 \u00a0Longitude: E 17,04467\u00b0 Visina \/ H\u00f6he: 149 &hellip; <a href=\"https:\/\/www.topohvar.at\/topo\/orte\/sb\/sb-tr-09-1\/\">Weiterlesen <span class=\"meta-nav\">&rarr;<\/span><\/a><\/p>\n","protected":false},"author":1,"featured_media":0,"parent":97,"menu_order":0,"comment_status":"closed","ping_status":"closed","template":"","meta":{"footnotes":""},"class_list":["post-42862","page","type-page","status-publish","hentry"],"_links":{"self":[{"href":"https:\/\/www.topohvar.at\/topo\/wp-json\/wp\/v2\/pages\/42862","targetHints":{"allow":["GET"]}}],"collection":[{"href":"https:\/\/www.topohvar.at\/topo\/wp-json\/wp\/v2\/pages"}],"about":[{"href":"https:\/\/www.topohvar.at\/topo\/wp-json\/wp\/v2\/types\/page"}],"author":[{"embeddable":true,"href":"https:\/\/www.topohvar.at\/topo\/wp-json\/wp\/v2\/users\/1"}],"replies":[{"embeddable":true,"href":"https:\/\/www.topohvar.at\/topo\/wp-json\/wp\/v2\/comments?post=42862"}],"version-history":[{"count":17,"href":"https:\/\/www.topohvar.at\/topo\/wp-json\/wp\/v2\/pages\/42862\/revisions"}],"predecessor-version":[{"id":61475,"href":"https:\/\/www.topohvar.at\/topo\/wp-json\/wp\/v2\/pages\/42862\/revisions\/61475"}],"up":[{"embeddable":true,"href":"https:\/\/www.topohvar.at\/topo\/wp-json\/wp\/v2\/pages\/97"}],"wp:attachment":[{"href":"https:\/\/www.topohvar.at\/topo\/wp-json\/wp\/v2\/media?parent=42862"}],"curies":[{"name":"wp","href":"https:\/\/api.w.org\/{rel}","templated":true}]}}