{"id":42992,"date":"2020-11-08T10:11:22","date_gmt":"2020-11-08T09:11:22","guid":{"rendered":"https:\/\/www.topohvar.at\/topo\/?page_id=42992"},"modified":"2023-11-03T11:34:37","modified_gmt":"2023-11-03T10:34:37","slug":"gj-tr-50-1","status":"publish","type":"page","link":"https:\/\/www.topohvar.at\/topo\/orte\/gj\/gj-tr-50-1\/","title":{"rendered":"GDINJ &#8211; Trim \u00bbGJ-TR-50\u00ab"},"content":{"rendered":"<p><a name=\"seite_oben\"><\/a><br \/>\n<strong><img loading=\"lazy\" decoding=\"async\" class=\"aligncenter wp-image-58641 size-full\" src=\"https:\/\/www.topohvar.at\/wp-content\/uploads\/2022\/04\/gj-tr-50-0.jpg\" alt=\"\" width=\"1080\" height=\"530\" srcset=\"https:\/\/www.topohvar.at\/wp-content\/uploads\/2022\/04\/gj-tr-50-0.jpg 1080w, https:\/\/www.topohvar.at\/wp-content\/uploads\/2022\/04\/gj-tr-50-0-300x147.jpg 300w, https:\/\/www.topohvar.at\/wp-content\/uploads\/2022\/04\/gj-tr-50-0-1024x503.jpg 1024w, https:\/\/www.topohvar.at\/wp-content\/uploads\/2022\/04\/gj-tr-50-0-768x377.jpg 768w\" sizes=\"auto, (max-width: 1080px) 100vw, 1080px\" \/><\/strong><\/p>\n<p><strong>Ime \/ Name<br \/>\n<\/strong>Trim \u00bbGJ-TR-50\u00ab<\/p>\n<p><strong>Code: <\/strong>GJ-TR-50\u00a0 \u00a0 \u00a0 \u00a0 \u00a0 \u00a0 \u00a0 \u00a0 \u00a0 \u00a0 \u00a0 \u00a0 \u00a0 \u00a0 <a href=\"https:\/\/www.topohvar.at\/orte\/gj\/gj-tr-00-1\/\"><img loading=\"lazy\" decoding=\"async\" class=\"alignnone wp-image-12300 size-full\" src=\"https:\/\/www.topohvar.at\/wp-content\/uploads\/2018\/09\/push-vor-30.jpg\" alt=\"\" width=\"61\" height=\"30\" \/><\/a>\u00a0<strong><a href=\"https:\/\/www.topohvar.at\/orte\/gj\/gj-tr-e6-1\/\"><img loading=\"lazy\" decoding=\"async\" class=\"alignnone wp-image-533 size-full\" src=\"https:\/\/www.topohvar.at\/wp-content\/uploads\/2018\/07\/push-l-30.jpg\" alt=\"\" width=\"61\" height=\"30\" \/><\/a> <a href=\"https:\/\/www.topohvar.at\/orte\/gj\/\"><img loading=\"lazy\" decoding=\"async\" class=\"alignnone wp-image-535 size-full\" src=\"https:\/\/www.topohvar.at\/wp-content\/uploads\/2018\/07\/push-o-30.jpg\" alt=\"\" width=\"61\" height=\"30\" \/><\/a> <a href=\"https:\/\/www.topohvar.at\/orte\/gj\/gj-tr-56-1\/\"><img loading=\"lazy\" decoding=\"async\" class=\"alignnone wp-image-536 size-full\" src=\"https:\/\/www.topohvar.at\/wp-content\/uploads\/2018\/07\/push-r-30.jpg\" alt=\"\" width=\"61\" height=\"30\" \/><\/a><\/strong><\/p>\n<hr \/>\n<p><strong>Adresa \/ Adresse<br \/>\n<\/strong>Gdinj, zapadno od Dugog Dolca \/ westlich von Dugi Dolac<\/p>\n<p><strong>Lokacija \/ Position<a href=\"https:\/\/goo.gl\/maps\/nm5RNykNUe5dWMbF7\"><img loading=\"lazy\" decoding=\"async\" class=\"alignright wp-image-42993\" src=\"https:\/\/www.topohvar.at\/wp-content\/uploads\/2020\/11\/2970.jpg\" alt=\"\" width=\"134\" height=\"100\" \/><\/a><br \/>\n<\/strong><a href=\"https:\/\/goo.gl\/maps\/nm5RNykNUe5dWMbF7\"><span style=\"color: #3366ff;\">Latitude: N 43,13072\u00b0\u00a0 \u00a0Longitude: E 16,91277\u00b0<\/span><\/a> <strong><br \/>\n<\/strong>Visina \/ H\u00f6he: 284 m<\/p>\n<p><strong>Katastarska \u010destica \/ Grundst\u00fccke<br \/>\n<\/strong>2805\/75, 2805\/112<div class='content-column one_half'><div style=\"padding-right:6px;\"><p><strong>Datum snimanja \/ Erfassungsdatum<br \/>\n<\/strong>23.03.2022 14:15:00<\/p>\n<hr \/>\n<p><strong>Informacije<\/strong><\/p>\n<p>Trim se nalazi u gustom grmlju zapadno od sela Dugi Dolac. Gotovo je u cijelosti uzidan u kameni zid do kojeg vode stepenice na lijevoj strani trima. Lijevo od ulaza nalazi se kameni prsten, desno od ulaza je jama duboka cca 40 cm. Trim se vi\u0161e ne koristi &#8211; ulaz je zarastao u grmlje.<\/p><\/div><\/div><div class='content-column one_half last_column'><div style=\"padding-right:0px;padding-left:6px;\"><p><strong>Stupanj za\u0161tite \/ Schutzstellung<br \/>\n<\/strong>&#8211;<\/p>\n<hr \/>\n<p><strong>Info<\/strong><\/p>\n<p>Der Trim befindet sich im dichten Geb\u00fcsch, westlich der Ortschaft Dugi Dolac. Er ist fast vollst\u00e4ndig in eine Steinmauer integriert auf die an der linken Seite des Trims Stufen f\u00fchren. links vom Eingang setzt ein Steinring an, rechts vom Eingang findet sich eine ca. 40 cm tiefe Grube. Der Trim wird nicht mehr genutzt &#8211; der Eingang war mit B\u00fcschen verwachsen.<\/p><\/div><\/div><div class='clear_column'><\/div><div class='content-column one_half'><div style=\"padding-right:6px;\"><p>Izvor: Hrvatska osnovna karta\u00a0&#8211; Geoportal DGU<\/p><\/div><\/div><div class='content-column one_half last_column'><div style=\"padding-right:0px;padding-left:6px;\"><p>Quelle: Grundkarte Kroatiens\u00a0&#8211; Geoportal DGU<\/p><\/div><\/div><div class='clear_column'><\/div><div class='content-column one_half'><div style=\"padding-right:6px;\"><div id=\"attachment_58642\" style=\"width: 310px\" class=\"wp-caption aligncenter\"><img loading=\"lazy\" decoding=\"async\" aria-describedby=\"caption-attachment-58642\" class=\"wp-image-58642 size-medium\" src=\"https:\/\/www.topohvar.at\/wp-content\/uploads\/2022\/04\/gj-tr-50-11-300x300.jpg\" alt=\"\" width=\"300\" height=\"300\" srcset=\"https:\/\/www.topohvar.at\/wp-content\/uploads\/2022\/04\/gj-tr-50-11-300x300.jpg 300w, https:\/\/www.topohvar.at\/wp-content\/uploads\/2022\/04\/gj-tr-50-11-150x150.jpg 150w, https:\/\/www.topohvar.at\/wp-content\/uploads\/2022\/04\/gj-tr-50-11.jpg 450w\" sizes=\"auto, (max-width: 300px) 100vw, 300px\" \/><p id=\"caption-attachment-58642\" class=\"wp-caption-text\">Ulaz \/ Eingang<\/p><\/div><\/div><\/div><div class='content-column one_half last_column'><div style=\"padding-right:0px;padding-left:6px;\"><div id=\"attachment_58643\" style=\"width: 310px\" class=\"wp-caption aligncenter\"><img loading=\"lazy\" decoding=\"async\" aria-describedby=\"caption-attachment-58643\" class=\"wp-image-58643 size-medium\" src=\"https:\/\/www.topohvar.at\/wp-content\/uploads\/2022\/04\/gj-tr-50-15-300x300.jpg\" alt=\"\" width=\"300\" height=\"300\" srcset=\"https:\/\/www.topohvar.at\/wp-content\/uploads\/2022\/04\/gj-tr-50-15-300x300.jpg 300w, https:\/\/www.topohvar.at\/wp-content\/uploads\/2022\/04\/gj-tr-50-15-150x150.jpg 150w, https:\/\/www.topohvar.at\/wp-content\/uploads\/2022\/04\/gj-tr-50-15.jpg 450w\" sizes=\"auto, (max-width: 300px) 100vw, 300px\" \/><p id=\"caption-attachment-58643\" class=\"wp-caption-text\">Pogled na jugoistok \/ Blick nach S\u00fcdosten<\/p><\/div><\/div><\/div><div class='clear_column'><\/div><div class='content-column one_half'><div style=\"padding-right:6px;\"><p>Dana 23.03.2022 trim GJ-TR-50 je posje\u0107en i ustanovljeno je sljede\u0107e:<\/p>\n<p>Lokacija: grmlje<br \/>\nPodloga: nako\u0161ena<br \/>\nPovezan s: kamenim zidom<br \/>\nUpotreba: ne koristi se<br \/>\nStanje: dobro, prekriven vegetacijom<br \/>\nBroj stepenica trima: 1<br \/>\nDodatni kameni prsten: nema kamenog prstena<br \/>\nStepeni\u0161te: stepenica<br \/>\nOblik kamena: uglast<br \/>\nPodru\u010dje ispred ulaza: zaraslo<br \/>\nOrijentacija ulaza: JZ (220\u00b0)<br \/>\nPromjer trima (cm): 380<br \/>\nVisina trima (cm): 250<br \/>\nVisina stepenica (cm): stepenica 1: 190<br \/>\nDebljina zida (cm): 90<br \/>\n\u0160irina vrata (cm): 60<br \/>\nVisina vrata (cm): 95<br \/>\n\u0160irina unutra (cm): 150 &#8211; 200<br \/>\nVisina unutra (cm): 230<br \/>\nVolumen iznutra (m3): 3,93<br \/>\nNema ni\u0161e<\/p><\/div><\/div><div class='content-column one_half last_column'><div style=\"padding-right:0px;padding-left:6px;\"><p>Am 23.03.2022 wurde der Trim GJ-TR-50 besucht und n\u00e4her untersucht:<\/p>\n<p>Standort: Buschwerk<br \/>\nUntergrund: geneigt<br \/>\nVerbunden mit: Steinmauer<br \/>\nNutzung: ungenutzt<br \/>\nZustand: gut, verwachsen<br \/>\nAnzahl der Trimstufen: 1<br \/>\nZus\u00e4tzlicher Steinring: kein Steinring<br \/>\nStiege: Stiege<br \/>\nSteinform: kantig<br \/>\nEingangsbereich: verwachsen<br \/>\nEingangsseite: SW (220\u00b0)<br \/>\nTrimdurchmesser (cm): 380<br \/>\nTrimh\u00f6he (cm): 250<br \/>\nH\u00f6he der Trimstufen (cm): Stufe 1: 190<br \/>\nWandst\u00e4rke (cm): 90<br \/>\nT\u00fcrbreite (cm): 60<br \/>\nT\u00fcrh\u00f6he (cm): 95<br \/>\nInnenraumbreite (cm): 150 &#8211; 200<br \/>\nInnenraumh\u00f6he (cm): 230<br \/>\nRaumvolumen (m3): 3,93<br \/>\nKeine Nische<\/p><\/div><\/div><div class='clear_column'><\/div><br \/>\n<img loading=\"lazy\" decoding=\"async\" class=\"aligncenter size-full wp-image-58791\" src=\"https:\/\/www.topohvar.at\/wp-content\/uploads\/2022\/04\/gj-tr-50-sca.jpg\" alt=\"\" width=\"640\" height=\"962\" srcset=\"https:\/\/www.topohvar.at\/wp-content\/uploads\/2022\/04\/gj-tr-50-sca.jpg 640w, https:\/\/www.topohvar.at\/wp-content\/uploads\/2022\/04\/gj-tr-50-sca-200x300.jpg 200w\" sizes=\"auto, (max-width: 640px) 100vw, 640px\" \/><\/p>\n<p style=\"text-align: right;\"><span style=\"color: #3366ff;\"><a style=\"color: #3366ff;\" href=\"#seite_oben\">natrag na vrh \/ Seitenanfang<\/a><\/span><\/p>\n<hr \/>\n<p><strong>Linkovi \/ Links<\/strong><\/p>\n<p>&#8211;<\/p>\n","protected":false},"excerpt":{"rendered":"<p>Ime \/ Name Trim \u00bbGJ-TR-50\u00ab Code: GJ-TR-50\u00a0 \u00a0 \u00a0 \u00a0 \u00a0 \u00a0 \u00a0 \u00a0 \u00a0 \u00a0 \u00a0 \u00a0 \u00a0 \u00a0 \u00a0 Adresa \/ Adresse Gdinj, zapadno od Dugog Dolca \/ westlich von Dugi Dolac Lokacija \/ Position Latitude: N 43,13072\u00b0\u00a0 &hellip; <a href=\"https:\/\/www.topohvar.at\/topo\/orte\/gj\/gj-tr-50-1\/\">Weiterlesen <span class=\"meta-nav\">&rarr;<\/span><\/a><\/p>\n","protected":false},"author":1,"featured_media":0,"parent":72,"menu_order":0,"comment_status":"closed","ping_status":"closed","template":"","meta":{"footnotes":""},"class_list":["post-42992","page","type-page","status-publish","hentry"],"_links":{"self":[{"href":"https:\/\/www.topohvar.at\/topo\/wp-json\/wp\/v2\/pages\/42992","targetHints":{"allow":["GET"]}}],"collection":[{"href":"https:\/\/www.topohvar.at\/topo\/wp-json\/wp\/v2\/pages"}],"about":[{"href":"https:\/\/www.topohvar.at\/topo\/wp-json\/wp\/v2\/types\/page"}],"author":[{"embeddable":true,"href":"https:\/\/www.topohvar.at\/topo\/wp-json\/wp\/v2\/users\/1"}],"replies":[{"embeddable":true,"href":"https:\/\/www.topohvar.at\/topo\/wp-json\/wp\/v2\/comments?post=42992"}],"version-history":[{"count":13,"href":"https:\/\/www.topohvar.at\/topo\/wp-json\/wp\/v2\/pages\/42992\/revisions"}],"predecessor-version":[{"id":64561,"href":"https:\/\/www.topohvar.at\/topo\/wp-json\/wp\/v2\/pages\/42992\/revisions\/64561"}],"up":[{"embeddable":true,"href":"https:\/\/www.topohvar.at\/topo\/wp-json\/wp\/v2\/pages\/72"}],"wp:attachment":[{"href":"https:\/\/www.topohvar.at\/topo\/wp-json\/wp\/v2\/media?parent=42992"}],"curies":[{"name":"wp","href":"https:\/\/api.w.org\/{rel}","templated":true}]}}