{"id":43008,"date":"2020-11-08T10:35:57","date_gmt":"2020-11-08T09:35:57","guid":{"rendered":"https:\/\/www.topohvar.at\/topo\/?page_id=43008"},"modified":"2022-04-22T17:53:58","modified_gmt":"2022-04-22T15:53:58","slug":"gj-tr-57-1","status":"publish","type":"page","link":"https:\/\/www.topohvar.at\/topo\/orte\/gj\/gj-tr-57-1\/","title":{"rendered":"GDINJ &#8211; Trim \u00bbGJ-TR-57\u00ab"},"content":{"rendered":"<p><a name=\"seite_oben\"><\/a><br \/>\n<strong><img loading=\"lazy\" decoding=\"async\" class=\"aligncenter wp-image-58636 size-full\" src=\"https:\/\/www.topohvar.at\/wp-content\/uploads\/2022\/04\/gj-tr-57-0.jpg\" alt=\"\" width=\"1080\" height=\"530\" srcset=\"https:\/\/www.topohvar.at\/wp-content\/uploads\/2022\/04\/gj-tr-57-0.jpg 1080w, https:\/\/www.topohvar.at\/wp-content\/uploads\/2022\/04\/gj-tr-57-0-300x147.jpg 300w, https:\/\/www.topohvar.at\/wp-content\/uploads\/2022\/04\/gj-tr-57-0-1024x503.jpg 1024w, https:\/\/www.topohvar.at\/wp-content\/uploads\/2022\/04\/gj-tr-57-0-768x377.jpg 768w\" sizes=\"auto, (max-width: 1080px) 100vw, 1080px\" \/><\/strong><\/p>\n<p><strong>Ime \/ Name<br \/>\n<\/strong>Trim \u00bbGJ-TR-57\u00ab<\/p>\n<p><strong>Code: <\/strong>GJ-TR-57\u00a0 \u00a0 \u00a0 \u00a0 \u00a0 \u00a0 \u00a0 \u00a0 \u00a0 \u00a0 \u00a0 \u00a0 \u00a0 \u00a0 <a href=\"https:\/\/www.topohvar.at\/orte\/gj\/gj-tr-00-1\/\"><img loading=\"lazy\" decoding=\"async\" class=\"alignnone wp-image-12300 size-full\" src=\"https:\/\/www.topohvar.at\/wp-content\/uploads\/2018\/09\/push-vor-30.jpg\" alt=\"\" width=\"61\" height=\"30\" \/><\/a>\u00a0<strong><a href=\"https:\/\/www.topohvar.at\/orte\/gj\/gj-tr-55-1\/\"><img loading=\"lazy\" decoding=\"async\" class=\"alignnone wp-image-533 size-full\" src=\"https:\/\/www.topohvar.at\/wp-content\/uploads\/2018\/07\/push-l-30.jpg\" alt=\"\" width=\"61\" height=\"30\" \/><\/a> <a href=\"https:\/\/www.topohvar.at\/orte\/gj\/\"><img loading=\"lazy\" decoding=\"async\" class=\"alignnone wp-image-535 size-full\" src=\"https:\/\/www.topohvar.at\/wp-content\/uploads\/2018\/07\/push-o-30.jpg\" alt=\"\" width=\"61\" height=\"30\" \/><\/a> <a href=\"https:\/\/www.topohvar.at\/orte\/gj\/gj-tr-53-1\/\"><img loading=\"lazy\" decoding=\"async\" class=\"alignnone wp-image-536 size-full\" src=\"https:\/\/www.topohvar.at\/wp-content\/uploads\/2018\/07\/push-r-30.jpg\" alt=\"\" width=\"61\" height=\"30\" \/><\/a><\/strong><\/p>\n<hr \/>\n<p><strong>Adresa \/ Adresse<br \/>\n<\/strong>Gdinj, zapadno od Dugog Dolca \/ westlich von Dugi Dolac<\/p>\n<p><strong>Lokacija \/ Position<a href=\"https:\/\/goo.gl\/maps\/qXR9o3HqNf5231op8\"><img loading=\"lazy\" decoding=\"async\" class=\"alignright wp-image-43009\" src=\"https:\/\/www.topohvar.at\/wp-content\/uploads\/2020\/11\/2977.jpg\" alt=\"\" width=\"134\" height=\"100\" \/><\/a><br \/>\n<\/strong><a href=\"https:\/\/goo.gl\/maps\/qXR9o3HqNf5231op8\"><span style=\"color: #3366ff;\">Latitude: N 43,12875\u00b0\u00a0 \u00a0Longitude: E 16,91307\u00b0<\/span> <\/a><strong><br \/>\n<\/strong>Visina \/ H\u00f6he: 288 m<\/p>\n<p><strong>Katastarska \u010destica \/ Grundst\u00fccke<br \/>\n<\/strong>6136<div class='content-column one_half'><div style=\"padding-right:6px;\"><p><strong>Datum snimanja \/ Erfassungsdatum<br \/>\n<\/strong>23.03.2022 13:20:00<\/p>\n<hr \/>\n<p><strong>Informacije<\/strong><\/p>\n<p>Trim se nalazi u grmlju zapadno od sela Dugi Dolac. S njegove desne strane grani\u010di kameni zid. Dvostupanjski trim je o\u0161te\u0107en na lijevoj strani. Iako u okruglom interijeru ima kamenja za sjedenje, obloge se vi\u0161e ne smiju koristiti.<\/p><\/div><\/div><div class='content-column one_half last_column'><div style=\"padding-right:0px;padding-left:6px;\"><p><strong>Stupanj za\u0161tite \/ Schutzstellung<br \/>\n<\/strong>&#8211;<\/p>\n<hr \/>\n<p><strong>Info<\/strong><\/p>\n<p>Der Trim befindet sich im Buschwerk westlich der Ortschaft Dugi Dolac. An seine rechte Seite grenzt eine Steinmauer an. Der zweistufige Trim ist an seiner linken Seite besch\u00e4digt. Obwohl sich im runden Inneren sich Sitzsteine finden, d\u00fcrfte der Trim nicht mehr genutzt werden.<\/p><\/div><\/div><div class='clear_column'><\/div><div class='content-column one_half'><div style=\"padding-right:6px;\"><p>Sjeverno od Trima nalazi se cisterna.<br \/>\nIzvor: Hrvatska osnovna karta\u00a0&#8211; Geoportal DGU<\/p><\/div><\/div><div class='content-column one_half last_column'><div style=\"padding-right:0px;padding-left:6px;\"><p>Etwas n\u00f6rdlich des Trim befindet sich eine Zisterne.<br \/>\nQuelle: Grundkarte Kroatiens\u00a0&#8211; Geoportal DGU<\/p><\/div><\/div><div class='clear_column'><\/div><div class='content-column one_half'><div style=\"padding-right:6px;\"><div id=\"attachment_58637\" style=\"width: 310px\" class=\"wp-caption aligncenter\"><img loading=\"lazy\" decoding=\"async\" aria-describedby=\"caption-attachment-58637\" class=\"wp-image-58637 size-medium\" src=\"https:\/\/www.topohvar.at\/wp-content\/uploads\/2022\/04\/gj-tr-57-11-300x300.jpg\" alt=\"\" width=\"300\" height=\"300\" srcset=\"https:\/\/www.topohvar.at\/wp-content\/uploads\/2022\/04\/gj-tr-57-11-300x300.jpg 300w, https:\/\/www.topohvar.at\/wp-content\/uploads\/2022\/04\/gj-tr-57-11-150x150.jpg 150w, https:\/\/www.topohvar.at\/wp-content\/uploads\/2022\/04\/gj-tr-57-11.jpg 450w\" sizes=\"auto, (max-width: 300px) 100vw, 300px\" \/><p id=\"caption-attachment-58637\" class=\"wp-caption-text\">Ulaz \/ Eingang<\/p><\/div><\/div><\/div><div class='content-column one_half last_column'><div style=\"padding-right:0px;padding-left:6px;\"><div id=\"attachment_58638\" style=\"width: 310px\" class=\"wp-caption aligncenter\"><img loading=\"lazy\" decoding=\"async\" aria-describedby=\"caption-attachment-58638\" class=\"wp-image-58638 size-medium\" src=\"https:\/\/www.topohvar.at\/wp-content\/uploads\/2022\/04\/gj-tr-57-13-300x300.jpg\" alt=\"\" width=\"300\" height=\"300\" srcset=\"https:\/\/www.topohvar.at\/wp-content\/uploads\/2022\/04\/gj-tr-57-13-300x300.jpg 300w, https:\/\/www.topohvar.at\/wp-content\/uploads\/2022\/04\/gj-tr-57-13-150x150.jpg 150w, https:\/\/www.topohvar.at\/wp-content\/uploads\/2022\/04\/gj-tr-57-13.jpg 450w\" sizes=\"auto, (max-width: 300px) 100vw, 300px\" \/><p id=\"caption-attachment-58638\" class=\"wp-caption-text\">Pogled na istok \/ Blick nach Osten<\/p><\/div><\/div><\/div><div class='clear_column'><\/div><div class='content-column one_half'><div style=\"padding-right:6px;\"><p>Dana 23.03.2022 trim GJ-TR-57 je posje\u0107en i ustanovljeno je sljede\u0107e:<\/p>\n<p>Lokacija: grmlje<br \/>\nPodloga: ravna<br \/>\nPovezan s: nesre\u0111nom kamenom gomilom<br \/>\nUpotreba: ne koristi se<br \/>\nStanje: dijelovi su se sru\u0161ili<br \/>\nBroj stepenica trima: 2<br \/>\nDodatni kameni prsten: nema kamenog prstena<br \/>\nStepeni\u0161te: nema<br \/>\nOblik kamena: uglast<br \/>\nPodru\u010dje ispred ulaza: lako dostupno<br \/>\nOrijentacija ulaza: S (10\u00b0)<br \/>\nPromjer trima (cm): 420<br \/>\nVisina trima (cm): 220<br \/>\nVisina stepenica (cm): stepenica 1: 160 , stepenica 2: 205<br \/>\nDebljina zida (cm): 100<br \/>\n\u0160irina vrata (cm): 75<br \/>\nVisina vrata (cm): 100<br \/>\n\u0160irina unutra (cm): 190 &#8211; 220<br \/>\nVisina unutra (cm): 190<br \/>\nVolumen iznutra (m3): 4,27<br \/>\nNema ni\u0161e<\/p><\/div><\/div><div class='content-column one_half last_column'><div style=\"padding-right:0px;padding-left:6px;\"><p>Am 23.03.2022 wurde der Trim GJ-TR-57 besucht und n\u00e4her untersucht:<\/p>\n<p>Standort: Buschwerk<br \/>\nUntergrund: eben<br \/>\nVerbunden mit: Steinhaufen ungeordnet<br \/>\nNutzung: ungenutzt<br \/>\nZustand: Teile abgest\u00fcrzt<br \/>\nAnzahl der Trimstufen: 2<br \/>\nZus\u00e4tzlicher Steinring: kein Steinring<br \/>\nStiege: keine<br \/>\nSteinform: kantig<br \/>\nEingangsbereich: frei<br \/>\nEingangsseite: N (10\u00b0)<br \/>\nTrimdurchmesser (cm): 420<br \/>\nTrimh\u00f6he (cm): 220<br \/>\nH\u00f6he der Trimstufen (cm): Stufe 1: 160 , Stufe 2: 205<br \/>\nWandst\u00e4rke (cm): 100<br \/>\nT\u00fcrbreite (cm): 75<br \/>\nT\u00fcrh\u00f6he (cm): 100<br \/>\nInnenraumbreite (cm): 190 &#8211; 220<br \/>\nInnenraumh\u00f6he (cm): 190<br \/>\nRaumvolumen (m3): 4,27<br \/>\nKeine Nische<\/p><\/div><\/div><div class='clear_column'><\/div><br \/>\n<img loading=\"lazy\" decoding=\"async\" class=\"aligncenter size-full wp-image-58793\" src=\"https:\/\/www.topohvar.at\/wp-content\/uploads\/2022\/04\/gj-tr-57-sca.jpg\" alt=\"\" width=\"640\" height=\"960\" srcset=\"https:\/\/www.topohvar.at\/wp-content\/uploads\/2022\/04\/gj-tr-57-sca.jpg 640w, https:\/\/www.topohvar.at\/wp-content\/uploads\/2022\/04\/gj-tr-57-sca-200x300.jpg 200w\" sizes=\"auto, (max-width: 640px) 100vw, 640px\" \/><\/p>\n<p style=\"text-align: right;\"><span style=\"color: #3366ff;\"><a style=\"color: #3366ff;\" href=\"#seite_oben\">natrag na vrh \/ Seitenanfang<\/a><\/span><\/p>\n<hr \/>\n<p><strong>Linkovi \/ Links<\/strong><\/p>\n<p><span style=\"color: #3366ff;\"><a style=\"color: #3366ff;\" href=\"https:\/\/www.topohvar.at\/topo\/orte\/gj\/gj-op-00-0\/#op-88\">Gustirna \/ Zisterne GJ-OP-88<\/a><\/span><\/p>\n","protected":false},"excerpt":{"rendered":"<p>Ime \/ Name Trim \u00bbGJ-TR-57\u00ab Code: GJ-TR-57\u00a0 \u00a0 \u00a0 \u00a0 \u00a0 \u00a0 \u00a0 \u00a0 \u00a0 \u00a0 \u00a0 \u00a0 \u00a0 \u00a0 \u00a0 Adresa \/ Adresse Gdinj, zapadno od Dugog Dolca \/ westlich von Dugi Dolac Lokacija \/ Position Latitude: N 43,12875\u00b0\u00a0 &hellip; <a href=\"https:\/\/www.topohvar.at\/topo\/orte\/gj\/gj-tr-57-1\/\">Weiterlesen <span class=\"meta-nav\">&rarr;<\/span><\/a><\/p>\n","protected":false},"author":1,"featured_media":0,"parent":72,"menu_order":0,"comment_status":"closed","ping_status":"closed","template":"","meta":{"footnotes":""},"class_list":["post-43008","page","type-page","status-publish","hentry"],"_links":{"self":[{"href":"https:\/\/www.topohvar.at\/topo\/wp-json\/wp\/v2\/pages\/43008","targetHints":{"allow":["GET"]}}],"collection":[{"href":"https:\/\/www.topohvar.at\/topo\/wp-json\/wp\/v2\/pages"}],"about":[{"href":"https:\/\/www.topohvar.at\/topo\/wp-json\/wp\/v2\/types\/page"}],"author":[{"embeddable":true,"href":"https:\/\/www.topohvar.at\/topo\/wp-json\/wp\/v2\/users\/1"}],"replies":[{"embeddable":true,"href":"https:\/\/www.topohvar.at\/topo\/wp-json\/wp\/v2\/comments?post=43008"}],"version-history":[{"count":10,"href":"https:\/\/www.topohvar.at\/topo\/wp-json\/wp\/v2\/pages\/43008\/revisions"}],"predecessor-version":[{"id":58932,"href":"https:\/\/www.topohvar.at\/topo\/wp-json\/wp\/v2\/pages\/43008\/revisions\/58932"}],"up":[{"embeddable":true,"href":"https:\/\/www.topohvar.at\/topo\/wp-json\/wp\/v2\/pages\/72"}],"wp:attachment":[{"href":"https:\/\/www.topohvar.at\/topo\/wp-json\/wp\/v2\/media?parent=43008"}],"curies":[{"name":"wp","href":"https:\/\/api.w.org\/{rel}","templated":true}]}}