{"id":43022,"date":"2020-11-08T10:50:38","date_gmt":"2020-11-08T09:50:38","guid":{"rendered":"https:\/\/www.topohvar.at\/topo\/?page_id=43022"},"modified":"2023-12-02T16:44:20","modified_gmt":"2023-12-02T15:44:20","slug":"gj-tr-61-1","status":"publish","type":"page","link":"https:\/\/www.topohvar.at\/topo\/orte\/gj\/gj-tr-61-1\/","title":{"rendered":"GDINJ &#8211; Trim \u00bbGJ-TR-61\u00ab"},"content":{"rendered":"<p><a name=\"seite_oben\"><\/a><br \/>\n<strong><img loading=\"lazy\" decoding=\"async\" class=\"alignleft wp-image-64414 size-full\" src=\"https:\/\/www.topohvar.at\/wp-content\/uploads\/2023\/11\/gj-tr-61-2.jpg\" alt=\"\" width=\"1080\" height=\"530\" srcset=\"https:\/\/www.topohvar.at\/wp-content\/uploads\/2023\/11\/gj-tr-61-2.jpg 1080w, https:\/\/www.topohvar.at\/wp-content\/uploads\/2023\/11\/gj-tr-61-2-300x147.jpg 300w, https:\/\/www.topohvar.at\/wp-content\/uploads\/2023\/11\/gj-tr-61-2-1024x503.jpg 1024w, https:\/\/www.topohvar.at\/wp-content\/uploads\/2023\/11\/gj-tr-61-2-768x377.jpg 768w\" sizes=\"auto, (max-width: 1080px) 100vw, 1080px\" \/><\/strong><\/p>\n<p><strong>Ime \/ Name<br \/>\n<\/strong>Trim \u00bbGJ-TR-61\u00ab<\/p>\n<p><strong>Code: <\/strong>GJ-TR-61\u00a0 \u00a0 \u00a0 \u00a0 \u00a0 \u00a0 \u00a0 \u00a0 \u00a0 \u00a0 \u00a0 \u00a0 \u00a0 \u00a0 <a href=\"https:\/\/www.topohvar.at\/orte\/gj\/gj-tr-00-1\/\"><img loading=\"lazy\" decoding=\"async\" class=\"alignnone wp-image-12300 size-full\" src=\"https:\/\/www.topohvar.at\/wp-content\/uploads\/2018\/09\/push-vor-30.jpg\" alt=\"\" width=\"61\" height=\"30\" \/><\/a>\u00a0<strong><a href=\"https:\/\/www.topohvar.at\/orte\/gj\/gj-tr-93-1\/\"><img loading=\"lazy\" decoding=\"async\" class=\"alignnone wp-image-533 size-full\" src=\"https:\/\/www.topohvar.at\/wp-content\/uploads\/2018\/07\/push-l-30.jpg\" alt=\"\" width=\"61\" height=\"30\" \/><\/a> <a href=\"https:\/\/www.topohvar.at\/orte\/gj\/\"><img loading=\"lazy\" decoding=\"async\" class=\"alignnone wp-image-535 size-full\" src=\"https:\/\/www.topohvar.at\/wp-content\/uploads\/2018\/07\/push-o-30.jpg\" alt=\"\" width=\"61\" height=\"30\" \/><\/a> <a href=\"https:\/\/www.topohvar.at\/orte\/gj\/gj-tr-58-1\/\"><img loading=\"lazy\" decoding=\"async\" class=\"alignnone wp-image-536 size-full\" src=\"https:\/\/www.topohvar.at\/wp-content\/uploads\/2018\/07\/push-r-30.jpg\" alt=\"\" width=\"61\" height=\"30\" \/><\/a><\/strong><\/p>\n<hr \/>\n<p><strong>Adresa \/ Adresse<br \/>\n<\/strong>Gdinj, jugozapadno od Dugog Dolca \/ s\u00fcdwestlich von Dugi Dolac<\/p>\n<p><strong>Lokacija \/ Position<a href=\"https:\/\/goo.gl\/maps\/jXarQNnBDXU5TDUp8\"><img loading=\"lazy\" decoding=\"async\" class=\"alignright wp-image-43023\" src=\"https:\/\/www.topohvar.at\/wp-content\/uploads\/2020\/11\/2981.jpg\" alt=\"\" width=\"134\" height=\"100\" \/><\/a><br \/>\n<\/strong><a href=\"https:\/\/goo.gl\/maps\/jXarQNnBDXU5TDUp8\"><span style=\"color: #3366ff;\">Latitude: N 43,12606\u00b0\u00a0 \u00a0Longitude: E 16,91629\u00b0<\/span><\/a> <strong><br \/>\n<\/strong>Visina \/ H\u00f6he: 270 m<\/p>\n<p><strong>Katastarska \u010destica \/ Grundst\u00fccke<br \/>\n<\/strong>2614\/1<div class='content-column one_half'><div style=\"padding-right:6px;\"><p><strong>Datum snimanja \/ Erfassungsdatum<br \/>\n<\/strong>01.01.2000 00:00:00<\/p>\n<hr \/>\n<p><strong>Informacije<\/strong><\/p>\n<p>Jednostupanjski trim nalazi se &#8211; te\u0161ko pristupa\u010dan &#8211; u gustom grmlju oko 1 km jugozapadno od Dugog Dolca i izgra\u0111en je od ravnog kamena. Preostali trim slijedi ravnu prednju stranu u polukru\u017enom obliku. Ispred ulaza nalazi se malo dvori\u0161te ogra\u0111eno polukru\u017enim kamenim zidovima. Desno od ulaza iz zida viri kamena plo\u010da. Visoki trapezoidni ulaz vodi u nepravilnu unutra\u0161njost, s prete\u017eno kamenitim podovima. Kupola u unutra\u0161njosti djelomi\u010dno je prili\u010dno tankih stijenki. Trim je u dobrom stanju ali se vi\u0161e ne koristi.<\/p><\/div><\/div><div class='content-column one_half last_column'><div style=\"padding-right:0px;padding-left:6px;\"><p><strong>Stupanj za\u0161tite \/ Schutzstellung<br \/>\n<\/strong>&#8211;<\/p>\n<hr \/>\n<p><strong>Info<\/strong><\/p>\n<p>Der einstufige Trim befindet sich &#8211; schwer zug\u00e4nglich &#8211; im dichten Buschwerk etwa 1 km s\u00fcdwestlich von Dugi Dolac und ist aus plattigem Gestein errichtet. An eine geradlinige Vorderseite schlie\u00dft etwa halbkreisf\u00f6rmig der restliche Trim an. Vor dem Eingang befindet sich ein kleiner Hof, der mit halbkreisf\u00f6rmig verlaufenden Steinmauern eingefasst ist. Rechts neben dem Eingang kragt eine Steinplatte aus der Wand. Durch den hohen, trapezf\u00f6rmigen Eingang gelangt man in den unregelm\u00e4\u00dfigen Innenraum, mit gr\u00f6\u00dftenteils felsigem Fu\u00dfboden. Die Kuppel \u00fcber dem Innenraum ist zum Teil recht d\u00fcnnwandig. Der Trim ist gut erhalten, wird aber nicht mehr genutzt.<\/p><\/div><\/div><div class='clear_column'><\/div><div class='content-column one_half'><div style=\"padding-right:6px;\"><p>Uz trim se nalazi cisterna.<br \/>\nIzvor: Hrvatska osnovna karta\u00a0&#8211; Geoportal DGU<\/p><\/div><\/div><div class='content-column one_half last_column'><div style=\"padding-right:0px;padding-left:6px;\"><p>Neben dem Trim befindet sich eine Zisterne.<br \/>\nQuelle: Grundkarte Kroatiens\u00a0&#8211; Geoportal DGU<\/p><\/div><\/div><div class='clear_column'><\/div><div class='content-column one_half'><div style=\"padding-right:6px;\"><div id=\"attachment_65051\" style=\"width: 310px\" class=\"wp-caption aligncenter\"><img loading=\"lazy\" decoding=\"async\" aria-describedby=\"caption-attachment-65051\" class=\"wp-image-65051 size-medium\" src=\"https:\/\/www.topohvar.at\/wp-content\/uploads\/2023\/11\/gj-tr-61-1-300x300.jpg\" alt=\"\" width=\"300\" height=\"300\" srcset=\"https:\/\/www.topohvar.at\/wp-content\/uploads\/2023\/11\/gj-tr-61-1-300x300.jpg 300w, https:\/\/www.topohvar.at\/wp-content\/uploads\/2023\/11\/gj-tr-61-1-150x150.jpg 150w, https:\/\/www.topohvar.at\/wp-content\/uploads\/2023\/11\/gj-tr-61-1.jpg 450w\" sizes=\"auto, (max-width: 300px) 100vw, 300px\" \/><p id=\"caption-attachment-65051\" class=\"wp-caption-text\">Ulaz \/ Eingang<\/p><\/div><\/div><\/div><div class='content-column one_half last_column'><div style=\"padding-right:0px;padding-left:6px;\"><div id=\"attachment_65052\" style=\"width: 310px\" class=\"wp-caption aligncenter\"><img loading=\"lazy\" decoding=\"async\" aria-describedby=\"caption-attachment-65052\" class=\"wp-image-65052 size-medium\" src=\"https:\/\/www.topohvar.at\/wp-content\/uploads\/2023\/11\/gj-tr-61-7-300x300.jpg\" alt=\"\" width=\"300\" height=\"300\" srcset=\"https:\/\/www.topohvar.at\/wp-content\/uploads\/2023\/11\/gj-tr-61-7-300x300.jpg 300w, https:\/\/www.topohvar.at\/wp-content\/uploads\/2023\/11\/gj-tr-61-7-150x150.jpg 150w, https:\/\/www.topohvar.at\/wp-content\/uploads\/2023\/11\/gj-tr-61-7.jpg 450w\" sizes=\"auto, (max-width: 300px) 100vw, 300px\" \/><p id=\"caption-attachment-65052\" class=\"wp-caption-text\">Dvori\u0161te ispred ulaza \/ Hof vor dem Eingang<\/p><\/div><\/div><\/div><div class='clear_column'><\/div><div class='content-column one_half'><div style=\"padding-right:6px;\"><p>Dana 24.10.2023 trim GJ-TR-61 je posje\u0107en i ustanovljeno je sljede\u0107e:<\/p>\n<p>Lokacija: grmlje<br \/>\nPodloga: stjenovita<br \/>\nPovezan s: samostoje\u0107i, izoliran, preddvori\u0161te<br \/>\nUpotreba: ne koristi se<br \/>\nStanje: dobro sa\u010duvan<br \/>\nBroj stepenica trima: 1<br \/>\nDodatni kameni prsten: nema prstena<br \/>\nStepeni\u0161te: nema<br \/>\nOblik kamena: plosnat<br \/>\nPodru\u010dje ispred ulaza: lako dostupno<br \/>\nOrijentacija ulaza: Z (280\u00b0)<br \/>\nPromjer trima (cm): 500<br \/>\nVisina trima (cm): 220<br \/>\nVisina stepenica (cm): stepenica 1: 160<br \/>\nDebljina zida (cm): 100<br \/>\n\u0160irina vrata (cm): 70<br \/>\nVisina vrata (cm): 120<br \/>\n\u0160irina unutra (cm): 180 &#8211; 220<br \/>\nVisina unutra (cm): 210<br \/>\nVolumen iznutra (m3): 4,50<br \/>\nNema ni\u0161e<\/p><\/div><\/div><div class='content-column one_half last_column'><div style=\"padding-right:0px;padding-left:6px;\"><p>Am 24.10.2023 wurde der Trim GJ-TR-61 besucht und n\u00e4her untersucht:<\/p>\n<p>Standort: Buschwerk<br \/>\nUntergrund: Fels<br \/>\nVerbunden mit: freistehend,<br \/>\nVorhof<br \/>\nNutzung: ungenutzt<br \/>\nZustand: gut erhalten<br \/>\nAnzahl der Trimstufen: 1<br \/>\nZus\u00e4tzlicher Steinring: kein Steinring<br \/>\nStiege: keine<br \/>\nSteinform: plattig<br \/>\nEingangsbereich: frei<br \/>\nEingangsseite: W (280\u00b0)<br \/>\nTrimdurchmesser (cm): 500<br \/>\nTrimh\u00f6he (cm): 220<br \/>\nH\u00f6he der Trimstufen (cm): Stufe 1: 160<br \/>\nWandst\u00e4rke (cm): 100<br \/>\nT\u00fcrbreite (cm): 70<br \/>\nT\u00fcrh\u00f6he (cm): 120<br \/>\nInnenraumbreite (cm): 180 &#8211; 220<br \/>\nInnenraumh\u00f6he (cm): 210<br \/>\nRaumvolumen (m3): 4,50<br \/>\nKeine Nische<\/p><\/div><\/div><div class='clear_column'><\/div><\/p>\n<p><img loading=\"lazy\" decoding=\"async\" class=\"aligncenter size-full wp-image-65076\" src=\"https:\/\/www.topohvar.at\/wp-content\/uploads\/2023\/12\/gj-tr-61-scan.jpg\" alt=\"\" width=\"900\" height=\"1261\" srcset=\"https:\/\/www.topohvar.at\/wp-content\/uploads\/2023\/12\/gj-tr-61-scan.jpg 900w, https:\/\/www.topohvar.at\/wp-content\/uploads\/2023\/12\/gj-tr-61-scan-214x300.jpg 214w, https:\/\/www.topohvar.at\/wp-content\/uploads\/2023\/12\/gj-tr-61-scan-731x1024.jpg 731w, https:\/\/www.topohvar.at\/wp-content\/uploads\/2023\/12\/gj-tr-61-scan-768x1076.jpg 768w\" sizes=\"auto, (max-width: 900px) 100vw, 900px\" \/><\/p>\n<p style=\"text-align: right;\"><a href=\"#seite_oben\">natrag na vrh \/ Seitenanfang<\/a><\/p>\n<hr \/>\n<p><strong>Linkovi \/ Links<\/strong><\/p>\n<p>&#8211;<\/p>\n","protected":false},"excerpt":{"rendered":"<p>Ime \/ Name Trim \u00bbGJ-TR-61\u00ab Code: GJ-TR-61\u00a0 \u00a0 \u00a0 \u00a0 \u00a0 \u00a0 \u00a0 \u00a0 \u00a0 \u00a0 \u00a0 \u00a0 \u00a0 \u00a0 \u00a0 Adresa \/ Adresse Gdinj, jugozapadno od Dugog Dolca \/ s\u00fcdwestlich von Dugi Dolac Lokacija \/ Position Latitude: N 43,12606\u00b0\u00a0 &hellip; <a href=\"https:\/\/www.topohvar.at\/topo\/orte\/gj\/gj-tr-61-1\/\">Weiterlesen <span class=\"meta-nav\">&rarr;<\/span><\/a><\/p>\n","protected":false},"author":1,"featured_media":0,"parent":72,"menu_order":0,"comment_status":"closed","ping_status":"closed","template":"","meta":{"footnotes":""},"class_list":["post-43022","page","type-page","status-publish","hentry"],"_links":{"self":[{"href":"https:\/\/www.topohvar.at\/topo\/wp-json\/wp\/v2\/pages\/43022","targetHints":{"allow":["GET"]}}],"collection":[{"href":"https:\/\/www.topohvar.at\/topo\/wp-json\/wp\/v2\/pages"}],"about":[{"href":"https:\/\/www.topohvar.at\/topo\/wp-json\/wp\/v2\/types\/page"}],"author":[{"embeddable":true,"href":"https:\/\/www.topohvar.at\/topo\/wp-json\/wp\/v2\/users\/1"}],"replies":[{"embeddable":true,"href":"https:\/\/www.topohvar.at\/topo\/wp-json\/wp\/v2\/comments?post=43022"}],"version-history":[{"count":15,"href":"https:\/\/www.topohvar.at\/topo\/wp-json\/wp\/v2\/pages\/43022\/revisions"}],"predecessor-version":[{"id":65078,"href":"https:\/\/www.topohvar.at\/topo\/wp-json\/wp\/v2\/pages\/43022\/revisions\/65078"}],"up":[{"embeddable":true,"href":"https:\/\/www.topohvar.at\/topo\/wp-json\/wp\/v2\/pages\/72"}],"wp:attachment":[{"href":"https:\/\/www.topohvar.at\/topo\/wp-json\/wp\/v2\/media?parent=43022"}],"curies":[{"name":"wp","href":"https:\/\/api.w.org\/{rel}","templated":true}]}}