{"id":43027,"date":"2020-11-08T11:02:30","date_gmt":"2020-11-08T10:02:30","guid":{"rendered":"https:\/\/www.topohvar.at\/topo\/?page_id=43027"},"modified":"2022-06-22T06:29:46","modified_gmt":"2022-06-22T04:29:46","slug":"gj-tr-22-1","status":"publish","type":"page","link":"https:\/\/www.topohvar.at\/topo\/orte\/gj\/gj-tr-22-1\/","title":{"rendered":"GDINJ &#8211; Trim \u00bbGJ-TR-22\u00ab"},"content":{"rendered":"<p><a name=\"seite_oben\"><\/a><br \/>\n<strong><img loading=\"lazy\" decoding=\"async\" class=\"aligncenter wp-image-59093 size-full\" src=\"https:\/\/www.topohvar.at\/wp-content\/uploads\/2022\/05\/gj-tr-22-01.jpg\" alt=\"\" width=\"1080\" height=\"530\" srcset=\"https:\/\/www.topohvar.at\/wp-content\/uploads\/2022\/05\/gj-tr-22-01.jpg 1080w, https:\/\/www.topohvar.at\/wp-content\/uploads\/2022\/05\/gj-tr-22-01-300x147.jpg 300w, https:\/\/www.topohvar.at\/wp-content\/uploads\/2022\/05\/gj-tr-22-01-1024x503.jpg 1024w, https:\/\/www.topohvar.at\/wp-content\/uploads\/2022\/05\/gj-tr-22-01-768x377.jpg 768w\" sizes=\"auto, (max-width: 1080px) 100vw, 1080px\" \/><\/strong><\/p>\n<p><strong>Ime \/ Name<br \/>\n<\/strong>Trim \u00bbGJ-TR-22\u00ab<\/p>\n<p><strong>Code: <\/strong>GJ-TR-22\u00a0 \u00a0 \u00a0 \u00a0 \u00a0 \u00a0 \u00a0 \u00a0 \u00a0 \u00a0 \u00a0 \u00a0 \u00a0 \u00a0 <a href=\"https:\/\/www.topohvar.at\/orte\/gj\/gj-tr-00-1\/\"><img loading=\"lazy\" decoding=\"async\" class=\"alignnone wp-image-12300 size-full\" src=\"https:\/\/www.topohvar.at\/wp-content\/uploads\/2018\/09\/push-vor-30.jpg\" alt=\"\" width=\"61\" height=\"30\" \/><\/a>\u00a0<strong><a href=\"https:\/\/www.topohvar.at\/orte\/gj\/gj-tr-48-1\/\"><img loading=\"lazy\" decoding=\"async\" class=\"alignnone wp-image-533 size-full\" src=\"https:\/\/www.topohvar.at\/wp-content\/uploads\/2018\/07\/push-l-30.jpg\" alt=\"\" width=\"61\" height=\"30\" \/><\/a> <a href=\"https:\/\/www.topohvar.at\/orte\/gj\/\"><img loading=\"lazy\" decoding=\"async\" class=\"alignnone wp-image-535 size-full\" src=\"https:\/\/www.topohvar.at\/wp-content\/uploads\/2018\/07\/push-o-30.jpg\" alt=\"\" width=\"61\" height=\"30\" \/><\/a> <a href=\"https:\/\/www.topohvar.at\/orte\/gj\/gj-tr-23-1\/\"><img loading=\"lazy\" decoding=\"async\" class=\"alignnone wp-image-536 size-full\" src=\"https:\/\/www.topohvar.at\/wp-content\/uploads\/2018\/07\/push-r-30.jpg\" alt=\"\" width=\"61\" height=\"30\" \/><\/a><\/strong><\/p>\n<hr \/>\n<p><strong>Adresa \/ Adresse<br \/>\n<\/strong>Gdinj, Crijene Semlje, zapadno od Dugog Dolca \/ westlich von Dugi Dolac<\/p>\n<p><strong>Lokacija \/ Position<a href=\"https:\/\/goo.gl\/maps\/xohrmp1apP9NxkmD8\"><img loading=\"lazy\" decoding=\"async\" class=\"alignright wp-image-43028\" src=\"https:\/\/www.topohvar.at\/wp-content\/uploads\/2020\/11\/2942.jpg\" alt=\"\" width=\"134\" height=\"100\" \/><\/a><br \/>\n<\/strong><a href=\"https:\/\/goo.gl\/maps\/xohrmp1apP9NxkmD8\"><span style=\"color: #3366ff;\">Latitude: N 43,13193\u00b0\u00a0 \u00a0Longitude: E 16,92092\u00b0<\/span><\/a> <strong><br \/>\n<\/strong>Visina \/ H\u00f6he: 308 m<\/p>\n<p><strong>Katastarska \u010destica \/ Grundst\u00fccke<br \/>\n<\/strong>3291<div class='content-column one_half'><div style=\"padding-right:6px;\"><p><strong>Datum snimanja \/ Erfassungsdatum<br \/>\n<\/strong>04.05.2022 09:50:00<\/p>\n<hr \/>\n<p><strong>Informacije<\/strong><\/p>\n<p>Trim se nalazi u masliniku zapadno od sela Dugi Dolac. Stra\u017enja strana jednostupanjska trima uvu\u010den je u suhozid. Lijeva strana mu je o\u0161te\u0107ena i ve\u0107 vrlo tankih stijenki. Zidanje se uglavnom sastoji od odabranog kamena u obliku blokova. Njegov prednji dio zavr\u0161ava nagla\u0161enim grebenom s desne strane. Lijevo od ulaza je kameni prsten. Unutra\u0161njost je kru\u017ena.<\/p><\/div><\/div><div class='content-column one_half last_column'><div style=\"padding-right:0px;padding-left:6px;\"><p><strong>Stupanj za\u0161tite \/ Schutzstellung<br \/>\n<\/strong>&#8211;<\/p>\n<hr \/>\n<p><strong>Info<\/strong><\/p>\n<p>Der Trim befindet sich in einem Olivengarten westlich der Ortschaft Dugi Dolac. Die R\u00fcckseite des einstufigen Trims steckt in einer Trockensteinmauer. Seine linke Seite ist besch\u00e4digt und bereits sehr d\u00fcnnwandig. Das Mauerwerk besteht zum Gro\u00dfteil aus ausgesuchten, blockartigen Steinen. Seine Vorderseite endet rechts in einer ausgepr\u00e4gten Kante. Links neben dem Eingang setzt ein Steinring an. Der Innenraum ist kreisrund.<\/p><\/div><\/div><div class='clear_column'><\/div><div class='content-column one_half'><div style=\"padding-right:6px;\"><p>Ispred trima nalazi se otvorena cisterna (GJ-OP-R8) sa pjoverima koji grani\u010de s obje strane.<br \/>\nIzvor: Hrvatska osnovna karta\u00a0&#8211; Geoportal DGU<\/p><\/div><\/div><div class='content-column one_half last_column'><div style=\"padding-right:0px;padding-left:6px;\"><p>Vor dem Trim befindet sich eine offene Zisterne (GJ-OP-R8) mit beidseitig angrenzenden Wasserauffangfl\u00e4chen.<br \/>\nQuelle: Grundkarte Kroatiens &#8211; Geoportal DGU<\/p><\/div><\/div><div class='clear_column'><\/div><div class='content-column one_half'><div style=\"padding-right:6px;\"><div id=\"attachment_59893\" style=\"width: 310px\" class=\"wp-caption aligncenter\"><img loading=\"lazy\" decoding=\"async\" aria-describedby=\"caption-attachment-59893\" class=\"size-medium wp-image-59893\" src=\"https:\/\/www.topohvar.at\/wp-content\/uploads\/2022\/06\/gj-tr-22-001-300x300.jpg\" alt=\"\" width=\"300\" height=\"300\" srcset=\"https:\/\/www.topohvar.at\/wp-content\/uploads\/2022\/06\/gj-tr-22-001-300x300.jpg 300w, https:\/\/www.topohvar.at\/wp-content\/uploads\/2022\/06\/gj-tr-22-001-150x150.jpg 150w, https:\/\/www.topohvar.at\/wp-content\/uploads\/2022\/06\/gj-tr-22-001.jpg 450w\" sizes=\"auto, (max-width: 300px) 100vw, 300px\" \/><p id=\"caption-attachment-59893\" class=\"wp-caption-text\">Ulaz \/ Eingang<\/p><\/div><\/div><\/div><div class='content-column one_half last_column'><div style=\"padding-right:0px;padding-left:6px;\"><div id=\"attachment_59894\" style=\"width: 310px\" class=\"wp-caption aligncenter\"><img loading=\"lazy\" decoding=\"async\" aria-describedby=\"caption-attachment-59894\" class=\"size-medium wp-image-59894\" src=\"https:\/\/www.topohvar.at\/wp-content\/uploads\/2022\/06\/gj-tr-22-05-300x300.jpg\" alt=\"\" width=\"300\" height=\"300\" srcset=\"https:\/\/www.topohvar.at\/wp-content\/uploads\/2022\/06\/gj-tr-22-05-300x300.jpg 300w, https:\/\/www.topohvar.at\/wp-content\/uploads\/2022\/06\/gj-tr-22-05-150x150.jpg 150w, https:\/\/www.topohvar.at\/wp-content\/uploads\/2022\/06\/gj-tr-22-05.jpg 450w\" sizes=\"auto, (max-width: 300px) 100vw, 300px\" \/><p id=\"caption-attachment-59894\" class=\"wp-caption-text\">Ju\u017ena strana trima \/ S\u00fcdseite des Trims<\/p><\/div><\/div><\/div><div class='clear_column'><\/div><div class='content-column one_half'><div style=\"padding-right:6px;\"><p>Dana 04.05.2022 trim GJ-TR-22 je posje\u0107en i ustanovljeno je sljede\u0107e:<\/p>\n<p>Lokacija: maslinik<br \/>\nPodloga: ravna<br \/>\nPovezan s: kamenim zidom , pjoverom<br \/>\nUpotreba: malo se koristi<br \/>\nStanje: dijelovi su se sru\u0161ili<br \/>\nBroj stepenica trima: 1<br \/>\nDodatni kameni prsten: nema kamenog prstena<br \/>\nStepeni\u0161te: nema<br \/>\nOblik kamena: uglast<br \/>\nPodru\u010dje ispred ulaza: lako dostupno<br \/>\nOrijentacija ulaza: Z (290\u00b0)<br \/>\nPromjer trima (cm): 350<br \/>\nVisina trima (cm): 220<br \/>\nVisina stepenica (cm): stepenica 1: 180<br \/>\nDebljina zida (cm): 75<br \/>\n\u0160irina vrata (cm): 55<br \/>\nVisina vrata (cm): 95<br \/>\n\u0160irina unutra (cm): 190 &#8211; 200<br \/>\nVisina unutra (cm): 220<br \/>\nVolumen iznutra (m3): 4,14<br \/>\nNema ni\u0161e<\/p><\/div><\/div><div class='content-column one_half last_column'><div style=\"padding-right:0px;padding-left:6px;\"><p>Am 04.05.2022 wurde der Trim GJ-TR-22 besucht und n\u00e4her untersucht:<\/p>\n<p>Standort: Olivenhain<br \/>\nUntergrund: eben<br \/>\nVerbunden mit: Steinmauer , Wasserauffangbecken<br \/>\nNutzung: kaum genutzt<br \/>\nZustand: Teile abgest\u00fcrzt<br \/>\nAnzahl der Trimstufen: 1<br \/>\nZus\u00e4tzlicher Steinring: kein Steinring<br \/>\nStiege: keine<br \/>\nSteinform: kantig<br \/>\nEingangsbereich: frei<br \/>\nEingangsseite: W (290\u00b0)<br \/>\nTrimdurchmesser (cm): 350<br \/>\nTrimh\u00f6he (cm): 220<br \/>\nH\u00f6he der Trimstufen (cm): Stufe 1: 180<br \/>\nWandst\u00e4rke (cm): 75<br \/>\nT\u00fcrbreite (cm): 55<br \/>\nT\u00fcrh\u00f6he (cm): 95<br \/>\nInnenraumbreite (cm): 190 &#8211; 200<br \/>\nInnenraumh\u00f6he (cm): 220<br \/>\nRaumvolumen (m3): 4,14<br \/>\nKeine Nische<\/p><\/div><\/div><div class='clear_column'><\/div><\/p>\n<p style=\"text-align: right;\"><span style=\"color: #3366ff;\"><a style=\"color: #3366ff;\" href=\"#seite_oben\">natrag na vrh \/ Seitenanfang<\/a><\/span><\/p>\n<hr \/>\n<p><strong>Linkovi \/ Links<\/strong><\/p>\n<p><span style=\"color: #3366ff;\"><a style=\"color: #3366ff;\" href=\"https:\/\/www.topohvar.at\/topo\/orte\/gj\/gj-op-00-k\/#op-r8\">Gustirna \/ Zisterne \u00bbGJ-OP-R8\u00ab<\/a><\/span><\/p>\n","protected":false},"excerpt":{"rendered":"<p>Ime \/ Name Trim \u00bbGJ-TR-22\u00ab Code: GJ-TR-22\u00a0 \u00a0 \u00a0 \u00a0 \u00a0 \u00a0 \u00a0 \u00a0 \u00a0 \u00a0 \u00a0 \u00a0 \u00a0 \u00a0 \u00a0 Adresa \/ Adresse Gdinj, Crijene Semlje, zapadno od Dugog Dolca \/ westlich von Dugi Dolac Lokacija \/ Position Latitude: &hellip; <a href=\"https:\/\/www.topohvar.at\/topo\/orte\/gj\/gj-tr-22-1\/\">Weiterlesen <span class=\"meta-nav\">&rarr;<\/span><\/a><\/p>\n","protected":false},"author":1,"featured_media":0,"parent":72,"menu_order":0,"comment_status":"closed","ping_status":"closed","template":"","meta":{"footnotes":""},"class_list":["post-43027","page","type-page","status-publish","hentry"],"_links":{"self":[{"href":"https:\/\/www.topohvar.at\/topo\/wp-json\/wp\/v2\/pages\/43027","targetHints":{"allow":["GET"]}}],"collection":[{"href":"https:\/\/www.topohvar.at\/topo\/wp-json\/wp\/v2\/pages"}],"about":[{"href":"https:\/\/www.topohvar.at\/topo\/wp-json\/wp\/v2\/types\/page"}],"author":[{"embeddable":true,"href":"https:\/\/www.topohvar.at\/topo\/wp-json\/wp\/v2\/users\/1"}],"replies":[{"embeddable":true,"href":"https:\/\/www.topohvar.at\/topo\/wp-json\/wp\/v2\/comments?post=43027"}],"version-history":[{"count":12,"href":"https:\/\/www.topohvar.at\/topo\/wp-json\/wp\/v2\/pages\/43027\/revisions"}],"predecessor-version":[{"id":59895,"href":"https:\/\/www.topohvar.at\/topo\/wp-json\/wp\/v2\/pages\/43027\/revisions\/59895"}],"up":[{"embeddable":true,"href":"https:\/\/www.topohvar.at\/topo\/wp-json\/wp\/v2\/pages\/72"}],"wp:attachment":[{"href":"https:\/\/www.topohvar.at\/topo\/wp-json\/wp\/v2\/media?parent=43027"}],"curies":[{"name":"wp","href":"https:\/\/api.w.org\/{rel}","templated":true}]}}