{"id":43078,"date":"2020-11-08T12:03:37","date_gmt":"2020-11-08T11:03:37","guid":{"rendered":"https:\/\/www.topohvar.at\/topo\/?page_id=43078"},"modified":"2022-06-22T08:24:31","modified_gmt":"2022-06-22T06:24:31","slug":"gj-tr-70-1","status":"publish","type":"page","link":"https:\/\/www.topohvar.at\/topo\/orte\/gj\/gj-tr-70-1\/","title":{"rendered":"GDINJ &#8211; Trim \u00bbGJ-TR-70\u00ab"},"content":{"rendered":"<p><a name=\"seite_oben\"><\/a><br \/>\n<strong><img loading=\"lazy\" decoding=\"async\" class=\"aligncenter wp-image-59110 size-full\" src=\"https:\/\/www.topohvar.at\/wp-content\/uploads\/2022\/05\/gj-tr-70-01.jpg\" alt=\"\" width=\"1080\" height=\"530\" srcset=\"https:\/\/www.topohvar.at\/wp-content\/uploads\/2022\/05\/gj-tr-70-01.jpg 1080w, https:\/\/www.topohvar.at\/wp-content\/uploads\/2022\/05\/gj-tr-70-01-300x147.jpg 300w, https:\/\/www.topohvar.at\/wp-content\/uploads\/2022\/05\/gj-tr-70-01-1024x503.jpg 1024w, https:\/\/www.topohvar.at\/wp-content\/uploads\/2022\/05\/gj-tr-70-01-768x377.jpg 768w\" sizes=\"auto, (max-width: 1080px) 100vw, 1080px\" \/><\/strong><\/p>\n<p><strong>Ime \/ Name<br \/>\n<\/strong>Trim \u00bbGJ-TR-70\u00ab<\/p>\n<p><strong>Code: <\/strong>GJ-TR-70\u00a0 \u00a0 \u00a0 \u00a0 \u00a0 \u00a0 \u00a0 \u00a0 \u00a0 \u00a0 \u00a0 \u00a0 \u00a0 \u00a0 <a href=\"https:\/\/www.topohvar.at\/orte\/gj\/gj-tr-00-1\/\"><img loading=\"lazy\" decoding=\"async\" class=\"alignnone wp-image-12300 size-full\" src=\"https:\/\/www.topohvar.at\/wp-content\/uploads\/2018\/09\/push-vor-30.jpg\" alt=\"\" width=\"61\" height=\"30\" \/><\/a>\u00a0<strong><a href=\"https:\/\/www.topohvar.at\/orte\/gj\/gj-tr-69-1\/\"><img loading=\"lazy\" decoding=\"async\" class=\"alignnone wp-image-533 size-full\" src=\"https:\/\/www.topohvar.at\/wp-content\/uploads\/2018\/07\/push-l-30.jpg\" alt=\"\" width=\"61\" height=\"30\" \/><\/a> <a href=\"https:\/\/www.topohvar.at\/orte\/gj\/\"><img loading=\"lazy\" decoding=\"async\" class=\"alignnone wp-image-535 size-full\" src=\"https:\/\/www.topohvar.at\/wp-content\/uploads\/2018\/07\/push-o-30.jpg\" alt=\"\" width=\"61\" height=\"30\" \/><\/a> <a href=\"https:\/\/www.topohvar.at\/orte\/gj\/gj-tr-90-1\/\"><img loading=\"lazy\" decoding=\"async\" class=\"alignnone wp-image-536 size-full\" src=\"https:\/\/www.topohvar.at\/wp-content\/uploads\/2018\/07\/push-r-30.jpg\" alt=\"\" width=\"61\" height=\"30\" \/><\/a><\/strong><\/p>\n<hr \/>\n<p><strong>Adresa \/ Adresse<br \/>\n<\/strong>Gdinj, Greben, sjeverozapadno od Dugog Dolca \/ nordwestlich von Dugi Dolac<\/p>\n<p><strong>Lokacija \/ Position<a href=\"https:\/\/goo.gl\/maps\/tHobJpnZ6eHJeJDQ8\"><img loading=\"lazy\" decoding=\"async\" class=\"alignright wp-image-43079\" src=\"https:\/\/www.topohvar.at\/wp-content\/uploads\/2020\/11\/2990.jpg\" alt=\"\" width=\"134\" height=\"100\" \/><\/a><br \/>\n<\/strong><a href=\"https:\/\/goo.gl\/maps\/tHobJpnZ6eHJeJDQ8\"><span style=\"color: #3366ff;\">Latitude: N 43,14218\u00b0\u00a0 \u00a0Longitude: E 16,89853\u00b0<\/span><\/a> <strong><br \/>\n<\/strong>Visina \/ H\u00f6he: 288 m<\/p>\n<p><strong>Katastarska \u010destica \/ Grundst\u00fccke<br \/>\n<\/strong>6084\/190, 6084\/192<div class='content-column one_half'><div style=\"padding-right:6px;\"><p><strong>Datum snimanja \/ Erfassungsdatum<br \/>\n<\/strong>05.05.2022 12:00:00<\/p>\n<hr \/>\n<p><strong>Informacije<\/strong><\/p>\n<p>Trim se nalazi na nekada\u0161njem poljoprivrednom podru\u010dju sjeverozapadno od Dugog Dolca. Trim \u010dini strukturnu cjelinu s trimom GJ-TR-69 i raznim kamenim zidovima. Na istoku se nalazi kamena ku\u0107a sa cisternom.<\/p><\/div><\/div><div class='content-column one_half last_column'><div style=\"padding-right:0px;padding-left:6px;\"><p><strong>Stupanj za\u0161tite \/ Schutzstellung<br \/>\n<\/strong>&#8211;<\/p>\n<hr \/>\n<p><strong>Info<\/strong><\/p>\n<p>Der Trim befindet sich in einem ehemals landwirtschaftlichen Bereich nordwestlich von Dugi Dolac. Der Trim bildet mit dem Trim GJ-TR-69 und diversen Steinmauern eine bauliche Einheit. \u00d6stlich anschlie\u00dfend befindet sich ein Steinhaus mit Zisterne.<\/p><\/div><\/div><div class='clear_column'><\/div><div class='content-column one_half'><div style=\"padding-right:6px;\"><p><img loading=\"lazy\" decoding=\"async\" class=\"aligncenter wp-image-59860 size-full\" src=\"https:\/\/www.topohvar.at\/wp-content\/uploads\/2022\/05\/tr-69-70-315.jpg\" alt=\"\" width=\"315\" height=\"211\" srcset=\"https:\/\/www.topohvar.at\/wp-content\/uploads\/2022\/05\/tr-69-70-315.jpg 315w, https:\/\/www.topohvar.at\/wp-content\/uploads\/2022\/05\/tr-69-70-315-300x201.jpg 300w\" sizes=\"auto, (max-width: 315px) 100vw, 315px\" \/><\/p><\/div><\/div><div class='content-column one_half last_column'><div style=\"padding-right:0px;padding-left:6px;\"><p>Trimi \/ Trims:<br \/>\nGJ-TR-69, <strong>GJ-TR-70<\/strong><\/p>\n<p>Gustirna \/ Zisterne:<br \/>\nGJ-OP-S2<\/p><\/div><\/div><div class='clear_column'><\/div><div class='content-column one_half'><div style=\"padding-right:6px;\"><p>Veliki jednostupanjski trim gotovo je u potpunosti unutar kamenih zidova. Vanjski zid s lijeve strane je dizajniran kao rub. Ispred ulaza se nalazi dvori\u0161te sazdano od kamenih zidova, od kojih su neki vrlo visoki. Gornji slojevi kamena na ju\u017enom zidu str\u0161e u dvori\u0161te. Visoki ulaz vodi do okrugle unutra\u0161njosti trima. Desno od ulaza je drugo dvori\u0161te, gdje se nalazi pristup trimu GJ-TR-69.<\/p><\/div><\/div><div class='content-column one_half last_column'><div style=\"padding-right:0px;padding-left:6px;\"><p>Der gro\u00dfe, einstufige Trim steckt fast zur G\u00e4nze in Steinmauern. Links hinten ist die Au\u00dfenwand als Kante ausgebildet. Vor dem Zugang ist ein Hof aus zum Teil sehr hohen Steinmauern gebildet. Die obersten Steinschichtungen an der s\u00fcdseitigen Mauer kragen in den Hof. Durch den hohen Eingang gelangt man in den runden Innenraum des Trims. Rechs vom Eingang gelangt man in einen zweiten Hof, wo sich der Zugang zum Trim GJ-TR-69 befindet.<\/p><\/div><\/div><div class='clear_column'><\/div><div class='content-column one_half'><div style=\"padding-right:6px;\"><p>Izvor: Hrvatska osnovna karta\u00a0&#8211; Geoportal DGU<\/p>\n<div id=\"attachment_59927\" style=\"width: 310px\" class=\"wp-caption aligncenter\"><img loading=\"lazy\" decoding=\"async\" aria-describedby=\"caption-attachment-59927\" class=\"size-medium wp-image-59927\" src=\"https:\/\/www.topohvar.at\/wp-content\/uploads\/2022\/06\/gj-tr-70-001-300x300.jpg\" alt=\"\" width=\"300\" height=\"300\" srcset=\"https:\/\/www.topohvar.at\/wp-content\/uploads\/2022\/06\/gj-tr-70-001-300x300.jpg 300w, https:\/\/www.topohvar.at\/wp-content\/uploads\/2022\/06\/gj-tr-70-001-150x150.jpg 150w, https:\/\/www.topohvar.at\/wp-content\/uploads\/2022\/06\/gj-tr-70-001.jpg 450w\" sizes=\"auto, (max-width: 300px) 100vw, 300px\" \/><p id=\"caption-attachment-59927\" class=\"wp-caption-text\">Ulat \/ Eingang<\/p><\/div><\/div><\/div><div class='content-column one_half last_column'><div style=\"padding-right:0px;padding-left:6px;\"><p>Quelle: Grundkarte Kroatiens\u00a0&#8211; Geoportal DGU<\/p>\n<div id=\"attachment_59928\" style=\"width: 310px\" class=\"wp-caption aligncenter\"><img loading=\"lazy\" decoding=\"async\" aria-describedby=\"caption-attachment-59928\" class=\"size-medium wp-image-59928\" src=\"https:\/\/www.topohvar.at\/wp-content\/uploads\/2022\/06\/gj-tr-70-08-300x300.jpg\" alt=\"\" width=\"300\" height=\"300\" srcset=\"https:\/\/www.topohvar.at\/wp-content\/uploads\/2022\/06\/gj-tr-70-08-300x300.jpg 300w, https:\/\/www.topohvar.at\/wp-content\/uploads\/2022\/06\/gj-tr-70-08-150x150.jpg 150w, https:\/\/www.topohvar.at\/wp-content\/uploads\/2022\/06\/gj-tr-70-08.jpg 450w\" sizes=\"auto, (max-width: 300px) 100vw, 300px\" \/><p id=\"caption-attachment-59928\" class=\"wp-caption-text\">Pogled prema jugu \/ Blick Richtung S\u00fcden<\/p><\/div><\/div><\/div><div class='clear_column'><\/div><div class='content-column one_half'><div style=\"padding-right:6px;\"><p>Dana 05.05.2022 trim GJ-TR-70 je posje\u0107en i ustanovljeno je sljede\u0107e:<\/p>\n<p>Lokacija: poljoprivredni sklop<br \/>\nPodloga: ravna<br \/>\nPovezan s: kamenim zidom<br \/>\nUpotreba: malo se koristi<br \/>\nStanje: dobro sa\u010duvan<br \/>\nBroj stepenica trima: 1<br \/>\nDodatni kameni prsten: nema kamenog prstena<br \/>\nStepeni\u0161te: nema<br \/>\nOblik kamena: uglast<br \/>\nPodru\u010dje ispred ulaza: lako dostupno<br \/>\nOrijentacija ulaza: I (100\u00b0)<br \/>\nPromjer trima (cm): 510<br \/>\nVisina trima (cm): 280<br \/>\nVisina stepenica (cm): stepenica 1: 250<br \/>\nDebljina zida (cm): 100<br \/>\n\u0160irina vrata (cm): 70<br \/>\nVisina vrata (cm): 135<br \/>\n\u0160irina unutra (cm): 260 &#8211; 310<br \/>\nVisina unutra (cm): 320<br \/>\nVolumen iznutra (m3): 11,89<br \/>\nNema ni\u0161e<\/p><\/div><\/div><div class='content-column one_half last_column'><div style=\"padding-right:0px;padding-left:6px;\"><p>Am 05.05.2022 wurde der Trim GJ-TR-70 besucht und n\u00e4her untersucht:<\/p>\n<p>Standort: landwirtsch. Gemenge<br \/>\nUntergrund: eben<br \/>\nVerbunden mit: Steinmauer<br \/>\nNutzung: kaum genutzt<br \/>\nZustand: gut erhalten<br \/>\nAnzahl der Trimstufen: 1<br \/>\nZus\u00e4tzlicher Steinring: kein Steinring<br \/>\nStiege: keine<br \/>\nSteinform: kantig<br \/>\nEingangsbereich: frei<br \/>\nEingangsseite: O (100\u00b0)<br \/>\nTrimdurchmesser (cm): 510<br \/>\nTrimh\u00f6he (cm): 280<br \/>\nH\u00f6he der Trimstufen (cm): Stufe 1: 250<br \/>\nWandst\u00e4rke (cm): 100<br \/>\nT\u00fcrbreite (cm): 70<br \/>\nT\u00fcrh\u00f6he (cm): 135<br \/>\nInnenraumbreite (cm): 260 &#8211; 310<br \/>\nInnenraumh\u00f6he (cm): 320<br \/>\nRaumvolumen (m3): 11,89<br \/>\nKeine Nische<\/p><\/div><\/div><div class='clear_column'><\/div><\/p>\n<p><img loading=\"lazy\" decoding=\"async\" class=\"aligncenter size-full wp-image-59929\" src=\"https:\/\/www.topohvar.at\/wp-content\/uploads\/2022\/06\/gj-tr-70-scan.jpg\" alt=\"\" width=\"640\" height=\"1224\" srcset=\"https:\/\/www.topohvar.at\/wp-content\/uploads\/2022\/06\/gj-tr-70-scan.jpg 640w, https:\/\/www.topohvar.at\/wp-content\/uploads\/2022\/06\/gj-tr-70-scan-157x300.jpg 157w, https:\/\/www.topohvar.at\/wp-content\/uploads\/2022\/06\/gj-tr-70-scan-535x1024.jpg 535w\" sizes=\"auto, (max-width: 640px) 100vw, 640px\" \/><\/p>\n<p style=\"text-align: right;\"><a href=\"#seite_oben\">natrag na vrh \/ Seitenanfang<\/a><\/p>\n<hr \/>\n<p><strong>Linkovi \/ Links<\/strong><\/p>\n<p><span style=\"color: #3366ff;\"><a style=\"color: #3366ff;\" href=\"https:\/\/www.topohvar.at\/topo\/orte\/gj\/gj-tr-69-1\/\">Trim \u00bbGJ-TR-69\u00ab<\/a><br \/>\n<a style=\"color: #3366ff;\" href=\"https:\/\/www.topohvar.at\/topo\/orte\/gj\/gj-op-00-k\/#op-s2\">Gustirna \/ Zisterne \u00bbGJ-OP-S2\u00ab<\/a><\/span><\/p>\n","protected":false},"excerpt":{"rendered":"<p>Ime \/ Name Trim \u00bbGJ-TR-70\u00ab Code: GJ-TR-70\u00a0 \u00a0 \u00a0 \u00a0 \u00a0 \u00a0 \u00a0 \u00a0 \u00a0 \u00a0 \u00a0 \u00a0 \u00a0 \u00a0 \u00a0 Adresa \/ Adresse Gdinj, Greben, sjeverozapadno od Dugog Dolca \/ nordwestlich von Dugi Dolac Lokacija \/ Position Latitude: N &hellip; <a href=\"https:\/\/www.topohvar.at\/topo\/orte\/gj\/gj-tr-70-1\/\">Weiterlesen <span class=\"meta-nav\">&rarr;<\/span><\/a><\/p>\n","protected":false},"author":1,"featured_media":0,"parent":72,"menu_order":0,"comment_status":"closed","ping_status":"closed","template":"","meta":{"footnotes":""},"class_list":["post-43078","page","type-page","status-publish","hentry"],"_links":{"self":[{"href":"https:\/\/www.topohvar.at\/topo\/wp-json\/wp\/v2\/pages\/43078","targetHints":{"allow":["GET"]}}],"collection":[{"href":"https:\/\/www.topohvar.at\/topo\/wp-json\/wp\/v2\/pages"}],"about":[{"href":"https:\/\/www.topohvar.at\/topo\/wp-json\/wp\/v2\/types\/page"}],"author":[{"embeddable":true,"href":"https:\/\/www.topohvar.at\/topo\/wp-json\/wp\/v2\/users\/1"}],"replies":[{"embeddable":true,"href":"https:\/\/www.topohvar.at\/topo\/wp-json\/wp\/v2\/comments?post=43078"}],"version-history":[{"count":15,"href":"https:\/\/www.topohvar.at\/topo\/wp-json\/wp\/v2\/pages\/43078\/revisions"}],"predecessor-version":[{"id":59930,"href":"https:\/\/www.topohvar.at\/topo\/wp-json\/wp\/v2\/pages\/43078\/revisions\/59930"}],"up":[{"embeddable":true,"href":"https:\/\/www.topohvar.at\/topo\/wp-json\/wp\/v2\/pages\/72"}],"wp:attachment":[{"href":"https:\/\/www.topohvar.at\/topo\/wp-json\/wp\/v2\/media?parent=43078"}],"curies":[{"name":"wp","href":"https:\/\/api.w.org\/{rel}","templated":true}]}}