{"id":43082,"date":"2020-11-08T12:09:08","date_gmt":"2020-11-08T11:09:08","guid":{"rendered":"https:\/\/www.topohvar.at\/topo\/?page_id=43082"},"modified":"2022-06-23T11:12:54","modified_gmt":"2022-06-23T09:12:54","slug":"gj-tr-28-1","status":"publish","type":"page","link":"https:\/\/www.topohvar.at\/topo\/orte\/gj\/gj-tr-28-1\/","title":{"rendered":"GDINJ &#8211; Trim \u00bbGJ-TR-28\u00ab"},"content":{"rendered":"<p><a name=\"seite_oben\"><\/a><br \/>\n<strong><img loading=\"lazy\" decoding=\"async\" class=\"aligncenter wp-image-59302 size-full\" src=\"https:\/\/www.topohvar.at\/wp-content\/uploads\/2022\/05\/gj-tr-28-01.jpg\" alt=\"\" width=\"1080\" height=\"530\" srcset=\"https:\/\/www.topohvar.at\/wp-content\/uploads\/2022\/05\/gj-tr-28-01.jpg 1080w, https:\/\/www.topohvar.at\/wp-content\/uploads\/2022\/05\/gj-tr-28-01-300x147.jpg 300w, https:\/\/www.topohvar.at\/wp-content\/uploads\/2022\/05\/gj-tr-28-01-1024x503.jpg 1024w, https:\/\/www.topohvar.at\/wp-content\/uploads\/2022\/05\/gj-tr-28-01-768x377.jpg 768w\" sizes=\"auto, (max-width: 1080px) 100vw, 1080px\" \/><\/strong><\/p>\n<p><strong>Ime \/ Name<br \/>\n<\/strong>Trim \u00bbGJ-TR-28\u00ab<\/p>\n<p><strong>Code: <\/strong>GJ-TR-28\u00a0 \u00a0 \u00a0 \u00a0 \u00a0 \u00a0 \u00a0 \u00a0 \u00a0 \u00a0 \u00a0 \u00a0 \u00a0 \u00a0 <a href=\"https:\/\/www.topohvar.at\/orte\/gj\/gj-tr-00-1\/\"><img loading=\"lazy\" decoding=\"async\" class=\"alignnone wp-image-12300 size-full\" src=\"https:\/\/www.topohvar.at\/wp-content\/uploads\/2018\/09\/push-vor-30.jpg\" alt=\"\" width=\"61\" height=\"30\" \/><\/a>\u00a0<strong><a href=\"https:\/\/www.topohvar.at\/orte\/gj\/gj-tr-82-1\/\"><img loading=\"lazy\" decoding=\"async\" class=\"alignnone wp-image-533 size-full\" src=\"https:\/\/www.topohvar.at\/wp-content\/uploads\/2018\/07\/push-l-30.jpg\" alt=\"\" width=\"61\" height=\"30\" \/><\/a> <a href=\"https:\/\/www.topohvar.at\/orte\/gj\/\"><img loading=\"lazy\" decoding=\"async\" class=\"alignnone wp-image-535 size-full\" src=\"https:\/\/www.topohvar.at\/wp-content\/uploads\/2018\/07\/push-o-30.jpg\" alt=\"\" width=\"61\" height=\"30\" \/><\/a> <a href=\"https:\/\/www.topohvar.at\/orte\/gj\/gj-tr-a0-1\/\"><img loading=\"lazy\" decoding=\"async\" class=\"alignnone wp-image-536 size-full\" src=\"https:\/\/www.topohvar.at\/wp-content\/uploads\/2018\/07\/push-r-30.jpg\" alt=\"\" width=\"61\" height=\"30\" \/><\/a><\/strong><\/p>\n<hr \/>\n<p><strong>Adresa \/ Adresse<br \/>\n<\/strong>Gdinj, Greben, sjeverozapadno od Dugog Dolca \/ nordwestlich von Dugi Dolac<\/p>\n<p><strong>Lokacija \/ Position<a href=\"https:\/\/goo.gl\/maps\/xjNjDdfXynH8GUdC9\"><img loading=\"lazy\" decoding=\"async\" class=\"alignright wp-image-43083\" src=\"https:\/\/www.topohvar.at\/wp-content\/uploads\/2020\/11\/3004.jpg\" alt=\"\" width=\"134\" height=\"100\" \/><\/a><br \/>\n<\/strong><a href=\"https:\/\/goo.gl\/maps\/xjNjDdfXynH8GUdC9\"><span style=\"color: #3366ff;\">Latitude: N 43,14203\u00b0\u00a0 \u00a0Longitude: E 16,89178\u00b0<\/span><\/a> <strong><br \/>\n<\/strong>Visina \/ H\u00f6he: 214 m<\/p>\n<p><strong>Katastarska \u010destica \/ Grundst\u00fccke<br \/>\n<\/strong>2964\/77<div class='content-column one_half'><div style=\"padding-right:6px;\"><p><strong>Datum snimanja \/ Erfassungsdatum<br \/>\n<\/strong>11.05.2022 10:45:00<\/p>\n<hr \/>\n<p><strong>Informacije<\/strong><\/p>\n<p>Dvostupanjski trim se nalazi sjeverozapadno od sela Dugi Dolac, u blizini brda Greben. Osim ulaznog dijela, njegova prednja strana je jako o\u0161te\u0107ena i prijeti opasnost od uru\u0161avanja. Visoki ulaz vodi u visoku, okruglu unutra\u0161njost. Trim se vi\u0161e ne koristi.<\/p><\/div><\/div><div class='content-column one_half last_column'><div style=\"padding-right:0px;padding-left:6px;\"><p><strong>Stupanj za\u0161tite \/ Schutzstellung<br \/>\n<\/strong>&#8211;<\/p>\n<hr \/>\n<p><strong>Info<\/strong><\/p>\n<p>Der zweistufige Trim befindet sich nordwestlich der Ortschaft Dugi Dolac, nahe des H\u00fcgels Greben. Seine Vorderseite ist bis auf den Eingangsbereich stark besch\u00e4digt und einsturzgef\u00e4hrdet. Durch den hohen Eingang gelangt man in den hohen, runden Innenraum. Der Trim wird nicht mehr genutzt.<\/p><\/div><\/div><div class='clear_column'><\/div><div class='content-column one_half'><div style=\"padding-right:6px;\"><p>Izvor: Hrvatska osnovna karta\u00a0&#8211; Geoportal DGU<\/p>\n<div id=\"attachment_60055\" style=\"width: 310px\" class=\"wp-caption aligncenter\"><img loading=\"lazy\" decoding=\"async\" aria-describedby=\"caption-attachment-60055\" class=\"size-medium wp-image-60055\" src=\"https:\/\/www.topohvar.at\/wp-content\/uploads\/2022\/06\/gj-tr-28-001-300x300.jpg\" alt=\"\" width=\"300\" height=\"300\" srcset=\"https:\/\/www.topohvar.at\/wp-content\/uploads\/2022\/06\/gj-tr-28-001-300x300.jpg 300w, https:\/\/www.topohvar.at\/wp-content\/uploads\/2022\/06\/gj-tr-28-001-150x150.jpg 150w, https:\/\/www.topohvar.at\/wp-content\/uploads\/2022\/06\/gj-tr-28-001.jpg 450w\" sizes=\"auto, (max-width: 300px) 100vw, 300px\" \/><p id=\"caption-attachment-60055\" class=\"wp-caption-text\">Ulaz \/ Eingang<\/p><\/div>\n<p>Dana 11.05.2022 trim GJ-TR-28 je posje\u0107en i ustanovljeno je sljede\u0107e:<\/p>\n<p>Lokacija: maslinik<br \/>\nPodloga: padina<br \/>\nPovezan s: nije povezan, samostoje\u0107i, izoliran<br \/>\nUpotreba: ne koristi se<br \/>\nStanje: dijelovi su se sru\u0161ili<br \/>\nBroj stepenica trima: 1<br \/>\nDodatni kameni prsten: nema kamenog prstena<br \/>\nStepeni\u0161te: nema<br \/>\nOblik kamena: uglast<br \/>\nPodru\u010dje ispred ulaza: lako dostupno<br \/>\nOrijentacija ulaza: Z (270\u00b0)<br \/>\nPromjer trima (cm): 380<br \/>\nVisina trima (cm): 260<br \/>\nVisina stepenica (cm): stepenica 1: 200<br \/>\nDebljina zida (cm): 70<br \/>\n\u0160irina vrata (cm): 65<br \/>\nVisina vrata (cm): 115<br \/>\n\u0160irina unutra (cm): 210 &#8211; 240<br \/>\nVisina unutra (cm): 240<br \/>\nVolumen iznutra (m3): 6,39<br \/>\nNema ni\u0161e<\/p><\/div><\/div><div class='content-column one_half last_column'><div style=\"padding-right:0px;padding-left:6px;\"><p>Quelle: Grundkarte Kroatiens\u00a0&#8211; Geoportal DGU<\/p>\n<div id=\"attachment_60056\" style=\"width: 310px\" class=\"wp-caption aligncenter\"><img loading=\"lazy\" decoding=\"async\" aria-describedby=\"caption-attachment-60056\" class=\"size-medium wp-image-60056\" src=\"https:\/\/www.topohvar.at\/wp-content\/uploads\/2022\/06\/gj-tr-28-02-300x300.jpg\" alt=\"\" width=\"300\" height=\"300\" srcset=\"https:\/\/www.topohvar.at\/wp-content\/uploads\/2022\/06\/gj-tr-28-02-300x300.jpg 300w, https:\/\/www.topohvar.at\/wp-content\/uploads\/2022\/06\/gj-tr-28-02-150x150.jpg 150w, https:\/\/www.topohvar.at\/wp-content\/uploads\/2022\/06\/gj-tr-28-02.jpg 450w\" sizes=\"auto, (max-width: 300px) 100vw, 300px\" \/><p id=\"caption-attachment-60056\" class=\"wp-caption-text\">Pogled na sjeveroistok \/ Blick nach Nordost<\/p><\/div>\n<p>Am 11.05.2022 wurde der Trim GJ-TR-28 besucht und n\u00e4her untersucht:<\/p>\n<p>Standort: Olivenhain<br \/>\nUntergrund: Hanglage<br \/>\nVerbunden mit: freistehend<br \/>\nNutzung: ungenutzt<br \/>\nZustand: Teile abgest\u00fcrzt<br \/>\nAnzahl der Trimstufen: 1<br \/>\nZus\u00e4tzlicher Steinring: kein Steinring<br \/>\nStiege: keine<br \/>\nSteinform: kantig<br \/>\nEingangsbereich: frei<br \/>\nEingangsseite: W (270\u00b0)<br \/>\nTrimdurchmesser (cm): 380<br \/>\nTrimh\u00f6he (cm): 260<br \/>\nH\u00f6he der Trimstufen (cm): Stufe 1: 200<br \/>\nWandst\u00e4rke (cm): 70<br \/>\nT\u00fcrbreite (cm): 65<br \/>\nT\u00fcrh\u00f6he (cm): 115<br \/>\nInnenraumbreite (cm): 210 &#8211; 240<br \/>\nInnenraumh\u00f6he (cm): 240<br \/>\nRaumvolumen (m3): 6,39<br \/>\nKeine Nische<\/p><\/div><\/div><div class='clear_column'><\/div><\/p>\n<p><img loading=\"lazy\" decoding=\"async\" class=\"aligncenter size-full wp-image-60054\" src=\"https:\/\/www.topohvar.at\/wp-content\/uploads\/2022\/06\/gj-tr-28-scan.jpg\" alt=\"\" width=\"640\" height=\"954\" srcset=\"https:\/\/www.topohvar.at\/wp-content\/uploads\/2022\/06\/gj-tr-28-scan.jpg 640w, https:\/\/www.topohvar.at\/wp-content\/uploads\/2022\/06\/gj-tr-28-scan-201x300.jpg 201w\" sizes=\"auto, (max-width: 640px) 100vw, 640px\" \/><\/p>\n<p style=\"text-align: right;\"><span style=\"color: #3366ff;\"><a style=\"color: #3366ff;\" href=\"#seite_oben\">natrag na vrh \/ Seitenanfang<\/a><\/span><\/p>\n<hr \/>\n<p><strong>Linkovi \/ Links<\/strong><\/p>\n<p>&#8211;<\/p>\n","protected":false},"excerpt":{"rendered":"<p>Ime \/ Name Trim \u00bbGJ-TR-28\u00ab Code: GJ-TR-28\u00a0 \u00a0 \u00a0 \u00a0 \u00a0 \u00a0 \u00a0 \u00a0 \u00a0 \u00a0 \u00a0 \u00a0 \u00a0 \u00a0 \u00a0 Adresa \/ Adresse Gdinj, Greben, sjeverozapadno od Dugog Dolca \/ nordwestlich von Dugi Dolac Lokacija \/ Position Latitude: N &hellip; <a href=\"https:\/\/www.topohvar.at\/topo\/orte\/gj\/gj-tr-28-1\/\">Weiterlesen <span class=\"meta-nav\">&rarr;<\/span><\/a><\/p>\n","protected":false},"author":1,"featured_media":0,"parent":72,"menu_order":0,"comment_status":"closed","ping_status":"closed","template":"","meta":{"footnotes":""},"class_list":["post-43082","page","type-page","status-publish","hentry"],"_links":{"self":[{"href":"https:\/\/www.topohvar.at\/topo\/wp-json\/wp\/v2\/pages\/43082","targetHints":{"allow":["GET"]}}],"collection":[{"href":"https:\/\/www.topohvar.at\/topo\/wp-json\/wp\/v2\/pages"}],"about":[{"href":"https:\/\/www.topohvar.at\/topo\/wp-json\/wp\/v2\/types\/page"}],"author":[{"embeddable":true,"href":"https:\/\/www.topohvar.at\/topo\/wp-json\/wp\/v2\/users\/1"}],"replies":[{"embeddable":true,"href":"https:\/\/www.topohvar.at\/topo\/wp-json\/wp\/v2\/comments?post=43082"}],"version-history":[{"count":14,"href":"https:\/\/www.topohvar.at\/topo\/wp-json\/wp\/v2\/pages\/43082\/revisions"}],"predecessor-version":[{"id":60057,"href":"https:\/\/www.topohvar.at\/topo\/wp-json\/wp\/v2\/pages\/43082\/revisions\/60057"}],"up":[{"embeddable":true,"href":"https:\/\/www.topohvar.at\/topo\/wp-json\/wp\/v2\/pages\/72"}],"wp:attachment":[{"href":"https:\/\/www.topohvar.at\/topo\/wp-json\/wp\/v2\/media?parent=43082"}],"curies":[{"name":"wp","href":"https:\/\/api.w.org\/{rel}","templated":true}]}}