{"id":4309,"date":"2018-08-10T14:05:54","date_gmt":"2018-08-10T12:05:54","guid":{"rendered":"https:\/\/www.topohvar.at\/?page_id=4309"},"modified":"2021-04-19T11:52:40","modified_gmt":"2021-04-19T09:52:40","slug":"sg-tg-17-1","status":"publish","type":"page","link":"https:\/\/www.topohvar.at\/topo\/orte\/sg\/sg-tg-17-1\/","title":{"rendered":"STARI GRAD &#8211; Zgrada gospodarske \u00bbVinarija\u00ab"},"content":{"rendered":"<p><a name=\"seite_oben\"><\/a><br \/>\n<img loading=\"lazy\" decoding=\"async\" class=\"alignnone wp-image-4223 size-large\" src=\"https:\/\/www.topohvar.at\/wp-content\/uploads\/2018\/08\/sg-tg-17-0-1024x503.jpg\" alt=\"\" width=\"640\" height=\"314\" srcset=\"https:\/\/www.topohvar.at\/wp-content\/uploads\/2018\/08\/sg-tg-17-0-1024x503.jpg 1024w, https:\/\/www.topohvar.at\/wp-content\/uploads\/2018\/08\/sg-tg-17-0-300x147.jpg 300w, https:\/\/www.topohvar.at\/wp-content\/uploads\/2018\/08\/sg-tg-17-0-768x377.jpg 768w, https:\/\/www.topohvar.at\/wp-content\/uploads\/2018\/08\/sg-tg-17-0.jpg 1080w\" sizes=\"auto, (max-width: 640px) 100vw, 640px\" \/><\/p>\n<p><strong>Ime \/ Name<br \/>\n<\/strong>Zgrada gospodarske \u00bbVinarija\u00ab \/ Wirtschaftsgeb\u00e4ude Kellerei<\/p>\n<p><strong>Code: <\/strong>SG-TG-17\u00a0 \u00a0 \u00a0 \u00a0 \u00a0 \u00a0 \u00a0 \u00a0 \u00a0 \u00a0 \u00a0 \u00a0 \u00a0 \u00a0 \u00a0 \u00a0 \u00a0 \u00a0<a href=\"https:\/\/www.topohvar.at\/orte\/sg\/sg-tg-26-1\/\"><img loading=\"lazy\" decoding=\"async\" class=\"alignnone wp-image-12300 size-full\" src=\"https:\/\/www.topohvar.at\/wp-content\/uploads\/2018\/09\/push-vor-30.jpg\" alt=\"\" width=\"61\" height=\"30\" \/><\/a>\u00a0<strong><a href=\"https:\/\/www.topohvar.at\/orte\/sg\/sg-tg-42-1\/\"><img loading=\"lazy\" decoding=\"async\" class=\"alignnone wp-image-533 size-full\" src=\"https:\/\/www.topohvar.at\/wp-content\/uploads\/2018\/07\/push-l-30.jpg\" alt=\"\" width=\"61\" height=\"30\" \/><\/a> <a href=\"https:\/\/www.topohvar.at\/orte\/sg\/\"><img loading=\"lazy\" decoding=\"async\" class=\"alignnone wp-image-535 size-full\" src=\"https:\/\/www.topohvar.at\/wp-content\/uploads\/2018\/07\/push-o-30.jpg\" alt=\"\" width=\"61\" height=\"30\" \/><\/a> <a href=\"https:\/\/www.topohvar.at\/orte\/sg\/sg-tg-37-1\/\"><img loading=\"lazy\" decoding=\"async\" class=\"alignnone wp-image-536 size-full\" src=\"https:\/\/www.topohvar.at\/wp-content\/uploads\/2018\/07\/push-r-30.jpg\" alt=\"\" width=\"61\" height=\"30\" \/><\/a>\u00a0<a href=\"https:\/\/www.topohvar.at\/orte\/sg\/sg-tg-03-1\/\"><img loading=\"lazy\" decoding=\"async\" class=\"alignnone wp-image-12299 size-full\" src=\"https:\/\/www.topohvar.at\/wp-content\/uploads\/2018\/09\/push-next-30.jpg\" alt=\"\" width=\"61\" height=\"30\" \/><\/a><\/strong><\/p>\n<hr \/>\n<p><strong>Adresa \/ Adresse<br \/>\n<\/strong>Stari Grad, Put Kri\u017ea 1,<\/p>\n<p><strong>Lokacija \/ Position<a href=\"https:\/\/goo.gl\/maps\/2Fr4wEMuUcxxQbE48\"><img loading=\"lazy\" decoding=\"async\" class=\"alignright wp-image-3061\" src=\"https:\/\/www.topohvar.at\/wp-content\/uploads\/2018\/08\/1221.jpg\" alt=\"\" width=\"133\" height=\"100\" \/><\/a><br \/>\n<\/strong><span style=\"color: #3366ff;\"><a style=\"color: #3366ff;\" href=\"https:\/\/goo.gl\/maps\/2Fr4wEMuUcxxQbE48\">Latitude: N 43,18385\u00b0\u00a0 \u00a0Longitude: E 16,60258\u00b0<\/a> <\/span><strong><br \/>\n<\/strong>Visina \/ H\u00f6he: 2 m<\/p>\n<p><strong>Katastarska \u010destica \/ Grundst\u00fccke<br \/>\n<\/strong>*1335, 4451, 4454\/1, 4454\/2, 4453\/5<div class='content-column one_half'><div style=\"padding-right:6px;\"><p><strong>Datum snimanja \/ Erfassungsdatum<br \/>\n<\/strong>12.10.2015 17:03:00<\/p>\n<hr \/>\n<p><strong>Informacije<\/strong><\/p>\n<p>Zgradu Vinarije projektirao je arhitekt Stanko Fabris koji je osim te, projektirao niz vinarija i tvorinca u regiji, u suradnji sa in\u017eenjerom gra\u0111evine Aljo\u0161om \u017dankom. Gradnja zgrade zapo\u010dela je 1949. a zavr\u0161ila 1952. godine. Za potrebe izgradnje, vlasnici zemalja besplatno su ustupili teren. Za\u010detnik gradnje bio je in\u017eenjer Vanja \u017eanko, prijeratni enolog. Zgradu Vinarije kao vrijedan primjer industrijske arhitekture stavljena pod preventivnu za\u0161titu 2015.g.<\/p><\/div><\/div><div class='content-column one_half last_column'><div style=\"padding-right:0px;padding-left:6px;\"><p><strong>Stupanj za\u0161tite \/ Schutzstellung<br \/>\n<\/strong>P-5163 (do 20.7.2015)<\/p>\n<hr \/>\n<p><strong>Info<\/strong><\/p>\n<p>Die Weinkellerei ist ein Werk des Architekten Stanko Fabris, der au\u00dfer dieser eine Reihe von Weing\u00fctern und H\u00f6fen in der Region entwarf. Der Bau erfolgte in Zusammenarbeit mit dem Ingenieur Aljo\u0161a Zanki, begann 1949 und endete 1952. Das Grundst\u00fcck wurde vom Eigent\u00fcmer f\u00fcr den Bauzweck kostenlos zu Verf\u00fcgung gestellt. Der Bauherr war ein Ingenieur Vanja Zanko, \u00d6nologe aus der Vorkriegszeit. Die Weinkellerei ist ein bemerkenswertes Beispiel der Industriearchitektur und wurde im Jahr 2015 unter Pr\u00e4ventivschutz gestellt.<\/p><\/div><\/div><div class='clear_column'><\/div><div class='content-column one_half'><div style=\"padding-right:6px;\"><p>Poduze\u010de je obustavljen 2015. godine.<\/p>\n<p>Registar kulturnih dobara Republike Hrvatske br. 04\/2015. Lista preventivno za\u0161ti\u0107enih kulturnih dobara. Datum tiskanog izdanja: 20.7.2015. Istek za\u0161tite: 20.7.2018. Broj registra P-5163<\/p><\/div><\/div><div class='content-column one_half last_column'><div style=\"padding-right:0px;padding-left:6px;\"><p>Der Betrieb wurde im Jahr 2015 still gelegt.<\/p>\n<p>Register der Kulturg\u00fcter der Republik Kroatien Nr. 04\/2015, Liste pr\u00e4ventiv gesch\u00fctzter Kulturg\u00fcter. Ver\u00f6ffentlichungsdatum: 20.7.2015. Schutz bis 20.7.2018. Registriernummer P-5163.<\/div><\/div><div class='clear_column'><\/div><\/p>\n<div id=\"attachment_28274\" style=\"width: 650px\" class=\"wp-caption alignnone\"><img loading=\"lazy\" decoding=\"async\" aria-describedby=\"caption-attachment-28274\" class=\"wp-image-28274 size-large\" src=\"https:\/\/www.topohvar.at\/wp-content\/uploads\/2020\/01\/sg-tg-17-7-1024x503.jpg\" alt=\"\" width=\"640\" height=\"314\" srcset=\"https:\/\/www.topohvar.at\/wp-content\/uploads\/2020\/01\/sg-tg-17-7-1024x503.jpg 1024w, https:\/\/www.topohvar.at\/wp-content\/uploads\/2020\/01\/sg-tg-17-7-300x147.jpg 300w, https:\/\/www.topohvar.at\/wp-content\/uploads\/2020\/01\/sg-tg-17-7-768x377.jpg 768w, https:\/\/www.topohvar.at\/wp-content\/uploads\/2020\/01\/sg-tg-17-7.jpg 1100w\" sizes=\"auto, (max-width: 640px) 100vw, 640px\" \/><p id=\"caption-attachment-28274\" class=\"wp-caption-text\">Sve\u010dano otvorenje Vinarije 14. Rujna 1952 \/ Er\u00f6ffnungsfeier am 14. September 1952<br \/>Izvor \/ Quelle: Drago Radoslavi\u0107, \u201eGlazba za sva vremena\u201c<\/p><\/div>\n<p style=\"text-align: right;\"><a href=\"#seite_oben\">natrag na vrh \/ Seitenanfang<\/a><\/p>\n<hr \/>\n<p><strong>Linkovi \/ Links<\/strong><\/p>\n<p><span style=\"color: #3366ff;\"><a style=\"color: #3366ff;\" href=\"https:\/\/www.topohvar.at\/topo\/orte\/sg\/sg-mo-06-2\/\">Bista \u00bbIvana Lu\u010di\u0107-Lav\u010devi\u0107a\u00ab \/ B\u00fcste des Ivan Lu\u010di\u0107-Lav\u010devi\u0107<\/a><br \/>\n<\/span><span style=\"color: #3366ff;\"><a style=\"color: #3366ff;\" href=\"https:\/\/www.topohvar.at\/topo\/orte\/sg\/sg-is-20-2\/\">Spomen plo\u010da \u00bbVinarija Ivan Lu\u010di\u0107-Lav\u010devi\u0107\u00ab \/ Gedenktafel Kellerei Ivan Lu\u010di\u0107-Lav\u010devi\u0107<\/a><br \/>\n<a style=\"color: #3366ff;\" href=\"https:\/\/www.topohvar.at\/topo\/orte\/sg\/sg-ir-10-2\/\">Reljef \u00bbna vinariju\u00ab \/ Relief an der Vinaria<\/a><br \/>\n<\/span><\/p>\n","protected":false},"excerpt":{"rendered":"<p>Ime \/ Name Zgrada gospodarske \u00bbVinarija\u00ab \/ Wirtschaftsgeb\u00e4ude Kellerei Code: SG-TG-17\u00a0 \u00a0 \u00a0 \u00a0 \u00a0 \u00a0 \u00a0 \u00a0 \u00a0 \u00a0 \u00a0 \u00a0 \u00a0 \u00a0 \u00a0 \u00a0 \u00a0 \u00a0\u00a0 \u00a0 Adresa \/ Adresse Stari Grad, Put Kri\u017ea 1, Lokacija \/ Position &hellip; <a href=\"https:\/\/www.topohvar.at\/topo\/orte\/sg\/sg-tg-17-1\/\">Weiterlesen <span class=\"meta-nav\">&rarr;<\/span><\/a><\/p>\n","protected":false},"author":1,"featured_media":0,"parent":99,"menu_order":0,"comment_status":"closed","ping_status":"closed","template":"","meta":{"footnotes":""},"class_list":["post-4309","page","type-page","status-publish","hentry"],"_links":{"self":[{"href":"https:\/\/www.topohvar.at\/topo\/wp-json\/wp\/v2\/pages\/4309","targetHints":{"allow":["GET"]}}],"collection":[{"href":"https:\/\/www.topohvar.at\/topo\/wp-json\/wp\/v2\/pages"}],"about":[{"href":"https:\/\/www.topohvar.at\/topo\/wp-json\/wp\/v2\/types\/page"}],"author":[{"embeddable":true,"href":"https:\/\/www.topohvar.at\/topo\/wp-json\/wp\/v2\/users\/1"}],"replies":[{"embeddable":true,"href":"https:\/\/www.topohvar.at\/topo\/wp-json\/wp\/v2\/comments?post=4309"}],"version-history":[{"count":19,"href":"https:\/\/www.topohvar.at\/topo\/wp-json\/wp\/v2\/pages\/4309\/revisions"}],"predecessor-version":[{"id":48233,"href":"https:\/\/www.topohvar.at\/topo\/wp-json\/wp\/v2\/pages\/4309\/revisions\/48233"}],"up":[{"embeddable":true,"href":"https:\/\/www.topohvar.at\/topo\/wp-json\/wp\/v2\/pages\/99"}],"wp:attachment":[{"href":"https:\/\/www.topohvar.at\/topo\/wp-json\/wp\/v2\/media?parent=4309"}],"curies":[{"name":"wp","href":"https:\/\/api.w.org\/{rel}","templated":true}]}}