{"id":43257,"date":"2020-11-09T06:58:33","date_gmt":"2020-11-09T05:58:33","guid":{"rendered":"https:\/\/www.topohvar.at\/topo\/?page_id=43257"},"modified":"2024-11-23T15:27:00","modified_gmt":"2024-11-23T14:27:00","slug":"gj-tr-20-1","status":"publish","type":"page","link":"https:\/\/www.topohvar.at\/topo\/orte\/gj\/gj-tr-20-1\/","title":{"rendered":"GDINJ &#8211; Trim \u00bbGJ-TR-20\u00ab"},"content":{"rendered":"<p><a name=\"seite_oben\"><\/a><br \/>\n<strong><img loading=\"lazy\" decoding=\"async\" class=\"aligncenter wp-image-70050 size-full\" src=\"https:\/\/www.topohvar.at\/wp-content\/uploads\/2024\/11\/gj-tr-20-0.jpg\" alt=\"\" width=\"1080\" height=\"530\" srcset=\"https:\/\/www.topohvar.at\/wp-content\/uploads\/2024\/11\/gj-tr-20-0.jpg 1080w, https:\/\/www.topohvar.at\/wp-content\/uploads\/2024\/11\/gj-tr-20-0-300x147.jpg 300w, https:\/\/www.topohvar.at\/wp-content\/uploads\/2024\/11\/gj-tr-20-0-1024x503.jpg 1024w, https:\/\/www.topohvar.at\/wp-content\/uploads\/2024\/11\/gj-tr-20-0-768x377.jpg 768w\" sizes=\"auto, (max-width: 1080px) 100vw, 1080px\" \/><\/strong><\/p>\n<p><strong>Ime \/ Name<br \/>\n<\/strong>Trim \u00bbGJ-TR-20\u00ab<\/p>\n<p><strong>Code: <\/strong>GJ-TR-20\u00a0 \u00a0 \u00a0 \u00a0 \u00a0 \u00a0 \u00a0 \u00a0 \u00a0 \u00a0 \u00a0 \u00a0 \u00a0 \u00a0 <a href=\"https:\/\/www.topohvar.at\/orte\/gj\/gj-tr-00-1\/\"><img loading=\"lazy\" decoding=\"async\" class=\"alignnone wp-image-12300 size-full\" src=\"https:\/\/www.topohvar.at\/wp-content\/uploads\/2018\/09\/push-vor-30.jpg\" alt=\"\" width=\"61\" height=\"30\" \/><\/a>\u00a0<strong><a href=\"https:\/\/www.topohvar.at\/orte\/gj\/gj-tr-b0-1\/\"><img loading=\"lazy\" decoding=\"async\" class=\"alignnone wp-image-533 size-full\" src=\"https:\/\/www.topohvar.at\/wp-content\/uploads\/2018\/07\/push-l-30.jpg\" alt=\"\" width=\"61\" height=\"30\" \/><\/a> <a href=\"https:\/\/www.topohvar.at\/orte\/gj\/\"><img loading=\"lazy\" decoding=\"async\" class=\"alignnone wp-image-535 size-full\" src=\"https:\/\/www.topohvar.at\/wp-content\/uploads\/2018\/07\/push-o-30.jpg\" alt=\"\" width=\"61\" height=\"30\" \/><\/a> <a href=\"https:\/\/www.topohvar.at\/orte\/gj\/gj-tr-98-1\/\"><img loading=\"lazy\" decoding=\"async\" class=\"alignnone wp-image-536 size-full\" src=\"https:\/\/www.topohvar.at\/wp-content\/uploads\/2018\/07\/push-r-30.jpg\" alt=\"\" width=\"61\" height=\"30\" \/><\/a><\/strong><\/p>\n<hr \/>\n<p><strong>Adresa \/ Adresse<br \/>\n<\/strong>Gdinj, jugoisto\u010dno od Dugog Dolca \/ s\u00fcd\u00f6stlich von Dugi Dolac<\/p>\n<p><strong>Lokacija \/ Position<a href=\"https:\/\/goo.gl\/maps\/Ba3wUa2KhENdjsKX9\"><img loading=\"lazy\" decoding=\"async\" class=\"alignright wp-image-43258\" src=\"https:\/\/www.topohvar.at\/wp-content\/uploads\/2020\/11\/2940.jpg\" alt=\"\" width=\"134\" height=\"100\" \/><\/a><br \/>\n<\/strong><a href=\"https:\/\/goo.gl\/maps\/Ba3wUa2KhENdjsKX9\"><span style=\"color: #3366ff;\">Latitude: N 43,12767\u00b0\u00a0 \u00a0Longitude: E 16,93663\u00b0<\/span><\/a> <strong><br \/>\n<\/strong>Visina \/ H\u00f6he: 280 m<\/p>\n<p><strong>Katastarska \u010destica \/ Grundst\u00fccke<br \/>\n<\/strong>1989\/1<div class='content-column one_half'><div style=\"padding-right:6px;\"><p><strong>Datum snimanja \/ Erfassungsdatum<br \/>\n<\/strong>09.10.2024 11:38:48<\/p>\n<hr \/>\n<p><strong>Informacije<\/strong><\/p>\n<p>Trim se nalazi ju\u017eno od naselja, te\u0161ko dostupan u zaobilaznom strmom terenu. Za\u0161to je trim ovdje &#8211; u \u0161umskom i grmovitom podru\u010dju izgra\u0111en, je zna\u010dajno, jer se \u010dak i na starijim kartama ovdje jedva nalaze obra\u0111ene povr\u0161ine.<\/p><\/div><\/div><div class='content-column one_half last_column'><div style=\"padding-right:0px;padding-left:6px;\"><p><strong>Stupanj za\u0161tite \/ Schutzstellung<br \/>\n<\/strong>&#8211;<\/p>\n<hr \/>\n<p><strong>Info<\/strong><\/p>\n<p>Der Trim\u00a0 befindet sich s\u00fcdlich der Ortschaft, schwer erreichbar in umwegigem\u00a0 absch\u00fcssigem Gel\u00e4nde. Warum der Trim hier &#8211; in Wald- und Buschland errichtet wurde,\u00a0 ist bemerkenswert, da sich hier auch in \u00e4lteren Landkarten kaum bewirtschaftete Fl\u00e4chen finden.<\/p><\/div><\/div><div class='clear_column'><\/div><div class='content-column one_half'><div style=\"padding-right:6px;\"><p>Izgra\u0111en je na djelomi\u010dno stjenovitom, strmom terenu. Unato\u010d te\u0161kim uvjetima tla, trim je vrlo pa\u017eljivo integriran u razli\u010dite razine svog okru\u017eenja pomo\u0107u kamenih i potpornih zidova.<\/p><\/div><\/div><div class='content-column one_half last_column'><div style=\"padding-right:0px;padding-left:6px;\"><p>Er wurde auf teilweise felsigem, absch\u00fcssigem Untergrund errichtet. Trotz der schwierigen Bodenbeschaffenheit wurde der Trim in die verschiedenen Niveaus seines Umfeldes mittels Stein- und St\u00fctzmauern sehr sorgf\u00e4ltig integriert.<\/p><\/div><\/div><div class='clear_column'><\/div><div class='content-column one_half'><div style=\"padding-right:6px;\"><p>Dvostupanjski trim ima kru\u017eni oblik izvana i iznutra. Donja druga razina zavr\u0161ava ravnim krovom s vrlo velikom zavr\u0161nom plo\u010dom iznad kupole unutarnjeg prostora. Trim je dobro o\u010duvan, ali se vi\u0161e ne koristi.<\/p><\/div><\/div><div class='content-column one_half last_column'><div style=\"padding-right:0px;padding-left:6px;\"><p>Der zweistufige Trim hat au\u00dfen und innen eine kreisrunde Form. Die niedrige zweite Stufe endet in einem flachen Dach mit einer sehr gro\u00dfen Abschlussplatte \u00fcber der Kuppel des Innenraumes. Der Trim ist gut erhalten, wird aber nicht mehr genutzt.<\/p><\/div><\/div><div class='clear_column'><\/div><div class='content-column one_half'><div style=\"padding-right:6px;\"><p>Izvor: Hrvatska osnovna karta\u00a0&#8211; Geoportal DGU<\/p><\/div><\/div><div class='content-column one_half last_column'><div style=\"padding-right:0px;padding-left:6px;\"><p>Quelle: Grundkarte Kroatiens &#8211; Geoportal DGU<\/p><\/div><\/div><div class='clear_column'><\/div><div class='content-column one_half'><div style=\"padding-right:6px;\"><div id=\"attachment_70498\" style=\"width: 310px\" class=\"wp-caption aligncenter\"><img loading=\"lazy\" decoding=\"async\" aria-describedby=\"caption-attachment-70498\" class=\"wp-image-70498 size-medium\" src=\"https:\/\/www.topohvar.at\/wp-content\/uploads\/2024\/11\/gj-tr-20-12-300x300.jpg\" alt=\"\" width=\"300\" height=\"300\" srcset=\"https:\/\/www.topohvar.at\/wp-content\/uploads\/2024\/11\/gj-tr-20-12-300x300.jpg 300w, https:\/\/www.topohvar.at\/wp-content\/uploads\/2024\/11\/gj-tr-20-12-150x150.jpg 150w, https:\/\/www.topohvar.at\/wp-content\/uploads\/2024\/11\/gj-tr-20-12.jpg 450w\" sizes=\"auto, (max-width: 300px) 100vw, 300px\" \/><p id=\"caption-attachment-70498\" class=\"wp-caption-text\">Ulaz \/ Eingang<\/p><\/div><\/div><\/div><div class='content-column one_half last_column'><div style=\"padding-right:0px;padding-left:6px;\"><div id=\"attachment_70499\" style=\"width: 310px\" class=\"wp-caption aligncenter\"><img loading=\"lazy\" decoding=\"async\" aria-describedby=\"caption-attachment-70499\" class=\"wp-image-70499 size-medium\" src=\"https:\/\/www.topohvar.at\/wp-content\/uploads\/2024\/11\/gj-tr-20-13-300x300.jpg\" alt=\"\" width=\"300\" height=\"300\" srcset=\"https:\/\/www.topohvar.at\/wp-content\/uploads\/2024\/11\/gj-tr-20-13-300x300.jpg 300w, https:\/\/www.topohvar.at\/wp-content\/uploads\/2024\/11\/gj-tr-20-13-150x150.jpg 150w, https:\/\/www.topohvar.at\/wp-content\/uploads\/2024\/11\/gj-tr-20-13.jpg 450w\" sizes=\"auto, (max-width: 300px) 100vw, 300px\" \/><p id=\"caption-attachment-70499\" class=\"wp-caption-text\">Zavr\u0161na plo\u010da \/ Abdeckplatte<\/p><\/div><\/div><\/div><div class='clear_column'><\/div><div class='content-column one_half'><div style=\"padding-right:6px;\"><p>Dana 09.10.2024 trim GJ-TR-20 je posje\u0107en i ustanovljeno je sljede\u0107e:<\/p>\n<p>Lokacija: \u0161uma<br \/>\nPodloga: padina<br \/>\nPovezan s: kamenim zidom<br \/>\nUpotreba: ne koristi se<br \/>\nStanje: dobro sa\u010duvan<br \/>\nBroj stepenica trima: 2<br \/>\nDodatni kameni prsten: nema prstena<br \/>\nStepeni\u0161te: nema<br \/>\nOblik kamena: uglast<br \/>\nPodru\u010dje ispred ulaza: lako dostupno<br \/>\nOrijentacija ulaza: Z (260\u00b0)<br \/>\nPromjer trima (cm): 480<br \/>\nVisina trima (cm): 230<br \/>\nVisina stepenica (cm): stepenica 1: 180 , stepenica 2: 230<br \/>\nDebljina zida (cm): 85<br \/>\n\u0160irina vrata (cm): 80<br \/>\nVisina vrata (cm): 110<br \/>\n\u0160irina unutra (cm): 300 &#8211; 310<br \/>\nVisina unutra (cm): 210<br \/>\nVolumen iznutra (m3): 10,94<br \/>\nNema ni\u0161e<\/p><\/div><\/div><div class='content-column one_half last_column'><div style=\"padding-right:0px;padding-left:6px;\"><p>Am 09.10.2024 wurde der Trim GJ-TR-20 besucht und n\u00e4her untersucht:<\/p>\n<p>Standort: Wald<br \/>\nUntergrund: Hanglage<br \/>\nVerbunden mit: Steinmauer<br \/>\nNutzung: ungenutzt<br \/>\nZustand: gut erhalten<br \/>\nAnzahl der Trimstufen: 2<br \/>\nZus\u00e4tzlicher Steinring: kein Steinring<br \/>\nStiege: keine<br \/>\nSteinform: kantig<br \/>\nEingangsbereich: frei<br \/>\nEingangsseite: W (260\u00b0)<br \/>\nTrimdurchmesser (cm): 480<br \/>\nTrimh\u00f6he (cm): 230<br \/>\nH\u00f6he der Trimstufen (cm): Stufe 1: 180 , Stufe 2: 230<br \/>\nWandst\u00e4rke (cm): 85<br \/>\nT\u00fcrbreite (cm): 80<br \/>\nT\u00fcrh\u00f6he (cm): 110<br \/>\nInnenraumbreite (cm): 300 &#8211; 310<br \/>\nInnenraumh\u00f6he (cm): 210<br \/>\nRaumvolumen (m3): 10,94<br \/>\nKeine Nische<\/p><\/div><\/div><div class='clear_column'><\/div><\/p>\n<p><img loading=\"lazy\" decoding=\"async\" class=\"aligncenter size-full wp-image-70466\" src=\"https:\/\/www.topohvar.at\/wp-content\/uploads\/2024\/11\/gj-tr-20-sca.jpg\" alt=\"\" width=\"900\" height=\"1373\" srcset=\"https:\/\/www.topohvar.at\/wp-content\/uploads\/2024\/11\/gj-tr-20-sca.jpg 900w, https:\/\/www.topohvar.at\/wp-content\/uploads\/2024\/11\/gj-tr-20-sca-197x300.jpg 197w, https:\/\/www.topohvar.at\/wp-content\/uploads\/2024\/11\/gj-tr-20-sca-671x1024.jpg 671w, https:\/\/www.topohvar.at\/wp-content\/uploads\/2024\/11\/gj-tr-20-sca-768x1172.jpg 768w\" sizes=\"auto, (max-width: 900px) 100vw, 900px\" \/><\/p>\n<p style=\"text-align: right;\"><a href=\"#seite_oben\">natrag na vrh \/ Seitenanfang<\/a><\/p>\n<hr \/>\n<p><strong>Linkovi \/ Links<\/strong><\/p>\n<p>&#8211;<\/p>\n","protected":false},"excerpt":{"rendered":"<p>Ime \/ Name Trim \u00bbGJ-TR-20\u00ab Code: GJ-TR-20\u00a0 \u00a0 \u00a0 \u00a0 \u00a0 \u00a0 \u00a0 \u00a0 \u00a0 \u00a0 \u00a0 \u00a0 \u00a0 \u00a0 \u00a0 Adresa \/ Adresse Gdinj, jugoisto\u010dno od Dugog Dolca \/ s\u00fcd\u00f6stlich von Dugi Dolac Lokacija \/ Position Latitude: N 43,12767\u00b0\u00a0 &hellip; <a href=\"https:\/\/www.topohvar.at\/topo\/orte\/gj\/gj-tr-20-1\/\">Weiterlesen <span class=\"meta-nav\">&rarr;<\/span><\/a><\/p>\n","protected":false},"author":1,"featured_media":0,"parent":72,"menu_order":0,"comment_status":"closed","ping_status":"closed","template":"","meta":{"footnotes":""},"class_list":["post-43257","page","type-page","status-publish","hentry"],"_links":{"self":[{"href":"https:\/\/www.topohvar.at\/topo\/wp-json\/wp\/v2\/pages\/43257","targetHints":{"allow":["GET"]}}],"collection":[{"href":"https:\/\/www.topohvar.at\/topo\/wp-json\/wp\/v2\/pages"}],"about":[{"href":"https:\/\/www.topohvar.at\/topo\/wp-json\/wp\/v2\/types\/page"}],"author":[{"embeddable":true,"href":"https:\/\/www.topohvar.at\/topo\/wp-json\/wp\/v2\/users\/1"}],"replies":[{"embeddable":true,"href":"https:\/\/www.topohvar.at\/topo\/wp-json\/wp\/v2\/comments?post=43257"}],"version-history":[{"count":20,"href":"https:\/\/www.topohvar.at\/topo\/wp-json\/wp\/v2\/pages\/43257\/revisions"}],"predecessor-version":[{"id":70504,"href":"https:\/\/www.topohvar.at\/topo\/wp-json\/wp\/v2\/pages\/43257\/revisions\/70504"}],"up":[{"embeddable":true,"href":"https:\/\/www.topohvar.at\/topo\/wp-json\/wp\/v2\/pages\/72"}],"wp:attachment":[{"href":"https:\/\/www.topohvar.at\/topo\/wp-json\/wp\/v2\/media?parent=43257"}],"curies":[{"name":"wp","href":"https:\/\/api.w.org\/{rel}","templated":true}]}}