{"id":43489,"date":"2020-11-12T17:05:18","date_gmt":"2020-11-12T16:05:18","guid":{"rendered":"https:\/\/www.topohvar.at\/topo\/?page_id=43489"},"modified":"2023-08-10T09:46:56","modified_gmt":"2023-08-10T07:46:56","slug":"za-tr-97-1","status":"publish","type":"page","link":"https:\/\/www.topohvar.at\/topo\/orte\/za\/za-tr-97-1\/","title":{"rendered":"ZASTRA\u017dI\u0160\u0106E &#8211; Trim \u00bbZA-TR-97\u00ab"},"content":{"rendered":"<p><a name=\"seite_oben\"><\/a><br \/>\n<strong><img loading=\"lazy\" decoding=\"async\" class=\"aligncenter wp-image-62628 size-full\" src=\"https:\/\/www.topohvar.at\/wp-content\/uploads\/2023\/05\/za-tr-97-0.jpg\" alt=\"\" width=\"1080\" height=\"530\" srcset=\"https:\/\/www.topohvar.at\/wp-content\/uploads\/2023\/05\/za-tr-97-0.jpg 1080w, https:\/\/www.topohvar.at\/wp-content\/uploads\/2023\/05\/za-tr-97-0-300x147.jpg 300w, https:\/\/www.topohvar.at\/wp-content\/uploads\/2023\/05\/za-tr-97-0-1024x503.jpg 1024w, https:\/\/www.topohvar.at\/wp-content\/uploads\/2023\/05\/za-tr-97-0-768x377.jpg 768w\" sizes=\"auto, (max-width: 1080px) 100vw, 1080px\" \/><\/strong><\/p>\n<p><strong>Ime \/ Name<br \/>\n<\/strong>Trim \u00bbZA-TR-97\u00ab<\/p>\n<p><strong>Code: <\/strong>ZA-TR-97\u00a0 \u00a0 \u00a0 \u00a0 \u00a0 \u00a0 \u00a0 \u00a0 \u00a0 \u00a0 \u00a0 \u00a0 \u00a0 \u00a0 <a href=\"https:\/\/www.topohvar.at\/orte\/za\/za-tr-00-00\/\"><img loading=\"lazy\" decoding=\"async\" class=\"alignnone wp-image-12300 size-full\" src=\"https:\/\/www.topohvar.at\/wp-content\/uploads\/2018\/09\/push-vor-30.jpg\" alt=\"\" width=\"61\" height=\"30\" \/><\/a>\u00a0<strong><a href=\"https:\/\/www.topohvar.at\/orte\/za\/za-tr-02-1\/\"><img loading=\"lazy\" decoding=\"async\" class=\"alignnone wp-image-533 size-full\" src=\"https:\/\/www.topohvar.at\/wp-content\/uploads\/2018\/07\/push-l-30.jpg\" alt=\"\" width=\"61\" height=\"30\" \/><\/a> <a href=\"https:\/\/www.topohvar.at\/orte\/za\/\"><img loading=\"lazy\" decoding=\"async\" class=\"alignnone wp-image-535 size-full\" src=\"https:\/\/www.topohvar.at\/wp-content\/uploads\/2018\/07\/push-o-30.jpg\" alt=\"\" width=\"61\" height=\"30\" \/><\/a> <a href=\"https:\/\/www.topohvar.at\/orte\/za\/za-tr-03-1\/\"><img loading=\"lazy\" decoding=\"async\" class=\"alignnone wp-image-536 size-full\" src=\"https:\/\/www.topohvar.at\/wp-content\/uploads\/2018\/07\/push-r-30.jpg\" alt=\"\" width=\"61\" height=\"30\" \/><\/a><\/strong><\/p>\n<hr \/>\n<p><strong>Adresa \/ Adresse<br \/>\n<\/strong>Zastra\u017ei\u0161\u0107e, na putu za Velu Stinivu<\/p>\n<p><strong>Lokacija \/ Position<a href=\"https:\/\/goo.gl\/maps\/Ged8XMtcex4RqCpd9\"><img loading=\"lazy\" decoding=\"async\" class=\"alignright wp-image-43490\" src=\"https:\/\/www.topohvar.at\/wp-content\/uploads\/2020\/11\/3068.jpg\" alt=\"\" width=\"134\" height=\"100\" \/><\/a><br \/>\n<\/strong><a href=\"https:\/\/goo.gl\/maps\/Ged8XMtcex4RqCpd9\"><span style=\"color: #3366ff;\">Latitude: N 43,14796\u00b0\u00a0 \u00a0Longitude: E 16,82251\u00b0<\/span><\/a> <strong><br \/>\n<\/strong>Visina \/ H\u00f6he: 120 m<\/p>\n<p><strong>Katastarska \u010destica \/ Grundst\u00fccke<br \/>\n<\/strong>1075\/10<div class='content-column one_half'><div style=\"padding-right:6px;\"><p><strong>Datum snimanja \/ Erfassungsdatum<br \/>\n<\/strong>19.05.2023 08:59:00<\/p>\n<hr \/>\n<p><strong>Informacije<\/strong><\/p>\n<p>Mali, vrlo lijepi trim nalazi se u masliniku na putu prema uvali V. Stiniva. Prednja strana zavr\u0161ava u kutu s lijeve strane.\u00a0 U trostupanjski trim konzolno kamenje vodi na pole\u0111ini do njezine prve razine.\u00a0 Iznad ulaza su dvije ni\u0161e jedna iznad druge za rastere\u0107enje nadvratnika. U malom interijeru prona\u0107i \u0107ete zidnu ni\u0161u. Trim je u dobrom stanju i kori\u0161ten je.<\/p><\/div><\/div><div class='content-column one_half last_column'><div style=\"padding-right:0px;padding-left:6px;\"><p><strong>Stupanj za\u0161tite \/ Schutzstellung<br \/>\n<\/strong>&#8211;<\/p>\n<hr \/>\n<p><strong>Info<\/strong><\/p>\n<p>Der kleine, sehr sch\u00f6ne Trim befindet sich in einem Olivengarten am Weg zur Bucht V. Stiniva. Seine Vorderseite endet links in einer Ecke. An seiner R\u00fcckseite des dreistufigen Trims f\u00fchren Kragsteine auf seine erste Stufe. \u00dcber dem Eingang finden sich zwei Nischen \u00fcbereinander, zur Entlastung des T\u00fcrsturzes. Im kleinen Innenraum findet man eine Wandnische. Der Trim ist gut erhalten und wird genutzt.<\/p><\/div><\/div><div class='clear_column'><\/div><div class='content-column one_half'><div style=\"padding-right:6px;\"><p>Izvor: Hrvatska osnovna karta- Geoportal DGU<\/p>\n<div id=\"attachment_63678\" style=\"width: 310px\" class=\"wp-caption aligncenter\"><img loading=\"lazy\" decoding=\"async\" aria-describedby=\"caption-attachment-63678\" class=\"size-medium wp-image-63678\" src=\"https:\/\/www.topohvar.at\/wp-content\/uploads\/2023\/06\/za-tr-97-11-300x300.jpg\" alt=\"\" width=\"300\" height=\"300\" srcset=\"https:\/\/www.topohvar.at\/wp-content\/uploads\/2023\/06\/za-tr-97-11-300x300.jpg 300w, https:\/\/www.topohvar.at\/wp-content\/uploads\/2023\/06\/za-tr-97-11-150x150.jpg 150w, https:\/\/www.topohvar.at\/wp-content\/uploads\/2023\/06\/za-tr-97-11.jpg 450w\" sizes=\"auto, (max-width: 300px) 100vw, 300px\" \/><p id=\"caption-attachment-63678\" class=\"wp-caption-text\">ulaz \/ Eingang<\/p><\/div>\n<p>Dana 19.05.2023 trim ZA-TR-97 je posje\u0107en i ustanovljeno je sljede\u0107e:<\/p>\n<p>Lokacija: maslinik<br \/>\nPodloga: padina<br \/>\nPovezan s: samostoje\u0107i, izoliran<br \/>\nUpotreba: u upotrebi<br \/>\nStanje: vrlo dobro uzdr\u017eati<br \/>\nBroj stepenica trima: 3<br \/>\nDodatni kameni prsten: nema prstena<br \/>\nStepeni\u0161te: nema<br \/>\nOblik kamena: uglast<br \/>\nPodru\u010dje ispred ulaza: lako dostupno<br \/>\nOrijentacija ulaza: S (0\u00b0)<br \/>\nPromjer trima (cm): 350<br \/>\nVisina trima (cm): 300<br \/>\nVisina stepenica (cm): stepenica 1: 180 , stepenica 2: 240 , stepenica 3: 290<br \/>\nDebljina zida (cm): 0<br \/>\n\u0160irina vrata (cm): 65<br \/>\nVisina vrata (cm): 105<br \/>\n\u0160irina unutra (cm): 180 &#8211; 190<br \/>\nVisina unutra (cm): 260<br \/>\nVolumen iznutra (m3): 4,22<br \/>\nNi\u0161a 1 (P\/\u0160\/V\/D) (cm): 120 \/ 15 \/ 20 \/ 40<\/p><\/div><\/div><div class='content-column one_half last_column'><div style=\"padding-right:0px;padding-left:6px;\"><p>Quelle: Grundkarte Kroatiens &#8211; Geoportal DGU<\/p>\n<div id=\"attachment_63679\" style=\"width: 310px\" class=\"wp-caption aligncenter\"><img loading=\"lazy\" decoding=\"async\" aria-describedby=\"caption-attachment-63679\" class=\"size-medium wp-image-63679\" src=\"https:\/\/www.topohvar.at\/wp-content\/uploads\/2023\/06\/za-tr-97-12-300x300.jpg\" alt=\"\" width=\"300\" height=\"300\" srcset=\"https:\/\/www.topohvar.at\/wp-content\/uploads\/2023\/06\/za-tr-97-12-300x300.jpg 300w, https:\/\/www.topohvar.at\/wp-content\/uploads\/2023\/06\/za-tr-97-12-150x150.jpg 150w, https:\/\/www.topohvar.at\/wp-content\/uploads\/2023\/06\/za-tr-97-12.jpg 450w\" sizes=\"auto, (max-width: 300px) 100vw, 300px\" \/><p id=\"caption-attachment-63679\" class=\"wp-caption-text\">pogled prema sjeverozapadu \/ Blick nach Nordwest<\/p><\/div>\n<p>Am 19.05.2023 wurde der Trim ZA-TR-97 besucht und n\u00e4her untersucht:<\/p>\n<p>Standort: Olivenhain<br \/>\nUntergrund: Hanglage<br \/>\nVerbunden mit: freistehend<br \/>\nNutzung: genutzt<br \/>\nZustand: sehr gut erhalten<br \/>\nAnzahl der Trimstufen: 3<br \/>\nZus\u00e4tzlicher Steinring: kein Steinring<br \/>\nStiege: keine<br \/>\nSteinform: kantig<br \/>\nEingangsbereich: frei<br \/>\nEingangsseite: N (0\u00b0)<br \/>\nTrimdurchmesser (cm): 350<br \/>\nTrimh\u00f6he (cm): 300<br \/>\nH\u00f6he der Trimstufen (cm): Stufe 1: 180 , Stufe 2: 240 , Stufe 3: 290<br \/>\nWandst\u00e4rke (cm): 80<br \/>\nT\u00fcrbreite (cm): 65<br \/>\nT\u00fcrh\u00f6he (cm): 105<br \/>\nInnenraumbreite (cm): 180 &#8211; 190<br \/>\nInnenraumh\u00f6he (cm): 260<br \/>\nRaumvolumen (m3): 4,22<br \/>\nNische 1 (P\/B\/H\/T) (cm): 120 \/ 15 \/ 20 \/ 40<br \/><\/div><\/div><div class='clear_column'><\/div><br \/>\n<img loading=\"lazy\" decoding=\"async\" class=\"aligncenter size-full wp-image-63932\" src=\"https:\/\/www.topohvar.at\/wp-content\/uploads\/2023\/08\/za-tr-97-sca.jpg\" alt=\"\" width=\"640\" height=\"958\" srcset=\"https:\/\/www.topohvar.at\/wp-content\/uploads\/2023\/08\/za-tr-97-sca.jpg 640w, https:\/\/www.topohvar.at\/wp-content\/uploads\/2023\/08\/za-tr-97-sca-200x300.jpg 200w\" sizes=\"auto, (max-width: 640px) 100vw, 640px\" \/><\/p>\n<p style=\"text-align: right;\"><span style=\"color: #3366ff;\"><a style=\"color: #3366ff;\" href=\"#seite_oben\">natrag na vrh \/ Seitenanfang<\/a><\/span><\/p>\n<hr \/>\n<p><strong>Linkovi \/ Links<\/strong><\/p>\n<p>&#8211;<\/p>\n","protected":false},"excerpt":{"rendered":"<p>Ime \/ Name Trim \u00bbZA-TR-97\u00ab Code: ZA-TR-97\u00a0 \u00a0 \u00a0 \u00a0 \u00a0 \u00a0 \u00a0 \u00a0 \u00a0 \u00a0 \u00a0 \u00a0 \u00a0 \u00a0 \u00a0 Adresa \/ Adresse Zastra\u017ei\u0161\u0107e, na putu za Velu Stinivu Lokacija \/ Position Latitude: N 43,14796\u00b0\u00a0 \u00a0Longitude: E 16,82251\u00b0 Visina &hellip; <a href=\"https:\/\/www.topohvar.at\/topo\/orte\/za\/za-tr-97-1\/\">Weiterlesen <span class=\"meta-nav\">&rarr;<\/span><\/a><\/p>\n","protected":false},"author":1,"featured_media":0,"parent":115,"menu_order":0,"comment_status":"closed","ping_status":"closed","template":"","meta":{"footnotes":""},"class_list":["post-43489","page","type-page","status-publish","hentry"],"_links":{"self":[{"href":"https:\/\/www.topohvar.at\/topo\/wp-json\/wp\/v2\/pages\/43489","targetHints":{"allow":["GET"]}}],"collection":[{"href":"https:\/\/www.topohvar.at\/topo\/wp-json\/wp\/v2\/pages"}],"about":[{"href":"https:\/\/www.topohvar.at\/topo\/wp-json\/wp\/v2\/types\/page"}],"author":[{"embeddable":true,"href":"https:\/\/www.topohvar.at\/topo\/wp-json\/wp\/v2\/users\/1"}],"replies":[{"embeddable":true,"href":"https:\/\/www.topohvar.at\/topo\/wp-json\/wp\/v2\/comments?post=43489"}],"version-history":[{"count":10,"href":"https:\/\/www.topohvar.at\/topo\/wp-json\/wp\/v2\/pages\/43489\/revisions"}],"predecessor-version":[{"id":63933,"href":"https:\/\/www.topohvar.at\/topo\/wp-json\/wp\/v2\/pages\/43489\/revisions\/63933"}],"up":[{"embeddable":true,"href":"https:\/\/www.topohvar.at\/topo\/wp-json\/wp\/v2\/pages\/115"}],"wp:attachment":[{"href":"https:\/\/www.topohvar.at\/topo\/wp-json\/wp\/v2\/media?parent=43489"}],"curies":[{"name":"wp","href":"https:\/\/api.w.org\/{rel}","templated":true}]}}