{"id":43506,"date":"2020-11-12T17:25:47","date_gmt":"2020-11-12T16:25:47","guid":{"rendered":"https:\/\/www.topohvar.at\/topo\/?page_id=43506"},"modified":"2021-12-05T18:04:11","modified_gmt":"2021-12-05T17:04:11","slug":"za-tr-99-1","status":"publish","type":"page","link":"https:\/\/www.topohvar.at\/topo\/orte\/za\/za-tr-99-1\/","title":{"rendered":"ZASTRA\u017dI\u0160\u0106E &#8211; Trim \u00bbZA-TR-99\u00ab"},"content":{"rendered":"<p><a name=\"seite_oben\"><\/a><br \/>\n<strong><img loading=\"lazy\" decoding=\"async\" class=\"alignnone wp-image-52013 size-full\" src=\"https:\/\/www.topohvar.at\/wp-content\/uploads\/2021\/10\/za-tr-99-1.jpg\" alt=\"\" width=\"1080\" height=\"530\" srcset=\"https:\/\/www.topohvar.at\/wp-content\/uploads\/2021\/10\/za-tr-99-1.jpg 1080w, https:\/\/www.topohvar.at\/wp-content\/uploads\/2021\/10\/za-tr-99-1-300x147.jpg 300w, https:\/\/www.topohvar.at\/wp-content\/uploads\/2021\/10\/za-tr-99-1-1024x503.jpg 1024w, https:\/\/www.topohvar.at\/wp-content\/uploads\/2021\/10\/za-tr-99-1-768x377.jpg 768w\" sizes=\"auto, (max-width: 1080px) 100vw, 1080px\" \/><\/strong><\/p>\n<p><strong>Ime \/ Name<br \/>\n<\/strong>Trim \u00bbZA-TR-99\u00ab<\/p>\n<p><strong>Code: <\/strong>ZA-TR-99\u00a0 \u00a0 \u00a0 \u00a0 \u00a0 \u00a0 \u00a0 \u00a0 \u00a0 \u00a0 \u00a0 \u00a0 \u00a0 \u00a0 <a href=\"https:\/\/www.topohvar.at\/orte\/za\/za-tr-00-00\/\"><img loading=\"lazy\" decoding=\"async\" class=\"alignnone wp-image-12300 size-full\" src=\"https:\/\/www.topohvar.at\/wp-content\/uploads\/2018\/09\/push-vor-30.jpg\" alt=\"\" width=\"61\" height=\"30\" \/><\/a>\u00a0<strong><a href=\"https:\/\/www.topohvar.at\/orte\/za\/za-tr-98-1\/\"><img loading=\"lazy\" decoding=\"async\" class=\"alignnone wp-image-533 size-full\" src=\"https:\/\/www.topohvar.at\/wp-content\/uploads\/2018\/07\/push-l-30.jpg\" alt=\"\" width=\"61\" height=\"30\" \/><\/a> <a href=\"https:\/\/www.topohvar.at\/orte\/za\/\"><img loading=\"lazy\" decoding=\"async\" class=\"alignnone wp-image-535 size-full\" src=\"https:\/\/www.topohvar.at\/wp-content\/uploads\/2018\/07\/push-o-30.jpg\" alt=\"\" width=\"61\" height=\"30\" \/><\/a> <a href=\"https:\/\/www.topohvar.at\/orte\/za\/za-tr-a0-1\/\"><img loading=\"lazy\" decoding=\"async\" class=\"alignnone wp-image-536 size-full\" src=\"https:\/\/www.topohvar.at\/wp-content\/uploads\/2018\/07\/push-r-30.jpg\" alt=\"\" width=\"61\" height=\"30\" \/><\/a><\/strong><\/p>\n<hr \/>\n<p><strong>Adresa \/ Adresse<br \/>\n<\/strong>Zastra\u017ei\u0161\u0107e, sjeverozapadno od D. Polja<\/p>\n<p><strong>Lokacija \/ Position<a href=\"https:\/\/goo.gl\/maps\/gxaVL6TQKVgR6Q13A\"><img loading=\"lazy\" decoding=\"async\" class=\"alignright wp-image-43507\" src=\"https:\/\/www.topohvar.at\/wp-content\/uploads\/2020\/11\/3070.jpg\" alt=\"\" width=\"134\" height=\"100\" \/><\/a><br \/>\n<\/strong><a href=\"https:\/\/goo.gl\/maps\/gxaVL6TQKVgR6Q13A\"><span style=\"color: #3366ff;\">Latitude: N 43,15459\u00b0\u00a0 \u00a0Longitude: E 16,82265\u00b0<\/span><\/a> <strong><br \/>\n<\/strong>Visina \/ H\u00f6he: 100 m<\/p>\n<p><strong>Katastarska \u010destica \/ Grundst\u00fccke<br \/>\n<\/strong>1200\/5, 1227\/62<div class='content-column one_half'><div style=\"padding-right:6px;\"><p><strong>Datum snimanja \/ Erfassungsdatum<br \/>\n<\/strong>04.10.2021 13:36:00<\/p>\n<hr \/>\n<p><strong>Informacije<\/strong><\/p>\n<p>Veliki trostupanjski trim nalazi se na nekada\u0161njem poljoprivrednom podru\u010dju iznad uvale V. Stiniva. U blizini se nalazi i gumno i zanimljiva kra\u0161ka rupa. Ispred trima se nalazi veliko dvori\u0161te koje je ome\u0111eno visokim kamenim zidovima. Gornji redovi kamenja u zidovima blago su pomaknuti prema unutra, \u0161to upu\u0107uje na dr\u017eanje \u017eivotinja. Trim je o\u0161te\u0107en na lijevoj strani. Trapezni ulaz vodi u kru\u017enu unutra\u0161njost. Ovdje se nalaze tri zidne ni\u0161e. Trim se vi\u0161e ne koristi.<\/p><\/div><\/div><div class='content-column one_half last_column'><div style=\"padding-right:0px;padding-left:6px;\"><p><strong>Stupanj za\u0161tite \/ Schutzstellung<br \/>\n<\/strong>&#8211;<\/p>\n<hr \/>\n<p><strong>Info<\/strong><\/p>\n<p>Der gro\u00dfe, dreistufige Trim befindet sich in einem ehemals landwirtschaftlichen Gebietes oberhalb der Bucht V. Stiniva. In seiner N\u00e4he befinden sich auch eine Tenne und ein interessantes Karstloch. Vor dem Trim befindet sich ein gro\u00dfer Hof der mit hohen Steinmauern eingefasst ist. Die obersten Steinreihen der Mauern sind leicht nach innen verschoben, was auf die Haltung von Tieren schlie\u00dfen l\u00e4sst. Der Trim ist an seiner linken Seite besch\u00e4digt. Durch den trapezf\u00f6rmigen Eingang gelangt man in den kreisrunden Innenraum. Hier befinden sich drei Wandnischen. Der Trim wird nicht mehr genutzt.<\/p><\/div><\/div><div class='clear_column'><\/div><div class='content-column one_half'><div style=\"padding-right:6px;\"><p>Izvor: Hrvatska osnovna karta\u00a0&#8211; Geoportal DGU<\/p><\/div><\/div><div class='content-column one_half last_column'><div style=\"padding-right:0px;padding-left:6px;\"><p>Quelle: Grundkarte Kroatiens- Geoportal DGU<\/p><\/div><\/div><div class='clear_column'><\/div><div class='content-column one_half'><div style=\"padding-right:6px;\"><div id=\"attachment_54393\" style=\"width: 310px\" class=\"wp-caption aligncenter\"><img loading=\"lazy\" decoding=\"async\" aria-describedby=\"caption-attachment-54393\" class=\"size-medium wp-image-54393\" src=\"https:\/\/www.topohvar.at\/wp-content\/uploads\/2021\/12\/za-tr-99-10-300x300.jpg\" alt=\"\" width=\"300\" height=\"300\" srcset=\"https:\/\/www.topohvar.at\/wp-content\/uploads\/2021\/12\/za-tr-99-10-300x300.jpg 300w, https:\/\/www.topohvar.at\/wp-content\/uploads\/2021\/12\/za-tr-99-10-150x150.jpg 150w, https:\/\/www.topohvar.at\/wp-content\/uploads\/2021\/12\/za-tr-99-10.jpg 450w\" sizes=\"auto, (max-width: 300px) 100vw, 300px\" \/><p id=\"caption-attachment-54393\" class=\"wp-caption-text\">Ulaz \/ Eingang<\/p><\/div>\n<p>Dana 04.10.2021 trim ZA-TR-99 je posje\u0107en i ustanovljeno je sljede\u0107e:<\/p>\n<p>Lokacija: livada, pa\u0161njak<br \/>\nPodloga: ravna<br \/>\nPovezan s: kamenim zidom<br \/>\nUpotreba: malo se koristi<br \/>\nStanje: dijelovi su se sru\u0161ili<br \/>\nBroj stepenica trima: 3<br \/>\nDodatni kameni prsten: nema kamenog prstena<br \/>\nStepeni\u0161te: nema<br \/>\nOblik kamena: uglast<br \/>\nPodru\u010dje ispred ulaza: lako dostupno<br \/>\nOrijentacija ulaza: Z (270\u00b0)<br \/>\nPromjer trima (cm): 520<br \/>\nVisina trima (cm): 370<br \/>\nVisina stepenica (cm): stepenica 1: 200 , stepenica 2: 280 , stepenica 3: 345<br \/>\nDebljina zida (cm): 110<br \/>\n\u0160irina vrata (cm): 70<br \/>\nVisina vrata (cm): 125<br \/>\n\u0160irina unutra (cm): 300<br \/>\nVisina unutra (cm): 330<br \/>\nVolumen iznutra (m3): 13,88<br \/>\nNi\u0161a 1 (P\/\u0160\/V\/D) (cm): 100 \/ 25 \/ 35 \/ 55<br \/>\nni\u0161a 2 (P\/\u0160\/V\/D) (cm): 100 \/ 25 \/ 30 \/ 50<br \/>\nni\u0161a 3 (P\/\u0160\/V\/D) (cm): 100 \/ 30 \/ 25 \/ 45<\/p><\/div><\/div><div class='content-column one_half last_column'><div style=\"padding-right:0px;padding-left:6px;\"><div id=\"attachment_54394\" style=\"width: 310px\" class=\"wp-caption aligncenter\"><img loading=\"lazy\" decoding=\"async\" aria-describedby=\"caption-attachment-54394\" class=\"size-medium wp-image-54394\" src=\"https:\/\/www.topohvar.at\/wp-content\/uploads\/2021\/12\/za-tr-99-11-300x300.jpg\" alt=\"\" width=\"300\" height=\"300\" srcset=\"https:\/\/www.topohvar.at\/wp-content\/uploads\/2021\/12\/za-tr-99-11-300x300.jpg 300w, https:\/\/www.topohvar.at\/wp-content\/uploads\/2021\/12\/za-tr-99-11-150x150.jpg 150w, https:\/\/www.topohvar.at\/wp-content\/uploads\/2021\/12\/za-tr-99-11.jpg 450w\" sizes=\"auto, (max-width: 300px) 100vw, 300px\" \/><p id=\"caption-attachment-54394\" class=\"wp-caption-text\">Zid dvori\u0161ta \/ Hofmauer<\/p><\/div>\n<p>Am 04.10.2021 wurde der Trim ZA-TR-99 besucht und n\u00e4her untersucht:<\/p>\n<p>Standort: Wiese, Weide<br \/>\nUntergrund: eben<br \/>\nVerbunden mit: Steinmauer<br \/>\nNutzung: kaum genutzt<br \/>\nZustand: Teile abgest\u00fcrzt<br \/>\nAnzahl der Trimstufen: 3<br \/>\nZus\u00e4tzlicher Steinring: kein Steinring<br \/>\nStiege: keine<br \/>\nSteinform: kantig<br \/>\nEingangsbereich: frei<br \/>\nEingangsseite: W (270\u00b0)<br \/>\nTrimdurchmesser (cm): 520<br \/>\nTrimh\u00f6he (cm): 370<br \/>\nH\u00f6he der Trimstufen (cm): Stufe 1: 200 , Stufe 2: 280 , Stufe 3: 345<br \/>\nWandst\u00e4rke (cm): 110<br \/>\nT\u00fcrbreite (cm): 70<br \/>\nT\u00fcrh\u00f6he (cm): 125<br \/>\nInnenraumbreite (cm): 300<br \/>\nInnenraumh\u00f6he (cm): 330<br \/>\nRaumvolumen (m3): 13,88<br \/>\nNische 1 (P\/B\/H\/T) (cm): 100 \/ 25 \/ 35 \/ 55<br \/>\nNische 2 (P\/B\/H\/T) (cm): 100 \/ 25 \/ 30 \/ 50<br \/>\nNische 3 (P\/B\/H\/T) (cm): 100 \/ 30 \/ 25 \/ 45<\/p><\/div><\/div><div class='clear_column'><\/div><\/p>\n<p><img loading=\"lazy\" decoding=\"async\" class=\"aligncenter size-full wp-image-54392\" src=\"https:\/\/www.topohvar.at\/wp-content\/uploads\/2021\/12\/za-tr-99-1-sca.jpg\" alt=\"\" width=\"640\" height=\"1370\" srcset=\"https:\/\/www.topohvar.at\/wp-content\/uploads\/2021\/12\/za-tr-99-1-sca.jpg 640w, https:\/\/www.topohvar.at\/wp-content\/uploads\/2021\/12\/za-tr-99-1-sca-140x300.jpg 140w, https:\/\/www.topohvar.at\/wp-content\/uploads\/2021\/12\/za-tr-99-1-sca-478x1024.jpg 478w\" sizes=\"auto, (max-width: 640px) 100vw, 640px\" \/><\/p>\n<p style=\"text-align: right;\"><a href=\"#seite_oben\">natrag na vrh \/ Seitenanfang<\/a><\/p>\n<hr \/>\n<p><strong>Linkovi \/ Links<\/strong><\/p>\n<p><span style=\"color: #3366ff;\"><a style=\"color: #3366ff;\" href=\"https:\/\/www.topohvar.at\/topo\/orte\/za\/za-ov-01-1\/\">Objekt \u00bbKra\u0161ka rupa\u00ab<\/a><\/span><br \/>\n<span style=\"color: #3366ff;\"><a style=\"color: #3366ff;\" href=\"https:\/\/www.topohvar.at\/topo\/orte\/za\/za-ob-04-1\/\">Objekt \u00bbGumno\u00a0 2\u00ab \/ Dreschboden 2<\/a><\/span><\/p>\n","protected":false},"excerpt":{"rendered":"<p>Ime \/ Name Trim \u00bbZA-TR-99\u00ab Code: ZA-TR-99\u00a0 \u00a0 \u00a0 \u00a0 \u00a0 \u00a0 \u00a0 \u00a0 \u00a0 \u00a0 \u00a0 \u00a0 \u00a0 \u00a0 \u00a0 Adresa \/ Adresse Zastra\u017ei\u0161\u0107e, sjeverozapadno od D. Polja Lokacija \/ Position Latitude: N 43,15459\u00b0\u00a0 \u00a0Longitude: E 16,82265\u00b0 Visina \/ &hellip; <a href=\"https:\/\/www.topohvar.at\/topo\/orte\/za\/za-tr-99-1\/\">Weiterlesen <span class=\"meta-nav\">&rarr;<\/span><\/a><\/p>\n","protected":false},"author":1,"featured_media":0,"parent":115,"menu_order":0,"comment_status":"closed","ping_status":"closed","template":"","meta":{"footnotes":""},"class_list":["post-43506","page","type-page","status-publish","hentry"],"_links":{"self":[{"href":"https:\/\/www.topohvar.at\/topo\/wp-json\/wp\/v2\/pages\/43506","targetHints":{"allow":["GET"]}}],"collection":[{"href":"https:\/\/www.topohvar.at\/topo\/wp-json\/wp\/v2\/pages"}],"about":[{"href":"https:\/\/www.topohvar.at\/topo\/wp-json\/wp\/v2\/types\/page"}],"author":[{"embeddable":true,"href":"https:\/\/www.topohvar.at\/topo\/wp-json\/wp\/v2\/users\/1"}],"replies":[{"embeddable":true,"href":"https:\/\/www.topohvar.at\/topo\/wp-json\/wp\/v2\/comments?post=43506"}],"version-history":[{"count":10,"href":"https:\/\/www.topohvar.at\/topo\/wp-json\/wp\/v2\/pages\/43506\/revisions"}],"predecessor-version":[{"id":54744,"href":"https:\/\/www.topohvar.at\/topo\/wp-json\/wp\/v2\/pages\/43506\/revisions\/54744"}],"up":[{"embeddable":true,"href":"https:\/\/www.topohvar.at\/topo\/wp-json\/wp\/v2\/pages\/115"}],"wp:attachment":[{"href":"https:\/\/www.topohvar.at\/topo\/wp-json\/wp\/v2\/media?parent=43506"}],"curies":[{"name":"wp","href":"https:\/\/api.w.org\/{rel}","templated":true}]}}