{"id":43567,"date":"2020-11-13T06:36:36","date_gmt":"2020-11-13T05:36:36","guid":{"rendered":"https:\/\/www.topohvar.at\/topo\/?page_id=43567"},"modified":"2023-08-10T09:41:44","modified_gmt":"2023-08-10T07:41:44","slug":"za-tr-82-1","status":"publish","type":"page","link":"https:\/\/www.topohvar.at\/topo\/orte\/za\/za-tr-82-1\/","title":{"rendered":"ZASTRA\u017dI\u0160\u0106E &#8211; Trim \u00bbZA-TR-82\u00ab"},"content":{"rendered":"<p><a name=\"seite_oben\"><\/a><br \/>\n<strong><img loading=\"lazy\" decoding=\"async\" class=\"aligncenter wp-image-62605 size-full\" src=\"https:\/\/www.topohvar.at\/wp-content\/uploads\/2023\/05\/za-tr-82-0.jpg\" alt=\"\" width=\"1080\" height=\"530\" srcset=\"https:\/\/www.topohvar.at\/wp-content\/uploads\/2023\/05\/za-tr-82-0.jpg 1080w, https:\/\/www.topohvar.at\/wp-content\/uploads\/2023\/05\/za-tr-82-0-300x147.jpg 300w, https:\/\/www.topohvar.at\/wp-content\/uploads\/2023\/05\/za-tr-82-0-1024x503.jpg 1024w, https:\/\/www.topohvar.at\/wp-content\/uploads\/2023\/05\/za-tr-82-0-768x377.jpg 768w\" sizes=\"auto, (max-width: 1080px) 100vw, 1080px\" \/><\/strong><\/p>\n<p><strong>Ime \/ Name<br \/>\n<\/strong>Trim \u00bbZA-TR-82\u00ab<\/p>\n<p><strong>Code: <\/strong>ZA-TR-82\u00a0 \u00a0 \u00a0 \u00a0 \u00a0 \u00a0 \u00a0 \u00a0 \u00a0 \u00a0 \u00a0 \u00a0 \u00a0 \u00a0 <a href=\"https:\/\/www.topohvar.at\/orte\/za\/za-tr-00-01\/\"><img loading=\"lazy\" decoding=\"async\" class=\"alignnone wp-image-12300 size-full\" src=\"https:\/\/www.topohvar.at\/wp-content\/uploads\/2018\/09\/push-vor-30.jpg\" alt=\"\" width=\"61\" height=\"30\" \/><\/a>\u00a0<strong><a href=\"https:\/\/www.topohvar.at\/orte\/za\/za-tr-c5-1\/\"><img loading=\"lazy\" decoding=\"async\" class=\"alignnone wp-image-533 size-full\" src=\"https:\/\/www.topohvar.at\/wp-content\/uploads\/2018\/07\/push-l-30.jpg\" alt=\"\" width=\"61\" height=\"30\" \/><\/a> <a href=\"https:\/\/www.topohvar.at\/orte\/za\/\"><img loading=\"lazy\" decoding=\"async\" class=\"alignnone wp-image-535 size-full\" src=\"https:\/\/www.topohvar.at\/wp-content\/uploads\/2018\/07\/push-o-30.jpg\" alt=\"\" width=\"61\" height=\"30\" \/><\/a> <a href=\"https:\/\/www.topohvar.at\/orte\/za\/za-tr-c3-1\/\"><img loading=\"lazy\" decoding=\"async\" class=\"alignnone wp-image-536 size-full\" src=\"https:\/\/www.topohvar.at\/wp-content\/uploads\/2018\/07\/push-r-30.jpg\" alt=\"\" width=\"61\" height=\"30\" \/><\/a><\/strong><\/p>\n<hr \/>\n<p><strong>Adresa \/ Adresse<br \/>\n<\/strong>Zastra\u017ei\u0161\u0107e, Noburje, sjeverno od M. Bande<\/p>\n<p><strong>Lokacija \/ Position<a href=\"https:\/\/goo.gl\/maps\/j2Cc7c7ymLM1YCCi7\"><img loading=\"lazy\" decoding=\"async\" class=\"alignright wp-image-43568\" src=\"https:\/\/www.topohvar.at\/wp-content\/uploads\/2020\/11\/3053.jpg\" alt=\"\" width=\"134\" height=\"100\" \/><\/a><br \/>\n<\/strong><a href=\"https:\/\/goo.gl\/maps\/j2Cc7c7ymLM1YCCi7\"><span style=\"color: #3366ff;\">Latitude: N 43,15383\u00b0\u00a0 \u00a0Longitude: E 16,84266\u00b0<\/span><\/a> <strong><br \/>\n<\/strong>Visina \/ H\u00f6he: 113 m<\/p>\n<p><strong>Katastarska \u010destica \/ Grundst\u00fccke<br \/>\n<\/strong>2909\/23<div class='content-column one_half'><div style=\"padding-right:6px;\"><p><strong>Datum snimanja \/ Erfassungsdatum<br \/>\n<\/strong>18.05.2023 10:29:00<\/p>\n<hr \/>\n<p><strong>Informacije<\/strong><\/p>\n<p>Dvostupanjski trim nalazi se u masliniku u predjelu Noburje, sjeverno od M. Bande. Neobi\u010dno je izdu\u017eenog oblika i u lo\u0161em je stanju. Njegov drugi stupanj je te\u0161ko o\u0161te\u0107en. Zid iznad ulaza visi prema van i prijeti uru\u0161avanje. Zid desno i lijevo od ulaza tako\u0111er je jako o\u0161te\u0107en. Uz desnu stranu je prsten od kamenja koji zavr\u0161ava kamenim zidom na stra\u017enjoj strani trima. Trim se vi\u0161e ne koristi.<\/p><\/div><\/div><div class='content-column one_half last_column'><div style=\"padding-right:0px;padding-left:6px;\"><p><strong>Stupanj za\u0161tite \/ Schutzstellung<br \/>\n<\/strong>&#8211;<\/p>\n<hr \/>\n<p><strong>Info<\/strong><\/p>\n<p>Der zweistufige Trim befindet sich in einem Olivengarten im Bereich Noburje, n\u00f6rdlich von M. Bande. Er hat eine ungew\u00f6hnlich l\u00e4ngliche Form und ist in einem schlechten Zustand. Seine zweite Stufe ist stark besch\u00e4digt. Die Wand \u00fcber dem Eingang h\u00e4ngt nach au\u00dfen und droht einzust\u00fcrzen. Auch die Wand rechts und links vom Eingang ist stark besch\u00e4digt. An die rechte Seite grenzt ein Steinring, der an der R\u00fcckseite des Trims in einem Steinhaufen\/einer Steinmauer m\u00fcndet. Der Trim wird nicht mehr genutzt.<\/p><\/div><\/div><div class='clear_column'><\/div><div class='content-column one_half'><div style=\"padding-right:6px;\"><p>Izvor: Hrvatska osnovna karta &#8211; Geoportal DGU<\/p>\n<div id=\"attachment_63665\" style=\"width: 310px\" class=\"wp-caption aligncenter\"><img loading=\"lazy\" decoding=\"async\" aria-describedby=\"caption-attachment-63665\" class=\"size-medium wp-image-63665\" src=\"https:\/\/www.topohvar.at\/wp-content\/uploads\/2023\/06\/za-tr-82-11-300x300.jpg\" alt=\"\" width=\"300\" height=\"300\" srcset=\"https:\/\/www.topohvar.at\/wp-content\/uploads\/2023\/06\/za-tr-82-11-300x300.jpg 300w, https:\/\/www.topohvar.at\/wp-content\/uploads\/2023\/06\/za-tr-82-11-150x150.jpg 150w, https:\/\/www.topohvar.at\/wp-content\/uploads\/2023\/06\/za-tr-82-11.jpg 450w\" sizes=\"auto, (max-width: 300px) 100vw, 300px\" \/><p id=\"caption-attachment-63665\" class=\"wp-caption-text\"><span style=\"background-color: #f1f1f1;\">ulaz \/ Eingang<\/span><\/p><\/div>\n<p>Dana 18.05.2023 trim ZA-TR-82 je posje\u0107en i ustanovljeno je sljede\u0107e:<\/p>\n<p>Lokacija: maslinik<br \/>\nPodloga: padina<br \/>\nPovezan s: nesre\u0111nom kamenom gomilom , kamenim zidom<br \/>\nUpotreba: ne koristi se<br \/>\nStanje: dijelovi su se sru\u0161ili<br \/>\nBroj stepenica trima: 2<br \/>\nDodatni kameni prsten: nema prstena<br \/>\nStepeni\u0161te: nema<br \/>\nOblik kamena: uglast<br \/>\nPodru\u010dje ispred ulaza: lako dostupno<br \/>\nOrijentacija ulaza: Z (270\u00b0)<br \/>\nPromjer trima (cm): 540<br \/>\nVisina trima (cm): 320<br \/>\nVisina stepenica (cm): stepenica 1: 230 , stepenica 2: 320<br \/>\nDebljina zida (cm): 0<br \/>\n\u0160irina vrata (cm): 65<br \/>\nVisina vrata (cm): 115<br \/>\n\u0160irina unutra (cm): 180 &#8211; 350<br \/>\nVisina unutra (cm): 310<br \/>\nVolumen iznutra (m3): 8,92<br \/>\nNema ni\u0161e<\/p><\/div><\/div><div class='content-column one_half last_column'><div style=\"padding-right:0px;padding-left:6px;\"><p>Quelle: Grundkarte Kroatiens &#8211; Geoportal DGU<\/p>\n<div id=\"attachment_63666\" style=\"width: 310px\" class=\"wp-caption aligncenter\"><img loading=\"lazy\" decoding=\"async\" aria-describedby=\"caption-attachment-63666\" class=\"size-medium wp-image-63666\" src=\"https:\/\/www.topohvar.at\/wp-content\/uploads\/2023\/06\/za-tr-82-12-300x300.jpg\" alt=\"\" width=\"300\" height=\"300\" srcset=\"https:\/\/www.topohvar.at\/wp-content\/uploads\/2023\/06\/za-tr-82-12-300x300.jpg 300w, https:\/\/www.topohvar.at\/wp-content\/uploads\/2023\/06\/za-tr-82-12-150x150.jpg 150w, https:\/\/www.topohvar.at\/wp-content\/uploads\/2023\/06\/za-tr-82-12.jpg 450w\" sizes=\"auto, (max-width: 300px) 100vw, 300px\" \/><p id=\"caption-attachment-63666\" class=\"wp-caption-text\">pogled prema jugozapadu \/ Blick nach S\u00fcdwesten<\/p><\/div>\n<p>Am 18.05.2023 wurde der Trim ZA-TR-82 besucht und n\u00e4her untersucht:<\/p>\n<p>Standort: Olivenhain<br \/>\nUntergrund: Hanglage<br \/>\nVerbunden mit: Steinhaufen ungeordnet , Steinmauer<br \/>\nNutzung: ungenutzt<br \/>\nZustand: Teile abgest\u00fcrzt<br \/>\nAnzahl der Trimstufen: 2<br \/>\nZus\u00e4tzlicher Steinring: kein Steinring<br \/>\nStiege: keine<br \/>\nSteinform: kantig<br \/>\nEingangsbereich: frei<br \/>\nEingangsseite: W (270\u00b0)<br \/>\nTrimdurchmesser (cm): 540<br \/>\nTrimh\u00f6he (cm): 320<br \/>\nH\u00f6he der Trimstufen (cm): Stufe 1: 230 , Stufe 2: 320<br \/>\nWandst\u00e4rke (cm): 95<br \/>\nT\u00fcrbreite (cm): 65<br \/>\nT\u00fcrh\u00f6he (cm): 115<br \/>\nInnenraumbreite (cm): 180 &#8211; 350<br \/>\nInnenraumh\u00f6he (cm): 310<br \/>\nRaumvolumen (m3): 8,92<br \/>\nKeine Nische<\/p><\/div><\/div><div class='clear_column'><\/div><br \/>\n<img loading=\"lazy\" decoding=\"async\" class=\"aligncenter size-full wp-image-63930\" src=\"https:\/\/www.topohvar.at\/wp-content\/uploads\/2023\/08\/za-tr-82.jpg\" alt=\"\" width=\"640\" height=\"974\" srcset=\"https:\/\/www.topohvar.at\/wp-content\/uploads\/2023\/08\/za-tr-82.jpg 640w, https:\/\/www.topohvar.at\/wp-content\/uploads\/2023\/08\/za-tr-82-197x300.jpg 197w\" sizes=\"auto, (max-width: 640px) 100vw, 640px\" \/><\/p>\n<p style=\"text-align: right;\"><span style=\"color: #3366ff;\"><a style=\"color: #3366ff;\" href=\"#seite_oben\">natrag na vrh \/ Seitenanfang<\/a><\/span><\/p>\n<hr \/>\n<p><strong>Linkovi \/ Links<\/strong><\/p>\n<p>&#8211;<\/p>\n","protected":false},"excerpt":{"rendered":"<p>Ime \/ Name Trim \u00bbZA-TR-82\u00ab Code: ZA-TR-82\u00a0 \u00a0 \u00a0 \u00a0 \u00a0 \u00a0 \u00a0 \u00a0 \u00a0 \u00a0 \u00a0 \u00a0 \u00a0 \u00a0 \u00a0 Adresa \/ Adresse Zastra\u017ei\u0161\u0107e, Noburje, sjeverno od M. Bande Lokacija \/ Position Latitude: N 43,15383\u00b0\u00a0 \u00a0Longitude: E 16,84266\u00b0 Visina &hellip; <a href=\"https:\/\/www.topohvar.at\/topo\/orte\/za\/za-tr-82-1\/\">Weiterlesen <span class=\"meta-nav\">&rarr;<\/span><\/a><\/p>\n","protected":false},"author":1,"featured_media":0,"parent":115,"menu_order":0,"comment_status":"closed","ping_status":"closed","template":"","meta":{"footnotes":""},"class_list":["post-43567","page","type-page","status-publish","hentry"],"_links":{"self":[{"href":"https:\/\/www.topohvar.at\/topo\/wp-json\/wp\/v2\/pages\/43567","targetHints":{"allow":["GET"]}}],"collection":[{"href":"https:\/\/www.topohvar.at\/topo\/wp-json\/wp\/v2\/pages"}],"about":[{"href":"https:\/\/www.topohvar.at\/topo\/wp-json\/wp\/v2\/types\/page"}],"author":[{"embeddable":true,"href":"https:\/\/www.topohvar.at\/topo\/wp-json\/wp\/v2\/users\/1"}],"replies":[{"embeddable":true,"href":"https:\/\/www.topohvar.at\/topo\/wp-json\/wp\/v2\/comments?post=43567"}],"version-history":[{"count":12,"href":"https:\/\/www.topohvar.at\/topo\/wp-json\/wp\/v2\/pages\/43567\/revisions"}],"predecessor-version":[{"id":63931,"href":"https:\/\/www.topohvar.at\/topo\/wp-json\/wp\/v2\/pages\/43567\/revisions\/63931"}],"up":[{"embeddable":true,"href":"https:\/\/www.topohvar.at\/topo\/wp-json\/wp\/v2\/pages\/115"}],"wp:attachment":[{"href":"https:\/\/www.topohvar.at\/topo\/wp-json\/wp\/v2\/media?parent=43567"}],"curies":[{"name":"wp","href":"https:\/\/api.w.org\/{rel}","templated":true}]}}