{"id":43593,"date":"2020-11-13T07:07:11","date_gmt":"2020-11-13T06:07:11","guid":{"rendered":"https:\/\/www.topohvar.at\/topo\/?page_id=43593"},"modified":"2023-06-18T18:23:25","modified_gmt":"2023-06-18T16:23:25","slug":"za-tr-72-1","status":"publish","type":"page","link":"https:\/\/www.topohvar.at\/topo\/orte\/za\/za-tr-72-1\/","title":{"rendered":"ZASTRA\u017dI\u0160\u0106E &#8211; Trim \u00bbZA-TR-72\u00ab"},"content":{"rendered":"<p><a name=\"seite_oben\"><\/a><br \/>\n<strong><img loading=\"lazy\" decoding=\"async\" class=\"alignnone wp-image-52080 size-full\" src=\"https:\/\/www.topohvar.at\/wp-content\/uploads\/2021\/10\/za-tr-72-1.jpg\" alt=\"\" width=\"1080\" height=\"530\" srcset=\"https:\/\/www.topohvar.at\/wp-content\/uploads\/2021\/10\/za-tr-72-1.jpg 1080w, https:\/\/www.topohvar.at\/wp-content\/uploads\/2021\/10\/za-tr-72-1-300x147.jpg 300w, https:\/\/www.topohvar.at\/wp-content\/uploads\/2021\/10\/za-tr-72-1-1024x503.jpg 1024w, https:\/\/www.topohvar.at\/wp-content\/uploads\/2021\/10\/za-tr-72-1-768x377.jpg 768w\" sizes=\"auto, (max-width: 1080px) 100vw, 1080px\" \/><\/strong><\/p>\n<p><strong>Ime \/ Name<br \/>\n<\/strong>Trim \u00bbZA-TR-72\u00ab<\/p>\n<p><strong>Code: <\/strong>ZA-TR-72\u00a0 \u00a0 \u00a0 \u00a0 \u00a0 \u00a0 \u00a0 \u00a0 \u00a0 \u00a0 \u00a0 \u00a0 \u00a0 \u00a0 <a href=\"https:\/\/www.topohvar.at\/orte\/za\/za-tr-00-00\/\"><img loading=\"lazy\" decoding=\"async\" class=\"alignnone wp-image-12300 size-full\" src=\"https:\/\/www.topohvar.at\/wp-content\/uploads\/2018\/09\/push-vor-30.jpg\" alt=\"\" width=\"61\" height=\"30\" \/><\/a>\u00a0<strong><a href=\"https:\/\/www.topohvar.at\/orte\/za\/za-tr-73-1\/\"><img loading=\"lazy\" decoding=\"async\" class=\"alignnone wp-image-533 size-full\" src=\"https:\/\/www.topohvar.at\/wp-content\/uploads\/2018\/07\/push-l-30.jpg\" alt=\"\" width=\"61\" height=\"30\" \/><\/a> <a href=\"https:\/\/www.topohvar.at\/orte\/za\/\"><img loading=\"lazy\" decoding=\"async\" class=\"alignnone wp-image-535 size-full\" src=\"https:\/\/www.topohvar.at\/wp-content\/uploads\/2018\/07\/push-o-30.jpg\" alt=\"\" width=\"61\" height=\"30\" \/><\/a> <a href=\"https:\/\/www.topohvar.at\/orte\/za\/za-tr-70-1\/\"><img loading=\"lazy\" decoding=\"async\" class=\"alignnone wp-image-536 size-full\" src=\"https:\/\/www.topohvar.at\/wp-content\/uploads\/2018\/07\/push-r-30.jpg\" alt=\"\" width=\"61\" height=\"30\" \/><\/a><\/strong><\/p>\n<hr \/>\n<p><strong>Adresa \/ Adresse<br \/>\n<\/strong>Zastra\u017ei\u0161\u0107e, sjeveroisto\u010dno od Postranja<\/p>\n<p><strong>Lokacija \/ Position<a href=\"https:\/\/goo.gl\/maps\/aHSXzexLwAoSFnUE7\"><img loading=\"lazy\" decoding=\"async\" class=\"alignright wp-image-43594\" src=\"https:\/\/www.topohvar.at\/wp-content\/uploads\/2020\/11\/3043.jpg\" alt=\"\" width=\"134\" height=\"100\" \/><\/a><br \/>\n<\/strong><a href=\"https:\/\/goo.gl\/maps\/aHSXzexLwAoSFnUE7\"><span style=\"color: #3366ff;\">Latitude: N 43,14425\u00b0\u00a0 \u00a0Longitude: E 16,85353\u00b0<\/span><\/a> <strong><br \/>\n<\/strong>Visina \/ H\u00f6he: 176 m<\/p>\n<p><strong>Katastarska \u010destica \/ Grundst\u00fccke<br \/>\n<\/strong>2637<div class='content-column one_half'><div style=\"padding-right:6px;\"><p><strong>Datum snimanja \/ Erfassungsdatum<br \/>\n<\/strong>08.01.2021 12:50:00<\/p>\n<hr \/>\n<p><strong>Informacije<\/strong><\/p>\n<p>Trim se nalazi na poljoprivrednom podru\u010dju sjeveroisto\u010dno od Postranja. Dio je kompleksa koji se sastoji od dva dvori\u0161ta, cisterne, vodenog bazena, suhozida i samog trima. Dvori\u0161ta ispred trima bila su potpuno obrasla trnovom \u017eivicom. Iz prvog se dvori\u0161ta kroz jo\u0161 o\u010duvani ulaz ulazilo u drugo dvori\u0161te, koje je prije bilo natkriveno. O tome svjedo\u010de sa\u010duvani zabatni zidovi iznad ulaza u trim i na zidu nasuprot ulazu. Isto\u010dno od trim nalazi se cisterna i betonski bazen za vodu. Trim se vi\u0161e ne koristi.<\/p><\/div><\/div><div class='content-column one_half last_column'><div style=\"padding-right:0px;padding-left:6px;\"><p><strong>Stupanj za\u0161tite \/ Schutzstellung<br \/>\n<\/strong>&#8211;<\/p>\n<hr \/>\n<p><strong>Info<\/strong><\/p>\n<p>Der Trim befindet sich im landwirtschaftlich genutzten Bereich nord\u00f6stlich von Postranja. Er ist Teil eines Komplexes der aus zwei H\u00f6fen, einer Zisterne, Wasserbecken, Trockensteinmauern und dem eigentlichen Trim besteht. Die dem Trim vorgelagerten H\u00f6fe waren vollst\u00e4ndig mit Dornenhecken bewachsen. Vom ersten Hof gelang man duch einen noch erhaltenen Eingang in den zweiten Hof der ehemals \u00fcberdacht war. Davon zeugen noch erhaltene Giebelmauern \u00fcber dem Trimeingang und an der, dem Eingang gegen\u00fcberliegenden Mauer. \u00d6stlich des Trims befindet sich eine Zisterne und ein betoniertes Wasserbecken. Der Trim wird nicht mehr genutzt.<\/p><\/div><\/div><div class='clear_column'><\/div><div class='content-column one_half'><div style=\"padding-right:6px;\"><p>Izvor: Hrvatska osnovna karta\u00a0&#8211; Geoportal DGU<\/p><\/div><\/div><div class='content-column one_half last_column'><div style=\"padding-right:0px;padding-left:6px;\"><p>Quelle: Grundkarte Kroatiens &#8211; Geoportal DGU<\/p><\/div><\/div><div class='clear_column'><\/div><div class='content-column one_half'><div style=\"padding-right:6px;\"><div id=\"attachment_54561\" style=\"width: 310px\" class=\"wp-caption aligncenter\"><img loading=\"lazy\" decoding=\"async\" aria-describedby=\"caption-attachment-54561\" class=\"size-medium wp-image-54561\" src=\"https:\/\/www.topohvar.at\/wp-content\/uploads\/2021\/12\/za-tr-72-10-300x300.jpg\" alt=\"\" width=\"300\" height=\"300\" srcset=\"https:\/\/www.topohvar.at\/wp-content\/uploads\/2021\/12\/za-tr-72-10-300x300.jpg 300w, https:\/\/www.topohvar.at\/wp-content\/uploads\/2021\/12\/za-tr-72-10-150x150.jpg 150w, https:\/\/www.topohvar.at\/wp-content\/uploads\/2021\/12\/za-tr-72-10.jpg 450w\" sizes=\"auto, (max-width: 300px) 100vw, 300px\" \/><p id=\"caption-attachment-54561\" class=\"wp-caption-text\">Ulaz \/ Eingang<\/p><\/div>\n<p>Dana 08.10.2021 trim ZA-TR-72 je posje\u0107en i ustanovljeno je sljede\u0107e:<\/p>\n<p>Lokacija: poljoprivredni sklop<br \/>\nPodloga: ravna<br \/>\nPovezan s: zgradom , kamenim zidom<br \/>\nUpotreba: ne koristi se<br \/>\nStanje: vrlo dobro uzdr\u017eati<br \/>\nBroj stepenica trima: 2<br \/>\nDodatni kameni prsten: nema kamenog prstena<br \/>\nStepeni\u0161te: nema<br \/>\nOblik kamena: uglast<br \/>\nPodru\u010dje ispred ulaza: trnovito<br \/>\nOrijentacija ulaza: S (0\u00b0)<br \/>\nPromjer trima (cm): 390<br \/>\nVisina trima (cm): 270<br \/>\nVisina stepenica (cm): stepenica 1: 180 , stepenica 2: 240<br \/>\nDebljina zida (cm): 95<br \/>\n\u0160irina vrata (cm): 65<br \/>\nVisina vrata (cm): 90<br \/>\n\u0160irina unutra (cm): 190 &#8211; 200<br \/>\nVisina unutra (cm): 250<br \/>\nVolumen iznutra (m3): 4,81<br \/>\nNema ni\u0161e<\/p><\/div><\/div><div class='content-column one_half last_column'><div style=\"padding-right:0px;padding-left:6px;\"><div id=\"attachment_54562\" style=\"width: 310px\" class=\"wp-caption aligncenter\"><img loading=\"lazy\" decoding=\"async\" aria-describedby=\"caption-attachment-54562\" class=\"size-medium wp-image-54562\" src=\"https:\/\/www.topohvar.at\/wp-content\/uploads\/2021\/12\/za-tr-72-11-300x300.jpg\" alt=\"\" width=\"300\" height=\"300\" srcset=\"https:\/\/www.topohvar.at\/wp-content\/uploads\/2021\/12\/za-tr-72-11-300x300.jpg 300w, https:\/\/www.topohvar.at\/wp-content\/uploads\/2021\/12\/za-tr-72-11-150x150.jpg 150w, https:\/\/www.topohvar.at\/wp-content\/uploads\/2021\/12\/za-tr-72-11.jpg 450w\" sizes=\"auto, (max-width: 300px) 100vw, 300px\" \/><p id=\"caption-attachment-54562\" class=\"wp-caption-text\">Drugo dvori\u0161te \/ zweiter Hof<\/p><\/div>\n<p>Am 08.10.2021 wurde der Trim ZA-TR-72 besucht und n\u00e4her untersucht:<\/p>\n<p>Standort: landwirtsch. Gemenge<br \/>\nUntergrund: eben<br \/>\nVerbunden mit: Geb\u00e4ude , Steinmauer<br \/>\nNutzung: ungenutzt<br \/>\nZustand: sehr gut erhalten<br \/>\nAnzahl der Trimstufen: 2<br \/>\nZus\u00e4tzlicher Steinring: kein Steinring<br \/>\nStiege: keine<br \/>\nSteinform: kantig<br \/>\nEingangsbereich: Dornenhecke<br \/>\nEingangsseite: N (0\u00b0)<br \/>\nTrimdurchmesser (cm): 390<br \/>\nTrimh\u00f6he (cm): 270<br \/>\nH\u00f6he der Trimstufen (cm): Stufe 1: 180 , Stufe 2: 240<br \/>\nWandst\u00e4rke (cm): 95<br \/>\nT\u00fcrbreite (cm): 65<br \/>\nT\u00fcrh\u00f6he (cm): 90<br \/>\nInnenraumbreite (cm): 190 &#8211; 200<br \/>\nInnenraumh\u00f6he (cm): 250<br \/>\nRaumvolumen (m3): 4,81<br \/>\nKeine Nische<\/p><\/div><\/div><div class='clear_column'><\/div><br \/>\n<img loading=\"lazy\" decoding=\"async\" class=\"aligncenter wp-image-54563 size-full\" src=\"https:\/\/www.topohvar.at\/wp-content\/uploads\/2021\/12\/za-tr-72-2-sca.jpg\" alt=\"\" width=\"640\" height=\"1330\" srcset=\"https:\/\/www.topohvar.at\/wp-content\/uploads\/2021\/12\/za-tr-72-2-sca.jpg 640w, https:\/\/www.topohvar.at\/wp-content\/uploads\/2021\/12\/za-tr-72-2-sca-144x300.jpg 144w, https:\/\/www.topohvar.at\/wp-content\/uploads\/2021\/12\/za-tr-72-2-sca-493x1024.jpg 493w\" sizes=\"auto, (max-width: 640px) 100vw, 640px\" \/><\/p>\n<p style=\"text-align: right;\"><a href=\"#seite_oben\">natrag na vrh \/ Seitenanfang<\/a><\/p>\n<hr \/>\n<p><strong>Linkovi \/ Links<\/strong><\/p>\n<p><span style=\"color: #3366ff;\"><a style=\"color: #3366ff;\" href=\"https:\/\/www.topohvar.at\/orte\/za\/za-op-00-0\/#op-21\">Objekt \u00bbGustirna uz trim ZA-TR-72\u00ab \/ Zisterne beim Trim ZA-TR-72<\/a><\/span><\/p>\n","protected":false},"excerpt":{"rendered":"<p>Ime \/ Name Trim \u00bbZA-TR-72\u00ab Code: ZA-TR-72\u00a0 \u00a0 \u00a0 \u00a0 \u00a0 \u00a0 \u00a0 \u00a0 \u00a0 \u00a0 \u00a0 \u00a0 \u00a0 \u00a0 \u00a0 Adresa \/ Adresse Zastra\u017ei\u0161\u0107e, sjeveroisto\u010dno od Postranja Lokacija \/ Position Latitude: N 43,14425\u00b0\u00a0 \u00a0Longitude: E 16,85353\u00b0 Visina \/ H\u00f6he: &hellip; <a href=\"https:\/\/www.topohvar.at\/topo\/orte\/za\/za-tr-72-1\/\">Weiterlesen <span class=\"meta-nav\">&rarr;<\/span><\/a><\/p>\n","protected":false},"author":1,"featured_media":0,"parent":115,"menu_order":0,"comment_status":"closed","ping_status":"closed","template":"","meta":{"footnotes":""},"class_list":["post-43593","page","type-page","status-publish","hentry"],"_links":{"self":[{"href":"https:\/\/www.topohvar.at\/topo\/wp-json\/wp\/v2\/pages\/43593","targetHints":{"allow":["GET"]}}],"collection":[{"href":"https:\/\/www.topohvar.at\/topo\/wp-json\/wp\/v2\/pages"}],"about":[{"href":"https:\/\/www.topohvar.at\/topo\/wp-json\/wp\/v2\/types\/page"}],"author":[{"embeddable":true,"href":"https:\/\/www.topohvar.at\/topo\/wp-json\/wp\/v2\/users\/1"}],"replies":[{"embeddable":true,"href":"https:\/\/www.topohvar.at\/topo\/wp-json\/wp\/v2\/comments?post=43593"}],"version-history":[{"count":11,"href":"https:\/\/www.topohvar.at\/topo\/wp-json\/wp\/v2\/pages\/43593\/revisions"}],"predecessor-version":[{"id":63455,"href":"https:\/\/www.topohvar.at\/topo\/wp-json\/wp\/v2\/pages\/43593\/revisions\/63455"}],"up":[{"embeddable":true,"href":"https:\/\/www.topohvar.at\/topo\/wp-json\/wp\/v2\/pages\/115"}],"wp:attachment":[{"href":"https:\/\/www.topohvar.at\/topo\/wp-json\/wp\/v2\/media?parent=43593"}],"curies":[{"name":"wp","href":"https:\/\/api.w.org\/{rel}","templated":true}]}}