{"id":43705,"date":"2020-11-13T10:45:08","date_gmt":"2020-11-13T09:45:08","guid":{"rendered":"https:\/\/www.topohvar.at\/topo\/?page_id=43705"},"modified":"2021-12-05T09:41:44","modified_gmt":"2021-12-05T08:41:44","slug":"za-tr-57-1","status":"publish","type":"page","link":"https:\/\/www.topohvar.at\/topo\/orte\/za\/za-tr-57-1\/","title":{"rendered":"ZASTRA\u017dI\u0160\u0106E &#8211; Trim \u00bbZA-TR-57\u00ab"},"content":{"rendered":"<p><a name=\"seite_oben\"><\/a><br \/>\n<strong><img loading=\"lazy\" decoding=\"async\" class=\"alignnone wp-image-52188 size-full\" src=\"https:\/\/www.topohvar.at\/wp-content\/uploads\/2021\/10\/za-tr-57-1.jpg\" alt=\"\" width=\"1080\" height=\"530\" srcset=\"https:\/\/www.topohvar.at\/wp-content\/uploads\/2021\/10\/za-tr-57-1.jpg 1080w, https:\/\/www.topohvar.at\/wp-content\/uploads\/2021\/10\/za-tr-57-1-300x147.jpg 300w, https:\/\/www.topohvar.at\/wp-content\/uploads\/2021\/10\/za-tr-57-1-1024x503.jpg 1024w, https:\/\/www.topohvar.at\/wp-content\/uploads\/2021\/10\/za-tr-57-1-768x377.jpg 768w\" sizes=\"auto, (max-width: 1080px) 100vw, 1080px\" \/><\/strong><\/p>\n<p><strong>Ime \/ Name<br \/>\n<\/strong>Trim \u00bbZA-TR-57\u00ab<\/p>\n<p><strong>Code: <\/strong>ZA-TR-57\u00a0 \u00a0 \u00a0 \u00a0 \u00a0 \u00a0 \u00a0 \u00a0 \u00a0 \u00a0 \u00a0 \u00a0 \u00a0 \u00a0 <a href=\"https:\/\/www.topohvar.at\/orte\/za\/za-tr-00-00\/\"><img loading=\"lazy\" decoding=\"async\" class=\"alignnone wp-image-12300 size-full\" src=\"https:\/\/www.topohvar.at\/wp-content\/uploads\/2018\/09\/push-vor-30.jpg\" alt=\"\" width=\"61\" height=\"30\" \/><\/a>\u00a0<strong><a href=\"https:\/\/www.topohvar.at\/orte\/za\/za-tr-07-1\/\"><img loading=\"lazy\" decoding=\"async\" class=\"alignnone wp-image-533 size-full\" src=\"https:\/\/www.topohvar.at\/wp-content\/uploads\/2018\/07\/push-l-30.jpg\" alt=\"\" width=\"61\" height=\"30\" \/><\/a> <a href=\"https:\/\/www.topohvar.at\/orte\/za\/\"><img loading=\"lazy\" decoding=\"async\" class=\"alignnone wp-image-535 size-full\" src=\"https:\/\/www.topohvar.at\/wp-content\/uploads\/2018\/07\/push-o-30.jpg\" alt=\"\" width=\"61\" height=\"30\" \/><\/a> <a href=\"https:\/\/www.topohvar.at\/orte\/za\/za-tr-21-1\/\"><img loading=\"lazy\" decoding=\"async\" class=\"alignnone wp-image-536 size-full\" src=\"https:\/\/www.topohvar.at\/wp-content\/uploads\/2018\/07\/push-r-30.jpg\" alt=\"\" width=\"61\" height=\"30\" \/><\/a><\/strong><\/p>\n<hr \/>\n<p><strong>Adresa \/ Adresse<br \/>\n<\/strong>Zastra\u017ei\u0161\u0107e, Grudac, u blizini glavne ceste DC-116<\/p>\n<p><strong>Lokacija \/ Position<a href=\"https:\/\/goo.gl\/maps\/PmEiQSc1BdC6iKrH7\"><img loading=\"lazy\" decoding=\"async\" class=\"alignright wp-image-43706\" src=\"https:\/\/www.topohvar.at\/wp-content\/uploads\/2020\/11\/3028.jpg\" alt=\"\" width=\"134\" height=\"100\" \/><\/a><br \/>\n<\/strong><a href=\"https:\/\/goo.gl\/maps\/PmEiQSc1BdC6iKrH7\"><span style=\"color: #3366ff;\">Latitude: N 43,13662\u00b0\u00a0 \u00a0Longitude: E 16,86728\u00b0<\/span><\/a> <strong><br \/>\n<\/strong>Visina \/ H\u00f6he: 235 m<\/p>\n<p><strong>Katastarska \u010destica \/ Grundst\u00fccke<br \/>\n<\/strong>2408\/1<div class='content-column one_half'><div style=\"padding-right:6px;\"><p><strong>Datum snimanja \/ Erfassungsdatum<br \/>\n<\/strong>15.10.2021 10:16:40<\/p>\n<hr \/>\n<p><strong>Informacije<\/strong><\/p>\n<p>Trim se nalazi isto\u010dno od sela Grudac, sjeverno od Dr\u017eavne ceste 116. Prva stepenica dvostupanjski trima nije oblikovan s njegove lijeve strane. S njegove desne strane kameno stubi\u0161te vodi do susjednog kamenog zida. Ne\u0161to ni\u017ei kameni zid grani\u010di i s njegovom stra\u017enjom stranom. Iznad ulaza je izra\u017eeno udubljenje. Unutra\u0161njost je kru\u017ena i ima mali otvor na vrhu kupole. Trim je u vrlo dobrom stanju, ali se o\u010dito vi\u0161e ne koristi.<\/p><\/div><\/div><div class='content-column one_half last_column'><div style=\"padding-right:0px;padding-left:6px;\"><p><strong>Stupanj za\u0161tite \/ Schutzstellung<br \/>\n<\/strong>&#8211;<\/p>\n<hr \/>\n<p><strong>Info<\/strong><\/p>\n<p>Der Trim befindet sich \u00f6stlich der Ortschaft Grudac, n\u00f6rdlich der Staatsstra\u00dfe 116. Die erste Stufe des zweistufigen Trims ist an seiner linken Seite nicht ausgebildet. An seiner rechten Seite f\u00fchrt eine Steintreppe hinauf auf eine angrenzende Steinmauer. Auch an seine R\u00fcckseite grenzt eine etwas niedrigere Steinmauer. \u00dcber dem Eingang findet sich eine ausgepr\u00e4gte Einbuchtung. Der Innenraum ist kreisrund und hat in der Kuppelspitze eine kleine \u00d6ffnung. Der Trim ist in einem sehr guten Zustand, wird aber offensichtlich nicht mehr genutzt.<\/p><\/div><\/div><div class='clear_column'><\/div><div class='content-column one_half'><div style=\"padding-right:6px;\"><p>Izvor: Hrvatska osnovna karta\u00a0&#8211; Geoportal DGU<\/p><\/div><\/div><div class='content-column one_half last_column'><div style=\"padding-right:0px;padding-left:6px;\"><p>Quelle: Grundkarte Kroatiens\u00a0&#8211; Geoportal DGU<\/p><\/div><\/div><div class='clear_column'><\/div><div class='content-column one_half'><div style=\"padding-right:6px;\"><div id=\"attachment_54674\" style=\"width: 310px\" class=\"wp-caption aligncenter\"><img loading=\"lazy\" decoding=\"async\" aria-describedby=\"caption-attachment-54674\" class=\"size-medium wp-image-54674\" src=\"https:\/\/www.topohvar.at\/wp-content\/uploads\/2021\/12\/za-tr-57-10-300x300.jpg\" alt=\"\" width=\"300\" height=\"300\" srcset=\"https:\/\/www.topohvar.at\/wp-content\/uploads\/2021\/12\/za-tr-57-10-300x300.jpg 300w, https:\/\/www.topohvar.at\/wp-content\/uploads\/2021\/12\/za-tr-57-10-150x150.jpg 150w, https:\/\/www.topohvar.at\/wp-content\/uploads\/2021\/12\/za-tr-57-10.jpg 450w\" sizes=\"auto, (max-width: 300px) 100vw, 300px\" \/><p id=\"caption-attachment-54674\" class=\"wp-caption-text\">Ulaz \/ Eingang<\/p><\/div>\n<p>Dana\t15.10.2021\ttrim ZA-TR-57 je posje\u0107en i ustanovljeno je sljede\u0107e:\t<\/p>\n<p>Lokacija: \tgrmlje<br \/>\nPodloga: \tpadina<br \/>\nPovezan s: \tkamenim zidom<br \/>\nUpotreba: \tne koristi se<br \/>\nStanje: \tvrlo dobro uzdr\u017eati<br \/>\nBroj stepenica trima:\t2<br \/>\nDodatni kameni prsten: \tnema kamenog prstena<br \/>\nStepeni\u0161te: \tstepenica<br \/>\nOblik kamena: \tuglast<br \/>\nPodru\u010dje ispred ulaza: \tlako dostupno<br \/>\nOrijentacija ulaza: \tS (20\u00b0)<br \/>\nPromjer trima (cm): \t390<br \/>\nVisina trima (cm): \t230<br \/>\nVisina stepenica (cm): \tstepenica 1: 150\t, stepenica 2: 210<br \/>\nDebljina zida (cm): \t100<br \/>\n\u0160irina vrata (cm): \t80<br \/>\nVisina vrata (cm): \t105<br \/>\n\u0160irina unutra (cm):\t180 &#8211; 190<br \/>\nVisina unutra (cm): \t220<br \/>\nVolumen iznutra (m3): \t3,84<br \/>\nNema ni\u0161e\t\t\t<\/p><\/div><\/div><div class='content-column one_half last_column'><div style=\"padding-right:0px;padding-left:6px;\"><div id=\"attachment_54675\" style=\"width: 310px\" class=\"wp-caption aligncenter\"><img loading=\"lazy\" decoding=\"async\" aria-describedby=\"caption-attachment-54675\" class=\"size-medium wp-image-54675\" src=\"https:\/\/www.topohvar.at\/wp-content\/uploads\/2021\/12\/za-tr-57-11-300x300.jpg\" alt=\"\" width=\"300\" height=\"300\" srcset=\"https:\/\/www.topohvar.at\/wp-content\/uploads\/2021\/12\/za-tr-57-11-300x300.jpg 300w, https:\/\/www.topohvar.at\/wp-content\/uploads\/2021\/12\/za-tr-57-11-150x150.jpg 150w, https:\/\/www.topohvar.at\/wp-content\/uploads\/2021\/12\/za-tr-57-11.jpg 450w\" sizes=\"auto, (max-width: 300px) 100vw, 300px\" \/><p id=\"caption-attachment-54675\" class=\"wp-caption-text\">Pogled na jugoistok \/ Blick nach S\u00fcdost<\/p><\/div>\n<p>Am\t15.10.2021\twurde der Trim ZA-TR-57 besucht und n\u00e4her untersucht:\t<\/p>\n<p>Standort: \tBuschwerk<br \/>\nUntergrund: \tHanglage<br \/>\nVerbunden mit: \tSteinmauer<br \/>\nNutzung: \tungenutzt<br \/>\nZustand: \tsehr gut erhalten<br \/>\nAnzahl der Trimstufen:\t2<br \/>\nZus\u00e4tzlicher Steinring: \tkein Steinring<br \/>\nStiege: \tStiege<br \/>\nSteinform: \tkantig<br \/>\nEingangsbereich: \tfrei<br \/>\nEingangsseite:\tN (20\u00b0)<br \/>\nTrimdurchmesser (cm): \t390<br \/>\nTrimh\u00f6he (cm): \t230<br \/>\nH\u00f6he der Trimstufen (cm): \tStufe 1: 150\t, Stufe 2: 210<br \/>\nWandst\u00e4rke (cm): \t100<br \/>\nT\u00fcrbreite (cm): \t80<br \/>\nT\u00fcrh\u00f6he (cm): \t105<br \/>\nInnenraumbreite (cm):\t180 &#8211; 190<br \/>\nInnenraumh\u00f6he (cm): \t220<br \/>\nRaumvolumen (m3): \t3,84<br \/>\nKeine Nische\t\t\t<\/p><\/div><\/div><div class='clear_column'><\/div><img loading=\"lazy\" decoding=\"async\" class=\"aligncenter size-full wp-image-54676\" src=\"https:\/\/www.topohvar.at\/wp-content\/uploads\/2021\/12\/za-tr-57-1-sca.jpg\" alt=\"\" width=\"640\" height=\"981\" srcset=\"https:\/\/www.topohvar.at\/wp-content\/uploads\/2021\/12\/za-tr-57-1-sca.jpg 640w, https:\/\/www.topohvar.at\/wp-content\/uploads\/2021\/12\/za-tr-57-1-sca-196x300.jpg 196w\" sizes=\"auto, (max-width: 640px) 100vw, 640px\" \/><\/p>\n<p style=\"text-align: right;\"><a href=\"#seite_oben\">natrag na vrh \/ Seitenanfang<\/a><\/p>\n<hr \/>\n<p><strong>Linkovi \/ Links<\/strong><\/p>\n<p>&#8211;<\/p>\n","protected":false},"excerpt":{"rendered":"<p>Ime \/ Name Trim \u00bbZA-TR-57\u00ab Code: ZA-TR-57\u00a0 \u00a0 \u00a0 \u00a0 \u00a0 \u00a0 \u00a0 \u00a0 \u00a0 \u00a0 \u00a0 \u00a0 \u00a0 \u00a0 \u00a0 Adresa \/ Adresse Zastra\u017ei\u0161\u0107e, Grudac, u blizini glavne ceste DC-116 Lokacija \/ Position Latitude: N 43,13662\u00b0\u00a0 \u00a0Longitude: E 16,86728\u00b0 &hellip; <a href=\"https:\/\/www.topohvar.at\/topo\/orte\/za\/za-tr-57-1\/\">Weiterlesen <span class=\"meta-nav\">&rarr;<\/span><\/a><\/p>\n","protected":false},"author":1,"featured_media":0,"parent":115,"menu_order":0,"comment_status":"closed","ping_status":"closed","template":"","meta":{"footnotes":""},"class_list":["post-43705","page","type-page","status-publish","hentry"],"_links":{"self":[{"href":"https:\/\/www.topohvar.at\/topo\/wp-json\/wp\/v2\/pages\/43705","targetHints":{"allow":["GET"]}}],"collection":[{"href":"https:\/\/www.topohvar.at\/topo\/wp-json\/wp\/v2\/pages"}],"about":[{"href":"https:\/\/www.topohvar.at\/topo\/wp-json\/wp\/v2\/types\/page"}],"author":[{"embeddable":true,"href":"https:\/\/www.topohvar.at\/topo\/wp-json\/wp\/v2\/users\/1"}],"replies":[{"embeddable":true,"href":"https:\/\/www.topohvar.at\/topo\/wp-json\/wp\/v2\/comments?post=43705"}],"version-history":[{"count":10,"href":"https:\/\/www.topohvar.at\/topo\/wp-json\/wp\/v2\/pages\/43705\/revisions"}],"predecessor-version":[{"id":54678,"href":"https:\/\/www.topohvar.at\/topo\/wp-json\/wp\/v2\/pages\/43705\/revisions\/54678"}],"up":[{"embeddable":true,"href":"https:\/\/www.topohvar.at\/topo\/wp-json\/wp\/v2\/pages\/115"}],"wp:attachment":[{"href":"https:\/\/www.topohvar.at\/topo\/wp-json\/wp\/v2\/media?parent=43705"}],"curies":[{"name":"wp","href":"https:\/\/api.w.org\/{rel}","templated":true}]}}