{"id":43734,"date":"2020-11-13T12:37:32","date_gmt":"2020-11-13T11:37:32","guid":{"rendered":"https:\/\/www.topohvar.at\/topo\/?page_id=43734"},"modified":"2025-11-01T16:35:21","modified_gmt":"2025-11-01T15:35:21","slug":"za-tr-51-1","status":"publish","type":"page","link":"https:\/\/www.topohvar.at\/topo\/orte\/za\/za-tr-51-1\/","title":{"rendered":"ZASTRA\u017dI\u0160\u0106E &#8211; Trim (ku\u010der) \u00bbZA-TR-51\u00ab"},"content":{"rendered":"<p><a name=\"seite_oben\"><\/a><strong><img loading=\"lazy\" decoding=\"async\" class=\"alignnone wp-image-67818 size-full\" src=\"https:\/\/www.topohvar.at\/wp-content\/uploads\/2024\/06\/za-tr-51-10.jpg\" alt=\"\" width=\"1080\" height=\"530\" srcset=\"https:\/\/www.topohvar.at\/wp-content\/uploads\/2024\/06\/za-tr-51-10.jpg 1080w, https:\/\/www.topohvar.at\/wp-content\/uploads\/2024\/06\/za-tr-51-10-300x147.jpg 300w, https:\/\/www.topohvar.at\/wp-content\/uploads\/2024\/06\/za-tr-51-10-1024x503.jpg 1024w, https:\/\/www.topohvar.at\/wp-content\/uploads\/2024\/06\/za-tr-51-10-768x377.jpg 768w\" sizes=\"auto, (max-width: 1080px) 100vw, 1080px\" \/><\/strong><\/p>\n<p><strong>Ime \/ Name<br \/>\n<\/strong>Trim (ku\u010der) \u00bbZA-TR-51\u00ab<\/p>\n<p><strong>Code: <\/strong>ZA-TR-51\u00a0 \u00a0 \u00a0 \u00a0 \u00a0 \u00a0 \u00a0 \u00a0 \u00a0 \u00a0 \u00a0 \u00a0 \u00a0 \u00a0 <a href=\"https:\/\/www.topohvar.at\/orte\/za\/za-tr-00-00\/\"><img loading=\"lazy\" decoding=\"async\" class=\"alignnone wp-image-12300 size-full\" src=\"https:\/\/www.topohvar.at\/wp-content\/uploads\/2018\/09\/push-vor-30.jpg\" alt=\"\" width=\"61\" height=\"30\" \/><\/a>\u00a0<strong><a href=\"https:\/\/www.topohvar.at\/orte\/za\/za-tr-54-1\/\"><img loading=\"lazy\" decoding=\"async\" class=\"alignnone wp-image-533 size-full\" src=\"https:\/\/www.topohvar.at\/wp-content\/uploads\/2018\/07\/push-l-30.jpg\" alt=\"\" width=\"61\" height=\"30\" \/><\/a> <a href=\"https:\/\/www.topohvar.at\/orte\/za\/\"><img loading=\"lazy\" decoding=\"async\" class=\"alignnone wp-image-535 size-full\" src=\"https:\/\/www.topohvar.at\/wp-content\/uploads\/2018\/07\/push-o-30.jpg\" alt=\"\" width=\"61\" height=\"30\" \/><\/a> <a href=\"https:\/\/www.topohvar.at\/orte\/za\/za-tr-c7-1\/\"><img loading=\"lazy\" decoding=\"async\" class=\"alignnone wp-image-536 size-full\" src=\"https:\/\/www.topohvar.at\/wp-content\/uploads\/2018\/07\/push-r-30.jpg\" alt=\"\" width=\"61\" height=\"30\" \/><\/a><\/strong><\/p>\n<hr \/>\n<p><strong>Adresa \/ Adresse<br \/>\n<\/strong>Zastra\u017ei\u0161\u0107e, isto\u010dno od Grudaca<\/p>\n<p><strong>Lokacija \/ Position<a href=\"https:\/\/goo.gl\/maps\/1kM1Wn7u1akQXC4eA\"><img loading=\"lazy\" decoding=\"async\" class=\"alignright wp-image-43735\" src=\"https:\/\/www.topohvar.at\/wp-content\/uploads\/2020\/11\/3022-1.jpg\" alt=\"\" width=\"134\" height=\"100\" \/><\/a><br \/>\n<\/strong><a href=\"https:\/\/goo.gl\/maps\/1kM1Wn7u1akQXC4eA\"><span style=\"color: #3366ff;\">Latitude: N 43,13861\u00b0\u00a0 \u00a0Longitude: E 16,87388\u00b0<\/span><\/a> <strong><br \/>\n<\/strong>Visina \/ H\u00f6he: 171 m<\/p>\n<p><strong>Katastarska \u010destica \/ Grundst\u00fccke<br \/>\n<\/strong>2471\/13<div class='content-column one_half'><div style=\"padding-right:6px;\"><p><strong>Datum snimanja \/ Erfassungsdatum<br \/>\n<\/strong>14.05.2024 12:13:00<\/p>\n<hr \/>\n<p><strong>Informacije<\/strong><\/p>\n<p>Veliki trim nalazi se u grmlju isto\u010dno od mjesta Grudac, sjeverno od dr\u017eavne ceste 116. Trim, pribli\u017eno pravokutnog tlocrta, u donjem dijelu ima debljinu stijenke od 170-180 (!) cm. Na desnoj strani, 4 konzolne stepenice olak\u0161avaju penjanje na prvu razinu trima.<\/p><\/div><\/div><div class='content-column one_half last_column'><div style=\"padding-right:0px;padding-left:6px;\"><p><strong>Stupanj za\u0161tite \/ Schutzstellung<br \/>\n<\/strong>&#8211;<\/p>\n<hr \/>\n<p><strong>Info<\/strong><\/p>\n<p>Der gro\u00dfe Trim befindet sich im Buschwerk \u00f6stlich der Ortschaft Grudac, n\u00f6rdlich der Staatsstra\u00dfe 116. Der Trim mit ann\u00e4hernd rechteckigem Grundriss hat im unteren Bereich eine Wandst\u00e4rke von 170-180 (!) cm. An seiner rechten Seite erleichtern 4 Kragstufen den Aufstieg auf die erste Trimstufe.<\/p><\/div><\/div><div class='clear_column'><\/div><div class='content-column one_half'><div style=\"padding-right:6px;\"><p>U visokoj, gotovo kvadrati\u010dnoj unutra\u0161njosti nalaze se dvije zidne ni\u0161e. Nedostaje pokrovna plo\u010da kupole. Ina\u010de trim je u dobrom stanju ali se vi\u0161e ne koristi.<\/p><\/div><\/div><div class='content-column one_half last_column'><div style=\"padding-right:0px;padding-left:6px;\"><p>Im hohen, ann\u00e4hernd quadratischen Innenraum befinden sich zwei Wandnischen. Die Abdeckplatte der Kuppel fehlt. Ansonsten ist der Trim gut erhalten, wird aber nicht mehr genutzt.<\/p><\/div><\/div><div class='clear_column'><\/div><div class='content-column one_half'><div style=\"padding-right:6px;\"><p>Izvor: Hrvatska osnovna karta\u00a0&#8211; Geoportal DGU<\/p><\/div><\/div><div class='content-column one_half last_column'><div style=\"padding-right:0px;padding-left:6px;\"><p>Quelle: Grundkarte Kroatiens\u00a0&#8211; Geoportal DGU<\/p><\/div><\/div><div class='clear_column'><\/div><div class='content-column one_half'><div style=\"padding-right:6px;\"><div id=\"attachment_68944\" style=\"width: 310px\" class=\"wp-caption aligncenter\"><img loading=\"lazy\" decoding=\"async\" aria-describedby=\"caption-attachment-68944\" class=\"wp-image-68944 size-medium\" src=\"https:\/\/www.topohvar.at\/wp-content\/uploads\/2024\/06\/za-tr-51-20-300x300.jpg\" alt=\"\" width=\"300\" height=\"300\" srcset=\"https:\/\/www.topohvar.at\/wp-content\/uploads\/2024\/06\/za-tr-51-20-300x300.jpg 300w, https:\/\/www.topohvar.at\/wp-content\/uploads\/2024\/06\/za-tr-51-20-150x150.jpg 150w, https:\/\/www.topohvar.at\/wp-content\/uploads\/2024\/06\/za-tr-51-20.jpg 450w\" sizes=\"auto, (max-width: 300px) 100vw, 300px\" \/><p id=\"caption-attachment-68944\" class=\"wp-caption-text\">Ulaz \/ Eingang<\/p><\/div><\/div><\/div><div class='content-column one_half last_column'><div style=\"padding-right:0px;padding-left:6px;\"><div id=\"attachment_68945\" style=\"width: 310px\" class=\"wp-caption aligncenter\"><img loading=\"lazy\" decoding=\"async\" aria-describedby=\"caption-attachment-68945\" class=\"wp-image-68945 size-medium\" src=\"https:\/\/www.topohvar.at\/wp-content\/uploads\/2024\/06\/za-tr-51-40-300x300.jpg\" alt=\"\" width=\"300\" height=\"300\" srcset=\"https:\/\/www.topohvar.at\/wp-content\/uploads\/2024\/06\/za-tr-51-40-300x300.jpg 300w, https:\/\/www.topohvar.at\/wp-content\/uploads\/2024\/06\/za-tr-51-40-150x150.jpg 150w, https:\/\/www.topohvar.at\/wp-content\/uploads\/2024\/06\/za-tr-51-40.jpg 450w\" sizes=\"auto, (max-width: 300px) 100vw, 300px\" \/><p id=\"caption-attachment-68945\" class=\"wp-caption-text\">stra\u017enji dio trima \/ Trimr\u00fcckseite<\/p><\/div><\/div><\/div><div class='clear_column'><\/div><div class='content-column one_half'><div style=\"padding-right:6px;\"><p>Dana 14.05.2024 12:13:\u00df0 trim ZA-TR-51 je posje\u0107en i ustanovljeno je sljede\u0107e:<\/p>\n<p>Lokacija: grmlje<br \/>\nPodloga: nako\u0161ena<br \/>\nPovezan s: samostoje\u0107i, izoliran<br \/>\nUpotreba: ne koristi se<br \/>\nStanje: dobro sa\u010duvan<br \/>\nBroj stepenica trima: 2<br \/>\nDodatni kameni prsten: nema prstena<br \/>\nStepeni\u0161te: konzolne stepenice<br \/>\nOblik kamena: uglast<br \/>\nPodru\u010dje ispred ulaza: lako dostupno<br \/>\nOrijentacija ulaza: SZ (310\u00b0)<br \/>\nPromjer trima (cm): 650<br \/>\nVisina trima (cm): 340<br \/>\nVisina stepenica (cm): stepenica 1: 200 , stepenica 2: 300<br \/>\nDebljina zida (cm): 170<br \/>\n\u0160irina vrata (cm): 80<br \/>\nVisina vrata (cm): 125<br \/>\n\u0160irina unutra (cm): 280 &#8211; 310<br \/>\nVisina unutra (cm): 330<br \/>\nVolumen iznutra (m3): 14,46<br \/>\nNi\u0161a 1 (P\/\u0160\/V\/D) (cm): 120 \/ 30 \/ 25 \/ 55<br \/>\nni\u0161a 2 (P\/\u0160\/V\/D) (cm): 90 \/ 30 \/ 25 \/ 45<\/p><\/div><\/div><div class='content-column one_half last_column'><div style=\"padding-right:0px;padding-left:6px;\"><p>Am 14.05.2024 12:13:\u00df0 wurde der Trim ZA-TR-51 besucht und n\u00e4her untersucht:<\/p>\n<p>Standort: Buschwerk<br \/>\nUntergrund: geneigt<br \/>\nVerbunden mit: freistehend<br \/>\nNutzung: ungenutzt<br \/>\nZustand: gut erhalten<br \/>\nAnzahl der Trimstufen: 2<br \/>\nZus\u00e4tzlicher Steinring: kein Steinring<br \/>\nStiege: Kragsteine<br \/>\nSteinform: kantig<br \/>\nEingangsbereich: frei<br \/>\nEingangsseite: NW (310\u00b0)<br \/>\nTrimdurchmesser (cm): 650<br \/>\nTrimh\u00f6he (cm): 340<br \/>\nH\u00f6he der Trimstufen (cm): Stufe 1: 200 , Stufe 2: 300<br \/>\nWandst\u00e4rke (cm): 170<br \/>\nT\u00fcrbreite (cm): 80<br \/>\nT\u00fcrh\u00f6he (cm): 125<br \/>\nInnenraumbreite (cm): 280 &#8211; 310<br \/>\nInnenraumh\u00f6he (cm): 330<br \/>\nRaumvolumen (m3): 14,46<br \/>\nNische 1 (P\/B\/H\/T) (cm): 120 \/ 30 \/ 25 \/ 55<br \/>\nNische 2 (P\/B\/H\/T) (cm): 90 \/ 30 \/ 25 \/ 45<\/p><\/div><\/div><div class='clear_column'><\/div><\/p>\n<p><img loading=\"lazy\" decoding=\"async\" class=\"aligncenter size-full wp-image-69016\" src=\"https:\/\/www.topohvar.at\/wp-content\/uploads\/2024\/07\/za-tr-51-scan.jpg\" alt=\"\" width=\"900\" height=\"1348\" srcset=\"https:\/\/www.topohvar.at\/wp-content\/uploads\/2024\/07\/za-tr-51-scan.jpg 900w, https:\/\/www.topohvar.at\/wp-content\/uploads\/2024\/07\/za-tr-51-scan-200x300.jpg 200w, https:\/\/www.topohvar.at\/wp-content\/uploads\/2024\/07\/za-tr-51-scan-684x1024.jpg 684w, https:\/\/www.topohvar.at\/wp-content\/uploads\/2024\/07\/za-tr-51-scan-768x1150.jpg 768w\" sizes=\"auto, (max-width: 900px) 100vw, 900px\" \/><\/p>\n<p style=\"text-align: right;\"><a href=\"#seite_oben\">natrag na vrh \/ Seitenanfang<\/a><\/p>\n<hr \/>\n<p><strong>Linkovi \/ Links<\/strong><\/p>\n<p>&#8211;<\/p>\n","protected":false},"excerpt":{"rendered":"<p>Ime \/ Name Trim (ku\u010der) \u00bbZA-TR-51\u00ab Code: ZA-TR-51\u00a0 \u00a0 \u00a0 \u00a0 \u00a0 \u00a0 \u00a0 \u00a0 \u00a0 \u00a0 \u00a0 \u00a0 \u00a0 \u00a0 \u00a0 Adresa \/ Adresse Zastra\u017ei\u0161\u0107e, isto\u010dno od Grudaca Lokacija \/ Position Latitude: N 43,13861\u00b0\u00a0 \u00a0Longitude: E 16,87388\u00b0 Visina \/ &hellip; <a href=\"https:\/\/www.topohvar.at\/topo\/orte\/za\/za-tr-51-1\/\">Weiterlesen <span class=\"meta-nav\">&rarr;<\/span><\/a><\/p>\n","protected":false},"author":1,"featured_media":0,"parent":115,"menu_order":0,"comment_status":"closed","ping_status":"closed","template":"","meta":{"footnotes":""},"class_list":["post-43734","page","type-page","status-publish","hentry"],"_links":{"self":[{"href":"https:\/\/www.topohvar.at\/topo\/wp-json\/wp\/v2\/pages\/43734","targetHints":{"allow":["GET"]}}],"collection":[{"href":"https:\/\/www.topohvar.at\/topo\/wp-json\/wp\/v2\/pages"}],"about":[{"href":"https:\/\/www.topohvar.at\/topo\/wp-json\/wp\/v2\/types\/page"}],"author":[{"embeddable":true,"href":"https:\/\/www.topohvar.at\/topo\/wp-json\/wp\/v2\/users\/1"}],"replies":[{"embeddable":true,"href":"https:\/\/www.topohvar.at\/topo\/wp-json\/wp\/v2\/comments?post=43734"}],"version-history":[{"count":14,"href":"https:\/\/www.topohvar.at\/topo\/wp-json\/wp\/v2\/pages\/43734\/revisions"}],"predecessor-version":[{"id":73189,"href":"https:\/\/www.topohvar.at\/topo\/wp-json\/wp\/v2\/pages\/43734\/revisions\/73189"}],"up":[{"embeddable":true,"href":"https:\/\/www.topohvar.at\/topo\/wp-json\/wp\/v2\/pages\/115"}],"wp:attachment":[{"href":"https:\/\/www.topohvar.at\/topo\/wp-json\/wp\/v2\/media?parent=43734"}],"curies":[{"name":"wp","href":"https:\/\/api.w.org\/{rel}","templated":true}]}}