{"id":43772,"date":"2020-11-13T13:28:11","date_gmt":"2020-11-13T12:28:11","guid":{"rendered":"https:\/\/www.topohvar.at\/topo\/?page_id=43772"},"modified":"2023-12-02T17:20:55","modified_gmt":"2023-12-02T16:20:55","slug":"gj-tr-86-1","status":"publish","type":"page","link":"https:\/\/www.topohvar.at\/topo\/orte\/gj\/gj-tr-86-1\/","title":{"rendered":"GDINJ &#8211; Trim \u00bbGJ-TR-86\u00ab"},"content":{"rendered":"<p><a name=\"seite_oben\"><\/a><br \/>\n<strong><img loading=\"lazy\" decoding=\"async\" class=\"alignleft wp-image-64387 size-full\" src=\"https:\/\/www.topohvar.at\/wp-content\/uploads\/2023\/11\/gj-tr-86-2.jpg\" alt=\"\" width=\"1080\" height=\"530\" srcset=\"https:\/\/www.topohvar.at\/wp-content\/uploads\/2023\/11\/gj-tr-86-2.jpg 1080w, https:\/\/www.topohvar.at\/wp-content\/uploads\/2023\/11\/gj-tr-86-2-300x147.jpg 300w, https:\/\/www.topohvar.at\/wp-content\/uploads\/2023\/11\/gj-tr-86-2-1024x503.jpg 1024w, https:\/\/www.topohvar.at\/wp-content\/uploads\/2023\/11\/gj-tr-86-2-768x377.jpg 768w\" sizes=\"auto, (max-width: 1080px) 100vw, 1080px\" \/><\/strong><\/p>\n<p><strong>Ime \/ Name<br \/>\n<\/strong>Trim \u00bbGJ-TR-86\u00ab<\/p>\n<p><strong>Code: <\/strong>GJ-TR-86\u00a0 \u00a0 \u00a0 \u00a0 \u00a0 \u00a0 \u00a0 \u00a0 \u00a0 \u00a0 \u00a0 \u00a0 \u00a0 \u00a0 <a href=\"https:\/\/www.topohvar.at\/orte\/gj\/gj-tr-00-1\/\"><img loading=\"lazy\" decoding=\"async\" class=\"alignnone wp-image-12300 size-full\" src=\"https:\/\/www.topohvar.at\/wp-content\/uploads\/2018\/09\/push-vor-30.jpg\" alt=\"\" width=\"61\" height=\"30\" \/><\/a>\u00a0<strong><a href=\"https:\/\/www.topohvar.at\/orte\/gj\/gj-tr-a8-1\/\"><img loading=\"lazy\" decoding=\"async\" class=\"alignnone wp-image-533 size-full\" src=\"https:\/\/www.topohvar.at\/wp-content\/uploads\/2018\/07\/push-l-30.jpg\" alt=\"\" width=\"61\" height=\"30\" \/><\/a> <a href=\"https:\/\/www.topohvar.at\/orte\/gj\/\"><img loading=\"lazy\" decoding=\"async\" class=\"alignnone wp-image-535 size-full\" src=\"https:\/\/www.topohvar.at\/wp-content\/uploads\/2018\/07\/push-o-30.jpg\" alt=\"\" width=\"61\" height=\"30\" \/><\/a> <a href=\"https:\/\/www.topohvar.at\/orte\/gj\/gj-tr-05-1\/\"><img loading=\"lazy\" decoding=\"async\" class=\"alignnone wp-image-536 size-full\" src=\"https:\/\/www.topohvar.at\/wp-content\/uploads\/2018\/07\/push-r-30.jpg\" alt=\"\" width=\"61\" height=\"30\" \/><\/a><\/strong><\/p>\n<hr \/>\n<p><strong>Adresa \/ Adresse<br \/>\n<\/strong>Gdfinj, Rudine, Dusa<\/p>\n<p><strong>Lokacija \/ Position<a href=\"https:\/\/goo.gl\/maps\/xZAuMdq9MMwFis767\"><img loading=\"lazy\" decoding=\"async\" class=\"alignright wp-image-43773\" src=\"https:\/\/www.topohvar.at\/wp-content\/uploads\/2020\/11\/3010.jpg\" alt=\"\" width=\"134\" height=\"100\" \/><\/a><br \/>\n<\/strong><a href=\"https:\/\/goo.gl\/maps\/xZAuMdq9MMwFis767\"><span style=\"color: #3366ff;\">Latitude: N 43,14115\u00b0\u00a0 \u00a0Longitude: E 16,88619\u00b0<\/span> <\/a><strong><br \/>\n<\/strong>Visina \/ H\u00f6he: 181 m<\/p>\n<p><strong>Katastarska \u010destica \/ Grundst\u00fccke<br \/>\n<\/strong>2964\/71<div class='content-column one_half'><div style=\"padding-right:6px;\"><p><strong>Datum snimanja \/ Erfassungsdatum<br \/>\n<\/strong>13.10.2023 09:35:15<\/p>\n<hr \/>\n<p><strong>Informacije<\/strong><\/p>\n<p>Na prilaznoj cesti prema uvali Pokrvenik nalazi se vila Amalia, a u \u017ebunju sjeverno od nje smje\u0161tenje dvoslojni trim. Gra\u0111en od uglatog kamena. Na drugom stupnju trima vidljiva su velika o\u0161te\u010denja. Istotako je vidljivo i veliko o\u0161tr\u010denje na desnj strani ulaza u trim. Vrlo je nestabilno, vanjski zid s lijeve strane izbo\u010den je prema naprijed.Desno od ulaza prema istoku\u00a0 prote\u017ee se suhozid. I ovaj trim se vi\u0161e ne koristi.<\/p><\/div><\/div><div class='content-column one_half last_column'><div style=\"padding-right:0px;padding-left:6px;\"><p><strong>Stupanj za\u0161tite \/ Schutzstellung<br \/>\n<\/strong>&#8211;<\/p>\n<hr \/>\n<p><strong>Info<\/strong><\/p>\n<p>Der Trim befindet im Buschwerk n\u00f6rdlich der an der Zufahrt zur Bucht Pokrvenik liegenden Villa Amalia. Der aus quaderf\u00f6rmigen Steinen errichtete zweistufige Trim ist insbesondere an seiner zweiten Stufe besch\u00e4digt. Weiters ist das Mauerwerk rechts vom Eingang instabil und die Au\u00dfenwand an seiner linken Seite \u00fcberh\u00e4ngend. Rechts neben dem Eingang setzt eine Trockensteinmauer an, die weiter nach Osten f\u00fchrt. Der Trim wird nicht mehr genutzt.<\/p><\/div><\/div><div class='clear_column'><\/div><div class='content-column one_half'><div style=\"padding-right:6px;\"><p>Izvor: Hrvatska osnovna karta\u00a0&#8211; Geoportal DGU<\/p><\/div><\/div><div class='content-column one_half last_column'><div style=\"padding-right:0px;padding-left:6px;\"><p>Quelle: Grundkarte Kroatiens\u00a0&#8211; Geoportal DGU<\/p><\/div><\/div><div class='clear_column'><\/div><div class='content-column one_half'><div style=\"padding-right:6px;\"><div id=\"attachment_64960\" style=\"width: 310px\" class=\"wp-caption aligncenter\"><img loading=\"lazy\" decoding=\"async\" aria-describedby=\"caption-attachment-64960\" class=\"wp-image-64960 size-medium\" src=\"https:\/\/www.topohvar.at\/wp-content\/uploads\/2023\/11\/gj-tr-86-1-300x300.jpg\" alt=\"\" width=\"300\" height=\"300\" srcset=\"https:\/\/www.topohvar.at\/wp-content\/uploads\/2023\/11\/gj-tr-86-1-300x300.jpg 300w, https:\/\/www.topohvar.at\/wp-content\/uploads\/2023\/11\/gj-tr-86-1-150x150.jpg 150w, https:\/\/www.topohvar.at\/wp-content\/uploads\/2023\/11\/gj-tr-86-1.jpg 450w\" sizes=\"auto, (max-width: 300px) 100vw, 300px\" \/><p id=\"caption-attachment-64960\" class=\"wp-caption-text\">Ulaz \/ Eingang<\/p><\/div><\/div><\/div><div class='content-column one_half last_column'><div style=\"padding-right:0px;padding-left:6px;\"><div id=\"attachment_64961\" style=\"width: 310px\" class=\"wp-caption aligncenter\"><img loading=\"lazy\" decoding=\"async\" aria-describedby=\"caption-attachment-64961\" class=\"wp-image-64961 size-medium\" src=\"https:\/\/www.topohvar.at\/wp-content\/uploads\/2023\/11\/gj-tr-86-7-300x300.jpg\" alt=\"\" width=\"300\" height=\"300\" srcset=\"https:\/\/www.topohvar.at\/wp-content\/uploads\/2023\/11\/gj-tr-86-7-300x300.jpg 300w, https:\/\/www.topohvar.at\/wp-content\/uploads\/2023\/11\/gj-tr-86-7-150x150.jpg 150w, https:\/\/www.topohvar.at\/wp-content\/uploads\/2023\/11\/gj-tr-86-7.jpg 450w\" sizes=\"auto, (max-width: 300px) 100vw, 300px\" \/><p id=\"caption-attachment-64961\" class=\"wp-caption-text\">Desna strana trima \/ rechte Seite des Trims<\/p><\/div><\/div><\/div><div class='clear_column'><\/div><div class='content-column one_half'><div style=\"padding-right:6px;\"><p>Dana 13.10.2023 trim GJ-TR-86 je posje\u0107en i ustanovljeno je sljede\u0107e:<\/p>\n<p>Lokacija: grmlje<br \/>\nPodloga: ravna<br \/>\nPovezan s: kamenim zidom<br \/>\nUpotreba: ne koristi se<br \/>\nStanje: dijelovi su se sru\u0161ili<br \/>\nBroj stepenica trima: 2<br \/>\nDodatni kameni prsten: nema prstena<br \/>\nStepeni\u0161te: nema<br \/>\nOblik kamena: uglast<br \/>\nPodru\u010dje ispred ulaza: zaraslo<br \/>\nOrijentacija ulaza: SI (40\u00b0)<br \/>\nPromjer trima (cm): 410<br \/>\nVisina trima (cm): 290<br \/>\nVisina stepenica (cm): stepenica 1: 190 , stepenica 2: 250<br \/>\nDebljina zida (cm): 90<br \/>\n\u0160irina vrata (cm): 55<br \/>\nVisina vrata (cm): 100<br \/>\n\u0160irina unutra (cm): 230<br \/>\nVisina unutra (cm): 270<br \/>\nVolumen iznutra (m3): 7,32<br \/>\nNema ni\u0161e<\/p><\/div><\/div><div class='content-column one_half last_column'><div style=\"padding-right:0px;padding-left:6px;\"><p>Am 13.10.2023 wurde der Trim GJ-TR-86 besucht und n\u00e4her untersucht:<\/p>\n<p>Standort: Buschwerk<br \/>\nUntergrund: eben<br \/>\nVerbunden mit: Steinmauer<br \/>\nNutzung: ungenutzt<br \/>\nZustand: Teile abgest\u00fcrzt<br \/>\nAnzahl der Trimstufen: 2<br \/>\nZus\u00e4tzlicher Steinring: kein Steinring<br \/>\nStiege: keine<br \/>\nSteinform: kantig<br \/>\nEingangsbereich: verwachsen<br \/>\nEingangsseite: NO (40\u00b0)<br \/>\nTrimdurchmesser (cm): 410<br \/>\nTrimh\u00f6he (cm): 290<br \/>\nH\u00f6he der Trimstufen (cm): Stufe 1: 190 , Stufe 2: 250<br \/>\nWandst\u00e4rke (cm): 90<br \/>\nT\u00fcrbreite (cm): 55<br \/>\nT\u00fcrh\u00f6he (cm): 100<br \/>\nInnenraumbreite (cm): 230<br \/>\nInnenraumh\u00f6he (cm): 270<br \/>\nRaumvolumen (m3): 7,32<br \/>\nKeine Nische<\/p><\/div><\/div><div class='clear_column'><\/div><\/p>\n<p><img loading=\"lazy\" decoding=\"async\" class=\"aligncenter size-full wp-image-65089\" src=\"https:\/\/www.topohvar.at\/wp-content\/uploads\/2023\/12\/gj-tr-86-scan.jpg\" alt=\"\" width=\"900\" height=\"1329\" srcset=\"https:\/\/www.topohvar.at\/wp-content\/uploads\/2023\/12\/gj-tr-86-scan.jpg 900w, https:\/\/www.topohvar.at\/wp-content\/uploads\/2023\/12\/gj-tr-86-scan-203x300.jpg 203w, https:\/\/www.topohvar.at\/wp-content\/uploads\/2023\/12\/gj-tr-86-scan-693x1024.jpg 693w, https:\/\/www.topohvar.at\/wp-content\/uploads\/2023\/12\/gj-tr-86-scan-768x1134.jpg 768w\" sizes=\"auto, (max-width: 900px) 100vw, 900px\" \/><\/p>\n<p style=\"text-align: right;\"><a href=\"#seite_oben\">natrag na vrh \/ Seitenanfang<\/a><\/p>\n<hr \/>\n<p><strong>Linkovi \/ Links<\/strong><\/p>\n<p>&#8211;<\/p>\n","protected":false},"excerpt":{"rendered":"<p>Ime \/ Name Trim \u00bbGJ-TR-86\u00ab Code: GJ-TR-86\u00a0 \u00a0 \u00a0 \u00a0 \u00a0 \u00a0 \u00a0 \u00a0 \u00a0 \u00a0 \u00a0 \u00a0 \u00a0 \u00a0 \u00a0 Adresa \/ Adresse Gdfinj, Rudine, Dusa Lokacija \/ Position Latitude: N 43,14115\u00b0\u00a0 \u00a0Longitude: E 16,88619\u00b0 Visina \/ H\u00f6he: 181 &hellip; <a href=\"https:\/\/www.topohvar.at\/topo\/orte\/gj\/gj-tr-86-1\/\">Weiterlesen <span class=\"meta-nav\">&rarr;<\/span><\/a><\/p>\n","protected":false},"author":1,"featured_media":0,"parent":72,"menu_order":0,"comment_status":"closed","ping_status":"closed","template":"","meta":{"footnotes":""},"class_list":["post-43772","page","type-page","status-publish","hentry"],"_links":{"self":[{"href":"https:\/\/www.topohvar.at\/topo\/wp-json\/wp\/v2\/pages\/43772","targetHints":{"allow":["GET"]}}],"collection":[{"href":"https:\/\/www.topohvar.at\/topo\/wp-json\/wp\/v2\/pages"}],"about":[{"href":"https:\/\/www.topohvar.at\/topo\/wp-json\/wp\/v2\/types\/page"}],"author":[{"embeddable":true,"href":"https:\/\/www.topohvar.at\/topo\/wp-json\/wp\/v2\/users\/1"}],"replies":[{"embeddable":true,"href":"https:\/\/www.topohvar.at\/topo\/wp-json\/wp\/v2\/comments?post=43772"}],"version-history":[{"count":19,"href":"https:\/\/www.topohvar.at\/topo\/wp-json\/wp\/v2\/pages\/43772\/revisions"}],"predecessor-version":[{"id":65090,"href":"https:\/\/www.topohvar.at\/topo\/wp-json\/wp\/v2\/pages\/43772\/revisions\/65090"}],"up":[{"embeddable":true,"href":"https:\/\/www.topohvar.at\/topo\/wp-json\/wp\/v2\/pages\/72"}],"wp:attachment":[{"href":"https:\/\/www.topohvar.at\/topo\/wp-json\/wp\/v2\/media?parent=43772"}],"curies":[{"name":"wp","href":"https:\/\/api.w.org\/{rel}","templated":true}]}}