{"id":43977,"date":"2020-11-14T18:42:05","date_gmt":"2020-11-14T17:42:05","guid":{"rendered":"https:\/\/www.topohvar.at\/topo\/?page_id=43977"},"modified":"2024-07-08T15:30:11","modified_gmt":"2024-07-08T13:30:11","slug":"vh-tr-13-1","status":"publish","type":"page","link":"https:\/\/www.topohvar.at\/topo\/orte\/vh\/vh-tr-13-1\/","title":{"rendered":"VRH &#8211; Trim \u00bbVH-TR-13\u00ab"},"content":{"rendered":"<p><a name=\"seite_oben\"><\/a><strong><img loading=\"lazy\" decoding=\"async\" class=\"alignnone wp-image-67923 size-full\" src=\"https:\/\/www.topohvar.at\/wp-content\/uploads\/2024\/06\/vh-tr-13-10.jpg\" alt=\"\" width=\"1080\" height=\"530\" srcset=\"https:\/\/www.topohvar.at\/wp-content\/uploads\/2024\/06\/vh-tr-13-10.jpg 1080w, https:\/\/www.topohvar.at\/wp-content\/uploads\/2024\/06\/vh-tr-13-10-300x147.jpg 300w, https:\/\/www.topohvar.at\/wp-content\/uploads\/2024\/06\/vh-tr-13-10-1024x503.jpg 1024w, https:\/\/www.topohvar.at\/wp-content\/uploads\/2024\/06\/vh-tr-13-10-768x377.jpg 768w\" sizes=\"auto, (max-width: 1080px) 100vw, 1080px\" \/><\/strong><\/p>\n<p><strong>Ime \/ Name<br \/>\n<\/strong>Trim \u00bbVH-TR-13\u00ab<\/p>\n<p><strong>Code: <\/strong>VH-TR-13\u00a0 \u00a0 \u00a0 \u00a0 \u00a0 \u00a0 \u00a0 \u00a0 \u00a0 \u00a0 \u00a0 \u00a0 \u00a0 \u00a0 <a href=\"https:\/\/www.topohvar.at\/orte\/vh\/vh-tr-00-1\/\"><img loading=\"lazy\" decoding=\"async\" class=\"alignnone wp-image-12300 size-full\" src=\"https:\/\/www.topohvar.at\/wp-content\/uploads\/2018\/09\/push-vor-30.jpg\" alt=\"\" width=\"61\" height=\"30\" \/><\/a>\u00a0<strong><a href=\"https:\/\/www.topohvar.at\/orte\/vh\/vh-tr-11-1\/\"><img loading=\"lazy\" decoding=\"async\" class=\"alignnone wp-image-533 size-full\" src=\"https:\/\/www.topohvar.at\/wp-content\/uploads\/2018\/07\/push-l-30.jpg\" alt=\"\" width=\"61\" height=\"30\" \/><\/a> <a href=\"https:\/\/www.topohvar.at\/orte\/vh\/\"><img loading=\"lazy\" decoding=\"async\" class=\"alignnone wp-image-535 size-full\" src=\"https:\/\/www.topohvar.at\/wp-content\/uploads\/2018\/07\/push-o-30.jpg\" alt=\"\" width=\"61\" height=\"30\" \/><\/a> <a href=\"https:\/\/www.topohvar.at\/orte\/vh\/vh-tr-02-1\/\"><img loading=\"lazy\" decoding=\"async\" class=\"alignnone wp-image-536 size-full\" src=\"https:\/\/www.topohvar.at\/wp-content\/uploads\/2018\/07\/push-r-30.jpg\" alt=\"\" width=\"61\" height=\"30\" \/><\/a><\/strong><\/p>\n<hr \/>\n<p><strong>Adresa \/ Adresse<br \/>\n<\/strong>Vrh, ju\u017eno od puta za Borovik (Pitve) \/ s\u00fcdlich des Weges nach Borovik<\/p>\n<p><strong>Lokacija <\/strong><strong>\/ Position<a href=\"https:\/\/goo.gl\/maps\/GFA2sXmdg5TP7tbN8\"><img loading=\"lazy\" decoding=\"async\" class=\"alignright wp-image-43978\" src=\"https:\/\/www.topohvar.at\/wp-content\/uploads\/2020\/11\/3088.jpg\" alt=\"\" width=\"134\" height=\"100\" \/><\/a><br \/>\n<\/strong><a href=\"https:\/\/goo.gl\/maps\/GFA2sXmdg5TP7tbN8\"><span style=\"color: #3366ff;\">Latitude: N 43,13708\u00b0\u00a0 \u00a0Longitude: E 16,70365\u00b0<\/span><\/a> <strong><br \/>\n<\/strong>Visina \/ H\u00f6he: 404 m<\/p>\n<p><strong>Katastarska \u010destica<\/strong><strong> \/ Grundst\u00fccke<br \/>\n<\/strong>2692<div class='content-column one_half'><div style=\"padding-right:6px;\"><p><strong>Datum snimanja \/ Erfassungsdatum<br \/>\n<\/strong>16.06.2024 14:18:34<\/p>\n<hr \/>\n<p><strong>Informacije<\/strong><\/p>\n<p>Trim se nalazi u grmlju, cca 150 m ju\u017eno od staze koja s Humca vodi prema Boroviku (Pitve). Trostupanjski trim je kru\u017eni. Stra\u017enja strana mu je o\u0161te\u0107ena. Tu je i stubi\u0161te koje vodi do prve razine trima.<\/p><\/div><\/div><div class='content-column one_half last_column'><div style=\"padding-right:0px;padding-left:6px;\"><p><strong>Stupanj za\u0161tite<\/strong><strong> \/ Schutzstellung<br \/>\n<\/strong>&#8211;<\/p>\n<hr \/>\n<p><strong>Info<\/strong><\/p>\n<p>Der Trim befindet sich im Buschwerk, ca. 150 m s\u00fcdlich des Weges, der von Humac nach Borovik (Pitve) f\u00fchrt. Der dreistufige Trim ist kreisrund. Seine R\u00fcckseite ist besch\u00e4digt. Hier f\u00fchrt auch eine Treppe auf die erste Trimstufe.<\/p><\/div><\/div><div class='clear_column'><\/div><div class='content-column one_half'><div style=\"padding-right:6px;\"><p>Pristup trim bio je zarastao. Vanjski zid trima fugiran je u podru\u010dju vrata i malo iznad ulaza. Kroz visoki ulaz ulazi se u okrugli interijer. Osim dvije zidne ni\u0161e, ovdje se nalazi i nekoliko natpisa.<\/p><\/div><\/div><div class='content-column one_half last_column'><div style=\"padding-right:0px;padding-left:6px;\"><p>Der Zugang zum Eingang war verwachsen. Die Au\u00dfenwand des Trims ist im T\u00fcrbereich und etwas oberhalb des Eingangs verfugt. Durch den hohen Eingang kann man den runden Innenraum betreten. Hier finden sich neben zwei Wandnischen etliche Inschriften.<\/p><\/div><\/div><div class='clear_column'><\/div><div class='content-column one_half'><div style=\"padding-right:6px;\"><p>U blizini je gustirna VH-OP-09<\/p>\n<p>Izvor: Hrvatska osnovna karta<\/p><\/div><\/div><div class='content-column one_half last_column'><div style=\"padding-right:0px;padding-left:6px;\"><p>In der N\u00e4he befindet sich die Zisterne VH-OP-09<br \/>\nQuelle: Grundkarte Kroatiens<\/p><\/div><\/div><div class='clear_column'><\/div><div class='content-column one_half'><div style=\"padding-right:6px;\"><div id=\"attachment_68922\" style=\"width: 310px\" class=\"wp-caption aligncenter\"><img loading=\"lazy\" decoding=\"async\" aria-describedby=\"caption-attachment-68922\" class=\"wp-image-68922 size-medium\" src=\"https:\/\/www.topohvar.at\/wp-content\/uploads\/2024\/06\/vh-tr-13-20-300x300.jpg\" alt=\"\" width=\"300\" height=\"300\" srcset=\"https:\/\/www.topohvar.at\/wp-content\/uploads\/2024\/06\/vh-tr-13-20-300x300.jpg 300w, https:\/\/www.topohvar.at\/wp-content\/uploads\/2024\/06\/vh-tr-13-20-150x150.jpg 150w, https:\/\/www.topohvar.at\/wp-content\/uploads\/2024\/06\/vh-tr-13-20.jpg 450w\" sizes=\"auto, (max-width: 300px) 100vw, 300px\" \/><p id=\"caption-attachment-68922\" class=\"wp-caption-text\">Ulaz \/ Eingang<\/p><\/div><\/div><\/div><div class='content-column one_half last_column'><div style=\"padding-right:0px;padding-left:6px;\"><div id=\"attachment_68923\" style=\"width: 310px\" class=\"wp-caption aligncenter\"><img loading=\"lazy\" decoding=\"async\" aria-describedby=\"caption-attachment-68923\" class=\"wp-image-68923 size-medium\" src=\"https:\/\/www.topohvar.at\/wp-content\/uploads\/2024\/06\/vh-tr-13-60-300x300.jpg\" alt=\"\" width=\"300\" height=\"300\" srcset=\"https:\/\/www.topohvar.at\/wp-content\/uploads\/2024\/06\/vh-tr-13-60-300x300.jpg 300w, https:\/\/www.topohvar.at\/wp-content\/uploads\/2024\/06\/vh-tr-13-60-150x150.jpg 150w, https:\/\/www.topohvar.at\/wp-content\/uploads\/2024\/06\/vh-tr-13-60.jpg 450w\" sizes=\"auto, (max-width: 300px) 100vw, 300px\" \/><p id=\"caption-attachment-68923\" class=\"wp-caption-text\">Lijeva strana \/ die linke Seite<\/p><\/div><\/div><\/div><div class='clear_column'><\/div><div class='content-column one_half'><div style=\"padding-right:6px;\"><p>Dana 16.05.2024 trim VH-TR-13 je posje\u0107en i ustanovljeno je sljede\u0107e:<\/p>\n<p>Lokacija: grmlje<br \/>\nPodloga: ravna<br \/>\nPovezan s: samostoje\u0107i, izoliran<br \/>\nUpotreba: malo se koristi<br \/>\nStanje: dijelovi su se sru\u0161ili<br \/>\nBroj stepenica trima: 3<br \/>\nDodatni kameni prsten: nema prstena<br \/>\nStepeni\u0161te: stepenica<br \/>\nOblik kamena: uglast<br \/>\nPodru\u010dje ispred ulaza: zaraslo<br \/>\nOrijentacija ulaza: Z (270\u00b0)<br \/>\nPromjer trima (cm): 490<br \/>\nVisina trima (cm): 340<br \/>\nVisina stepenica (cm): stepenica 1: 150 , stepenica 2: 240 , stepenica 3: 320<br \/>\nDebljina zida (cm): 100<br \/>\n\u0160irina vrata (cm): 80<br \/>\nVisina vrata (cm): 135<br \/>\n\u0160irina unutra (cm): 290<br \/>\nVisina unutra (cm): 330<br \/>\nVolumen iznutra (m3): 13,57<br \/>\nNi\u0161a 1 (P\/\u0160\/V\/D) (cm): 70 \/ 35 \/ 40 \/ 50<br \/>\nni\u0161a 2 (P\/\u0160\/V\/D) (cm): 75 \/ 30 \/ 30 \/ 55<\/p><\/div><\/div><div class='content-column one_half last_column'><div style=\"padding-right:0px;padding-left:6px;\"><p>Am 16.05.2024 wurde der Trim VH-TR-13 besucht und n\u00e4her untersucht:<\/p>\n<p>Standort: Buschwerk<br \/>\nUntergrund: eben<br \/>\nVerbunden mit: freistehend<br \/>\nNutzung: kaum genutzt<br \/>\nZustand: Teile abgest\u00fcrzt<br \/>\nAnzahl der Trimstufen: 3<br \/>\nZus\u00e4tzlicher Steinring: kein Steinring<br \/>\nStiege: Stiege<br \/>\nSteinform: kantig<br \/>\nEingangsbereich: verwachsen<br \/>\nEingangsseite: W (270\u00b0)<br \/>\nTrimdurchmesser (cm): 490<br \/>\nTrimh\u00f6he (cm): 340<br \/>\nH\u00f6he der Trimstufen (cm): Stufe 1: 150 , Stufe 2: 240 , Stufe 3: 320<br \/>\nWandst\u00e4rke (cm): 100<br \/>\nT\u00fcrbreite (cm): 80<br \/>\nT\u00fcrh\u00f6he (cm): 135<br \/>\nInnenraumbreite (cm): 290<br \/>\nInnenraumh\u00f6he (cm): 330<br \/>\nRaumvolumen (m3): 13,57<br \/>\nNische 1 (P\/B\/H\/T) (cm): 70 \/ 35 \/ 40 \/ 50<br \/>\nNische 2 (P\/B\/H\/T) (cm): 75 \/ 30 \/ 30 \/ 55<\/p><\/div><\/div><div class='clear_column'><\/div><\/p>\n<p><img loading=\"lazy\" decoding=\"async\" class=\"aligncenter size-full wp-image-69003\" src=\"https:\/\/www.topohvar.at\/wp-content\/uploads\/2024\/07\/vh-tr-13-scan.jpg\" alt=\"\" width=\"900\" height=\"1269\" srcset=\"https:\/\/www.topohvar.at\/wp-content\/uploads\/2024\/07\/vh-tr-13-scan.jpg 900w, https:\/\/www.topohvar.at\/wp-content\/uploads\/2024\/07\/vh-tr-13-scan-213x300.jpg 213w, https:\/\/www.topohvar.at\/wp-content\/uploads\/2024\/07\/vh-tr-13-scan-726x1024.jpg 726w, https:\/\/www.topohvar.at\/wp-content\/uploads\/2024\/07\/vh-tr-13-scan-768x1083.jpg 768w\" sizes=\"auto, (max-width: 900px) 100vw, 900px\" \/><\/p>\n<p style=\"text-align: right;\"><span style=\"color: #3366ff;\"><a style=\"color: #3366ff;\" href=\"#seite_oben\">natrag na vrh \/ Seitenanfang<\/a><\/span><\/p>\n<hr \/>\n<p><strong>Linkovi \/ Links<\/strong><\/p>\n<p><span style=\"color: #3366ff;\"><a style=\"color: #3366ff;\" href=\"https:\/\/www.topohvar.at\/topo\/orte\/vh\/vh-op-00-0\/#op-09\">Gustirna \/ Zisterne VH-OP-09<\/a><\/span><\/p>\n","protected":false},"excerpt":{"rendered":"<p>Ime \/ Name Trim \u00bbVH-TR-13\u00ab Code: VH-TR-13\u00a0 \u00a0 \u00a0 \u00a0 \u00a0 \u00a0 \u00a0 \u00a0 \u00a0 \u00a0 \u00a0 \u00a0 \u00a0 \u00a0 \u00a0 Adresa \/ Adresse Vrh, ju\u017eno od puta za Borovik (Pitve) \/ s\u00fcdlich des Weges nach Borovik Lokacija \/ Position &hellip; <a href=\"https:\/\/www.topohvar.at\/topo\/orte\/vh\/vh-tr-13-1\/\">Weiterlesen <span class=\"meta-nav\">&rarr;<\/span><\/a><\/p>\n","protected":false},"author":1,"featured_media":0,"parent":131,"menu_order":0,"comment_status":"closed","ping_status":"closed","template":"","meta":{"footnotes":""},"class_list":["post-43977","page","type-page","status-publish","hentry"],"_links":{"self":[{"href":"https:\/\/www.topohvar.at\/topo\/wp-json\/wp\/v2\/pages\/43977","targetHints":{"allow":["GET"]}}],"collection":[{"href":"https:\/\/www.topohvar.at\/topo\/wp-json\/wp\/v2\/pages"}],"about":[{"href":"https:\/\/www.topohvar.at\/topo\/wp-json\/wp\/v2\/types\/page"}],"author":[{"embeddable":true,"href":"https:\/\/www.topohvar.at\/topo\/wp-json\/wp\/v2\/users\/1"}],"replies":[{"embeddable":true,"href":"https:\/\/www.topohvar.at\/topo\/wp-json\/wp\/v2\/comments?post=43977"}],"version-history":[{"count":15,"href":"https:\/\/www.topohvar.at\/topo\/wp-json\/wp\/v2\/pages\/43977\/revisions"}],"predecessor-version":[{"id":69102,"href":"https:\/\/www.topohvar.at\/topo\/wp-json\/wp\/v2\/pages\/43977\/revisions\/69102"}],"up":[{"embeddable":true,"href":"https:\/\/www.topohvar.at\/topo\/wp-json\/wp\/v2\/pages\/131"}],"wp:attachment":[{"href":"https:\/\/www.topohvar.at\/topo\/wp-json\/wp\/v2\/media?parent=43977"}],"curies":[{"name":"wp","href":"https:\/\/api.w.org\/{rel}","templated":true}]}}