{"id":44128,"date":"2020-11-16T08:18:21","date_gmt":"2020-11-16T07:18:21","guid":{"rendered":"https:\/\/www.topohvar.at\/topo\/?page_id=44128"},"modified":"2024-10-02T15:18:42","modified_gmt":"2024-10-02T13:18:42","slug":"sa-tr-26-1","status":"publish","type":"page","link":"https:\/\/www.topohvar.at\/topo\/orte\/sa\/sa-tr-26-1\/","title":{"rendered":"SELCA (kod Starog Grada) &#8211; Trim \u00bbSA-TR-26\u00ab"},"content":{"rendered":"<p><a name=\"seite_oben\"><\/a><strong><img loading=\"lazy\" decoding=\"async\" class=\"alignnone wp-image-49741 size-full\" src=\"https:\/\/www.topohvar.at\/wp-content\/uploads\/2021\/06\/sg-tr-f2-1.jpg\" alt=\"\" width=\"1080\" height=\"530\" srcset=\"https:\/\/www.topohvar.at\/wp-content\/uploads\/2021\/06\/sg-tr-f2-1.jpg 1080w, https:\/\/www.topohvar.at\/wp-content\/uploads\/2021\/06\/sg-tr-f2-1-300x147.jpg 300w, https:\/\/www.topohvar.at\/wp-content\/uploads\/2021\/06\/sg-tr-f2-1-1024x503.jpg 1024w, https:\/\/www.topohvar.at\/wp-content\/uploads\/2021\/06\/sg-tr-f2-1-768x377.jpg 768w\" sizes=\"auto, (max-width: 1080px) 100vw, 1080px\" \/><\/strong><\/p>\n<p><strong>Ime \/ Name<br \/>\n<\/strong>Trim \u00bbSA-TR-26\u00ab<\/p>\n<p><strong>Code: <\/strong>SA-TR-26\u00a0 \u00a0 \u00a0 \u00a0 \u00a0 \u00a0 \u00a0 \u00a0 \u00a0 \u00a0 \u00a0 \u00a0 \u00a0 \u00a0 <a href=\"https:\/\/www.topohvar.at\/orte\/sa\/sa-tr-00-1\/\"><img loading=\"lazy\" decoding=\"async\" class=\"alignnone wp-image-12300 size-full\" src=\"https:\/\/www.topohvar.at\/wp-content\/uploads\/2018\/09\/push-vor-30.jpg\" alt=\"\" width=\"61\" height=\"30\" \/><\/a>\u00a0<strong><a href=\"https:\/\/www.topohvar.at\/orte\/sa\/sa-tr-01-1\/\"><img loading=\"lazy\" decoding=\"async\" class=\"alignnone wp-image-533 size-full\" src=\"https:\/\/www.topohvar.at\/wp-content\/uploads\/2018\/07\/push-l-30.jpg\" alt=\"\" width=\"61\" height=\"30\" \/><\/a> <a href=\"https:\/\/www.topohvar.at\/orte\/sa\/\"><img loading=\"lazy\" decoding=\"async\" class=\"alignnone wp-image-535 size-full\" src=\"https:\/\/www.topohvar.at\/wp-content\/uploads\/2018\/07\/push-o-30.jpg\" alt=\"\" width=\"61\" height=\"30\" \/><\/a> <a href=\"https:\/\/www.topohvar.at\/orte\/sa\/sa-tr-27-1\/\"><img loading=\"lazy\" decoding=\"async\" class=\"alignnone wp-image-536 size-full\" src=\"https:\/\/www.topohvar.at\/wp-content\/uploads\/2018\/07\/push-r-30.jpg\" alt=\"\" width=\"61\" height=\"30\" \/><\/a><\/strong><\/p>\n<hr \/>\n<p><strong>Adresa \/ Adresse<br \/>\n<\/strong>Selca, ispod DC-116 do Hvara<\/p>\n<p><strong>Lokacija \/ Position<a href=\"https:\/\/goo.gl\/maps\/8nWUaGC86M3sXQMf8\"><img loading=\"lazy\" decoding=\"async\" class=\"alignright wp-image-44129\" src=\"https:\/\/www.topohvar.at\/wp-content\/uploads\/2020\/11\/3095.jpg\" alt=\"\" width=\"134\" height=\"100\" \/><\/a><br \/>\n<\/strong><a href=\"https:\/\/goo.gl\/maps\/8nWUaGC86M3sXQMf8\"><span style=\"color: #3366ff;\">Latitude: N 43,17303\u00b0\u00a0 \u00a0Longitude: E 16,56565\u00b0<\/span><\/a> <strong><br \/>\n<\/strong>Visina \/ H\u00f6he: 70 m<\/p>\n<p><strong>Katastarska \u010destica \/ Grundst\u00fccke<br \/>\n<\/strong>2106\/3<div class='content-column one_half'><div style=\"padding-right:6px;\"><p><strong>Datum snimanja \/ Erfassungsdatum<br \/>\n<\/strong>05.06.2021 14:30:00<\/p>\n<hr \/>\n<p><strong>Informacije<\/strong><\/p>\n<p>Trim je &#8211; te\u0161ko pristupa\u010dan &#8211; u gustom grmlju ispod glavne ceste DC -116 prema Hvaru. Trim je na kamenoj terasi i o\u0161te\u0107ena je. Ulaz mu je bio obrastao, unutra\u0161njost je mala.<\/p><\/div><\/div><div class='content-column one_half last_column'><div style=\"padding-right:0px;padding-left:6px;\"><p><strong>Stupanj za\u0161tite \/ Schutzstellung<br \/>\n<\/strong>&#8211;<\/p>\n<hr \/>\n<p><strong>Info<\/strong><\/p>\n<p>Der Trim befindet sich &#8211; schwer zug\u00e4nglich &#8211; im dichten Buschwerk unterhalb der Hauptstra\u00dfe DC-116 nach Hvar. Der Trim steht auf einer Steinterrasse und ist besch\u00e4digt. Sein Eingang war verwachsen, der Innenraum ist klein.<\/p><\/div><\/div><div class='clear_column'><\/div><div class='content-column one_half'><div style=\"padding-right:6px;\"><p>Izvor: Hrvatska osnovna karta &#8211; Geoportal DGU<\/p>\n<p>U blizini je cisterna (SA-OP-27).<\/p><\/div><\/div><div class='content-column one_half last_column'><div style=\"padding-right:0px;padding-left:6px;\"><p>Quelle: Grundkarte Kroatiens &#8211; Geoportal DGU<\/p>\n<p>In der N\u00e4he befindet sich eine Zisterne (SA-OP-27).<\/p><\/div><\/div><div class='clear_column'><\/div><div class='content-column one_half'><div style=\"padding-right:6px;\"><div id=\"attachment_50810\" style=\"width: 310px\" class=\"wp-caption aligncenter\"><img loading=\"lazy\" decoding=\"async\" aria-describedby=\"caption-attachment-50810\" class=\"size-medium wp-image-50810\" src=\"https:\/\/www.topohvar.at\/wp-content\/uploads\/2021\/08\/sg-tr-f2-0-300x300.jpg\" alt=\"\" width=\"300\" height=\"300\" srcset=\"https:\/\/www.topohvar.at\/wp-content\/uploads\/2021\/08\/sg-tr-f2-0-300x300.jpg 300w, https:\/\/www.topohvar.at\/wp-content\/uploads\/2021\/08\/sg-tr-f2-0-150x150.jpg 150w, https:\/\/www.topohvar.at\/wp-content\/uploads\/2021\/08\/sg-tr-f2-0.jpg 450w\" sizes=\"auto, (max-width: 300px) 100vw, 300px\" \/><p id=\"caption-attachment-50810\" class=\"wp-caption-text\">Ulaz \/ Eingang<\/p><\/div><\/div><\/div><div class='content-column one_half last_column'><div style=\"padding-right:0px;padding-left:6px;\"><div id=\"attachment_50811\" style=\"width: 310px\" class=\"wp-caption aligncenter\"><img loading=\"lazy\" decoding=\"async\" aria-describedby=\"caption-attachment-50811\" class=\"size-medium wp-image-50811\" src=\"https:\/\/www.topohvar.at\/wp-content\/uploads\/2021\/08\/sg-tr-f2-5-300x300.jpg\" alt=\"\" width=\"300\" height=\"300\" srcset=\"https:\/\/www.topohvar.at\/wp-content\/uploads\/2021\/08\/sg-tr-f2-5-300x300.jpg 300w, https:\/\/www.topohvar.at\/wp-content\/uploads\/2021\/08\/sg-tr-f2-5-150x150.jpg 150w, https:\/\/www.topohvar.at\/wp-content\/uploads\/2021\/08\/sg-tr-f2-5.jpg 450w\" sizes=\"auto, (max-width: 300px) 100vw, 300px\" \/><p id=\"caption-attachment-50811\" class=\"wp-caption-text\">Ju\u017ena strana \/ S\u00fcdseite<\/p><\/div><\/div><\/div><div class='clear_column'><\/div><div class='content-column one_half'><div style=\"padding-right:6px;\"><p>Dana 05.06.2021 trim je posje\u0107en i ustanovljeno je sljede\u0107e:<\/p>\n<p>Lokacija: grmlje<br \/>\nPodloga: padina<br \/>\nPovezan s: nije povezan, samostoje\u0107i<br \/>\nUpotreba: malo se koristi<br \/>\nStanje: dijelovi su se sru\u0161ili<br \/>\nBroj stepenica trima: 2<br \/>\nDodatni kameni prsten: nema kamenog prstena<br \/>\nStepeni\u0161te: nema<br \/>\nOblik kamena: uglast<br \/>\nPodru\u010dje ispred ulaza: lako dostupno<br \/>\nOrijentacija ulaza: SZ (310\u00b0)<br \/>\nPromjer trima (cm): 320<br \/>\nVisina trima (cm): 220<br \/>\nVisina stepenica (cm): stepenica 1: 160 , stepenica 2: 190<br \/>\nDebljina zida (cm): 80<br \/>\n\u0160irina vrata (cm): 50<br \/>\nVisina vrata (cm): 80<br \/>\n\u0160irina unutra (cm): 160<br \/>\nVisina unutra (cm): 190<br \/>\nVolumen iznutra (m3): 1,91<br \/>\nNema ni\u0161e<\/p><\/div><\/div><div class='content-column one_half last_column'><div style=\"padding-right:0px;padding-left:6px;\"><p>Am 05.06.2021 wurde der Trim besucht und n\u00e4her untersucht:<\/p>\n<p>Standort: Buschwerk<br \/>\nUntergrund: Hanglage<br \/>\nVerbunden mit: freistehend<br \/>\nNutzung: kaum genutzt<br \/>\nZustand: Teile abgest\u00fcrzt<br \/>\nAnzahl der Trimstufen: 2<br \/>\nZus\u00e4tzlicher Steinring: kein Steinring<br \/>\nStiege: keine<br \/>\nSteinform: kantig<br \/>\nEingangsbereich: frei<br \/>\nEingangsseite: NW (310\u00b0)<br \/>\nTrimdurchmesser (cm): 320<br \/>\nTrimh\u00f6he (cm): 220<br \/>\nH\u00f6he der Trimstufen (cm): Stufe 1: 160 , Stufe 2: 190<br \/>\nWandst\u00e4rke (cm): 80<br \/>\nT\u00fcrbreite (cm): 50<br \/>\nT\u00fcrh\u00f6he (cm): 80<br \/>\nInnenraumbreite (cm): 160<br \/>\nInnenraumh\u00f6he (cm): 190<br \/>\nRaumvolumen (m3): 1,91<br \/>\nKeine Nische<\/p><\/div><\/div><div class='clear_column'><\/div><\/p>\n<p><img loading=\"lazy\" decoding=\"async\" class=\"alignnone wp-image-57960 size-full\" src=\"https:\/\/www.topohvar.at\/wp-content\/uploads\/2022\/03\/sa-tr-26-scan.jpg\" alt=\"\" width=\"600\" height=\"919\" srcset=\"https:\/\/www.topohvar.at\/wp-content\/uploads\/2022\/03\/sa-tr-26-scan.jpg 600w, https:\/\/www.topohvar.at\/wp-content\/uploads\/2022\/03\/sa-tr-26-scan-196x300.jpg 196w\" sizes=\"auto, (max-width: 600px) 100vw, 600px\" \/><\/p>\n<p style=\"text-align: right;\"><a href=\"#seite_oben\">natrag na vrh \/ Seitenanfang<\/a><\/p>\n<hr \/>\n<p><strong>Linkovi \/ Links<\/strong><\/p>\n<p><span style=\"color: #3366ff;\"><a style=\"color: #3366ff;\" href=\"https:\/\/www.topohvar.at\/topo\/orte\/sa\/sa-op-00-0\/#op-27\">Gustirna \/ Zisterne SA-OP-27<\/a><\/span><\/p>\n","protected":false},"excerpt":{"rendered":"<p>Ime \/ Name Trim \u00bbSA-TR-26\u00ab Code: SA-TR-26\u00a0 \u00a0 \u00a0 \u00a0 \u00a0 \u00a0 \u00a0 \u00a0 \u00a0 \u00a0 \u00a0 \u00a0 \u00a0 \u00a0 \u00a0 Adresa \/ Adresse Selca, ispod DC-116 do Hvara Lokacija \/ Position Latitude: N 43,17303\u00b0\u00a0 \u00a0Longitude: E 16,56565\u00b0 Visina \/ &hellip; <a href=\"https:\/\/www.topohvar.at\/topo\/orte\/sa\/sa-tr-26-1\/\">Weiterlesen <span class=\"meta-nav\">&rarr;<\/span><\/a><\/p>\n","protected":false},"author":1,"featured_media":0,"parent":95,"menu_order":0,"comment_status":"closed","ping_status":"closed","template":"","meta":{"footnotes":""},"class_list":["post-44128","page","type-page","status-publish","hentry"],"_links":{"self":[{"href":"https:\/\/www.topohvar.at\/topo\/wp-json\/wp\/v2\/pages\/44128","targetHints":{"allow":["GET"]}}],"collection":[{"href":"https:\/\/www.topohvar.at\/topo\/wp-json\/wp\/v2\/pages"}],"about":[{"href":"https:\/\/www.topohvar.at\/topo\/wp-json\/wp\/v2\/types\/page"}],"author":[{"embeddable":true,"href":"https:\/\/www.topohvar.at\/topo\/wp-json\/wp\/v2\/users\/1"}],"replies":[{"embeddable":true,"href":"https:\/\/www.topohvar.at\/topo\/wp-json\/wp\/v2\/comments?post=44128"}],"version-history":[{"count":21,"href":"https:\/\/www.topohvar.at\/topo\/wp-json\/wp\/v2\/pages\/44128\/revisions"}],"predecessor-version":[{"id":69677,"href":"https:\/\/www.topohvar.at\/topo\/wp-json\/wp\/v2\/pages\/44128\/revisions\/69677"}],"up":[{"embeddable":true,"href":"https:\/\/www.topohvar.at\/topo\/wp-json\/wp\/v2\/pages\/95"}],"wp:attachment":[{"href":"https:\/\/www.topohvar.at\/topo\/wp-json\/wp\/v2\/media?parent=44128"}],"curies":[{"name":"wp","href":"https:\/\/api.w.org\/{rel}","templated":true}]}}