{"id":44390,"date":"2020-11-17T11:37:34","date_gmt":"2020-11-17T10:37:34","guid":{"rendered":"https:\/\/www.topohvar.at\/topo\/?page_id=44390"},"modified":"2021-12-01T08:03:22","modified_gmt":"2021-12-01T07:03:22","slug":"ru-tr-30-1","status":"publish","type":"page","link":"https:\/\/www.topohvar.at\/topo\/orte\/ru\/ru-tr-30-1\/","title":{"rendered":"RUDINA &#8211; Trim \u00bbRU-TR-30\u00ab"},"content":{"rendered":"<p><a name=\"seite_oben\"><\/a><br \/>\n<strong><img loading=\"lazy\" decoding=\"async\" class=\"alignnone wp-image-49475 size-full\" src=\"https:\/\/www.topohvar.at\/wp-content\/uploads\/2021\/05\/ru-tr-30-1.jpg\" alt=\"\" width=\"1080\" height=\"530\" srcset=\"https:\/\/www.topohvar.at\/wp-content\/uploads\/2021\/05\/ru-tr-30-1.jpg 1080w, https:\/\/www.topohvar.at\/wp-content\/uploads\/2021\/05\/ru-tr-30-1-300x147.jpg 300w, https:\/\/www.topohvar.at\/wp-content\/uploads\/2021\/05\/ru-tr-30-1-1024x503.jpg 1024w, https:\/\/www.topohvar.at\/wp-content\/uploads\/2021\/05\/ru-tr-30-1-768x377.jpg 768w\" sizes=\"auto, (max-width: 1080px) 100vw, 1080px\" \/><\/strong><\/p>\n<p><strong>Ime \/ Name<br \/>\n<\/strong>Trim \u00bbRU-TR-30\u00ab<\/p>\n<p><strong>Code: <\/strong>RU-TR-30\u00a0 \u00a0 \u00a0 \u00a0 \u00a0 \u00a0 \u00a0 \u00a0 \u00a0 \u00a0 \u00a0 \u00a0 \u00a0 \u00a0 <a href=\"https:\/\/www.topohvar.at\/orte\/ru\/ru-tr-00-1\/\"><img loading=\"lazy\" decoding=\"async\" class=\"alignnone wp-image-12300 size-full\" src=\"https:\/\/www.topohvar.at\/wp-content\/uploads\/2018\/09\/push-vor-30.jpg\" alt=\"\" width=\"61\" height=\"30\" \/><\/a>\u00a0<strong><a href=\"https:\/\/www.topohvar.at\/orte\/ru\/ru-tr-36-1\/\"><img loading=\"lazy\" decoding=\"async\" class=\"alignnone wp-image-533 size-full\" src=\"https:\/\/www.topohvar.at\/wp-content\/uploads\/2018\/07\/push-l-30.jpg\" alt=\"\" width=\"61\" height=\"30\" \/><\/a> <a href=\"https:\/\/www.topohvar.at\/orte\/ru\/\"><img loading=\"lazy\" decoding=\"async\" class=\"alignnone wp-image-535 size-full\" src=\"https:\/\/www.topohvar.at\/wp-content\/uploads\/2018\/07\/push-o-30.jpg\" alt=\"\" width=\"61\" height=\"30\" \/><\/a> <a href=\"https:\/\/www.topohvar.at\/orte\/ru\/ru-tr-31-1\/\"><img loading=\"lazy\" decoding=\"async\" class=\"alignnone wp-image-536 size-full\" src=\"https:\/\/www.topohvar.at\/wp-content\/uploads\/2018\/07\/push-r-30.jpg\" alt=\"\" width=\"61\" height=\"30\" \/><\/a><\/strong><\/p>\n<hr \/>\n<p><strong>Adresa \/ Adresse<br \/>\n<\/strong>Mala Rudina, sjeverno od mjesta<\/p>\n<p><strong>Lokacija \/ Position<a href=\"https:\/\/goo.gl\/maps\/Lq1TLUYQ6ahyATCP8\"><img loading=\"lazy\" decoding=\"async\" class=\"alignright wp-image-44391\" src=\"https:\/\/www.topohvar.at\/wp-content\/uploads\/2020\/11\/3098.jpg\" alt=\"\" width=\"134\" height=\"100\" \/><\/a><br \/>\n<\/strong><a href=\"https:\/\/goo.gl\/maps\/Lq1TLUYQ6ahyATCP8\"><span style=\"color: #3366ff;\">Latitude: N 43,21121\u00b0\u00a0 \u00a0Longitude: E 16,59266\u00b0<\/span><\/a> <strong><br \/>\n<\/strong>Visina \/ H\u00f6he: 52 m<\/p>\n<p><strong>Katastarska \u010destica \/ Grundst\u00fccke<br \/>\n<\/strong>9391<div class='content-column one_half'><div style=\"padding-right:6px;\"><p><strong>Datum snimanja \/ Erfassungsdatum<br \/>\n<\/strong>26.05.2021 10:43:00<\/p>\n<hr \/>\n<p><strong>Informacije<\/strong><\/p>\n<p>Trim se nalazi u \u0161umi sjeverno od Male Rudine. Jednostupanjski trim izgra\u0111en je od ugaonog kamenja. S njegove lijeve strane, dvije konzolne kamenje olak\u0161avaju uspon na kupolasti krov. Unutra\u0161njost je kru\u017ena. Trim je vrlo dobro o\u010duvan, ali se vi\u0161e ne koristi.<\/p><\/div><\/div><div class='content-column one_half last_column'><div style=\"padding-right:0px;padding-left:6px;\"><p><strong>Stupanj za\u0161tite \/ Schutzstellung<br \/>\n<\/strong>&#8211;<\/p>\n<hr \/>\n<p><strong>Info<\/strong><\/p>\n<p>Der Trim befindet sich im Wald n\u00f6rdlich von Mala Rudina. Der einstufige Trim ist aus kantigen Steinen errichtet. An seiner linken Seite erleichtern zwei Kragsteine den Aufstieg auf das Kuppeldach. Der Innenraum ist kreisrund. Der Trim ist sehr gut erhalten, wird aber nicht mehr genutzt.<\/p><\/div><\/div><div class='clear_column'><\/div><div class='content-column one_half'><div style=\"padding-right:6px;\"><p>Izvor: Hrvatska osnovna karta &#8211; Geoportal DGU<\/p>\n<p>Isto\u010dno od trima nalazi se kru\u017eni kameni zid s ulaznim vratima u udubljenju (RU-OB-08).<\/p><\/div><\/div><div class='content-column one_half last_column'><div style=\"padding-right:0px;padding-left:6px;\"><p>Quelle: Grundkarte Kroatiens &#8211; Geoportal DGU<\/p>\n<p>Knapp \u00f6stlich des Trims befindet sich in einer Senke ein kreisrunder Steinwall mit einer Eingangst\u00fcre (RU-OB-08).<\/p><\/div><\/div><div class='clear_column'><\/div><div class='content-column one_half'><div style=\"padding-right:6px;\"><div id=\"attachment_50932\" style=\"width: 310px\" class=\"wp-caption aligncenter\"><img loading=\"lazy\" decoding=\"async\" aria-describedby=\"caption-attachment-50932\" class=\"size-medium wp-image-50932\" src=\"https:\/\/www.topohvar.at\/wp-content\/uploads\/2021\/08\/ru-tr-30-0-300x300.jpg\" alt=\"\" width=\"300\" height=\"300\" srcset=\"https:\/\/www.topohvar.at\/wp-content\/uploads\/2021\/08\/ru-tr-30-0-300x300.jpg 300w, https:\/\/www.topohvar.at\/wp-content\/uploads\/2021\/08\/ru-tr-30-0-150x150.jpg 150w, https:\/\/www.topohvar.at\/wp-content\/uploads\/2021\/08\/ru-tr-30-0.jpg 450w\" sizes=\"auto, (max-width: 300px) 100vw, 300px\" \/><p id=\"caption-attachment-50932\" class=\"wp-caption-text\">Ulaz \/ Eingang<\/p><\/div><\/div><\/div><div class='content-column one_half last_column'><div style=\"padding-right:0px;padding-left:6px;\"><div id=\"attachment_50933\" style=\"width: 310px\" class=\"wp-caption aligncenter\"><img loading=\"lazy\" decoding=\"async\" aria-describedby=\"caption-attachment-50933\" class=\"size-medium wp-image-50933\" src=\"https:\/\/www.topohvar.at\/wp-content\/uploads\/2021\/08\/ru-tr-30-4-300x300.jpg\" alt=\"\" width=\"300\" height=\"300\" srcset=\"https:\/\/www.topohvar.at\/wp-content\/uploads\/2021\/08\/ru-tr-30-4-300x300.jpg 300w, https:\/\/www.topohvar.at\/wp-content\/uploads\/2021\/08\/ru-tr-30-4-150x150.jpg 150w, https:\/\/www.topohvar.at\/wp-content\/uploads\/2021\/08\/ru-tr-30-4.jpg 450w\" sizes=\"auto, (max-width: 300px) 100vw, 300px\" \/><p id=\"caption-attachment-50933\" class=\"wp-caption-text\">Stra\u017enja strana \/ R\u00fcckseite<\/p><\/div><\/div><\/div><div class='clear_column'><\/div><div class='content-column one_half'><div style=\"padding-right:6px;\"><\/p>\n<p>Dana\t26.05.2021\ttrim je posje\u0107en i ustanovljeno je sljede\u0107e:\t<\/p>\n<p>Lokacija: \tgrmlje<br \/>\nPodloga: \travna<br \/>\nPovezan s: \tnije povezan, samostoje\u0107i, izoliran<br \/>\nUpotreba: \tmalo se koristi<br \/>\nStanje: \tdobro sa\u010duvan<br \/>\nBroj stepenica trima:\t1<br \/>\nDodatni kameni prsten: \tnema kamenog prstena<br \/>\nStepeni\u0161te: \tStepenice i konzolne stepenice<br \/>\nOblik kamena: \tuglast<br \/>\nPodru\u010dje ispred ulaza: \tlako dostupno<br \/>\nOrijentacija ulaza: \tZ (260\u00b0)<br \/>\nPromjer trima (cm): \t330<br \/>\nVisina trima (cm): \t230<br \/>\nVisina stepenica (cm): \tstepenica 1: 180<br \/>\nDebljina zida (cm): \t65<br \/>\n\u0160irina vrata (cm): \t50<br \/>\nVisina vrata (cm): \t95<br \/>\n\u0160irina unutra (cm):\t170 &#8211; 200<br \/>\nVisina unutra (cm): \t210<br \/>\nVolumen iznutra (m3): \t3,56<br \/>\nNema ni\u0161e\t\t\t<\/p><\/div><\/div><div class='content-column one_half last_column'><div style=\"padding-right:0px;padding-left:6px;\"><\/p>\n<p>Am\t26.05.2021\twurde der Trim besucht und n\u00e4her untersucht:\t<\/p>\n<p>Standort: \tBuschwerk<br \/>\nUntergrund: \teben<br \/>\nVerbunden mit: \tfreistehend<br \/>\nNutzung: \tkaum genutzt<br \/>\nZustand: \tgut erhalten<br \/>\nAnzahl der Trimstufen:\t1<br \/>\nZus\u00e4tzlicher Steinring: \tkein Steinring<br \/>\nStiege: \tStiege und Kragsteine<br \/>\nSteinform: \tkantig<br \/>\nEingangsbereich: \tfrei<br \/>\nEingangsseite:\tW (260\u00b0)<br \/>\nTrimdurchmesser (cm): \t330<br \/>\nTrimh\u00f6he (cm): \t230<br \/>\nH\u00f6he der Trimstufen (cm): \tStufe 1: 180<br \/>\nWandst\u00e4rke (cm): \t65<br \/>\nT\u00fcrbreite (cm): \t50<br \/>\nT\u00fcrh\u00f6he (cm): \t95<br \/>\nInnenraumbreite (cm):\t170 &#8211; 200<br \/>\nInnenraumh\u00f6he (cm): \t210<br \/>\nRaumvolumen (m3): \t3,56<br \/>\nKeine Nische\t\t\t<\/p><\/div><\/div><div class='clear_column'><\/div>\t\t\t<\/p>\n<p><img loading=\"lazy\" decoding=\"async\" class=\"aligncenter size-full wp-image-50934\" src=\"https:\/\/www.topohvar.at\/wp-content\/uploads\/2021\/08\/ru-tr-30-scan.jpg\" alt=\"\" width=\"600\" height=\"918\" srcset=\"https:\/\/www.topohvar.at\/wp-content\/uploads\/2021\/08\/ru-tr-30-scan.jpg 600w, https:\/\/www.topohvar.at\/wp-content\/uploads\/2021\/08\/ru-tr-30-scan-196x300.jpg 196w\" sizes=\"auto, (max-width: 600px) 100vw, 600px\" \/><\/p>\n<p>&nbsp;<\/p>\n<p style=\"text-align: right;\"><span style=\"color: #3366ff;\"><a style=\"color: #3366ff;\" href=\"#seite_oben\">Natrag na vrh \/ Seitenanfang<\/a><\/span><\/p>\n<hr \/>\n<p><strong>Linkovi \/ Links<\/strong><\/p>\n<p><span style=\"color: #3366ff;\"><a style=\"color: #3366ff;\" href=\"https:\/\/www.topohvar.at\/topo\/orte\/ru\/ru-ob-08-1\/\">Nepoznati objekt \/ unbekanntes Objekt RU-OB-08<\/a><\/span><\/p>\n","protected":false},"excerpt":{"rendered":"<p>Ime \/ Name Trim \u00bbRU-TR-30\u00ab Code: RU-TR-30\u00a0 \u00a0 \u00a0 \u00a0 \u00a0 \u00a0 \u00a0 \u00a0 \u00a0 \u00a0 \u00a0 \u00a0 \u00a0 \u00a0 \u00a0 Adresa \/ Adresse Mala Rudina, sjeverno od mjesta Lokacija \/ Position Latitude: N 43,21121\u00b0\u00a0 \u00a0Longitude: E 16,59266\u00b0 Visina \/ &hellip; <a href=\"https:\/\/www.topohvar.at\/topo\/orte\/ru\/ru-tr-30-1\/\">Weiterlesen <span class=\"meta-nav\">&rarr;<\/span><\/a><\/p>\n","protected":false},"author":1,"featured_media":0,"parent":93,"menu_order":0,"comment_status":"closed","ping_status":"closed","template":"","meta":{"footnotes":""},"class_list":["post-44390","page","type-page","status-publish","hentry"],"_links":{"self":[{"href":"https:\/\/www.topohvar.at\/topo\/wp-json\/wp\/v2\/pages\/44390","targetHints":{"allow":["GET"]}}],"collection":[{"href":"https:\/\/www.topohvar.at\/topo\/wp-json\/wp\/v2\/pages"}],"about":[{"href":"https:\/\/www.topohvar.at\/topo\/wp-json\/wp\/v2\/types\/page"}],"author":[{"embeddable":true,"href":"https:\/\/www.topohvar.at\/topo\/wp-json\/wp\/v2\/users\/1"}],"replies":[{"embeddable":true,"href":"https:\/\/www.topohvar.at\/topo\/wp-json\/wp\/v2\/comments?post=44390"}],"version-history":[{"count":14,"href":"https:\/\/www.topohvar.at\/topo\/wp-json\/wp\/v2\/pages\/44390\/revisions"}],"predecessor-version":[{"id":53994,"href":"https:\/\/www.topohvar.at\/topo\/wp-json\/wp\/v2\/pages\/44390\/revisions\/53994"}],"up":[{"embeddable":true,"href":"https:\/\/www.topohvar.at\/topo\/wp-json\/wp\/v2\/pages\/93"}],"wp:attachment":[{"href":"https:\/\/www.topohvar.at\/topo\/wp-json\/wp\/v2\/media?parent=44390"}],"curies":[{"name":"wp","href":"https:\/\/api.w.org\/{rel}","templated":true}]}}