{"id":44398,"date":"2020-11-17T11:44:33","date_gmt":"2020-11-17T10:44:33","guid":{"rendered":"https:\/\/www.topohvar.at\/topo\/?page_id=44398"},"modified":"2021-12-01T08:01:59","modified_gmt":"2021-12-01T07:01:59","slug":"ru-tr-31-1","status":"publish","type":"page","link":"https:\/\/www.topohvar.at\/topo\/orte\/ru\/ru-tr-31-1\/","title":{"rendered":"RUDINA &#8211; Trim \u00bbRU-TR-31\u00ab"},"content":{"rendered":"<p><a name=\"seite_oben\"><\/a><br \/>\n<strong><img loading=\"lazy\" decoding=\"async\" class=\"aligncenter wp-image-51083 size-full\" src=\"https:\/\/www.topohvar.at\/wp-content\/uploads\/2021\/08\/ru-tr-31-2.jpg\" alt=\"\" width=\"1080\" height=\"530\" srcset=\"https:\/\/www.topohvar.at\/wp-content\/uploads\/2021\/08\/ru-tr-31-2.jpg 1080w, https:\/\/www.topohvar.at\/wp-content\/uploads\/2021\/08\/ru-tr-31-2-300x147.jpg 300w, https:\/\/www.topohvar.at\/wp-content\/uploads\/2021\/08\/ru-tr-31-2-1024x503.jpg 1024w, https:\/\/www.topohvar.at\/wp-content\/uploads\/2021\/08\/ru-tr-31-2-768x377.jpg 768w\" sizes=\"auto, (max-width: 1080px) 100vw, 1080px\" \/><\/strong><\/p>\n<p><strong>Ime \/ Name<br \/>\n<\/strong>Trim \u00bbRU-TR-31\u00ab<\/p>\n<p><strong>Code: <\/strong>RU-TR-31\u00a0 \u00a0 \u00a0 \u00a0 \u00a0 \u00a0 \u00a0 \u00a0 \u00a0 \u00a0 \u00a0 \u00a0 \u00a0 \u00a0 <a href=\"https:\/\/www.topohvar.at\/orte\/ru\/ru-tr-00-1\/\"><img loading=\"lazy\" decoding=\"async\" class=\"alignnone wp-image-12300 size-full\" src=\"https:\/\/www.topohvar.at\/wp-content\/uploads\/2018\/09\/push-vor-30.jpg\" alt=\"\" width=\"61\" height=\"30\" \/><\/a>\u00a0<strong><a href=\"https:\/\/www.topohvar.at\/orte\/ru\/ru-tr-30-1\/\"><img loading=\"lazy\" decoding=\"async\" class=\"alignnone wp-image-533 size-full\" src=\"https:\/\/www.topohvar.at\/wp-content\/uploads\/2018\/07\/push-l-30.jpg\" alt=\"\" width=\"61\" height=\"30\" \/><\/a> <a href=\"https:\/\/www.topohvar.at\/orte\/ru\/\"><img loading=\"lazy\" decoding=\"async\" class=\"alignnone wp-image-535 size-full\" src=\"https:\/\/www.topohvar.at\/wp-content\/uploads\/2018\/07\/push-o-30.jpg\" alt=\"\" width=\"61\" height=\"30\" \/><\/a> <a href=\"https:\/\/www.topohvar.at\/orte\/ru\/ru-tr-40-1\/\"><img loading=\"lazy\" decoding=\"async\" class=\"alignnone wp-image-536 size-full\" src=\"https:\/\/www.topohvar.at\/wp-content\/uploads\/2018\/07\/push-r-30.jpg\" alt=\"\" width=\"61\" height=\"30\" \/><\/a><\/strong><\/p>\n<hr \/>\n<p><strong>Adresa \/ Adresse<br \/>\n<\/strong>Mala Rudina, sjeverno od mjesta<\/p>\n<p><strong>Lokacija \/ Position<a href=\"https:\/\/goo.gl\/maps\/awsHNr88YeJ4gn5s5\"><img loading=\"lazy\" decoding=\"async\" class=\"alignright wp-image-44399\" src=\"https:\/\/www.topohvar.at\/wp-content\/uploads\/2020\/11\/3097.jpg\" alt=\"\" width=\"134\" height=\"100\" \/><\/a><br \/>\n<\/strong><a href=\"https:\/\/goo.gl\/maps\/awsHNr88YeJ4gn5s5\"><span style=\"color: #3366ff;\">Latitude: N 43,21156\u00b0\u00a0 \u00a0Longitude: E 16,59308\u00b0<\/span><\/a> <strong><br \/>\n<\/strong>Visina \/ H\u00f6he: 50 m<\/p>\n<p><strong>Katastarska \u010destica \/ Grundst\u00fccke<br \/>\n<\/strong>9394<div class='content-column one_half'><div style=\"padding-right:6px;\"><p><strong>Datum snimanja \/ Erfassungsdatum<br \/>\n<\/strong>26.05.2021 11:20:00<\/p>\n<hr \/>\n<p><strong>Informacije<\/strong><\/p>\n<p>Trim se nalazi u \u0161umi sjeverno od Male Rudine i izgra\u0111en je na spoju niskih kamenih zidova. Dvostupanjski trim pa\u017eljivo je izgra\u0111en odabranim kamenjem, barem s prednje strane. Desno od ulaza je kratki kameni prsten s kamenim postoljem. Pomalo je o\u0161te\u0107en s lijeve strane, ali je ina\u010de u dobrom stanju. U kru\u017enoj unutra\u0161njosti nalazi se zidna ni\u0161a. Trim se vi\u0161e ne koristi.<\/p><\/div><\/div><div class='content-column one_half last_column'><div style=\"padding-right:0px;padding-left:6px;\"><p><strong>Stupanj za\u0161tite \/ Schutzstellung<br \/>\n<\/strong>&#8211;<\/p>\n<hr \/>\n<p><strong>Info<\/strong><\/p>\n<p>Der Trim befindet sich im Wald n\u00f6rdlich von Mala Rudina und ist auf einer Kreuzung von niedrigen Steinmauern errichtet. Der zweistufige Trim wurde, zumindest an seiner Vordersite, sorgf\u00e4ltig mit ausgesuchten Steinen errichtet. Rechts vom Eingang befindet sich ein kurzer Steinring mit einem Steinpodest. An seiner linken Seite ist er etwas besch\u00e4digt, ansonsten aber gut erhalten. Im kreisrunden Innenraum befindet sich eine Wandnische. Der Trim wird nicht mehr genutzt.<\/p><\/div><\/div><div class='clear_column'><\/div><div class='content-column one_half'><div style=\"padding-right:6px;\"><p>Izvor: Hrvatska osnovna karta &#8211; Geoportal DGU<\/p><\/div><\/div><div class='content-column one_half last_column'><div style=\"padding-right:0px;padding-left:6px;\"><p>Quelle: Grundkarte Kroatiens &#8211; Geoportal DGU<\/p><\/div><\/div><div class='clear_column'><\/div><div class='content-column one_half'><div style=\"padding-right:6px;\"><div id=\"attachment_51082\" style=\"width: 310px\" class=\"wp-caption aligncenter\"><img loading=\"lazy\" decoding=\"async\" aria-describedby=\"caption-attachment-51082\" class=\"size-medium wp-image-51082\" src=\"https:\/\/www.topohvar.at\/wp-content\/uploads\/2021\/08\/ru-tr-31-0-300x300.jpg\" alt=\"\" width=\"300\" height=\"300\" srcset=\"https:\/\/www.topohvar.at\/wp-content\/uploads\/2021\/08\/ru-tr-31-0-300x300.jpg 300w, https:\/\/www.topohvar.at\/wp-content\/uploads\/2021\/08\/ru-tr-31-0-150x150.jpg 150w, https:\/\/www.topohvar.at\/wp-content\/uploads\/2021\/08\/ru-tr-31-0.jpg 450w\" sizes=\"auto, (max-width: 300px) 100vw, 300px\" \/><p id=\"caption-attachment-51082\" class=\"wp-caption-text\">Ulaz \/ Eingang<\/p><\/div><\/div><\/div><div class='content-column one_half last_column'><div style=\"padding-right:0px;padding-left:6px;\"><div id=\"attachment_51084\" style=\"width: 310px\" class=\"wp-caption aligncenter\"><img loading=\"lazy\" decoding=\"async\" aria-describedby=\"caption-attachment-51084\" class=\"size-medium wp-image-51084\" src=\"https:\/\/www.topohvar.at\/wp-content\/uploads\/2021\/08\/ru-tr-31-8-300x300.jpg\" alt=\"\" width=\"300\" height=\"300\" srcset=\"https:\/\/www.topohvar.at\/wp-content\/uploads\/2021\/08\/ru-tr-31-8-300x300.jpg 300w, https:\/\/www.topohvar.at\/wp-content\/uploads\/2021\/08\/ru-tr-31-8-150x150.jpg 150w, https:\/\/www.topohvar.at\/wp-content\/uploads\/2021\/08\/ru-tr-31-8.jpg 450w\" sizes=\"auto, (max-width: 300px) 100vw, 300px\" \/><p id=\"caption-attachment-51084\" class=\"wp-caption-text\">Stra\u017enja strana \/ R\u00fcckseite<\/p><\/div><\/div><\/div><div class='clear_column'><\/div><div class='content-column one_half'><div style=\"padding-right:6px;\"><\/p>\n<p>Dana\t26.05.2021\ttrim je posje\u0107en i ustanovljeno je sljede\u0107e:\t<\/p>\n<p>Lokacija: \t\u0161uma<br \/>\nPodloga: \tnako\u0161ena<br \/>\nPovezan s: \tkamenim zidom<br \/>\nUpotreba: \tmalo se koristi<br \/>\nStanje: \tdijelovi su se sru\u0161ili<br \/>\nBroj stepenica trima:\t2<br \/>\nDodatni kameni prsten: \tkameni prsten djelomi\u010dno<br \/>\nStepeni\u0161te: \tnema<br \/>\nOblik kamena: \tuglast<br \/>\nPodru\u010dje ispred ulaza: \tzaraslo<br \/>\nOrijentacija ulaza: \tJZ (240\u00b0)<br \/>\nPromjer trima (cm): \t380<br \/>\nVisina trima (cm): \t230<br \/>\nVisina stepenica (cm): \tstepenica 1: 175\t, stepenica 2: 230<br \/>\nDebljina zida (cm): \t80<br \/>\n\u0160irina vrata (cm): \t80<br \/>\nVisina vrata (cm): \t125<br \/>\n\u0160irina unutra (cm):\t220<br \/>\nVisina unutra (cm): \t210<br \/>\nVolumen iznutra (m3): \t5,72<br \/>\nNi\u0161a 1 (P\/\u0160\/V\/D) (cm): \t120 \/ 15 \/ 15 \/ 20\t\t<\/p><\/div><\/div><div class='content-column one_half last_column'><div style=\"padding-right:0px;padding-left:6px;\"><\/p>\n<p>Am\t26.05.2021\twurde der Trim besucht und n\u00e4her untersucht:\t<\/p>\n<p>Standort: \tWald<br \/>\nUntergrund: \tgeneigt<br \/>\nVerbunden mit: \tSteinmauer<br \/>\nNutzung: \tkaum genutzt<br \/>\nZustand: \tTeile abgest\u00fcrzt<br \/>\nAnzahl der Trimstufen:\t2<br \/>\nZus\u00e4tzlicher Steinring: \tSteinring teilweise<br \/>\nStiege: \tkeine<br \/>\nSteinform: \tkantig<br \/>\nEingangsbereich: \tverwachsen<br \/>\nEingangsseite:\tSW (240\u00b0)<br \/>\nTrimdurchmesser (cm): \t380<br \/>\nTrimh\u00f6he (cm): \t230<br \/>\nH\u00f6he der Trimstufen (cm): \tStufe 1: 175\t, Stufe 2: 230<br \/>\nWandst\u00e4rke (cm): \t80<br \/>\nT\u00fcrbreite (cm): \t80<br \/>\nT\u00fcrh\u00f6he (cm): \t125<br \/>\nInnenraumbreite (cm):\t220<br \/>\nInnenraumh\u00f6he (cm): \t210<br \/>\nRaumvolumen (m3): \t5,72<br \/>\nNische 1 (P\/B\/H\/T) (cm): \t120 \/ 15 \/ 15 \/ 20\t\t<\/p><\/div><\/div><div class='clear_column'><\/div>\t\t\t<\/p>\n<p><img loading=\"lazy\" decoding=\"async\" class=\"aligncenter size-full wp-image-51085\" src=\"https:\/\/www.topohvar.at\/wp-content\/uploads\/2021\/08\/ru-tr-31-scan.jpg\" alt=\"\" width=\"600\" height=\"914\" srcset=\"https:\/\/www.topohvar.at\/wp-content\/uploads\/2021\/08\/ru-tr-31-scan.jpg 600w, https:\/\/www.topohvar.at\/wp-content\/uploads\/2021\/08\/ru-tr-31-scan-197x300.jpg 197w\" sizes=\"auto, (max-width: 600px) 100vw, 600px\" \/><\/p>\n<p style=\"text-align: right;\"><span style=\"color: #3366ff;\"><a style=\"color: #3366ff;\" href=\"#seite_oben\">Natrag na vrh \/ Seitenanfang<\/a><\/span><\/p>\n<hr \/>\n<p><strong>Linkovi \/ Links<\/strong><\/p>\n<p>&#8211;<\/p>\n","protected":false},"excerpt":{"rendered":"<p>Ime \/ Name Trim \u00bbRU-TR-31\u00ab Code: RU-TR-31\u00a0 \u00a0 \u00a0 \u00a0 \u00a0 \u00a0 \u00a0 \u00a0 \u00a0 \u00a0 \u00a0 \u00a0 \u00a0 \u00a0 \u00a0 Adresa \/ Adresse Mala Rudina, sjeverno od mjesta Lokacija \/ Position Latitude: N 43,21156\u00b0\u00a0 \u00a0Longitude: E 16,59308\u00b0 Visina \/ &hellip; <a href=\"https:\/\/www.topohvar.at\/topo\/orte\/ru\/ru-tr-31-1\/\">Weiterlesen <span class=\"meta-nav\">&rarr;<\/span><\/a><\/p>\n","protected":false},"author":1,"featured_media":0,"parent":93,"menu_order":0,"comment_status":"closed","ping_status":"closed","template":"","meta":{"footnotes":""},"class_list":["post-44398","page","type-page","status-publish","hentry"],"_links":{"self":[{"href":"https:\/\/www.topohvar.at\/topo\/wp-json\/wp\/v2\/pages\/44398","targetHints":{"allow":["GET"]}}],"collection":[{"href":"https:\/\/www.topohvar.at\/topo\/wp-json\/wp\/v2\/pages"}],"about":[{"href":"https:\/\/www.topohvar.at\/topo\/wp-json\/wp\/v2\/types\/page"}],"author":[{"embeddable":true,"href":"https:\/\/www.topohvar.at\/topo\/wp-json\/wp\/v2\/users\/1"}],"replies":[{"embeddable":true,"href":"https:\/\/www.topohvar.at\/topo\/wp-json\/wp\/v2\/comments?post=44398"}],"version-history":[{"count":15,"href":"https:\/\/www.topohvar.at\/topo\/wp-json\/wp\/v2\/pages\/44398\/revisions"}],"predecessor-version":[{"id":53993,"href":"https:\/\/www.topohvar.at\/topo\/wp-json\/wp\/v2\/pages\/44398\/revisions\/53993"}],"up":[{"embeddable":true,"href":"https:\/\/www.topohvar.at\/topo\/wp-json\/wp\/v2\/pages\/93"}],"wp:attachment":[{"href":"https:\/\/www.topohvar.at\/topo\/wp-json\/wp\/v2\/media?parent=44398"}],"curies":[{"name":"wp","href":"https:\/\/api.w.org\/{rel}","templated":true}]}}