{"id":44489,"date":"2020-11-17T18:55:44","date_gmt":"2020-11-17T17:55:44","guid":{"rendered":"https:\/\/www.topohvar.at\/topo\/?page_id=44489"},"modified":"2024-02-04T09:14:58","modified_gmt":"2024-02-04T08:14:58","slug":"gv-tr-69-1","status":"publish","type":"page","link":"https:\/\/www.topohvar.at\/topo\/orte\/gv\/gv-tr-69-1\/","title":{"rendered":"VELO GRABLJE &#8211; Trim \u00bbGV-TR-69\u00ab"},"content":{"rendered":"<p><a name=\"seite_oben\"><\/a><br \/>\n<strong><img loading=\"lazy\" decoding=\"async\" class=\"alignleft wp-image-64430 size-full\" src=\"https:\/\/www.topohvar.at\/wp-content\/uploads\/2023\/11\/gv-tr-69-2.jpg\" alt=\"\" width=\"1080\" height=\"530\" srcset=\"https:\/\/www.topohvar.at\/wp-content\/uploads\/2023\/11\/gv-tr-69-2.jpg 1080w, https:\/\/www.topohvar.at\/wp-content\/uploads\/2023\/11\/gv-tr-69-2-300x147.jpg 300w, https:\/\/www.topohvar.at\/wp-content\/uploads\/2023\/11\/gv-tr-69-2-1024x503.jpg 1024w, https:\/\/www.topohvar.at\/wp-content\/uploads\/2023\/11\/gv-tr-69-2-768x377.jpg 768w\" sizes=\"auto, (max-width: 1080px) 100vw, 1080px\" \/><\/strong><\/p>\n<p><strong>Ime \/ Name<br \/>\n<\/strong>Trim \u00bbGV-TR-69\u00ab<\/p>\n<p><strong>Code: <\/strong>GV-TR-69\u00a0 \u00a0 \u00a0 \u00a0 \u00a0 \u00a0 \u00a0 \u00a0 \u00a0 \u00a0 \u00a0 \u00a0 \u00a0 \u00a0 <a href=\"https:\/\/www.topohvar.at\/orte\/gv\/gv-tr-00-1\/\"><img loading=\"lazy\" decoding=\"async\" class=\"alignnone wp-image-12300 size-full\" src=\"https:\/\/www.topohvar.at\/wp-content\/uploads\/2018\/09\/push-vor-30.jpg\" alt=\"\" width=\"61\" height=\"30\" \/><\/a>\u00a0<strong><a href=\"https:\/\/www.topohvar.at\/orte\/gv\/gv-tr-81-1\/\"><img loading=\"lazy\" decoding=\"async\" class=\"alignnone wp-image-533 size-full\" src=\"https:\/\/www.topohvar.at\/wp-content\/uploads\/2018\/07\/push-l-30.jpg\" alt=\"\" width=\"61\" height=\"30\" \/><\/a> <a href=\"https:\/\/www.topohvar.at\/orte\/gv\/\"><img loading=\"lazy\" decoding=\"async\" class=\"alignnone wp-image-535 size-full\" src=\"https:\/\/www.topohvar.at\/wp-content\/uploads\/2018\/07\/push-o-30.jpg\" alt=\"\" width=\"61\" height=\"30\" \/><\/a> <a href=\"https:\/\/www.topohvar.at\/orte\/gv\/gv-tr-79-1\/\"><img loading=\"lazy\" decoding=\"async\" class=\"alignnone wp-image-536 size-full\" src=\"https:\/\/www.topohvar.at\/wp-content\/uploads\/2018\/07\/push-r-30.jpg\" alt=\"\" width=\"61\" height=\"30\" \/><\/a><\/strong><\/p>\n<hr \/>\n<p><strong>Adresa \/ Adresse<br \/>\n<\/strong>Velo Grablje, Korita<\/p>\n<p><strong>Lokacija \/ Position<a href=\"https:\/\/goo.gl\/maps\/cgD1XbVQAtTkhUM68\"><img loading=\"lazy\" decoding=\"async\" class=\"alignright wp-image-44490\" src=\"https:\/\/www.topohvar.at\/wp-content\/uploads\/2020\/11\/3104.jpg\" alt=\"\" width=\"134\" height=\"100\" \/><\/a><br \/>\n<\/strong><a href=\"https:\/\/goo.gl\/maps\/cgD1XbVQAtTkhUM68\"><span style=\"color: #3366ff;\">Latitude: N 43,16579\u00b0\u00a0 \u00a0Longitude: E 16,51430\u00b0<\/span><\/a> <strong><br \/>\n<\/strong>Visina \/ H\u00f6he: 218 m<\/p>\n<p><strong>Katastarska \u010destica \/ Grundst\u00fccke<br \/>\n<\/strong>399\/16<div class='content-column one_half'><div style=\"padding-right:6px;\"><p><strong>Datum snimanja \/ Erfassungsdatum<br \/>\n<\/strong>06.10.2023 10:49:11<\/p>\n<hr \/>\n<p><strong>Informacije<\/strong><\/p>\n<p>Trim se nalazi uz cestu koja vodi od Velog Grablja prema Malom Grablju. Prema istoku, na polovini puta prote\u017ee se mala dolina. Na strmoj ju\u017enoj strani doline, na vrlo nepristupa\u010dnom mjest, nalazi se ovaj trim. Toliko je nepristupa\u010dno mjesto gdje se ne bi ni o\u010dekivalo da je tu smje\u0161ten trim. Mogu\u0107e je das se trim Mo\u017eda je bio kori\u0161ten za promatranje poljoprivredne visoravni na drugoj strani. (vidi <span style=\"color: #3366ff;\"><a style=\"color: #3366ff;\" href=\"https:\/\/www.topohvar.at\/topo\/orte\/gv\/gv-tr-81-1\/\">GV-TR-81<\/a><\/span>).<\/p><\/div><\/div><div class='content-column one_half last_column'><div style=\"padding-right:0px;padding-left:6px;\"><p><strong>Stupanj za\u0161tite \/ Schutzstellung<br \/>\n<\/strong>&#8211;<\/p>\n<hr \/>\n<p><strong>Info<\/strong><\/p>\n<p>Der Trim befindet sich nahe der Stra\u00dfe, die von Velo Grablje nach Malo Grablje f\u00fchrt. Hier, etwa auf halben Weg, \u00f6ffnet sich Richtung Osten eine kleine Talschaft. Der Trim befindet sich \u2013 sehr schwer zug\u00e4nglich &#8211; an der steilen S\u00fcdseite des Tales an einer Stelle, wo man keinen Trim vermuten w\u00fcrde. Er geh\u00f6rte wahrscheinlich zu den weiter oben liegenden bewirtschafteten Fluren oder diente m\u00f6glicherweise zur Beobachtung\/\u00dcberwachung der gegen\u00fcberliegenden landwirtschaftlich genutzten Talschaft (siehe <span style=\"color: #3366ff;\"><a style=\"color: #3366ff;\" href=\"https:\/\/www.topohvar.at\/topo\/orte\/gv\/gv-tr-81-1\/\">GV-TR-81<\/a><\/span>).<\/p><\/div><\/div><div class='clear_column'><\/div><div class='content-column one_half'><div style=\"padding-right:6px;\"><p>Dvostupanjski trim okru\u017een je gustim grmljem i stra\u017enjim djelom nasljonen je na brdo. Vanjski zid joj je od uglatog kamena, a ulazni prostor od velikih kamenih blokova. Trim je ra\u0111en vrlo pa\u017eljivo, vrlo je dobro o\u010duvan, ali se vi\u0161e ne koristi.<\/p><\/div><\/div><div class='content-column one_half last_column'><div style=\"padding-right:0px;padding-left:6px;\"><p>Der zweistufige Trim ist von dichtem Buschwerk umgeben und steckt mit seiner R\u00fcckseite im Berghang. Seine Au\u00dfenwand ist aus kantigem Steinmaterial errichtet, der Eingangsbereich aus gro\u00dfen Steinquadern. Der Trim wurde sehr sorgf\u00e4ltig gebaut, er ist sehr gut erhalten, wird aber nicht mehr genutzt.<\/p><\/div><\/div><div class='clear_column'><\/div><div class='content-column one_half'><div style=\"padding-right:6px;\"><p>Izvor: Hrvatska osnovna karta\u00a0&#8211; Geoportal DGU<\/p><\/div><\/div><div class='content-column one_half last_column'><div style=\"padding-right:0px;padding-left:6px;\"><p>Quelle: Grundkarte Kroatiens\u00a0&#8211; Geoportal DGU<\/p><\/div><\/div><div class='clear_column'><\/div><div class='content-column one_half'><div style=\"padding-right:6px;\"><div id=\"attachment_64903\" style=\"width: 310px\" class=\"wp-caption aligncenter\"><img loading=\"lazy\" decoding=\"async\" aria-describedby=\"caption-attachment-64903\" class=\"wp-image-64903 size-medium\" src=\"https:\/\/www.topohvar.at\/wp-content\/uploads\/2023\/11\/gv-tr-69-1-300x300.jpg\" alt=\"\" width=\"300\" height=\"300\" srcset=\"https:\/\/www.topohvar.at\/wp-content\/uploads\/2023\/11\/gv-tr-69-1-300x300.jpg 300w, https:\/\/www.topohvar.at\/wp-content\/uploads\/2023\/11\/gv-tr-69-1-150x150.jpg 150w, https:\/\/www.topohvar.at\/wp-content\/uploads\/2023\/11\/gv-tr-69-1.jpg 450w\" sizes=\"auto, (max-width: 300px) 100vw, 300px\" \/><p id=\"caption-attachment-64903\" class=\"wp-caption-text\">Ulaz \/ Eingang<\/p><\/div><\/div><\/div><div class='content-column one_half last_column'><div style=\"padding-right:0px;padding-left:6px;\"><div id=\"attachment_64904\" style=\"width: 310px\" class=\"wp-caption aligncenter\"><img loading=\"lazy\" decoding=\"async\" aria-describedby=\"caption-attachment-64904\" class=\"wp-image-64904 size-medium\" src=\"https:\/\/www.topohvar.at\/wp-content\/uploads\/2023\/11\/gv-tr-69-4-300x300.jpg\" alt=\"\" width=\"300\" height=\"300\" srcset=\"https:\/\/www.topohvar.at\/wp-content\/uploads\/2023\/11\/gv-tr-69-4-300x300.jpg 300w, https:\/\/www.topohvar.at\/wp-content\/uploads\/2023\/11\/gv-tr-69-4-150x150.jpg 150w, https:\/\/www.topohvar.at\/wp-content\/uploads\/2023\/11\/gv-tr-69-4.jpg 450w\" sizes=\"auto, (max-width: 300px) 100vw, 300px\" \/><p id=\"caption-attachment-64904\" class=\"wp-caption-text\">Isto\u010dna strana trima \/ Ostseite des Trims<\/p><\/div><\/div><\/div><div class='clear_column'><\/div><div class='content-column one_half'><div style=\"padding-right:6px;\"><p>Dana 06.10.2023 trim GV-TR-69 je posje\u0107en i ustanovljeno je sljede\u0107e:<\/p>\n<p>Lokacija: \u0161uma<br \/>\nPodloga: padina<br \/>\nPovezan s: samostoje\u0107i, izoliran<br \/>\nUpotreba: ne koristi se<br \/>\nStanje: vrlo dobro uzdr\u017eati<br \/>\nBroj stepenica trima: 2<br \/>\nDodatni kameni prsten: nema prstena<br \/>\nStepeni\u0161te: nema<br \/>\nOblik kamena: uglast<br \/>\nPodru\u010dje ispred ulaza: lako dostupno<br \/>\nOrijentacija ulaza: S (350\u00b0)<br \/>\nPromjer trima (cm): 500<br \/>\nVisina trima (cm): 340<br \/>\nVisina stepenica (cm): stepenica 1: 240 , stepenica 2: 310<br \/>\nDebljina zida (cm): 100<br \/>\n\u0160irina vrata (cm): 75<br \/>\nVisina vrata (cm): 110<br \/>\n\u0160irina unutra (cm): 250 &#8211; 300<br \/>\nVisina unutra (cm): 330<br \/>\nVolumen iznutra (m3): 10,95<br \/>\nNi\u0161a 1 (P\/\u0160\/V\/D) (cm): 100 \/ 35 \/ 25 \/ 50<\/p><\/div><\/div><div class='content-column one_half last_column'><div style=\"padding-right:0px;padding-left:6px;\"><p>Am 06.10.2023 wurde der Trim GV-TR-69 besucht und n\u00e4her untersucht:<\/p>\n<p>Standort: Wald<br \/>\nUntergrund: Hanglage<br \/>\nVerbunden mit: freistehend<br \/>\nNutzung: ungenutzt<br \/>\nZustand: sehr gut erhalten<br \/>\nAnzahl der Trimstufen: 2<br \/>\nZus\u00e4tzlicher Steinring: kein Steinring<br \/>\nStiege: keine<br \/>\nSteinform: kantig<br \/>\nEingangsbereich: frei<br \/>\nEingangsseite: N (350\u00b0)<br \/>\nTrimdurchmesser (cm): 500<br \/>\nTrimh\u00f6he (cm): 340<br \/>\nH\u00f6he der Trimstufen (cm): Stufe 1: 240 , Stufe 2: 310<br \/>\nWandst\u00e4rke (cm): 100<br \/>\nT\u00fcrbreite (cm): 75<br \/>\nT\u00fcrh\u00f6he (cm): 110<br \/>\nInnenraumbreite (cm): 250 &#8211; 300<br \/>\nInnenraumh\u00f6he (cm): 330<br \/>\nRaumvolumen (m3): 10,95<br \/>\nNische 1 (P\/B\/H\/T) (cm): 100 \/ 35 \/ 25 \/ 50<\/p><\/div><\/div><div class='clear_column'><\/div><\/p>\n<p><img loading=\"lazy\" decoding=\"async\" class=\"aligncenter size-full wp-image-65114\" src=\"https:\/\/www.topohvar.at\/wp-content\/uploads\/2023\/12\/gv-tr-69-scan.jpg\" alt=\"\" width=\"900\" height=\"1360\" srcset=\"https:\/\/www.topohvar.at\/wp-content\/uploads\/2023\/12\/gv-tr-69-scan.jpg 900w, https:\/\/www.topohvar.at\/wp-content\/uploads\/2023\/12\/gv-tr-69-scan-199x300.jpg 199w, https:\/\/www.topohvar.at\/wp-content\/uploads\/2023\/12\/gv-tr-69-scan-678x1024.jpg 678w, https:\/\/www.topohvar.at\/wp-content\/uploads\/2023\/12\/gv-tr-69-scan-768x1161.jpg 768w\" sizes=\"auto, (max-width: 900px) 100vw, 900px\" \/><\/p>\n<p style=\"text-align: right;\"><a href=\"#seite_oben\">natrag na vrh \/ Seitenanfang<\/a><\/p>\n<hr \/>\n<p><strong>Linkovi \/ Links<\/strong><\/p>\n<p>&#8211;<\/p>\n","protected":false},"excerpt":{"rendered":"<p>Ime \/ Name Trim \u00bbGV-TR-69\u00ab Code: GV-TR-69\u00a0 \u00a0 \u00a0 \u00a0 \u00a0 \u00a0 \u00a0 \u00a0 \u00a0 \u00a0 \u00a0 \u00a0 \u00a0 \u00a0 \u00a0 Adresa \/ Adresse Velo Grablje, Korita Lokacija \/ Position Latitude: N 43,16579\u00b0\u00a0 \u00a0Longitude: E 16,51430\u00b0 Visina \/ H\u00f6he: 218 &hellip; <a href=\"https:\/\/www.topohvar.at\/topo\/orte\/gv\/gv-tr-69-1\/\">Weiterlesen <span class=\"meta-nav\">&rarr;<\/span><\/a><\/p>\n","protected":false},"author":1,"featured_media":0,"parent":76,"menu_order":0,"comment_status":"closed","ping_status":"closed","template":"","meta":{"footnotes":""},"class_list":["post-44489","page","type-page","status-publish","hentry"],"_links":{"self":[{"href":"https:\/\/www.topohvar.at\/topo\/wp-json\/wp\/v2\/pages\/44489","targetHints":{"allow":["GET"]}}],"collection":[{"href":"https:\/\/www.topohvar.at\/topo\/wp-json\/wp\/v2\/pages"}],"about":[{"href":"https:\/\/www.topohvar.at\/topo\/wp-json\/wp\/v2\/types\/page"}],"author":[{"embeddable":true,"href":"https:\/\/www.topohvar.at\/topo\/wp-json\/wp\/v2\/users\/1"}],"replies":[{"embeddable":true,"href":"https:\/\/www.topohvar.at\/topo\/wp-json\/wp\/v2\/comments?post=44489"}],"version-history":[{"count":13,"href":"https:\/\/www.topohvar.at\/topo\/wp-json\/wp\/v2\/pages\/44489\/revisions"}],"predecessor-version":[{"id":65397,"href":"https:\/\/www.topohvar.at\/topo\/wp-json\/wp\/v2\/pages\/44489\/revisions\/65397"}],"up":[{"embeddable":true,"href":"https:\/\/www.topohvar.at\/topo\/wp-json\/wp\/v2\/pages\/76"}],"wp:attachment":[{"href":"https:\/\/www.topohvar.at\/topo\/wp-json\/wp\/v2\/media?parent=44489"}],"curies":[{"name":"wp","href":"https:\/\/api.w.org\/{rel}","templated":true}]}}