{"id":44711,"date":"2020-11-18T11:01:08","date_gmt":"2020-11-18T10:01:08","guid":{"rendered":"https:\/\/www.topohvar.at\/topo\/?page_id=44711"},"modified":"2023-12-04T15:41:00","modified_gmt":"2023-12-04T14:41:00","slug":"hv-tr-11-1","status":"publish","type":"page","link":"https:\/\/www.topohvar.at\/topo\/orte\/hv\/hv-tr-11-1\/","title":{"rendered":"HVAR &#8211; Trim \u00bbHV-TR-11\u00ab"},"content":{"rendered":"<p><a name=\"seite_oben\"><\/a><br \/>\n<img loading=\"lazy\" decoding=\"async\" class=\"aligncenter wp-image-62104 size-full\" src=\"https:\/\/www.topohvar.at\/wp-content\/uploads\/2022\/11\/hv-tr-11-10.jpg\" alt=\"\" width=\"1080\" height=\"530\" srcset=\"https:\/\/www.topohvar.at\/wp-content\/uploads\/2022\/11\/hv-tr-11-10.jpg 1080w, https:\/\/www.topohvar.at\/wp-content\/uploads\/2022\/11\/hv-tr-11-10-300x147.jpg 300w, https:\/\/www.topohvar.at\/wp-content\/uploads\/2022\/11\/hv-tr-11-10-1024x503.jpg 1024w, https:\/\/www.topohvar.at\/wp-content\/uploads\/2022\/11\/hv-tr-11-10-768x377.jpg 768w\" sizes=\"auto, (max-width: 1080px) 100vw, 1080px\" \/><\/p>\n<p><strong>Ime \/ Name<br \/>\n<\/strong>Trim \u00bbHV-TR-11\u00ab<\/p>\n<p><strong>Code: <\/strong>HV-TR-11\u00a0 \u00a0 \u00a0 \u00a0 \u00a0 \u00a0 \u00a0 \u00a0 \u00a0 \u00a0 \u00a0 \u00a0 \u00a0 \u00a0 <a href=\"https:\/\/www.topohvar.at\/orte\/hv\/hv-tr-00-1\/\"><img loading=\"lazy\" decoding=\"async\" class=\"alignnone wp-image-12300 size-full\" src=\"https:\/\/www.topohvar.at\/wp-content\/uploads\/2018\/09\/push-vor-30.jpg\" alt=\"\" width=\"61\" height=\"30\" \/><\/a>\u00a0<strong><a href=\"https:\/\/www.topohvar.at\/orte\/hv\/hv-tr-10-1\/\"><img loading=\"lazy\" decoding=\"async\" class=\"alignnone wp-image-533 size-full\" src=\"https:\/\/www.topohvar.at\/wp-content\/uploads\/2018\/07\/push-l-30.jpg\" alt=\"\" width=\"61\" height=\"30\" \/><\/a> <a href=\"https:\/\/www.topohvar.at\/orte\/hv\/\"><img loading=\"lazy\" decoding=\"async\" class=\"alignnone wp-image-535 size-full\" src=\"https:\/\/www.topohvar.at\/wp-content\/uploads\/2018\/07\/push-o-30.jpg\" alt=\"\" width=\"61\" height=\"30\" \/><\/a> <a href=\"https:\/\/www.topohvar.at\/orte\/hv\/hv-tr-17-1\/\"><img loading=\"lazy\" decoding=\"async\" class=\"alignnone wp-image-536 size-full\" src=\"https:\/\/www.topohvar.at\/wp-content\/uploads\/2018\/07\/push-r-30.jpg\" alt=\"\" width=\"61\" height=\"30\" \/><\/a><\/strong><\/p>\n<hr \/>\n<p><strong>Adresa \/ Adresse<br \/>\n<\/strong>Grad Hvar, Opuzena glav.<\/p>\n<p><strong>Lokacija \/ Position<a href=\"https:\/\/goo.gl\/maps\/ckhBxQfuoGtQV6wS8\"><img loading=\"lazy\" decoding=\"async\" class=\"alignright wp-image-44712\" src=\"https:\/\/www.topohvar.at\/wp-content\/uploads\/2020\/11\/3110.jpg\" alt=\"\" width=\"134\" height=\"100\" \/><\/a><br \/>\n<\/strong><a href=\"https:\/\/goo.gl\/maps\/ckhBxQfuoGtQV6wS8\"><span style=\"color: #3366ff;\">Latitude: N 43,16337\u00b0\u00a0 \u00a0Longitude: E 16,44973\u00b0<\/span><\/a> <strong><br \/>\n<\/strong>Visina \/ H\u00f6he: 65 m<\/p>\n<p><strong>Katastarska \u010destica \/ Grundst\u00fccke<br \/>\n<\/strong>3773\/16<div class='content-column one_half'><div style=\"padding-right:6px;\"><p><strong>Datum snimanja \/ Erfassungsdatum<br \/>\n<\/strong>01.11.2022 14:30:23<\/p>\n<hr \/>\n<p><strong>Informacije<\/strong><\/p>\n<p>Trim se nalazi na brdu <em>Opuzena glava<\/em> ju\u017eno od grada Hvara. Njegovo okru\u017eenje karakteriziraju kamenje gomile i stijene. Dvostupanjski trim dosta je o\u0161te\u0107en, kupola joj djelomi\u010dno nedostaje, vjerojatno nije bila dovr\u0161ena. Do uskog ulaza dolazi se kroz gomilu. Unutra se nalazi nekoliko kri\u017eeva\/slova\/znakova urezanih u veliki kamen, uklju\u010duju\u0107i &#8222;P.A 1887&#8220; u kvadratnom okviru. Trim se vi\u0161e ne koristi.<\/p><\/div><\/div><div class='content-column one_half last_column'><div style=\"padding-right:0px;padding-left:6px;\"><p><strong>Stupanj za\u0161tite \/ Schutzstellung<br \/>\n<\/strong>&#8211;<\/p>\n<hr \/>\n<p><strong>Info<\/strong><\/p>\n<p>Der Trim befindet sich am H\u00fcgel <em>Opuzena glav<\/em>. s\u00fcdlich der Stadt Hvar. Sein Umfeld ist von Steinhaufen und Felsgestein gepr\u00e4gt. Der zweistufige Trim ist ziemlich besch\u00e4digt, seine Kuppel fehlt zum Teil, sie wurde vermutlich nicht fertig gestellt. Zum engen Zugang gelangt man \u00fcber einen Steinhaufen. Im Innenraum findet man in einem gro\u00dfen Stein mehrere Kreuze\/Buchstaben\/Zeichen eingraviert, darunter auch in einem quadratischen Rahmen \u201eP.A 1887\u201c. Der Trim wird nicht mehr genutzt.<\/p><\/div><\/div><div class='clear_column'><\/div><div class='content-column one_half'><div style=\"padding-right:6px;\"><p>Izvor: Hrvatska osnovna karta\u00a0&#8211; Geoportal DGU<\/p><\/div><\/div><div class='content-column one_half last_column'><div style=\"padding-right:0px;padding-left:6px;\"><p>Quelle: Grundkarte Kroatiens\u00a0&#8211; Geoportal DGU<\/p><\/div><\/div><div class='clear_column'><\/div><div class='content-column one_half'><div style=\"padding-right:6px;\"><div id=\"attachment_62168\" style=\"width: 310px\" class=\"wp-caption aligncenter\"><img loading=\"lazy\" decoding=\"async\" aria-describedby=\"caption-attachment-62168\" class=\"wp-image-62168 size-medium\" src=\"https:\/\/www.topohvar.at\/wp-content\/uploads\/2022\/12\/hv-tr-11-11-300x300.jpg\" alt=\"\" width=\"300\" height=\"300\" srcset=\"https:\/\/www.topohvar.at\/wp-content\/uploads\/2022\/12\/hv-tr-11-11-300x300.jpg 300w, https:\/\/www.topohvar.at\/wp-content\/uploads\/2022\/12\/hv-tr-11-11-150x150.jpg 150w, https:\/\/www.topohvar.at\/wp-content\/uploads\/2022\/12\/hv-tr-11-11.jpg 450w\" sizes=\"auto, (max-width: 300px) 100vw, 300px\" \/><p id=\"caption-attachment-62168\" class=\"wp-caption-text\">Ulaz \/ Eingang<\/p><\/div>\n<p>Dana 01.11.2022 trim HV-TR-11 je posje\u0107en i ustanovljeno je sljede\u0107e:<\/p>\n<p>Lokacija: grmlje<br \/>\nPodloga: padina<br \/>\nPovezan s: nesre\u0111nom kamenom gomilom<br \/>\nUpotreba: ne koristi se<br \/>\nStanje: kupola se djelomi\u010dno sru\u0161ila<br \/>\nBroj stepenica trima: 2<br \/>\nDodatni kameni prsten: nema prstena<br \/>\nStepeni\u0161te: nema<br \/>\nOblik kamena: uglast<br \/>\nPodru\u010dje ispred ulaza: lako dostupno<br \/>\nOrijentacija ulaza: Z (270\u00b0)<br \/>\nPromjer trima (cm): 540<br \/>\nVisina trima (cm): ?<br \/>\nVisina stepenica (cm): stepenica 1: 150 , stepenica 2: 200<br \/>\nDebljina zida (cm): 90<br \/>\n\u0160irina vrata (cm): 65<br \/>\nVisina vrata (cm): 120<br \/>\n\u0160irina unutra (cm): 220 &#8211; 360<br \/>\nVisina unutra (cm): ?<br \/>\nVolumen iznutra (m3): ?<br \/>\nNema ni\u0161e<\/p><\/div><\/div><div class='content-column one_half last_column'><div style=\"padding-right:0px;padding-left:6px;\"><div id=\"attachment_62169\" style=\"width: 310px\" class=\"wp-caption aligncenter\"><img loading=\"lazy\" decoding=\"async\" aria-describedby=\"caption-attachment-62169\" class=\"size-medium wp-image-62169\" src=\"https:\/\/www.topohvar.at\/wp-content\/uploads\/2022\/12\/hv-tr-11-12-300x300.jpg\" alt=\"\" width=\"300\" height=\"300\" srcset=\"https:\/\/www.topohvar.at\/wp-content\/uploads\/2022\/12\/hv-tr-11-12-300x300.jpg 300w, https:\/\/www.topohvar.at\/wp-content\/uploads\/2022\/12\/hv-tr-11-12-150x150.jpg 150w, https:\/\/www.topohvar.at\/wp-content\/uploads\/2022\/12\/hv-tr-11-12.jpg 450w\" sizes=\"auto, (max-width: 300px) 100vw, 300px\" \/><p id=\"caption-attachment-62169\" class=\"wp-caption-text\">Natpis unutra \/ Inschrift im Innenraum<\/p><\/div>\n<p>Am 01.11.2022 wurde der Trim HV-TR-11 besucht und n\u00e4her untersucht:<\/p>\n<p>Standort: Buschwerk<br \/>\nUntergrund: Hanglage<br \/>\nVerbunden mit: Steinhaufen ungeordnet<br \/>\nNutzung: ungenutzt<br \/>\nZustand: Kuppel teilweise eingest\u00fcrzt<br \/>\nAnzahl der Trimstufen: 2<br \/>\nZus\u00e4tzlicher Steinring: kein Steinring<br \/>\nStiege: keine<br \/>\nSteinform: kantig<br \/>\nEingangsbereich: frei<br \/>\nEingangsseite: W (270\u00b0)<br \/>\nTrimdurchmesser (cm): 540<br \/>\nTrimh\u00f6he (cm): ?<br \/>\nH\u00f6he der Trimstufen (cm): Stufe 1: 150 , Stufe 2: 200<br \/>\nWandst\u00e4rke (cm): 90<br \/>\nT\u00fcrbreite (cm): 65<br \/>\nT\u00fcrh\u00f6he (cm): 120<br \/>\nInnenraumbreite (cm): 220 &#8211; 360<br \/>\nInnenraumh\u00f6he (cm): ?<br \/>\nRaumvolumen (m3): ?<br \/>\nKeine Nische<\/p><\/div><\/div><div class='clear_column'><\/div><\/p>\n<p><img loading=\"lazy\" decoding=\"async\" class=\"aligncenter size-full wp-image-62170\" src=\"https:\/\/www.topohvar.at\/wp-content\/uploads\/2022\/12\/hv-tr-11-scan1.jpg\" alt=\"\" width=\"640\" height=\"901\" srcset=\"https:\/\/www.topohvar.at\/wp-content\/uploads\/2022\/12\/hv-tr-11-scan1.jpg 640w, https:\/\/www.topohvar.at\/wp-content\/uploads\/2022\/12\/hv-tr-11-scan1-213x300.jpg 213w\" sizes=\"auto, (max-width: 640px) 100vw, 640px\" \/><\/p>\n<p style=\"text-align: right;\"><a href=\"#seite_oben\">natrag na vrh \/ Seitenanfang<\/a><\/p>\n<hr \/>\n<p><strong>Linkovi \/ Links<\/strong><\/p>\n<p>&#8211;<\/p>\n","protected":false},"excerpt":{"rendered":"<p>Ime \/ Name Trim \u00bbHV-TR-11\u00ab Code: HV-TR-11\u00a0 \u00a0 \u00a0 \u00a0 \u00a0 \u00a0 \u00a0 \u00a0 \u00a0 \u00a0 \u00a0 \u00a0 \u00a0 \u00a0 \u00a0 Adresa \/ Adresse Grad Hvar, Opuzena glav. Lokacija \/ Position Latitude: N 43,16337\u00b0\u00a0 \u00a0Longitude: E 16,44973\u00b0 Visina \/ H\u00f6he: &hellip; <a href=\"https:\/\/www.topohvar.at\/topo\/orte\/hv\/hv-tr-11-1\/\">Weiterlesen <span class=\"meta-nav\">&rarr;<\/span><\/a><\/p>\n","protected":false},"author":1,"featured_media":0,"parent":80,"menu_order":0,"comment_status":"closed","ping_status":"closed","template":"","meta":{"footnotes":""},"class_list":["post-44711","page","type-page","status-publish","hentry"],"_links":{"self":[{"href":"https:\/\/www.topohvar.at\/topo\/wp-json\/wp\/v2\/pages\/44711","targetHints":{"allow":["GET"]}}],"collection":[{"href":"https:\/\/www.topohvar.at\/topo\/wp-json\/wp\/v2\/pages"}],"about":[{"href":"https:\/\/www.topohvar.at\/topo\/wp-json\/wp\/v2\/types\/page"}],"author":[{"embeddable":true,"href":"https:\/\/www.topohvar.at\/topo\/wp-json\/wp\/v2\/users\/1"}],"replies":[{"embeddable":true,"href":"https:\/\/www.topohvar.at\/topo\/wp-json\/wp\/v2\/comments?post=44711"}],"version-history":[{"count":12,"href":"https:\/\/www.topohvar.at\/topo\/wp-json\/wp\/v2\/pages\/44711\/revisions"}],"predecessor-version":[{"id":65197,"href":"https:\/\/www.topohvar.at\/topo\/wp-json\/wp\/v2\/pages\/44711\/revisions\/65197"}],"up":[{"embeddable":true,"href":"https:\/\/www.topohvar.at\/topo\/wp-json\/wp\/v2\/pages\/80"}],"wp:attachment":[{"href":"https:\/\/www.topohvar.at\/topo\/wp-json\/wp\/v2\/media?parent=44711"}],"curies":[{"name":"wp","href":"https:\/\/api.w.org\/{rel}","templated":true}]}}