{"id":44747,"date":"2020-11-18T17:04:15","date_gmt":"2020-11-18T16:04:15","guid":{"rendered":"https:\/\/www.topohvar.at\/topo\/?page_id=44747"},"modified":"2023-06-04T11:06:21","modified_gmt":"2023-06-04T09:06:21","slug":"br-tr-16-1","status":"publish","type":"page","link":"https:\/\/www.topohvar.at\/topo\/orte\/br\/br-tr-16-1\/","title":{"rendered":"BRUSJE &#8211; Trim \u00bbBR-TR-16\u00ab"},"content":{"rendered":"<p><a name=\"seite_oben\"><\/a><br \/>\n<img loading=\"lazy\" decoding=\"async\" class=\"aligncenter wp-image-62869 size-full\" src=\"https:\/\/www.topohvar.at\/wp-content\/uploads\/2023\/06\/br-tr-16-0.jpg\" alt=\"\" width=\"1080\" height=\"530\" srcset=\"https:\/\/www.topohvar.at\/wp-content\/uploads\/2023\/06\/br-tr-16-0.jpg 1080w, https:\/\/www.topohvar.at\/wp-content\/uploads\/2023\/06\/br-tr-16-0-300x147.jpg 300w, https:\/\/www.topohvar.at\/wp-content\/uploads\/2023\/06\/br-tr-16-0-1024x503.jpg 1024w, https:\/\/www.topohvar.at\/wp-content\/uploads\/2023\/06\/br-tr-16-0-768x377.jpg 768w\" sizes=\"auto, (max-width: 1080px) 100vw, 1080px\" \/><\/p>\n<p><strong>Ime \/ Name<br \/>\n<\/strong>Trim \u00bbBR-TR-16\u00ab<\/p>\n<p><strong>Code: <\/strong>BR-TR-16\u00a0 \u00a0 \u00a0 \u00a0 \u00a0 \u00a0 \u00a0 \u00a0 \u00a0 \u00a0 \u00a0 \u00a0 \u00a0 \u00a0 <a href=\"https:\/\/www.topohvar.at\/orte\/br\/br-tr-00-1\/\"><img loading=\"lazy\" decoding=\"async\" class=\"alignnone wp-image-12300 size-full\" src=\"https:\/\/www.topohvar.at\/wp-content\/uploads\/2018\/09\/push-vor-30.jpg\" alt=\"\" width=\"61\" height=\"30\" \/><\/a>\u00a0<strong><a href=\"https:\/\/www.topohvar.at\/orte\/br\/br-tr-03-2\/\"><img loading=\"lazy\" decoding=\"async\" class=\"alignnone wp-image-533 size-full\" src=\"https:\/\/www.topohvar.at\/wp-content\/uploads\/2018\/07\/push-l-30.jpg\" alt=\"\" width=\"61\" height=\"30\" \/><\/a> <a href=\"https:\/\/www.topohvar.at\/orte\/br\/\"><img loading=\"lazy\" decoding=\"async\" class=\"alignnone wp-image-535 size-full\" src=\"https:\/\/www.topohvar.at\/wp-content\/uploads\/2018\/07\/push-o-30.jpg\" alt=\"\" width=\"61\" height=\"30\" \/><\/a> <a href=\"https:\/\/www.topohvar.at\/orte\/br\/br-tr-08-2\/\"><img loading=\"lazy\" decoding=\"async\" class=\"alignnone wp-image-536 size-full\" src=\"https:\/\/www.topohvar.at\/wp-content\/uploads\/2018\/07\/push-r-30.jpg\" alt=\"\" width=\"61\" height=\"30\" \/><\/a><\/strong><\/p>\n<hr \/>\n<p><strong>Adresa \/ Adresse<br \/>\n<\/strong>Brusje, Uvala Svira\u010dina<\/p>\n<p><strong>Lokacija \/ Position<a href=\"https:\/\/goo.gl\/maps\/nDWUEWnXDQm7iT7h9\"><img loading=\"lazy\" decoding=\"async\" class=\"alignright wp-image-44749\" src=\"https:\/\/www.topohvar.at\/wp-content\/uploads\/2020\/11\/3111.jpg\" alt=\"\" width=\"134\" height=\"100\" \/><\/a><br \/>\n<\/strong><span style=\"color: #3366ff;\"><a style=\"color: #3366ff;\" href=\"https:\/\/goo.gl\/maps\/nDWUEWnXDQm7iT7h9\">Latitude: N 43,20140\u00b0\u00a0 \u00a0Longitude: E 16,45780\u00b0<\/a><\/span> <strong><br \/>\n<\/strong>Visina \/ H\u00f6he: 10 m<\/p>\n<p><strong>Katastarska \u010destica \/ Grundst\u00fccke<br \/>\n<\/strong>106\/7, 106\/90<div class='content-column one_half'><div style=\"padding-right:6px;\"><p><strong>Datum snimanja \/ Erfassungsdatum<br \/>\n<\/strong>01.01.2000 00:00:00<\/p>\n<hr \/>\n<p><strong>Informacije<\/strong><\/p>\n<p>Izvor: Hrvatska osnovna karta\u00a0&#8211; Geoportal DGU<\/p>\n<p>Uvala je posje\u0107ena 16.05.2023. Na polo\u017eaju nije prona\u0111en nikakav trim &#8211; ovdje je izgra\u0111ena stambena zgrada.<\/p><\/div><\/div><div class='content-column one_half last_column'><div style=\"padding-right:0px;padding-left:6px;\"><p><strong>Stupanj za\u0161tite \/ Schutzstellung<br \/>\n<\/strong>&#8211;<\/p>\n<hr \/>\n<p><strong>Info<\/strong><\/p>\n<p>Quelle: Grundkarte Kroatiens\u00a0&#8211; Geoportal DGU<\/p>\n<p>Die Bucht wurde am 16. Mai 2023 besucht. An der Position fand sich kein Trim &#8211; hier wurde ein Wohnhaus errichtet.<\/p><\/div><\/div><div class='clear_column'><\/div><\/p>\n<p><img loading=\"lazy\" decoding=\"async\" class=\"aligncenter size-full wp-image-62872\" src=\"https:\/\/www.topohvar.at\/wp-content\/uploads\/2023\/06\/br-tr-16-1.jpg\" alt=\"\" width=\"1080\" height=\"530\" srcset=\"https:\/\/www.topohvar.at\/wp-content\/uploads\/2023\/06\/br-tr-16-1.jpg 1080w, https:\/\/www.topohvar.at\/wp-content\/uploads\/2023\/06\/br-tr-16-1-300x147.jpg 300w, https:\/\/www.topohvar.at\/wp-content\/uploads\/2023\/06\/br-tr-16-1-1024x503.jpg 1024w, https:\/\/www.topohvar.at\/wp-content\/uploads\/2023\/06\/br-tr-16-1-768x377.jpg 768w\" sizes=\"auto, (max-width: 1080px) 100vw, 1080px\" \/><\/p>\n<p style=\"text-align: right;\"><a href=\"#seite_oben\">natrag na vrh \/ Seitenanfang<\/a><\/p>\n<hr \/>\n<p><strong>Linkovi \/ Links<\/strong><\/p>\n<p>&#8211;<\/p>\n","protected":false},"excerpt":{"rendered":"<p>Ime \/ Name Trim \u00bbBR-TR-16\u00ab Code: BR-TR-16\u00a0 \u00a0 \u00a0 \u00a0 \u00a0 \u00a0 \u00a0 \u00a0 \u00a0 \u00a0 \u00a0 \u00a0 \u00a0 \u00a0 \u00a0 Adresa \/ Adresse Brusje, Uvala Svira\u010dina Lokacija \/ Position Latitude: N 43,20140\u00b0\u00a0 \u00a0Longitude: E 16,45780\u00b0 Visina \/ H\u00f6he: 10 &hellip; <a href=\"https:\/\/www.topohvar.at\/topo\/orte\/br\/br-tr-16-1\/\">Weiterlesen <span class=\"meta-nav\">&rarr;<\/span><\/a><\/p>\n","protected":false},"author":1,"featured_media":0,"parent":65,"menu_order":0,"comment_status":"closed","ping_status":"closed","template":"","meta":{"footnotes":""},"class_list":["post-44747","page","type-page","status-publish","hentry"],"_links":{"self":[{"href":"https:\/\/www.topohvar.at\/topo\/wp-json\/wp\/v2\/pages\/44747","targetHints":{"allow":["GET"]}}],"collection":[{"href":"https:\/\/www.topohvar.at\/topo\/wp-json\/wp\/v2\/pages"}],"about":[{"href":"https:\/\/www.topohvar.at\/topo\/wp-json\/wp\/v2\/types\/page"}],"author":[{"embeddable":true,"href":"https:\/\/www.topohvar.at\/topo\/wp-json\/wp\/v2\/users\/1"}],"replies":[{"embeddable":true,"href":"https:\/\/www.topohvar.at\/topo\/wp-json\/wp\/v2\/comments?post=44747"}],"version-history":[{"count":7,"href":"https:\/\/www.topohvar.at\/topo\/wp-json\/wp\/v2\/pages\/44747\/revisions"}],"predecessor-version":[{"id":62873,"href":"https:\/\/www.topohvar.at\/topo\/wp-json\/wp\/v2\/pages\/44747\/revisions\/62873"}],"up":[{"embeddable":true,"href":"https:\/\/www.topohvar.at\/topo\/wp-json\/wp\/v2\/pages\/65"}],"wp:attachment":[{"href":"https:\/\/www.topohvar.at\/topo\/wp-json\/wp\/v2\/media?parent=44747"}],"curies":[{"name":"wp","href":"https:\/\/api.w.org\/{rel}","templated":true}]}}