{"id":454,"date":"2018-07-25T13:02:45","date_gmt":"2018-07-25T11:02:45","guid":{"rendered":"https:\/\/www.topohvar.at\/?page_id=454"},"modified":"2024-08-12T11:50:55","modified_gmt":"2024-08-12T09:50:55","slug":"bo-ci-02-2","status":"publish","type":"page","link":"https:\/\/www.topohvar.at\/topo\/orte\/bo\/bo-ci-02-2\/","title":{"rendered":"BOGOMOLJE &#8211; Starokatoli\u010dka crkva"},"content":{"rendered":"<p><a name=\"seite_oben\"><\/a><strong><img loading=\"lazy\" decoding=\"async\" class=\"alignnone wp-image-20935 size-large\" src=\"https:\/\/www.topohvar.at\/wp-content\/uploads\/2019\/04\/BO-CI-02-11-1024x503.jpg\" alt=\"\" width=\"640\" height=\"314\" srcset=\"https:\/\/www.topohvar.at\/wp-content\/uploads\/2019\/04\/BO-CI-02-11-1024x503.jpg 1024w, https:\/\/www.topohvar.at\/wp-content\/uploads\/2019\/04\/BO-CI-02-11-300x147.jpg 300w, https:\/\/www.topohvar.at\/wp-content\/uploads\/2019\/04\/BO-CI-02-11-768x377.jpg 768w, https:\/\/www.topohvar.at\/wp-content\/uploads\/2019\/04\/BO-CI-02-11.jpg 1080w\" sizes=\"auto, (max-width: 640px) 100vw, 640px\" \/><\/strong><\/p>\n<p><strong>Ime \/ Name<br \/>\n<\/strong>Starokatoli\u010dka crkva \/ Altkatholische Kirche<\/p>\n<p><strong>Code: <\/strong>BO-CI-02\u00a0 \u00a0 \u00a0 \u00a0 \u00a0 \u00a0 \u00a0 \u00a0<strong>\u00a0 \u00a0 \u00a0 \u00a0 \u00a0 \u00a0 \u00a0 \u00a0 \u00a0<a href=\"https:\/\/www.topohvar.at\/orte\/bo\/bo-ci-01-2\/\"><img loading=\"lazy\" decoding=\"async\" class=\"alignnone wp-image-533 size-full\" src=\"https:\/\/www.topohvar.at\/wp-content\/uploads\/2018\/07\/push-l-30.jpg\" alt=\"\" width=\"61\" height=\"30\" \/><\/a>\u00a0<a href=\"https:\/\/www.topohvar.at\/orte\/bo\/\"><img loading=\"lazy\" decoding=\"async\" class=\"alignnone wp-image-535 size-full\" src=\"https:\/\/www.topohvar.at\/wp-content\/uploads\/2018\/07\/push-o-30.jpg\" alt=\"\" width=\"61\" height=\"30\" \/><\/a>\u00a0<a href=\"https:\/\/www.topohvar.at\/orte\/bo\/bo-ck-01-2\/\"><img loading=\"lazy\" decoding=\"async\" class=\"alignnone wp-image-12299 size-full\" src=\"https:\/\/www.topohvar.at\/wp-content\/uploads\/2018\/09\/push-next-30.jpg\" alt=\"\" width=\"61\" height=\"30\" \/><\/a><\/strong><\/p>\n<hr \/>\n<p><strong>Adresa \/ Adresse<br \/>\n<\/strong>Bogomolje, Selo<\/p>\n<p><strong>Lokacija<\/strong><strong> \/ Position<a href=\"https:\/\/goo.gl\/maps\/KbDav2F3N9KCjAVn8\"><img loading=\"lazy\" decoding=\"async\" class=\"alignright wp-image-459 size-full\" src=\"https:\/\/www.topohvar.at\/wp-content\/uploads\/2018\/07\/0002-e1532517111198.jpg\" alt=\"\" width=\"134\" height=\"100\" \/><\/a><br \/>\n<\/strong><span style=\"color: #3366ff;\"><a style=\"color: #3366ff;\" href=\"https:\/\/goo.gl\/maps\/KbDav2F3N9KCjAVn8\">Latitude: N 43,13111\u00b0\u00a0 \u00a0 Longitude: E 16,99673\u00b0\u00a0<\/a><\/span><strong><br \/>\n<\/strong>Visina \/ H\u00f6he: 229 m<\/p>\n<p><strong>Katastarska \u010destica<\/strong><strong> \/ Grundst\u00fccke<br \/>\n<\/strong>632<div class='content-column one_half'><div style=\"padding-right:6px;\"><p><strong>Datum snimanja \/ Erfassungsdatum<br \/>\n<\/strong>12.10.2014 15:39:20<\/p>\n<hr \/>\n<p><strong>Informacije<\/strong><\/p>\n<p>Mala grupica starokatolika tako\u0111er je imala svog sve\u0107enika iz Bogomolja na Hvaru. Bio je to Juraj-Ivo Barbari\u0107, koji je obavljao obrede na narodnom jeziku. Kao katoli\u010dki \u017eupnik 1915. istupio je iz Katoli\u010dke crkve. Godine 1925. utemeljio je starokatoli\u010dku \u017eupu u Bogomolju kao prvu starokatoli\u010dku \u017eupu u Dalmaciji.<\/p><\/div><\/div><div class='content-column one_half last_column'><div style=\"padding-right:0px;padding-left:6px;\"><p><strong>Stupanj za\u0161tite \/ Schutzstellung<br \/>\n<\/strong>&#8211;<\/p>\n<hr \/>\n<p><strong>Info<\/strong><\/p>\n<p>Eine kleine Gruppe von Alt-Katholiken hatte auch ihren Priester in Bogomolge auf der Insel Hvar. Es war Georg-Ivo Barbari\u0107, der den Ritus in der Muttersprache pflegte. Als urspr\u00fcnglich katholischer Priester wechselte er im Jahr 1915 zur Altkatholischen Kirche. Er gr\u00fcndete im Jahr 1925 die Altkatholische Pfarre in Bogomolje als erste Altkatholische Pfarre in Dalmatien.<\/p><\/div><\/div><div class='clear_column'><\/div><div class='content-column one_half'><div style=\"padding-right:6px;\"><p>Tako je u vrijeme don Dinkova Vrankovi\u0107a slu\u017ebovanja u Bogomolju (1934.-1939.) u samom sredi\u0161tu sela, ravno nasuprot njegova \u017eupnog dvora, 1935. podignuta starokatoli\u010dka crkva, \u0161to je ozna\u010dilo svojevrsni vrhunac tog krivovjerja u Hvarskoj biskupiji. Crkva je danas zatvorena.<\/p><\/div><\/div><div class='content-column one_half last_column'><div style=\"padding-right:0px;padding-left:6px;\"><p>In der Zeit als Don Dinko Vrankovi\u0107 hier wirkte (1934. bis 1939.), wurde in der Mitte des Dorfes, direkt gegen\u00fcber dem Pfarrhaus, im Jahr 1935 eine Altkatholische Kirche gebaut. Sie markierte den H\u00f6hepunkt dieser Art der H\u00e4resie in der Di\u00f6zese Hvar. Die Kirche ist heute geschlossen.<\/p><\/div><\/div><div class='clear_column'><\/div><\/p>\n<hr \/>\n<div class='content-column one_half'><div style=\"padding-right:6px;\"><p>Crkva je 1935. gra\u0111ena u skromnijem duhu stila monumentalne arhitekture moderne, sa spojem lokalnoga tradicijskoga graditeljstva, u pseudoromani\u010dkom stilu, s utjecajem lokalne sakralne barokne arhitekture. Tlocrt crkve prikazuje jednobrodnu baziliku s apsidom nasuprot pro\u010delja.<\/p><\/div><\/div><div class='content-column one_half last_column'><div style=\"padding-right:0px;padding-left:6px;\"><p>Die Kirche wurde 1935 in einem bescheideneren Stil monumentaler moderner Architektur mit einer Mischung aus lokaler traditioneller Architektur in einem pseudoromanischen Stil erbaut, der von der lokalen sakralen Barockarchitektur beeinflusst wurde. Der Grundriss der Kirche zeigt eine einschiffige Basilika mit Apsis gegen\u00fcber der Fassade.<\/p><\/div><\/div><div class='clear_column'><\/div><div class='content-column one_half'><div style=\"padding-right:6px;\"><p>Glavno pro\u010delje okrenuto je u op\u0107em smjeru juga, sastoji se od portala smje\u0161tenoga u sredi\u0161tu, iznad kojega se nalazi ni\u0161a \u010detvrtastoga oblika, s \u010dije se svake strane u simetri\u010dnom odnosu nalaze prozori u obliku monofora. Iznad ni\u0161e nalazi se spomen plo\u010da s uni\u0161tenim natpisom te prozor kru\u017enoga oblika izra\u0111en u obliku rozete.<\/p><\/div><\/div><div class='content-column one_half last_column'><div style=\"padding-right:0px;padding-left:6px;\"><p>Die Hauptfassade ist in allgemeiner Richtung nach S\u00fcden ausgerichtet und besteht aus einem Portal in der Mitte, \u00fcber dem sich eine quadratische Nische mit symmetrischen Fenstern auf jeder Seite in symmetrischen Proportionen befindet. \u00dcber der Nische befindet sich eine Gedenktafel mit zerst\u00f6rter Inschrift und ein kreisf\u00f6rmiges Fenster in Form einer Rosette.<\/p><\/div><\/div><div class='clear_column'><\/div><div class='content-column one_half'><div style=\"padding-right:6px;\"><p>Na samom vrhu glavnoga pro\u010delja nalaze se temelji zvonika na preslicu. S obje bo\u010dne strane crkve stoje dva prozora u obliku monofora (Slika 2.), dok apsida sadr\u017eava samo jedan prozor, pri vrhu samoga sredi\u0161ta apside.<\/p><\/div><\/div><div class='content-column one_half last_column'><div style=\"padding-right:0px;padding-left:6px;\"><p>Ganz oben an der Hauptfassade befinden sich auf dem Giebel die Fundamente des Glockenturms. Auf beiden Seiten der Kirche befinden sich zwei Fenster (Monophoren), w\u00e4hrend die Apsis nur ein Fenster enth\u00e4lt, ganz oben in der Mitte der Apsis.<\/p><\/div><\/div><div class='clear_column'><\/div><div class='content-column one_half'><div style=\"padding-right:6px;\"><p>Unutra\u0161njost se sastoji od podignutoga dijela vezanoga uz apsidu i deambulatorij, na \u010dijem se po\u010detku nalazi oltar. Crkva je smje\u0161tena s glavnim pro\u010deljem okrenutim prema op\u0107em smjeru juga, \u010dime su apsida i oltar okrenuti prema sjeveru<\/p><\/div><\/div><div class='content-column one_half last_column'><div style=\"padding-right:0px;padding-left:6px;\"><p>Der Innenraum besteht aus einem erh\u00f6hten Teil, der mit der Apsis verbunden ist, und einem Deambulatorium, an dessen Anfang sich ein Altar befindet. Die Kirche ist so angeordnet, dass die Hauptfassade in die allgemeine Richtung nach S\u00fcden zeigt, wodurch die Apsis und der Altar nach Norden zeigen.<\/p><\/div><\/div><div class='clear_column'><\/div><\/p>\n<p style=\"text-align: center;\">(Izvor: \/ Quelle: <span style=\"color: #3366ff;\"><em><a style=\"color: #3366ff;\" href=\"https:\/\/www.obnova.com.hr\/radovi\/autori\/166-starokatolicka-crkva-u-bogomolju-na-otoku-hvaru\">Ante Bre\u0161i\u0107 Mikuli\u0107 &#8211;\u00a0 Starokatoli\u010dka crkva u Bogomolj<\/a><\/em>)<\/span><\/p>\n<p style=\"text-align: right;\"><a href=\"#seite_oben\">natrag na vrh \/ Seitenanfang<\/a><\/p>\n<hr \/>\n<p><strong>Links<\/strong><\/p>\n<p><span style=\"color: #3366ff;\"><a style=\"color: #3366ff;\" href=\"https:\/\/www.obnova.com.hr\/radovi\/autori\/166-starokatolicka-crkva-u-bogomolju-na-otoku-hvaru\">Ante Bre\u0161i\u0107 Mikuli\u0107 &#8211;\u00a0 Starokatoli\u010dka crkva u Bogomolj<\/a><br \/>\n<a style=\"color: #3366ff;\" href=\"https:\/\/www.topohvar.at\/topo\/orte\/bo\/bo-is-08-2\/\">Spomen plo\u010da \/ Gedenktafel<\/a><\/span><\/p>\n","protected":false},"excerpt":{"rendered":"<p>Ime \/ Name Starokatoli\u010dka crkva \/ Altkatholische Kirche Code: BO-CI-02\u00a0 \u00a0 \u00a0 \u00a0 \u00a0 \u00a0 \u00a0 \u00a0\u00a0 \u00a0 \u00a0 \u00a0 \u00a0 \u00a0 \u00a0 \u00a0 \u00a0\u00a0\u00a0 Adresa \/ Adresse Bogomolje, Selo Lokacija \/ Position Latitude: N 43,13111\u00b0\u00a0 \u00a0 Longitude: E 16,99673\u00b0\u00a0 &hellip; <a href=\"https:\/\/www.topohvar.at\/topo\/orte\/bo\/bo-ci-02-2\/\">Weiterlesen <span class=\"meta-nav\">&rarr;<\/span><\/a><\/p>\n","protected":false},"author":1,"featured_media":0,"parent":63,"menu_order":0,"comment_status":"closed","ping_status":"closed","template":"","meta":{"footnotes":""},"class_list":["post-454","page","type-page","status-publish","hentry"],"_links":{"self":[{"href":"https:\/\/www.topohvar.at\/topo\/wp-json\/wp\/v2\/pages\/454","targetHints":{"allow":["GET"]}}],"collection":[{"href":"https:\/\/www.topohvar.at\/topo\/wp-json\/wp\/v2\/pages"}],"about":[{"href":"https:\/\/www.topohvar.at\/topo\/wp-json\/wp\/v2\/types\/page"}],"author":[{"embeddable":true,"href":"https:\/\/www.topohvar.at\/topo\/wp-json\/wp\/v2\/users\/1"}],"replies":[{"embeddable":true,"href":"https:\/\/www.topohvar.at\/topo\/wp-json\/wp\/v2\/comments?post=454"}],"version-history":[{"count":25,"href":"https:\/\/www.topohvar.at\/topo\/wp-json\/wp\/v2\/pages\/454\/revisions"}],"predecessor-version":[{"id":69531,"href":"https:\/\/www.topohvar.at\/topo\/wp-json\/wp\/v2\/pages\/454\/revisions\/69531"}],"up":[{"embeddable":true,"href":"https:\/\/www.topohvar.at\/topo\/wp-json\/wp\/v2\/pages\/63"}],"wp:attachment":[{"href":"https:\/\/www.topohvar.at\/topo\/wp-json\/wp\/v2\/media?parent=454"}],"curies":[{"name":"wp","href":"https:\/\/api.w.org\/{rel}","templated":true}]}}