{"id":45600,"date":"2020-11-28T09:45:42","date_gmt":"2020-11-28T08:45:42","guid":{"rendered":"https:\/\/www.topohvar.at\/topo\/?page_id=45600"},"modified":"2024-11-15T18:43:32","modified_gmt":"2024-11-15T17:43:32","slug":"hv-op-00-1","status":"publish","type":"page","link":"https:\/\/www.topohvar.at\/topo\/orte\/hv\/hv-op-00-1\/","title":{"rendered":"HVAR &#8211; Popis cisterni i bunara"},"content":{"rendered":"<p><a name=\"seite_oben\"><\/a><br \/>\n<strong>Ime \/ Name<br \/>\n<\/strong>Popis cisterni i bunara \/ Liste der Zisternen und Brunnen<\/p>\n<p><strong>Code: <\/strong>HV-OP-00\u00a0 \u00a0 \u00a0 \u00a0 \u00a0 \u00a0 \u00a0 \u00a0 \u00a0 \u00a0 \u00a0 \u00a0 \u00a0 \u00a0 \u00a0 \u00a0 \u00a0 \u00a0 \u00a0 \u00a0 \u00a0 \u00a0 \u00a0 \u00a0 \u00a0 \u00a0 <strong> <a href=\"https:\/\/www.topohvar.at\/orte\/hv\/\"><img loading=\"lazy\" decoding=\"async\" class=\"alignnone wp-image-535 size-full\" src=\"https:\/\/www.topohvar.at\/wp-content\/uploads\/2018\/07\/push-o-30.jpg\" alt=\"\" width=\"61\" height=\"30\" \/><\/a> <a href=\"https:\/\/www.topohvar.at\/orte\/hv\/hv-op-00-0\/\"><img loading=\"lazy\" decoding=\"async\" class=\"alignnone wp-image-536 size-full\" src=\"https:\/\/www.topohvar.at\/wp-content\/uploads\/2018\/07\/push-r-30.jpg\" alt=\"\" width=\"61\" height=\"30\" \/><\/a> <\/strong><\/p>\n<hr \/>\n<div class='content-column one_half'><div style=\"padding-right:6px;\"><p><strong>Popis<br \/>\ncisterni i bunara<\/strong><\/p>\n<p>Do listopada 2023. bilo je registrirano ukupno 49 objekti. 28 objekata detaljnije je prikazano na stranici objekta <span style=\"color: #3366ff;\"><a style=\"color: #3366ff;\" href=\"https:\/\/www.topohvar.at\/topo\/orte\/hv\/hv-op-00-0\">HV-OP-01\/49<\/a><\/span>.<\/p><\/div><\/div><div class='content-column one_half last_column'><div style=\"padding-right:0px;padding-left:6px;\"><p><strong>Auflistung der Zisternen und Brunnen<\/strong><\/p>\n<p>Bis Oktober 2023 wurden insgesamt 49Objekte registriert. 28 Objekte werden auf den Objektseite <span style=\"color: #3366ff;\"><a style=\"color: #3366ff;\" href=\"https:\/\/www.topohvar.at\/topo\/orte\/hv\/hv-op-00-0\">HV-OP-01\/49<\/a><\/span> n\u00e4her dargestellt.<\/p><\/div><\/div><div class='clear_column'><\/div><div class='content-column one_half'><div style=\"padding-right:6px;\"><p>Izvor: Hrvatska osnovna karta &#8211; Geoportel DGU, vlastite evidencije<\/p>\n<p>Stupac 1: \u0160ifra objekta (na stranicu objekta)<br \/>\nStupac 2: Latitude (sjev. geografska \u0161irina)<br \/>\nStupac 3: Longitude (ist. geografska du\u017eina)<br \/>\nStupac 4: Mjesto, podru\u010dje<br \/>\nStupac 5: bli\u017ee podru\u010dje, lokalitet<\/p>\n<p><strong>Navedeno od zapada prema istoku:<\/strong><\/p><\/div><\/div><div class='content-column one_half last_column'><div style=\"padding-right:0px;padding-left:6px;\"><p>Quelle: Grundkarte Kroatiens &#8211; Geoportal DGU, eigene Erhebungen<\/p>\n<p>Spalte 1: Objektcode (zur Objektseite)<br \/>\nSpalte 2: Latitude (n\u00f6rdliche Breite)<br \/>\nSpalte 3: Longitude (\u00f6stliche L\u00e4nge)<br \/>\nSpalte 4: Ortschaft, Bereich<br \/>\nSpalte 5: n\u00e4herer Bereich, Lokalit\u00e4t<\/p>\n<p><strong>Auflistung von West nach Ost:<\/strong><br \/><\/div><\/div><div class='clear_column'><\/div><\/p>\n<table width=\"643\">\n<tbody>\n<tr>\n<td width=\"85\">\n<h5>HV-OP-26<\/h5>\n<\/td>\n<td width=\"67\">\n<h5>43,17528<\/h5>\n<\/td>\n<td width=\"65\">\n<h5>16,42773<\/h5>\n<\/td>\n<td width=\"48\">\n<h5>Hvar<\/h5>\n<\/td>\n<td width=\"378\">\n<h5>Hvar, Put Podstina<\/h5>\n<\/td>\n<\/tr>\n<tr>\n<td width=\"85\">\n<h5>HV-OP-27<\/h5>\n<\/td>\n<td width=\"67\">\n<h5>43,19200<\/h5>\n<\/td>\n<td width=\"65\">\n<h5>16,43500<\/h5>\n<\/td>\n<td width=\"48\">\n<h5>Hvar<\/h5>\n<\/td>\n<td width=\"378\">\n<h5>Uvala Pribinja<\/h5>\n<\/td>\n<\/tr>\n<tr>\n<td width=\"85\">\n<h5>HV-OP-28<\/h5>\n<\/td>\n<td width=\"67\">\n<h5>43,19193<\/h5>\n<\/td>\n<td width=\"65\">\n<h5>16,43512<\/h5>\n<\/td>\n<td width=\"48\">\n<h5>Hvar<\/h5>\n<\/td>\n<td width=\"378\">\n<h5>Uvala Pribinja<\/h5>\n<\/td>\n<\/tr>\n<tr>\n<td width=\"85\">\n<h5>HV-OP-29<\/h5>\n<\/td>\n<td width=\"67\">\n<h5>43,19172<\/h5>\n<\/td>\n<td width=\"65\">\n<h5>16,43552<\/h5>\n<\/td>\n<td width=\"48\">\n<h5>Hvar<\/h5>\n<\/td>\n<td width=\"378\">\n<h5>Uvala Pribinja<\/h5>\n<\/td>\n<\/tr>\n<tr>\n<td width=\"85\">\n<h5><strong><span style=\"color: #3366ff;\"><a style=\"color: #3366ff;\" href=\"https:\/\/www.topohvar.at\/topo\/orte\/hv\/hv-op-00-0\/#op-18\">HV-OP-18<\/a><\/span><\/strong><\/h5>\n<\/td>\n<td width=\"67\">\n<h5>43,17019<\/h5>\n<\/td>\n<td width=\"65\">\n<h5>16,43668<\/h5>\n<\/td>\n<td width=\"48\">\n<h5>Hvar<\/h5>\n<\/td>\n<td width=\"378\">\n<h5>Hvar, \u0160etali\u0161te Tonija Petri\u0107a 1<\/h5>\n<\/td>\n<\/tr>\n<tr>\n<td width=\"85\">\n<h5><strong><span style=\"color: #3366ff;\"><a style=\"color: #3366ff;\" href=\"https:\/\/www.topohvar.at\/topo\/orte\/hv\/hv-op-00-0\/#op-23\">HV-OP-23<\/a><\/span><\/strong><\/h5>\n<\/td>\n<td width=\"67\">\n<h5>43,17097<\/h5>\n<\/td>\n<td width=\"65\">\n<h5>16,43705<\/h5>\n<\/td>\n<td width=\"48\">\n<h5>Hvar<\/h5>\n<\/td>\n<td width=\"378\">\n<h5>Hvar, Ulica Dinka Kova\u010devi\u0107a 3, Venerande<\/h5>\n<\/td>\n<\/tr>\n<tr>\n<td width=\"85\">\n<h5>HV-OP-30<\/h5>\n<\/td>\n<td width=\"67\">\n<h5>43,19410<\/h5>\n<\/td>\n<td width=\"65\">\n<h5>16,43940<\/h5>\n<\/td>\n<td width=\"48\">\n<h5>Hvar<\/h5>\n<\/td>\n<td width=\"378\">\n<h5>Uvala Jagodna<\/h5>\n<\/td>\n<\/tr>\n<tr>\n<td width=\"85\">\n<h5><strong><span style=\"color: #3366ff;\"><a style=\"color: #3366ff;\" href=\"https:\/\/www.topohvar.at\/topo\/orte\/hv\/hv-op-00-0\/#op-09\">HV-OP-09<\/a><\/span><\/strong><\/h5>\n<\/td>\n<td width=\"67\">\n<h5>43,17272<\/h5>\n<\/td>\n<td width=\"65\">\n<h5>16,43960<\/h5>\n<\/td>\n<td width=\"48\">\n<h5>Hvar<\/h5>\n<\/td>\n<td width=\"378\">\n<h5>Hvar, Ulica Sveti Marak 16<\/h5>\n<\/td>\n<\/tr>\n<tr>\n<td width=\"85\">\n<h5>HV-OP-31<\/h5>\n<\/td>\n<td width=\"67\">\n<h5>43,19514<\/h5>\n<\/td>\n<td width=\"65\">\n<h5>16,43965<\/h5>\n<\/td>\n<td width=\"48\">\n<h5>Hvar<\/h5>\n<\/td>\n<td width=\"378\">\n<h5>Uvala Jagodna<\/h5>\n<\/td>\n<\/tr>\n<tr>\n<td width=\"85\">\n<h5><strong><span style=\"color: #3366ff;\"><a style=\"color: #3366ff;\" href=\"https:\/\/www.topohvar.at\/topo\/orte\/hv\/hv-op-00-0\/#op-22\">HV-OP-22<\/a><\/span><\/strong><\/h5>\n<\/td>\n<td width=\"67\">\n<h5>43,17338<\/h5>\n<\/td>\n<td width=\"65\">\n<h5>16,44072<\/h5>\n<\/td>\n<td width=\"48\">\n<h5>Hvar<\/h5>\n<\/td>\n<td width=\"378\">\n<h5>Hvar, Ulica Matija Ivani\u0107a 38<\/h5>\n<\/td>\n<\/tr>\n<tr>\n<td width=\"85\">\n<h5>HV-OP-32<\/h5>\n<\/td>\n<td width=\"67\">\n<h5>43,19771<\/h5>\n<\/td>\n<td width=\"65\">\n<h5>16,44079<\/h5>\n<\/td>\n<td width=\"48\">\n<h5>Hvar<\/h5>\n<\/td>\n<td width=\"378\">\n<h5>Uvala Fra Petra bok<\/h5>\n<\/td>\n<\/tr>\n<tr>\n<td width=\"85\">\n<h5><strong><span style=\"color: #3366ff;\"><a style=\"color: #3366ff;\" href=\"https:\/\/www.topohvar.at\/topo\/orte\/hv\/hv-op-00-0\/#op-14\">HV-OP-14<\/a><\/span><\/strong><\/h5>\n<\/td>\n<td width=\"67\">\n<h5>43,17297<\/h5>\n<\/td>\n<td width=\"65\">\n<h5>16,44097<\/h5>\n<\/td>\n<td width=\"48\">\n<h5>Hvar<\/h5>\n<\/td>\n<td width=\"378\">\n<h5>Hvar, Ulica Skaline od Gojave , Hotel Park<\/h5>\n<\/td>\n<\/tr>\n<tr>\n<td width=\"85\">\n<h5><strong><span style=\"color: #3366ff;\"><a style=\"color: #3366ff;\" href=\"https:\/\/www.topohvar.at\/topo\/orte\/hv\/hv-op-00-0\/#op-25\">HV-OP-25<\/a><\/span><\/strong><\/h5>\n<\/td>\n<td width=\"67\">\n<h5>43,17274<\/h5>\n<\/td>\n<td width=\"65\">\n<h5>16,44105<\/h5>\n<\/td>\n<td width=\"48\">\n<h5>Hvar<\/h5>\n<\/td>\n<td width=\"378\">\n<h5>Hvar, Park Moli \u0111ardin<\/h5>\n<\/td>\n<\/tr>\n<tr>\n<td width=\"85\">\n<h5><strong><span style=\"color: #3366ff;\"><a style=\"color: #3366ff;\" href=\"https:\/\/www.topohvar.at\/topo\/orte\/hv\/hv-op-00-0\/#op-21\">HV-OP-21<\/a><\/span><\/strong><\/h5>\n<\/td>\n<td width=\"67\">\n<h5>43,17330<\/h5>\n<\/td>\n<td width=\"65\">\n<h5>16,44139<\/h5>\n<\/td>\n<td width=\"48\">\n<h5>Hvar<\/h5>\n<\/td>\n<td width=\"378\">\n<h5>Hvar, Ulica Matija Ivani\u0107a 13<\/h5>\n<\/td>\n<\/tr>\n<tr>\n<td width=\"85\">\n<h5><strong><span style=\"color: #3366ff;\"><a style=\"color: #3366ff;\" href=\"https:\/\/www.topohvar.at\/topo\/orte\/hv\/hv-op-15-1\/\">HV-OP-15<\/a><\/span><\/strong><\/h5>\n<\/td>\n<td width=\"67\">\n<h5>43,17285<\/h5>\n<\/td>\n<td width=\"65\">\n<h5>16,44144<\/h5>\n<\/td>\n<td width=\"48\">\n<h5>Hvar<\/h5>\n<\/td>\n<td width=\"378\">\n<h5>Hvar, Trg sv. Stjepana 5<\/h5>\n<\/td>\n<\/tr>\n<tr>\n<td width=\"85\">\n<h5><strong><span style=\"color: #3366ff;\"><a style=\"color: #3366ff;\" href=\"https:\/\/www.topohvar.at\/topo\/orte\/hv\/hv-op-00-0\/#op-20\">HV-OP-20<\/a><\/span><\/strong><\/h5>\n<\/td>\n<td width=\"67\">\n<h5>43,17090<\/h5>\n<\/td>\n<td width=\"65\">\n<h5>16,44190<\/h5>\n<\/td>\n<td width=\"48\">\n<h5>Hvar<\/h5>\n<\/td>\n<td width=\"378\">\n<h5>Hvar, Kroz Burak<\/h5>\n<\/td>\n<\/tr>\n<tr>\n<td width=\"85\">\n<h5><strong><span style=\"color: #3366ff;\"><a style=\"color: #3366ff;\" href=\"https:\/\/www.topohvar.at\/topo\/orte\/hv\/hv-op-00-0\/#op-11\">HV-OP-11<\/a><\/span><\/strong><\/h5>\n<\/td>\n<td width=\"67\">\n<h5>43,17317<\/h5>\n<\/td>\n<td width=\"65\">\n<h5>16,44202<\/h5>\n<\/td>\n<td width=\"48\">\n<h5>Hvar<\/h5>\n<\/td>\n<td width=\"378\">\n<h5>Hvar, Ulica Kroz Grodu 13-15<\/h5>\n<\/td>\n<\/tr>\n<tr>\n<td width=\"85\">\n<h5><strong><span style=\"color: #3366ff;\"><a style=\"color: #3366ff;\" href=\"https:\/\/www.topohvar.at\/topo\/orte\/hv\/hv-op-16-1\/\">HV-OP-16<\/a><\/span><\/strong><\/h5>\n<\/td>\n<td width=\"67\">\n<h5>43,17268<\/h5>\n<\/td>\n<td width=\"65\">\n<h5>16,44209<\/h5>\n<\/td>\n<td width=\"48\">\n<h5>Hvar<\/h5>\n<\/td>\n<td width=\"378\">\n<h5>Hvar, Ulica Kroz Grodu, Porta Maestra<\/h5>\n<\/td>\n<\/tr>\n<tr>\n<td width=\"85\">\n<h5><strong><span style=\"color: #3366ff;\"><a style=\"color: #3366ff;\" href=\"https:\/\/www.topohvar.at\/topo\/orte\/hv\/hv-op-00-0\/#op-12\">HV-OP-12<\/a><\/span><\/strong><\/h5>\n<\/td>\n<td width=\"67\">\n<h5>43,17278<\/h5>\n<\/td>\n<td width=\"65\">\n<h5>16,44209<\/h5>\n<\/td>\n<td width=\"48\">\n<h5>Hvar<\/h5>\n<\/td>\n<td width=\"378\">\n<h5>Hvar, Ulica Kroz Grodu 7<\/h5>\n<\/td>\n<\/tr>\n<tr>\n<td width=\"85\">\n<h5><strong><span style=\"color: #3366ff;\"><a style=\"color: #3366ff;\" href=\"https:\/\/www.topohvar.at\/topo\/orte\/hv\/hv-op-00-0\/#op-01\">HV-OP-01<\/a><\/span><\/strong><\/h5>\n<\/td>\n<td width=\"67\">\n<h5>43,17232<\/h5>\n<\/td>\n<td width=\"65\">\n<h5>16,44211<\/h5>\n<\/td>\n<td width=\"48\">\n<h5>Hvar<\/h5>\n<\/td>\n<td width=\"378\">\n<h5>Hvar, Trg sv. Stjepana<\/h5>\n<\/td>\n<\/tr>\n<tr>\n<td width=\"85\">\n<h5><strong><span style=\"color: #3366ff;\"><a style=\"color: #3366ff;\" href=\"https:\/\/www.topohvar.at\/topo\/orte\/hv\/hv-op-00-0\/#op-07\">HV-OP-07<\/a><\/span><\/strong><\/h5>\n<\/td>\n<td width=\"67\">\n<h5>43,17111<\/h5>\n<\/td>\n<td width=\"65\">\n<h5>16,44220<\/h5>\n<\/td>\n<td width=\"48\">\n<h5>Hvar<\/h5>\n<\/td>\n<td width=\"378\">\n<h5>Hvar, Ulica Vicka Butorovi\u0107a 2<\/h5>\n<\/td>\n<\/tr>\n<tr>\n<td width=\"85\">\n<h5><strong><span style=\"color: #3366ff;\"><a style=\"color: #3366ff;\" href=\"https:\/\/www.topohvar.at\/topo\/orte\/hv\/hv-op-00-0\/#op-17\">HV-OP-17<\/a><\/span><\/strong><\/h5>\n<\/td>\n<td width=\"67\">\n<h5>43,17265<\/h5>\n<\/td>\n<td width=\"65\">\n<h5>16,44238<\/h5>\n<\/td>\n<td width=\"48\">\n<h5>Hvar<\/h5>\n<\/td>\n<td width=\"378\">\n<h5>Hvar, Ulica Petra Hektorovi\u0107a 4<\/h5>\n<\/td>\n<\/tr>\n<tr>\n<td width=\"85\">\n<h5><strong><span style=\"color: #3366ff;\"><a style=\"color: #3366ff;\" href=\"https:\/\/www.topohvar.at\/topo\/orte\/hv\/hv-op-00-0\/#op-24\">HV-OP-24<\/a><\/span><\/strong><\/h5>\n<\/td>\n<td width=\"67\">\n<h5>43,16842<\/h5>\n<\/td>\n<td width=\"65\">\n<h5>16,44283<\/h5>\n<\/td>\n<td width=\"48\">\n<h5>Hvar<\/h5>\n<\/td>\n<td width=\"378\">\n<h5>Hvar, \u0160etali\u0161te put Kri\u017ea 15<\/h5>\n<\/td>\n<\/tr>\n<tr>\n<td width=\"85\">\n<h5><strong><span style=\"color: #3366ff;\"><a style=\"color: #3366ff;\" href=\"https:\/\/www.topohvar.at\/topo\/orte\/hv\/hv-op-00-0\/#op-02\">HV-OP-02<\/a><\/span><\/strong><\/h5>\n<\/td>\n<td width=\"67\">\n<h5>43,17278<\/h5>\n<\/td>\n<td width=\"65\">\n<h5>16,44289<\/h5>\n<\/td>\n<td width=\"48\">\n<h5>Hvar<\/h5>\n<\/td>\n<td width=\"378\">\n<h5>Hvar, Ulica Marije Mari\u010di\u0107 20<\/h5>\n<\/td>\n<\/tr>\n<tr>\n<td width=\"85\">\n<h5><strong><span style=\"color: #3366ff;\"><a style=\"color: #3366ff;\" href=\"https:\/\/www.topohvar.at\/topo\/orte\/hv\/hv-op-00-0\/#op-04\">HV-OP-04<\/a><\/span><\/strong><\/h5>\n<\/td>\n<td width=\"67\">\n<h5>43,16814<\/h5>\n<\/td>\n<td width=\"65\">\n<h5>16,44307<\/h5>\n<\/td>\n<td width=\"48\">\n<h5>Hvar<\/h5>\n<\/td>\n<td width=\"378\">\n<h5>Hvar, \u0160etali\u0161te put Kri\u017ea 15<\/h5>\n<\/td>\n<\/tr>\n<tr>\n<td width=\"85\">\n<h5>HV-OP-33<\/h5>\n<\/td>\n<td width=\"67\">\n<h5>43,19886<\/h5>\n<\/td>\n<td width=\"65\">\n<h5>16,44319<\/h5>\n<\/td>\n<td width=\"48\">\n<h5>Hvar<\/h5>\n<\/td>\n<td width=\"378\">\n<h5>Uvala Zastupac<\/h5>\n<\/td>\n<\/tr>\n<tr>\n<td width=\"85\">\n<h5>HV-OP-34<\/h5>\n<\/td>\n<td width=\"67\">\n<h5>43,19883<\/h5>\n<\/td>\n<td width=\"65\">\n<h5>16,44335<\/h5>\n<\/td>\n<td width=\"48\">\n<h5>Hvar<\/h5>\n<\/td>\n<td width=\"378\">\n<h5>Uvala Zastupac<\/h5>\n<\/td>\n<\/tr>\n<tr>\n<td width=\"85\">\n<h5><strong><span style=\"color: #3366ff;\"><a style=\"color: #3366ff;\" href=\"https:\/\/www.topohvar.at\/topo\/orte\/hv\/hv-op-00-0\/#op-10\">HV-OP-10<\/a><\/span><\/strong><\/h5>\n<\/td>\n<td width=\"67\">\n<h5>43,17233<\/h5>\n<\/td>\n<td width=\"65\">\n<h5>16,44345<\/h5>\n<\/td>\n<td width=\"48\">\n<h5>Hvar<\/h5>\n<\/td>\n<td width=\"378\">\n<h5>Hvar, Trg sv. Stjepana 26<\/h5>\n<\/td>\n<\/tr>\n<tr>\n<td width=\"85\">\n<h5><strong><span style=\"color: #3366ff;\"><a style=\"color: #3366ff;\" href=\"https:\/\/www.topohvar.at\/topo\/orte\/hv\/hv-op-00-0\/#op-08\">HV-OP-08<\/a><\/span><\/strong><\/h5>\n<\/td>\n<td width=\"67\">\n<h5>43,16812<\/h5>\n<\/td>\n<td width=\"65\">\n<h5>16,44352<\/h5>\n<\/td>\n<td width=\"48\">\n<h5>Hvar<\/h5>\n<\/td>\n<td width=\"378\">\n<h5>Hvar, \u0160etali\u0161te put Kri\u017ea 15<\/h5>\n<\/td>\n<\/tr>\n<tr>\n<td width=\"85\">\n<h5><strong><span style=\"color: #3366ff;\"><a style=\"color: #3366ff;\" href=\"https:\/\/www.topohvar.at\/topo\/orte\/hv\/hv-op-00-0\/#op-19\">HV-OP-19<\/a><\/span><\/strong><\/h5>\n<\/td>\n<td width=\"67\">\n<h5>43,17176<\/h5>\n<\/td>\n<td width=\"65\">\n<h5>16,44404<\/h5>\n<\/td>\n<td width=\"48\">\n<h5>Hvar<\/h5>\n<\/td>\n<td width=\"378\">\n<h5>Hvar, Ulica Jurja Novaka 14<\/h5>\n<\/td>\n<\/tr>\n<tr>\n<td width=\"85\">\n<h5><strong><span style=\"color: #3366ff;\"><a style=\"color: #3366ff;\" href=\"https:\/\/www.topohvar.at\/topo\/orte\/hv\/hv-op-00-0\/#op-06\">HV-OP-06<\/a><\/span><\/strong><\/h5>\n<\/td>\n<td width=\"67\">\n<h5>43,17269<\/h5>\n<\/td>\n<td width=\"65\">\n<h5>16,44464<\/h5>\n<\/td>\n<td width=\"48\">\n<h5>Hvar<\/h5>\n<\/td>\n<td width=\"378\">\n<h5>Hvar, Trg Marka Mii\u010di\u0107a<\/h5>\n<\/td>\n<\/tr>\n<tr>\n<td width=\"85\">\n<h5><strong><span style=\"color: #3366ff;\"><a style=\"color: #3366ff;\" href=\"https:\/\/www.topohvar.at\/topo\/orte\/hv\/hv-op-00-0\/#op-05\">HV-OP-05<\/a><\/span><\/strong><\/h5>\n<\/td>\n<td width=\"67\">\n<h5>43,17176<\/h5>\n<\/td>\n<td width=\"65\">\n<h5>16,44575<\/h5>\n<\/td>\n<td width=\"48\">\n<h5>Hvar<\/h5>\n<\/td>\n<td width=\"378\">\n<h5>Hvar, Ulica Hanibala Luci\u0107a 12<\/h5>\n<\/td>\n<\/tr>\n<tr>\n<td width=\"85\">\n<h5>HV-OP-35<\/h5>\n<\/td>\n<td width=\"67\">\n<h5>43,16388<\/h5>\n<\/td>\n<td width=\"65\">\n<h5>16,44899<\/h5>\n<\/td>\n<td width=\"48\">\n<h5>Hvar<\/h5>\n<\/td>\n<td width=\"378\">\n<h5>&#8211;<\/h5>\n<\/td>\n<\/tr>\n<tr>\n<td width=\"85\">\n<h5>HV-OP-36<\/h5>\n<\/td>\n<td width=\"67\">\n<h5>43,16389<\/h5>\n<\/td>\n<td width=\"65\">\n<h5>16,44925<\/h5>\n<\/td>\n<td width=\"48\">\n<h5>Hvar<\/h5>\n<\/td>\n<td width=\"378\">\n<h5>&#8211;<\/h5>\n<\/td>\n<\/tr>\n<tr>\n<td width=\"85\">\n<h5>HV-OP-37<\/h5>\n<\/td>\n<td width=\"67\">\n<h5>43,16498<\/h5>\n<\/td>\n<td width=\"65\">\n<h5>16,45573<\/h5>\n<\/td>\n<td width=\"48\">\n<h5>Hvar<\/h5>\n<\/td>\n<td width=\"378\">\n<h5>Uvala Pokojni Dol<\/h5>\n<\/td>\n<\/tr>\n<tr>\n<td width=\"85\">\n<h5>HV-OP-38<\/h5>\n<\/td>\n<td width=\"67\">\n<h5>43,16358<\/h5>\n<\/td>\n<td width=\"65\">\n<h5>16,45649<\/h5>\n<\/td>\n<td width=\"48\">\n<h5>Hvar<\/h5>\n<\/td>\n<td width=\"378\">\n<h5>Uvala Pokojni Dol<\/h5>\n<\/td>\n<\/tr>\n<tr>\n<td width=\"85\">\n<h5>HV-OP-39<\/h5>\n<\/td>\n<td width=\"67\">\n<h5>43,16359<\/h5>\n<\/td>\n<td width=\"65\">\n<h5>16,45809<\/h5>\n<\/td>\n<td width=\"48\">\n<h5>Hvar<\/h5>\n<\/td>\n<td width=\"378\">\n<h5>&#8211;<\/h5>\n<\/td>\n<\/tr>\n<tr>\n<td width=\"85\">\n<h5><strong><span style=\"color: #3366ff;\"><a style=\"color: #3366ff;\" href=\"https:\/\/www.topohvar.at\/topo\/orte\/hv\/hv-op-00-0\/#op-47\">HV-OP-47<\/a><\/span><\/strong><\/h5>\n<\/td>\n<td width=\"67\">\n<h5>43,17718<\/h5>\n<\/td>\n<td width=\"65\">\n<h5>16,45923<\/h5>\n<\/td>\n<td width=\"48\">\n<h5>Hvar<\/h5>\n<\/td>\n<td width=\"378\">\n<h5>cesta na Vela gl.<\/h5>\n<\/td>\n<\/tr>\n<tr>\n<td width=\"85\">\n<h5>HV-OP-40<\/h5>\n<\/td>\n<td width=\"67\">\n<h5>43,18502<\/h5>\n<\/td>\n<td width=\"65\">\n<h5>16,46154<\/h5>\n<\/td>\n<td width=\"48\">\n<h5>Hvar<\/h5>\n<\/td>\n<td width=\"378\">\n<h5>Bilanjica<\/h5>\n<\/td>\n<\/tr>\n<tr>\n<td width=\"85\">\n<h5><strong><span style=\"color: #3366ff;\"><a style=\"color: #3366ff;\" href=\"https:\/\/www.topohvar.at\/topo\/orte\/hv\/hv-op-00-0\/#op-03\">HV-OP-03<\/a><\/span><\/strong><\/h5>\n<\/td>\n<td width=\"67\">\n<h5>43,16933<\/h5>\n<\/td>\n<td width=\"65\">\n<h5>16,46317<\/h5>\n<\/td>\n<td width=\"48\">\n<h5>Hvar<\/h5>\n<\/td>\n<td width=\"378\">\n<h5>Vorba<\/h5>\n<\/td>\n<\/tr>\n<tr>\n<td width=\"85\">\n<h5>HV-OP-41<\/h5>\n<\/td>\n<td width=\"67\">\n<h5>43,15838<\/h5>\n<\/td>\n<td width=\"65\">\n<h5>16,46721<\/h5>\n<\/td>\n<td width=\"48\">\n<h5>Hvar<\/h5>\n<\/td>\n<td width=\"378\">\n<h5>Ravni rat<\/h5>\n<\/td>\n<\/tr>\n<tr>\n<td width=\"85\">\n<h5>HV-OP-42<\/h5>\n<\/td>\n<td width=\"67\">\n<h5>43,17702<\/h5>\n<\/td>\n<td width=\"65\">\n<h5>16,47084<\/h5>\n<\/td>\n<td width=\"48\">\n<h5>Hvar<\/h5>\n<\/td>\n<td width=\"378\">\n<h5>&#8211;<\/h5>\n<\/td>\n<\/tr>\n<tr>\n<td width=\"85\">\n<h5><strong><span style=\"color: #3366ff;\"><a style=\"color: #3366ff;\" href=\"https:\/\/www.topohvar.at\/topo\/orte\/hv\/hv-op-00-0\/#op-48\">HV-OP-48<\/a><\/span><\/strong><\/h5>\n<\/td>\n<td width=\"67\">\n<h5>43,17664<\/h5>\n<\/td>\n<td width=\"65\">\n<h5>16,47189<\/h5>\n<\/td>\n<td width=\"48\">\n<h5>Hvar<\/h5>\n<\/td>\n<td width=\"378\">\n<h5>na putu za Brusje<\/h5>\n<\/td>\n<\/tr>\n<tr>\n<td width=\"85\">\n<h5>HV-OP-43<\/h5>\n<\/td>\n<td width=\"67\">\n<h5>43,17006<\/h5>\n<\/td>\n<td width=\"65\">\n<h5>16,47263<\/h5>\n<\/td>\n<td width=\"48\">\n<h5>Hvar<\/h5>\n<\/td>\n<td width=\"378\">\n<h5>&#8211;<\/h5>\n<\/td>\n<\/tr>\n<tr>\n<td width=\"85\">\n<h5>HV-OP-44<\/h5>\n<\/td>\n<td width=\"67\">\n<h5>43,17038<\/h5>\n<\/td>\n<td width=\"65\">\n<h5>16,47534<\/h5>\n<\/td>\n<td width=\"48\">\n<h5>Hvar<\/h5>\n<\/td>\n<td width=\"378\">\n<h5>&#8211;<\/h5>\n<\/td>\n<\/tr>\n<tr>\n<td width=\"85\">\n<h5>HV-OP-45<\/h5>\n<\/td>\n<td width=\"67\">\n<h5>43,17604<\/h5>\n<\/td>\n<td width=\"65\">\n<h5>16,47540<\/h5>\n<\/td>\n<td width=\"48\">\n<h5>Hvar<\/h5>\n<\/td>\n<td width=\"378\">\n<h5>&#8211;<\/h5>\n<\/td>\n<\/tr>\n<tr>\n<td width=\"85\">\n<h5><strong><span style=\"color: #3366ff;\"><a style=\"color: #3366ff;\" href=\"https:\/\/www.topohvar.at\/topo\/orte\/hv\/hv-op-00-0\/#op-13\">HV-OP-13<\/a><\/span><\/strong><\/h5>\n<\/td>\n<td width=\"67\">\n<h5>43,16915<\/h5>\n<\/td>\n<td width=\"65\">\n<h5>16,47728<\/h5>\n<\/td>\n<td width=\"48\">\n<h5>Hvar<\/h5>\n<\/td>\n<td width=\"378\">\n<h5>Ljubi\u0107a brig<\/h5>\n<\/td>\n<\/tr>\n<tr>\n<td width=\"85\">\n<h5><strong><span style=\"color: #3366ff;\"><a style=\"color: #3366ff;\" href=\"https:\/\/www.topohvar.at\/topo\/orte\/hv\/hv-op-00-0\/#op-49\">HV-OP-49<\/a><\/span><\/strong><\/h5>\n<\/td>\n<td width=\"67\">\n<h5>43,17430<\/h5>\n<\/td>\n<td width=\"65\">\n<h5>16,49335<\/h5>\n<\/td>\n<td width=\"48\">\n<h5>Hvar<\/h5>\n<\/td>\n<td width=\"378\">\n<h5>Ljubi\u0107a brig<\/h5>\n<\/td>\n<\/tr>\n<tr>\n<td width=\"85\">\n<h5><span style=\"color: #000000;\">HV-OP-46<\/span><\/h5>\n<\/td>\n<td width=\"67\">\n<h5>43,17261<\/h5>\n<\/td>\n<td width=\"65\">\n<h5>16,49666<\/h5>\n<\/td>\n<td width=\"48\">\n<h5>Hvar<\/h5>\n<\/td>\n<td width=\"378\">\n<h5>&#8211;<\/h5>\n<\/td>\n<\/tr>\n<\/tbody>\n<\/table>\n<p style=\"text-align: right;\"><span style=\"color: #3366ff;\"><a style=\"color: #3366ff;\" href=\"#seite_oben\">natrag na vrh \/ Seitenanfang<\/a><\/span><\/p>\n<hr \/>\n<p><strong>Linkovi \/ Links<\/strong><br \/>\n&#8211;<\/p>\n","protected":false},"excerpt":{"rendered":"<p>Ime \/ Name Popis cisterni i bunara \/ Liste der Zisternen und Brunnen Code: HV-OP-00\u00a0 \u00a0 \u00a0 \u00a0 \u00a0 \u00a0 \u00a0 \u00a0 \u00a0 \u00a0 \u00a0 \u00a0 \u00a0 \u00a0 \u00a0 \u00a0 \u00a0 \u00a0 \u00a0 \u00a0 \u00a0 \u00a0 \u00a0 \u00a0 \u00a0 \u00a0 &hellip; <a href=\"https:\/\/www.topohvar.at\/topo\/orte\/hv\/hv-op-00-1\/\">Weiterlesen <span class=\"meta-nav\">&rarr;<\/span><\/a><\/p>\n","protected":false},"author":1,"featured_media":0,"parent":80,"menu_order":0,"comment_status":"closed","ping_status":"closed","template":"","meta":{"footnotes":""},"class_list":["post-45600","page","type-page","status-publish","hentry"],"_links":{"self":[{"href":"https:\/\/www.topohvar.at\/topo\/wp-json\/wp\/v2\/pages\/45600","targetHints":{"allow":["GET"]}}],"collection":[{"href":"https:\/\/www.topohvar.at\/topo\/wp-json\/wp\/v2\/pages"}],"about":[{"href":"https:\/\/www.topohvar.at\/topo\/wp-json\/wp\/v2\/types\/page"}],"author":[{"embeddable":true,"href":"https:\/\/www.topohvar.at\/topo\/wp-json\/wp\/v2\/users\/1"}],"replies":[{"embeddable":true,"href":"https:\/\/www.topohvar.at\/topo\/wp-json\/wp\/v2\/comments?post=45600"}],"version-history":[{"count":27,"href":"https:\/\/www.topohvar.at\/topo\/wp-json\/wp\/v2\/pages\/45600\/revisions"}],"predecessor-version":[{"id":70407,"href":"https:\/\/www.topohvar.at\/topo\/wp-json\/wp\/v2\/pages\/45600\/revisions\/70407"}],"up":[{"embeddable":true,"href":"https:\/\/www.topohvar.at\/topo\/wp-json\/wp\/v2\/pages\/80"}],"wp:attachment":[{"href":"https:\/\/www.topohvar.at\/topo\/wp-json\/wp\/v2\/media?parent=45600"}],"curies":[{"name":"wp","href":"https:\/\/api.w.org\/{rel}","templated":true}]}}