{"id":45625,"date":"2020-11-28T10:37:22","date_gmt":"2020-11-28T09:37:22","guid":{"rendered":"https:\/\/www.topohvar.at\/topo\/?page_id=45625"},"modified":"2024-06-12T12:36:27","modified_gmt":"2024-06-12T10:36:27","slug":"op-op-00-1","status":"publish","type":"page","link":"https:\/\/www.topohvar.at\/topo\/orte\/op\/op-op-00-1\/","title":{"rendered":"PAKLENI OTOCI &#8211; Popis cisterni i bunara"},"content":{"rendered":"<p><a name=\"seite_oben\"><\/a><br \/>\n<strong>Ime \/ Name<br \/>\n<\/strong>Popis cisterni i bunara \/ Liste der Zisternen und Brunnen<\/p>\n<p><strong>Code: <\/strong>OP-OP-00\u00a0 \u00a0 \u00a0 \u00a0 \u00a0 \u00a0 \u00a0 \u00a0 \u00a0 \u00a0 \u00a0 \u00a0 \u00a0 \u00a0 \u00a0 \u00a0 \u00a0\u00a0 <strong> <a href=\"https:\/\/www.topohvar.at\/orte\/op\/\"><img loading=\"lazy\" decoding=\"async\" class=\"alignnone wp-image-535 size-full\" src=\"https:\/\/www.topohvar.at\/wp-content\/uploads\/2018\/07\/push-o-30.jpg\" alt=\"\" width=\"61\" height=\"30\" \/><\/a> <a href=\"https:\/\/www.topohvar.at\/orte\/op\/op-op-00-0\/\"><img loading=\"lazy\" decoding=\"async\" class=\"alignnone wp-image-536 size-full\" src=\"https:\/\/www.topohvar.at\/wp-content\/uploads\/2018\/07\/push-r-30.jpg\" alt=\"\" width=\"61\" height=\"30\" \/><\/a> \u00a0<\/strong><\/p>\n<hr \/>\n<div class='content-column one_half'><div style=\"padding-right:6px;\"><p><strong>Popis cisterni i bunara<\/strong><\/p>\n<p>Do svibnja 2021. bilo je registrirano ukupno 11 objekti. Na stranicama predmeta su detaljnije prikazani 2 objekti.<\/p><\/div><\/div><div class='content-column one_half last_column'><div style=\"padding-right:0px;padding-left:6px;\"><p><strong>Auflistung der Zisternen und Brunnen<\/strong><\/p>\n<p>Bis Mai 2021 wurden insgesamt 11 Objekte registriert. 2 Objekte werden auf den Objektseiten n\u00e4her dargestellt.<\/p><\/div><\/div><div class='clear_column'><\/div><div class='content-column one_half'><div style=\"padding-right:6px;\"><p>Izvor: Hrvatska osnovna karta &#8211; Geoportal DGU, vlastite evidencije<\/p>\n<p>Stupac 1: \u0160ifra objekta (na stranicu objekta)<br \/>\nStupac 2: Latitude (sjeverna geografska \u0161irina)<br \/>\nStupac 3: Longitude (isto\u010dna geografska du\u017eina)<br \/>\nStupac 4: Mjesto, podru\u010dje<br \/>\nStupac 5: bli\u017ee podru\u010dje, lokalitet<\/p>\n<p><strong>Navedeno od zapada prema istoku:<\/strong><\/p><\/div><\/div><div class='content-column one_half last_column'><div style=\"padding-right:0px;padding-left:6px;\"><p>Quelle: Grundkarte Kroatiens &#8211; Geoportal DGU, eigene Erhebungen<\/p>\n<p>Spalte 1: Objektcode (zur Objektseite)<br \/>\nSpalte 2: Latitude (n\u00f6rdliche Breite)<br \/>\nSpalte 3: Longitude (\u00f6stliche L\u00e4nge)<br \/>\nSpalte 4: Ortschaft, Bereich<br \/>\nSpalte 5: n\u00e4herer Bereich, Lokalit\u00e4t<\/p>\n<p><strong>Auflistung von West nach Ost:<\/strong><br \/><\/div><\/div><div class='clear_column'><\/div><\/p>\n<table width=\"605\">\n<tbody>\n<tr>\n<td width=\"76\">\n<h5>OP-OP-03<\/h5>\n<\/td>\n<td width=\"67\">\n<h5>43,16696<\/h5>\n<\/td>\n<td width=\"65\">\n<h5>16,35033<\/h5>\n<\/td>\n<td width=\"77\">\n<h5>Paklina<\/h5>\n<\/td>\n<td width=\"320\">\n<h5>Sv. Klement, Momi\u0107a Polje<\/h5>\n<\/td>\n<\/tr>\n<tr>\n<td width=\"76\">\n<h5>OP-OP-04<\/h5>\n<\/td>\n<td width=\"67\">\n<h5>43,16779<\/h5>\n<\/td>\n<td width=\"65\">\n<h5>16,35115<\/h5>\n<\/td>\n<td width=\"77\">\n<h5>Paklina<\/h5>\n<\/td>\n<td width=\"320\">\n<h5>Sv. Klement, Momi\u0107a Polje<\/h5>\n<\/td>\n<\/tr>\n<tr>\n<td width=\"76\">\n<h5>OP-OP-06<\/h5>\n<\/td>\n<td width=\"67\">\n<h5>43,16758<\/h5>\n<\/td>\n<td width=\"65\">\n<h5>16,35161<\/h5>\n<\/td>\n<td width=\"77\">\n<h5>Paklina<\/h5>\n<\/td>\n<td width=\"320\">\n<h5>Sv. Klement, Momi\u0107a Polje<\/h5>\n<\/td>\n<\/tr>\n<tr>\n<td width=\"76\">\n<h5>OP-OP-05<\/h5>\n<\/td>\n<td width=\"67\">\n<h5>43,16786<\/h5>\n<\/td>\n<td width=\"65\">\n<h5>16,35274<\/h5>\n<\/td>\n<td width=\"77\">\n<h5>Paklina<\/h5>\n<\/td>\n<td width=\"320\">\n<h5>Sv. Klement, Momi\u0107a Polje<\/h5>\n<\/td>\n<\/tr>\n<tr>\n<td width=\"76\">\n<h5>OP-OP-08<\/h5>\n<\/td>\n<td width=\"67\">\n<h5>43,16553<\/h5>\n<\/td>\n<td width=\"65\">\n<h5>16,36288<\/h5>\n<\/td>\n<td width=\"77\">\n<h5>Paklina<\/h5>\n<\/td>\n<td width=\"320\">\n<h5>Sv. Klement, Vlaka<\/h5>\n<\/td>\n<\/tr>\n<tr>\n<td width=\"76\">\n<h5><strong><span style=\"color: #3366ff;\"><a style=\"color: #3366ff;\" href=\"https:\/\/www.topohvar.at\/topo\/orte\/op\/op-op-00-0\/#op-01\">OP-OP-01<\/a><\/span><\/strong><\/h5>\n<\/td>\n<td width=\"67\">\n<h5>43,16539<\/h5>\n<\/td>\n<td width=\"65\">\n<h5>16,36320<\/h5>\n<\/td>\n<td width=\"77\">\n<h5>Paklina<\/h5>\n<\/td>\n<td width=\"320\">\n<h5>Sv. Klement, Vlaka<\/h5>\n<\/td>\n<\/tr>\n<tr>\n<td width=\"76\">\n<h5>OP-OP-07<\/h5>\n<\/td>\n<td width=\"67\">\n<h5>43,16530<\/h5>\n<\/td>\n<td width=\"65\">\n<h5>16,36470<\/h5>\n<\/td>\n<td width=\"77\">\n<h5>Paklina<\/h5>\n<\/td>\n<td width=\"320\">\n<h5>Sv. Klement, Vlaka<\/h5>\n<\/td>\n<\/tr>\n<tr>\n<td width=\"76\">\n<h5>OP-OP-09<\/h5>\n<\/td>\n<td width=\"67\">\n<h5>43,16479<\/h5>\n<\/td>\n<td width=\"65\">\n<h5>16,36539<\/h5>\n<\/td>\n<td width=\"77\">\n<h5>Paklina<\/h5>\n<\/td>\n<td width=\"320\">\n<h5>Sv. Klement, Vlaka<\/h5>\n<\/td>\n<\/tr>\n<tr>\n<td width=\"76\">\n<h5>OP-OP-10<\/h5>\n<\/td>\n<td width=\"67\">\n<h5>43,16025<\/h5>\n<\/td>\n<td width=\"65\">\n<h5>16,38866<\/h5>\n<\/td>\n<td width=\"77\">\n<h5>Paklina<\/h5>\n<\/td>\n<td width=\"320\">\n<h5>Sv. Klement, Palmi\u017eana<\/h5>\n<\/td>\n<\/tr>\n<tr>\n<td width=\"76\">\n<h5>OP-OP-11<\/h5>\n<\/td>\n<td width=\"67\">\n<h5>43,15680<\/h5>\n<\/td>\n<td width=\"65\">\n<h5>16,41659<\/h5>\n<\/td>\n<td width=\"77\">\n<h5>Paklina<\/h5>\n<\/td>\n<td width=\"320\">\n<h5>Otok Marinkovac, Uvala \u017ddrilca<\/h5>\n<\/td>\n<\/tr>\n<tr>\n<td width=\"76\">\n<h5><strong><span style=\"color: #3366ff;\"><a style=\"color: #3366ff;\" href=\"https:\/\/www.topohvar.at\/topo\/orte\/op\/op-op-00-0\/#op-02\">OP-OP-02<\/a><\/span><\/strong><\/h5>\n<\/td>\n<td width=\"67\">\n<h5>43,16632<\/h5>\n<\/td>\n<td width=\"65\">\n<h5>16,43798<\/h5>\n<\/td>\n<td width=\"77\">\n<h5>Paklina<\/h5>\n<\/td>\n<td width=\"320\">\n<h5>Oto\u010di\u0107 Gale\u0161nik<\/h5>\n<\/td>\n<\/tr>\n<\/tbody>\n<\/table>\n<p style=\"text-align: right;\"><span style=\"color: #3366ff;\"><a style=\"color: #3366ff;\" href=\"#seite_oben\">natrag na vrh \/ Seitenanfang<\/a><\/span><\/p>\n<hr \/>\n<p><strong>Linkovi \/ Links<\/strong><br \/>\n&#8211;<\/p>\n","protected":false},"excerpt":{"rendered":"<p>Ime \/ Name Popis cisterni i bunara \/ Liste der Zisternen und Brunnen Code: OP-OP-00\u00a0 \u00a0 \u00a0 \u00a0 \u00a0 \u00a0 \u00a0 \u00a0 \u00a0 \u00a0 \u00a0 \u00a0 \u00a0 \u00a0 \u00a0 \u00a0 \u00a0\u00a0 \u00a0 OP-OP-03 43,16696 16,35033 Paklina Sv. Klement, Momi\u0107a Polje &hellip; <a href=\"https:\/\/www.topohvar.at\/topo\/orte\/op\/op-op-00-1\/\">Weiterlesen <span class=\"meta-nav\">&rarr;<\/span><\/a><\/p>\n","protected":false},"author":1,"featured_media":0,"parent":123,"menu_order":0,"comment_status":"closed","ping_status":"closed","template":"","meta":{"footnotes":""},"class_list":["post-45625","page","type-page","status-publish","hentry"],"_links":{"self":[{"href":"https:\/\/www.topohvar.at\/topo\/wp-json\/wp\/v2\/pages\/45625","targetHints":{"allow":["GET"]}}],"collection":[{"href":"https:\/\/www.topohvar.at\/topo\/wp-json\/wp\/v2\/pages"}],"about":[{"href":"https:\/\/www.topohvar.at\/topo\/wp-json\/wp\/v2\/types\/page"}],"author":[{"embeddable":true,"href":"https:\/\/www.topohvar.at\/topo\/wp-json\/wp\/v2\/users\/1"}],"replies":[{"embeddable":true,"href":"https:\/\/www.topohvar.at\/topo\/wp-json\/wp\/v2\/comments?post=45625"}],"version-history":[{"count":15,"href":"https:\/\/www.topohvar.at\/topo\/wp-json\/wp\/v2\/pages\/45625\/revisions"}],"predecessor-version":[{"id":68614,"href":"https:\/\/www.topohvar.at\/topo\/wp-json\/wp\/v2\/pages\/45625\/revisions\/68614"}],"up":[{"embeddable":true,"href":"https:\/\/www.topohvar.at\/topo\/wp-json\/wp\/v2\/pages\/123"}],"wp:attachment":[{"href":"https:\/\/www.topohvar.at\/topo\/wp-json\/wp\/v2\/media?parent=45625"}],"curies":[{"name":"wp","href":"https:\/\/api.w.org\/{rel}","templated":true}]}}