{"id":45889,"date":"2020-12-06T09:29:15","date_gmt":"2020-12-06T08:29:15","guid":{"rendered":"https:\/\/www.topohvar.at\/topo\/?page_id=45889"},"modified":"2023-11-05T14:54:36","modified_gmt":"2023-11-05T13:54:36","slug":"hv-cp-02-1","status":"publish","type":"page","link":"https:\/\/www.topohvar.at\/topo\/orte\/hv\/hv-cp-02-1\/","title":{"rendered":"HVAR &#8211; Biv\u0161a kapela \u00bbGospe \u017dalosne (Adolorate)\u00ab"},"content":{"rendered":"<p><a name=\"seite_oben\"><\/a><br \/>\n<img loading=\"lazy\" decoding=\"async\" class=\"alignnone wp-image-387 size-full\" src=\"https:\/\/www.topohvar.at\/wp-content\/uploads\/2018\/07\/00-00-00-1.jpg\" alt=\"\" width=\"114\" height=\"56\" \/><\/p>\n<p><strong>Ime \/ Name<br \/>\n<\/strong>Biv\u0161a kapela \u00bbGospe \u017dalosne (Adolorate)\u00ab<\/p>\n<p><strong>Code: <\/strong>HV-CP-02\u00a0 \u00a0 \u00a0 \u00a0 \u00a0 \u00a0 \u00a0 \u00a0 \u00a0 \u00a0 \u00a0 \u00a0 \u00a0 \u00a0 \u00a0 \u00a0 \u00a0 \u00a0 <a href=\"https:\/\/www.topohvar.at\/hv-cw-01-1\/\"><img loading=\"lazy\" decoding=\"async\" class=\"alignnone wp-image-12300 size-full\" src=\"https:\/\/www.topohvar.at\/wp-content\/uploads\/2018\/09\/push-vor-30.jpg\" alt=\"\" width=\"61\" height=\"30\" \/><\/a>\u00a0<strong><a href=\"https:\/\/www.topohvar.at\/orte\/hv\/hv-cp-01-1\/\"><img loading=\"lazy\" decoding=\"async\" class=\"alignnone wp-image-533 size-full\" src=\"https:\/\/www.topohvar.at\/wp-content\/uploads\/2018\/07\/push-l-30.jpg\" alt=\"\" width=\"61\" height=\"30\" \/><\/a> <a href=\"https:\/\/www.topohvar.at\/orte\/hv\/\"><img loading=\"lazy\" decoding=\"async\" class=\"alignnone wp-image-535 size-full\" src=\"https:\/\/www.topohvar.at\/wp-content\/uploads\/2018\/07\/push-o-30.jpg\" alt=\"\" width=\"61\" height=\"30\" \/><\/a> <a href=\"https:\/\/www.topohvar.at\/topo\/orte\/hv\/hv-cp-03-1\/\"><img loading=\"lazy\" decoding=\"async\" class=\"alignnone wp-image-536 size-full\" src=\"https:\/\/www.topohvar.at\/wp-content\/uploads\/2018\/07\/push-r-30.jpg\" alt=\"\" width=\"61\" height=\"30\" \/><\/a> <a href=\"https:\/\/www.topohvar.at\/hv-cw-01-1\/\"><img loading=\"lazy\" decoding=\"async\" class=\"alignnone wp-image-12299 size-full\" src=\"https:\/\/www.topohvar.at\/wp-content\/uploads\/2018\/09\/push-next-30.jpg\" alt=\"\" width=\"61\" height=\"30\" \/><\/a><\/strong><\/p>\n<hr \/>\n<p><strong>Adresa \/ Adresse<br \/>\n<\/strong>Grad Hvar,\u00a0Ulica skaline od Gojave \/\u00a0Trg sv. Stjepana 5<\/p>\n<p><strong>Lokalna polo\u017eaj \/ Position<a href=\"https:\/\/goo.gl\/maps\/zUPWXb161XRNqcKSA\"><img loading=\"lazy\" decoding=\"async\" class=\"alignright wp-image-17243\" src=\"https:\/\/www.topohvar.at\/wp-content\/uploads\/2019\/01\/1306.jpg\" alt=\"\" width=\"134\" height=\"100\" \/><\/a><br \/>\n<\/strong><span style=\"color: #3366ff;\"><a style=\"color: #3366ff;\" href=\"https:\/\/goo.gl\/maps\/zUPWXb161XRNqcKSA\">Latitude: N 43,17285\u00b0\u00a0 \u00a0Longitude: E 16,44144\u00b0<\/a> <\/span><strong><br \/>\n<\/strong>Visina \/ H\u00f6he: 10 m<\/p>\n<p><strong>Zemlji\u0161te \/ Grundst\u00fccke<br \/>\n<\/strong>*66\/1, *67\/1, *67\/2, 224<div class='content-column one_half'><div style=\"padding-right:6px;\"><p><strong>Datum snimanja \/ Erfassungsdatum<br \/>\n<\/strong>01.01.2000 00:00:00<\/p>\n<hr \/>\n<p><strong>Informacije<\/strong><\/p>\n<p>U Kne\u017eevu dvoru bio je i kapela. Spomen plo\u010dica u ovoj kapeli podsjetila je na mir koji se dogodio nakon bitke gra\u0111ana Hvara s plemi\u0107em u godinama 1610\/1611. Plo\u010da je se danas \u010duva u lapidariju sv. Marka.\u00a0Kapelu Gospe \u017dalosne (Adolorate) dao je dakle Semitecolo obnoviti i pove\u0107ati 1611. g. kao spomen-crkvu sklopljenom miru. Kapela se nalazila u sredi\u0161njoj zgradi Kne\u017eevog dvora, i nad njom je bio zvonik na preslicu. Poru\u0161ena je zajedno s cijelim kompleksom dvora 1880-ih godina zbog gradnje Hotela carice Elizabete (danas Palace). U prizemlju Palaca sa\u010duvan je nadvratnik kapele s Bogorodicom.<\/p><\/div><\/div><div class='content-column one_half last_column'><div style=\"padding-right:0px;padding-left:6px;\"><p><strong>Za\u0161titni polo\u017eaj \/ Schutzstellung<br \/>\n<\/strong>&#8211;<\/p>\n<hr \/>\n<p><strong>Info<\/strong><\/p>\n<p>Im Rektorenpalast gab es die Kapelle Unserer Lieben Frau von den Schmerzen (Adolorate). Eine Gedenktafel in dieser Kapelle erinnerte an den Frieden, der nach der Schlacht der Hvarer mit den Adligen in den Jahren 1610\/1611 stattgefunden hatte. Die Tafel ist heute im Lapidarium sv. Marka aufbewahrt.\u00a0Dieser Kapelle Unserer Lieben Frau von den Schmerzen (Adolorate) gab also Semitecolo im Jahr 1611 Geld, um sie, als Ged\u00e4chtniskirche an den Friedensschluss, zu erneuern und zu vergr\u00f6\u00dfern. Die Kapelle befand sich im Hauptgeb\u00e4ude des F\u00fcrstenpalastes, und hatte einen Glockenturm. Sie wurde mit dem gesamten Komplex des Palastes in den 1880er Jahren wegen des Hotelbaues abgerissen. Im Erdgescho\u00df des Hotels wird der T\u00fcrsturz der Kapelle aufbewahrt.<\/p><\/div><\/div><div class='clear_column'><\/div><div class='content-column one_half'><div style=\"padding-right:6px;\"><p>Dana 25. listopada 1612. g. Semitecolo je izdao proglas kojim je tra\u017eio osobitu brigu komune za ovu crkvu te u tu svrhu odredio da se na dvogodi\u0161nji mandat biraju dva prokuratora &#8211; jedan pu\u010danin i jedan plemi\u0107.<\/p><\/div><\/div><div class='content-column one_half last_column'><div style=\"padding-right:0px;padding-left:6px;\"><p>Am 25. Oktober 1612 gab Semitecolo eine Proklamation heraus, in der er die Gemeinde um besondere F\u00fcrsorge f\u00fcr diese Kirche bat. Zu diesem Zweck ordnete er an, zwei Verwalter &#8211; einen aus der B\u00fcrgerschaft und einen Adligen &#8211; f\u00fcr eine Amtszeit von zwei Jahren zu w\u00e4hlen.<\/p><\/div><\/div><div class='clear_column'><\/div><\/p>\n<p style=\"text-align: right;\"><a href=\"#seite_oben\">gore \/ Seitenanfang<\/a><\/p>\n<hr \/>\n<p><strong>Linkovi \/ Links<\/strong><\/p>\n<p><span style=\"color: #3366ff;\"><a style=\"color: #3366ff;\" href=\"https:\/\/www.suncanihvar.com\/hr\/palace-elisabeth-hvar-heritage-hotel.html\">Palace Elisabeth Hvar Heritage Hotel<\/a><\/span><br \/>\n<span style=\"color: #3366ff;\"><a style=\"color: #3366ff;\" href=\"https:\/\/www.topohvar.at\/orte\/hv\/hv-op-15-1\/\">Objekt \u00bbGustirna u Kne\u017eeva dvora (hotel Pala\u010da)\u00ab \/ Zisterne im Rektorenpalast (Palasthotel)<\/a><br \/>\n<a style=\"color: #3366ff;\" href=\"https:\/\/www.topohvar.at\/orte\/hv\/hv-is-47-1\/\">Spomen plo\u010da \u00bbHONORI ET MEMORIAE\u00ab \/ Gedenktafel &#8211; Zu Ehren und in Gedenken<\/a><br \/>\n<a style=\"color: #3366ff;\" href=\"https:\/\/www.topohvar.at\/orte\/hv\/hv-tg-01-1\/\">Zgrada \u00bbGradska lo\u0111a\u00ab \/ Geb\u00e4ude &#8211; Stadtloggia<\/a><br \/>\n<a style=\"color: #3366ff;\" href=\"https:\/\/www.topohvar.at\/orte\/hv\/hv-tg-02-1\/\">Zgrada \u00bbSat kula Leroj\u00ab \/ Geb\u00e4ude &#8211; Uhrturm Leroj<\/a><br \/>\n<a style=\"color: #3366ff;\" href=\"https:\/\/www.topohvar.at\/orte\/hv\/hv-is-44-1\/\">Spomen plo\u010da \u00bbna miru 1610\/1611\u00ab \/ Gedenktafel an den Frieden 1610\/1611<\/a><br \/>\n<a style=\"color: #3366ff;\" href=\"https:\/\/www.topohvar.at\/orte\/hv\/hv-in-14-1\/\">Inschrift \u00bbNa nadvratniku biv\u0161e kapele\u00ab\u00a0\/ Inschrift am T\u00fcrsturz der ehemaligen Kapelle<\/a><br \/>\n<\/span><\/p>\n","protected":false},"excerpt":{"rendered":"<p>Ime \/ Name Biv\u0161a kapela \u00bbGospe \u017dalosne (Adolorate)\u00ab Code: HV-CP-02\u00a0 \u00a0 \u00a0 \u00a0 \u00a0 \u00a0 \u00a0 \u00a0 \u00a0 \u00a0 \u00a0 \u00a0 \u00a0 \u00a0 \u00a0 \u00a0 \u00a0 \u00a0 \u00a0 Adresa \/ Adresse Grad Hvar,\u00a0Ulica skaline od Gojave \/\u00a0Trg sv. Stjepana 5 &hellip; <a href=\"https:\/\/www.topohvar.at\/topo\/orte\/hv\/hv-cp-02-1\/\">Weiterlesen <span class=\"meta-nav\">&rarr;<\/span><\/a><\/p>\n","protected":false},"author":1,"featured_media":0,"parent":80,"menu_order":0,"comment_status":"closed","ping_status":"closed","template":"","meta":{"footnotes":""},"class_list":["post-45889","page","type-page","status-publish","hentry"],"_links":{"self":[{"href":"https:\/\/www.topohvar.at\/topo\/wp-json\/wp\/v2\/pages\/45889","targetHints":{"allow":["GET"]}}],"collection":[{"href":"https:\/\/www.topohvar.at\/topo\/wp-json\/wp\/v2\/pages"}],"about":[{"href":"https:\/\/www.topohvar.at\/topo\/wp-json\/wp\/v2\/types\/page"}],"author":[{"embeddable":true,"href":"https:\/\/www.topohvar.at\/topo\/wp-json\/wp\/v2\/users\/1"}],"replies":[{"embeddable":true,"href":"https:\/\/www.topohvar.at\/topo\/wp-json\/wp\/v2\/comments?post=45889"}],"version-history":[{"count":4,"href":"https:\/\/www.topohvar.at\/topo\/wp-json\/wp\/v2\/pages\/45889\/revisions"}],"predecessor-version":[{"id":64685,"href":"https:\/\/www.topohvar.at\/topo\/wp-json\/wp\/v2\/pages\/45889\/revisions\/64685"}],"up":[{"embeddable":true,"href":"https:\/\/www.topohvar.at\/topo\/wp-json\/wp\/v2\/pages\/80"}],"wp:attachment":[{"href":"https:\/\/www.topohvar.at\/topo\/wp-json\/wp\/v2\/media?parent=45889"}],"curies":[{"name":"wp","href":"https:\/\/api.w.org\/{rel}","templated":true}]}}