{"id":46063,"date":"2020-12-21T12:13:36","date_gmt":"2020-12-21T11:13:36","guid":{"rendered":"https:\/\/www.topohvar.at\/topo\/?page_id=46063"},"modified":"2021-01-31T11:05:02","modified_gmt":"2021-01-31T10:05:02","slug":"je-am-01-1","status":"publish","type":"page","link":"https:\/\/www.topohvar.at\/topo\/orte\/je\/je-am-01-1\/","title":{"rendered":"JELSA \u00bbMapa mjesta i katalog ulica\u00ab"},"content":{"rendered":"<p><a name=\"seite_oben\"><\/a><\/p>\n<div id=\"attachment_46064\" style=\"width: 2410px\" class=\"wp-caption aligncenter\"><a href=\"https:\/\/www.topohvar.at\/wp-content\/uploads\/2020\/12\/jelsa-strassen-2500.jpg\"><img loading=\"lazy\" decoding=\"async\" aria-describedby=\"caption-attachment-46064\" class=\"wp-image-46064 size-full\" src=\"https:\/\/www.topohvar.at\/wp-content\/uploads\/2020\/12\/jelsa-strassen-2500.jpg\" alt=\"\" width=\"2400\" height=\"1700\" srcset=\"https:\/\/www.topohvar.at\/wp-content\/uploads\/2020\/12\/jelsa-strassen-2500.jpg 2400w, https:\/\/www.topohvar.at\/wp-content\/uploads\/2020\/12\/jelsa-strassen-2500-300x213.jpg 300w, https:\/\/www.topohvar.at\/wp-content\/uploads\/2020\/12\/jelsa-strassen-2500-1024x725.jpg 1024w, https:\/\/www.topohvar.at\/wp-content\/uploads\/2020\/12\/jelsa-strassen-2500-768x544.jpg 768w, https:\/\/www.topohvar.at\/wp-content\/uploads\/2020\/12\/jelsa-strassen-2500-1536x1088.jpg 1536w, https:\/\/www.topohvar.at\/wp-content\/uploads\/2020\/12\/jelsa-strassen-2500-2048x1451.jpg 2048w\" sizes=\"auto, (max-width: 2400px) 100vw, 2400px\" \/><\/a><p id=\"caption-attachment-46064\" class=\"wp-caption-text\">Uve\u0107aj sliku \u2013 klikni! \/ Bild vergr\u00f6\u00dfern \u2013 klicken!<\/p><\/div>\n<p><strong>Ime \/ Name<br \/>\n<\/strong>\u00bbMapa mjesta i katalog ulica\u00ab\u00a0 \/ Karte der Ortschaft und Stra\u00dfenverzeichnis<\/p>\n<p><strong>Code: <\/strong>JE-AM-01\u00a0 \u00a0 \u00a0 \u00a0 \u00a0 \u00a0 \u00a0 \u00a0 \u00a0 \u00a0 \u00a0 \u00a0 \u00a0 \u00a0 \u00a0 \u00a0 \u00a0 \u00a0 \u00a0 \u00a0\u00a0<strong> <a href=\"https:\/\/www.topohvar.at\/topo\/orte\/je\/je-ai-01-1\/\"><img loading=\"lazy\" decoding=\"async\" class=\"alignnone wp-image-533 size-full\" src=\"https:\/\/www.topohvar.at\/wp-content\/uploads\/2018\/07\/push-l-30.jpg\" alt=\"\" width=\"61\" height=\"30\" \/><\/a> <a href=\"https:\/\/www.topohvar.at\/orte\/je\/\"><img loading=\"lazy\" decoding=\"async\" class=\"alignnone wp-image-535 size-full\" src=\"https:\/\/www.topohvar.at\/wp-content\/uploads\/2018\/07\/push-o-30.jpg\" alt=\"\" width=\"61\" height=\"30\" \/><\/a> <a href=\"https:\/\/www.topohvar.at\/topo\/orte\/je\/je-aa-01-1\/\"><img loading=\"lazy\" decoding=\"async\" class=\"alignnone wp-image-536 size-full\" src=\"https:\/\/www.topohvar.at\/wp-content\/uploads\/2018\/07\/push-r-30.jpg\" alt=\"\" width=\"61\" height=\"30\" \/><\/a> <a href=\"https:\/\/www.topohvar.at\/orte\/je\/je-au-10-1\/\"><img loading=\"lazy\" decoding=\"async\" class=\"alignnone wp-image-12299 size-full\" src=\"https:\/\/www.topohvar.at\/wp-content\/uploads\/2018\/09\/push-next-30.jpg\" alt=\"\" width=\"61\" height=\"30\" \/><\/a> <\/strong><\/p>\n<hr \/>\n<p><strong>Adresa \/ Adresse<br \/>\n<\/strong>Jelsa<\/p>\n<p><strong>Datum snimanja \/ Erfassungsdatum<br \/>\n<\/strong>18.10.2020 12:00:00<\/p>\n<hr \/>\n<p><strong>Katalog ulica \/ Stra\u00dfenverzeichnis<\/strong><\/p>\n<p><span style=\"color: #3366ff;\"><a style=\"color: #3366ff;\" href=\"https:\/\/goo.gl\/maps\/BsAgVJmX9Um29woN6\">Kola <strong>An\u0111ela<\/strong><\/a><\/span>: Izme\u0111u trga Tome Gamuline i trga Kri\u017eno\u0161e \/ zwischen Trg Tome Gamulina und Trga Kri\u017eno\u0161e<br \/>\n<span style=\"color: #3366ff;\"><a style=\"color: #3366ff;\" href=\"https:\/\/goo.gl\/maps\/oZpj4S396CXAFsTH8\">Kola <strong>Andretovih<\/strong><\/a><\/span><strong>: <\/strong>Od obale Dubkovi\u0107a do puta Mihovila \/ von Obala Dubkovi\u0107 nach Put Mihovil<br \/>\n<span style=\"color: #3366ff;\"><a style=\"color: #3366ff;\" href=\"https:\/\/goo.gl\/maps\/c6wZujwBaYWiUfXt7\">Ulica <strong>Antuna Dobrovi\u0107a<\/strong><\/a><\/span><strong>: <\/strong>Izme\u0111u trga Hvarskog nadodnog preporoda i trga sv. Ivana \/ Zwischen Trg Hvarskog nadodnog preporoda und Trg sv. Ivana<\/p>\n<p><strong><span style=\"color: #3366ff;\"><a style=\"color: #3366ff;\" href=\"https:\/\/goo.gl\/maps\/Y8iJjxS1Q5aXC85T6\">Bonski Dolac<\/a><\/span>: <\/strong>Izme\u0111u trga Kri\u017eno\u0161e i Bra\u010de Bato\u0161 \/ zwischen Trg Kri\u017eno\u0161e und Bra\u010de Bato\u0161<br \/>\n<strong><span style=\"color: #3366ff;\"><a style=\"color: #3366ff;\" href=\"https:\/\/goo.gl\/maps\/DZUerxqAZ35iPAhF8\">Bra\u010de Bato\u0161<\/a><\/span>: <\/strong>Izme\u0111u trga Kri\u017eno\u0161e i put Gospojice \/ zwischen Trg Kri\u017eno\u0161e und Put Gospojice<\/p>\n<p><strong><span style=\"color: #3366ff;\"><a style=\"color: #3366ff;\" href=\"https:\/\/goo.gl\/maps\/8VTbpKMJQ7FTjP8cA\">Bratimski prolac<\/a><\/span>: <\/strong>Izme\u0111u trga Hvarskog nadodnog preporoda i trga Kri\u017eno\u0161e \/zwischen Trg Hvarskog nadodnog preporoda und Trg Kri\u017eno\u0161e<br \/>\n<a href=\"https:\/\/goo.gl\/maps\/gEvc5cTRdXU1L85o9\"><span style=\"color: #3366ff;\">Put <strong>Buerkova<\/strong><\/span><\/a><strong>: <\/strong>Od puta Pelinje do Grge Gamulinje \/von Put Pelinja nach Grge Gamulinje<\/p>\n<p><strong><span style=\"color: #3366ff;\"><a style=\"color: #3366ff;\" href=\"https:\/\/goo.gl\/maps\/853zDUPeP1GoNGSZ6\">\u010cire Cari\u0107a<\/a><\/span>: <\/strong>Izme\u0111u Rive i Antune Dobrovi\u0107a\/ zwischen Riva und Antune Dobrovi\u0107a<br \/>\n<span style=\"color: #3366ff;\"><a style=\"color: #3366ff;\" href=\"https:\/\/goo.gl\/maps\/pvDBa8qw9HXfSJpt8\">Obala <strong>\u010ciro Gamulin<\/strong><\/a><\/span><strong>: <\/strong>Od Rive prema istoku \/ von Riva Richtung Osten<\/p>\n<p><strong><span style=\"color: #3366ff;\"><a style=\"color: #3366ff;\" href=\"https:\/\/goo.gl\/maps\/bNAC48Kc2kdZExNC9\">Dan\u010devi\u0107<\/a><\/span>: <\/strong>Izme\u0111u trga sv. Ivana i Kole Kuzetovih \/ zwischen Trg Sv. Ivana und Kuzetivih<br \/>\n<span style=\"color: #3366ff;\"><a style=\"color: #3366ff;\" href=\"https:\/\/goo.gl\/maps\/1C3xdPK6ZpaA2DJP7\">Dr\u017eavna cesta <strong>DC-116<\/strong><\/a><\/span><strong>: <\/strong>Od Hvara do Su\u0107urja \/ von Hvar nach Su\u0107uraj<br \/>\n<span style=\"color: #3366ff;\"><a style=\"color: #3366ff;\" href=\"https:\/\/goo.gl\/maps\/vXy7R9eHa77yHjGx9\">Dr\u017eavna cesta <strong>DC-116 (stara)<\/strong><\/a><\/span><strong>: <\/strong>Ju\u017eno &#8211; jugoisto\u010dno od mjesta \/s\u00fcdlich &#8211; s\u00fcd\u00f6stlich des Ortes<br \/>\n<strong><span style=\"color: #3366ff;\"><a style=\"color: #3366ff;\" href=\"https:\/\/goo.gl\/maps\/zVnw8bJRFjC2geGd8\">Dobrovi\u0107eva<\/a><\/span>: <\/strong>Izme\u0111u Rive i trga sv. Ivana \/zwischen Rina und Trg Sv. Ivana<br \/>\n<strong><span style=\"color: #3366ff;\"><a style=\"color: #3366ff;\" href=\"https:\/\/goo.gl\/maps\/RkVpzcMgrD5PHjLy7\">Donje Pelinje<\/a><\/span>: <\/strong>Ju\u017eno od puta Pelinje \/s\u00fcdlich des Put Pelinja<br \/>\n<span style=\"color: #3366ff;\"><a style=\"color: #3366ff;\" href=\"https:\/\/goo.gl\/maps\/nhbDdr4WPdqzQKbJ6\">Trg <strong>Dr. Vojtha Bride<\/strong><\/a><\/span><strong>: <\/strong>Od obale Dubkovi\u0107a do puta Mihovila \/ von Obala Dubkovi\u0107 nach Put Mihovila<br \/>\n<strong><span style=\"color: #3366ff;\"><a style=\"color: #3366ff;\" href=\"https:\/\/goo.gl\/maps\/KUSWVcmvQVLF7xSL7\">Drinkovi\u0107 dvor<\/a><\/span>: <\/strong>Izme\u0111u Bra\u010de Bato\u0161 i Sonti\u0107 puta \/ zwischen Bra\u010de Bato\u0161 und Sonti\u0107 put<br \/>\n<span style=\"color: #3366ff;\"><a style=\"color: #3366ff;\" href=\"https:\/\/goo.gl\/maps\/La5Jfwj8wup4nBRQA\">Obala<strong>Dubkovi\u0107<\/strong><\/a><\/span><strong>: <\/strong>Sjeverna lu\u010dka cesta \/ n\u00f6rdliche Hafenstra\u00dfe<\/p>\n<p><span style=\"color: #3366ff;\"><a style=\"color: #3366ff;\" href=\"https:\/\/goo.gl\/maps\/GCTQca6VK4jcKmA56\">Kola <strong>\u0110ukinih<\/strong><\/a><\/span><strong>: <\/strong>Od Ferda Stanojevi\u0107a do puta Mihovila \/ von Ferda Stanojevi\u0107a nach Put Mihovila<\/p>\n<p><strong><span style=\"color: #3366ff;\"><a style=\"color: #3366ff;\" href=\"https:\/\/goo.gl\/maps\/yqtbqB4poVF4hmYf6\">Ferda Stanojevi\u0107a<\/a><\/span>: <\/strong>Sjeverno od parka \/ n\u00f6rdlich des Parks<\/p>\n<p><span style=\"color: #3366ff;\"><a style=\"color: #3366ff;\" href=\"https:\/\/goo.gl\/maps\/qZjspPuar1JtstrS6\">Put <strong>Godjanje<\/strong><\/a><\/span><strong>: <\/strong>Od DC-116 do Grge Gamulinja \/ von der DC-116 nach Grge Gamulinje<br \/>\n<span style=\"color: #3366ff;\"><a style=\"color: #3366ff;\" href=\"https:\/\/goo.gl\/maps\/izZntHF3i8gGsr9Y8\">Put <strong>Gospa<\/strong><\/a><\/span><strong>: <\/strong>Od Dan\u010devi\u0107a do crkve Gospe od Zdravlja \/ von Dan\u010devi\u0107 zur Kirche Gospe od Zdravlja<br \/>\n<span style=\"color: #3366ff;\"><a style=\"color: #3366ff;\" href=\"https:\/\/goo.gl\/maps\/MRwvqwxM7Y5JbCNr5\">Put <strong>Gospojice<\/strong><\/a><\/span><strong>: <\/strong>Od Bra\u010de Bato\u0161 do DC-116 (stara) \/ von Bra\u010de Bato\u0161 (alten) DC-116<br \/>\n<strong><span style=\"color: #3366ff;\"><a style=\"color: #3366ff;\" href=\"https:\/\/goo.gl\/maps\/3h1Uyqot9DkwjHCV8\">Gostoprimstva<\/a><\/span>: <\/strong>Od Hrvatske neovisnosti prema zapadu \/ Von Hrvatske neovisnosti nach Westen<br \/>\n<span style=\"color: #3366ff;\"><a style=\"color: #3366ff;\" href=\"https:\/\/goo.gl\/maps\/kyE5oFNpK4FiC9Gm8\">Put <strong>Gradine<\/strong><\/a><\/span><strong>: <\/strong>Od \u0161etali\u0161te sv. Liberata do groblje \/ von \u0160etali\u0161te Sv. Liberata zum Friedhof<br \/>\n<strong><span style=\"color: #3366ff;\"><a style=\"color: #3366ff;\" href=\"https:\/\/goo.gl\/maps\/vWKA9p7kEcvFEc7U6\">Grge Gamulinje<\/a><\/span>:<\/strong> Od puta Godanje do Vitarne \/ von Put Godanje nach Vitarna<br \/>\n<span style=\"color: #3366ff;\"><a style=\"color: #3366ff;\" href=\"https:\/\/goo.gl\/maps\/ng7WxN4PKyENtMf56\">Kola <strong>Gusinjokovih<\/strong><\/a><\/span><strong>: <\/strong>Od Ferda Stanojevi\u0107a do puta Mihovila \/ von Ferda Stanojevi\u0107a zum Put Mihovila<\/p>\n<p><strong><span style=\"color: #3366ff;\"><a style=\"color: #3366ff;\" href=\"https:\/\/goo.gl\/maps\/xkhRSZJ1eAZfJp1L8\">Hrvatske neovisnosti<\/a><\/span>: <\/strong>Od Vitarnje prema jugu \/ von Vitarnja Richtung S\u00fcden<br \/>\n<span style=\"color: #3366ff;\"><a style=\"color: #3366ff;\" href=\"https:\/\/goo.gl\/maps\/W7tbF9MZVm3LgAgS8\">Kola <strong>Hujevih<\/strong><\/a><\/span><strong>: <\/strong>Izme\u0111u Bra\u010de Bato\u0161 i kole Tominih \/ zwischen Bra\u010de Bato\u0161 und Kola Tominih<br \/>\n<strong><span style=\"color: #3366ff;\"><a style=\"color: #3366ff;\" href=\"https:\/\/goo.gl\/maps\/bra3fcZZddhJt3Ek8\">Trg Hvarskog nadodnog preporoda<\/a><\/span>: <\/strong>U centru grada \/ Im Ortszentrum<br \/>\n<span style=\"color: #3366ff;\"><a style=\"color: #3366ff;\" href=\"https:\/\/goo.gl\/maps\/bra3fcZZddhJt3Ek8\">Trg <strong>Hvarskog pu\u010dkog ustanka<\/strong><\/a><\/span><strong>: <\/strong>Na obali \u010ciro Gamulina \/bei der Obala \u010ciro Gamulin<\/p>\n<p><strong><span style=\"color: #3366ff;\"><a style=\"color: #3366ff;\" href=\"https:\/\/goo.gl\/maps\/ZckZDgcP3TNuZDc2A\">Jelenik<\/a><\/span>: <\/strong>Od Ra\u010di\u0107a prema zapadu \/ von Ra\u010di\u0107 Richtung Westen<br \/>\n<strong><span style=\"color: #3366ff;\"><a style=\"color: #3366ff;\" href=\"https:\/\/goo.gl\/maps\/F2ni4qbSJu8sKJuE7\">Jel\u0161anskih dobrovtvora<\/a><\/span>: <\/strong>Od kole Lazaneotovih do Jel\u0161anskih obrtnika \/ von der Kola Lazaneotovih nach Jel\u0161anskih obrtnika<br \/>\n<strong><span style=\"color: #3366ff;\"><a style=\"color: #3366ff;\" href=\"https:\/\/goo.gl\/maps\/BArGt16bRg44axDC6\">Jel\u0161anskih obrtnika<\/a><\/span>: <\/strong>Izme\u0111u trga Hvarskog nadodnog preporoda i Jel\u0161anskih dobrovtvora \/zwischen Trg Hvarskog nadodnog preporoda und Jel\u0161anskih dobrovtvora<br \/>\n<span style=\"color: #3366ff;\"><a style=\"color: #3366ff;\" href=\"https:\/\/goo.gl\/maps\/ieb576onmrDSkLms7\">\u0160etali\u0161te <strong>Jel\u0161anskih pomoraca<\/strong><\/a><\/span><strong>: <\/strong>Nastavak Obale Dubkovi\u0107a \/ Fortsetzung der Obala Dubkovi\u0107<\/p>\n<p><span style=\"color: #3366ff;\"><a style=\"color: #3366ff;\" href=\"https:\/\/goo.gl\/maps\/xgMnxuWht45baFx19\">Trg <strong>Kri\u017eno\u0161e<\/strong><\/a><\/span><strong>: <\/strong>Ju\u017eno od centra \/ s\u00fcdlich des Zentrums<br \/>\n<span style=\"color: #3366ff;\"><a style=\"color: #3366ff;\" href=\"https:\/\/goo.gl\/maps\/faRwFJsi3zPoxowF6\">Kola <strong>Kuzetovih<\/strong><\/a><\/span><strong>: <\/strong>Od puta Gospe do obale \u010ciro Gamulina \/ vom Put Gospa zur Obala \u010ciro Gamulin<\/p>\n<p><span style=\"color: #3366ff;\"><a style=\"color: #3366ff;\" href=\"https:\/\/goo.gl\/maps\/2N5XfiRKAg711sSB8\">Put <\/a><\/span><strong><span style=\"color: #3366ff;\">Lavande<\/span>: <\/strong>Od Jelenika prema jugu \/ von Jelenik gegen S\u00fcden<br \/>\n<span style=\"color: #3366ff;\"><a style=\"color: #3366ff;\" href=\"https:\/\/goo.gl\/maps\/VzDBAYFzi5AhQgpXA\">Kola <strong>Lazaneotovih<\/strong><\/a><\/span><strong>: <\/strong>Od Stossmayerog \u0161etali\u0161ta do put sv. Roka \/ von Stossmayerovo \u0160etali\u0161te zum Put Roka<\/p>\n<p><strong><span style=\"color: #3366ff;\"><a style=\"color: #3366ff;\" href=\"https:\/\/goo.gl\/maps\/pFJLPDj5qXeQAsRa8\">Libora<\/a><\/span>: <\/strong>Od Jel\u0161anskih dobrovtvora prema jugu \/ von Jel\u0161anskih dobrovtvora gegen S\u00fcden<br \/>\n<strong><span style=\"color: #3366ff;\"><a style=\"color: #3366ff;\" href=\"https:\/\/goo.gl\/maps\/VrdmVHo9eakRbcjy6\">Lu\u010dica<\/a><\/span>: <\/strong>Od \u0161etali\u0161te sv. Liberata do Ra\u010di\u0107a \/ von \u0160etali\u0161te sv. Liberata nach Ra\u010di\u0107<\/p>\n<p><span style=\"color: #3366ff;\"><a style=\"color: #3366ff;\" href=\"https:\/\/goo.gl\/maps\/imBHMch8ZtiYMsSS6\">Put <strong>Masline<\/strong><\/a><\/span><strong>: <\/strong>Od Lu\u010dice do Ra\u010di\u0107a \/ von Lu\u010dica nach Ra\u010di\u0107<br \/>\n<span style=\"color: #3366ff;\"><a style=\"color: #3366ff;\" href=\"https:\/\/goo.gl\/maps\/2zz9Tk8UNz7EH1tZ7\">Put <strong>Mihovila<\/strong><\/a><\/span><strong>: <\/strong>Od puta Pelinje prema istoku \/ von Put Pelinja gegen Osten<br \/>\n<span style=\"color: #3366ff;\"><a style=\"color: #3366ff;\" href=\"https:\/\/goo.gl\/maps\/cgxoyYArfEa7ziPQ9\">Put <strong>Mine<\/strong><\/a><\/span><strong>: <\/strong>Od \u0161etali\u0161te sv. Liberata prema istoku \/ von \u0160etali\u0161te sv. Liberata nach Osten<br \/>\n<strong><span style=\"color: #3366ff;\"><a style=\"color: #3366ff;\" href=\"https:\/\/goo.gl\/maps\/DSpuCY3cuijz3TAC8\">Mithovlic\u010de dvor<\/a><\/span>: <\/strong>Od puta Peron\u010datih na jug \/ vom Put Peron\u010datih nach S\u00fcden<\/p>\n<p><span style=\"color: #3366ff;\"><a style=\"color: #3366ff;\" href=\"https:\/\/goo.gl\/maps\/VQaEYj4s2DZVmwdK8\">Put <strong>Pelinja<\/strong><\/a><\/span><strong>: <\/strong>Od Stossmayerog \u0161etali\u0161ta do put Godjanje \/ von Stossmayerovo \u0160etali\u0161te zum Put Godjanje<br \/>\n<span style=\"color: #3366ff;\"><a style=\"color: #3366ff;\" href=\"https:\/\/goo.gl\/maps\/j6hNeubCDuYEuTgWA\">Put <strong>Peron\u010datih<\/strong><\/a><\/span><strong>: <\/strong>Izme\u0111u Bra\u010de Bato\u0161 i put Potoka \/ zwischen Bra\u010de Bato\u0161\u00a0 und Put Potoka<br \/>\n<span style=\"color: #3366ff;\"><a style=\"color: #3366ff;\" href=\"https:\/\/goo.gl\/maps\/kR914BVp2qpndWDB9\">Put <strong>Potoka<\/strong><\/a><\/span><strong>: <\/strong>Izme\u0111u trga Kri\u017eno\u0161e i Vrisne \/ zwischen Trg Kri\u017eno\u0161e und Vrisna<\/p>\n<p><strong><span style=\"color: #3366ff;\">Ra\u010di\u0107<\/span>: <\/strong>Od Lu\u010dice do DC-116 (stara) \/ von Lu\u010dica zur (alten) DC-116<br \/>\n<span style=\"color: #3366ff;\"><a style=\"color: #3366ff;\" href=\"https:\/\/goo.gl\/maps\/15eKjGWD6pNv1txt7\">Kola <strong>Radi\u010di\u0107ih<\/strong><\/a><\/span><strong>: <\/strong>Od Obale \u010ciro Gamulina prema jugu \/von der Obala \u010ciro Gamulin Richtung S\u00fcden<br \/>\n<strong><span style=\"color: #3366ff;\"><a style=\"color: #3366ff;\" href=\"https:\/\/goo.gl\/maps\/DGZU6y5CHu9CFedKA\">Ribarska<\/a><\/span>: <\/strong>Od Ferda Stanojevi\u0107a do puta Mihovila \/ von Ferda Stanojevi\u0107a zum Put Mihovila<br \/>\n<strong><span style=\"color: #3366ff;\"><a style=\"color: #3366ff;\" href=\"https:\/\/goo.gl\/maps\/a85jnVpLeAZBh4ih8\">Riva<\/a><\/span>: <\/strong>Od velikog parka do Obala \u010ciro Gamulina \/ vom gro\u00dfen Park zur Obala \u010ciro Gamulin<br \/>\n<strong><span style=\"color: #3366ff;\"><a style=\"color: #3366ff;\" href=\"https:\/\/goo.gl\/maps\/yoiCHpkAgvuLNmsp9\">Ru\u017ee Beli\u010d Malia<\/a><\/span>: <\/strong>Od Stossmayerog \u0161etali\u0161ta do puta sv. Roka \/ von Stossmayerovo \u0160etali\u0161te zum Put sv. Roka<br \/>\n<span style=\"color: #3366ff;\"><a style=\"color: #3366ff;\" href=\"https:\/\/goo.gl\/maps\/YV5RU86o4ceYHjoD6\">Put <strong>Ru\u017emarina<\/strong><\/a><\/span><strong>: <\/strong>Od Lu\u010dice do DC-116 (stara) \/ von Lu\u010dica zur (alten) DC-116<br \/>\n<span style=\"color: #3366ff;\"><a style=\"color: #3366ff;\" href=\"https:\/\/goo.gl\/maps\/vCjNUNfaVSNSPAHb8\">Kola <\/a><\/span><strong><span style=\"color: #3366ff;\"><a style=\"color: #3366ff;\" href=\"https:\/\/goo.gl\/maps\/vCjNUNfaVSNSPAHb8\">Skrivanelli<\/a><\/span>: <\/strong>Izme\u0111u Rive i trga sv. Ivana \/ zwischen Riva und Trg sv. Ivana<br \/>\n<strong><span style=\"color: #3366ff;\"><a style=\"color: #3366ff;\" href=\"https:\/\/goo.gl\/maps\/z6xCFd4VsraqkxcV6\">Slatina<\/a><\/span>: <\/strong>Izme\u0111u trga Hvarskog nadodnog preporoda i trga Kri\u017eno\u0161e \/ zwischen Trg Hvarskog nadodnog preporoda und Trg Kri\u017eno\u0161e<br \/>\n<strong><span style=\"color: #3366ff;\"><a style=\"color: #3366ff;\" href=\"https:\/\/goo.gl\/maps\/m2o3kiXBBQuuWMYd9\">Sonti\u0107 put<\/a><\/span>: <\/strong>Izme\u0111u Bra\u010de Bato\u0161 i kole Tominih \/ zwischen Bra\u010de Bato\u0161 und Kola Tominih<br \/>\n<span style=\"color: #3366ff;\"><a style=\"color: #3366ff;\" href=\"https:\/\/goo.gl\/maps\/7MuDvzBrUHMaq4eQ7\">Put <strong>\u0160pirotovih<\/strong><\/a><\/span><strong>: <\/strong>Od kole Tominiha do DC-116 (stara) \/ von der Kola Tominih zur (alten) DC-116<br \/>\n<strong><span style=\"color: #3366ff;\"><a style=\"color: #3366ff;\" href=\"https:\/\/goo.gl\/maps\/aPT1NX1pciysmUeK8\">Stossmayerovo \u0160etali\u0161te<\/a><\/span>: <\/strong>Od Rive do Vrisne \/ von Riva nach Vrsina<br \/>\n<span style=\"color: #3366ff;\"><a style=\"color: #3366ff;\" href=\"https:\/\/goo.gl\/maps\/72V8u1FbyKtKCoCXA\">Trg <strong>Sv. Ivana<\/strong><\/a><\/span><strong>: <\/strong>U centru grada \/ im Ortszentrum<br \/>\n<span style=\"color: #3366ff;\"><a style=\"color: #3366ff;\" href=\"https:\/\/goo.gl\/maps\/XxjA2HPp9t9G4jrSA\">\u0160etali\u0161te <strong>Sv. Liberata<\/strong><\/a><\/span><strong>: <\/strong>Od obale \u010ciro Gamulina od puta Mine \/ von Obala \u010ciro Gamulin zum Put Mine<br \/>\n<span style=\"color: #3366ff;\"><a style=\"color: #3366ff;\" href=\"https:\/\/goo.gl\/maps\/9UFGDHXfoXhnPaBE7\">Put <strong>Sv. Roka<\/strong><\/a><\/span><strong>: <\/strong>Od trga Kri\u017eno\u0161e prema zapadu \/ vom Trg Kri\u017eno\u0161e\u00a0 gegen Westen<\/p>\n<p><span style=\"color: #3366ff;\"><a style=\"color: #3366ff;\" href=\"https:\/\/goo.gl\/maps\/Vt2rMeYDJRSjtomN9\">Put <strong>Te\u017eaka<\/strong><\/a><\/span><strong>: <\/strong>Ju\u017eno od puta \u0160pirotovih \/ s\u00fcdlich des Put \u0160pirotovih<br \/>\n<span style=\"color: #3366ff;\"><a style=\"color: #3366ff;\" href=\"https:\/\/goo.gl\/maps\/T9X4BJfuouEfqCeq9\">Trg <strong>Tome Gamulina<\/strong><\/a><\/span><strong>: <\/strong>Na \u0161etali\u0161tu Stossmayerovo \/ bei Stossmayerovo \u0160etali\u0161te<br \/>\n<a href=\"https:\/\/goo.gl\/maps\/mZPaVZzBGfM5hSvd8\">Kola <strong>Tominih<\/strong><\/a><strong>: <\/strong>Od Dan\u010devi\u0107a prema jugu \/ von Dan\u010devi\u0107a gegen S\u00fcden<\/p>\n<p><strong><span style=\"color: #3366ff;\"><a style=\"color: #3366ff;\" href=\"https:\/\/goo.gl\/maps\/Y6tSm4p8GformCB6A\">Vinarska cesta<\/a><\/span>: <\/strong>Izme\u0111u Vrisne i DC-116 \/ zwischen Vrsina und DC-116<br \/>\n<strong><span style=\"color: #3366ff;\"><a style=\"color: #3366ff;\" href=\"https:\/\/goo.gl\/maps\/Um8Duy7NcBH84oiz7\">Vitarnja<\/a><\/span>: <\/strong>Put do Vrboske \/ Weg nach Vrboska<br \/>\n<strong><span style=\"color: #3366ff;\"><a style=\"color: #3366ff;\" href=\"https:\/\/goo.gl\/maps\/ShWnzNAQVfHh69V78\">Viteza Obradi\u0107a<\/a><\/span>: <\/strong>Od Stossmayerog \u0161etali\u0161ta prema jugu\/ von Stossmayerovo \u0160etali\u0161te nach S\u00fcden<br \/>\n<strong><span style=\"color: #3366ff;\"><a style=\"color: #3366ff;\" href=\"https:\/\/goo.gl\/maps\/HtPuAdEnizW3uDEo7\">Vrisna<\/a><\/span>: <\/strong>Izme\u0111u Stossmayerog \u0161etali\u0161ta i DC-116 \/ zwischen Stossmayerovo \u0160etali\u0161te und DC-116<\/p>\n<p><span style=\"color: #3366ff;\"><a style=\"color: #3366ff;\" href=\"https:\/\/goo.gl\/maps\/ET9gANsSEXJ5rSd36\">Put <strong>Zovin\u010dine<\/strong><\/a><\/span><strong>: <\/strong>Izme\u0111u Put Peron\u010datih i put Potoka \/ zwischen Put Peron\u010datih und Put Potoka<\/p>\n<p style=\"text-align: right;\"><a href=\"#seite_oben\">gore \/ Seitenanfang<\/a><\/p>\n<hr \/>\n<p><strong>Linkovi \/ Links<\/strong><\/p>\n<p><span style=\"color: #3366ff;\"><a style=\"color: #3366ff;\" href=\"http:\/\/www.sucuraj.com\/hr\/\">Op\u0107ina \/ Gemeinde SU\u0106URAJ<\/a><br \/>\n<a style=\"color: #3366ff;\" href=\"https:\/\/www.podrum-vujnovic.hr\/kratki-vodic-kroz-povijest-sucurja\">Juraj Vujnovi\u0107: Kratki vodic kroz povijest Su\u0107urja \/ kurzer F\u00fchrer durch die Geschichte von Su\u0107uraj<\/a><\/span><\/p>\n","protected":false},"excerpt":{"rendered":"<p>Ime \/ Name \u00bbMapa mjesta i katalog ulica\u00ab\u00a0 \/ Karte der Ortschaft und Stra\u00dfenverzeichnis Code: JE-AM-01\u00a0 \u00a0 \u00a0 \u00a0 \u00a0 \u00a0 \u00a0 \u00a0 \u00a0 \u00a0 \u00a0 \u00a0 \u00a0 \u00a0 \u00a0 \u00a0 \u00a0 \u00a0 \u00a0 \u00a0\u00a0 Adresa \/ Adresse Jelsa Datum &hellip; <a href=\"https:\/\/www.topohvar.at\/topo\/orte\/je\/je-am-01-1\/\">Weiterlesen <span class=\"meta-nav\">&rarr;<\/span><\/a><\/p>\n","protected":false},"author":1,"featured_media":0,"parent":85,"menu_order":0,"comment_status":"closed","ping_status":"closed","template":"","meta":{"footnotes":""},"class_list":["post-46063","page","type-page","status-publish","hentry"],"_links":{"self":[{"href":"https:\/\/www.topohvar.at\/topo\/wp-json\/wp\/v2\/pages\/46063","targetHints":{"allow":["GET"]}}],"collection":[{"href":"https:\/\/www.topohvar.at\/topo\/wp-json\/wp\/v2\/pages"}],"about":[{"href":"https:\/\/www.topohvar.at\/topo\/wp-json\/wp\/v2\/types\/page"}],"author":[{"embeddable":true,"href":"https:\/\/www.topohvar.at\/topo\/wp-json\/wp\/v2\/users\/1"}],"replies":[{"embeddable":true,"href":"https:\/\/www.topohvar.at\/topo\/wp-json\/wp\/v2\/comments?post=46063"}],"version-history":[{"count":17,"href":"https:\/\/www.topohvar.at\/topo\/wp-json\/wp\/v2\/pages\/46063\/revisions"}],"predecessor-version":[{"id":46236,"href":"https:\/\/www.topohvar.at\/topo\/wp-json\/wp\/v2\/pages\/46063\/revisions\/46236"}],"up":[{"embeddable":true,"href":"https:\/\/www.topohvar.at\/topo\/wp-json\/wp\/v2\/pages\/85"}],"wp:attachment":[{"href":"https:\/\/www.topohvar.at\/topo\/wp-json\/wp\/v2\/media?parent=46063"}],"curies":[{"name":"wp","href":"https:\/\/api.w.org\/{rel}","templated":true}]}}