{"id":46207,"date":"2021-01-31T08:44:04","date_gmt":"2021-01-31T07:44:04","guid":{"rendered":"https:\/\/www.topohvar.at\/topo\/?page_id=46207"},"modified":"2021-09-06T08:46:44","modified_gmt":"2021-09-06T06:46:44","slug":"hu-ai-01-1","status":"publish","type":"page","link":"https:\/\/www.topohvar.at\/topo\/orte\/hu\/hu-ai-01-1\/","title":{"rendered":"HUMAC &#8211; Nazivi mjesta i podru\u010dja"},"content":{"rendered":"<p><a name=\"seite_oben\"><\/a><\/p>\n<div id=\"attachment_46210\" style=\"width: 1090px\" class=\"wp-caption alignnone\"><a href=\"https:\/\/www.topohvar.at\/wp-content\/uploads\/2021\/01\/hu-ai-01.jpg\"><img loading=\"lazy\" decoding=\"async\" aria-describedby=\"caption-attachment-46210\" class=\"wp-image-46210 size-full\" src=\"https:\/\/www.topohvar.at\/wp-content\/uploads\/2021\/01\/hu-ai-01.jpg\" alt=\"\" width=\"1080\" height=\"530\" srcset=\"https:\/\/www.topohvar.at\/wp-content\/uploads\/2021\/01\/hu-ai-01.jpg 1080w, https:\/\/www.topohvar.at\/wp-content\/uploads\/2021\/01\/hu-ai-01-300x147.jpg 300w, https:\/\/www.topohvar.at\/wp-content\/uploads\/2021\/01\/hu-ai-01-1024x503.jpg 1024w, https:\/\/www.topohvar.at\/wp-content\/uploads\/2021\/01\/hu-ai-01-768x377.jpg 768w\" sizes=\"auto, (max-width: 1080px) 100vw, 1080px\" \/><\/a><p id=\"caption-attachment-46210\" class=\"wp-caption-text\">Uve\u0107aj sliku \u2013 klikni! \/ Bild vergr\u00f6\u00dfern \u2013 klicken!<\/p><\/div>\n<p><strong>Ime \/ Name<br \/>\n<\/strong>Humac &#8211; Nazivi mjesta i podru\u010dja \/ Orts- und Gebietsnamen<\/p>\n<p><strong>Code: <\/strong>HU-AI-01\u00a0 \u00a0 \u00a0 \u00a0 \u00a0 \u00a0 \u00a0 \u00a0 \u00a0 \u00a0 \u00a0 \u00a0 \u00a0 \u00a0 \u00a0 \u00a0 \u00a0 \u00a0 \u00a0 \u00a0\u00a0<strong> <a href=\"https:\/\/www.topohvar.at\/topo\/orte\/hu\/hu-aa-01-1\/\"><img loading=\"lazy\" decoding=\"async\" class=\"alignnone wp-image-533 size-full\" src=\"https:\/\/www.topohvar.at\/wp-content\/uploads\/2018\/07\/push-l-30.jpg\" alt=\"\" width=\"61\" height=\"30\" \/><\/a> <a href=\"https:\/\/www.topohvar.at\/orte\/hu\/\"><img loading=\"lazy\" decoding=\"async\" class=\"alignnone wp-image-535 size-full\" src=\"https:\/\/www.topohvar.at\/wp-content\/uploads\/2018\/07\/push-o-30.jpg\" alt=\"\" width=\"61\" height=\"30\" \/><\/a> <a href=\"https:\/\/www.topohvar.at\/topo\/orte\/hu\/hu-au-10-1\/\"><img loading=\"lazy\" decoding=\"async\" class=\"alignnone wp-image-12299 size-full\" src=\"https:\/\/www.topohvar.at\/wp-content\/uploads\/2018\/09\/push-next-30.jpg\" alt=\"\" width=\"61\" height=\"30\" \/><\/a> <\/strong><\/p>\n<hr \/>\n<p><strong>Adresa \/ Adresse<br \/>\n<\/strong>Humac<\/p>\n<p><strong>Datum snimanja \/ Erfassungsdatum<br \/>\n<\/strong>31.01.2021 :09:00:00<\/p>\n<hr \/>\n<div class='content-column one_half'><div style=\"padding-right:6px;\"><p><strong>Nazivi mjesta i podru\u010dja<\/strong><\/p>\n<p>Na popisu ispod na\u0107i \u0107ete sva imena koja se nalaze na na podru\u010dju Humac u:<\/p><\/div><\/div><div class='content-column one_half last_column'><div style=\"padding-right:0px;padding-left:6px;\"><p><strong>Orts- und Gebietsnamen<\/strong><\/p>\n<p>In der nachstehenden Liste befinden sich alle Namen, die im Bereich Humac verzeichnet sind in:<\/p><\/div><\/div><div class='clear_column'><\/div><div class='content-column one_half'><div style=\"padding-right:6px;\"><p>&#8211; turisti\u010dkoj karti otoka Hvara, 1:75.000<br \/>\n&#8211; topografskoj karti otoka Hvara, 1:25.000<br \/>\n<span style=\"color: #ffffff;\">&#8211;<\/span> (izvor: Geoportal DGU)<br \/>\n&#8211; osnovnoj karti otoka Hvar (izvor: Geoportal DGU)<br \/>\n&#8211; Katastar iz 1834. godine (&#8222;Franziszeischer Kataster&#8220;) (Izvor: https:\/\/maps.arcanum.com\/de\/map\/cadastral\/)<\/p>\n<p>Klik na ime prikazuje mjesto na Google Maps ili maps.arcanum.com.<\/p><\/div><\/div><div class='content-column one_half last_column'><div style=\"padding-right:0px;padding-left:6px;\"><p>&#8211; touristische Karte der Insel Hvar, 1:75.000<br \/>\n&#8211; topographische Karte der Insel Hvar, 1:25.000<br \/>\n<span style=\"color: #ffffff;\">&#8211;<\/span> (Quelle: Geoportal DGU)<br \/>\n&#8211; Grundkarte der Insel Hvar (Quelle: Geoportal DGU)<br \/>\n&#8211; Franziszeischer Kataster 1834 (Quelle: https:\/\/maps.arcanum.com\/de\/map\/cadastral\/)<\/p>\n<p>Ein Klick auf den Namen zeigt den Ort in Google Maps oder in maps.arcanum.com.<\/p><\/div><\/div><div class='clear_column'><\/div><\/p>\n<table width=\"546\">\n<tbody>\n<tr>\n<td width=\"178\"><span style=\"color: #3366ff;\"><a style=\"color: #3366ff;\" href=\"https:\/\/maps.arcanum.com\/de\/map\/cadastral\/?layers=here-aerial%2C3%2C4&amp;bbox=1864050.48141197%2C5330954.439688504%2C1865871.8324765775%2C5332049.638984403\">Bad<\/a><\/span><\/td>\n<td width=\"54\">Podru\u010dje<\/td>\n<td width=\"148\">Lat: 43.12840\u00a0 Lon: 16.75220<\/td>\n<td width=\"166\">Katastar \/ Kataster 1834<\/td>\n<\/tr>\n<tr>\n<td><span style=\"color: #3366ff;\"><a style=\"color: #3366ff;\" href=\"https:\/\/maps.arcanum.com\/de\/map\/cadastral\/?layers=here-aerial%2C3%2C4&amp;bbox=1864602.3040571036%2C5333767.790510844%2C1866423.655121711%2C5334862.989806743\">Barlok<\/a><\/span><\/td>\n<td>Podru\u010dje<\/td>\n<td>Lat: 43.14630 Lon: 16.75850<\/td>\n<td>Katastar \/ Kataster 1834<\/td>\n<\/tr>\n<tr>\n<td><span style=\"color: #3366ff;\"><a style=\"color: #3366ff;\" href=\"https:\/\/goo.gl\/maps\/VuqTyUgJCkLjXhvL6\">Bila Plo\u010da<\/a><\/span><\/td>\n<td>Podru\u010dje<\/td>\n<td>Lat: 43.13268\u00a0 Lon: 16.76117<\/td>\n<td>Hvar- topografska karta 1:25.000<\/td>\n<\/tr>\n<tr>\n<td><span style=\"color: #3366ff;\"><a style=\"color: #3366ff;\" href=\"https:\/\/maps.arcanum.com\/de\/map\/cadastral\/?layers=here-aerial%2C3%2C4&amp;bbox=1866470.3989973387%2C5333034.816665759%2C1868291.7500619462%2C5334130.015961658\">Crisische<\/a><\/span><\/td>\n<td>Podru\u010dje<\/td>\n<td>Lat: 43.14180\u00a0 Lon: 16.77520<\/td>\n<td>Katastar \/ Kataster 1834<\/td>\n<\/tr>\n<tr>\n<td><span style=\"color: #3366ff;\"><a style=\"color: #3366ff;\" href=\"https:\/\/maps.arcanum.com\/de\/map\/cadastral\/?layers=here-aerial%2C3%2C4&amp;bbox=1863314.065721566%2C5331253.081089454%2C1865135.4167861736%2C5332348.280385353\">Cullissina<\/a><\/span><\/td>\n<td>Podru\u010dje<\/td>\n<td>Lat: 43.13050\u00a0 Lon: 16.74680<\/td>\n<td>Katastar \/ Kataster 1834<\/td>\n<\/tr>\n<tr>\n<td><span style=\"color: #3366ff;\"><a style=\"color: #3366ff;\" href=\"https:\/\/maps.arcanum.com\/de\/map\/cadastral\/?layers=here-aerial%2C3%2C4&amp;bbox=1865680.8482765835%2C5331478.452112744%2C1867502.199341191%2C5332573.6514086425\">Dolaz<\/a><\/span><\/td>\n<td>Podru\u010dje<\/td>\n<td>Lat: 43.13190\u00a0 Lon: 16.74730<\/td>\n<td>Katastar \/ Kataster 1834<\/td>\n<\/tr>\n<tr>\n<td><span style=\"color: #3366ff;\"><a style=\"color: #3366ff;\" href=\"https:\/\/goo.gl\/maps\/GaJ7tzUsnJkVRWVz5\">Glavica, 352 m<\/a><\/span><\/td>\n<td>Brdo<\/td>\n<td>Lat: 43.14060\u00a0 Lon: 16.75996<\/td>\n<td>Hvar- topografska karta 1:25.000<\/td>\n<\/tr>\n<tr>\n<td><span style=\"color: #3366ff;\"><a style=\"color: #3366ff;\" href=\"https:\/\/maps.arcanum.com\/de\/map\/cadastral\/?layers=here-aerial%2C3%2C4&amp;bbox=1864260.0281319595%2C5332895.659202686%2C1866081.379196567%2C5333990.8584985845\">Graback<\/a><\/span><\/td>\n<td>Podru\u010dje<\/td>\n<td>Lat: 43.14080\u00a0 Lon: 16.75510<\/td>\n<td>Katastar \/ Kataster 1834<\/td>\n<\/tr>\n<tr>\n<td><span style=\"color: #3366ff;\"><a style=\"color: #3366ff;\" href=\"https:\/\/goo.gl\/maps\/bPxCGchFQBVCqkQA9\">Grabar<\/a><\/span><\/td>\n<td>Podru\u010dje<\/td>\n<td>Lat: 43.14368\u00a0 Lon: 16.75360<\/td>\n<td>Hvar- Hrvatska osnovna karta<\/td>\n<\/tr>\n<tr>\n<td><span style=\"color: #3366ff;\"><a style=\"color: #3366ff;\" href=\"https:\/\/maps.arcanum.com\/de\/map\/cadastral\/?layers=here-aerial%2C3%2C4&amp;bbox=1863481.2263683036%2C5332642.0790788485%2C1865302.5774329111%2C5333737.278374747\">Grabci<\/a><\/span><\/td>\n<td>Podru\u010dje<\/td>\n<td>Lat: 43.13930\u00a0 Lon: 16.74800<\/td>\n<td>Katastar \/ Kataster 1834<\/td>\n<\/tr>\n<tr>\n<td><span style=\"color: #3366ff;\"><a style=\"color: #3366ff;\" href=\"https:\/\/maps.arcanum.com\/de\/map\/cadastral\/?layers=here-aerial%2C3%2C4&amp;bbox=1865668.0936543245%2C5332906.600407922%2C1867489.444718932%2C5334001.799703821\">Grabzi<\/a><\/span><\/td>\n<td>Podru\u010dje<\/td>\n<td>Lat: 43.14110\u00a0 Lon: 16.76770<\/td>\n<td>Katastar \/ Kataster 1834<\/td>\n<\/tr>\n<tr>\n<td><span style=\"color: #3366ff;\"><a style=\"color: #3366ff;\" href=\"https:\/\/goo.gl\/maps\/NeqxzHd6rLpNexLi9\">Grap\u010deva \u0161pilja<\/a><\/span><\/td>\n<td>\u0160pilja<\/td>\n<td>Lat: 43.13407\u00a0 Lon: 16.75310<\/td>\n<td>Hvar- turisti\u010dka karta 1:75.000<\/td>\n<\/tr>\n<tr>\n<td><span style=\"color: #3366ff;\"><a style=\"color: #3366ff;\" href=\"https:\/\/maps.arcanum.com\/de\/map\/cadastral\/?layers=here-aerial%2C3%2C4&amp;bbox=1864096.4051182834%2C5331765.824378311%2C1865917.7561828909%2C5332861.02367421\">Grofsckina<\/a><\/span><\/td>\n<td>Podru\u010dje<\/td>\n<td>Lat: 43.13370\u00a0 Lon: 16.75340<\/td>\n<td>Katastar \/ Kataster 1834<\/td>\n<\/tr>\n<tr>\n<td><span style=\"color: #3366ff;\"><a style=\"color: #3366ff;\" href=\"https:\/\/goo.gl\/maps\/NNmSDT7Jdu3sBGqXA\">Gvardi\u0161\u0107e<\/a><\/span><\/td>\n<td>Podru\u010dje<\/td>\n<td>Lat: 43.14146\u00a0 Lon: 16.77489<\/td>\n<td>Hvar- topografska karta 1:25.000<\/td>\n<\/tr>\n<tr>\n<td><a href=\"https:\/\/goo.gl\/maps\/WrKMcCESDn1k6jYb6\">Huljevan<\/a><\/td>\n<td>Podru\u010dje<\/td>\n<td>Lat: 43.14468\u00a0 Lon: 16.74196<\/td>\n<td>Hvar- Hrvatska osnovna karta<\/td>\n<\/tr>\n<tr>\n<td><span style=\"color: #3366ff;\"><a style=\"color: #3366ff;\" href=\"https:\/\/goo.gl\/maps\/QyKJsYnPfPvWxu9e7\">Humac<\/a><\/span><\/td>\n<td>Zaseok<\/td>\n<td>Lat: 43.14300\u00a0 Lon: 16.75750<\/td>\n<td>Hvar- turisti\u010dka karta 1:75.000<\/td>\n<\/tr>\n<tr>\n<td><span style=\"color: #3366ff;\"><a style=\"color: #3366ff;\" href=\"https:\/\/maps.arcanum.com\/de\/map\/cadastral\/?layers=here-aerial%2C3%2C4&amp;bbox=1864581.3025164744%2C5333258.735087043%2C1866402.653581082%2C5334353.934382942\">Humazzo<\/a><\/span><\/td>\n<td>Zaseok<\/td>\n<td>Lat: 43.14300\u00a0 Lon: 16.75750<\/td>\n<td>Katastar \/ Kataster 1834<\/td>\n<\/tr>\n<tr>\n<td><span style=\"color: #3366ff;\"><a style=\"color: #3366ff;\" href=\"https:\/\/goo.gl\/maps\/BTgQ1rNZfo4yW3uV9\">Kri\u017ei\u0161\u0107e, 404 m<\/a><\/span><\/td>\n<td>Brdo<\/td>\n<td>Lat: 43.13976\u00a0 Lon: 16.78248<\/td>\n<td>Hvar- turisti\u010dka karta 1:75.000<\/td>\n<\/tr>\n<tr>\n<td><span style=\"color: #3366ff;\"><a style=\"color: #3366ff;\" href=\"https:\/\/goo.gl\/maps\/V1UjWmPiD7cirXVBA\">Lokve na Plani<\/a><\/span><\/td>\n<td>Vodena to\u010dka?<\/td>\n<td>Lat: 43.14045\u00a0 Lon: 16.73922<\/td>\n<td>Hvar- topografska karta 1:25.000<\/td>\n<\/tr>\n<tr>\n<td><span style=\"color: #3366ff;\"><a style=\"color: #3366ff;\" href=\"https:\/\/goo.gl\/maps\/s2cNH2AKxbhQbVSe6\">Mahi Dolac<\/a><\/span><\/td>\n<td>Podru\u010dje<\/td>\n<td>Lat: 43.13318\u00a0 Lon: 16.77237<\/td>\n<td>Hvar- topografska karta 1:25.000<\/td>\n<\/tr>\n<tr>\n<td><span style=\"color: #3366ff;\"><a style=\"color: #3366ff;\" href=\"https:\/\/goo.gl\/maps\/kL2V6Sq4QrQT2JyB6\">Mori\u0107a Vala<\/a><\/span><\/td>\n<td>Podru\u010dje<\/td>\n<td>Lat: 43.13293\u00a0 Lon: 16.75604<\/td>\n<td>Hvar- topografska karta 1:25.000<\/td>\n<\/tr>\n<tr>\n<td><span style=\"color: #3366ff;\"><a style=\"color: #3366ff;\" href=\"https:\/\/maps.arcanum.com\/de\/map\/cadastral\/?layers=here-aerial%2C3%2C4&amp;bbox=1863278.235864558%2C5331986.756240454%2C1865099.5869291655%2C5333081.9555363525\">Mozavaz<\/a><\/span><\/td>\n<td>Podru\u010dje<\/td>\n<td>Lat: 43.13480\u00a0 Lon: 16.74680<\/td>\n<td>Katastar \/ Kataster 1834<\/td>\n<\/tr>\n<tr>\n<td><span style=\"color: #3366ff;\"><a style=\"color: #3366ff;\" href=\"https:\/\/maps.arcanum.com\/de\/map\/cadastral\/?layers=here-aerial%2C3%2C4&amp;bbox=1866773.2620797767%2C5331041.582661064%2C1868594.6131443842%2C5332136.781956963\">Pakliniza<\/a><\/span><\/td>\n<td>Podru\u010dje<\/td>\n<td>Lat: 43.12890\u00a0 Lon: 16.77780<\/td>\n<td>Katastar \/ Kataster 1834<\/td>\n<\/tr>\n<tr>\n<td><span style=\"color: #3366ff;\"><a style=\"color: #3366ff;\" href=\"https:\/\/maps.arcanum.com\/de\/map\/cadastral\/?layers=here-aerial%2C3%2C4&amp;bbox=1865879.433119879%2C5331316.526386931%2C1867700.7841844866%2C5332411.7256828295\">Perna<\/a><\/span><\/td>\n<td>Biv\u0161i zaseok<\/td>\n<td>Lat: 43.13107\u00a0 Lon: 16.76807<\/td>\n<td>Katastar \/ Kataster 1834<\/td>\n<\/tr>\n<tr>\n<td><span style=\"color: #3366ff;\"><a style=\"color: #3366ff;\" href=\"https:\/\/goo.gl\/maps\/DYq671T7Q3JuY5ZK7\">Perna, Vela-<\/a><\/span><\/td>\n<td>Podru\u010dje<\/td>\n<td>Lat: 43.13107\u00a0 Lon: 16.76807<\/td>\n<td>Hvar- topografska karta 1:25.000<\/td>\n<\/tr>\n<tr>\n<td><span style=\"color: #3366ff;\"><a style=\"color: #3366ff;\" href=\"https:\/\/goo.gl\/maps\/rbibdiVRfbhpM1mH9\">Plana<\/a><\/span><\/td>\n<td>Podru\u010dje<\/td>\n<td>Lat: 43.13958\u00a0 Lon: 16.74900<\/td>\n<td>Hvar- Hrvatska osnovna karta<\/td>\n<\/tr>\n<tr>\n<td><span style=\"color: #3366ff;\"><a style=\"color: #3366ff;\" href=\"https:\/\/maps.arcanum.com\/de\/map\/cadastral\/?layers=here-aerial%2C3%2C4&amp;bbox=1862902.9697604673%2C5333086.365077222%2C1864724.3208250748%2C5334181.564373121\">Plana<\/a><\/span><\/td>\n<td>Podru\u010dje<\/td>\n<td>Lat: 43.14240\u00a0 Lon: 16.74280<\/td>\n<td>Katastar \/ Kataster 1834<\/td>\n<\/tr>\n<tr>\n<td><span style=\"color: #3366ff;\"><a style=\"color: #3366ff;\" href=\"https:\/\/maps.arcanum.com\/de\/map\/cadastral\/?layers=here-aerial%2C3%2C4&amp;bbox=1863409.98366074%2C5333417.040436911%2C1865231.3347253476%2C5334512.23973281\">Planaz, Pod-<\/a><\/span><\/td>\n<td>Podru\u010dje<\/td>\n<td>Lat: 43.14440\u00a0 Lon: 16.74750<\/td>\n<td>Katastar \/ Kataster 1834<\/td>\n<\/tr>\n<tr>\n<td><span style=\"color: #3366ff;\"><a style=\"color: #3366ff;\" href=\"https:\/\/maps.arcanum.com\/de\/map\/cadastral\/?layers=here-aerial%2C3%2C4&amp;bbox=1866852.4594190128%2C5331358.873166863%2C1868673.8104836203%2C5332454.072462762\">Rodat Smoquiza<\/a><\/span><\/td>\n<td>Podru\u010dje<\/td>\n<td>Lat: 43.13080\u00a0 Lon: 16.77850<\/td>\n<td>Katastar \/ Kataster 1834<\/td>\n<\/tr>\n<tr>\n<td><span style=\"color: #3366ff;\"><a style=\"color: #3366ff;\" href=\"https:\/\/maps.arcanum.com\/de\/map\/cadastral\/?layers=here-aerial%2C3%2C4&amp;bbox=1865375.9795289882%2C5331583.511104893%2C1867197.3305935957%2C5332678.710400792\">Sritgni Rad<\/a><\/span><\/td>\n<td>Podru\u010dje<\/td>\n<td>Lat: 43.13240\u00a0 Lon: 16.76510<\/td>\n<td>Katastar \/ Kataster 1834<\/td>\n<\/tr>\n<tr>\n<td><span style=\"color: #3366ff;\"><a style=\"color: #3366ff;\" href=\"https:\/\/goo.gl\/maps\/nX9ENSjWWigPNu8A6\">Sritnorad<\/a><\/span><\/td>\n<td>Podru\u010dje<\/td>\n<td>Lat: 43.13477\u00a0 Lon: 16.76554<\/td>\n<td>Hvar- Hrvatska osnovna karta<\/td>\n<\/tr>\n<tr>\n<td><span style=\"color: #3366ff;\"><a style=\"color: #3366ff;\" href=\"https:\/\/maps.arcanum.com\/de\/map\/cadastral\/?layers=here-aerial%2C3%2C4&amp;bbox=1864375.8780029505%2C5331442.161336652%2C1866197.229067558%2C5332537.360632551\">Stiniscki Dolaz<\/a><\/span><\/td>\n<td>Podru\u010dje<\/td>\n<td>Lat: 43.13170\u00a0 Lon: 16.75590<\/td>\n<td>Katastar \/ Kataster 1834<\/td>\n<\/tr>\n<tr>\n<td><span style=\"color: #3366ff;\"><a style=\"color: #3366ff;\" href=\"https:\/\/goo.gl\/maps\/p1UtUmVnX6Hqdoq56\">Stinski Dolac<\/a><\/span><\/td>\n<td>Podru\u010dje<\/td>\n<td>Lat: 43.13500\u00a0 Lon: 16.74900<\/td>\n<td>Hvar- Hrvatska osnovna karta<\/td>\n<\/tr>\n<tr>\n<td><span style=\"color: #3366ff;\"><a style=\"color: #3366ff;\" href=\"https:\/\/goo.gl\/maps\/9z9QkmLNfVpHXXAu9\">Stin\u0161ki Dolac<\/a><\/span><\/td>\n<td>Podru\u010dje<\/td>\n<td>Lat: 43.13247\u00a0 Lon: 16.78390<\/td>\n<td>Hvar- turisti\u010dka karta 1:75.000<\/td>\n<\/tr>\n<tr>\n<td><span style=\"color: #3366ff;\"><a style=\"color: #3366ff;\" href=\"https:\/\/goo.gl\/maps\/1mPe16Ydbf28LEvNA\">Sv. Ante<\/a><\/span><\/td>\n<td>Podru\u010dje<\/td>\n<td>Lat: 43.14115\u00a0 Lon: 16.74129<\/td>\n<td>Hvar- topografska karta 1:25.000<\/td>\n<\/tr>\n<tr>\n<td><span style=\"color: #3366ff;\"><a style=\"color: #3366ff;\" href=\"https:\/\/maps.arcanum.com\/de\/map\/cadastral\/?layers=here-aerial%2C3%2C4&amp;bbox=1865806.613091772%2C5333646.4692616975%2C1867627.9641563795%2C5334741.668557596\">Vardischie<\/a><\/span><\/td>\n<td>Podru\u010dje<\/td>\n<td>Lat: 43.14600\u00a0 Lon: 16.76830<\/td>\n<td>Katastar \/ Kataster 1834\/td&gt;<\/td>\n<\/tr>\n<tr>\n<td><span style=\"color: #3366ff;\"><a style=\"color: #3366ff;\" href=\"https:\/\/goo.gl\/maps\/Atpz5DiJjnFdkjd69\">Virak<\/a><\/span><\/td>\n<td>Podru\u010dje<\/td>\n<td>Lat: 43.13104\u00a0 Lon: 16.75330<\/td>\n<td>Hvar- turisti\u010dka karta 1:75.000<\/td>\n<\/tr>\n<\/tbody>\n<\/table>\n<p style=\"text-align: right;\"><a href=\"#seite_oben\">natrag na vrh \/ Seitenanfang<\/a><\/p>\n<hr \/>\n<p><strong>Linkovi \/ Links<\/strong><\/p>\n<p>&#8211;<\/p>\n","protected":false},"excerpt":{"rendered":"<p>Ime \/ Name Humac &#8211; Nazivi mjesta i podru\u010dja \/ Orts- und Gebietsnamen Code: HU-AI-01\u00a0 \u00a0 \u00a0 \u00a0 \u00a0 \u00a0 \u00a0 \u00a0 \u00a0 \u00a0 \u00a0 \u00a0 \u00a0 \u00a0 \u00a0 \u00a0 \u00a0 \u00a0 \u00a0 \u00a0\u00a0 Adresa \/ Adresse Humac Datum snimanja &hellip; <a href=\"https:\/\/www.topohvar.at\/topo\/orte\/hu\/hu-ai-01-1\/\">Weiterlesen <span class=\"meta-nav\">&rarr;<\/span><\/a><\/p>\n","protected":false},"author":1,"featured_media":0,"parent":78,"menu_order":0,"comment_status":"closed","ping_status":"closed","template":"","meta":{"footnotes":""},"class_list":["post-46207","page","type-page","status-publish","hentry"],"_links":{"self":[{"href":"https:\/\/www.topohvar.at\/topo\/wp-json\/wp\/v2\/pages\/46207","targetHints":{"allow":["GET"]}}],"collection":[{"href":"https:\/\/www.topohvar.at\/topo\/wp-json\/wp\/v2\/pages"}],"about":[{"href":"https:\/\/www.topohvar.at\/topo\/wp-json\/wp\/v2\/types\/page"}],"author":[{"embeddable":true,"href":"https:\/\/www.topohvar.at\/topo\/wp-json\/wp\/v2\/users\/1"}],"replies":[{"embeddable":true,"href":"https:\/\/www.topohvar.at\/topo\/wp-json\/wp\/v2\/comments?post=46207"}],"version-history":[{"count":7,"href":"https:\/\/www.topohvar.at\/topo\/wp-json\/wp\/v2\/pages\/46207\/revisions"}],"predecessor-version":[{"id":51677,"href":"https:\/\/www.topohvar.at\/topo\/wp-json\/wp\/v2\/pages\/46207\/revisions\/51677"}],"up":[{"embeddable":true,"href":"https:\/\/www.topohvar.at\/topo\/wp-json\/wp\/v2\/pages\/78"}],"wp:attachment":[{"href":"https:\/\/www.topohvar.at\/topo\/wp-json\/wp\/v2\/media?parent=46207"}],"curies":[{"name":"wp","href":"https:\/\/api.w.org\/{rel}","templated":true}]}}