{"id":46220,"date":"2021-01-31T10:31:34","date_gmt":"2021-01-31T09:31:34","guid":{"rendered":"https:\/\/www.topohvar.at\/topo\/?page_id=46220"},"modified":"2021-09-08T17:59:40","modified_gmt":"2021-09-08T15:59:40","slug":"id-ai-01-1","status":"publish","type":"page","link":"https:\/\/www.topohvar.at\/topo\/orte\/id\/id-ai-01-1\/","title":{"rendered":"IVAN DOLAC- Nazivi mjesta i podru\u010dja"},"content":{"rendered":"<p><a name=\"seite_oben\"><\/a><\/p>\n<div id=\"attachment_46221\" style=\"width: 1090px\" class=\"wp-caption alignnone\"><a href=\"https:\/\/www.topohvar.at\/wp-content\/uploads\/2021\/01\/id-ai-01.jpg\"><img loading=\"lazy\" decoding=\"async\" aria-describedby=\"caption-attachment-46221\" class=\"wp-image-46221 size-full\" src=\"https:\/\/www.topohvar.at\/wp-content\/uploads\/2021\/01\/id-ai-01.jpg\" alt=\"\" width=\"1080\" height=\"530\" srcset=\"https:\/\/www.topohvar.at\/wp-content\/uploads\/2021\/01\/id-ai-01.jpg 1080w, https:\/\/www.topohvar.at\/wp-content\/uploads\/2021\/01\/id-ai-01-300x147.jpg 300w, https:\/\/www.topohvar.at\/wp-content\/uploads\/2021\/01\/id-ai-01-1024x503.jpg 1024w, https:\/\/www.topohvar.at\/wp-content\/uploads\/2021\/01\/id-ai-01-768x377.jpg 768w\" sizes=\"auto, (max-width: 1080px) 100vw, 1080px\" \/><\/a><p id=\"caption-attachment-46221\" class=\"wp-caption-text\">Uve\u0107aj sliku \u2013 klikni! \/ Bild vergr\u00f6\u00dfern \u2013 klicken!<\/p><\/div>\n<p><strong>Ime \/ Name<br \/>\n<\/strong>Ivan Dolac &#8211; Nazivi mjesta i podru\u010dja \/ Orts- und Gebietsnamen<\/p>\n<p><strong>Code: <\/strong>ID-AI-01\u00a0 \u00a0 \u00a0 \u00a0 \u00a0 \u00a0 \u00a0 \u00a0 \u00a0 \u00a0 \u00a0 \u00a0 \u00a0 \u00a0 \u00a0 \u00a0 \u00a0 \u00a0 \u00a0 \u00a0\u00a0<strong> <a href=\"https:\/\/www.topohvar.at\/topo\/orte\/id\/id-aa-01-1\/\"><img loading=\"lazy\" decoding=\"async\" class=\"alignnone wp-image-533 size-full\" src=\"https:\/\/www.topohvar.at\/wp-content\/uploads\/2018\/07\/push-l-30.jpg\" alt=\"\" width=\"61\" height=\"30\" \/><\/a> <a href=\"https:\/\/www.topohvar.at\/orte\/id\/\"><img loading=\"lazy\" decoding=\"async\" class=\"alignnone wp-image-535 size-full\" src=\"https:\/\/www.topohvar.at\/wp-content\/uploads\/2018\/07\/push-o-30.jpg\" alt=\"\" width=\"61\" height=\"30\" \/><\/a> <a href=\"https:\/\/www.topohvar.at\/topo\/orte\/id\/id-au-10-1\/\"><img loading=\"lazy\" decoding=\"async\" class=\"alignnone wp-image-12299 size-full\" src=\"https:\/\/www.topohvar.at\/wp-content\/uploads\/2018\/09\/push-next-30.jpg\" alt=\"\" width=\"61\" height=\"30\" \/><\/a> <\/strong><\/p>\n<hr \/>\n<p><strong>Adresa \/ Adresse<br \/>\n<\/strong>Ivan Dolac<\/p>\n<p><strong>Datum snimanja \/ Erfassungsdatum<br \/>\n<\/strong>31.01.2021 :11:00:00<\/p>\n<hr \/>\n<div class='content-column one_half'><div style=\"padding-right:6px;\"><p><strong>Nazivi mjesta i podru\u010dja<\/strong><\/p>\n<p>Na popisu ispod na\u0107i \u0107ete sva imena koja se nalaze na na podru\u010dju Ivana Dolca u:<\/p><\/div><\/div><div class='content-column one_half last_column'><div style=\"padding-right:0px;padding-left:6px;\"><p><strong>Orts- und Gebietsnamen<\/strong><\/p>\n<p>In der nachstehenden Liste befinden sich alle Namen, die im Bereich Ivan Dolac verzeichnet sind in:<\/p><\/div><\/div><div class='clear_column'><\/div><div class='content-column one_half'><div style=\"padding-right:6px;\"><p>&#8211; turisti\u010dkoj karti otoka Hvara, 1:75.000<br \/>\n&#8211; topografskoj karti otoka Hvara, 1:25.000<br \/>\n<span style=\"color: #ffffff;\">&#8211;<\/span> (izvor: Geoportal DGU)<br \/>\n&#8211; osnovnoj karti otoka Hvar (izvor: Geoportal DGU)<br \/>\n&#8211; Katastar iz 1834. godine (&#8222;Franziszeischer Kataster&#8220;) (Izvor: https:\/\/maps.arcanum.com\/de\/map\/cadastral\/)<\/p>\n<p>Klik na ime prikazuje mjesto na Google Maps ili maps.arcanum.com.<\/p><\/div><\/div><div class='content-column one_half last_column'><div style=\"padding-right:0px;padding-left:6px;\"><p>&#8211; touristische Karte der Insel Hvar, 1:75.000<br \/>\n&#8211; topographische Karte der Insel Hvar, 1:25.000<br \/>\n<span style=\"color: #ffffff;\">&#8211;<\/span> (Quelle: Geoportal DGU)<br \/>\n&#8211; Grundkarte der Insel Hvar (Quelle: Geoportal DGU)<br \/>\n&#8211; Franziszeischer Kataster 1834 (Quelle: https:\/\/maps.arcanum.com\/de\/map\/cadastral\/)<\/p>\n<p>Ein Klick auf den Namen zeigt den Ort in Google Maps oder in maps.arcanum.com.<\/p><\/div><\/div><div class='clear_column'><\/div><\/p>\n<table width=\"546\">\n<tbody>\n<tr>\n<td width=\"178\"><span style=\"color: #3366ff;\"><a style=\"color: #3366ff;\" href=\"https:\/\/goo.gl\/maps\/XAQe9CuqDD44pEQp9\">\u010cesminova Glava, 555 m<\/a><\/span><\/td>\n<td width=\"54\">Brdo<\/td>\n<td width=\"148\">Lat: 43.13823\u00a0 Lon: 16.63056<\/td>\n<td width=\"166\">Hvar- turisti\u010dka karta 1:75.000<\/td>\n<\/tr>\n<tr>\n<td><span style=\"color: #3366ff;\"><a style=\"color: #3366ff;\" href=\"https:\/\/goo.gl\/maps\/bLe72irLNijLTC5Q8\">Duh<\/a><\/span><\/td>\n<td>Podru\u010dje<\/td>\n<td>Lat: 43.13801\u00a0 Lon: 16.64094<\/td>\n<td>Hvar- topografska karta 1:25.000<\/td>\n<\/tr>\n<tr>\n<td><span style=\"color: #3366ff;\"><a style=\"color: #3366ff;\" href=\"https:\/\/maps.arcanum.com\/de\/map\/cadastral\/?layers=here-aerial%2C3%2C4&amp;bbox=1851236.759358324%2C5331146.7345114695%2C1852960.1754804417%2C5332298.067250014\">Grebizze<\/a><\/span><\/td>\n<td>Podru\u010dje<\/td>\n<td>Lat: 43.12970\u00a0 Lon: 16.63770<\/td>\n<td>Katastar \/ Kataster 1834<\/td>\n<\/tr>\n<tr>\n<td><span style=\"color: #3366ff;\"><a style=\"color: #3366ff;\" href=\"https:\/\/goo.gl\/maps\/7hxenqaRX6bXBQxw5\">Hum, 604 m<\/a><\/span><\/td>\n<td>Brdo<\/td>\n<td>Lat: 43.13475\u00a0 Lon: 16.66425<\/td>\n<td>Hvar- turisti\u010dka karta 1:75.000<\/td>\n<\/tr>\n<tr>\n<td><span style=\"color: #3366ff;\"><a style=\"color: #3366ff;\" href=\"https:\/\/goo.gl\/maps\/SNnr2ZmnGGjr7R4g7\">Ivan Dolac<\/a><\/span><\/td>\n<td>Podru\u010dje<\/td>\n<td>Lat: 43.12958\u00a0 Lon: 16.62808<\/td>\n<td>Hvar- Hrvatska osnovna karta<\/td>\n<\/tr>\n<tr>\n<td><span style=\"color: #3366ff;\"><a style=\"color: #3366ff;\" href=\"https:\/\/goo.gl\/maps\/wBsUzkjnYGoDGRxg6\">Ivan Dolac<\/a><\/span><\/td>\n<td>Selo<\/td>\n<td>Lat: 43.13018\u00a0 Lon: 16.64106<\/td>\n<td>Hvar- turisti\u010dka karta 1:75.000<\/td>\n<\/tr>\n<tr>\n<td><span style=\"color: #3366ff;\"><a style=\"color: #3366ff;\" href=\"https:\/\/goo.gl\/maps\/sNz6zNugLz5vQfLL6\">Ivankovi\u0107<\/a><\/span><\/td>\n<td>Podru\u010dje<\/td>\n<td>Lat: 43.12758\u00a0 Lon: 16.64513<\/td>\n<td>Hvar- Hrvatska osnovna karta<\/td>\n<\/tr>\n<tr>\n<td><span style=\"color: #3366ff;\"><a style=\"color: #3366ff;\" href=\"https:\/\/maps.arcanum.com\/de\/map\/cadastral\/?layers=here-aerial%2C3%2C4&amp;bbox=1851688.7434392446%2C5331313.839036827%2C1853412.1595613621%2C5332465.171775372\">Jvagn Dolaz<\/a><\/span><\/td>\n<td>Selo<\/td>\n<td>Lat: 43.13018\u00a0 Lon: 16.64106<\/td>\n<td>Katastar \/ Kataster 1834<\/td>\n<\/tr>\n<tr>\n<td><span style=\"color: #3366ff;\"><a style=\"color: #3366ff;\" href=\"https:\/\/maps.arcanum.com\/de\/map\/cadastral\/?layers=here-aerial%2C3%2C4&amp;bbox=1852044.6533521966%2C5330920.904938282%2C1853768.069474314%2C5332072.237676827\">Jvancovich<\/a><\/span><\/td>\n<td>Zaseok<\/td>\n<td>Lat: 43.12810\u00a0 Lon: 16.64480<\/td>\n<td>Katastar \/ Kataster 1834<\/td>\n<\/tr>\n<tr>\n<td><span style=\"color: #3366ff;\"><a style=\"color: #3366ff;\" href=\"https:\/\/maps.arcanum.com\/de\/map\/cadastral\/?layers=here-aerial%2C3%2C4&amp;bbox=1852574.3594952417%2C5331509.137960095%2C1854297.7756173592%2C5332660.47069864\">Jes Dolaz<\/a><\/span><\/td>\n<td>Podru\u010dje<\/td>\n<td>Lat: 43.13200\u00a0 Lon: 16.64950<\/td>\n<td>Katastar \/ Kataster 1834<\/td>\n<\/tr>\n<tr>\n<td><span style=\"color: #3366ff;\"><a style=\"color: #3366ff;\" href=\"https:\/\/goo.gl\/maps\/ck7eNM1DomfWJSyRA\">Je\u017e-dolac<\/a><\/span><\/td>\n<td>Podru\u010dje<\/td>\n<td>Lat: 43.13296\u00a0 Lon: 16.65004<\/td>\n<td>Hvar- topografska karta 1:25.000<\/td>\n<\/tr>\n<tr>\n<td><span style=\"color: #3366ff;\"><a style=\"color: #3366ff;\" href=\"https:\/\/goo.gl\/maps\/zVwQJg3EskoMYEbLA\">Marinovica<\/a><\/span><\/td>\n<td>Podru\u010dje<\/td>\n<td>Lat: 43.13491\u00a0 Lon: 16.63515<\/td>\n<td>Hvar- topografska karta 1:25.000<\/td>\n<\/tr>\n<tr>\n<td><span style=\"color: #3366ff;\"><a style=\"color: #3366ff;\" href=\"https:\/\/maps.arcanum.com\/de\/map\/cadastral\/?layers=here-aerial%2C3%2C4&amp;bbox=1852204.2310210776%2C5330611.013715557%2C1853927.6471431952%2C5331762.346454102\">Putem, Pod-<\/a><\/span><\/td>\n<td>Podru\u010dje<\/td>\n<td>Lat: 43.12630\u00a0 Lon: 16.64650<\/td>\n<td>Katastar \/ Kataster 1834<\/td>\n<\/tr>\n<tr>\n<td><span style=\"color: #3366ff;\"><a style=\"color: #3366ff;\" href=\"https:\/\/goo.gl\/maps\/2WV4MzN5TrxxVSDk9\">Rat<\/a><\/span><\/td>\n<td>Zaseok<\/td>\n<td>Lat: 43.13081\u00a0 Lon: 16.63477<\/td>\n<td>Hvar- turisti\u010dka karta 1:75.000<\/td>\n<\/tr>\n<tr>\n<td><span style=\"color: #3366ff;\"><a style=\"color: #3366ff;\" href=\"https:\/\/goo.gl\/maps\/mzyLPti2bxEDp9so9\">Romanova \u0160pilja<\/a><\/span><\/td>\n<td>Podru\u010dje<\/td>\n<td>Lat: 43.13696\u00a0 Lon: 16.64562<\/td>\n<td>Hvar- topografska karta 1:25.000<\/td>\n<\/tr>\n<tr>\n<td><span style=\"color: #3366ff;\"><a style=\"color: #3366ff;\" href=\"https:\/\/maps.arcanum.com\/de\/map\/cadastral\/?layers=here-aerial%2C3%2C4&amp;bbox=1851328.6886435018%2C5332087.595125178%2C1853052.1047656194%2C5333238.927863723\">Sarich Dolac<\/a><\/span><\/td>\n<td>Podru\u010dje<\/td>\n<td>Lat: 43.13580\u00a0 Lon: 16.63680<\/td>\n<td>Katastar \/ Kataster 1834<\/td>\n<\/tr>\n<tr>\n<td><span style=\"color: #3366ff;\"><a style=\"color: #3366ff;\" href=\"https:\/\/goo.gl\/maps\/x25VxJ39Yv36H24p6\">Sari\u0107 Dolaz<\/a><\/span><\/td>\n<td>Podru\u010dje<\/td>\n<td>Lat: 43.13400\u00a0 Lon: 16.64200<\/td>\n<td>Hvar- Hrvatska osnovna karta<\/td>\n<\/tr>\n<tr>\n<td><span style=\"color: #3366ff;\"><a style=\"color: #3366ff;\" href=\"https:\/\/goo.gl\/maps\/u9h5iZ4sk3JvRC8h6\">Stijan Dolac<\/a><\/span><\/td>\n<td>Podru\u010dje<\/td>\n<td>Lat: 43.13385\u00a0 Lon: 16.62549<\/td>\n<td>Hvar- topografska karta 1:25.000<\/td>\n<\/tr>\n<tr>\n<td><span style=\"color: #3366ff;\"><a style=\"color: #3366ff;\" href=\"https:\/\/goo.gl\/maps\/YkLirkL6cwP1Vn6a9\">Taja<\/a><\/span><\/td>\n<td>Podru\u010dje<\/td>\n<td>Lat: 43.12760\u00a0 Lon: 16.64532<\/td>\n<td>Hvar- topografska karta 1:25.000<\/td>\n<\/tr>\n<tr>\n<td><span style=\"color: #3366ff;\"><a style=\"color: #3366ff;\" href=\"https:\/\/maps.arcanum.com\/de\/map\/cadastral\/?layers=here-aerial%2C3%2C4&amp;bbox=1853255.6886754944%2C5331146.504185979%2C1854979.104797612%2C5332297.836924524\">Varchu, Na-<\/a><\/span><\/td>\n<td>Podru\u010dje<\/td>\n<td>Lat: 43.12960\u00a0 Lon: 16.65570<\/td>\n<td>Katastar \/ Kataster 1834<\/td>\n<\/tr>\n<tr>\n<td><span style=\"color: #3366ff;\"><a style=\"color: #3366ff;\" href=\"https:\/\/maps.arcanum.com\/de\/map\/cadastral\/?layers=here-aerial%2C3%2C4&amp;bbox=1850606.3692999962%2C5331654.9929575045%2C1852329.7854221137%2C5332806.325696049\">Varchu, Na-<\/a><\/span><\/td>\n<td>Podru\u010dje<\/td>\n<td>Lat: 43.13310\u00a0 Lon: 16.63200<\/td>\n<td>Katastar \/ Kataster 1834<\/td>\n<\/tr>\n<tr>\n<td><span style=\"color: #3366ff;\"><a style=\"color: #3366ff;\" href=\"https:\/\/maps.arcanum.com\/de\/map\/cadastral\/?layers=here-aerial%2C3%2C4&amp;bbox=1853255.6886754944%2C5331146.504185979%2C1854979.104797612%2C5332297.836924524\">Varbagnsky Cuce<\/a><\/span><\/td>\n<td>Zaseok<\/td>\n<td>Lat: 43.13100\u00a0 Lon: 16.63550<\/td>\n<td>Katastar \/ Kataster 1834<\/td>\n<\/tr>\n<tr>\n<td><span style=\"color: #3366ff;\"><a style=\"color: #3366ff;\" href=\"https:\/\/maps.arcanum.com\/de\/map\/cadastral\/?layers=here-aerial%2C3%2C4&amp;bbox=1851002.355996179%2C5331342.016209494%2C1852725.7721182965%2C5332493.348948039\">Vrbanjske Ku\u0107e<\/a><\/span><\/td>\n<td>Ku\u0107e<\/td>\n<td>Lat: 43.13115\u00a0 Lon: 16.63717<\/td>\n<td>Hvar- Hrvatska osnovna karta<\/td>\n<\/tr>\n<tr>\n<td><span style=\"color: #3366ff;\"><a style=\"color: #3366ff;\" href=\"https:\/\/goo.gl\/maps\/vCUk8ThtUGAS2JoR6\">Zakupica<\/a><\/span><\/td>\n<td>Podru\u010dje<\/td>\n<td>Lat: 43.12988\u00a0 Lon: 16.65670<\/td>\n<td>Hvar- topografska karta 1:25.000<\/td>\n<\/tr>\n<\/tbody>\n<\/table>\n<p style=\"text-align: right;\"><span style=\"color: #3366ff;\"><a style=\"color: #3366ff;\" href=\"#seite_oben\">natrag na vrh \/ Seitenanfang<\/a><\/span><\/p>\n<hr \/>\n<p><strong>Linkovi \/ Links<\/strong><\/p>\n<p>&#8211;<\/p>\n","protected":false},"excerpt":{"rendered":"<p>Ime \/ Name Ivan Dolac &#8211; Nazivi mjesta i podru\u010dja \/ Orts- und Gebietsnamen Code: ID-AI-01\u00a0 \u00a0 \u00a0 \u00a0 \u00a0 \u00a0 \u00a0 \u00a0 \u00a0 \u00a0 \u00a0 \u00a0 \u00a0 \u00a0 \u00a0 \u00a0 \u00a0 \u00a0 \u00a0 \u00a0\u00a0 Adresa \/ Adresse Ivan Dolac &hellip; <a href=\"https:\/\/www.topohvar.at\/topo\/orte\/id\/id-ai-01-1\/\">Weiterlesen <span class=\"meta-nav\">&rarr;<\/span><\/a><\/p>\n","protected":false},"author":1,"featured_media":0,"parent":83,"menu_order":0,"comment_status":"closed","ping_status":"closed","template":"","meta":{"footnotes":""},"class_list":["post-46220","page","type-page","status-publish","hentry"],"_links":{"self":[{"href":"https:\/\/www.topohvar.at\/topo\/wp-json\/wp\/v2\/pages\/46220","targetHints":{"allow":["GET"]}}],"collection":[{"href":"https:\/\/www.topohvar.at\/topo\/wp-json\/wp\/v2\/pages"}],"about":[{"href":"https:\/\/www.topohvar.at\/topo\/wp-json\/wp\/v2\/types\/page"}],"author":[{"embeddable":true,"href":"https:\/\/www.topohvar.at\/topo\/wp-json\/wp\/v2\/users\/1"}],"replies":[{"embeddable":true,"href":"https:\/\/www.topohvar.at\/topo\/wp-json\/wp\/v2\/comments?post=46220"}],"version-history":[{"count":4,"href":"https:\/\/www.topohvar.at\/topo\/wp-json\/wp\/v2\/pages\/46220\/revisions"}],"predecessor-version":[{"id":51708,"href":"https:\/\/www.topohvar.at\/topo\/wp-json\/wp\/v2\/pages\/46220\/revisions\/51708"}],"up":[{"embeddable":true,"href":"https:\/\/www.topohvar.at\/topo\/wp-json\/wp\/v2\/pages\/83"}],"wp:attachment":[{"href":"https:\/\/www.topohvar.at\/topo\/wp-json\/wp\/v2\/media?parent=46220"}],"curies":[{"name":"wp","href":"https:\/\/api.w.org\/{rel}","templated":true}]}}