{"id":46246,"date":"2021-01-31T17:33:50","date_gmt":"2021-01-31T16:33:50","guid":{"rendered":"https:\/\/www.topohvar.at\/topo\/?page_id=46246"},"modified":"2021-09-13T16:47:28","modified_gmt":"2021-09-13T14:47:28","slug":"mi-ai-01-1","status":"publish","type":"page","link":"https:\/\/www.topohvar.at\/topo\/orte\/mi\/mi-ai-01-1\/","title":{"rendered":"MILNA &#8211; Nazivi mjesta i podru\u010dja"},"content":{"rendered":"<p><a name=\"seite_oben\"><\/a><\/p>\n<div id=\"attachment_46247\" style=\"width: 1090px\" class=\"wp-caption alignnone\"><a href=\"https:\/\/www.topohvar.at\/wp-content\/uploads\/2021\/01\/mi-ai-01.jpg\"><img loading=\"lazy\" decoding=\"async\" aria-describedby=\"caption-attachment-46247\" class=\"wp-image-46247 size-full\" src=\"https:\/\/www.topohvar.at\/wp-content\/uploads\/2021\/01\/mi-ai-01.jpg\" alt=\"\" width=\"1080\" height=\"530\" srcset=\"https:\/\/www.topohvar.at\/wp-content\/uploads\/2021\/01\/mi-ai-01.jpg 1080w, https:\/\/www.topohvar.at\/wp-content\/uploads\/2021\/01\/mi-ai-01-300x147.jpg 300w, https:\/\/www.topohvar.at\/wp-content\/uploads\/2021\/01\/mi-ai-01-1024x503.jpg 1024w, https:\/\/www.topohvar.at\/wp-content\/uploads\/2021\/01\/mi-ai-01-768x377.jpg 768w\" sizes=\"auto, (max-width: 1080px) 100vw, 1080px\" \/><\/a><p id=\"caption-attachment-46247\" class=\"wp-caption-text\">Uve\u0107aj sliku \u2013 klikni! \/ Bild vergr\u00f6\u00dfern \u2013 klicken!<\/p><\/div>\n<p><strong>Ime \/ Name<br \/>\n<\/strong>Milna &#8211; Nazivi mjesta i podru\u010dja \/ Orts- und Gebietsnamen<\/p>\n<p><strong>Code: <\/strong>MI-AI-01\u00a0 \u00a0 \u00a0 \u00a0 \u00a0 \u00a0 \u00a0 \u00a0 \u00a0 \u00a0 \u00a0 \u00a0 \u00a0 \u00a0 \u00a0 \u00a0 \u00a0 \u00a0 \u00a0 \u00a0\u00a0<strong> <a href=\"https:\/\/www.topohvar.at\/topo\/orte\/mi\/mi-aa-01-1\/\"><img loading=\"lazy\" decoding=\"async\" class=\"alignnone wp-image-533 size-full\" src=\"https:\/\/www.topohvar.at\/wp-content\/uploads\/2018\/07\/push-l-30.jpg\" alt=\"\" width=\"61\" height=\"30\" \/><\/a> <a href=\"https:\/\/www.topohvar.at\/orte\/mi\/\"><img loading=\"lazy\" decoding=\"async\" class=\"alignnone wp-image-535 size-full\" src=\"https:\/\/www.topohvar.at\/wp-content\/uploads\/2018\/07\/push-o-30.jpg\" alt=\"\" width=\"61\" height=\"30\" \/><\/a> <a href=\"https:\/\/www.topohvar.at\/topo\/orte\/mi\/mi-au-10-1\/\"><img loading=\"lazy\" decoding=\"async\" class=\"alignnone wp-image-12299 size-full\" src=\"https:\/\/www.topohvar.at\/wp-content\/uploads\/2018\/09\/push-next-30.jpg\" alt=\"\" width=\"61\" height=\"30\" \/><\/a> <\/strong><\/p>\n<hr \/>\n<p><strong>Adresa \/ Adresse<br \/>\n<\/strong>Milna<\/p>\n<p><strong>Datum snimanja \/ Erfassungsdatum<br \/>\n<\/strong>31.01.2021 :18:00:00<\/p>\n<hr \/>\n<div class='content-column one_half'><div style=\"padding-right:6px;\"><p><strong>Nazivi mjesta i podru\u010dja<\/strong><\/p>\n<p>Na popisu ispod na\u0107i \u0107ete sva imena koja se nalaze na na podru\u010dju Milne u:<\/p><\/div><\/div><div class='content-column one_half last_column'><div style=\"padding-right:0px;padding-left:6px;\"><p><strong>Orts- und Gebietsnamen<\/strong><\/p>\n<p>In der nachstehenden Liste befinden sich alle Namen, die im Bereich Milna verzeichnet sind in:<\/p><\/div><\/div><div class='clear_column'><\/div><div class='content-column one_half'><div style=\"padding-right:6px;\"><p>&#8211; turisti\u010dkoj karti otoka Hvara, 1:75.000<br \/>\n&#8211; topografskoj karti otoka Hvara, 1:25.000<br \/>\n<span style=\"color: #ffffff;\">&#8211;<\/span> (izvor: Geoportal DGU)<br \/>\n&#8211; osnovnoj karti otoka Hvar (izvor: Geoportal DGU)<br \/>\n&#8211; Katastar iz 1834. godine (&#8222;Franziszeischer Kataster&#8220;) (Izvor: https:\/\/maps.arcanum.com\/de\/map\/cadastral\/)<\/p>\n<p>Klik na ime prikazuje mjesto na Google Maps ili maps.arcanum.com.<\/p><\/div><\/div><div class='content-column one_half last_column'><div style=\"padding-right:0px;padding-left:6px;\"><p>&#8211; touristische Karte der Insel Hvar, 1:75.000<br \/>\n&#8211; topographische Karte der Insel Hvar, 1:25.000<br \/>\n<span style=\"color: #ffffff;\">&#8211;<\/span> (Quelle: Geoportal DGU)<br \/>\n&#8211; Grundkarte der Insel Hvar (Quelle: Geoportal DGU)<br \/>\n&#8211; Franziszeischer Kataster 1834 (Quelle: https:\/\/maps.arcanum.com\/de\/map\/cadastral\/)<\/p>\n<p>Ein Klick auf den Namen zeigt den Ort in Google Maps oder in maps.arcanum.com.<\/p><\/div><\/div><div class='clear_column'><\/div><\/p>\n<table width=\"546\">\n<tbody>\n<tr>\n<td width=\"178\"><span style=\"color: #3366ff;\"><a style=\"color: #3366ff;\" href=\"https:\/\/maps.arcanum.com\/de\/map\/cadastral\/?layers=here-aerial%2C3%2C4&amp;bbox=1834122.0673226675%2C5336228.016503357%2C1835858.6210590212%2C5337393.681184706\">Boglich<\/a><\/span><\/td>\n<td width=\"54\">Ku\u0107e<\/td>\n<td width=\"148\">Lat: 43.16300\u00a0 Lon: 16.48400<\/td>\n<td width=\"166\">Katastar \/ Kataster 1834<\/td>\n<\/tr>\n<tr>\n<td><span style=\"color: #3366ff;\"><a style=\"color: #3366ff;\" href=\"https:\/\/maps.arcanum.com\/de\/map\/cadastral\/?layers=here-aerial%2C3%2C4&amp;bbox=1834718.2275208489%2C5335932.185736825%2C1836454.7812572026%2C5337097.850418174\">Celikovaz<\/a><\/span><\/td>\n<td>Podru\u010dje<\/td>\n<td>Lat: 43.16110\u00a0 Lon: 16.48950<\/td>\n<td>Katastar \/ Kataster 1834<\/td>\n<\/tr>\n<tr>\n<td><span style=\"color: #3366ff;\"><a style=\"color: #3366ff;\" href=\"https:\/\/goo.gl\/maps\/gfbn1t5bGZgXwM2Z6\">\u010celikovac, 127 m<\/a><\/span><\/td>\n<td>Podru\u010dje<\/td>\n<td>Lat: 43.16356\u00a0 Lon: 16.49668<\/td>\n<td>Hvar- turisti\u010dka karta 1:75.000<\/td>\n<\/tr>\n<tr>\n<td><span style=\"color: #3366ff;\"><a style=\"color: #3366ff;\" href=\"https:\/\/maps.arcanum.com\/de\/map\/cadastral\/?layers=here-aerial%2C3%2C4&amp;bbox=1835126.1575027013%2C5337181.412761251%2C1836862.711239055%2C5338347.0774426\">Crivocia<\/a><\/span><\/td>\n<td>Podru\u010dje<\/td>\n<td>Lat: 43.16930\u00a0 Lon: 16.49300<\/td>\n<td>Katastar \/ Kataster 1834<\/td>\n<\/tr>\n<tr>\n<td><span style=\"color: #3366ff;\"><a style=\"color: #3366ff;\" href=\"https:\/\/goo.gl\/maps\/u5wikn6KsvpqSHf58\">Kova\u010di\u0161nica (Kova\u010devo), 275 m<\/a><\/span><\/td>\n<td>Brdo<\/td>\n<td>Lat: 43.17026\u00a0 Lon: 16.48519<\/td>\n<td>Hvar- topografska karta 1:25.000<\/td>\n<\/tr>\n<tr>\n<td><span style=\"color: #3366ff;\"><a style=\"color: #3366ff;\" href=\"https:\/\/goo.gl\/maps\/32VDKN8J6ycm74ry7\">Milna<\/a><\/span><\/td>\n<td>Selo<\/td>\n<td>Lat: 43.16234\u00a0 Lon: 16.48760<\/td>\n<td>Hvar- turisti\u010dka karta 1:75.000<\/td>\n<\/tr>\n<tr>\n<td><span style=\"color: #3366ff;\"><a style=\"color: #3366ff;\" href=\"https:\/\/maps.arcanum.com\/de\/map\/cadastral\/?layers=here-aerial%2C3%2C4&amp;bbox=1834118.4843369666%2C5336398.741208529%2C1835855.0380733204%2C5337564.405889878\">Milna<\/a><\/span><\/td>\n<td>Podru\u010dje<\/td>\n<td>Lat: 43.16400\u00a0 Lon: 16.48400<\/td>\n<td>Katastar \/ Kataster 1834<\/td>\n<\/tr>\n<\/tbody>\n<\/table>\n<p style=\"text-align: right;\"><span style=\"color: #3366ff;\"><a style=\"color: #3366ff;\" href=\"#seite_oben\">natrag na vrh \/ Seitenanfang<\/a><\/span><\/p>\n<hr \/>\n<p><strong>Linkovi \/ Links<\/strong><\/p>\n<p>&#8211;<\/p>\n","protected":false},"excerpt":{"rendered":"<p>Ime \/ Name Milna &#8211; Nazivi mjesta i podru\u010dja \/ Orts- und Gebietsnamen Code: MI-AI-01\u00a0 \u00a0 \u00a0 \u00a0 \u00a0 \u00a0 \u00a0 \u00a0 \u00a0 \u00a0 \u00a0 \u00a0 \u00a0 \u00a0 \u00a0 \u00a0 \u00a0 \u00a0 \u00a0 \u00a0\u00a0 Adresa \/ Adresse Milna Datum snimanja &hellip; <a href=\"https:\/\/www.topohvar.at\/topo\/orte\/mi\/mi-ai-01-1\/\">Weiterlesen <span class=\"meta-nav\">&rarr;<\/span><\/a><\/p>\n","protected":false},"author":1,"featured_media":0,"parent":87,"menu_order":0,"comment_status":"closed","ping_status":"closed","template":"","meta":{"footnotes":""},"class_list":["post-46246","page","type-page","status-publish","hentry"],"_links":{"self":[{"href":"https:\/\/www.topohvar.at\/topo\/wp-json\/wp\/v2\/pages\/46246","targetHints":{"allow":["GET"]}}],"collection":[{"href":"https:\/\/www.topohvar.at\/topo\/wp-json\/wp\/v2\/pages"}],"about":[{"href":"https:\/\/www.topohvar.at\/topo\/wp-json\/wp\/v2\/types\/page"}],"author":[{"embeddable":true,"href":"https:\/\/www.topohvar.at\/topo\/wp-json\/wp\/v2\/users\/1"}],"replies":[{"embeddable":true,"href":"https:\/\/www.topohvar.at\/topo\/wp-json\/wp\/v2\/comments?post=46246"}],"version-history":[{"count":6,"href":"https:\/\/www.topohvar.at\/topo\/wp-json\/wp\/v2\/pages\/46246\/revisions"}],"predecessor-version":[{"id":51747,"href":"https:\/\/www.topohvar.at\/topo\/wp-json\/wp\/v2\/pages\/46246\/revisions\/51747"}],"up":[{"embeddable":true,"href":"https:\/\/www.topohvar.at\/topo\/wp-json\/wp\/v2\/pages\/87"}],"wp:attachment":[{"href":"https:\/\/www.topohvar.at\/topo\/wp-json\/wp\/v2\/media?parent=46246"}],"curies":[{"name":"wp","href":"https:\/\/api.w.org\/{rel}","templated":true}]}}