{"id":46267,"date":"2021-02-01T10:13:20","date_gmt":"2021-02-01T09:13:20","guid":{"rendered":"https:\/\/www.topohvar.at\/topo\/?page_id=46267"},"modified":"2021-09-16T09:01:59","modified_gmt":"2021-09-16T07:01:59","slug":"op-ai-01-1","status":"publish","type":"page","link":"https:\/\/www.topohvar.at\/topo\/orte\/op\/op-ai-01-1\/","title":{"rendered":"PAKLENI ARHIPELAG &#8211; Nazivi mjesta i podru\u010dja"},"content":{"rendered":"<p><a name=\"seite_oben\"><\/a><\/p>\n<div id=\"attachment_46268\" style=\"width: 1090px\" class=\"wp-caption alignnone\"><a href=\"https:\/\/www.topohvar.at\/wp-content\/uploads\/2021\/02\/op-ai-01.jpg\"><img loading=\"lazy\" decoding=\"async\" aria-describedby=\"caption-attachment-46268\" class=\"wp-image-46268 size-full\" src=\"https:\/\/www.topohvar.at\/wp-content\/uploads\/2021\/02\/op-ai-01.jpg\" alt=\"\" width=\"1080\" height=\"530\" srcset=\"https:\/\/www.topohvar.at\/wp-content\/uploads\/2021\/02\/op-ai-01.jpg 1080w, https:\/\/www.topohvar.at\/wp-content\/uploads\/2021\/02\/op-ai-01-300x147.jpg 300w, https:\/\/www.topohvar.at\/wp-content\/uploads\/2021\/02\/op-ai-01-1024x503.jpg 1024w, https:\/\/www.topohvar.at\/wp-content\/uploads\/2021\/02\/op-ai-01-768x377.jpg 768w\" sizes=\"auto, (max-width: 1080px) 100vw, 1080px\" \/><\/a><p id=\"caption-attachment-46268\" class=\"wp-caption-text\">Uve\u0107aj sliku \u2013 klikni! \/ Bild vergr\u00f6\u00dfern \u2013 klicken!<\/p><\/div>\n<p><strong>Ime \/ Name<br \/>\n<\/strong>Pakleni arhipelag &#8211; Nazivi mjesta i podru\u010dja \/ Orts- und Gebietsnamen<\/p>\n<p><strong>Code: <\/strong>OP-AI-01\u00a0 \u00a0 \u00a0 \u00a0 \u00a0 \u00a0 \u00a0 \u00a0 \u00a0 \u00a0 \u00a0 \u00a0 \u00a0 \u00a0 \u00a0 \u00a0 \u00a0 \u00a0 \u00a0 \u00a0 <a href=\"https:\/\/www.topohvar.at\/topo\/orte\/op\/op-au-10-1\/\"><img loading=\"lazy\" decoding=\"async\" class=\"alignnone wp-image-12300 size-full\" src=\"https:\/\/www.topohvar.at\/wp-content\/uploads\/2018\/09\/push-vor-30.jpg\" alt=\"\" width=\"61\" height=\"30\" \/><\/a><strong> <a href=\"https:\/\/www.topohvar.at\/topo\/orte\/op\/os-aa-02-1\/\"><img loading=\"lazy\" decoding=\"async\" class=\"alignnone wp-image-533 size-full\" src=\"https:\/\/www.topohvar.at\/wp-content\/uploads\/2018\/07\/push-l-30.jpg\" alt=\"\" width=\"61\" height=\"30\" \/><\/a> <a href=\"https:\/\/www.topohvar.at\/orte\/op\/\"><img loading=\"lazy\" decoding=\"async\" class=\"alignnone wp-image-535 size-full\" src=\"https:\/\/www.topohvar.at\/wp-content\/uploads\/2018\/07\/push-o-30.jpg\" alt=\"\" width=\"61\" height=\"30\" \/><\/a> <a href=\"https:\/\/www.topohvar.at\/topo\/orte\/op\/op-aa-00-1\/\"><img loading=\"lazy\" decoding=\"async\" class=\"alignnone wp-image-536 size-full\" src=\"https:\/\/www.topohvar.at\/wp-content\/uploads\/2018\/07\/push-r-30.jpg\" alt=\"\" width=\"61\" height=\"30\" \/><\/a> <a href=\"https:\/\/www.topohvar.at\/topo\/orte\/op\/op-ao-10-1\/\"><img loading=\"lazy\" decoding=\"async\" class=\"alignnone wp-image-12299 size-full\" src=\"https:\/\/www.topohvar.at\/wp-content\/uploads\/2018\/09\/push-next-30.jpg\" alt=\"\" width=\"61\" height=\"30\" \/><\/a> <\/strong><\/p>\n<hr \/>\n<p><strong>Adresa \/ Adresse<br \/>\n<\/strong>Pakleni arhipelag<\/p>\n<p><strong>Datum snimanja \/ Erfassungsdatum<br \/>\n<\/strong>01.02.2021 :10:00:00<\/p>\n<hr \/>\n<div class='content-column one_half'><div style=\"padding-right:6px;\"><p><strong>Nazivi mjesta i podru\u010dja<\/strong><\/p>\n<p>Na popisu ispod na\u0107i \u0107ete sva imena koja su zabilje\u017eena u arhipelagu Pakleni u:<\/p><\/div><\/div><div class='content-column one_half last_column'><div style=\"padding-right:0px;padding-left:6px;\"><p><strong>Orts- und Gebietsnamen<\/strong><\/p>\n<p>In der nachstehenden Liste befinden sich alle Namen, die am Pakleni-Achipel verzeichnet sind in:<\/p><\/div><\/div><div class='clear_column'><\/div><div class='content-column one_half'><div style=\"padding-right:6px;\"><p>&#8211; turisti\u010dkoj karti otoka Hvara, 1:75.000<br \/>\n&#8211; topografskoj karti otoka Hvara, 1:25.000<br \/>\n<span style=\"color: #ffffff;\">&#8211;<\/span> (izvor: Geoportal DGU)<br \/>\n&#8211; osnovnoj karti otoka Hvar (izvor: Geoportal DGU)<br \/>\n&#8211; Katastar iz 1834. godine (&#8222;Franziszeischer Kataster&#8220;) (Izvor: https:\/\/maps.arcanum.com\/de\/map\/cadastral\/)<\/p>\n<p>Klik na ime prikazuje mjesto na Google Maps ili maps.arcanum.com.<\/p><\/div><\/div><div class='content-column one_half last_column'><div style=\"padding-right:0px;padding-left:6px;\"><p>&#8211; touristische Karte der Insel Hvar, 1:75.000<br \/>\n&#8211; topographische Karte der Insel Hvar, 1:25.000<br \/>\n<span style=\"color: #ffffff;\">&#8211;<\/span> (Quelle: Geoportal DGU)<br \/>\n&#8211; Grundkarte der Insel Hvar (Quelle: Geoportal DGU)<br \/>\n&#8211; Franziszeischer Kataster 1834 (Quelle: https:\/\/maps.arcanum.com\/de\/map\/cadastral\/)<\/p>\n<p>Ein Klick auf den Namen zeigt den Ort in Google Maps oder in maps.arcanum.com.<\/p><\/div><\/div><div class='clear_column'><\/div><\/p>\n<table width=\"546\">\n<tbody>\n<tr>\n<td width=\"120\"><span style=\"color: #3366ff;\"><a style=\"color: #3366ff;\" href=\"https:\/\/maps.arcanum.com\/de\/map\/cadastral\/?layers=here-aerial%2C3%2C4&amp;bbox=1826817.11149157%2C5335362.037971739%2C1828551.2765707897%2C5336527.702653088\">Abrami<\/a><\/span><\/td>\n<td width=\"54\">Ku\u0107e (Marinkovac)<\/td>\n<td width=\"148\">Lat: 43.15699\u00a0 Lon: 16.41709<\/td>\n<td width=\"166\">Katastar \/ Kataster 1834<\/td>\n<\/tr>\n<tr>\n<td><span style=\"color: #3366ff;\"><a style=\"color: #3366ff;\" href=\"https:\/\/maps.arcanum.com\/de\/map\/cadastral\/?layers=here-aerial%2C3%2C4&amp;bbox=1826975.6372170728%2C5335446.79221125%2C1828709.8022962925%2C5336612.456892599\">Abrami<\/a><\/span><\/td>\n<td>Podru\u010de (Marinkovac)<\/td>\n<td>Lat: 43.15780\u00a0 Lon: 16.41990<\/td>\n<td>Katastar \/ Kataster 1834<\/td>\n<\/tr>\n<tr>\n<td><span style=\"color: #3366ff;\"><a style=\"color: #3366ff;\" href=\"https:\/\/maps.arcanum.com\/de\/map\/cadastral\/?layers=here-aerial%2C3%2C4&amp;bbox=1826795.7559625534%2C5335092.71203996%2C1828529.9210417732%2C5336258.376721309\">Abrami Poglie<\/a><\/span><\/td>\n<td>Podru\u010de (Marinkovac)<\/td>\n<td>Lat: 43.15550\u00a0 Lon: 16.41820<\/td>\n<td>Katastar \/ Kataster 1834<\/td>\n<\/tr>\n<tr>\n<td><span style=\"color: #3366ff;\"><a style=\"color: #3366ff;\" href=\"https:\/\/goo.gl\/maps\/8tR1dqhCQcimhfMz8\">Abramovi<\/a><\/span><\/td>\n<td>Zaseok (Marinkovac)<\/td>\n<td>Lat: 43.15699\u00a0 Lon: 16.41709<\/td>\n<td>Hvar- Hrvatska osnovna karta<\/td>\n<\/tr>\n<tr>\n<td><span style=\"color: #3366ff;\"><a style=\"color: #3366ff;\" href=\"https:\/\/goo.gl\/maps\/it3q8bwuUhEr3hJB8\">Baba<\/a><\/span><\/td>\n<td>Hrid<\/td>\n<td>Lat: 43.16821\u00a0 Lon: 16.39505<\/td>\n<td>Hvar- turisti\u010dka karta 1:75.000<\/td>\n<\/tr>\n<tr>\n<td><span style=\"color: #3366ff;\"><a style=\"color: #3366ff;\" href=\"https:\/\/maps.arcanum.com\/de\/map\/cadastral\/?layers=here-aerial%2C3%2C4&amp;bbox=1824250.8055314736%2C5336971.3509606505%2C1825984.9706106933%2C5338137.015641999\">Baba<\/a><\/span><\/td>\n<td>Hrid<\/td>\n<td>Lat: 43.16821\u00a0 Lon: 16.39505<\/td>\n<td>Katastar \/ Kataster 1834<\/td>\n<\/tr>\n<tr>\n<td><span style=\"color: #3366ff;\"><a style=\"color: #3366ff;\" href=\"https:\/\/maps.arcanum.com\/de\/map\/cadastral\/?layers=here-aerial%2C3%2C4&amp;bbox=1819392.2415902019%2C5337024.551225791%2C1821126.4066694216%2C5338190.21590714\">Bebich<\/a><\/span><\/td>\n<td>Ku\u0107a (Sv. Klement)<\/td>\n<td>Lat: 43.16810\u00a0 Lon: 16.35160<\/td>\n<td>Katastar \/ Kataster 1835<\/td>\n<\/tr>\n<tr>\n<td><span style=\"color: #3366ff;\"><a style=\"color: #3366ff;\" href=\"https:\/\/goo.gl\/maps\/a6fyyezDwjD9KXHq9\">Borovac<\/a><\/span><\/td>\n<td>Oto\u010di\u0107<\/td>\n<td>Lat: 43.17287\u00a0 Lon: 16.33288<\/td>\n<td>Hvar- turisti\u010dka karta 1:75.000<\/td>\n<\/tr>\n<tr>\n<td><span style=\"color: #3366ff;\"><a style=\"color: #3366ff;\" href=\"https:\/\/goo.gl\/maps\/8MiYvqBpzashCrF79\">Borovac<\/a><\/span><\/td>\n<td>Otok<\/td>\n<td>Lat: 43.15997\u00a0 Lon: 16.40767<\/td>\n<td>Hvar- turisti\u010dka karta 1:75.000<\/td>\n<\/tr>\n<tr>\n<td><span style=\"color: #3366ff;\"><a style=\"color: #3366ff;\" href=\"https:\/\/maps.arcanum.com\/de\/map\/cadastral\/?layers=3%2C4&amp;bbox=1817374.970599931%2C5337832.763932179%2C1819109.1356791507%2C5338998.428613528\">Borovaz<\/a><\/span><\/td>\n<td>Oto\u010di\u0107<\/td>\n<td>Lat: 43.17287\u00a0 Lon: 16.33288<\/td>\n<td>Katastar \/ Kataster 1834<\/td>\n<\/tr>\n<tr>\n<td><span style=\"color: #3366ff;\"><a style=\"color: #3366ff;\" href=\"https:\/\/maps.arcanum.com\/de\/map\/cadastral\/?layers=here-aerial%2C3%2C4&amp;bbox=1825672.9447244208%2C5335823.04879858%2C1827407.1098036405%2C5336988.713479929\">Borovaz<\/a><\/span><\/td>\n<td>Otok<\/td>\n<td>Lat: 43.15997\u00a0 Lon: 16.40767<\/td>\n<td>Katastar \/ Kataster 1834<\/td>\n<\/tr>\n<tr>\n<td><span style=\"color: #3366ff;\"><a style=\"color: #3366ff;\" href=\"https:\/\/maps.arcanum.com\/de\/map\/cadastral\/?layers=3%2C4&amp;bbox=1815180.9890224298%2C5338292.58043046%2C1816915.1541016495%2C5339458.245111809\">Carbun<\/a><\/span><\/td>\n<td>Hrid<\/td>\n<td>Lat: 43.17608\u00a0 Lon: 16.31449<\/td>\n<td>Katastar \/ Kataster 1834<\/td>\n<\/tr>\n<tr>\n<td><span style=\"color: #3366ff;\"><a style=\"color: #3366ff;\" href=\"https:\/\/goo.gl\/maps\/HKfXWEaT4hwUjTcZ9\">Dobri Otok<\/a><\/span><\/td>\n<td>Otok<\/td>\n<td>Lat: 43.15298\u00a0 Lon: 16.36030<\/td>\n<td>Hvar- turisti\u010dka karta 1:75.000<\/td>\n<\/tr>\n<tr>\n<td><span style=\"color: #3366ff;\"><a style=\"color: #3366ff;\" href=\"https:\/\/maps.arcanum.com\/de\/map\/cadastral\/?layers=here-aerial%2C3%2C4&amp;bbox=1820328.4339470288%2C5334711.1870053075%2C1822062.5990262486%2C5335876.8516866565\">Dobriottoch<\/a><\/span><\/td>\n<td>Otok<\/td>\n<td>Lat: 43.15298\u00a0 Lon: 16.36030<\/td>\n<td>Katastar \/ Kataster 1834<\/td>\n<\/tr>\n<tr>\n<td><span style=\"color: #3366ff;\"><a style=\"color: #3366ff;\" href=\"https:\/\/maps.arcanum.com\/de\/map\/cadastral\/?layers=here-aerial%2C3%2C4&amp;bbox=1829004.7977584368%2C5336698.447636668%2C1830738.9628376565%2C5337864.112318017\">Galisnich<\/a><\/span><\/td>\n<td>Oto\u010di\u0107<\/td>\n<td>Lat: 43.16608\u00a0 Lon: 16.43796<\/td>\n<td>Katastar \/ Kataster 1834<\/td>\n<\/tr>\n<tr>\n<td><span style=\"color: #3366ff;\"><a style=\"color: #3366ff;\" href=\"https:\/\/goo.gl\/maps\/2CQSwjTYVd1dQCiY9\">Gali\u0161nik<\/a><\/span><\/td>\n<td>Oto\u010di\u0107<\/td>\n<td>Lat: 43.16608\u00a0 Lon: 16.43796<\/td>\n<td>Hvar- turisti\u010dka karta 1:75.000<\/td>\n<\/tr>\n<tr>\n<td><a href=\"https:\/\/goo.gl\/maps\/aoC6SmjqNxUkbvEEA\">Glava<\/a><\/td>\n<td>Podru\u010de (Sv. Klement)<\/td>\n<td>Lat: 43.16201\u00a0 Lon: 16.37991<\/td>\n<td>Hvar- Hrvatska osnovna karta<\/td>\n<\/tr>\n<tr>\n<td><span style=\"color: #3366ff;\"><a style=\"color: #3366ff;\" href=\"https:\/\/goo.gl\/maps\/9DA3hs4qLWLrtaTaA\">Glava, Vela-, 94 m<\/a><\/span><\/td>\n<td>Brdo (Sv. Klement)<\/td>\n<td>Lat: 43.17121\u00a0 Lon: 16.34821<\/td>\n<td>Hvar- turisti\u010dka karta 1:75.000<\/td>\n<\/tr>\n<tr>\n<td><span style=\"color: #3366ff;\"><a style=\"color: #3366ff;\" href=\"https:\/\/maps.arcanum.com\/de\/map\/cadastral\/?layers=here-aerial%2C3%2C4&amp;bbox=1825332.5610828393%2C5336863.906144678%2C1827066.726162059%2C5338029.570826027\">Goiza<\/a><\/span><\/td>\n<td>Oto\u010di\u0107<\/td>\n<td>Lat: 43.16737\u00a0 Lon: 16.40546<\/td>\n<td>Katastar \/ Kataster 1834<\/td>\n<\/tr>\n<tr>\n<td><span style=\"color: #3366ff;\"><a style=\"color: #3366ff;\" href=\"https:\/\/goo.gl\/maps\/KDk6PErgQGx6UBbH7\">Gojca<\/a><\/span><\/td>\n<td>Oto\u010di\u0107<\/td>\n<td>Lat: 43.16737\u00a0 Lon: 16.40546<\/td>\n<td>Hvar- turisti\u010dka karta 1:75.000<\/td>\n<\/tr>\n<tr>\n<td><span style=\"color: #3366ff;\"><a style=\"color: #3366ff;\" href=\"https:\/\/maps.arcanum.com\/de\/map\/cadastral\/?layers=here-aerial%2C3%2C4&amp;bbox=1824866.7729417228%2C5336758.8052307805%2C1826600.9380209425%2C5337924.469912129\">Ismetischie<\/a><\/span><\/td>\n<td>Podru\u010de (Sv. Klement)<\/td>\n<td>Lat: 43.16630\u00a0 Lon: 16.40090<\/td>\n<td>Katastar \/ Kataster 1834<\/td>\n<\/tr>\n<tr>\n<td><span style=\"color: #3366ff;\"><a style=\"color: #3366ff;\" href=\"https:\/\/goo.gl\/maps\/bZ3H5i6Qp32mJ1CE6\">Jerolim<\/a><\/span><\/td>\n<td>Otok<\/td>\n<td>Lat: 43.15961\u00a0 Lon: 16.43362<\/td>\n<td>Hvar- turisti\u010dka karta 1:75.000<\/td>\n<\/tr>\n<tr>\n<td><span style=\"color: #3366ff;\"><a style=\"color: #3366ff;\" href=\"https:\/\/goo.gl\/maps\/ZajFpjLhkYTDFLWE7\">Karbun<\/a><\/span><\/td>\n<td>Hrid<\/td>\n<td>Lat: 43.17608\u00a0 Lon: 16.31449<\/td>\n<td>Hvar- turisti\u010dka karta 1:75.000<\/td>\n<\/tr>\n<tr>\n<td><span style=\"color: #3366ff;\"><a style=\"color: #3366ff;\" href=\"https:\/\/maps.arcanum.com\/de\/map\/cadastral\/?layers=3%2C4&amp;bbox=1816487.5844746805%2C5338208.977430778%2C1818221.7495539002%2C5339374.642112127\">Lengua<\/a><\/span><\/td>\n<td>Hrid<\/td>\n<td>Lat: 43.17614\u00a0 Lon: 16.32525<\/td>\n<td>Katastar \/ Kataster 1834<\/td>\n<\/tr>\n<tr>\n<td><span style=\"color: #3366ff;\"><a style=\"color: #3366ff;\" href=\"https:\/\/goo.gl\/maps\/DEM5LGaZ3qTsD8Nx9\">Lengva<\/a><\/span><\/td>\n<td>Hrid<\/td>\n<td>Lat: 43.17614\u00a0 Lon: 16.32525<\/td>\n<td>Hvar- turisti\u010dka karta 1:75.000<\/td>\n<\/tr>\n<tr>\n<td><span style=\"color: #3366ff;\"><a style=\"color: #3366ff;\" href=\"https:\/\/maps.arcanum.com\/de\/map\/cadastral\/?layers=here-aerial%2C3%2C4&amp;bbox=1819673.212428299%2C5336881.758854427%2C1821407.3775075187%2C5338047.423535776\">Mamine Poglie<\/a><\/span><\/td>\n<td>Podru\u010dje (Sv. Klement)<\/td>\n<td>Lat: 43.16730\u00a0 Lon: 16.35410<\/td>\n<td>Katastar \/ Kataster 1834<\/td>\n<\/tr>\n<tr>\n<td><span style=\"color: #3366ff;\"><a style=\"color: #3366ff;\" href=\"https:\/\/maps.arcanum.com\/de\/map\/cadastral\/?layers=here-aerial%2C3%2C4&amp;bbox=1826979.5315068935%2C5335590.788736436%2C1828713.6965861132%2C5336756.453417785\">Marincovaz<\/a><\/span><\/td>\n<td>Podru\u010dje (Marinkovac)<\/td>\n<td>Lat: 43.15900\u00a0 Lon: 16.41990<\/td>\n<td>Katastar \/ Kataster 1834<\/td>\n<\/tr>\n<tr>\n<td><span style=\"color: #3366ff;\"><a style=\"color: #3366ff;\" href=\"https:\/\/goo.gl\/maps\/DSbhcKESe22XqvMt9\">Marinkovac<\/a><\/span><\/td>\n<td>Otok<\/td>\n<td>Lat: 43.15739\u00a0 Lon: 16.41952<\/td>\n<td>Hvar- turisti\u010dka karta 1:75.001<\/td>\n<\/tr>\n<tr>\n<td><span style=\"color: #3366ff;\"><a style=\"color: #3366ff;\" href=\"https:\/\/goo.gl\/maps\/y2EZSRFiVEwQV54g7\">Mlini<\/a><\/span><\/td>\n<td>Oto\u010di\u0107<\/td>\n<td>Lat: 43.15653\u00a0 Lon: 16.41171<\/td>\n<td>Hvar- turisti\u010dka karta 1:75.000<\/td>\n<\/tr>\n<tr>\n<td><span style=\"color: #3366ff;\"><a style=\"color: #3366ff;\" href=\"https:\/\/goo.gl\/maps\/EAmyVaVhP1sgTJXM8\">Momi\u0107a Polje<\/a><\/span><\/td>\n<td>Podru\u010dje (Sv. Klement)<\/td>\n<td>Lat: 43.16911\u00a0 Lon: 16.35054<\/td>\n<td>Hvar- turisti\u010dka karta 1:75.000<\/td>\n<\/tr>\n<tr>\n<td><span style=\"color: #3366ff;\"><a style=\"color: #3366ff;\" href=\"https:\/\/goo.gl\/maps\/8s4MMFrH5uAvZ6nx6\">Okorija<\/a><\/span><\/td>\n<td>Podru\u010dje (Sv. Klement)<\/td>\n<td>Lat: 43.16595\u00a0 Lon: 16.35342<\/td>\n<td>Hvar- Hrvatska osnovna karta<\/td>\n<\/tr>\n<tr>\n<td><span style=\"color: #3366ff;\"><a style=\"color: #3366ff;\" href=\"https:\/\/goo.gl\/maps\/SqnzVfXSGjhYWj5SA\">Palmi\u017eana (Palme\u017eana)<\/a><\/span><\/td>\n<td>Zaseok (Sv. Klement)<\/td>\n<td>Lat: 43.15927\u00a0 Lon: 16.39227<\/td>\n<td>Hvar- turisti\u010dka karta 1:75.000<\/td>\n<\/tr>\n<tr>\n<td><span style=\"color: #3366ff;\"><a style=\"color: #3366ff;\" href=\"https:\/\/maps.arcanum.com\/de\/map\/cadastral\/?layers=3%2C4&amp;bbox=1816558.049860131%2C5337695.416146985%2C1818292.2149393507%2C5338861.080828334\">Parsain<\/a><\/span><\/td>\n<td>Oto\u010di\u0107<\/td>\n<td>Lat: 43.17261\u00a0 Lon: 16.32635<\/td>\n<td>Katastar \/ Kataster 1834<\/td>\n<\/tr>\n<tr>\n<td><span style=\"color: #3366ff;\"><a style=\"color: #3366ff;\" href=\"https:\/\/goo.gl\/maps\/6C51J6UDdoCgbPzR8\">Par\u017eanj<\/a><\/span><\/td>\n<td>Oto\u010di\u0107<\/td>\n<td>Lat: 43.17261\u00a0 Lon: 16.32635<\/td>\n<td>Hvar- turisti\u010dka karta 1:75.000<\/td>\n<\/tr>\n<tr>\n<td><span style=\"color: #3366ff;\"><a style=\"color: #3366ff;\" href=\"https:\/\/maps.arcanum.com\/de\/map\/cadastral\/?layers=here-aerial%2C3%2C4&amp;bbox=1826507.7803927269%2C5335998.615097929%2C1828241.9454719466%2C5337164.279779278\">Planicovaz<\/a><\/span><\/td>\n<td>Otok<\/td>\n<td>Lat: 43.16162\u00a0 Lon: 16.41559<\/td>\n<td>Katastar \/ Kataster 1834<\/td>\n<\/tr>\n<tr>\n<td><span style=\"color: #3366ff;\"><a style=\"color: #3366ff;\" href=\"https:\/\/goo.gl\/maps\/iaLFsxH9L9R7Z7KcA\">Planikovac<\/a><\/span><\/td>\n<td>Otok<\/td>\n<td>Lat: 43.16162\u00a0 Lon: 16.41559<\/td>\n<td>Hvar- turisti\u010dka karta 1:75.000<\/td>\n<\/tr>\n<tr>\n<td><span style=\"color: #3366ff;\"><a style=\"color: #3366ff;\" href=\"https:\/\/goo.gl\/maps\/ntFeMUiYkHoh8smr7\">Plo\u010dice<\/a><\/span><\/td>\n<td>Oto\u010di\u0107<\/td>\n<td>Lat: 43.14609\u00a0 Lon: 16.38540<\/td>\n<td>Hvar- turisti\u010dka karta 1:75.000<\/td>\n<\/tr>\n<tr>\n<td><span style=\"color: #3366ff;\"><a style=\"color: #3366ff;\" href=\"https:\/\/maps.arcanum.com\/de\/map\/cadastral\/?layers=here-aerial%2C3%2C4&amp;bbox=1823036.4470971476%2C5333567.44376435%2C1824770.6121763673%2C5334733.108445699\">Plociza<\/a><\/span><\/td>\n<td>Oto\u010di\u0107<\/td>\n<td>Lat: 43.14609\u00a0 Lon: 16.38540<\/td>\n<td>Katastar \/ Kataster 1834<\/td>\n<\/tr>\n<tr>\n<td><span style=\"color: #3366ff;\"><a style=\"color: #3366ff;\" href=\"https:\/\/maps.arcanum.com\/de\/map\/cadastral\/?layers=here-aerial%2C3%2C4&amp;bbox=1830608.3053301906%2C5335218.582648477%2C1832342.4704094103%2C5336384.247329826\">Pocogni Dol<\/a><\/span><\/td>\n<td>Oto\u010di\u0107<\/td>\n<td>Lat: 43.15655\u00a0 Lon: 16.45257<\/td>\n<td>Katastar \/ Kataster 1834<\/td>\n<\/tr>\n<tr>\n<td><span style=\"color: #3366ff;\"><a style=\"color: #3366ff;\" href=\"https:\/\/goo.gl\/maps\/uauut9KswNPfuJuU8\">Pokonji Dol<\/a><\/span><\/td>\n<td>Oto\u010di\u0107<\/td>\n<td>Lat: 43.15655\u00a0 Lon: 16.45257<\/td>\n<td>Hvar- turisti\u010dka karta 1:75.000<\/td>\n<\/tr>\n<tr>\n<td><span style=\"color: #3366ff;\"><a style=\"color: #3366ff;\" href=\"https:\/\/maps.arcanum.com\/de\/map\/cadastral\/?layers=here-aerial%2C3%2C4&amp;bbox=1826080.196922154%2C5335251.720780054%2C1827814.3620013737%2C5336417.385461403\">Prisuga<\/a><\/span><\/td>\n<td>Poluotok (Marinkovac)<\/td>\n<td>Lat: 43.15660\u00a0 Lon: 16.41180<\/td>\n<td>Katastar \/ Kataster 1834<\/td>\n<\/tr>\n<tr>\n<td><span style=\"color: #3366ff;\"><a style=\"color: #3366ff;\" href=\"https:\/\/maps.arcanum.com\/de\/map\/cadastral\/?layers=here-aerial%2C3%2C4&amp;bbox=1826080.196922154%2C5335251.720780054%2C1827814.3620013737%2C5336417.385461403\">Sdrilza<\/a><\/span><\/td>\n<td>Podru\u010dje (Marinkovac)<\/td>\n<td>Lat: 43.16160\u00a0 Lon: 16.42310<\/td>\n<td>Katastar \/ Kataster 1834<\/td>\n<\/tr>\n<tr>\n<td><span style=\"color: #3366ff;\"><a style=\"color: #3366ff;\" href=\"https:\/\/goo.gl\/maps\/Jdh9M2w8WgXDDFmi9\">Stambedar<\/a><\/span><\/td>\n<td>Oto\u010di\u0107<\/td>\n<td>Lat: 43.14560\u00a0 Lon: 16.38011<\/td>\n<td>Hvar- turisti\u010dka karta 1:75.000<\/td>\n<\/tr>\n<tr>\n<td><span style=\"color: #3366ff;\"><a style=\"color: #3366ff;\" href=\"https:\/\/maps.arcanum.com\/de\/map\/cadastral\/?layers=here-aerial%2C3%2C4&amp;bbox=1822581.4079131335%2C5333538.779878742%2C1824315.5729923532%2C5334704.444560091\">Stambedar<\/a><\/span><\/td>\n<td>Oto\u010di\u0107<\/td>\n<td>Lat: 43.14560\u00a0 Lon: 16.38011<\/td>\n<td>Katastar \/ Kataster 1834<\/td>\n<\/tr>\n<tr>\n<td><span style=\"color: #3366ff;\"><a style=\"color: #3366ff;\" href=\"https:\/\/maps.arcanum.com\/de\/map\/cadastral\/?layers=here-aerial%2C3%2C4&amp;bbox=1822843.8663087152%2C5335692.955018135%2C1824578.031387935%2C5336858.619699484\">Stare Stane<\/a><\/span><\/td>\n<td>Ku\u0107a (Sv. Klement)<\/td>\n<td>Lat: 43.15940\u00a0 Lon: 16.38280<\/td>\n<td>Katastar \/ Kataster 1834<\/td>\n<\/tr>\n<tr>\n<td><a href=\"https:\/\/maps.arcanum.com\/de\/map\/cadastral\/?layers=here-aerial%2C3%2C4&amp;bbox=1820860.3725184172%2C5336605.264801805%2C1822594.537597637%2C5337770.929483154\"><span style=\"color: #3366ff;\">St. Clemente<\/span><\/a><\/td>\n<td>Crkva, Zaseok<\/td>\n<td>Lat: 43.16550\u00a0 Lon: 16.36470<\/td>\n<td>Katastar \/ Kataster 1834<\/td>\n<\/tr>\n<tr>\n<td><span style=\"color: #3366ff;\"><a style=\"color: #3366ff;\" href=\"https:\/\/maps.arcanum.com\/de\/map\/cadastral\/?layers=here-aerial%2C3%2C4&amp;bbox=1828597.7604955535%2C5335680.032385928%2C1830331.9255747732%2C5336845.697067277\">St. Girolamo<\/a><\/span><\/td>\n<td>Otok<\/td>\n<td>Lat: 43.15961\u00a0 Lon: 16.43362<\/td>\n<td>Katastar \/ Kataster 1834<\/td>\n<\/tr>\n<tr>\n<td><a href=\"https:\/\/goo.gl\/maps\/JgAMbhPEurVLsnbBA\"><span style=\"color: #3366ff;\">Sv. Klement<\/span><\/a><\/td>\n<td>Otok<\/td>\n<td>Lat: 43.16500\u00a0 Lon: 16.36375<\/td>\n<td>Hvar- turisti\u010dka karta 1:75.000<\/td>\n<\/tr>\n<tr>\n<td><span style=\"color: #3366ff;\"><a style=\"color: #3366ff;\" href=\"https:\/\/goo.gl\/maps\/tckg4SGsffN3LJct9\">Tarsce<\/a><\/span><\/td>\n<td>Podru\u010dje (Sv. Klement)<\/td>\n<td>Lat: 43.16264\u00a0 Lon: 16.37893<\/td>\n<td>Hvar- turisti\u010dka karta 1:75.000<\/td>\n<\/tr>\n<tr>\n<td><span style=\"color: #3366ff;\"><a style=\"color: #3366ff;\" href=\"https:\/\/maps.arcanum.com\/de\/map\/cadastral\/?layers=3%2C4&amp;bbox=1815582.2834209285%2C5338265.110873422%2C1817316.4485001483%2C5339430.775554771\">Trauna<\/a><\/span><\/td>\n<td>Oto\u010di\u0107<\/td>\n<td>Lat: 43.17598\u00a0 Lon: 16.31774<\/td>\n<td>Katastar \/ Kataster 1834<\/td>\n<\/tr>\n<tr>\n<td><span style=\"color: #3366ff;\"><a style=\"color: #3366ff;\" href=\"https:\/\/goo.gl\/maps\/LK56c6RpWviW7HwW6\">Travna<\/a><\/span><\/td>\n<td>Oto\u010di\u0107<\/td>\n<td>Lat: 43.17598\u00a0 Lon: 16.31774<\/td>\n<td>Hvar- turisti\u010dka karta 1:75.000<\/td>\n<\/tr>\n<tr>\n<td><span style=\"color: #3366ff;\"><a style=\"color: #3366ff;\" href=\"https:\/\/goo.gl\/maps\/41iNsRu7mYTLCS3P9\">Vlaka<\/a><\/span><\/td>\n<td>Oto\u010di\u0107<\/td>\n<td>Lat: 43.16924\u00a0 Lon: 16.36486<\/td>\n<td>Hvar- turisti\u010dka karta 1:75.000<\/td>\n<\/tr>\n<tr>\n<td><span style=\"color: #3366ff;\"><a style=\"color: #3366ff;\" href=\"https:\/\/maps.arcanum.com\/de\/map\/cadastral\/?layers=here-aerial%2C3%2C4&amp;bbox=1823971.3326468035%2C5335725.666265307%2C1825705.4977260232%2C5336891.330946656\">Vino Gradischie<\/a><\/span><\/td>\n<td>Ku\u0107e (Sv. Klement)<\/td>\n<td>Lat: 43.15960\u00a0 Lon: 16.39280<\/td>\n<td>Katastar \/ Kataster 1834<\/td>\n<\/tr>\n<tr>\n<td><span style=\"color: #3366ff;\"><a style=\"color: #3366ff;\" href=\"https:\/\/maps.arcanum.com\/de\/map\/cadastral\/?layers=here-aerial%2C3%2C4&amp;bbox=1823989.2475753087%2C5335557.265937358%2C1825723.4126545284%2C5336722.930618707\">Vino Gradischie<\/a><\/span><\/td>\n<td>Podru\u010dje (Sv. Klement)<\/td>\n<td>Lat: 43.15870\u00a0 Lon: 16.39280<\/td>\n<td>Katastar \/ Kataster 1834<\/td>\n<\/tr>\n<tr>\n<td><span style=\"color: #3366ff;\"><a style=\"color: #3366ff;\" href=\"https:\/\/maps.arcanum.com\/de\/map\/cadastral\/?layers=here-aerial%2C3%2C4&amp;bbox=1820846.0405756123%2C5337163.016242573%2C1822580.205654832%2C5338328.680923922\">Vlaka<\/a><\/span><\/td>\n<td>Oto\u010di\u0107<\/td>\n<td>Lat: 43.16924\u00a0 Lon: 16.36486<\/td>\n<td>Katastar \/ Kataster 1834<\/td>\n<\/tr>\n<tr>\n<td><span style=\"color: #3366ff;\"><a style=\"color: #3366ff;\" href=\"https:\/\/goo.gl\/maps\/A4vT1NARgezVRaGe6\">Vlaka<\/a><\/span><\/td>\n<td>Selo (Sv. Klement)<\/td>\n<td>Lat: 43.16529\u00a0 Lon: 16.36486<\/td>\n<td>Hvar- turisti\u010dka karta 1:75.000<\/td>\n<\/tr>\n<tr>\n<td><span style=\"color: #3366ff;\"><a style=\"color: #3366ff;\" href=\"https:\/\/goo.gl\/maps\/A4vT1NARgezVRaGe6\">Vlaka<\/a><\/span><\/td>\n<td>Podru\u010dje (Sv. Klement)<\/td>\n<td>Lat: 43.16350\u00a0 Lon: 16.36640<\/td>\n<td>Katastar \/ Kataster 1834<\/td>\n<\/tr>\n<tr>\n<td><span style=\"color: #3366ff;\"><a style=\"color: #3366ff;\" href=\"https:\/\/maps.arcanum.com\/de\/map\/cadastral\/?layers=3%2C4&amp;bbox=1814847.7713522494%2C5338128.957416787%2C1816581.9364314692%2C5339294.622098136\">Vodgnach, Mali<\/a>&#8211;<\/span><\/td>\n<td>Oto\u010di\u0107<\/td>\n<td>Lat: 43.17508\u00a0 Lon: 16.31099<\/td>\n<td>Katastar \/ Kataster 1834<\/td>\n<\/tr>\n<tr>\n<td><span style=\"color: #3366ff;\"><a style=\"color: #3366ff;\" href=\"https:\/\/maps.arcanum.com\/de\/map\/cadastral\/?layers=3%2C4&amp;bbox=1815272.9523220847%2C5337601.064190189%2C1817007.1174013044%2C5338766.728871538\">Vodgnach, Velli<\/a><\/span><\/td>\n<td>Otok<\/td>\n<td>Lat: 43.17221\u00a0 Lon: 16.31398<\/td>\n<td>Katastar \/ Kataster 1834<\/td>\n<\/tr>\n<tr>\n<td><span style=\"color: #3366ff;\"><a style=\"color: #3366ff;\" href=\"https:\/\/goo.gl\/maps\/RcbHdHe9Yko6AdQMA\">Vodnjak, Mali<\/a><\/span><\/td>\n<td>Oto\u010di\u0107<\/td>\n<td>Lat: 43.17508\u00a0 Lon: 16.31099<\/td>\n<td>Hvar- turisti\u010dka karta 1:75.000<\/td>\n<\/tr>\n<tr>\n<td><span style=\"color: #3366ff;\"><a style=\"color: #3366ff;\" href=\"https:\/\/goo.gl\/maps\/Uo7EfLhaCGPEGpxU9\">Vodnjak, Veli<\/a><\/span><\/td>\n<td>Otok<\/td>\n<td>Lat: 43.17221\u00a0 Lon: 16.31398<\/td>\n<td>Hvar- turisti\u010dka karta 1:75.000<\/td>\n<\/tr>\n<tr>\n<td><span style=\"color: #3366ff;\"><a style=\"color: #3366ff;\" href=\"https:\/\/goo.gl\/maps\/fnqhsCDGtz5T7g347\">Zdrilca<\/a><\/span><\/td>\n<td>Brdo (Marinkovac)<\/td>\n<td>Lat: 43.15385\u00a0 Lon: 16.41562<\/td>\n<td>Hvar- turisti\u010dka karta 1:75.000<\/td>\n<\/tr>\n<\/tbody>\n<\/table>\n<p style=\"text-align: right;\"><span style=\"color: #3366ff;\"><a style=\"color: #3366ff;\" href=\"#seite_oben\">natrag na vrh \/ Seitenanfang<\/a><\/span><\/p>\n<hr \/>\n<p><strong>Linkovi \/ Links<\/strong><\/p>\n<p>&#8211;<\/p>\n","protected":false},"excerpt":{"rendered":"<p>Ime \/ Name Pakleni arhipelag &#8211; Nazivi mjesta i podru\u010dja \/ Orts- und Gebietsnamen Code: OP-AI-01\u00a0 \u00a0 \u00a0 \u00a0 \u00a0 \u00a0 \u00a0 \u00a0 \u00a0 \u00a0 \u00a0 \u00a0 \u00a0 \u00a0 \u00a0 \u00a0 \u00a0 \u00a0 \u00a0 \u00a0 Adresa \/ Adresse Pakleni arhipelag &hellip; <a href=\"https:\/\/www.topohvar.at\/topo\/orte\/op\/op-ai-01-1\/\">Weiterlesen <span class=\"meta-nav\">&rarr;<\/span><\/a><\/p>\n","protected":false},"author":1,"featured_media":0,"parent":123,"menu_order":0,"comment_status":"closed","ping_status":"closed","template":"","meta":{"footnotes":""},"class_list":["post-46267","page","type-page","status-publish","hentry"],"_links":{"self":[{"href":"https:\/\/www.topohvar.at\/topo\/wp-json\/wp\/v2\/pages\/46267","targetHints":{"allow":["GET"]}}],"collection":[{"href":"https:\/\/www.topohvar.at\/topo\/wp-json\/wp\/v2\/pages"}],"about":[{"href":"https:\/\/www.topohvar.at\/topo\/wp-json\/wp\/v2\/types\/page"}],"author":[{"embeddable":true,"href":"https:\/\/www.topohvar.at\/topo\/wp-json\/wp\/v2\/users\/1"}],"replies":[{"embeddable":true,"href":"https:\/\/www.topohvar.at\/topo\/wp-json\/wp\/v2\/comments?post=46267"}],"version-history":[{"count":5,"href":"https:\/\/www.topohvar.at\/topo\/wp-json\/wp\/v2\/pages\/46267\/revisions"}],"predecessor-version":[{"id":51761,"href":"https:\/\/www.topohvar.at\/topo\/wp-json\/wp\/v2\/pages\/46267\/revisions\/51761"}],"up":[{"embeddable":true,"href":"https:\/\/www.topohvar.at\/topo\/wp-json\/wp\/v2\/pages\/123"}],"wp:attachment":[{"href":"https:\/\/www.topohvar.at\/topo\/wp-json\/wp\/v2\/media?parent=46267"}],"curies":[{"name":"wp","href":"https:\/\/api.w.org\/{rel}","templated":true}]}}