{"id":46274,"date":"2021-02-01T14:09:01","date_gmt":"2021-02-01T13:09:01","guid":{"rendered":"https:\/\/www.topohvar.at\/topo\/?page_id=46274"},"modified":"2021-09-08T09:09:00","modified_gmt":"2021-09-08T07:09:00","slug":"pi-ai-01-1","status":"publish","type":"page","link":"https:\/\/www.topohvar.at\/topo\/orte\/pi\/pi-ai-01-1\/","title":{"rendered":"PITVE &#8211; Nazivi mjesta i podru\u010dja"},"content":{"rendered":"<p><a name=\"seite_oben\"><\/a><\/p>\n<div id=\"attachment_46276\" style=\"width: 1090px\" class=\"wp-caption alignnone\"><a href=\"https:\/\/www.topohvar.at\/wp-content\/uploads\/2021\/02\/pi-ai-01.jpg\"><img loading=\"lazy\" decoding=\"async\" aria-describedby=\"caption-attachment-46276\" class=\"wp-image-46276 size-full\" src=\"https:\/\/www.topohvar.at\/wp-content\/uploads\/2021\/02\/pi-ai-01.jpg\" alt=\"\" width=\"1080\" height=\"530\" srcset=\"https:\/\/www.topohvar.at\/wp-content\/uploads\/2021\/02\/pi-ai-01.jpg 1080w, https:\/\/www.topohvar.at\/wp-content\/uploads\/2021\/02\/pi-ai-01-300x147.jpg 300w, https:\/\/www.topohvar.at\/wp-content\/uploads\/2021\/02\/pi-ai-01-1024x503.jpg 1024w, https:\/\/www.topohvar.at\/wp-content\/uploads\/2021\/02\/pi-ai-01-768x377.jpg 768w\" sizes=\"auto, (max-width: 1080px) 100vw, 1080px\" \/><\/a><p id=\"caption-attachment-46276\" class=\"wp-caption-text\">Uve\u0107aj sliku \u2013 klikni! \/ Bild vergr\u00f6\u00dfern \u2013 klicken!<\/p><\/div>\n<p><strong>Ime \/ Name<br \/>\n<\/strong>Pitve &#8211; Nazivi mjesta i podru\u010dja \/ Orts- und Gebietsnamen<\/p>\n<p><strong>Code: <\/strong>PI-AI-01\u00a0 \u00a0 \u00a0 \u00a0 \u00a0 \u00a0 \u00a0 \u00a0 \u00a0 \u00a0 \u00a0 \u00a0 \u00a0 \u00a0 \u00a0 \u00a0 \u00a0 \u00a0 \u00a0 \u00a0\u00a0<strong> <a href=\"https:\/\/www.topohvar.at\/topo\/orte\/pi\/pi-aa-01-1\/\"><img loading=\"lazy\" decoding=\"async\" class=\"alignnone wp-image-533 size-full\" src=\"https:\/\/www.topohvar.at\/wp-content\/uploads\/2018\/07\/push-l-30.jpg\" alt=\"\" width=\"61\" height=\"30\" \/><\/a> <a href=\"https:\/\/www.topohvar.at\/orte\/pi\/\"><img loading=\"lazy\" decoding=\"async\" class=\"alignnone wp-image-535 size-full\" src=\"https:\/\/www.topohvar.at\/wp-content\/uploads\/2018\/07\/push-o-30.jpg\" alt=\"\" width=\"61\" height=\"30\" \/><\/a> <\/strong><\/p>\n<hr \/>\n<p><strong>Adresa \/ Adresse<br \/>\n<\/strong>Pitve<\/p>\n<p><strong>Datum snimanja \/ Erfassungsdatum<br \/>\n<\/strong>01.02.2021 :14:00:00<\/p>\n<hr \/>\n<div class='content-column one_half'><div style=\"padding-right:6px;\"><p><strong>Nazivi mjesta i podru\u010dja<\/strong><\/p>\n<p>Na popisu ispod na\u0107i \u0107ete sva imena koja se nalaze na podru\u010dju Pitve u:<\/p><\/div><\/div><div class='content-column one_half last_column'><div style=\"padding-right:0px;padding-left:6px;\"><p><strong>Orts- und Gebietsnamen<\/strong><\/p>\n<p>In der nachstehenden Liste befinden sich alle Namen, die im Bereich Pitve verzeichnet sind in:<\/p><\/div><\/div><div class='clear_column'><\/div><div class='content-column one_half'><div style=\"padding-right:6px;\"><p>&#8211; turisti\u010dkoj karti otoka Hvara, 1:75.000<br \/>\n&#8211; topografskoj karti otoka Hvara, 1:25.000<br \/>\n<span style=\"color: #ffffff;\">&#8211;<\/span> (izvor: Geoportal DGU)<br \/>\n&#8211; osnovnoj karti otoka Hvar (izvor: Geoportal DGU)<br \/>\n&#8211; Katastar iz 1834. godine (&#8222;Franziszeischer Kataster&#8220;) (Izvor: https:\/\/maps.arcanum.com\/de\/map\/cadastral\/)<\/p>\n<p>Klik na ime prikazuje mjesto na Google Maps ili maps.arcanum.com.<\/p><\/div><\/div><div class='content-column one_half last_column'><div style=\"padding-right:0px;padding-left:6px;\"><p>&#8211; touristische Karte der Insel Hvar, 1:75.000<br \/>\n&#8211; topographische Karte der Insel Hvar, 1:25.000<br \/>\n<span style=\"color: #ffffff;\">&#8211;<\/span> (Quelle: Geoportal DGU)<br \/>\n&#8211; Grundkarte der Insel Hvar (Quelle: Geoportal DGU)<br \/>\n&#8211; Franziszeischer Kataster 1834 (Quelle: https:\/\/maps.arcanum.com\/de\/map\/cadastral\/)<\/p>\n<p>Ein Klick auf den Namen zeigt den Ort in Google Maps oder in maps.arcanum.com.<\/p><\/div><\/div><div class='clear_column'><\/div><\/p>\n<table width=\"546\">\n<tbody>\n<tr>\n<td width=\"178\"><span style=\"color: #3366ff;\"><a style=\"color: #3366ff;\" href=\"https:\/\/maps.arcanum.com\/de\/map\/cadastral\/?layers=here-aerial%2C3%2C4&amp;bbox=1854583.8435525203%2C5331859.91887757%2C1858030.675796755%2C5334162.584354661\">Berd0<\/a><\/span><\/td>\n<td width=\"54\">Podru\u010dje<\/td>\n<td width=\"148\">Lat: 43.13940\u00a0 Lon: 16.67430<\/td>\n<td width=\"166\">Katastar \/ Kataster 1834<\/td>\n<\/tr>\n<tr>\n<td><span style=\"color: #3366ff;\"><a style=\"color: #3366ff;\" href=\"https:\/\/maps.arcanum.com\/de\/map\/cadastral\/?layers=here-aerial%2C3%2C4&amp;bbox=1854890.1689138561%2C5333877.922624947%2C1856613.5850359737%2C5335029.255363491\">Bilaja<\/a><\/span><\/td>\n<td>Podru\u010dje<\/td>\n<td>Lat: 43.14770\u00a0 Lon: 16.67040<\/td>\n<td>Katastar \/ Kataster 1834<\/td>\n<\/tr>\n<tr>\n<td><span style=\"color: #3366ff;\"><a style=\"color: #3366ff;\" href=\"https:\/\/goo.gl\/maps\/rFjrY5mouAiTnk3v6\">Bile Gri\u017eice<\/a><\/span><\/td>\n<td>Podru\u010dje<\/td>\n<td>Lat: 43.13812\u00a0 Lon: 16.69169<\/td>\n<td>Hvar- turisti\u010dka karta 1:75.000<\/td>\n<\/tr>\n<tr>\n<td><span style=\"color: #3366ff;\"><a style=\"color: #3366ff;\" href=\"https:\/\/goo.gl\/maps\/PXH73PpqZyBHfK119\">Borovik, 500 m<\/a><\/span><\/td>\n<td>Brdo<\/td>\n<td>Lat: 43.13482\u00a0 Lon: 16.68364<\/td>\n<td>Hvar- turisti\u010dka karta 1:75.000<\/td>\n<\/tr>\n<tr>\n<td><span style=\"color: #3366ff;\"><a style=\"color: #3366ff;\" href=\"https:\/\/maps.arcanum.com\/de\/map\/cadastral\/?layers=here-aerial%2C3%2C4&amp;bbox=1854945.096689777%2C5334852.9884607745%2C1856668.5128118945%2C5336004.321199319\">Bralcovo<\/a><\/span><\/td>\n<td>Podru\u010dje<\/td>\n<td>Lat: 43.15410\u00a0 Lon: 16.67070<\/td>\n<td>Katastar \/ Kataster 1834<\/td>\n<\/tr>\n<tr>\n<td><span style=\"color: #3366ff;\"><a style=\"color: #3366ff;\" href=\"https:\/\/goo.gl\/maps\/eD6zCAnBitVqsPac7\">Brdo<\/a><\/span><\/td>\n<td>Podru\u010dje<\/td>\n<td>Lat: 43.13712\u00a0 Lon: 16.68180<\/td>\n<td>Hvar- Hrvatska osnovna karta<\/td>\n<\/tr>\n<tr>\n<td><span style=\"color: #3366ff;\"><a style=\"color: #3366ff;\" href=\"https:\/\/maps.arcanum.com\/de\/map\/cadastral\/?layers=here-aerial%2C3%2C4&amp;bbox=1854346.9308264388%2C5334167.534287713%2C1856070.3469485564%2C5335318.867026257\">Briko<\/a><\/span><\/td>\n<td>Podru\u010dje<\/td>\n<td>Lat: 43.14950\u00a0 Lon: 16.66560<\/td>\n<td>Katastar \/ Ktaster 1834<\/td>\n<\/tr>\n<tr>\n<td><span style=\"color: #3366ff;\"><a style=\"color: #3366ff;\" href=\"https:\/\/maps.arcanum.com\/de\/map\/cadastral\/?layers=here-aerial%2C3%2C4&amp;bbox=1855015.1223924549%2C5333378.956608659%2C1856738.5385145724%2C5334530.289347203\">Castila<\/a><\/span><\/td>\n<td>Podru\u010dje<\/td>\n<td>Lat: 43.14420\u00a0 Lon: 16.67180<\/td>\n<td>Katastar \/ Kataster 1834<\/td>\n<\/tr>\n<tr>\n<td><span style=\"color: #3366ff;\"><a style=\"color: #3366ff;\" href=\"https:\/\/maps.arcanum.com\/de\/map\/cadastral\/?layers=here-aerial%2C3%2C4&amp;bbox=1854094.1843359186%2C5334786.340111266%2C1855817.6004580362%2C5335937.672849811\">Cekove<\/a><\/span><\/td>\n<td>Podru\u010dje<\/td>\n<td>Lat: 43.15350\u00a0 Lon: 16.66350<\/td>\n<td>Katastar \/ Kataster 1834<\/td>\n<\/tr>\n<tr>\n<td><span style=\"color: #3366ff;\"><a style=\"color: #3366ff;\" href=\"https:\/\/goo.gl\/maps\/jNTaiBAEEqFhDTau5\">\u010cekove<\/a><\/span><\/td>\n<td>Podru\u010dje<\/td>\n<td>Lat: 43.15844\u00a0 Lon: 16.67343<\/td>\n<td>Hvar- Hrvatska osnovna karta<\/td>\n<\/tr>\n<tr>\n<td><span style=\"color: #3366ff;\"><a style=\"color: #3366ff;\" href=\"https:\/\/maps.arcanum.com\/de\/map\/cadastral\/?layers=here-aerial%2C3%2C4&amp;bbox=1855224.8618611484%2C5334527.345783439%2C1856948.277983266%2C5335678.678521984\">Cepan<\/a><\/span><\/td>\n<td>Podru\u010dje<\/td>\n<td>Lat: 43.15170\u00a0 Lon: 16.67350<\/td>\n<td>Katastar \/ Kataster 1834<\/td>\n<\/tr>\n<tr>\n<td><span style=\"color: #3366ff;\"><a style=\"color: #3366ff;\" href=\"https:\/\/maps.arcanum.com\/de\/map\/cadastral\/?layers=here-aerial%2C3%2C4&amp;bbox=1855302.0762115452%2C5333951.471049661%2C1857025.4923336627%2C5335102.803788206\">Cepan, Torrente-<\/a><\/span><\/td>\n<td>Bujica<\/td>\n<td>Lat: 43.14800\u00a0 Lon: 16.67400<\/td>\n<td>Katastar \/ Kataster 1834<\/td>\n<\/tr>\n<tr>\n<td><span style=\"color: #3366ff;\"><a style=\"color: #3366ff;\" href=\"https:\/\/goo.gl\/maps\/Z59dYCQxWrRyRjdc7\">Cernica<\/a><\/span><\/td>\n<td>Podru\u010dje<\/td>\n<td>Lat: 43.14194\u00a0 Lon: 16.68871<\/td>\n<td>Hvar- turisti\u010dka karta 1:75.000<\/td>\n<\/tr>\n<tr>\n<td><span style=\"color: #3366ff;\"><a style=\"color: #3366ff;\" href=\"https:\/\/maps.arcanum.com\/de\/map\/cadastral\/?layers=here-aerial%2C3%2C4&amp;bbox=1856579.9599201162%2C5333590.238975606%2C1858303.3760422338%2C5334741.571714151\">Cernizza<\/a><\/span><\/td>\n<td>Podru\u010dje<\/td>\n<td>Lat: 43.14570\u00a0 Lon: 16.68580<\/td>\n<td>Katastar \/ Kataster 1834<\/td>\n<\/tr>\n<tr>\n<td><span style=\"color: #3366ff;\"><a style=\"color: #3366ff;\" href=\"https:\/\/maps.arcanum.com\/de\/map\/cadastral\/?layers=here-aerial%2C3%2C4&amp;bbox=1854611.9697248694%2C5334910.779946067%2C1856335.385846987%2C5336062.112684612\">Didimiz, Potok-<\/a><\/span><\/td>\n<td>Potok<\/td>\n<td>Lat: 43.15430\u00a0 Lon: 16.66830<\/td>\n<td>Katastar \/ Kataster 1834<\/td>\n<\/tr>\n<tr>\n<td><span style=\"color: #3366ff;\"><a style=\"color: #3366ff;\" href=\"https:\/\/maps.arcanum.com\/de\/map\/cadastral\/?layers=here-aerial%2C3%2C4&amp;bbox=1855772.8772628338%2C5335291.829671457%2C1857496.2933849513%2C5336443.162410002\">Gorizza<\/a><\/span><\/td>\n<td>Podru\u010dje<\/td>\n<td>Lat: 43.15690\u00a0 Lon: 16.67830<\/td>\n<td>Katastar \/ Kataster 1834<\/td>\n<\/tr>\n<tr>\n<td><span style=\"color: #3366ff;\"><a style=\"color: #3366ff;\" href=\"https:\/\/goo.gl\/maps\/xjFrMj5WJ7HMSbdR7\">Grablje, 511 m<\/a><\/span><\/td>\n<td>Brdo<\/td>\n<td>Lat: 43.13387\u00a0 Lon: 16.67491<\/td>\n<td>Hvar- topografska karta 1:25.000<\/td>\n<\/tr>\n<tr>\n<td><span style=\"color: #3366ff;\"><a style=\"color: #3366ff;\" href=\"https:\/\/maps.arcanum.com\/de\/map\/cadastral\/?layers=here-aerial%2C3%2C4&amp;bbox=1855251.531419757%2C5334933.93592789%2C1856974.9475418746%2C5336085.268666435\">Grebine<\/a><\/span><\/td>\n<td>Podru\u010dje<\/td>\n<td>Lat: 43.15450\u00a0 Lon: 16.67360<\/td>\n<td>Katastar \/ Kataster 1834<\/td>\n<\/tr>\n<tr>\n<td><span style=\"color: #3366ff;\"><a style=\"color: #3366ff;\" href=\"https:\/\/goo.gl\/maps\/ZD3WXerLMrwCbqiw8\">Gvozd<\/a><\/span><\/td>\n<td>Podru\u010dje<\/td>\n<td>Lat: 43.14264\u00a0 Lon: 16.65814<\/td>\n<td>Hvar- turisti\u010dka karta 1:75.000<\/td>\n<\/tr>\n<tr>\n<td><span style=\"color: #3366ff;\"><a style=\"color: #3366ff;\" href=\"https:\/\/goo.gl\/maps\/iUqB26sCR17PzEi99\">Hum, 604 m<\/a><\/span><\/td>\n<td>Brdo<\/td>\n<td>Lat: 43.13475\u00a0 Lon: 16.66425<\/td>\n<td>Otok Hvar 1:75.001<\/td>\n<\/tr>\n<tr>\n<td><span style=\"color: #3366ff;\"><a style=\"color: #3366ff;\" href=\"https:\/\/maps.arcanum.com\/de\/map\/cadastral\/?layers=here-aerial%2C3%2C4&amp;bbox=1855244.3654483552%2C5336378.437622888%2C1856967.7815704728%2C5337529.770361433\">Jaboci<\/a><\/span><\/td>\n<td>Podru\u010dje<\/td>\n<td>Lat: 43.16400\u00a0 Lon: 16.67360<\/td>\n<td>Katastar \/ Kataster 1834<\/td>\n<\/tr>\n<tr>\n<td><span style=\"color: #3366ff;\"><a style=\"color: #3366ff;\" href=\"https:\/\/maps.arcanum.com\/de\/map\/cadastral\/?layers=here-aerial%2C3%2C4&amp;bbox=1855367.3245999562%2C5336267.89417155%2C1857090.7407220737%2C5337419.226910095\">Jaboci Zovir, Torrente-<\/a><\/span><\/td>\n<td>Bujica<\/td>\n<td>Lat: 43.16320\u00a0 Lon: 16.67510<\/td>\n<td>Katastar \/ Kataster 1834<\/td>\n<\/tr>\n<tr>\n<td><span style=\"color: #3366ff;\"><a style=\"color: #3366ff;\" href=\"https:\/\/maps.arcanum.com\/de\/map\/cadastral\/?layers=here-aerial%2C3%2C4&amp;bbox=1855661.0387221535%2C5334932.741599323%2C1857384.454844271%2C5336084.074337868\">Kloke, Torrente-<\/a><\/span><\/td>\n<td>Bujica<\/td>\n<td>Lat: 43.15450\u00a0 Lon: 16.67750<\/td>\n<td>Katastar \/ Kataster 1834<\/td>\n<\/tr>\n<tr>\n<td><span style=\"color: #3366ff;\"><a style=\"color: #3366ff;\" href=\"https:\/\/goo.gl\/maps\/ZCdY32VX1VXrLTX59\">Klokun<\/a><\/span><\/td>\n<td>Podru\u010dje<\/td>\n<td>Lat: 43.15480\u00a0 Lon: 16.67974<\/td>\n<td>Hvar- topografska karta 1:25.000<\/td>\n<\/tr>\n<tr>\n<td><span style=\"color: #3366ff;\"><a style=\"color: #3366ff;\" href=\"https:\/\/maps.arcanum.com\/de\/map\/cadastral\/?layers=here-aerial%2C3%2C4&amp;bbox=1855741.8360582518%2C5334474.331936998%2C1857465.2521803693%2C5335625.664675543\">Morava<\/a><\/span><\/td>\n<td>Podru\u010dje<\/td>\n<td>Lat: 43.15150\u00a0 Lon: 16.67800<\/td>\n<td>Katastar \/ Kataster 1834<\/td>\n<\/tr>\n<tr>\n<td><span style=\"color: #3366ff;\"><a style=\"color: #3366ff;\" href=\"https:\/\/goo.gl\/maps\/ZW9CwBh5TLNjeixt6\">Morjava<\/a><\/span><\/td>\n<td>Podru\u010dje<\/td>\n<td>Lat: 43.15163\u00a0 Lon: 16.68164<\/td>\n<td>Hvar- Hrvatska osnovna karta<\/td>\n<\/tr>\n<tr>\n<td><span style=\"color: #3366ff;\"><a style=\"color: #3366ff;\" href=\"https:\/\/maps.arcanum.com\/de\/map\/cadastral\/?layers=here-aerial%2C3%2C4&amp;bbox=1854619.9470328623%2C5334218.390806652%2C1856343.36315498%2C5335369.7235451965\">Pitve<\/a><\/span><\/td>\n<td>Selo<\/td>\n<td>Lat: 43.14980\u00a0 Lon: 16.66790<\/td>\n<td>Katastar \/ Kataster 1834<\/td>\n<\/tr>\n<tr>\n<td><span style=\"color: #3366ff;\"><a style=\"color: #3366ff;\" href=\"https:\/\/goo.gl\/maps\/mvaVhn54kpwzdB6YA\">Pitve Donje<\/a><\/span><\/td>\n<td>Selo<\/td>\n<td>Lat: 43.15017\u00a0 Lon: 16.66917<\/td>\n<td>Hvar- turisti\u010dka karta 1:75.000<\/td>\n<\/tr>\n<tr>\n<td><span style=\"color: #3366ff;\"><a style=\"color: #3366ff;\" href=\"https:\/\/goo.gl\/maps\/Za5HWJJgS6wVUeA27\">Pitve Stare (Gornja)<\/a><\/span><\/td>\n<td>Selo<\/td>\n<td>Lat: 43.14634\u00a0 Lon: 16.67177<\/td>\n<td>Hvar- turisti\u010dka karta 1:75.000<\/td>\n<\/tr>\n<tr>\n<td><span style=\"color: #3366ff;\"><a style=\"color: #3366ff;\" href=\"https:\/\/goo.gl\/maps\/ffG4MhvALLwteh4T7\">Pitve, Stare-<\/a><\/span><\/td>\n<td>Podru\u010dje<\/td>\n<td>Lat: 43.14885\u00a0 Lon: 16.67961<\/td>\n<td>Hvar- topografska karta 1:25.000<\/td>\n<\/tr>\n<tr>\n<td><span style=\"color: #3366ff;\"><a style=\"color: #3366ff;\" href=\"https:\/\/maps.arcanum.com\/de\/map\/cadastral\/?layers=here-aerial%2C3%2C4&amp;bbox=1856175.2185938288%2C5333961.025678195%2C1857898.6347159464%2C5335112.35841674\">Pitve, Starre-<\/a><\/span><\/td>\n<td>Podru\u010dje<\/td>\n<td>Lat: 43.14800\u00a0 Lon: 16.68220<\/td>\n<td>Katastar \/ Kataster 1834<\/td>\n<\/tr>\n<tr>\n<td><span style=\"color: #3366ff;\"><a style=\"color: #3366ff;\" href=\"https:\/\/maps.arcanum.com\/de\/map\/cadastral\/?layers=here-aerial%2C3%2C4&amp;bbox=1855003.979105217%2C5333680.970328873%2C1856727.3952273345%2C5334832.303067418\">Pitve, Starri-<\/a><\/span><\/td>\n<td>Selo<\/td>\n<td>Lat: 43.14620\u00a0 Lon: 16.67170<\/td>\n<td>Katastar \/ Kataster 1834<\/td>\n<\/tr>\n<tr>\n<td><span style=\"color: #3366ff;\"><a style=\"color: #3366ff;\" href=\"https:\/\/maps.arcanum.com\/de\/map\/cadastral\/?layers=here-aerial%2C3%2C4&amp;bbox=1854976.1265561993%2C5336241.1541175945%2C1856699.5426783168%2C5337392.486856139\">Planda<\/a><\/span><\/td>\n<td>Podru\u010dje<\/td>\n<td>Lat: 43.16300\u00a0 Lon: 16.67130<\/td>\n<td>Katastar \/ Kataster 1834<\/td>\n<\/tr>\n<tr>\n<td><span style=\"color: #3366ff;\"><a style=\"color: #3366ff;\" href=\"https:\/\/goo.gl\/maps\/csijCa4jp1wNeiux5\">Radi\u0161nja<\/a><\/span><\/td>\n<td>Podru\u010dje<\/td>\n<td>Lat: 43.15928\u00a0 Lon: 16.67808<\/td>\n<td>Hvar- turisti\u010dka karta 1:75.000<\/td>\n<\/tr>\n<tr>\n<td><span style=\"color: #3366ff;\"><a style=\"color: #3366ff;\" href=\"https:\/\/goo.gl\/maps\/ttjXVtzw3fApS9qLA\">Sljivica<\/a><\/span><\/td>\n<td>Podru\u010dje<\/td>\n<td>Lat: 43.13722\u00a0 Lon: 16.67293<\/td>\n<td>Hvar- topografska karta 1:25.000<\/td>\n<\/tr>\n<tr>\n<td><span style=\"color: #3366ff;\"><a style=\"color: #3366ff;\" href=\"https:\/\/goo.gl\/maps\/JNhpVHgDopA5igu29\">Srakinj<\/a><\/span><\/td>\n<td>Podru\u010dje<\/td>\n<td>Lat: 43.14003\u00a0 Lon: 16.67853<\/td>\n<td>Hvar- topografska karta 1:25.000<\/td>\n<\/tr>\n<tr>\n<td><span style=\"color: #3366ff;\"><a style=\"color: #3366ff;\" href=\"https:\/\/maps.arcanum.com\/de\/map\/cadastral\/?layers=here-aerial%2C3%2C4&amp;bbox=1854226.7433239485%2C5333788.65383014%2C1855950.159446066%2C5334939.986568685\">Stanizze<\/a><\/span><\/td>\n<td>Podru\u010dje<\/td>\n<td>Lat: 43.14680\u00a0 Lon: 16.66450<\/td>\n<td>Katastar \/ Kataster 1834<\/td>\n<\/tr>\n<tr>\n<td><span style=\"color: #3366ff;\"><a style=\"color: #3366ff;\" href=\"https:\/\/maps.arcanum.com\/de\/map\/cadastral\/?layers=here-aerial%2C3%2C4&amp;bbox=1855604.5336256886%2C5333597.404947007%2C1857327.9497478062%2C5334748.737685552\">Strana<\/a><\/span><\/td>\n<td>Podru\u010dje<\/td>\n<td>Lat: 43.14570\u00a0 Lon: 16.67680<\/td>\n<td>Katastar \/ Kataster 1834<\/td>\n<\/tr>\n<tr>\n<td><span style=\"color: #3366ff;\"><a style=\"color: #3366ff;\" href=\"https:\/\/maps.arcanum.com\/de\/map\/cadastral\/?layers=here-aerial%2C3%2C4&amp;bbox=1854823.6354916045%2C5333827.872742616%2C1856547.051613722%2C5334979.20548116\">St. Giacomo<\/a><\/span><\/td>\n<td>Crkva<\/td>\n<td>Lat: 43.14731\u00a0 Lon: 16.66988<\/td>\n<td>Katastar \/ Kataster 1834<\/td>\n<\/tr>\n<tr>\n<td><span style=\"color: #3366ff;\"><a style=\"color: #3366ff;\" href=\"https:\/\/maps.arcanum.com\/de\/map\/cadastral\/?layers=here-aerial%2C3%2C4&amp;bbox=1854661.206806498%2C5334106.151298722%2C1856384.6229286157%2C5335257.484037267\">St. Rocco<\/a><\/span><\/td>\n<td>Crkva<\/td>\n<td>Lat: 43.14897\u00a0 Lon: 16.66840<\/td>\n<td>Katastar \/ Kataster 1834<\/td>\n<\/tr>\n<tr>\n<td><span style=\"color: #3366ff;\"><a style=\"color: #3366ff;\" href=\"https:\/\/goo.gl\/maps\/Sh2egt6MgWYgXyn58\">Tatinja<\/a><\/span><\/td>\n<td>Podru\u010dje<\/td>\n<td>Lat: 43.16739\u00a0 Lon: 16.67105<\/td>\n<td>Hvar- Hrvatska osnovna karta<\/td>\n<\/tr>\n<tr>\n<td><span style=\"color: #3366ff;\"><a style=\"color: #3366ff;\" href=\"https:\/\/goo.gl\/maps\/ky2tBkLqimgW8nud6\">Tatinja, 102 m<\/a><\/span><\/td>\n<td>Brdo<\/td>\n<td>Lat: 43.16939\u00a0 Lon: 16.67223<\/td>\n<td>Hvar- Hrvatska osnovna karta<\/td>\n<\/tr>\n<tr>\n<td><span style=\"color: #3366ff;\"><a style=\"color: #3366ff;\" href=\"https:\/\/maps.arcanum.com\/de\/map\/cadastral\/?layers=here-aerial%2C3%2C4&amp;bbox=1852560.773853857%2C5334207.2186203%2C1859454.4383423263%2C5338812.549574481\">Vir<\/a><\/span><\/td>\n<td>Podru\u010dje<\/td>\n<td>Lat: 43.16100\u00a0 Lon: 16.67280<\/td>\n<td>Katastar \/ Kataster 1834<\/td>\n<\/tr>\n<tr>\n<td><span style=\"color: #3366ff;\"><a style=\"color: #3366ff;\" href=\"https:\/\/maps.arcanum.com\/de\/map\/cadastral\/?layers=here-aerial%2C3%2C4&amp;bbox=1855273.0179958032%2C5336075.207351219%2C1856996.4341179207%2C5337226.540089764\">Vir, Torrente<\/a><\/span><\/td>\n<td>Bujica<\/td>\n<td>Lat: 43.16200\u00a0 Lon: 16.67390<\/td>\n<td>Katastar \/ Kataster 1834<\/td>\n<\/tr>\n<tr>\n<td><span style=\"color: #3366ff;\"><a style=\"color: #3366ff;\" href=\"https:\/\/goo.gl\/maps\/DcXUpTKE1sfeKqMy9\">Vrata<\/a><\/span><\/td>\n<td>Podru\u010dje<\/td>\n<td>Lat: 43.13911\u00a0 Lon: 16.67112<\/td>\n<td>Hvar- Hrvatska osnovna karta<\/td>\n<\/tr>\n<tr>\n<td><span style=\"color: #3366ff;\"><a style=\"color: #3366ff;\" href=\"https:\/\/maps.arcanum.com\/de\/map\/cadastral\/?layers=here-aerial%2C3%2C4&amp;bbox=1855152.4248250185%2C5332862.545348588%2C1856875.840947136%2C5334013.878087133\">Vrata<\/a><\/span><\/td>\n<td>Podru\u010dje<\/td>\n<td>Lat: 43.14090\u00a0 Lon: 16.67300<\/td>\n<td>Katastar \/ Kataster 1834<\/td>\n<\/tr>\n<tr>\n<td><span style=\"color: #3366ff;\"><a style=\"color: #3366ff;\" href=\"https:\/\/goo.gl\/maps\/7DPvhCShiPtDgbBw9\">Vratnik<\/a><\/span><\/td>\n<td>Podru\u010dje<\/td>\n<td>Lat: 43.14216\u00a0 Lon: 16.67408<\/td>\n<td>Hvar- topografska karta 1:25.000<\/td>\n<\/tr>\n<tr>\n<td><span style=\"color: #3366ff;\"><a style=\"color: #3366ff;\" href=\"https:\/\/goo.gl\/maps\/P4ZG84YEWdXJb8Yt7\">Vrh<\/a><\/span><\/td>\n<td>Podru\u010dje<\/td>\n<td>Lat: 43.14594\u00a0 Lon: 16.68447<\/td>\n<td>Hvar- Hrvatska osnovna karta<\/td>\n<\/tr>\n<tr>\n<td><span style=\"color: #3366ff;\"><a style=\"color: #3366ff;\" href=\"https:\/\/maps.arcanum.com\/de\/map\/cadastral\/?layers=here-aerial%2C3%2C4&amp;bbox=1853938.60651445%2C5334517.791154905%2C1855662.0226365675%2C5335669.12389345\">Zabore<\/a><\/span><\/td>\n<td>Podru\u010dje<\/td>\n<td>Lat: 43.15170\u00a0 Lon: 16.66200<\/td>\n<td>Katastar \/ Kataster 1834<\/td>\n<\/tr>\n<tr>\n<td><span style=\"color: #3366ff;\"><a style=\"color: #3366ff;\" href=\"https:\/\/maps.arcanum.com\/de\/map\/cadastral\/?layers=here-aerial%2C3%2C4&amp;bbox=1854988.858502141%2C5334153.933558594%2C1856712.2746242585%2C5335305.266297139\">Zadak<\/a><\/span><\/td>\n<td>Podru\u010dje<\/td>\n<td>Lat: 43.14930\u00a0 Lon: 16.67150<\/td>\n<td>Katastar \/ Kataster 1834<\/td>\n<\/tr>\n<tr>\n<td><span style=\"color: #3366ff;\"><a style=\"color: #3366ff;\" href=\"https:\/\/goo.gl\/maps\/xEgvk18dcso2G85H9\">Zadak, 113 m<\/a><\/span><\/td>\n<td>Brdo<\/td>\n<td>Lat: 43.15100\u00a0 Lon: 16.67270<\/td>\n<td>Hvar- topografska karta 1:25.000<\/td>\n<\/tr>\n<tr>\n<td><span style=\"color: #3366ff;\"><a style=\"color: #3366ff;\" href=\"https:\/\/goo.gl\/maps\/xEgvk18dcso2G85H9\">Zrachin, Torrente-<\/a><\/span><\/td>\n<td>Bujica<\/td>\n<td>Lat: 43.14110\u00a0 Lon: 16.67680<\/td>\n<td>Katastar \/ Kataster 1834<\/td>\n<\/tr>\n<tr>\n<td><span style=\"color: #3366ff;\"><a style=\"color: #3366ff;\" href=\"https:\/\/maps.arcanum.com\/de\/map\/cadastral\/?layers=here-aerial%2C3%2C4&amp;bbox=1855335.506073261%2C5331960.5758156%2C1857058.9221953785%2C5333111.908554145\">Zrakin<\/a><\/span><\/td>\n<td>Podru\u010dje<\/td>\n<td>Lat: 43.13510\u00a0 Lon: 16.67430<\/td>\n<td>Katastar \/ Kataster 1834<\/td>\n<\/tr>\n<\/tbody>\n<\/table>\n<p style=\"text-align: right;\"><a href=\"#seite_oben\">natrag na vrh \/ Seitenanfang<\/a><\/p>\n<hr \/>\n<p><strong>Linkovi \/ Links<\/strong><\/p>\n<p>&#8211;<\/p>\n","protected":false},"excerpt":{"rendered":"<p>Ime \/ Name Pitve &#8211; Nazivi mjesta i podru\u010dja \/ Orts- und Gebietsnamen Code: PI-AI-01\u00a0 \u00a0 \u00a0 \u00a0 \u00a0 \u00a0 \u00a0 \u00a0 \u00a0 \u00a0 \u00a0 \u00a0 \u00a0 \u00a0 \u00a0 \u00a0 \u00a0 \u00a0 \u00a0 \u00a0\u00a0 Adresa \/ Adresse Pitve Datum snimanja &hellip; <a href=\"https:\/\/www.topohvar.at\/topo\/orte\/pi\/pi-ai-01-1\/\">Weiterlesen <span class=\"meta-nav\">&rarr;<\/span><\/a><\/p>\n","protected":false},"author":1,"featured_media":0,"parent":89,"menu_order":0,"comment_status":"closed","ping_status":"closed","template":"","meta":{"footnotes":""},"class_list":["post-46274","page","type-page","status-publish","hentry"],"_links":{"self":[{"href":"https:\/\/www.topohvar.at\/topo\/wp-json\/wp\/v2\/pages\/46274","targetHints":{"allow":["GET"]}}],"collection":[{"href":"https:\/\/www.topohvar.at\/topo\/wp-json\/wp\/v2\/pages"}],"about":[{"href":"https:\/\/www.topohvar.at\/topo\/wp-json\/wp\/v2\/types\/page"}],"author":[{"embeddable":true,"href":"https:\/\/www.topohvar.at\/topo\/wp-json\/wp\/v2\/users\/1"}],"replies":[{"embeddable":true,"href":"https:\/\/www.topohvar.at\/topo\/wp-json\/wp\/v2\/comments?post=46274"}],"version-history":[{"count":7,"href":"https:\/\/www.topohvar.at\/topo\/wp-json\/wp\/v2\/pages\/46274\/revisions"}],"predecessor-version":[{"id":51703,"href":"https:\/\/www.topohvar.at\/topo\/wp-json\/wp\/v2\/pages\/46274\/revisions\/51703"}],"up":[{"embeddable":true,"href":"https:\/\/www.topohvar.at\/topo\/wp-json\/wp\/v2\/pages\/89"}],"wp:attachment":[{"href":"https:\/\/www.topohvar.at\/topo\/wp-json\/wp\/v2\/media?parent=46274"}],"curies":[{"name":"wp","href":"https:\/\/api.w.org\/{rel}","templated":true}]}}