{"id":46289,"date":"2021-02-01T16:34:32","date_gmt":"2021-02-01T15:34:32","guid":{"rendered":"https:\/\/www.topohvar.at\/topo\/?page_id=46289"},"modified":"2021-09-07T10:19:54","modified_gmt":"2021-09-07T08:19:54","slug":"pr-ai-01-1","status":"publish","type":"page","link":"https:\/\/www.topohvar.at\/topo\/orte\/pr\/pr-ai-01-1\/","title":{"rendered":"PRAPATNA &#8211; Nazivi mjesta i podru\u010dja"},"content":{"rendered":"<p><a name=\"seite_oben\"><\/a><\/p>\n<div id=\"attachment_46292\" style=\"width: 1090px\" class=\"wp-caption alignnone\"><a href=\"https:\/\/www.topohvar.at\/wp-content\/uploads\/2021\/02\/pr-ai-01.jpg\"><img loading=\"lazy\" decoding=\"async\" aria-describedby=\"caption-attachment-46292\" class=\"wp-image-46292 size-full\" src=\"https:\/\/www.topohvar.at\/wp-content\/uploads\/2021\/02\/pr-ai-01.jpg\" alt=\"\" width=\"1080\" height=\"530\" srcset=\"https:\/\/www.topohvar.at\/wp-content\/uploads\/2021\/02\/pr-ai-01.jpg 1080w, https:\/\/www.topohvar.at\/wp-content\/uploads\/2021\/02\/pr-ai-01-300x147.jpg 300w, https:\/\/www.topohvar.at\/wp-content\/uploads\/2021\/02\/pr-ai-01-1024x503.jpg 1024w, https:\/\/www.topohvar.at\/wp-content\/uploads\/2021\/02\/pr-ai-01-768x377.jpg 768w\" sizes=\"auto, (max-width: 1080px) 100vw, 1080px\" \/><\/a><p id=\"caption-attachment-46292\" class=\"wp-caption-text\">Uve\u0107aj sliku \u2013 klikni! \/ Bild vergr\u00f6\u00dfern \u2013 klicken!<\/p><\/div>\n<p><strong>Ime \/ Name<br \/>\n<\/strong>Prapatna &#8211; Nazivi mjesta i podru\u010dja \/ Orts- und Gebietsnamen<\/p>\n<p><strong>Code: <\/strong>PR-AI-01\u00a0 \u00a0 \u00a0 \u00a0 \u00a0 \u00a0 \u00a0 \u00a0 \u00a0 \u00a0 \u00a0 \u00a0 \u00a0 \u00a0 \u00a0 \u00a0 \u00a0 \u00a0 \u00a0 \u00a0\u00a0<strong> <a href=\"https:\/\/www.topohvar.at\/topo\/orte\/pr\/pr-aa-03-1\/\"><img loading=\"lazy\" decoding=\"async\" class=\"alignnone wp-image-533 size-full\" src=\"https:\/\/www.topohvar.at\/wp-content\/uploads\/2018\/07\/push-l-30.jpg\" alt=\"\" width=\"61\" height=\"30\" \/><\/a> <a href=\"https:\/\/www.topohvar.at\/orte\/pr\/\"><img loading=\"lazy\" decoding=\"async\" class=\"alignnone wp-image-535 size-full\" src=\"https:\/\/www.topohvar.at\/wp-content\/uploads\/2018\/07\/push-o-30.jpg\" alt=\"\" width=\"61\" height=\"30\" \/><\/a> <a href=\"https:\/\/www.topohvar.at\/topo\/orte\/pr\/pr-aa-01-1\/\"><img loading=\"lazy\" decoding=\"async\" class=\"alignnone wp-image-536 size-full\" src=\"https:\/\/www.topohvar.at\/wp-content\/uploads\/2018\/07\/push-r-30.jpg\" alt=\"\" width=\"61\" height=\"30\" \/><\/a> <a href=\"https:\/\/www.topohvar.at\/topo\/orte\/pr\/pr-au-10-1\/\"><img loading=\"lazy\" decoding=\"async\" class=\"alignnone wp-image-12299 size-full\" src=\"https:\/\/www.topohvar.at\/wp-content\/uploads\/2018\/09\/push-next-30.jpg\" alt=\"\" width=\"61\" height=\"30\" \/><\/a> <\/strong><\/p>\n<hr \/>\n<p><strong>Adresa \/ Adresse<br \/>\n<\/strong>Prapatna<\/p>\n<p><strong>Datum snimanja \/ Erfassungsdatum<br \/>\n<\/strong>01.02.2021 :17:00:00<\/p>\n<hr \/>\n<div class='content-column one_half'><div style=\"padding-right:6px;\"><p><strong>Nazivi mjesta i podru\u010dja<\/strong><\/p>\n<p>Na popisu ispod na\u0107i \u0107ete sva imena koja se nalaze na podru\u010dju Prapatnu u:<\/p><\/div><\/div><div class='content-column one_half last_column'><div style=\"padding-right:0px;padding-left:6px;\"><p><strong>Orts- und Gebietsnamen<\/strong><\/p>\n<p>In der nachstehenden Liste befinden sich alle Namen, die im Bereich Prapatna verzeichnet sind in:<\/p><\/div><\/div><div class='clear_column'><\/div><div class='content-column one_half'><div style=\"padding-right:6px;\"><p>&#8211; turisti\u010dkoj karti otoka Hvara, 1:75.000<br \/>\n&#8211; topografskoj karti otoka Hvara, 1:25.000<br \/>\n<span style=\"color: #ffffff;\">&#8211;<\/span> (izvor: Geoportal DGU)<br \/>\n&#8211; osnovnoj karti otoka Hvar (izvor: Geoportal DGU)<br \/>\n&#8211; Katastar iz 1834. godine (&#8222;Franziszeischer Kataster&#8220;) (Izvor: https:\/\/maps.arcanum.com\/de\/map\/cadastral\/)<\/p>\n<p>Klik na ime prikazuje mjesto na Google Maps ili maps.arcanum.com.<\/p><\/div><\/div><div class='content-column one_half last_column'><div style=\"padding-right:0px;padding-left:6px;\"><p>&#8211; touristische Karte der Insel Hvar, 1:75.000<br \/>\n&#8211; topographische Karte der Insel Hvar, 1:25.000<br \/>\n<span style=\"color: #ffffff;\">&#8211;<\/span> (Quelle: Geoportal DGU)<br \/>\n&#8211; Grundkarte der Insel Hvar (Quelle: Geoportal DGU)<br \/>\n&#8211; Franziszeischer Kataster 1834 (Quelle: https:\/\/maps.arcanum.com\/de\/map\/cadastral\/)<\/p>\n<p>Ein Klick auf den Namen zeigt den Ort in Google Maps oder in maps.arcanum.com.<\/p><\/div><\/div><div class='clear_column'><\/div><\/p>\n<table width=\"546\">\n<tbody>\n<tr>\n<td width=\"178\"><span style=\"color: #3366ff;\"><a style=\"color: #3366ff;\" href=\"https:\/\/maps.arcanum.com\/de\/map\/cadastral\/?layers=here-aerial%2C3%2C4&amp;bbox=1863349.7267589055%2C5336061.737575039%2C1864935.795095823%2C5337156.936870938\">Bad<\/a><\/span><\/td>\n<td width=\"54\">Podru\u010dje<\/td>\n<td width=\"148\">Lat: 43.16160\u00a0 Lon: 16.74600<\/td>\n<td width=\"166\">Katastar \/ Kataster 1834<\/td>\n<\/tr>\n<tr>\n<td><span style=\"color: #3366ff;\"><a style=\"color: #3366ff;\" href=\"https:\/\/maps.arcanum.com\/de\/map\/cadastral\/?layers=here-aerial%2C3%2C4&amp;bbox=1866547.4672043843%2C5334661.404651778%2C1868133.5355413018%2C5335756.603947677\">Badang, Nad-<\/a><\/span><\/td>\n<td>Podru\u010dje<\/td>\n<td>Lat: 43.15260\u00a0 Lon: 16.77430<\/td>\n<td>Katastar \/ Kataster 1834<\/td>\n<\/tr>\n<tr>\n<td><span style=\"color: #3366ff;\"><a style=\"color: #3366ff;\" href=\"https:\/\/maps.arcanum.com\/de\/map\/cadastral\/?layers=here-aerial%2C3%2C4&amp;bbox=1864764.9015618784%2C5333753.68993515%2C1866350.969898796%2C5334848.8892310485\">Barlok<\/a><\/span><\/td>\n<td>Podru\u010dje<\/td>\n<td>Lat: 43.14640\u00a0 Lon: 16.75930<\/td>\n<td>Katastar \/ Kataster 1834<\/td>\n<\/tr>\n<tr>\n<td><span style=\"color: #3366ff;\"><a style=\"color: #3366ff;\" href=\"https:\/\/goo.gl\/maps\/CtggWhYkoabUWi1F9\">Bojani Dolac<\/a><\/span><\/td>\n<td>Zaseok<\/td>\n<td>Lat: 43.15427\u00a0 Lon: 16.75305<\/td>\n<td>Hvar- turisti\u010dka karta 1:75.000<\/td>\n<\/tr>\n<tr>\n<td><span style=\"color: #3366ff;\"><a style=\"color: #3366ff;\" href=\"https:\/\/maps.arcanum.com\/de\/map\/cadastral\/?layers=here-aerial%2C3%2C4&amp;bbox=1866594.8120024498%2C5333433.761036849%2C1868180.8803393673%2C5334528.960332748\">Dubocca, Mala-<\/a><\/span><\/td>\n<td>Podru\u010dje<\/td>\n<td>Lat: 43.14440\u00a0 Lon: 16.77510<\/td>\n<td>Katastar \/ Kataster 1834<\/td>\n<\/tr>\n<tr>\n<td><span style=\"color: #3366ff;\"><a style=\"color: #3366ff;\" href=\"https:\/\/goo.gl\/maps\/7vu5rV9rpu6Lm3wFA\">Duboka<\/a><\/span><\/td>\n<td>Podru\u010dje<\/td>\n<td>Lat: 43.14870\u00a0 Lon: 16.77929<\/td>\n<td>Hvar- turisti\u010dka karta 1:75.000<\/td>\n<\/tr>\n<tr>\n<td><span style=\"color: #3366ff;\"><a style=\"color: #3366ff;\" href=\"https:\/\/maps.arcanum.com\/de\/map\/cadastral\/?layers=here-aerial%2C3%2C4&amp;bbox=1862550.6228534253%2C5334364.0405588085%2C1864136.691190343%2C5335459.239854707\">Huglievan (Mala Prapatna)<\/a><\/span><\/td>\n<td>Zaseok<\/td>\n<td>Lat: 43.15078\u00a0 Lon: 16.73778<\/td>\n<td>Katastar \/ Kataster 1834<\/td>\n<\/tr>\n<tr>\n<td><span style=\"color: #3366ff;\"><a style=\"color: #3366ff;\" href=\"https:\/\/goo.gl\/maps\/7kjYJLAbLhvbLAGDA\">Iza Gradca<\/a><\/span><\/td>\n<td>Podru\u010dje<\/td>\n<td>Lat: 43.15959\u00a0 Lon: 16.76378<\/td>\n<td>Hvar- Hrvatska osnovna karta<\/td>\n<\/tr>\n<tr>\n<td><span style=\"color: #3366ff;\"><a style=\"color: #3366ff;\" href=\"https:\/\/goo.gl\/maps\/BdzYCpwPZffL2yQ76\">Ma\u010dica, 181 m<\/a><\/span><\/td>\n<td>Brdo<\/td>\n<td>Lat: 43.15648\u00a0 Lon: 16.73691<\/td>\n<td>Hvar- turisti\u010dka karta 1:75.000<\/td>\n<\/tr>\n<tr>\n<td><span style=\"color: #3366ff;\"><a style=\"color: #3366ff;\" href=\"https:\/\/goo.gl\/maps\/EdpyKjKVYagb5g7H7\">Makarac<\/a><\/span><\/td>\n<td>Podru\u010dje<\/td>\n<td>Lat: 43.16104\u00a0 Lon: 16.75743<\/td>\n<td>Hvar- topografska karta 1:25.000<\/td>\n<\/tr>\n<tr>\n<td><span style=\"color: #3366ff;\"><a style=\"color: #3366ff;\" href=\"https:\/\/maps.arcanum.com\/de\/map\/cadastral\/?layers=here-aerial%2C3%2C4&amp;bbox=1862312.929853913%2C5335186.980618836%2C1863898.9981908305%2C5336282.179914735\">Marziza<\/a><\/span><\/td>\n<td>Brdo<\/td>\n<td>Lat: 43.15648\u00a0 Lon: 16.73691<\/td>\n<td>Katastar \/ Kataster 1834<\/td>\n<\/tr>\n<tr>\n<td><span style=\"color: #3366ff;\"><a style=\"color: #3366ff;\" href=\"https:\/\/maps.arcanum.com\/de\/map\/cadastral\/?layers=here-aerial%2C3%2C4&amp;bbox=1861855.7376086714%2C5335431.631025498%2C1863441.805945589%2C5336526.830321397\">Maziza<\/a><\/span><\/td>\n<td>Podru\u010dje<\/td>\n<td>Lat: 43.15770\u00a0 Lon: 16.73240<\/td>\n<td>Katastar \/ Kataster 1834<\/td>\n<\/tr>\n<tr>\n<td><span style=\"color: #3366ff;\"><a style=\"color: #3366ff;\" href=\"https:\/\/maps.arcanum.com\/de\/map\/cadastral\/?layers=here-aerial%2C3%2C4&amp;bbox=1862319.7896950112%2C5333872.548146396%2C1863905.8580319288%2C5334967.747442295\">Palladinsca<\/a><\/span><\/td>\n<td>Podru\u010dje<\/td>\n<td>Lat: 43.14770\u00a0 Lon: 16.73620<\/td>\n<td>Katastar \/ Kataster 1834<\/td>\n<\/tr>\n<tr>\n<td><span style=\"color: #3366ff;\"><a style=\"color: #3366ff;\" href=\"https:\/\/goo.gl\/maps\/5FvpEoVpPGMBMj597\">Prapatna<\/a><\/span><\/td>\n<td>Podru\u010dje<\/td>\n<td>Lat: 43.15372\u00a0 Lon: 16.74642<\/td>\n<td>Hvar- Hrvatska osnovna karta<\/td>\n<\/tr>\n<tr>\n<td><span style=\"color: #3366ff;\"><a style=\"color: #3366ff;\" href=\"https:\/\/maps.arcanum.com\/de\/map\/cadastral\/?layers=here-aerial%2C3%2C4&amp;bbox=1863660.0707757643%2C5335472.137046634%2C1865246.1391126818%2C5336567.336342533\">Prapatna<\/a><\/span><\/td>\n<td>Zaseok<\/td>\n<td>Lat: 43.15890\u00a0 Lon: 16.74900<\/td>\n<td>Katastar \/ Kataster 1834<\/td>\n<\/tr>\n<tr>\n<td><span style=\"color: #3366ff;\"><a style=\"color: #3366ff;\" href=\"https:\/\/goo.gl\/maps\/zcN4hj9AF2yTyZLJ6\">Prapatna, Mala-<\/a><\/span><\/td>\n<td>Zaseok<\/td>\n<td>Lat: 43.15078\u00a0 Lon: 16.73778<\/td>\n<td>Hvar- turisti\u010dka karta 1:75.000<\/td>\n<\/tr>\n<tr>\n<td><span style=\"color: #3366ff;\"><a style=\"color: #3366ff;\" href=\"https:\/\/goo.gl\/maps\/hkgk1DXkW6iENo9d6\">Prapatna, Vela-<\/a><\/span><\/td>\n<td>Zaseok<\/td>\n<td>Lat: 43.15808\u00a0 Lon: 16.74823<\/td>\n<td>Hvar- turisti\u010dka karta 1:75.000<\/td>\n<\/tr>\n<tr>\n<td><span style=\"color: #3366ff;\"><a style=\"color: #3366ff;\" href=\"https:\/\/maps.arcanum.com\/de\/map\/cadastral\/?layers=here-aerial%2C3%2C4&amp;bbox=1863615.880618786%2C5335608.290503274%2C1865201.9489557035%2C5336703.489799173\">Prapratna<\/a><\/span><\/td>\n<td>Podru\u010dje<\/td>\n<td>Lat: 43.15810\u00a0 Lon: 16.74840<\/td>\n<td>Katastar \/ Kataster 1834<\/td>\n<\/tr>\n<tr>\n<td><span style=\"color: #3366ff;\"><a style=\"color: #3366ff;\" href=\"https:\/\/maps.arcanum.com\/de\/map\/cadastral\/?layers=here-aerial%2C3%2C4&amp;bbox=1864377.6921721192%2C5335814.610463914%2C1865963.7605090367%2C5336909.809759813\">Ripisna<\/a><\/span><\/td>\n<td>Podru\u010dje<\/td>\n<td>Lat: 43.16010\u00a0 Lon: 16.75530<\/td>\n<td>Katastar \/ Kataster 1834<\/td>\n<\/tr>\n<tr>\n<td><span style=\"color: #3366ff;\"><a style=\"color: #3366ff;\" href=\"https:\/\/goo.gl\/maps\/WYPcxMggS43r7J1C6\">Ripi\u0161ne Plo\u0107e<\/a><\/span><\/td>\n<td>Podru\u010dje<\/td>\n<td>Lat: 43.15950\u00a0 Lon: 16.75268<\/td>\n<td>Hvar- Hrvatska osnovna karta<\/td>\n<\/tr>\n<tr>\n<td><span style=\"color: #3366ff;\"><a style=\"color: #3366ff;\" href=\"https:\/\/goo.gl\/maps\/Kh36AABHNp58S1rg7\">Sinje Spilje<\/a><\/span><\/td>\n<td>Podru\u010dje<\/td>\n<td>Lat: 43.15089\u00a0 Lon: 16.75078<\/td>\n<td>Hvar- turisti\u010dka karta 1:75.000<\/td>\n<\/tr>\n<tr>\n<td><span style=\"color: #3366ff;\"><a style=\"color: #3366ff;\" href=\"https:\/\/goo.gl\/maps\/mXftLgFcaDdXdh6u9\">Stan\u010din Dolac<\/a><\/span><\/td>\n<td>Podru\u010dje<\/td>\n<td>Lat: 43.15661\u00a0 Lon: 16.73079<\/td>\n<td>Hvar- Hrvatska osnovna karta<\/td>\n<\/tr>\n<tr>\n<td><span style=\"color: #3366ff;\"><a style=\"color: #3366ff;\" href=\"https:\/\/maps.arcanum.com\/de\/map\/cadastral\/?layers=here-aerial%2C3%2C4&amp;bbox=1866611.1382722505%2C5335287.185482767%2C1868197.206609168%2C5336382.384778666\">Stiniva, Mala-<\/a><\/span><\/td>\n<td>Podru\u010dje<\/td>\n<td>Lat: 43.15670\u00a0 Lon: 16.77500<\/td>\n<td>Katastar \/ Kataster 1834<\/td>\n<\/tr>\n<tr>\n<td><span style=\"color: #3366ff;\"><a style=\"color: #3366ff;\" href=\"https:\/\/maps.arcanum.com\/de\/map\/cadastral\/?layers=here-aerial%2C3%2C4&amp;bbox=1865817.5762211815%2C5334270.807276606%2C1867403.644558099%2C5335366.0065725045\">Vajascki Rat<\/a><\/span><\/td>\n<td>Podru\u010dje<\/td>\n<td>Lat: 43.15000\u00a0 Lon: 16.76790<\/td>\n<td>Katastar \/ Kataster 1834<\/td>\n<\/tr>\n<tr>\n<td><span style=\"color: #3366ff;\"><a style=\"color: #3366ff;\" href=\"https:\/\/goo.gl\/maps\/zCwvbSoG8w9wTzRf7\">Vajaski Rat<\/a><\/span><\/td>\n<td>Podru\u010dje<\/td>\n<td>Lat: 43.15014\u00a0 Lon: 16.75895<\/td>\n<td>Hvar- topografska karta 1:25.000<\/td>\n<\/tr>\n<tr>\n<td><span style=\"color: #3366ff;\"><a style=\"color: #3366ff;\" href=\"https:\/\/goo.gl\/maps\/vfGdzvCrgQ8J2cyy6\">Zagradaca<\/a><\/span><\/td>\n<td>Podru\u010dje<\/td>\n<td>Lat: 43.14830\u00a0 Lon: 16.77000<\/td>\n<td>Katastar \/ Kataster 1834<\/td>\n<\/tr>\n<tr>\n<td><span style=\"color: #3366ff;\"><a style=\"color: #3366ff;\" href=\"https:\/\/maps.arcanum.com\/de\/map\/cadastral\/?layers=here-aerial%2C3%2C4&amp;bbox=1865295.4303796743%2C5335052.7367486%2C1866881.4987165919%2C5336147.936044499\">Zagradach<\/a><\/span><\/td>\n<td>Podru\u010dje<\/td>\n<td>Lat: 43.15500\u00a0 Lon: 16.76330<\/td>\n<td>Katastar \/ Kataster 1834<\/td>\n<\/tr>\n<tr>\n<td><span style=\"color: #3366ff;\"><a style=\"color: #3366ff;\" href=\"https:\/\/goo.gl\/maps\/vfGdzvCrgQ8J2cyy6\">Zagrada\u010da<\/a><\/span><\/td>\n<td>Zaseok<\/td>\n<td>Lat: 43.14975\u00a0 Lon: 16.76738<\/td>\n<td>Hvar- turisti\u010dka karta 1:75.000<\/td>\n<\/tr>\n<tr>\n<td><span style=\"color: #3366ff;\"><a style=\"color: #3366ff;\" href=\"https:\/\/goo.gl\/maps\/bGEzrFoXxDMY7Fvy7\">Zali Rat<\/a><\/span><\/td>\n<td>Podru\u010dje<\/td>\n<td>Lat: 43.14742\u00a0 Lon: 16.77214<\/td>\n<td>Hvar- Hrvatska osnovna karta<\/td>\n<\/tr>\n<\/tbody>\n<\/table>\n<p style=\"text-align: right;\"><a href=\"#seite_oben\">natrag na vrh \/ Seitenanfang<\/a><\/p>\n<hr \/>\n<p><strong>Linkovi \/ Links<\/strong><\/p>\n<p>&#8211;<\/p>\n","protected":false},"excerpt":{"rendered":"<p>Ime \/ Name Prapatna &#8211; Nazivi mjesta i podru\u010dja \/ Orts- und Gebietsnamen Code: PR-AI-01\u00a0 \u00a0 \u00a0 \u00a0 \u00a0 \u00a0 \u00a0 \u00a0 \u00a0 \u00a0 \u00a0 \u00a0 \u00a0 \u00a0 \u00a0 \u00a0 \u00a0 \u00a0 \u00a0 \u00a0\u00a0 Adresa \/ Adresse Prapatna Datum snimanja &hellip; <a href=\"https:\/\/www.topohvar.at\/topo\/orte\/pr\/pr-ai-01-1\/\">Weiterlesen <span class=\"meta-nav\">&rarr;<\/span><\/a><\/p>\n","protected":false},"author":1,"featured_media":0,"parent":129,"menu_order":0,"comment_status":"closed","ping_status":"closed","template":"","meta":{"footnotes":""},"class_list":["post-46289","page","type-page","status-publish","hentry"],"_links":{"self":[{"href":"https:\/\/www.topohvar.at\/topo\/wp-json\/wp\/v2\/pages\/46289","targetHints":{"allow":["GET"]}}],"collection":[{"href":"https:\/\/www.topohvar.at\/topo\/wp-json\/wp\/v2\/pages"}],"about":[{"href":"https:\/\/www.topohvar.at\/topo\/wp-json\/wp\/v2\/types\/page"}],"author":[{"embeddable":true,"href":"https:\/\/www.topohvar.at\/topo\/wp-json\/wp\/v2\/users\/1"}],"replies":[{"embeddable":true,"href":"https:\/\/www.topohvar.at\/topo\/wp-json\/wp\/v2\/comments?post=46289"}],"version-history":[{"count":7,"href":"https:\/\/www.topohvar.at\/topo\/wp-json\/wp\/v2\/pages\/46289\/revisions"}],"predecessor-version":[{"id":51691,"href":"https:\/\/www.topohvar.at\/topo\/wp-json\/wp\/v2\/pages\/46289\/revisions\/51691"}],"up":[{"embeddable":true,"href":"https:\/\/www.topohvar.at\/topo\/wp-json\/wp\/v2\/pages\/129"}],"wp:attachment":[{"href":"https:\/\/www.topohvar.at\/topo\/wp-json\/wp\/v2\/media?parent=46289"}],"curies":[{"name":"wp","href":"https:\/\/api.w.org\/{rel}","templated":true}]}}