{"id":46312,"date":"2021-02-01T18:21:27","date_gmt":"2021-02-01T17:21:27","guid":{"rendered":"https:\/\/www.topohvar.at\/topo\/?page_id=46312"},"modified":"2021-09-12T11:57:44","modified_gmt":"2021-09-12T09:57:44","slug":"sa-ai-01-1","status":"publish","type":"page","link":"https:\/\/www.topohvar.at\/topo\/orte\/sa\/sa-ai-01-1\/","title":{"rendered":"SELCA (kod Starog Grada) &#8211; Nazivi mjesta i podru\u010dja"},"content":{"rendered":"<p><a name=\"seite_oben\"><\/a><\/p>\n<div id=\"attachment_46313\" style=\"width: 1090px\" class=\"wp-caption alignnone\"><a href=\"https:\/\/www.topohvar.at\/wp-content\/uploads\/2021\/02\/sa-ai-01.jpg\"><img loading=\"lazy\" decoding=\"async\" aria-describedby=\"caption-attachment-46313\" class=\"wp-image-46313 size-full\" src=\"https:\/\/www.topohvar.at\/wp-content\/uploads\/2021\/02\/sa-ai-01.jpg\" alt=\"\" width=\"1080\" height=\"530\" srcset=\"https:\/\/www.topohvar.at\/wp-content\/uploads\/2021\/02\/sa-ai-01.jpg 1080w, https:\/\/www.topohvar.at\/wp-content\/uploads\/2021\/02\/sa-ai-01-300x147.jpg 300w, https:\/\/www.topohvar.at\/wp-content\/uploads\/2021\/02\/sa-ai-01-1024x503.jpg 1024w, https:\/\/www.topohvar.at\/wp-content\/uploads\/2021\/02\/sa-ai-01-768x377.jpg 768w\" sizes=\"auto, (max-width: 1080px) 100vw, 1080px\" \/><\/a><p id=\"caption-attachment-46313\" class=\"wp-caption-text\">Uve\u0107aj sliku \u2013 klikni! \/ Bild vergr\u00f6\u00dfern \u2013 klicken!<\/p><\/div>\n<p><strong>Ime \/ Name<br \/>\n<\/strong>Selca (kod Starog Grada) &#8211; Nazivi mjesta i podru\u010dja \/ Orts- und Gebietsnamen<\/p>\n<p><strong>Code: <\/strong>SA-AI-01\u00a0 \u00a0 \u00a0 \u00a0 \u00a0 \u00a0 \u00a0 \u00a0 \u00a0 \u00a0 \u00a0 \u00a0 \u00a0 \u00a0 \u00a0 \u00a0 \u00a0 \u00a0 \u00a0 \u00a0\u00a0<strong> <a href=\"https:\/\/www.topohvar.at\/topo\/orte\/sa\/sa-aa-01-1\/\"><img loading=\"lazy\" decoding=\"async\" class=\"alignnone wp-image-533 size-full\" src=\"https:\/\/www.topohvar.at\/wp-content\/uploads\/2018\/07\/push-l-30.jpg\" alt=\"\" width=\"61\" height=\"30\" \/><\/a> <a href=\"https:\/\/www.topohvar.at\/orte\/sa\/\"><img loading=\"lazy\" decoding=\"async\" class=\"alignnone wp-image-535 size-full\" src=\"https:\/\/www.topohvar.at\/wp-content\/uploads\/2018\/07\/push-o-30.jpg\" alt=\"\" width=\"61\" height=\"30\" \/><\/a> <\/strong><\/p>\n<hr \/>\n<p><strong>Adresa \/ Adresse<br \/>\n<\/strong>Selca (kod Starog Grada)<\/p>\n<p><strong>Datum snimanja \/ Erfassungsdatum<br \/>\n<\/strong>01.02.2021 :19:00:00<\/p>\n<hr \/>\n<div class='content-column one_half'><div style=\"padding-right:6px;\"><p><strong>Nazivi mjesta i podru\u010dja<\/strong><\/p>\n<p>Na popisu ispod na\u0107i \u0107ete sva imena koja se nalaze na podru\u010dju Selca u:<\/p><\/div><\/div><div class='content-column one_half last_column'><div style=\"padding-right:0px;padding-left:6px;\"><p><strong>Orts- und Gebietsnamen<\/strong><\/p>\n<p>In der nachstehenden Liste befinden sich alle Namen, die im Bereich Selca verzeichnet sind in:<\/p><\/div><\/div><div class='clear_column'><\/div><div class='content-column one_half'><div style=\"padding-right:6px;\"><p>&#8211; turisti\u010dkoj karti otoka Hvara, 1:75.000<br \/>\n&#8211; topografskoj karti otoka Hvara, 1:25.000<br \/>\n<span style=\"color: #ffffff;\">&#8211;<\/span> (izvor: Geoportal DGU)<br \/>\n&#8211; osnovnoj karti otoka Hvar (izvor: Geoportal DGU)<br \/>\n&#8211; Katastar iz 1834. godine (&#8222;Franziszeischer Kataster&#8220;) (Izvor: https:\/\/maps.arcanum.com\/de\/map\/cadastral\/)<\/p>\n<p>Klik na ime prikazuje mjesto na Google Maps ili maps.arcanum.com.<\/p><\/div><\/div><div class='content-column one_half last_column'><div style=\"padding-right:0px;padding-left:6px;\"><p>&#8211; touristische Karte der Insel Hvar, 1:75.000<br \/>\n&#8211; topographische Karte der Insel Hvar, 1:25.000<br \/>\n<span style=\"color: #ffffff;\">&#8211;<\/span> (Quelle: Geoportal DGU)<br \/>\n&#8211; Grundkarte der Insel Hvar (Quelle: Geoportal DGU)<br \/>\n&#8211; Franziszeischer Kataster 1834 (Quelle: https:\/\/maps.arcanum.com\/de\/map\/cadastral\/)<\/p>\n<p>Ein Klick auf den Namen zeigt den Ort in Google Maps oder in maps.arcanum.com.<\/p><\/div><\/div><div class='clear_column'><\/div><\/p>\n<table width=\"546\">\n<tbody>\n<tr>\n<td width=\"178\"><span style=\"color: #3366ff;\"><a style=\"color: #3366ff;\" href=\"https:\/\/maps.arcanum.com\/de\/map\/cadastral\/?layers=here-aerial%2C3%2C4&amp;bbox=1846028.8669020971%2C5335578.46584972%2C1847771.392281286%2C5336726.215602564\">Borovic<\/a><\/span><\/td>\n<td width=\"54\">Podru\u010dje<\/td>\n<td width=\"148\">Lat: 43.15870\u00a0 Lon: 16.59090<\/td>\n<td width=\"166\">Katastar \/ Kataster 1834<\/td>\n<\/tr>\n<tr>\n<td><span style=\"color: #3366ff;\"><a style=\"color: #3366ff;\" href=\"https:\/\/maps.arcanum.com\/de\/map\/cadastral\/?layers=here-aerial%2C3%2C4&amp;bbox=1843835.2279748102%2C5335388.901273431%2C1845577.753353999%2C5336536.651026275\">Borovich<\/a><\/span><\/td>\n<td>Podru\u010dje<\/td>\n<td>Lat: 43.15730\u00a0 Lon: 16.57130<\/td>\n<td>Katastar \/ Kataster 1834<\/td>\n<\/tr>\n<tr>\n<td><span style=\"color: #3366ff;\"><a style=\"color: #3366ff;\" href=\"https:\/\/maps.arcanum.com\/de\/map\/cadastral\/?layers=here-aerial%2C3%2C4&amp;bbox=1843001.7793837816%2C5337181.0484001%2C1844744.3047629704%2C5338328.798152944\">Borovich, Potocco<\/a><\/span><\/td>\n<td>Potok<\/td>\n<td>Lat: 43.16870\u00a0 Lon: 16.57350<\/td>\n<td>Katastar \/ Kataster 1834<\/td>\n<\/tr>\n<tr>\n<td><span style=\"color: #3366ff;\"><a style=\"color: #3366ff;\" href=\"https:\/\/maps.arcanum.com\/de\/map\/cadastral\/?layers=here-aerial%2C3%2C4&amp;bbox=1843001.7793837816%2C5337181.0484001%2C1844744.3047629704%2C5338328.798152944\">Borovik, Pod-<\/a><\/span><\/td>\n<td>Podru\u010dje<\/td>\n<td>Lat: 43.15995\u00a0 Lon: 16.58861<\/td>\n<td>Hvar- Hrvatska osnovna karta<\/td>\n<\/tr>\n<tr>\n<td><span style=\"color: #3366ff;\"><a style=\"color: #3366ff;\" href=\"https:\/\/maps.arcanum.com\/de\/map\/cadastral\/?layers=here-aerial%2C3%2C4&amp;bbox=1846620.2611241695%2C5336164.384677569%2C1848362.7865033583%2C5337312.134430413\">Borovik, Pod-<\/a><\/span><\/td>\n<td>Podru\u010dje<\/td>\n<td>Lat: 43.16260\u00a0 Lon: 16.59610<\/td>\n<td>Katastar \/ Kataster 1834<\/td>\n<\/tr>\n<tr>\n<td><span style=\"color: #3366ff;\"><a style=\"color: #3366ff;\" href=\"https:\/\/maps.arcanum.com\/de\/map\/cadastral\/?layers=here-aerial%2C3%2C4&amp;bbox=1845991.8427165211%2C5335174.720959763%2C1847734.36809571%2C5336322.470712607\">Certun Dolaz<\/a><\/span><\/td>\n<td>Podru\u010dje<\/td>\n<td>Lat: 43.15610\u00a0 Lon: 16.59090<\/td>\n<td>Katastar \/ Kataster 1834<\/td>\n<\/tr>\n<tr>\n<td><span style=\"color: #3366ff;\"><a style=\"color: #3366ff;\" href=\"https:\/\/maps.arcanum.com\/de\/map\/cadastral\/?layers=here-aerial%2C3%2C4&amp;bbox=1843001.7793837816%2C5337181.0484001%2C1844744.3047629704%2C5338328.798152944\">Colludrovich<\/a><\/span><\/td>\n<td>Podru\u010dje<\/td>\n<td>Lat: 43.16910\u00a0 Lon: 16.56320<\/td>\n<td>Katastar \/ Kataster 1834<\/td>\n<\/tr>\n<tr>\n<td><span style=\"color: #3366ff;\"><a style=\"color: #3366ff;\" href=\"https:\/\/maps.arcanum.com\/de\/map\/cadastral\/?layers=here-aerial%2C3%2C4&amp;bbox=1842615.438021408%2C5337163.396625114%2C1844357.9634005968%2C5338311.146377957\">Coludrovich, Pottock-<\/a><\/span><\/td>\n<td>Potok<\/td>\n<td>Lat: 43.16900\u00a0 Lon: 16.56030<\/td>\n<td>Katastar \/ Kataster 1834<\/td>\n<\/tr>\n<tr>\n<td><span style=\"color: #3366ff;\"><a style=\"color: #3366ff;\" href=\"https:\/\/goo.gl\/maps\/uoWWYeKLap7fwUyX8\">Dolac, Veli-<\/a><\/span><\/td>\n<td>Podru\u010dje<\/td>\n<td>Lat: 43.16844\u00a0 Lon: 16.57680<\/td>\n<td>Hvar- topografska karta 1:25.000<\/td>\n<\/tr>\n<tr>\n<td><span style=\"color: #3366ff;\"><a style=\"color: #3366ff;\" href=\"https:\/\/goo.gl\/maps\/5H8Umskbu9uevboT8\">Duga Gomila, 340 m<\/a><\/span><\/td>\n<td>Brdo<\/td>\n<td>Lat: 43.16159\u00a0 Lon: 16.56376<\/td>\n<td>Hvar- topografska karta 1:25.000<\/td>\n<\/tr>\n<tr>\n<td><span style=\"color: #3366ff;\"><a style=\"color: #3366ff;\" href=\"https:\/\/goo.gl\/maps\/J4pbKeLU7mWvkbJ4A\">Kartoni Doci<\/a><\/span><\/td>\n<td>Podru\u010dje<\/td>\n<td>Lat: 43.15169\u00a0 Lon: 16.57068<\/td>\n<td>Hvar- Hrvatska osnovna karta<\/td>\n<\/tr>\n<tr>\n<td><span style=\"color: #3366ff;\"><a style=\"color: #3366ff;\" href=\"https:\/\/goo.gl\/maps\/Pt2gRWnre9S9FF9w8\">Koludromi\u0107<\/a><\/span><\/td>\n<td>Podru\u010dje<\/td>\n<td>Lat: 43.16732\u00a0 Lon: 16.56116<\/td>\n<td>Hvar- Hrvatska osnovna karta<\/td>\n<\/tr>\n<tr>\n<td><span style=\"color: #3366ff;\"><a style=\"color: #3366ff;\" href=\"https:\/\/goo.gl\/maps\/kjrELWeUruNVWbUn6\">Maslinica<\/a><\/span><\/td>\n<td>Podru\u010dje<\/td>\n<td>Lat: 43.16945\u00a0 Lon: 16.56400<\/td>\n<td>Hvar- Hrvatska osnovna karta<\/td>\n<\/tr>\n<tr>\n<td><span style=\"color: #3366ff;\"><a style=\"color: #3366ff;\" href=\"https:\/\/goo.gl\/maps\/RJa4D9xyF7owXghY7\">Maslinica<\/a><\/span><\/td>\n<td>Zaseok<\/td>\n<td>Lat: 43.17818\u00a0 Lon: 16.56648<\/td>\n<td>Hvar- turisti\u010dka karta 1:75.000<\/td>\n<\/tr>\n<tr>\n<td><span style=\"color: #3366ff;\"><a style=\"color: #3366ff;\" href=\"https:\/\/maps.arcanum.com\/de\/map\/cadastral\/?layers=here-aerial%2C3%2C4&amp;bbox=1843267.3259939416%2C5337715.200297142%2C1845009.8513731305%2C5338862.950049986\">Maslinizza<\/a><\/span><\/td>\n<td>Podru\u010dje<\/td>\n<td>Lat: 43.17260\u00a0 Lon: 16.56600<\/td>\n<td>Katastar \/ Kataster 1834<\/td>\n<\/tr>\n<tr>\n<td><span style=\"color: #3366ff;\"><a style=\"color: #3366ff;\" href=\"https:\/\/maps.arcanum.com\/de\/map\/cadastral\/?layers=here-aerial%2C3%2C4&amp;bbox=1842991.1211319524%2C5337824.554117612%2C1844733.6465111412%2C5338972.303870455\">Maslinizza, Potocco<\/a><\/span><\/td>\n<td>Potok<\/td>\n<td>Lat: 43.17340\u00a0 Lon: 16.56380<\/td>\n<td>Katastar \/ Kataster 1834<\/td>\n<\/tr>\n<tr>\n<td><span style=\"color: #3366ff;\"><a style=\"color: #3366ff;\" href=\"https:\/\/maps.arcanum.com\/de\/map\/cadastral\/?layers=here-aerial%2C3%2C4&amp;bbox=1843338.951693481%2C5338240.503610496%2C1845081.47707267%2C5339388.25336334\">Maslinizza, Pottock<\/a><\/span><\/td>\n<td>Potok<\/td>\n<td>Lat: 43.17610\u00a0 Lon: 16.56690<\/td>\n<td>Katastar \/ Kataster 1834<\/td>\n<\/tr>\n<tr>\n<td><span style=\"color: #3366ff;\"><a style=\"color: #3366ff;\" href=\"https:\/\/goo.gl\/maps\/jBZkrM5XA7ek6LKg9\">Mo\u010da<\/a><\/span><\/td>\n<td>Podru\u010dje<\/td>\n<td>Lat: 43.15443\u00a0 Lon: 16.57257<\/td>\n<td>Hvar- topografska karta 1:25.000<\/td>\n<\/tr>\n<tr>\n<td><span style=\"color: #3366ff;\"><a style=\"color: #3366ff;\" href=\"https:\/\/goo.gl\/maps\/jxCSxNNjPBdByQ377\">Remik<\/a><\/span><\/td>\n<td>Podru\u010dje<\/td>\n<td>Lat: 43.15735\u00a0 Lon: 16.57051<\/td>\n<td>Hvar- turisti\u010dka karta 1:75.000<\/td>\n<\/tr>\n<tr>\n<td><a href=\"https:\/\/goo.gl\/maps\/eE1YjAv8HSDUK9tK7\"><span style=\"color: #3366ff;\">Selca kod Starog<\/span> <span style=\"color: #3366ff;\">Grada<\/span><\/a><\/td>\n<td>Selo<\/td>\n<td>Lat: 43.16665\u00a0 Lon: 16.56656<\/td>\n<td>Hvar- turisti\u010dka karta 1:75.000<\/td>\n<\/tr>\n<tr>\n<td><span style=\"color: #3366ff;\"><a style=\"color: #3366ff;\" href=\"https:\/\/maps.arcanum.com\/de\/map\/cadastral\/?layers=here-aerial%2C3%2C4&amp;bbox=1843437.1360754725%2C5336938.862854519%2C1845179.6614546613%2C5338086.612607363\">Selza<\/a><\/span><\/td>\n<td>Selo<\/td>\n<td>Lat: 43.16665\u00a0 Lon: 16.56656<\/td>\n<td>Katastar \/ Kataster 1834<\/td>\n<\/tr>\n<tr>\n<td><span style=\"color: #3366ff;\"><a style=\"color: #3366ff;\" href=\"https:\/\/maps.arcanum.com\/de\/map\/cadastral\/?layers=here-aerial%2C3%2C4&amp;bbox=1843116.0859487103%2C5336216.205581469%2C1844858.6113278992%2C5337363.955334313\">Selza<\/a><\/span><\/td>\n<td>Podru\u010dje<\/td>\n<td>Lat: 43.16280\u00a0 Lon: 16.56490<\/td>\n<td>Katastar \/ Kataster 1834<\/td>\n<\/tr>\n<tr>\n<td><span style=\"color: #3366ff;\"><a style=\"color: #3366ff;\" href=\"https:\/\/maps.arcanum.com\/de\/map\/cadastral\/?layers=here-aerial%2C3%2C4&amp;bbox=1842885.3562775396%2C5337153.841996578%2C1844627.8816567285%2C5338301.591749421\">Selza, Potok-<\/a><\/span><\/td>\n<td>Potok<\/td>\n<td>Lat: 43.16900\u00a0 Lon: 16.56220<\/td>\n<td>Katastar \/ Kataster 1834<\/td>\n<\/tr>\n<tr>\n<td><span style=\"color: #3366ff;\"><a style=\"color: #3366ff;\" href=\"https:\/\/goo.gl\/maps\/2YztAcN6rDmVHxsV9\">Spili\u010dina Glava, 309 m<\/a><\/span><\/td>\n<td>Brdo<\/td>\n<td>Lat: 43.16285\u00a0 Lon: 16.58266<\/td>\n<td>Hvar- topografska karta 1:25.000<\/td>\n<\/tr>\n<tr>\n<td><span style=\"color: #3366ff;\"><a style=\"color: #3366ff;\" href=\"https:\/\/maps.arcanum.com\/de\/map\/cadastral\/?layers=here-aerial%2C3%2C4&amp;bbox=1844752.560514071%2C5337132.111304229%2C1846495.0858932598%2C5338279.861057073\">Tusto Berdo<\/a><\/span><\/td>\n<td>Podru\u010dje<\/td>\n<td>Lat: 43.16890\u00a0 Lon: 16.57950<\/td>\n<td>Katastar \/ Kataster 1834<\/td>\n<\/tr>\n<tr>\n<td><span style=\"color: #3366ff;\"><a style=\"color: #3366ff;\" href=\"https:\/\/goo.gl\/maps\/a5BC7gyMYEx7j7dy9\">Tusto Brdo, 287 m<\/a><\/span><\/td>\n<td>Podru\u010dje<\/td>\n<td>Lat: 43.17106\u00a0 Lon: 16.58500<\/td>\n<td>Hvar- Hrvatska osnovna karta<\/td>\n<\/tr>\n<tr>\n<td><span style=\"color: #3366ff;\"><a style=\"color: #3366ff;\" href=\"https:\/\/maps.arcanum.com\/de\/map\/cadastral\/?layers=here-aerial%2C3%2C4&amp;bbox=1844326.9604145295%2C5334537.218201028%2C1846069.4857937184%2C5335684.967953872\">Zartoni Dozi<\/a><\/span><\/td>\n<td>Podru\u010dje<\/td>\n<td>Lat: 43.15190\u00a0 Lon: 16.57530<\/td>\n<td>Katastar \/ Kataster 1834<\/td>\n<\/tr>\n<tr>\n<td><span style=\"color: #3366ff;\"><a style=\"color: #3366ff;\" href=\"https:\/\/maps.arcanum.com\/de\/map\/cadastral\/?layers=here-aerial%2C3%2C4&amp;bbox=1844495.8705774487%2C5336765.606653631%2C1846238.3959566376%2C5337913.3564064745\">Zelenicovaz, Potocco<\/a><\/span><\/td>\n<td>Potok<\/td>\n<td>Lat: 43.16640\u00a0 Lon: 16.57710<\/td>\n<td>Katastar \/ Kataster 1834<\/td>\n<\/tr>\n<\/tbody>\n<\/table>\n<p style=\"text-align: right;\"><span style=\"color: #3366ff;\"><a style=\"color: #3366ff;\" href=\"#seite_oben\">natrag na vrh \/ Seitenanfang<\/a><\/span><\/p>\n<hr \/>\n<p><strong>Linkovi \/ Links<\/strong><\/p>\n<p>&#8211;<\/p>\n","protected":false},"excerpt":{"rendered":"<p>Ime \/ Name Selca (kod Starog Grada) &#8211; Nazivi mjesta i podru\u010dja \/ Orts- und Gebietsnamen Code: SA-AI-01\u00a0 \u00a0 \u00a0 \u00a0 \u00a0 \u00a0 \u00a0 \u00a0 \u00a0 \u00a0 \u00a0 \u00a0 \u00a0 \u00a0 \u00a0 \u00a0 \u00a0 \u00a0 \u00a0 \u00a0\u00a0 Adresa \/ Adresse &hellip; <a href=\"https:\/\/www.topohvar.at\/topo\/orte\/sa\/sa-ai-01-1\/\">Weiterlesen <span class=\"meta-nav\">&rarr;<\/span><\/a><\/p>\n","protected":false},"author":1,"featured_media":0,"parent":95,"menu_order":0,"comment_status":"closed","ping_status":"closed","template":"","meta":{"footnotes":""},"class_list":["post-46312","page","type-page","status-publish","hentry"],"_links":{"self":[{"href":"https:\/\/www.topohvar.at\/topo\/wp-json\/wp\/v2\/pages\/46312","targetHints":{"allow":["GET"]}}],"collection":[{"href":"https:\/\/www.topohvar.at\/topo\/wp-json\/wp\/v2\/pages"}],"about":[{"href":"https:\/\/www.topohvar.at\/topo\/wp-json\/wp\/v2\/types\/page"}],"author":[{"embeddable":true,"href":"https:\/\/www.topohvar.at\/topo\/wp-json\/wp\/v2\/users\/1"}],"replies":[{"embeddable":true,"href":"https:\/\/www.topohvar.at\/topo\/wp-json\/wp\/v2\/comments?post=46312"}],"version-history":[{"count":4,"href":"https:\/\/www.topohvar.at\/topo\/wp-json\/wp\/v2\/pages\/46312\/revisions"}],"predecessor-version":[{"id":51737,"href":"https:\/\/www.topohvar.at\/topo\/wp-json\/wp\/v2\/pages\/46312\/revisions\/51737"}],"up":[{"embeddable":true,"href":"https:\/\/www.topohvar.at\/topo\/wp-json\/wp\/v2\/pages\/95"}],"wp:attachment":[{"href":"https:\/\/www.topohvar.at\/topo\/wp-json\/wp\/v2\/media?parent=46312"}],"curies":[{"name":"wp","href":"https:\/\/api.w.org\/{rel}","templated":true}]}}