{"id":46319,"date":"2021-02-01T18:54:12","date_gmt":"2021-02-01T17:54:12","guid":{"rendered":"https:\/\/www.topohvar.at\/topo\/?page_id=46319"},"modified":"2021-09-01T09:11:21","modified_gmt":"2021-09-01T07:11:21","slug":"sb-ai-01-1","status":"publish","type":"page","link":"https:\/\/www.topohvar.at\/topo\/orte\/sb\/sb-ai-01-1\/","title":{"rendered":"SELCA KOD BOGOMOLJA &#8211; Nazivi mjesta i podru\u010dja"},"content":{"rendered":"<p><a name=\"seite_oben\"><\/a><\/p>\n<div id=\"attachment_46320\" style=\"width: 1090px\" class=\"wp-caption alignnone\"><a href=\"https:\/\/www.topohvar.at\/wp-content\/uploads\/2021\/02\/sb-ai-01.jpg\"><img loading=\"lazy\" decoding=\"async\" aria-describedby=\"caption-attachment-46320\" class=\"wp-image-46320 size-full\" src=\"https:\/\/www.topohvar.at\/wp-content\/uploads\/2021\/02\/sb-ai-01.jpg\" alt=\"\" width=\"1080\" height=\"530\" srcset=\"https:\/\/www.topohvar.at\/wp-content\/uploads\/2021\/02\/sb-ai-01.jpg 1080w, https:\/\/www.topohvar.at\/wp-content\/uploads\/2021\/02\/sb-ai-01-300x147.jpg 300w, https:\/\/www.topohvar.at\/wp-content\/uploads\/2021\/02\/sb-ai-01-1024x503.jpg 1024w, https:\/\/www.topohvar.at\/wp-content\/uploads\/2021\/02\/sb-ai-01-768x377.jpg 768w\" sizes=\"auto, (max-width: 1080px) 100vw, 1080px\" \/><\/a><p id=\"caption-attachment-46320\" class=\"wp-caption-text\">Uve\u0107aj sliku \u2013 klikni! \/ Bild vergr\u00f6\u00dfern \u2013 klicken!<\/p><\/div>\n<p><strong>Ime \/ Name<br \/>\n<\/strong>Selca kod Bogomolja &#8211; Nazivi mjesta i podru\u010dja \/ Orts- und Gebietsnamen<\/p>\n<p><strong>Code: <\/strong>SB-AI-01\u00a0 \u00a0 \u00a0 \u00a0 \u00a0 \u00a0 \u00a0 \u00a0 \u00a0 \u00a0 \u00a0 \u00a0 \u00a0 \u00a0 \u00a0 \u00a0 \u00a0 \u00a0 \u00a0 \u00a0\u00a0<strong> <a href=\"https:\/\/www.topohvar.at\/topo\/orte\/sb\/sb-aa-02-1\/\"><img loading=\"lazy\" decoding=\"async\" class=\"alignnone wp-image-533 size-full\" src=\"https:\/\/www.topohvar.at\/wp-content\/uploads\/2018\/07\/push-l-30.jpg\" alt=\"\" width=\"61\" height=\"30\" \/><\/a> <a href=\"https:\/\/www.topohvar.at\/orte\/sb\/\"><img loading=\"lazy\" decoding=\"async\" class=\"alignnone wp-image-535 size-full\" src=\"https:\/\/www.topohvar.at\/wp-content\/uploads\/2018\/07\/push-o-30.jpg\" alt=\"\" width=\"61\" height=\"30\" \/><\/a> <a href=\"https:\/\/www.topohvar.at\/topo\/orte\/sb\/sb-am-03-1\/\"><img loading=\"lazy\" decoding=\"async\" class=\"alignnone wp-image-536 size-full\" src=\"https:\/\/www.topohvar.at\/wp-content\/uploads\/2018\/07\/push-r-30.jpg\" alt=\"\" width=\"61\" height=\"30\" \/><\/a> <a href=\"https:\/\/www.topohvar.at\/topo\/orte\/sb\/sb-au-10-1\/\"><img loading=\"lazy\" decoding=\"async\" class=\"alignnone wp-image-536 size-full\" src=\"https:\/\/www.topohvar.at\/wp-content\/uploads\/2018\/07\/push-r-30.jpg\" alt=\"\" width=\"61\" height=\"30\" \/><\/a><\/strong><\/p>\n<hr \/>\n<p><strong>Adresa \/ Adresse<br \/>\n<\/strong>Selca kod Bogomolje<\/p>\n<p><strong>Datum snimanja \/ Erfassungsdatum<br \/>\n<\/strong>01.02.2021 :20:00:00<\/p>\n<hr \/>\n<div class='content-column one_half'><div style=\"padding-right:6px;\"><p><strong>Nazivi mjesta i podru\u010dja<\/strong><\/p>\n<p>Na popisu ispod na\u0107i \u0107ete sva imena koja se nalaze na podru\u010dju Selca kod Bogomolja u:<\/p><\/div><\/div><div class='content-column one_half last_column'><div style=\"padding-right:0px;padding-left:6px;\"><p><strong>Orts- und Gebietsnamen<\/strong><\/p>\n<p>In der nachstehenden Liste befinden sich alle Namen, die im Bereich Selca bei Bogomolje verzeichnet sind in:<\/p><\/div><\/div><div class='clear_column'><\/div><div class='content-column one_half'><div style=\"padding-right:6px;\"><p>&#8211; turisti\u010dkoj karti otoka Hvara, 1:75.000<br \/>\n&#8211; topografskoj karti otoka Hvara, 1:25.000<br \/>\n<span style=\"color: #ffffff;\">&#8211;<\/span> (izvor: Geoportal DGU)<br \/>\n&#8211; osnovnoj karti otoka Hvar (izvor: Geoportal DGU)<br \/>\n&#8211; Katastar iz 1834. godine (&#8222;Franziszeischer Kataster&#8220;) (Izvor: https:\/\/maps.arcanum.com\/de\/map\/cadastral\/)<\/p>\n<p>Klik na ime prikazuje mjesto na Google Maps ili maps.arcanum.com.<\/p><\/div><\/div><div class='content-column one_half last_column'><div style=\"padding-right:0px;padding-left:6px;\"><p>&#8211; touristische Karte der Insel Hvar, 1:75.000<br \/>\n&#8211; topographische Karte der Insel Hvar, 1:25.000<br \/>\n<span style=\"color: #ffffff;\">&#8211;<\/span> (Quelle: Geoportal DGU)<br \/>\n&#8211; Grundkarte der Insel Hvar (Quelle: Geoportal DGU)<br \/>\n&#8211; Franziszeischer Kataster 1834 (Quelle: https:\/\/maps.arcanum.com\/de\/map\/cadastral\/)<\/p>\n<p>Ein Klick auf den Namen zeigt den Ort in Google Maps oder in maps.arcanum.com.<\/p><\/div><\/div><div class='clear_column'><\/div><\/p>\n<table width=\"546\">\n<tbody>\n<tr>\n<td width=\"178\"><span style=\"color: #3366ff;\"><a style=\"color: #3366ff;\" href=\"https:\/\/maps.arcanum.com\/de\/map\/cadastral\/?layers=here-aerial%2C3%2C4&amp;bbox=1898334.8486972786%2C5330803.854111739%2C1900083.345719302%2C5331927.717293245\">Ban Dolaz<\/a><\/span><\/td>\n<td width=\"54\">Podru\u010dje<\/td>\n<td width=\"158\">Lat: 43.12680\u00a0 Lon: 17.06060<\/td>\n<td width=\"166\">Katastar \/ Kataster 1834<\/td>\n<\/tr>\n<tr>\n<td><span style=\"color: #3366ff;\"><a style=\"color: #3366ff;\" href=\"https:\/\/goo.gl\/maps\/yDFZJiQqWcL1mKsD7\">Bilenive<\/a><\/span><\/td>\n<td>Podru\u010dje<\/td>\n<td>Lat: 43.13064\u00a0 Lon: 17.05285<\/td>\n<td>Hvar- topografska karta 1:25.000<\/td>\n<\/tr>\n<tr>\n<td><span style=\"color: #3366ff;\"><a style=\"color: #3366ff;\" href=\"https:\/\/maps.arcanum.com\/de\/map\/cadastral\/?layers=here-aerial%2C3%2C4&amp;bbox=1897032.3010952591%2C5332151.804232427%2C1898780.7981172826%2C5333275.667413932\">Bogovcigna<\/a><\/span><\/td>\n<td>Podru\u010dje<\/td>\n<td>Lat: 43.13490\u00a0 Lon: 17.04830<\/td>\n<td>Katastar \/ Kataster 1834<\/td>\n<\/tr>\n<tr>\n<td><span style=\"color: #3366ff;\"><a style=\"color: #3366ff;\" href=\"https:\/\/goo.gl\/maps\/ng2xRhkdeqhAGBeJ7\">Bogov\u010dija<\/a><\/span><\/td>\n<td>Podru\u010dje<\/td>\n<td>Lat: 43.13430\u00a0 Lon: 17.05939<\/td>\n<td>Hvar- Hrvatska osnovna karta<\/td>\n<\/tr>\n<tr>\n<td><span style=\"color: #3366ff;\"><a style=\"color: #3366ff;\" href=\"https:\/\/maps.arcanum.com\/de\/map\/cadastral\/?layers=here-aerial%2C3%2C4&amp;bbox=1897005.6542129663%2C5329537.067316938%2C1898754.1512349898%2C5330660.930498444\">Costia<\/a><\/span><\/td>\n<td>Podru\u010dje<\/td>\n<td>Lat: 43.11970\u00a0 Lon: 17.04760<\/td>\n<td>Katastar \/ Kataster 1834<\/td>\n<\/tr>\n<tr>\n<td><span style=\"color: #3366ff;\"><a style=\"color: #3366ff;\" href=\"https:\/\/goo.gl\/maps\/jVeXQdsvVBpuKUxR8\">Glavica<\/a><\/span><\/td>\n<td>Brdo<\/td>\n<td>Lat: 43.11784\u00a0 Lon: 17.05642<\/td>\n<td>Hvar- topografska karta 1:25.000<\/td>\n<\/tr>\n<tr>\n<td><span style=\"color: #3366ff;\"><a style=\"color: #3366ff;\" href=\"https:\/\/goo.gl\/maps\/TbDP14gTSdUGZvj26\">Glu\u0161ica<\/a><\/span><\/td>\n<td>Podru\u010dje<\/td>\n<td>Lat: 43.12258\u00a0 Lon: 17.05556<\/td>\n<td>Hvar- Hrvatska osnovna karta<\/td>\n<\/tr>\n<tr>\n<td><span style=\"color: #3366ff;\"><a style=\"color: #3366ff;\" href=\"https:\/\/goo.gl\/maps\/CE3SKbnXa7j6djuM9\">Grabak<\/a><\/span><\/td>\n<td>Zaseok<\/td>\n<td>Lat: 43.13461\u00a0 Lon: 17.05056<\/td>\n<td>Hvar- turisti\u010dka karta 1:75.000<\/td>\n<\/tr>\n<tr>\n<td><span style=\"color: #3366ff;\"><a style=\"color: #3366ff;\" href=\"https:\/\/maps.arcanum.com\/de\/map\/cadastral\/?layers=here-aerial%2C3%2C4&amp;bbox=1900223.269899473%2C5329755.997699963%2C1901971.7669214965%2C5330879.860881468\">Hamina G.<\/a><\/span><\/td>\n<td>Podru\u010dje<\/td>\n<td>Lat: 43.12090 Lon: 17.07670<\/td>\n<td>Hvar- turisti\u010dka karta 1:75.000<\/td>\n<\/tr>\n<tr>\n<td><span style=\"color: #3366ff;\"><a style=\"color: #3366ff;\" href=\"https:\/\/goo.gl\/maps\/kJK5AYw4waWodyTw6\">Kaline<\/a><\/span><\/td>\n<td>Podru\u010dje<\/td>\n<td>Lat: 43.12871\u00a0 Lon: 17.05580<\/td>\n<td>Hvar- Hrvatska osnovna karta<\/td>\n<\/tr>\n<tr>\n<td><span style=\"color: #3366ff;\"><a style=\"color: #3366ff;\" href=\"https:\/\/goo.gl\/maps\/4ZKKUBT7outmhEPS7\">Kamenova Glava, 158 m<\/a><\/span><\/td>\n<td>Brdo<\/td>\n<td>Lat: 43.12111\u00a0 Lon: 17.07671<\/td>\n<td>Hvar- topografska karta 1:25.000<\/td>\n<\/tr>\n<tr>\n<td><span style=\"color: #3366ff;\"><a style=\"color: #3366ff;\" href=\"https:\/\/goo.gl\/maps\/pxkiH21UAPDxNE8U9\">Kozja<\/a><\/span><\/td>\n<td>Podru\u010dje<\/td>\n<td>Lat: 43.12353\u00a0 Lon: 17.04649<\/td>\n<td>Hvar- Hrvatska osnovna karta<\/td>\n<\/tr>\n<tr>\n<td><span style=\"color: #3366ff;\"><a style=\"color: #3366ff;\" href=\"https:\/\/goo.gl\/maps\/q74nWEkjDVtJstVr6\">Lokve<\/a><\/span><\/td>\n<td>Vodena to\u010dka?<\/td>\n<td>Lat: 43.12952\u00a0 Lon: 17.04265<\/td>\n<td>Hvar- topografska karta 1:25.000<\/td>\n<\/tr>\n<tr>\n<td><span style=\"color: #3366ff;\"><a style=\"color: #3366ff;\" href=\"https:\/\/maps.arcanum.com\/de\/map\/cadastral\/?layers=here-aerial%2C3%2C4&amp;bbox=1899329.406925098%2C5329123.236164236%2C1901077.9039471215%2C5330247.099345742\">Lucizze<\/a><\/span><\/td>\n<td>Podru\u010dje<\/td>\n<td>Lat: 43.11580\u00a0 Lon: 17.06900<\/td>\n<td>Katastar \/ Kataster 1834<\/td>\n<\/tr>\n<tr>\n<td><span style=\"color: #3366ff;\"><a style=\"color: #3366ff;\" href=\"https:\/\/maps.arcanum.com\/de\/map\/cadastral\/?layers=here-aerial%2C3%2C4&amp;bbox=1899327.8409427134%2C5330072.039644353%2C1901076.3379647369%2C5331195.902825858\">Marigna Glavizza<\/a><\/span><\/td>\n<td>Zaseok<\/td>\n<td>Lat: 43.12330\u00a0 Lon: 17.06830<\/td>\n<td>Katastar \/ Kataster 1834<\/td>\n<\/tr>\n<tr>\n<td><span style=\"color: #3366ff;\"><a style=\"color: #3366ff;\" href=\"https:\/\/goo.gl\/maps\/qJbHUDpGVQjKksXQ8\">Marina Glavica<\/a><\/span><\/td>\n<td>Zaseok<\/td>\n<td>Lat: 43.12407\u00a0 Lon: 17.06759<\/td>\n<td>Hvar- turisti\u010dka karta 1:75.000<\/td>\n<\/tr>\n<tr>\n<td><span style=\"color: #3366ff;\"><a style=\"color: #3366ff;\" href=\"https:\/\/maps.arcanum.com\/de\/map\/cadastral\/?layers=here-aerial%2C3%2C4&amp;bbox=1899399.8954057908%2C5331695.316646777%2C1901148.3924278142%2C5332819.179828282\">Masligne<\/a><\/span><\/td>\n<td>Podru\u010dje<\/td>\n<td>Lat: 43.13310\u00a0 Lon: 17.07000<\/td>\n<td>Katastar \/ Kataster 1834<\/td>\n<\/tr>\n<tr>\n<td><span style=\"color: #3366ff;\"><a style=\"color: #3366ff;\" href=\"https:\/\/maps.arcanum.com\/de\/map\/cadastral\/?layers=here-aerial%2C3%2C4&amp;bbox=1899903.6862170978%2C5331459.777683013%2C1901652.1832391212%2C5332583.6408645185\">Maslin<\/a><\/span><\/td>\n<td>Podru\u010dje<\/td>\n<td>Lat: 43.13170\u00a0 Lon: 17.07410<\/td>\n<td>Katastar \/ Kataster 1834<\/td>\n<\/tr>\n<tr>\n<td><span style=\"color: #3366ff;\"><a style=\"color: #3366ff;\" href=\"https:\/\/maps.arcanum.com\/de\/map\/cadastral\/?layers=here-aerial%2C3%2C4&amp;bbox=1899716.2446610394%2C5332135.884176602%2C1901464.7416830629%2C5333259.747358107\">Maslinizza grande<\/a><\/span><\/td>\n<td>Podru\u010dje<\/td>\n<td>Lat: 43.13680\u00a0 Lon: 17.07230<\/td>\n<td>Katastar \/ Kataster 1834<\/td>\n<\/tr>\n<tr>\n<td><span style=\"color: #3366ff;\"><a style=\"color: #3366ff;\" href=\"https:\/\/goo.gl\/maps\/TsUaw688tKE6HA488\">Maslinje<\/a><\/span><\/td>\n<td>Podru\u010dje<\/td>\n<td>Lat: 43.13367\u00a0 Lon: 17.07327<\/td>\n<td>Hvar- turisti\u010dka karta 1:75.000<\/td>\n<\/tr>\n<tr>\n<td><span style=\"color: #3366ff;\"><a style=\"color: #3366ff;\" href=\"https:\/\/goo.gl\/maps\/HFbSHrp9WtXBp9F67\">Maslinje, 207 m<\/a><\/span><\/td>\n<td>Brdo<\/td>\n<td>Lat: 43.13202\u00a0 Lon: 17.07412<\/td>\n<td>Hvar- turisti\u010dka karta 1:75.000<\/td>\n<\/tr>\n<tr>\n<td><span style=\"color: #3366ff;\"><a style=\"color: #3366ff;\" href=\"https:\/\/maps.arcanum.com\/de\/map\/cadastral\/?layers=here-aerial%2C3%2C4&amp;bbox=1898264.8570090807%2C5332140.240572834%2C1900013.3540311041%2C5333264.10375434\">Mosevcizza Mala<\/a><\/span><\/td>\n<td>Podru\u010dje<\/td>\n<td>Lat: 43.13610\u00a0 Lon: 17.05860<\/td>\n<td>Katastar \/ Kataster 1834<\/td>\n<\/tr>\n<tr>\n<td><span style=\"color: #3366ff;\"><a style=\"color: #3366ff;\" href=\"https:\/\/maps.arcanum.com\/de\/map\/cadastral\/?layers=here-aerial%2C3%2C4&amp;bbox=1898709.7544857126%2C5331975.04360452%2C1900458.251507736%2C5333098.9067860255\">Mosevcizza Vella<\/a><\/span><\/td>\n<td>Podru\u010dje<\/td>\n<td>Lat: 43.13490\u00a0 Lon: 17.06360<\/td>\n<td>Katastar \/ Kataster 1834<\/td>\n<\/tr>\n<tr>\n<td><span style=\"color: #3366ff;\"><a style=\"color: #3366ff;\" href=\"https:\/\/goo.gl\/maps\/eTPkbFqiTsuoVseq8\">Ratac<\/a><\/span><\/td>\n<td>Podru\u010dje<\/td>\n<td>Lat: 43.12392\u00a0 Lon: 17.04490<\/td>\n<td>Hvar- turisti\u010dka karta 1:75.000<\/td>\n<\/tr>\n<tr>\n<td><span style=\"color: #3366ff;\"><a style=\"color: #3366ff;\" href=\"https:\/\/goo.gl\/maps\/Y3kwy1vfCFceSfhN8\">Satorine<\/a><\/span><\/td>\n<td>Podru\u010dje<\/td>\n<td>Lat: 43.11817\u00a0 Lon: 17.07724<\/td>\n<td>Hvar- Hrvatska osnovna karta<\/td>\n<\/tr>\n<tr>\n<td><span style=\"color: #3366ff;\"><a style=\"color: #3366ff;\" href=\"https:\/\/goo.gl\/maps\/a5BC7gyMYEx7j7dy9\">Tusto Brdo, 287 m<\/a><\/span><\/td>\n<td>Podru\u010dje<\/td>\n<td>Lat: 43.17106\u00a0 Lon: 16.58500<\/td>\n<td>Hvar- Hrvatska osnovna karta<\/td>\n<\/tr>\n<tr>\n<td><span style=\"color: #3366ff;\"><a style=\"color: #3366ff;\" href=\"https:\/\/goo.gl\/maps\/7TPF7CtuLVF5DEqs7\">Veli Rat<\/a><\/span><\/td>\n<td>Podru\u010dje<\/td>\n<td>Lat: 43.11701\u00a0 Lon: 17.06876<\/td>\n<td>Hvar- Hrvatska osnovna karta<\/td>\n<\/tr>\n<tr>\n<td><span style=\"color: #3366ff;\"><a style=\"color: #3366ff;\" href=\"https:\/\/goo.gl\/maps\/toaKd93KuYXHtS4B8\">Veprinova<\/a><\/span><\/td>\n<td>Podru\u010dje<\/td>\n<td>Lat: 43.11680\u00a0 Lon: 17.06270<\/td>\n<td>Katastar \/ Kataster 1834<\/td>\n<\/tr>\n<tr>\n<td><span style=\"color: #3366ff;\"><a style=\"color: #3366ff;\" href=\"https:\/\/goo.gl\/maps\/toaKd93KuYXHtS4B8\">Veprinova Glava<\/a><\/span><\/td>\n<td>Podru\u010dje<\/td>\n<td>Lat: 43.11983\u00a0 Lon: 17.06616<\/td>\n<td>Hvar- topografska karta 1:25.000<\/td>\n<\/tr>\n<tr>\n<td><span style=\"color: #3366ff;\"><a style=\"color: #3366ff;\" href=\"https:\/\/maps.arcanum.com\/de\/map\/cadastral\/?layers=here-aerial%2C3%2C4&amp;bbox=1896050.0124542916%2C5332550.195475458%2C1897798.509476315%2C5333674.0586569635\">Vodizze<\/a><\/span><\/td>\n<td>Podru\u010dje<\/td>\n<td>Lat: 43.13830\u00a0 Lon: 17.04180<\/td>\n<td>Katastar \/ Kataster 1834<\/td>\n<\/tr>\n<tr>\n<td><span style=\"color: #3366ff;\"><a style=\"color: #3366ff;\" href=\"https:\/\/goo.gl\/maps\/9scxiW4dVYqWumjK7\">Zaglav<\/a><\/span><\/td>\n<td>Zaseok<\/td>\n<td>Lat: 43.11976\u00a0 Lon: 17.05408<\/td>\n<td>Hvar- turisti\u010dka karta 1:75.000<\/td>\n<\/tr>\n<tr>\n<td><span style=\"color: #3366ff;\"><a style=\"color: #3366ff;\" href=\"https:\/\/maps.arcanum.com\/de\/map\/cadastral\/?layers=here-aerial%2C3%2C4&amp;bbox=1897601.7803966727%2C5329608.313575009%2C1899350.277418696%2C5330732.176756514\">Zaglav<\/a><\/span><\/td>\n<td>Zaseok<\/td>\n<td>Lat: 43.11976\u00a0 Lon: 17.05408<\/td>\n<td>Katastar \/ Kataster 1834<\/td>\n<\/tr>\n<\/tbody>\n<\/table>\n<p style=\"text-align: right;\"><a href=\"#seite_oben\">natrag na vrh \/ Seitenanfang<\/a><\/p>\n<hr \/>\n<p><strong>Linkovi \/ Links<\/strong><\/p>\n<p>&#8211;<\/p>\n","protected":false},"excerpt":{"rendered":"<p>Ime \/ Name Selca kod Bogomolja &#8211; Nazivi mjesta i podru\u010dja \/ Orts- und Gebietsnamen Code: SB-AI-01\u00a0 \u00a0 \u00a0 \u00a0 \u00a0 \u00a0 \u00a0 \u00a0 \u00a0 \u00a0 \u00a0 \u00a0 \u00a0 \u00a0 \u00a0 \u00a0 \u00a0 \u00a0 \u00a0 \u00a0\u00a0 Adresa \/ Adresse Selca &hellip; <a href=\"https:\/\/www.topohvar.at\/topo\/orte\/sb\/sb-ai-01-1\/\">Weiterlesen <span class=\"meta-nav\">&rarr;<\/span><\/a><\/p>\n","protected":false},"author":1,"featured_media":0,"parent":97,"menu_order":0,"comment_status":"closed","ping_status":"closed","template":"","meta":{"footnotes":""},"class_list":["post-46319","page","type-page","status-publish","hentry"],"_links":{"self":[{"href":"https:\/\/www.topohvar.at\/topo\/wp-json\/wp\/v2\/pages\/46319","targetHints":{"allow":["GET"]}}],"collection":[{"href":"https:\/\/www.topohvar.at\/topo\/wp-json\/wp\/v2\/pages"}],"about":[{"href":"https:\/\/www.topohvar.at\/topo\/wp-json\/wp\/v2\/types\/page"}],"author":[{"embeddable":true,"href":"https:\/\/www.topohvar.at\/topo\/wp-json\/wp\/v2\/users\/1"}],"replies":[{"embeddable":true,"href":"https:\/\/www.topohvar.at\/topo\/wp-json\/wp\/v2\/comments?post=46319"}],"version-history":[{"count":10,"href":"https:\/\/www.topohvar.at\/topo\/wp-json\/wp\/v2\/pages\/46319\/revisions"}],"predecessor-version":[{"id":51665,"href":"https:\/\/www.topohvar.at\/topo\/wp-json\/wp\/v2\/pages\/46319\/revisions\/51665"}],"up":[{"embeddable":true,"href":"https:\/\/www.topohvar.at\/topo\/wp-json\/wp\/v2\/pages\/97"}],"wp:attachment":[{"href":"https:\/\/www.topohvar.at\/topo\/wp-json\/wp\/v2\/media?parent=46319"}],"curies":[{"name":"wp","href":"https:\/\/api.w.org\/{rel}","templated":true}]}}