{"id":46383,"date":"2021-02-03T07:54:03","date_gmt":"2021-02-03T06:54:03","guid":{"rendered":"https:\/\/www.topohvar.at\/topo\/?page_id=46383"},"modified":"2021-09-07T20:01:45","modified_gmt":"2021-09-07T18:01:45","slug":"va-ai-01-1","status":"publish","type":"page","link":"https:\/\/www.topohvar.at\/topo\/orte\/va\/va-ai-01-1\/","title":{"rendered":"VRBOSKA &#8211; Nazivi mjesta i podru\u010dja"},"content":{"rendered":"<p><a name=\"seite_oben\"><\/a><\/p>\n<div id=\"attachment_46384\" style=\"width: 1090px\" class=\"wp-caption alignnone\"><a href=\"https:\/\/www.topohvar.at\/wp-content\/uploads\/2021\/02\/va-ai-01.jpg\"><img loading=\"lazy\" decoding=\"async\" aria-describedby=\"caption-attachment-46384\" class=\"wp-image-46384 size-full\" src=\"https:\/\/www.topohvar.at\/wp-content\/uploads\/2021\/02\/va-ai-01.jpg\" alt=\"\" width=\"1080\" height=\"530\" srcset=\"https:\/\/www.topohvar.at\/wp-content\/uploads\/2021\/02\/va-ai-01.jpg 1080w, https:\/\/www.topohvar.at\/wp-content\/uploads\/2021\/02\/va-ai-01-300x147.jpg 300w, https:\/\/www.topohvar.at\/wp-content\/uploads\/2021\/02\/va-ai-01-1024x503.jpg 1024w, https:\/\/www.topohvar.at\/wp-content\/uploads\/2021\/02\/va-ai-01-768x377.jpg 768w\" sizes=\"auto, (max-width: 1080px) 100vw, 1080px\" \/><\/a><p id=\"caption-attachment-46384\" class=\"wp-caption-text\">Uve\u0107aj sliku \u2013 klikni! \/ Bild vergr\u00f6\u00dfern \u2013 klicken!<\/p><\/div>\n<p><strong>Ime \/ Name<br \/>\n<\/strong>Vrboska &#8211; Nazivi mjesta i podru\u010dja \/ Orts- und Gebietsnamen<\/p>\n<p><strong>Code: <\/strong>VA-AI-01\u00a0 \u00a0 \u00a0 \u00a0 \u00a0 \u00a0 \u00a0 \u00a0 \u00a0 \u00a0 \u00a0 \u00a0 \u00a0 \u00a0 \u00a0 \u00a0 \u00a0 \u00a0 \u00a0 \u00a0\u00a0<strong> <a href=\"https:\/\/www.topohvar.at\/topo\/orte\/va\/va-aa-05-1\/\"><img loading=\"lazy\" decoding=\"async\" class=\"alignnone wp-image-533 size-full\" src=\"https:\/\/www.topohvar.at\/wp-content\/uploads\/2018\/07\/push-l-30.jpg\" alt=\"\" width=\"61\" height=\"30\" \/><\/a> <a href=\"https:\/\/www.topohvar.at\/orte\/va\/\"><img loading=\"lazy\" decoding=\"async\" class=\"alignnone wp-image-535 size-full\" src=\"https:\/\/www.topohvar.at\/wp-content\/uploads\/2018\/07\/push-o-30.jpg\" alt=\"\" width=\"61\" height=\"30\" \/><\/a> <a href=\"https:\/\/www.topohvar.at\/topo\/orte\/va\/va-aa-00-1\/\"><img loading=\"lazy\" decoding=\"async\" class=\"alignnone wp-image-536 size-full\" src=\"https:\/\/www.topohvar.at\/wp-content\/uploads\/2018\/07\/push-r-30.jpg\" alt=\"\" width=\"61\" height=\"30\" \/><\/a> <a href=\"https:\/\/www.topohvar.at\/topo\/orte\/va\/va-au-10-1\/\"><img loading=\"lazy\" decoding=\"async\" class=\"alignnone wp-image-12299 size-full\" src=\"https:\/\/www.topohvar.at\/wp-content\/uploads\/2018\/09\/push-next-30.jpg\" alt=\"\" width=\"61\" height=\"30\" \/><\/a> <\/strong><\/p>\n<hr \/>\n<p><strong>Adresa \/ Adresse<br \/>\n<\/strong>Vrboska<\/p>\n<p><strong>Datum snimanja \/ Erfassungsdatum<br \/>\n<\/strong>03.02.2021 :08:00:00<\/p>\n<hr \/>\n<div class='content-column one_half'><div style=\"padding-right:6px;\"><p><strong>Nazivi mjesta i podru\u010dja<\/strong><\/p>\n<p>Na popisu ispod na\u0107i \u0107ete sva imena koja se nalaze na na podru\u010dju Vrboske u:<\/p><\/div><\/div><div class='content-column one_half last_column'><div style=\"padding-right:0px;padding-left:6px;\"><p><strong>Orts- und Gebietsnamen<\/strong><\/p>\n<p>In der nachstehenden Liste befinden sich alle Namen, die im Bereich Vrboska verzeichnet sind in:<\/p><\/div><\/div><div class='clear_column'><\/div><div class='content-column one_half'><div style=\"padding-right:6px;\"><p>&#8211; turisti\u010dkoj karti otoka Hvara, 1:75.000<br \/>\n&#8211; topografskoj karti otoka Hvara, 1:25.000<br \/>\n<span style=\"color: #ffffff;\">&#8211;<\/span> (izvor: Geoportal DGU)<br \/>\n&#8211; osnovnoj karti otoka Hvar (izvor: Geoportal DGU)<br \/>\n&#8211; Katastar iz 1834. godine (&#8222;Franziszeischer Kataster&#8220;) (Izvor: https:\/\/maps.arcanum.com\/de\/map\/cadastral\/)<\/p>\n<p>Klik na ime prikazuje mjesto na Google Maps ili maps.arcanum.com.<\/p><\/div><\/div><div class='content-column one_half last_column'><div style=\"padding-right:0px;padding-left:6px;\"><p>&#8211; touristische Karte der Insel Hvar, 1:75.000<br \/>\n&#8211; topographische Karte der Insel Hvar, 1:25.000<br \/>\n<span style=\"color: #ffffff;\">&#8211;<\/span> (Quelle: Geoportal DGU)<br \/>\n&#8211; Grundkarte der Insel Hvar (Quelle: Geoportal DGU)<br \/>\n&#8211; Franziszeischer Kataster 1834 (Quelle: https:\/\/maps.arcanum.com\/de\/map\/cadastral\/)<\/p>\n<p>Ein Klick auf den Namen zeigt den Ort in Google Maps oder in maps.arcanum.com.<\/p><\/div><\/div><div class='clear_column'><\/div><\/p>\n<table width=\"546\">\n<tbody>\n<tr>\n<td width=\"178\"><span style=\"color: #3366ff;\"><a style=\"color: #3366ff;\" href=\"https:\/\/goo.gl\/maps\/L8MZvNYR7Uwr6Lc18\">Basina Mala<\/a><\/span><\/td>\n<td width=\"54\">Selo<\/td>\n<td width=\"148\">Lat: 43.19782\u00a0 Lon: 16.66098<\/td>\n<td width=\"166\">Hvar- Hrvatska osnovna karta<\/td>\n<\/tr>\n<tr>\n<td><span style=\"color: #3366ff;\"><a style=\"color: #3366ff;\" href=\"https:\/\/goo.gl\/maps\/tQxJE4XwuYWexmbT8\">Blaca, Mala-<\/a><\/span><\/td>\n<td>Podru\u010dje<\/td>\n<td>Lat: 43.17481\u00a0 Lon: 16.65797<\/td>\n<td>Hvar- topografska karta 1:25.000<\/td>\n<\/tr>\n<tr>\n<td><span style=\"color: #3366ff;\"><a style=\"color: #3366ff;\" href=\"https:\/\/maps.arcanum.com\/de\/map\/cadastral\/?layers=here-aerial%2C3%2C4&amp;bbox=1853147.0387903792%2C5339102.144451642%2C1854870.4549124967%2C5340253.477190187\">Blatta<\/a><\/span><\/td>\n<td>Podru\u010dje<\/td>\n<td>Lat: 43.18170\u00a0 Lon: 16.65480<\/td>\n<td>Katastar \/ Kataster 1834<\/td>\n<\/tr>\n<tr>\n<td><span style=\"color: #3366ff;\"><a style=\"color: #3366ff;\" href=\"https:\/\/maps.arcanum.com\/de\/map\/cadastral\/?layers=here-aerial%2C3%2C4&amp;bbox=1854603.6321012198%2C5338573.479262295%2C1856327.0482233374%2C5339724.81200084\">Camegnive<\/a><\/span><\/td>\n<td>Podru\u010dje<\/td>\n<td>Lat: 43.17830\u00a0 Lon: 16.66770<\/td>\n<td>Katastar \/ Kataster 1834<\/td>\n<\/tr>\n<tr>\n<td><span style=\"color: #3366ff;\"><a style=\"color: #3366ff;\" href=\"https:\/\/maps.arcanum.com\/de\/map\/cadastral\/?layers=here-aerial%2C3%2C4&amp;bbox=1855228.8505151437%2C5340708.4637821345%2C1856952.2666372613%2C5341859.796520679\">Ciarmizze<\/a><\/span><\/td>\n<td>Podru\u010dje<\/td>\n<td>Lat: 43.19240\u00a0 Lon: 16.67330<\/td>\n<td>Katastar \/ Kataster 1834<\/td>\n<\/tr>\n<tr>\n<td><span style=\"color: #3366ff;\"><a style=\"color: #3366ff;\" href=\"https:\/\/goo.gl\/maps\/U5YYZs53NMXbP8Pq7\">Doca<\/a><\/span><\/td>\n<td>Podru\u010dje<\/td>\n<td>Lat: 43.18722\u00a0 Lon: 16.67221<\/td>\n<td>Hvar- topografska karta 1:25.000<\/td>\n<\/tr>\n<tr>\n<td><span style=\"color: #3366ff;\"><a style=\"color: #3366ff;\" href=\"https:\/\/maps.arcanum.com\/de\/map\/cadastral\/?layers=3%2C4&amp;bbox=1854810.1829143483%2C5337600.413615298%2C1856533.5990364659%2C5338751.746353843\">Dolaz<\/a><\/span><\/td>\n<td>Podru\u010dje<\/td>\n<td>Lat: 43.17270\u00a0 Lon: 16.66950<\/td>\n<td>Katastar \/ Kataster 1834<\/td>\n<\/tr>\n<tr>\n<td><span style=\"color: #3366ff;\"><a style=\"color: #3366ff;\" href=\"https:\/\/goo.gl\/maps\/7B99RyKKaRMLuuYN6\">Doli<\/a><\/span><\/td>\n<td>Podru\u010dje<\/td>\n<td>Lat: 43.18187\u00a0 Lon: 16.65953<\/td>\n<td>Hvar- topografska karta 1:25.000<\/td>\n<\/tr>\n<tr>\n<td><span style=\"color: #3366ff;\"><a style=\"color: #3366ff;\" href=\"https:\/\/maps.arcanum.com\/de\/map\/cadastral\/?layers=here-aerial%2C3%2C4&amp;bbox=1854215.6000367105%2C5340143.2439236175%2C1855939.016158828%2C5341294.576662162\">Dozi<\/a><\/span><\/td>\n<td>Podru\u010dje<\/td>\n<td>Lat: 43.18870\u00a0 Lon: 16.66440<\/td>\n<td>Katastar \/ Kataster 1834<\/td>\n<\/tr>\n<tr>\n<td><span style=\"color: #3366ff;\"><a style=\"color: #3366ff;\" href=\"https:\/\/goo.gl\/maps\/9Y3RDo7d7UToLrQa7\">Glavice<\/a><\/span><\/td>\n<td>Podru\u010dje (Poluotok)<\/td>\n<td>Lat: 43.18100\u00a0 Lon: 16.69400<\/td>\n<td>Hvar- Hrvatska osnovna karta<\/td>\n<\/tr>\n<tr>\n<td><span style=\"color: #3366ff;\"><a style=\"color: #3366ff;\" href=\"https:\/\/maps.arcanum.com\/de\/map\/cadastral\/?layers=3%2C4&amp;bbox=1857399.391531363%2C5338956.489587%2C1859122.8076534804%2C5340107.822325544\">Glavizza<\/a><\/span><\/td>\n<td>Podru\u010dje (Poluotok)<\/td>\n<td>Lat: 43.18070\u00a0 Lon: 16.69310<\/td>\n<td>Katastar \/ Kataster 1834<\/td>\n<\/tr>\n<tr>\n<td><span style=\"color: #3366ff;\"><a style=\"color: #3366ff;\" href=\"https:\/\/maps.arcanum.com\/de\/map\/cadastral\/?layers=here-aerial%2C3%2C4&amp;bbox=1853498.4296612898%2C5340321.642792814%2C1855221.8457834073%2C5341472.975531359\">Hum<\/a><\/span><\/td>\n<td>Brdo<\/td>\n<td>Lat: 43.18940\u00a0 Lon: 16.65850<\/td>\n<td>Katastar \/ Kataster 1834<\/td>\n<\/tr>\n<tr>\n<td><span style=\"color: #3366ff;\"><a style=\"color: #3366ff;\" href=\"https:\/\/goo.gl\/maps\/iAfsYvbqMjxGYaVF8\">Jugo<\/a><\/span><\/td>\n<td>Podru\u010dje<\/td>\n<td>Lat: 43.17728\u00a0 Lon: 16.67782<\/td>\n<td>Hvar- Hrvatska osnovna karta<\/td>\n<\/tr>\n<tr>\n<td><span style=\"color: #3366ff;\"><a style=\"color: #3366ff;\" href=\"https:\/\/maps.arcanum.com\/de\/map\/cadastral\/?layers=here-aerial%2C3%2C4&amp;bbox=1855713.172172645%2C5338284.796306006%2C1857436.5882947627%2C5339436.1290445505\">Jugo<\/a><\/span><\/td>\n<td>Podru\u010dje<\/td>\n<td>Lat: 43.17640\u00a0 Lon: 16.67800<\/td>\n<td>Katastar \/ Kataster 1834<\/td>\n<\/tr>\n<tr>\n<td><span style=\"color: #3366ff;\"><a style=\"color: #3366ff;\" href=\"https:\/\/maps.arcanum.com\/de\/map\/cadastral\/?layers=3%2C4&amp;bbox=1855373.7019110862%2C5337953.148559516%2C1857097.1180332038%2C5339104.481298061\">Jure\u0283sine<\/a><\/span><\/td>\n<td>Podru\u010dje<\/td>\n<td>Lat: 43.17400\u00a0 Lon: 16.67490<\/td>\n<td>Katastar \/ Kataster 1834<\/td>\n<\/tr>\n<tr>\n<td><span style=\"color: #3366ff;\"><a style=\"color: #3366ff;\" href=\"https:\/\/goo.gl\/maps\/7PwbfUi3aoszGPMu6\">Kastac<\/a><\/span><\/td>\n<td>Podru\u010dje<\/td>\n<td>Lat: 43.18645\u00a0 Lon: 16.67481<\/td>\n<td>Hvar- Hrvatska osnovna karta<\/td>\n<\/tr>\n<tr>\n<td><span style=\"color: #3366ff;\"><a style=\"color: #3366ff;\" href=\"https:\/\/goo.gl\/maps\/NhCExUMexNpeL3dj7\">Ka\u0161tilac, 77 m<\/a><\/span><\/td>\n<td>Brdo<\/td>\n<td>Lat: 43.18646\u00a0 Lon: 16.67694<\/td>\n<td>Hvar- turisti\u010dka karta 1:75.000<\/td>\n<\/tr>\n<tr>\n<td><span style=\"color: #3366ff;\"><a style=\"color: #3366ff;\" href=\"https:\/\/maps.arcanum.com\/de\/map\/cadastral\/?layers=3%2C4&amp;bbox=1856094.0269275936%2C5339991.37909268%2C1857817.4430497112%2C5341142.711831225\">Maslin Bad<\/a><\/span><\/td>\n<td>Podru\u010dje<\/td>\n<td>Lat: 43.18760\u00a0 Lon: 16.68160<\/td>\n<td>Katastar \/ Kataster 1834<\/td>\n<\/tr>\n<tr>\n<td><span style=\"color: #3366ff;\"><a style=\"color: #3366ff;\" href=\"https:\/\/goo.gl\/maps\/VhxgVzNXD5PZTgteA\">Milna<\/a><\/span><\/td>\n<td>Podru\u010dje<\/td>\n<td>Lat: 43.17024\u00a0 Lon: 16.67725<\/td>\n<td>Hvar- Hrvatska osnovna karta<\/td>\n<\/tr>\n<tr>\n<td><span style=\"color: #3366ff;\"><a style=\"color: #3366ff;\" href=\"https:\/\/maps.arcanum.com\/de\/map\/cadastral\/?layers=3%2C4&amp;bbox=1855785.5071653426%2C5337545.445344185%2C1857508.92328746%2C5338696.77808273\">Milna<\/a><\/span><\/td>\n<td>Podru\u010dje<\/td>\n<td>Lat: 43.17330\u00a0 Lon: 16.68120<\/td>\n<td>Katastar \/ Kataster 1834<\/td>\n<\/tr>\n<tr>\n<td><span style=\"color: #3366ff;\"><a style=\"color: #3366ff;\" href=\"https:\/\/maps.arcanum.com\/de\/map\/cadastral\/?layers=here-aerial%2C3%2C4&amp;bbox=1853701.0144967397%2C5338362.39963064%2C1855424.4306188573%2C5339513.7323691845\">Mirie<\/a><\/span><\/td>\n<td>Podru\u010dje<\/td>\n<td>Lat: 43.17690\u00a0 Lon: 16.65990<\/td>\n<td>Katastar \/ Kataster 1834<\/td>\n<\/tr>\n<tr>\n<td><span style=\"color: #3366ff;\"><a style=\"color: #3366ff;\" href=\"https:\/\/maps.arcanum.com\/de\/map\/cadastral\/?layers=here-aerial%2C3%2C4&amp;bbox=1853904.7709844394%2C5338738.475311863%2C1855628.187106557%2C5339889.808050408\">Obale<\/a><\/span><\/td>\n<td>Podru\u010dje<\/td>\n<td>Lat: 43.17940\u00a0 Lon: 16.66190<\/td>\n<td>Katastar \/ Kataster 1834<\/td>\n<\/tr>\n<tr>\n<td><span style=\"color: #3366ff;\"><a style=\"color: #3366ff;\" href=\"https:\/\/maps.arcanum.com\/de\/map\/cadastral\/?layers=3%2C4&amp;bbox=1854568.2079125063%2C5337898.209445435%2C1856291.6240346238%2C5339049.542183979\">Ograde<\/a><\/span><\/td>\n<td>Podru\u010dje<\/td>\n<td>Lat: 43.17400\u00a0 Lon: 16.66750<\/td>\n<td>Katastar \/ Kataster 1834<\/td>\n<\/tr>\n<tr>\n<td><span style=\"color: #3366ff;\"><a style=\"color: #3366ff;\" href=\"https:\/\/maps.arcanum.com\/de\/map\/cadastral\/?layers=here-aerial%2C3%2C4&amp;bbox=1854261.367514231%2C5340788.226493524%2C1855984.7836363486%2C5341939.559232069\">Pa\u0283sichie<\/a><\/span><\/td>\n<td>Podru\u010dje<\/td>\n<td>Lat: 43.19280\u00a0 Lon: 16.66480<\/td>\n<td>Katastar \/ Kataster 1834<\/td>\n<\/tr>\n<tr>\n<td><span style=\"color: #3366ff;\"><a style=\"color: #3366ff;\" href=\"https:\/\/maps.arcanum.com\/de\/map\/cadastral\/?layers=here-aerial%2C3%2C4&amp;bbox=1854902.5065296614%2C5339415.42138294%2C1856625.922651779%2C5340566.754121485\">Prico<\/a><\/span><\/td>\n<td>Podru\u010dje<\/td>\n<td>Lat: 43.18390\u00a0 Lon: 16.67050<\/td>\n<td>Katastar \/ Kataster 1834<\/td>\n<\/tr>\n<tr>\n<td><a href=\"https:\/\/maps.arcanum.com\/de\/map\/cadastral\/?layers=here-aerial%2C3%2C4&amp;bbox=1853877.3127655583%2C5341291.841610357%2C1855600.7288876758%2C5342443.174348902\"><span style=\"color: #3366ff;\">Ra\u0283sohotizza<\/span><\/a><\/td>\n<td>Podru\u010dje<\/td>\n<td>Lat: 43.19620\u00a0 Lon: 16.66160<\/td>\n<td>Katastar \/ Kataster 1834<\/td>\n<\/tr>\n<tr>\n<td><a href=\"https:\/\/goo.gl\/maps\/Nu3M1QUqbDcV1YWC7\"><span style=\"color: #3366ff;\">Rokov Dolac<\/span><\/a><\/td>\n<td>Podru\u010dje<\/td>\n<td>Lat: 43.16957\u00a0 Lon: 16.66242<\/td>\n<td>Hvar- topografska karta 1:25.000<\/td>\n<\/tr>\n<tr>\n<td><span style=\"color: #3366ff;\"><a style=\"color: #3366ff;\" href=\"https:\/\/goo.gl\/maps\/HRaykik3P2PptixUA\">Strane<\/a><\/span><\/td>\n<td>Dio sela<\/td>\n<td>Lat: 43.18372\u00a0 Lon: 16.67308<\/td>\n<td>Hvar- Hrvatska osnovna karta<\/td>\n<\/tr>\n<tr>\n<td><span style=\"color: #3366ff;\"><a style=\"color: #3366ff;\" href=\"https:\/\/maps.arcanum.com\/de\/map\/cadastral\/?layers=here-aerial%2C3%2C4&amp;bbox=1853970.8420475987%2C5339194.548600305%2C1855694.2581697162%2C5340345.88133885\">Strane<\/a><\/span><\/td>\n<td>Podru\u010dje<\/td>\n<td>Lat: 43.18240\u00a0 Lon: 16.66230<\/td>\n<td>Katastar \/ Kataster 1834<\/td>\n<\/tr>\n<tr>\n<td><span style=\"color: #3366ff;\"><a style=\"color: #3366ff;\" href=\"https:\/\/goo.gl\/maps\/Z29dmUNGSnFXvGLH7\">Tatinja, 102 m<\/a><\/span><\/td>\n<td>Brdo<\/td>\n<td>Lat: 43.16939\u00a0 Lon: 16.67223<\/td>\n<td>Hvar- Hrvatska osnovna karta<\/td>\n<\/tr>\n<tr>\n<td><span style=\"color: #3366ff;\"><a style=\"color: #3366ff;\" href=\"https:\/\/maps.arcanum.com\/de\/map\/cadastral\/?layers=here-aerial%2C3%2C4&amp;bbox=1854530.778058635%2C5339906.840367834%2C1856254.1941807526%2C5341058.173106379\">Valle Gomille<\/a><\/span><\/td>\n<td>Podru\u010dje<\/td>\n<td>Lat: 43.18720\u00a0 Lon: 16.66770<\/td>\n<td>Katastar \/ Kataster 1834<\/td>\n<\/tr>\n<tr>\n<td><span style=\"color: #3366ff;\"><a style=\"color: #3366ff;\" href=\"https:\/\/maps.arcanum.com\/de\/map\/cadastral\/?layers=here-aerial%2C3%2C4&amp;bbox=1855029.0171579195%2C5339163.496057563%2C1856752.433280037%2C5340314.828796108\">Verbosca<\/a><\/span><\/td>\n<td>Selo<\/td>\n<td>Lat: 43.18116\u00a0 Lon: 16.67063<\/td>\n<td>Katastar \/ Kataster 1834<\/td>\n<\/tr>\n<tr>\n<td><span style=\"color: #3366ff;\"><a style=\"color: #3366ff;\" href=\"https:\/\/goo.gl\/maps\/fxWrChoJf819zYYQ8\">Vete\u017einji hum, 125 m<\/a><\/span><\/td>\n<td>Brdo<\/td>\n<td>Lat: 43.18935\u00a0 Lon: 16.65860<\/td>\n<td>Hvar- turisti\u010dka karta 1:75.000<\/td>\n<\/tr>\n<tr>\n<td><span style=\"color: #3366ff;\"><a style=\"color: #3366ff;\" href=\"https:\/\/goo.gl\/maps\/o3xm6jikhpYtjdQN8\">Vrboska<\/a><\/span><\/td>\n<td>Selo<\/td>\n<td>Lat: 43.18116\u00a0 Lon: 16.67063<\/td>\n<td>Hvar- turisti\u010dka karta 1:75.000<\/td>\n<\/tr>\n<tr>\n<td><span style=\"color: #3366ff;\"><a style=\"color: #3366ff;\" href=\"https:\/\/goo.gl\/maps\/HKRJHeraycCbaF3C7\">Zaglav<\/a><\/span><\/td>\n<td>Podru\u010dje<\/td>\n<td>Lat: 43.18394\u00a0 Lon: 16.67941<\/td>\n<td>Hvar- turisti\u010dka karta 1:75.000<\/td>\n<\/tr>\n<\/tbody>\n<\/table>\n<p style=\"text-align: right;\"><a href=\"#seite_oben\">natrag na vrh \/ Seitenanfang<\/a><\/p>\n<hr \/>\n<p><strong>Linkovi \/ Links<\/strong><\/p>\n<p>&#8211;<\/p>\n","protected":false},"excerpt":{"rendered":"<p>Ime \/ Name Vrboska &#8211; Nazivi mjesta i podru\u010dja \/ Orts- und Gebietsnamen Code: VA-AI-01\u00a0 \u00a0 \u00a0 \u00a0 \u00a0 \u00a0 \u00a0 \u00a0 \u00a0 \u00a0 \u00a0 \u00a0 \u00a0 \u00a0 \u00a0 \u00a0 \u00a0 \u00a0 \u00a0 \u00a0\u00a0 Adresa \/ Adresse Vrboska Datum snimanja &hellip; <a href=\"https:\/\/www.topohvar.at\/topo\/orte\/va\/va-ai-01-1\/\">Weiterlesen <span class=\"meta-nav\">&rarr;<\/span><\/a><\/p>\n","protected":false},"author":1,"featured_media":0,"parent":109,"menu_order":0,"comment_status":"closed","ping_status":"closed","template":"","meta":{"footnotes":""},"class_list":["post-46383","page","type-page","status-publish","hentry"],"_links":{"self":[{"href":"https:\/\/www.topohvar.at\/topo\/wp-json\/wp\/v2\/pages\/46383","targetHints":{"allow":["GET"]}}],"collection":[{"href":"https:\/\/www.topohvar.at\/topo\/wp-json\/wp\/v2\/pages"}],"about":[{"href":"https:\/\/www.topohvar.at\/topo\/wp-json\/wp\/v2\/types\/page"}],"author":[{"embeddable":true,"href":"https:\/\/www.topohvar.at\/topo\/wp-json\/wp\/v2\/users\/1"}],"replies":[{"embeddable":true,"href":"https:\/\/www.topohvar.at\/topo\/wp-json\/wp\/v2\/comments?post=46383"}],"version-history":[{"count":6,"href":"https:\/\/www.topohvar.at\/topo\/wp-json\/wp\/v2\/pages\/46383\/revisions"}],"predecessor-version":[{"id":51695,"href":"https:\/\/www.topohvar.at\/topo\/wp-json\/wp\/v2\/pages\/46383\/revisions\/51695"}],"up":[{"embeddable":true,"href":"https:\/\/www.topohvar.at\/topo\/wp-json\/wp\/v2\/pages\/109"}],"wp:attachment":[{"href":"https:\/\/www.topohvar.at\/topo\/wp-json\/wp\/v2\/media?parent=46383"}],"curies":[{"name":"wp","href":"https:\/\/api.w.org\/{rel}","templated":true}]}}