{"id":46419,"date":"2021-02-03T11:26:39","date_gmt":"2021-02-03T10:26:39","guid":{"rendered":"https:\/\/www.topohvar.at\/topo\/?page_id=46419"},"modified":"2021-09-08T17:26:02","modified_gmt":"2021-09-08T15:26:02","slug":"zv-ai-01-1","status":"publish","type":"page","link":"https:\/\/www.topohvar.at\/topo\/orte\/zv\/zv-ai-01-1\/","title":{"rendered":"ZAVALA &#8211; Nazivi mjesta i podru\u010dja"},"content":{"rendered":"<p><a name=\"seite_oben\"><\/a><\/p>\n<div id=\"attachment_46420\" style=\"width: 1090px\" class=\"wp-caption alignnone\"><a href=\"https:\/\/www.topohvar.at\/wp-content\/uploads\/2021\/02\/zv-ai-01.jpg\"><img loading=\"lazy\" decoding=\"async\" aria-describedby=\"caption-attachment-46420\" class=\"wp-image-46420 size-full\" src=\"https:\/\/www.topohvar.at\/wp-content\/uploads\/2021\/02\/zv-ai-01.jpg\" alt=\"\" width=\"1080\" height=\"530\" srcset=\"https:\/\/www.topohvar.at\/wp-content\/uploads\/2021\/02\/zv-ai-01.jpg 1080w, https:\/\/www.topohvar.at\/wp-content\/uploads\/2021\/02\/zv-ai-01-300x147.jpg 300w, https:\/\/www.topohvar.at\/wp-content\/uploads\/2021\/02\/zv-ai-01-1024x503.jpg 1024w, https:\/\/www.topohvar.at\/wp-content\/uploads\/2021\/02\/zv-ai-01-768x377.jpg 768w\" sizes=\"auto, (max-width: 1080px) 100vw, 1080px\" \/><\/a><p id=\"caption-attachment-46420\" class=\"wp-caption-text\">Uve\u0107aj sliku \u2013 klikni! \/ Bild vergr\u00f6\u00dfern \u2013 klicken!<\/p><\/div>\n<p><strong>Ime \/ Name<br \/>\n<\/strong>Zavala &#8211; Nazivi mjesta i podru\u010dja \/ Orts- und Gebietsnamen<\/p>\n<p><strong>Code: <\/strong>ZV-AI-01\u00a0 \u00a0 \u00a0 \u00a0 \u00a0 \u00a0 \u00a0 \u00a0 \u00a0 \u00a0 \u00a0 \u00a0 \u00a0 \u00a0 \u00a0 \u00a0 \u00a0 \u00a0 \u00a0 \u00a0\u00a0<strong> <a href=\"https:\/\/www.topohvar.at\/topo\/orte\/zv\/zv-aa-01-1\/\"><img loading=\"lazy\" decoding=\"async\" class=\"alignnone wp-image-533 size-full\" src=\"https:\/\/www.topohvar.at\/wp-content\/uploads\/2018\/07\/push-l-30.jpg\" alt=\"\" width=\"61\" height=\"30\" \/><\/a> <a href=\"https:\/\/www.topohvar.at\/orte\/zv\/\"><img loading=\"lazy\" decoding=\"async\" class=\"alignnone wp-image-535 size-full\" src=\"https:\/\/www.topohvar.at\/wp-content\/uploads\/2018\/07\/push-o-30.jpg\" alt=\"\" width=\"61\" height=\"30\" \/><\/a> <a href=\"https:\/\/www.topohvar.at\/topo\/orte\/zv\/zv-au-10-1\/\"><img loading=\"lazy\" decoding=\"async\" class=\"alignnone wp-image-12299 size-full\" src=\"https:\/\/www.topohvar.at\/wp-content\/uploads\/2018\/09\/push-next-30.jpg\" alt=\"\" width=\"61\" height=\"30\" \/><\/a> <\/strong><\/p>\n<hr \/>\n<p><strong>Adresa \/ Adresse<br \/>\n<\/strong>Zavala<\/p>\n<p><strong>Datum snimanja \/ Erfassungsdatum<br \/>\n<\/strong>03.02.2021 :12:00:00<\/p>\n<hr \/>\n<div class='content-column one_half'><div style=\"padding-right:6px;\"><p><strong>Nazivi mjesta i podru\u010dja<\/strong><\/p>\n<p>Na popisu ispod na\u0107i \u0107ete sva imena koja se nalaze na podru\u010dju Zavale u:<\/p><\/div><\/div><div class='content-column one_half last_column'><div style=\"padding-right:0px;padding-left:6px;\"><p><strong>Orts- und Gebietsnamen<\/strong><\/p>\n<p>In der nachstehenden Liste befinden sich alle Namen, die im Bereich Zavala verzeichnet sind in:<\/p><\/div><\/div><div class='clear_column'><\/div><div class='content-column one_half'><div style=\"padding-right:6px;\"><p>&#8211; turisti\u010dkoj karti otoka Hvara, 1:75.000<br \/>\n&#8211; topografskoj karti otoka Hvara, 1:25.000<br \/>\n<span style=\"color: #ffffff;\">&#8211;<\/span> (izvor: Geoportal DGU)<br \/>\n&#8211; osnovnoj karti otoka Hvar (izvor: Geoportal DGU)<br \/>\n&#8211; Katastar iz 1834. godine (&#8222;Franziszeischer Kataster&#8220;) (Izvor: https:\/\/maps.arcanum.com\/de\/map\/cadastral\/)<\/p>\n<p>Klik na ime prikazuje mjesto na Google Maps ili maps.arcanum.com.<\/p><\/div><\/div><div class='content-column one_half last_column'><div style=\"padding-right:0px;padding-left:6px;\"><p>&#8211; touristische Karte der Insel Hvar, 1:75.000<br \/>\n&#8211; topographische Karte der Insel Hvar, 1:25.000<br \/>\n<span style=\"color: #ffffff;\">&#8211;<\/span> (Quelle: Geoportal DGU)<br \/>\n&#8211; Grundkarte der Insel Hvar (Quelle: Geoportal DGU)<br \/>\n&#8211; Franziszeischer Kataster 1834 (Quelle: https:\/\/maps.arcanum.com\/de\/map\/cadastral\/)<\/p>\n<p>Ein Klick auf den Namen zeigt den Ort in Google Maps oder in maps.arcanum.com.<\/p><\/div><\/div><div class='clear_column'><\/div><\/p>\n<table width=\"546\">\n<tbody>\n<tr>\n<td width=\"178\"><span style=\"color: #3366ff;\"><a style=\"color: #3366ff;\" href=\"https:\/\/goo.gl\/maps\/j6ngbmiLkmyuXqXJ8\">Barbini Dolac<\/a><\/span><\/td>\n<td width=\"54\">Podru\u010dje<\/td>\n<td width=\"148\">Lat: 43.12939\u00a0 Lon: 16.67883<\/td>\n<td width=\"166\">Hvar- topografska karta 1:25.000<\/td>\n<\/tr>\n<tr>\n<td><span style=\"color: #3366ff;\"><a style=\"color: #3366ff;\" href=\"https:\/\/maps.arcanum.com\/de\/map\/cadastral\/?layers=here-aerial%2C3%2C4&amp;bbox=1858713.9050953726%2C5331283.536467912%2C1860437.3212174901%2C5332434.8692064565\">Bastian Dolaz<\/a><\/span><\/td>\n<td>Podru\u010dje<\/td>\n<td>Lat: 43.13050\u00a0 Lon: 16.70480<\/td>\n<td>Katastar \/ Kataster 1834<\/td>\n<\/tr>\n<tr>\n<td><span style=\"color: #3366ff;\"><a style=\"color: #3366ff;\" href=\"https:\/\/goo.gl\/maps\/fVzqwmwZSTMxyn9K6\">Ba\u0161\u0107an Dolac<\/a><\/span><\/td>\n<td>Podru\u010dje<\/td>\n<td>Lat: 43.13081\u00a0 Lon: 16.70391<\/td>\n<td>Hvar- turisti\u010dka karta 1:75.000<\/td>\n<\/tr>\n<tr>\n<td><span style=\"color: #3366ff;\"><a style=\"color: #3366ff;\" href=\"https:\/\/goo.gl\/maps\/1oPrQ2acv2JSKiUAA\">Bile Gri\u017eice<\/a><\/span><\/td>\n<td>Podru\u010dje<\/td>\n<td>Lat: 43.13812\u00a0 Lon: 16.69169<\/td>\n<td>Hvar- topografska karta 1:25.000<\/td>\n<\/tr>\n<tr>\n<td><span style=\"color: #3366ff;\"><a style=\"color: #3366ff;\" href=\"https:\/\/goo.gl\/maps\/ZtZk9NvBXM6tkW5b8\">Borovik, 500 m<\/a><\/span><\/td>\n<td>Brdo<\/td>\n<td>Lat: 43.13482\u00a0 Lon: 16.68364<\/td>\n<td>Hvar- turisti\u010dka karta 1:75.000<\/td>\n<\/tr>\n<tr>\n<td><span style=\"color: #3366ff;\"><a style=\"color: #3366ff;\" href=\"https:\/\/maps.arcanum.com\/de\/map\/cadastral\/?layers=here-aerial%2C3%2C4&amp;bbox=1855647.9011079166%2C5331378.076479279%2C1857371.3172300342%2C5332529.409217824\">Cerliene Zemglie<\/a><\/span><\/td>\n<td>Podru\u010dje<\/td>\n<td>Lat: 43.13110\u00a0 Lon: 16.67750<\/td>\n<td>Katastar \/ Kataster 1834<\/td>\n<\/tr>\n<tr>\n<td><span style=\"color: #3366ff;\"><a style=\"color: #3366ff;\" href=\"https:\/\/maps.arcanum.com\/de\/map\/cadastral\/?layers=here-aerial%2C3%2C4&amp;bbox=1859882.3502585555%2C5331719.947793797%2C1861605.766380673%2C5332871.280532341\">Dolaz<\/a><\/span><\/td>\n<td>Podru\u010dje<\/td>\n<td>Lat: 43.13330\u00a0 Lon: 16.71550<\/td>\n<td>Katastar \/ Kataster 1834<\/td>\n<\/tr>\n<tr>\n<td><span style=\"color: #3366ff;\"><a style=\"color: #3366ff;\" href=\"https:\/\/goo.gl\/maps\/K1FTK6vgnrfqcNnv7\">Gnjila<\/a><\/span><\/td>\n<td>Podru\u010dje<\/td>\n<td>Lat: 43.13165\u00a0 Lon: 16.71449<\/td>\n<td>Hvar- Hrvatska osnovna karta<\/td>\n<\/tr>\n<tr>\n<td><span style=\"color: #3366ff;\"><a style=\"color: #3366ff;\" href=\"https:\/\/goo.gl\/maps\/Q7WpmHzDSrEpDNoq8\">Grablje, 511 m<\/a><\/span><\/td>\n<td>Brdo<\/td>\n<td>Lat: 43.13387\u00a0 Lon: 16.67491<\/td>\n<td>Hvar- topografska karta 1:25.000<\/td>\n<\/tr>\n<tr>\n<td><span style=\"color: #3366ff;\"><a style=\"color: #3366ff;\" href=\"https:\/\/goo.gl\/maps\/Q7WpmHzDSrEpDNoq8\">Gulubinka<\/a><\/span><\/td>\n<td>Podru\u010dje<\/td>\n<td>Lat: 43.13020\u00a0 Lon: 16.68250<\/td>\n<td>Katastar \/ Kataster 1834<\/td>\n<\/tr>\n<tr>\n<td><span style=\"color: #3366ff;\"><a style=\"color: #3366ff;\" href=\"https:\/\/goo.gl\/maps\/sLCN8dz78qTvHpNT7\">Hum, 604 m<\/a><\/span><\/td>\n<td>Brdo<\/td>\n<td>Lat: 43.13475\u00a0 Lon: 16.66425<\/td>\n<td>Hvar- turisti\u010dka karta 1:75.000<\/td>\n<\/tr>\n<tr>\n<td><span style=\"color: #3366ff;\"><a style=\"color: #3366ff;\" href=\"https:\/\/goo.gl\/maps\/SgJmjPGFRRe9NeNp7\">Jutac Dolac<\/a><\/span><\/td>\n<td>Podru\u010dje<\/td>\n<td>Lat: 43.13181\u00a0 Lon: 16.69787<\/td>\n<td>Hvar- Hrvatska osnovna karta<\/td>\n<\/tr>\n<tr>\n<td><span style=\"color: #3366ff;\"><a style=\"color: #3366ff;\" href=\"https:\/\/maps.arcanum.com\/de\/map\/cadastral\/?layers=here-aerial%2C3%2C4&amp;bbox=1857624.6459332677%2C5331019.487582576%2C1859348.0620553852%2C5332170.820321121\">Jutaz Dolaz<\/a><\/span><\/td>\n<td>Podru\u010dje<\/td>\n<td>Lat: 43.12890\u00a0 Lon: 16.69510<\/td>\n<td>Katastar \/ Kataster 1834<\/td>\n<\/tr>\n<tr>\n<td><span style=\"color: #3366ff;\"><a style=\"color: #3366ff;\" href=\"https:\/\/goo.gl\/maps\/XXBsZoGB4w9jNTUS9\">Martinica<\/a><\/span><\/td>\n<td>Podru\u010dje<\/td>\n<td>Lat: 43.13436\u00a0 Lon: 16.69553<\/td>\n<td>Hvar- topografska karta 1:25.000<\/td>\n<\/tr>\n<tr>\n<td><span style=\"color: #3366ff;\"><a style=\"color: #3366ff;\" href=\"https:\/\/maps.arcanum.com\/de\/map\/cadastral\/?layers=here-aerial%2C3%2C4&amp;bbox=1857597.9763746588%2C5331476.430157234%2C1859321.3924967763%2C5332627.762895779\">Martinizza<\/a><\/span><\/td>\n<td>Podru\u010dje<\/td>\n<td>Lat: 43.13180\u00a0 Lon: 16.69500<\/td>\n<td>Katastar \/ Kataster 1834<\/td>\n<\/tr>\n<tr>\n<td><span style=\"color: #3366ff;\"><a style=\"color: #3366ff;\" href=\"https:\/\/maps.arcanum.com\/de\/map\/cadastral\/?layers=here-aerial%2C3%2C4&amp;bbox=1853726.884056918%2C5330191.335208555%2C1855450.3001790356%2C5331342.6679471\">Medvid Bad<\/a><\/span><\/td>\n<td>Podru\u010dje<\/td>\n<td>Lat: 43.12350\u00a0 Lon: 16.66010<\/td>\n<td>Katastar \/ Kataster 1834<\/td>\n<\/tr>\n<tr>\n<td><span style=\"color: #3366ff;\"><a style=\"color: #3366ff;\" href=\"https:\/\/maps.arcanum.com\/de\/map\/cadastral\/?layers=here-aerial%2C3%2C4&amp;bbox=1856628.5217230658%2C5331275.176167944%2C1858351.9378451833%2C5332426.508906489\">Pasucha<\/a><\/span><\/td>\n<td>Podru\u010dje<\/td>\n<td>Lat: 43.13050\u00a0 Lon: 16.68600<\/td>\n<td>Katastar \/ Kataster 1834<\/td>\n<\/tr>\n<tr>\n<td><span style=\"color: #3366ff;\"><a style=\"color: #3366ff;\" href=\"https:\/\/maps.arcanum.com\/de\/map\/cadastral\/?layers=here-aerial%2C3%2C4&amp;bbox=1857122.409347262%2C5331280.183863815%2C1858845.8254693795%2C5332431.51660236\">Pasucha Vella<\/a><\/span><\/td>\n<td>Podru\u010dje<\/td>\n<td>Lat: 43.13060\u00a0 Lon: 16.69040<\/td>\n<td>Katastar \/ Kataster 1834<\/td>\n<\/tr>\n<tr>\n<td><span style=\"color: #3366ff;\"><a style=\"color: #3366ff;\" href=\"https:\/\/goo.gl\/maps\/MVVpd3bRvmPFknvE9\">Pa\u017euka<\/a><\/span><\/td>\n<td>Podru\u010dje<\/td>\n<td>Lat: 43.13038\u00a0 Lon: 16.68804<\/td>\n<td>Hvar- Hrvatska osnovna karta<\/td>\n<\/tr>\n<tr>\n<td><span style=\"color: #3366ff;\"><a style=\"color: #3366ff;\" href=\"https:\/\/maps.arcanum.com\/de\/map\/cadastral\/?layers=here-aerial%2C3%2C4&amp;bbox=1856436.291514582%2C5329999.41271598%2C1858159.7076366995%2C5331150.745454525\">Peterciza<\/a><\/span><\/td>\n<td>Podru\u010dje<\/td>\n<td>Lat: 43.12220\u00a0 Lon: 16.68450<\/td>\n<td>Katastar \/ Kataster 1834<\/td>\n<\/tr>\n<tr>\n<td><span style=\"color: #3366ff;\"><a style=\"color: #3366ff;\" href=\"https:\/\/goo.gl\/maps\/V37W3ibUCkJ2Rm719\">Peter\u010dica<\/a><\/span><\/td>\n<td>Podru\u010dje<\/td>\n<td>Lat: 43.12311\u00a0 Lon: 16.68160<\/td>\n<td>Hvar- Hrvatska osnovna karta<\/td>\n<\/tr>\n<tr>\n<td><span style=\"color: #3366ff;\"><a style=\"color: #3366ff;\" href=\"https:\/\/goo.gl\/maps\/oeXhVq9PoDoKoDzH7\">Pi\u0161\u0107e<\/a><\/span><\/td>\n<td>Podru\u010dje<\/td>\n<td>Lat: 43.12885\u00a0 Lon: 16.71247<\/td>\n<td>Hvar- topografska karta 1:25.000<\/td>\n<\/tr>\n<tr>\n<td><span style=\"color: #3366ff;\"><a style=\"color: #3366ff;\" href=\"https:\/\/maps.arcanum.com\/de\/map\/cadastral\/?layers=here-aerial%2C3%2C4&amp;bbox=1858181.4046268933%2C5331193.416395655%2C1859904.820749011%2C5332344.7491342\">Sadische<\/a><\/span><\/td>\n<td>Podru\u010dje<\/td>\n<td>Lat: 43.13130\u00a0 Lon: 16.70030<\/td>\n<td>Katastar \/ Kataster 1834<\/td>\n<\/tr>\n<tr>\n<td><span style=\"color: #3366ff;\"><a style=\"color: #3366ff;\" href=\"https:\/\/maps.arcanum.com\/de\/map\/cadastral\/?layers=here-aerial%2C3%2C4&amp;bbox=1854098.5898516278%2C5330098.312135288%2C1855822.0059737454%2C5331249.644873832\">Sagon<\/a><\/span><\/td>\n<td>Podru\u010dje<\/td>\n<td>Lat: 43.12200\u00a0 Lon: 16.66350<\/td>\n<td>Katastar \/ Kataster 1834<\/td>\n<\/tr>\n<tr>\n<td><span style=\"color: #3366ff;\"><a style=\"color: #3366ff;\" href=\"https:\/\/maps.arcanum.com\/de\/map\/cadastral\/?layers=here-aerial%2C3%2C4&amp;bbox=1859444.584738847%2C5331243.662880703%2C1861168.0008609646%2C5332394.995619248\">Scalize<\/a><\/span><\/td>\n<td>Podru\u010dje<\/td>\n<td>Lat: 43.13030\u00a0 Lon: 16.71140<\/td>\n<td>Katastar \/ Kataster 1834<\/td>\n<\/tr>\n<tr>\n<td><span style=\"color: #3366ff;\"><a style=\"color: #3366ff;\" href=\"https:\/\/maps.arcanum.com\/de\/map\/cadastral\/?layers=here-aerial%2C3%2C4&amp;bbox=1854329.8158963653%2C5330559.471328039%2C1856053.2320184829%2C5331710.8040665835\">Scrivagnuza<\/a><\/span><\/td>\n<td>Podru\u010dje<\/td>\n<td>Lat: 43.12570\u00a0 Lon: 16.66550<\/td>\n<td>Katastar \/ Kataster 1834<\/td>\n<\/tr>\n<tr>\n<td><span style=\"color: #3366ff;\"><a style=\"color: #3366ff;\" href=\"https:\/\/goo.gl\/maps\/EQXc9F92vzy4iUzLA\">Skrivanju\u0161a<\/a><\/span><\/td>\n<td>Podru\u010dje<\/td>\n<td>Lat: 43.12505\u00a0 Lon: 16.66792<\/td>\n<td>Hvar- topografska karta 1:25.000<\/td>\n<\/tr>\n<tr>\n<td><span style=\"color: #3366ff;\"><a style=\"color: #3366ff;\" href=\"https:\/\/maps.arcanum.com\/de\/map\/cadastral\/?layers=here-aerial%2C3%2C4&amp;bbox=1859976.2738707312%2C5330672.384718243%2C1861699.6899928488%2C5331823.717456788\">Smocov Dolaz<\/a><\/span><\/td>\n<td>Podru\u010dje<\/td>\n<td>Lat: 43.12650\u00a0 Lon: 16.71630<\/td>\n<td>Katastar \/ Kataster 1834<\/td>\n<\/tr>\n<tr>\n<td><span style=\"color: #3366ff;\"><a style=\"color: #3366ff;\" href=\"https:\/\/maps.arcanum.com\/de\/map\/cadastral\/?layers=here-aerial%2C3%2C4&amp;bbox=1859622.0773362322%2C5331636.3864352545%2C1861345.4934583497%2C5332787.719173799\">Smocovo Dolaz<\/a><\/span><\/td>\n<td>Podru\u010dje<\/td>\n<td>Lat: 43.13280\u00a0 Lon: 16.71310<\/td>\n<td>Katastar \/ Kataster 1834<\/td>\n<\/tr>\n<tr>\n<td><span style=\"color: #3366ff;\"><a style=\"color: #3366ff;\" href=\"https:\/\/goo.gl\/maps\/c3tWb7WGjen85opu9\">Smokov Dolac<\/a><\/span><\/td>\n<td>Podru\u010dje<\/td>\n<td>Lat: 43.13137\u00a0 Lon: 16.70790<\/td>\n<td>Hvar- turisti\u010dka karta 1:75.000<\/td>\n<\/tr>\n<tr>\n<td><span style=\"color: #3366ff;\"><a style=\"color: #3366ff;\" href=\"https:\/\/maps.arcanum.com\/de\/map\/cadastral\/?layers=here-aerial%2C3%2C4&amp;bbox=1856977.5352750018%2C5330573.573194707%2C1858700.9513971193%2C5331724.905933252\">Spiaggia (Zavala)<\/a><\/span><\/td>\n<td>Selo<\/td>\n<td>Lat: 43.12560\u00a0 Lon: 16.68940<\/td>\n<td>Katastar \/ Kataster 1834<\/td>\n<\/tr>\n<tr>\n<td><span style=\"color: #3366ff;\"><a style=\"color: #3366ff;\" href=\"https:\/\/maps.arcanum.com\/de\/map\/cadastral\/?layers=here-aerial%2C3%2C4&amp;bbox=1856117.3490964074%2C5331702.745794921%2C1857840.765218525%2C5332854.078533466\">St. Antonio<\/a><\/span><\/td>\n<td>Kapela<\/td>\n<td>Lat: 43.13286\u00a0 Lon: 16.68053<\/td>\n<td>Katastar \/ Kataster 1834<\/td>\n<\/tr>\n<tr>\n<td><span style=\"color: #3366ff;\"><a style=\"color: #3366ff;\" href=\"https:\/\/goo.gl\/maps\/7xxDCx3vxjYotnAS9\">Tre\u010denik<\/a><\/span><\/td>\n<td>Podru\u010dje<\/td>\n<td>Lat: 43.12618\u00a0 Lon: 16.66300<\/td>\n<td>Hvar- turisti\u010dka karta 1:75.000<\/td>\n<\/tr>\n<tr>\n<td><span style=\"color: #3366ff;\"><a style=\"color: #3366ff;\" href=\"https:\/\/goo.gl\/maps\/edbPP2GVE8GkvXaE8\">Trepe\u0107 Dolac<\/a><\/span><\/td>\n<td>Podru\u010dje<\/td>\n<td>Lat: 43.12746\u00a0 Lon: 16.67247<\/td>\n<td>Hvar- topografska karta 1:25.000<\/td>\n<\/tr>\n<tr>\n<td><span style=\"color: #3366ff;\"><a style=\"color: #3366ff;\" href=\"https:\/\/goo.gl\/maps\/7xxDCx3vxjYotnAS9\">Tre\u010denik<\/a><\/span><\/td>\n<td>Podru\u010dje<\/td>\n<td>Lat: 43.12618\u00a0 Lon: 16.66300<\/td>\n<td>Hvar- turisti\u010dka karta 1:75.000<\/td>\n<\/tr>\n<tr>\n<td><span style=\"color: #3366ff;\"><a style=\"color: #3366ff;\" href=\"https:\/\/maps.arcanum.com\/de\/map\/cadastral\/?layers=here-aerial%2C3%2C4&amp;bbox=1854026.964152086%2C5330643.260586865%2C1855750.3802742036%2C5331794.59332541\">Trischenik<\/a><\/span><\/td>\n<td>Podru\u010dje<\/td>\n<td>Lat: 43.12630\u00a0 Lon: 16.66260<\/td>\n<td>Katastar \/ Kataster 1834<\/td>\n<\/tr>\n<tr>\n<td><span style=\"color: #3366ff;\"><a style=\"color: #3366ff;\" href=\"https:\/\/goo.gl\/maps\/wo7yVTmj3AQj37yQA\">Tri\u0161\u0107enik, Veli-<\/a><\/span><\/td>\n<td>Podru\u010dje<\/td>\n<td>Lat: 43.12708\u00a0 Lon: 16.66041<\/td>\n<td>Hvar- topografska karta 1:25.000<\/td>\n<\/tr>\n<tr>\n<td><span style=\"color: #3366ff;\"><a style=\"color: #3366ff;\" href=\"https:\/\/maps.arcanum.com\/de\/map\/cadastral\/?layers=here-aerial%2C3%2C4&amp;bbox=1859029.0944554573%2C5330934.272784495%2C1860752.5105775748%2C5332085.60552304\">Tusto Cello<\/a><\/span><\/td>\n<td>Podru\u010dje<\/td>\n<td>Lat: 43.12820\u00a0 Lon: 16.70780<\/td>\n<td>Katastar \/ Kataster 1834<\/td>\n<\/tr>\n<tr>\n<td><span style=\"color: #3366ff;\"><a style=\"color: #3366ff;\" href=\"https:\/\/maps.arcanum.com\/de\/map\/cadastral\/?layers=here-aerial%2C3%2C4&amp;bbox=1855191.0376692968%2C5330756.634621789%2C1856914.4537914144%2C5331907.967360334\">Virach Dolaz<\/a><\/span><\/td>\n<td>Podru\u010dje<\/td>\n<td>Lat: 43.12730\u00a0 Lon: 16.67310<\/td>\n<td>Katastar \/ Kataster 1834<\/td>\n<\/tr>\n<tr>\n<td><span style=\"color: #3366ff;\"><a style=\"color: #3366ff;\" href=\"https:\/\/goo.gl\/maps\/2MTcRik7S4z71sEu8\">Vlaka<\/a><\/span><\/td>\n<td>Podru\u010dje<\/td>\n<td>Lat: 43.13023\u00a0 Lon: 16.69984<\/td>\n<td>Hvar- Hrvatska osnovna karta<\/td>\n<\/tr>\n<tr>\n<td><span style=\"color: #3366ff;\"><a style=\"color: #3366ff;\" href=\"https:\/\/maps.arcanum.com\/de\/map\/cadastral\/?layers=here-aerial%2C3%2C4&amp;bbox=1857356.0127109755%2C5330243.151233652%2C1859079.428833093%2C5331394.4839721965\">Vlaka<\/a><\/span><\/td>\n<td>Podru\u010dje<\/td>\n<td>Lat: 43.12370\u00a0 Lon: 16.69270<\/td>\n<td>Katastar \/ Kataster 1834<\/td>\n<\/tr>\n<tr>\n<td><span style=\"color: #3366ff;\"><a style=\"color: #3366ff;\" href=\"https:\/\/maps.arcanum.com\/de\/map\/cadastral\/?layers=here-aerial%2C3%2C4&amp;bbox=1854748.8664891378%2C5330854.526208574%2C1856472.2826112553%2C5332005.858947119\">Vragni Dolaz<\/a><\/span><\/td>\n<td>Podru\u010dje<\/td>\n<td>Lat: 43.12780\u00a0 Lon: 16.66970<\/td>\n<td>Katastar \/ Kataster 1834<\/td>\n<\/tr>\n<tr>\n<td><span style=\"color: #3366ff;\"><a style=\"color: #3366ff;\" href=\"https:\/\/goo.gl\/maps\/DhLrh8KffFfpNWdB8\">Zavala<\/a><\/span><\/td>\n<td>Selo<\/td>\n<td>Lat: 43.12552\u00a0 Lon: 16.68988<\/td>\n<td>Hvar- turisti\u010dka karta 1:75.000<\/td>\n<\/tr>\n<tr>\n<td><span style=\"color: #3366ff;\"><a style=\"color: #3366ff;\" href=\"https:\/\/maps.arcanum.com\/de\/map\/cadastral\/?layers=here-aerial%2C3%2C4&amp;bbox=1855567.926446568%2C5330584.278266249%2C1857291.3425686855%2C5331735.611004794\">Zavatin Rad<\/a><\/span><\/td>\n<td>Podru\u010dje<\/td>\n<td>Lat: 43.12610\u00a0 Lon: 16.67630<\/td>\n<td>Katastar \/ Kataster 1834<\/td>\n<\/tr>\n<tr>\n<td><span style=\"color: #3366ff;\"><a style=\"color: #3366ff;\" href=\"https:\/\/goo.gl\/maps\/55gHfB1LV8UuKM3o9\">Zavatin Rat<\/a><\/span><\/td>\n<td>Podru\u010dje<\/td>\n<td>Lat: 43.12923\u00a0 Lon: 16.67228<\/td>\n<td>Hvar- Hrvatska osnovna karta<\/td>\n<\/tr>\n<\/tbody>\n<\/table>\n<p style=\"text-align: right;\"><a href=\"#seite_oben\"><span style=\"color: #3366ff;\">natrag na vrh \/ Seitenanfang<\/span><\/a><\/p>\n<hr \/>\n<p><strong>Linkovi \/ Links<\/strong><\/p>\n<p>&#8211;<\/p>\n","protected":false},"excerpt":{"rendered":"<p>Ime \/ Name Zavala &#8211; Nazivi mjesta i podru\u010dja \/ Orts- und Gebietsnamen Code: ZV-AI-01\u00a0 \u00a0 \u00a0 \u00a0 \u00a0 \u00a0 \u00a0 \u00a0 \u00a0 \u00a0 \u00a0 \u00a0 \u00a0 \u00a0 \u00a0 \u00a0 \u00a0 \u00a0 \u00a0 \u00a0\u00a0 Adresa \/ Adresse Zavala Datum snimanja &hellip; <a href=\"https:\/\/www.topohvar.at\/topo\/orte\/zv\/zv-ai-01-1\/\">Weiterlesen <span class=\"meta-nav\">&rarr;<\/span><\/a><\/p>\n","protected":false},"author":1,"featured_media":0,"parent":119,"menu_order":0,"comment_status":"closed","ping_status":"closed","template":"","meta":{"footnotes":""},"class_list":["post-46419","page","type-page","status-publish","hentry"],"_links":{"self":[{"href":"https:\/\/www.topohvar.at\/topo\/wp-json\/wp\/v2\/pages\/46419","targetHints":{"allow":["GET"]}}],"collection":[{"href":"https:\/\/www.topohvar.at\/topo\/wp-json\/wp\/v2\/pages"}],"about":[{"href":"https:\/\/www.topohvar.at\/topo\/wp-json\/wp\/v2\/types\/page"}],"author":[{"embeddable":true,"href":"https:\/\/www.topohvar.at\/topo\/wp-json\/wp\/v2\/users\/1"}],"replies":[{"embeddable":true,"href":"https:\/\/www.topohvar.at\/topo\/wp-json\/wp\/v2\/comments?post=46419"}],"version-history":[{"count":4,"href":"https:\/\/www.topohvar.at\/topo\/wp-json\/wp\/v2\/pages\/46419\/revisions"}],"predecessor-version":[{"id":51706,"href":"https:\/\/www.topohvar.at\/topo\/wp-json\/wp\/v2\/pages\/46419\/revisions\/51706"}],"up":[{"embeddable":true,"href":"https:\/\/www.topohvar.at\/topo\/wp-json\/wp\/v2\/pages\/119"}],"wp:attachment":[{"href":"https:\/\/www.topohvar.at\/topo\/wp-json\/wp\/v2\/media?parent=46419"}],"curies":[{"name":"wp","href":"https:\/\/api.w.org\/{rel}","templated":true}]}}