{"id":46648,"date":"2021-02-19T17:11:57","date_gmt":"2021-02-19T16:11:57","guid":{"rendered":"https:\/\/www.topohvar.at\/topo\/?page_id=46648"},"modified":"2024-04-23T07:30:34","modified_gmt":"2024-04-23T05:30:34","slug":"do-po-02-2","status":"publish","type":"page","link":"https:\/\/www.topohvar.at\/topo\/orte\/do\/do-po-02-2\/","title":{"rendered":"DOL &#8211; Ulomak iz rimskog doba"},"content":{"rendered":"<p><img loading=\"lazy\" decoding=\"async\" class=\"alignnone wp-image-46649 size-full\" src=\"https:\/\/www.topohvar.at\/wp-content\/uploads\/2021\/02\/do-po-02-1.jpg\" alt=\"\" width=\"1080\" height=\"530\" srcset=\"https:\/\/www.topohvar.at\/wp-content\/uploads\/2021\/02\/do-po-02-1.jpg 1080w, https:\/\/www.topohvar.at\/wp-content\/uploads\/2021\/02\/do-po-02-1-300x147.jpg 300w, https:\/\/www.topohvar.at\/wp-content\/uploads\/2021\/02\/do-po-02-1-1024x503.jpg 1024w, https:\/\/www.topohvar.at\/wp-content\/uploads\/2021\/02\/do-po-02-1-768x377.jpg 768w\" sizes=\"auto, (max-width: 1080px) 100vw, 1080px\" \/><\/p>\n<p><strong>Ime \/ Name<br \/>\n<\/strong>Ulomak iz rimskog doba \/ Fragment aus der R\u00f6merzeit<\/p>\n<p><strong>Code: <\/strong>DO-PO-02\u00a0 \u00a0 \u00a0 \u00a0 \u00a0 \u00a0 \u00a0 \u00a0 \u00a0 \u00a0 \u00a0 \u00a0 \u00a0 \u00a0 \u00a0 \u00a0 \u00a0 \u00a0 \u00a0 \u00a0 \u00a0 \u00a0 \u00a0\u00a0<strong> <a href=\" https:\/\/www.topohvar.at\/topo\/orte\/do\/do-po-01-2\/\"><img loading=\"lazy\" decoding=\"async\" class=\"alignnone wp-image-533 size-full\" src=\"https:\/\/www.topohvar.at\/wp-content\/uploads\/2018\/07\/push-l-30.jpg\" alt=\"\" width=\"61\" height=\"30\" \/><\/a> <a href=\"https:\/\/www.topohvar.at\/orte\/do\/\"><img loading=\"lazy\" decoding=\"async\" class=\"alignnone wp-image-535 size-full\" src=\"https:\/\/www.topohvar.at\/wp-content\/uploads\/2018\/07\/push-o-30.jpg\" alt=\"\" width=\"61\" height=\"30\" \/><\/a> <a href=\" https:\/\/www.topohvar.at\/topo\/orte\/do\/do-po-00-1\/\"><img loading=\"lazy\" decoding=\"async\" class=\"alignnone wp-image-536 size-full\" src=\"https:\/\/www.topohvar.at\/wp-content\/uploads\/2018\/07\/push-r-30.jpg\" alt=\"\" width=\"61\" height=\"30\" \/><\/a><\/strong><\/p>\n<hr \/>\n<p><strong>Adresa \/ Adresse<br \/>\n<\/strong>Dol, \u0110urkovica\u00a0 &#8211; Rudina jama<\/p>\n<p><strong>Lokalna polo\u017eaj \/ Position<a href=\"https:\/\/goo.gl\/maps\/WgFgJ2kHSN5jA4j19\"><img loading=\"lazy\" decoding=\"async\" class=\"alignright wp-image-46652\" src=\"https:\/\/www.topohvar.at\/wp-content\/uploads\/2021\/02\/3114.jpg\" alt=\"\" width=\"134\" height=\"100\" \/><\/a><br \/>\n<\/strong><span style=\"color: #3366ff;\"><a style=\"color: #3366ff;\" href=\"https:\/\/goo.gl\/maps\/WgFgJ2kHSN5jA4j19\">Latitude: N 43,17449\u00b0\u00a0 \u00a0Longitude: E 16,61851\u00b0 <\/a><\/span><strong><br \/>\n<\/strong>Visina \/ H\u00f6he: 55 m<\/p>\n<p><strong>Zemlji\u0161te \/ Grundst\u00fccke<br \/>\n<\/strong>2126\/1<div class='content-column one_half'><div style=\"padding-right:6px;\"><p><strong>Datum snimanja \/ Erfassungsdatum<br \/>\n<\/strong>22.05.2020 10:00:00<\/p>\n<hr \/>\n<p><strong>Informacije<\/strong><\/p>\n<p>Na predjelu Rudina jama sjeverno od Dola, prona\u0111en je 2019. god. komad stijene visine 17 cm, du\u017eine 20 cm i debljine 10 cm. Na kamenu su fino uklesana slova G VALI u gornjem redu te u donjem redu se prepoznaju samo slovo A de dijelovi jo\u0161 3 slova.<\/p><\/div><\/div><div class='content-column one_half last_column'><div style=\"padding-right:0px;padding-left:6px;\"><p><strong>Za\u0161titni polo\u017eaj \/ Schutzstellung<br \/>\n<\/strong>&#8211;<\/p>\n<hr \/>\n<p><strong>Info<\/strong><\/p>\n<p>In der Gegend von \u0110urkovica &#8211; Rudina jama, n\u00f6rdlich von Dol, wurde 2019 ein St\u00fcck Stein 17 cm hoch, 20 cm lang und 10 cm dick gefunden. Die Buchstaben G VALI sind in der oberen Reihe fein in den Stein eingraviert, und in der unteren Reihe sind nur die Buchstaben A und Teile von 3 weiteren Buchstaben zu erkennen.<\/p><\/div><\/div><div class='clear_column'><\/div><div class='content-column one_half'><div style=\"padding-right:6px;\"><p>Visina slova je 4 cm. Vrlo vjerojatno se radi o anti\u010dkoj rimskoj steli.<\/p><\/div><\/div><div class='content-column one_half last_column'><div style=\"padding-right:0px;padding-left:6px;\"><p>Die H\u00f6he der Buchstaben betr\u00e4gt 4 cm. Es ist sehr wahrscheinlich eine alte r\u00f6mische Stele.<\/p><\/div><\/div><div class='clear_column'><\/div><\/p>\n<p style=\"text-align: center;\"><em>Izvor \/ Quelle: TARTAJUN, Broj 16<\/em><\/p>\n<hr \/>\n<p><strong>Linkovi \/ Links<\/strong><\/p>\n<p><span style=\"color: #3366ff;\"><a style=\"color: #3366ff;\" href=\"https:\/\/www.tartajun.hr\/wp-content\/uploads\/2020\/08\/Tartajun-16.pdf\">Tartajun, Broj 16<\/a><\/span><\/p>\n","protected":false},"excerpt":{"rendered":"<p>Ime \/ Name Ulomak iz rimskog doba \/ Fragment aus der R\u00f6merzeit Code: DO-PO-02\u00a0 \u00a0 \u00a0 \u00a0 \u00a0 \u00a0 \u00a0 \u00a0 \u00a0 \u00a0 \u00a0 \u00a0 \u00a0 \u00a0 \u00a0 \u00a0 \u00a0 \u00a0 \u00a0 \u00a0 \u00a0 \u00a0 \u00a0\u00a0 Adresa \/ Adresse Dol, &hellip; <a href=\"https:\/\/www.topohvar.at\/topo\/orte\/do\/do-po-02-2\/\">Weiterlesen <span class=\"meta-nav\">&rarr;<\/span><\/a><\/p>\n","protected":false},"author":1,"featured_media":0,"parent":68,"menu_order":0,"comment_status":"closed","ping_status":"closed","template":"","meta":{"footnotes":""},"class_list":["post-46648","page","type-page","status-publish","hentry"],"_links":{"self":[{"href":"https:\/\/www.topohvar.at\/topo\/wp-json\/wp\/v2\/pages\/46648","targetHints":{"allow":["GET"]}}],"collection":[{"href":"https:\/\/www.topohvar.at\/topo\/wp-json\/wp\/v2\/pages"}],"about":[{"href":"https:\/\/www.topohvar.at\/topo\/wp-json\/wp\/v2\/types\/page"}],"author":[{"embeddable":true,"href":"https:\/\/www.topohvar.at\/topo\/wp-json\/wp\/v2\/users\/1"}],"replies":[{"embeddable":true,"href":"https:\/\/www.topohvar.at\/topo\/wp-json\/wp\/v2\/comments?post=46648"}],"version-history":[{"count":6,"href":"https:\/\/www.topohvar.at\/topo\/wp-json\/wp\/v2\/pages\/46648\/revisions"}],"predecessor-version":[{"id":66703,"href":"https:\/\/www.topohvar.at\/topo\/wp-json\/wp\/v2\/pages\/46648\/revisions\/66703"}],"up":[{"embeddable":true,"href":"https:\/\/www.topohvar.at\/topo\/wp-json\/wp\/v2\/pages\/68"}],"wp:attachment":[{"href":"https:\/\/www.topohvar.at\/topo\/wp-json\/wp\/v2\/media?parent=46648"}],"curies":[{"name":"wp","href":"https:\/\/api.w.org\/{rel}","templated":true}]}}