{"id":4679,"date":"2018-08-12T15:49:21","date_gmt":"2018-08-12T13:49:21","guid":{"rendered":"https:\/\/www.topohvar.at\/?page_id=4679"},"modified":"2021-05-13T09:11:30","modified_gmt":"2021-05-13T07:11:30","slug":"sg-tr-b8-1","status":"publish","type":"page","link":"https:\/\/www.topohvar.at\/topo\/orte\/sg\/sg-tr-b8-1\/","title":{"rendered":"STARI GRAD &#8211; Trim \u00bbSG-TR-B8\u00ab"},"content":{"rendered":"<p><a name=\"seite_oben\"><\/a><br \/>\n<img loading=\"lazy\" decoding=\"async\" class=\"alignnone wp-image-4595 size-large\" src=\"https:\/\/www.topohvar.at\/wp-content\/uploads\/2018\/08\/sg-tr-b8-0-1024x503.jpg\" alt=\"\" width=\"640\" height=\"314\" srcset=\"https:\/\/www.topohvar.at\/wp-content\/uploads\/2018\/08\/sg-tr-b8-0-1024x503.jpg 1024w, https:\/\/www.topohvar.at\/wp-content\/uploads\/2018\/08\/sg-tr-b8-0-300x147.jpg 300w, https:\/\/www.topohvar.at\/wp-content\/uploads\/2018\/08\/sg-tr-b8-0-768x377.jpg 768w, https:\/\/www.topohvar.at\/wp-content\/uploads\/2018\/08\/sg-tr-b8-0.jpg 1080w\" sizes=\"auto, (max-width: 640px) 100vw, 640px\" \/><\/p>\n<p><strong>Ime \/ Name<br \/>\n<\/strong>Trim \u00bbSG-TR-B8\u00ab<br \/>\n<strong>Code: <\/strong>SG-TR-B8\u00a0 \u00a0 \u00a0 \u00a0 \u00a0 \u00a0 \u00a0 \u00a0 \u00a0 \u00a0 \u00a0 \u00a0 \u00a0 \u00a0 \u00a0 \u00a0 \u00a0 \u00a0 \u00a0 \u00a0\u00a0<strong><a href=\"https:\/\/www.topohvar.at\/orte\/sg\/sg-tr-00-1\/\"><img loading=\"lazy\" decoding=\"async\" class=\"alignnone wp-image-12300 size-full\" src=\"https:\/\/www.topohvar.at\/wp-content\/uploads\/2018\/09\/push-vor-30.jpg\" alt=\"\" width=\"61\" height=\"30\" \/><\/a> <a href=\"https:\/\/www.topohvar.at\/orte\/sg\/sg-tr-32-1\/\"><img loading=\"lazy\" decoding=\"async\" class=\"alignnone wp-image-533 size-full\" src=\"https:\/\/www.topohvar.at\/wp-content\/uploads\/2018\/07\/push-l-30.jpg\" alt=\"\" width=\"61\" height=\"30\" \/><\/a> <a href=\"https:\/\/www.topohvar.at\/orte\/sg\/\"><img loading=\"lazy\" decoding=\"async\" class=\"alignnone wp-image-535 size-full\" src=\"https:\/\/www.topohvar.at\/wp-content\/uploads\/2018\/07\/push-o-30.jpg\" alt=\"\" width=\"61\" height=\"30\" \/><\/a> <a href=\"https:\/\/www.topohvar.at\/orte\/sg\/sg-tr-92-1\/\"><img loading=\"lazy\" decoding=\"async\" class=\"alignnone wp-image-536 size-full\" src=\"https:\/\/www.topohvar.at\/wp-content\/uploads\/2018\/07\/push-r-30.jpg\" alt=\"\" width=\"61\" height=\"30\" \/><\/a><\/strong><\/p>\n<hr \/>\n<p><strong>Adresa \/ Adresse<br \/>\n<\/strong>Stari Grad, cesta Stari Grad &#8211; Dol (u blizini) \/ nahe der Stra\u00dfe Stari Grad &#8211; Dol<\/p>\n<p><strong>Lokacija \/ Position<a href=\"https:\/\/goo.gl\/maps\/ycLpZMaWczerNxRo9\"><img loading=\"lazy\" decoding=\"async\" class=\"alignright wp-image-4969\" src=\"https:\/\/www.topohvar.at\/wp-content\/uploads\/2018\/08\/0101.jpg\" alt=\"\" width=\"133\" height=\"100\" \/><\/a><br \/>\n<\/strong><span style=\"color: #3366ff;\"><a style=\"color: #3366ff;\" href=\"https:\/\/goo.gl\/maps\/ycLpZMaWczerNxRo9\">Latitude: N 43,17567\u00b0\u00a0 \u00a0Longitude: E 16,61169\u00b0<\/a> <\/span><strong><br \/>\n<\/strong>Visina \/ H\u00f6he: 48 m<\/p>\n<p><strong>Katastarska \u010destica \/ Grundst\u00fccke<br \/>\n<\/strong>4656\/2<div class='content-column one_half'><div style=\"padding-right:6px;\"><p><strong>Datum snimanja \/ Erfassungsdatum<br \/>\n<\/strong>10.05.2015 12:02:14<\/p>\n<hr \/>\n<p><strong>Informacije<\/strong><\/p>\n<p>Trim se nalazi ju\u017eno od glavne ceste DC-116 na rubu maslinovog vrta u nasipu staze. Sa staze mo\u017eete do\u0107i kroz blok-korake do ulaza i do cisternu s pjoverom ispred nje. Stra\u017enji dio trima nestaje u nasipu. Desno od ulaza je zid. U ulaznom prostoru fuge kameni blokovi su bili \u017ebukati. Ovalna unutra\u0161njost se vi\u0161e ne koristi.<\/p><\/div><\/div><div class='content-column one_half last_column'><div style=\"padding-right:0px;padding-left:6px;\"><p><strong>Stupanj za\u0161tite \/ Schutzstellung<br \/>\n<\/strong>&#8211;<\/p>\n<hr \/>\n<p><strong>Info<\/strong><\/p>\n<p>Der Trim befindet sich s\u00fcdlich der Hauptstra\u00dfe DC-116 am Rand eines Olivengartens in einer Wegb\u00f6schung. Vom Weg aus gelangt man \u00fcber Blockstufen hinunter zum Eingang\u00a0 und zur vorgelagerten Zisterne mit Wasserauffangfl\u00e4che. Die R\u00fcckseite des Trims verschwindet in der B\u00f6schung. Rechts vom Eingang schlie\u00dft eine Mauer an. Im Eingangsbereich sind die Steinbl\u00f6cke verfugt. Das ovale Innere wird kaum mehr genutzt.<\/p><\/div><\/div><div class='clear_column'><\/div><div class='content-column one_half'><div style=\"padding-right:6px;\"><div id=\"attachment_22180\" style=\"width: 310px\" class=\"wp-caption aligncenter\"><img loading=\"lazy\" decoding=\"async\" aria-describedby=\"caption-attachment-22180\" class=\"wp-image-22180 size-medium\" src=\"https:\/\/www.topohvar.at\/wp-content\/uploads\/2019\/04\/sg-tr-b8-11-300x300.jpg\" alt=\"\" width=\"300\" height=\"300\" srcset=\"https:\/\/www.topohvar.at\/wp-content\/uploads\/2019\/04\/sg-tr-b8-11-300x300.jpg 300w, https:\/\/www.topohvar.at\/wp-content\/uploads\/2019\/04\/sg-tr-b8-11-150x150.jpg 150w, https:\/\/www.topohvar.at\/wp-content\/uploads\/2019\/04\/sg-tr-b8-11.jpg 450w\" sizes=\"auto, (max-width: 300px) 100vw, 300px\" \/><p id=\"caption-attachment-22180\" class=\"wp-caption-text\">Ulaz \/ Eingang<\/p><\/div>\n<p>Dana 13.10.2018 trim je posje\u0107en i ustanovljeno je sljede\u0107e:<\/p>\n<p>Lokacija: maslinik<br \/>\nPodloga: nasip<br \/>\nPovezan: kamenim zidom, pjoverom<br \/>\nUpotreba: malo se koristi<br \/>\nStanje: dobro sa\u010duvan<br \/>\nBroj stepenica trima: 1<br \/>\nDodatni kameni prsten: nema kamenog prstena<br \/>\nStepeni\u0161te: nema<br \/>\nOblik kamena: zaokru\u017een<br \/>\nPodru\u010dje ispred ulaza: lako dostupno<br \/>\nOrijentacija ulaza: S (0\u00b0)<br \/>\nPromjer trima (cm): 260<br \/>\nVisina trima (cm): 220<br \/>\nVisina stepenica (cm): stepenica 1: 170<br \/>\nDebljina zida (cm): 50<br \/>\n\u0160irina vrata (cm): 60<br \/>\nVisina vrata (cm): 100<br \/>\n\u0160irina unutra (cm): 130 &#8211; 160<br \/>\nVisina unutra (cm): 160<br \/>\nVolumen iznutra (m3): 1,95<br \/>\nNema ni\u0161e<\/p><\/div><\/div><div class='content-column one_half last_column'><div style=\"padding-right:0px;padding-left:6px;\"><div id=\"attachment_22181\" style=\"width: 310px\" class=\"wp-caption aligncenter\"><img loading=\"lazy\" decoding=\"async\" aria-describedby=\"caption-attachment-22181\" class=\"wp-image-22181 size-medium\" src=\"https:\/\/www.topohvar.at\/wp-content\/uploads\/2019\/04\/sg-tr-b8-15-300x300.jpg\" alt=\"\" width=\"300\" height=\"300\" srcset=\"https:\/\/www.topohvar.at\/wp-content\/uploads\/2019\/04\/sg-tr-b8-15-300x300.jpg 300w, https:\/\/www.topohvar.at\/wp-content\/uploads\/2019\/04\/sg-tr-b8-15-150x150.jpg 150w, https:\/\/www.topohvar.at\/wp-content\/uploads\/2019\/04\/sg-tr-b8-15.jpg 450w\" sizes=\"auto, (max-width: 300px) 100vw, 300px\" \/><p id=\"caption-attachment-22181\" class=\"wp-caption-text\">Pogled na istok \/ Blick nach Osten<\/p><\/div>\n<p>Am 13.10.2018 wurde der Trim besucht und n\u00e4her untersucht:<\/p>\n<p>Standort: Olivenhain<br \/>\nUntergrund: B\u00f6schung<br \/>\nVerbunden mit: Steinmauer, Wasserauffangbecken<br \/>\nNutzung: kaum genutzt<br \/>\nZustand: gut erhalten<br \/>\nAnzahl der Trimstufen: 1<br \/>\nZus\u00e4tzlicher Steinring: kein Steinring<br \/>\nStiege: keine<br \/>\nSteinform: rundlich<br \/>\nEingangsbereich: frei<br \/>\nEingangsseite: N (0\u00b0)<br \/>\nTrimdurchmesser (cm): 260<br \/>\nTrimh\u00f6he (cm): 220<br \/>\nH\u00f6he der Trimstufen (cm): Stufe 1: 170<br \/>\nWandst\u00e4rke (cm): 50<br \/>\nT\u00fcrbreite (cm): 60<br \/>\nT\u00fcrh\u00f6he (cm): 100<br \/>\nInnenraumbreite (cm): 130 &#8211; 160<br \/>\nInnenraumh\u00f6he (cm): 160<br \/>\nRaumvolumen (m3): 1,95<br \/>\nKeine Nische<\/p><\/div><\/div><div class='clear_column'><\/div> <img loading=\"lazy\" decoding=\"async\" class=\"alignnone size-full wp-image-13735\" src=\"https:\/\/www.topohvar.at\/wp-content\/uploads\/2018\/12\/sg-tr-B8-sca.jpg\" alt=\"\" width=\"600\" height=\"900\" srcset=\"https:\/\/www.topohvar.at\/wp-content\/uploads\/2018\/12\/sg-tr-B8-sca.jpg 600w, https:\/\/www.topohvar.at\/wp-content\/uploads\/2018\/12\/sg-tr-B8-sca-200x300.jpg 200w\" sizes=\"auto, (max-width: 600px) 100vw, 600px\" \/><\/p>\n<p style=\"text-align: right;\"><a href=\"#seite_oben\">natrag na vrh \/ Seitenanfang<\/a><\/p>\n<hr \/>\n<p><strong>Linkovi \/ Links<\/strong><\/p>\n<p><span style=\"color: #3366ff;\"><a style=\"color: #3366ff;\" href=\"https:\/\/www.topohvar.at\/topo\/orte\/sg\/sg-op-71-1\/\">Objekt \u00bbGustirna uz trim SG-TR-B8\u00ab \/ Zisterne beim Trim SG-TR-B8<\/a><\/span><\/p>\n","protected":false},"excerpt":{"rendered":"<p>Ime \/ Name Trim \u00bbSG-TR-B8\u00ab Code: SG-TR-B8\u00a0 \u00a0 \u00a0 \u00a0 \u00a0 \u00a0 \u00a0 \u00a0 \u00a0 \u00a0 \u00a0 \u00a0 \u00a0 \u00a0 \u00a0 \u00a0 \u00a0 \u00a0 \u00a0 \u00a0\u00a0 Adresa \/ Adresse Stari Grad, cesta Stari Grad &#8211; Dol (u blizini) \/ nahe &hellip; <a href=\"https:\/\/www.topohvar.at\/topo\/orte\/sg\/sg-tr-b8-1\/\">Weiterlesen <span class=\"meta-nav\">&rarr;<\/span><\/a><\/p>\n","protected":false},"author":1,"featured_media":0,"parent":99,"menu_order":0,"comment_status":"closed","ping_status":"closed","template":"","meta":{"footnotes":""},"class_list":["post-4679","page","type-page","status-publish","hentry"],"_links":{"self":[{"href":"https:\/\/www.topohvar.at\/topo\/wp-json\/wp\/v2\/pages\/4679","targetHints":{"allow":["GET"]}}],"collection":[{"href":"https:\/\/www.topohvar.at\/topo\/wp-json\/wp\/v2\/pages"}],"about":[{"href":"https:\/\/www.topohvar.at\/topo\/wp-json\/wp\/v2\/types\/page"}],"author":[{"embeddable":true,"href":"https:\/\/www.topohvar.at\/topo\/wp-json\/wp\/v2\/users\/1"}],"replies":[{"embeddable":true,"href":"https:\/\/www.topohvar.at\/topo\/wp-json\/wp\/v2\/comments?post=4679"}],"version-history":[{"count":16,"href":"https:\/\/www.topohvar.at\/topo\/wp-json\/wp\/v2\/pages\/4679\/revisions"}],"predecessor-version":[{"id":49383,"href":"https:\/\/www.topohvar.at\/topo\/wp-json\/wp\/v2\/pages\/4679\/revisions\/49383"}],"up":[{"embeddable":true,"href":"https:\/\/www.topohvar.at\/topo\/wp-json\/wp\/v2\/pages\/99"}],"wp:attachment":[{"href":"https:\/\/www.topohvar.at\/topo\/wp-json\/wp\/v2\/media?parent=4679"}],"curies":[{"name":"wp","href":"https:\/\/api.w.org\/{rel}","templated":true}]}}