{"id":4768,"date":"2018-08-13T06:36:54","date_gmt":"2018-08-13T04:36:54","guid":{"rendered":"https:\/\/www.topohvar.at\/?page_id=4768"},"modified":"2024-07-30T16:15:19","modified_gmt":"2024-07-30T14:15:19","slug":"sg-tr-50-1","status":"publish","type":"page","link":"https:\/\/www.topohvar.at\/topo\/orte\/sg\/sg-tr-50-1\/","title":{"rendered":"STARI GRAD &#8211; Trim \u00bbSG-TR-50\u00ab"},"content":{"rendered":"<p><a name=\"seite_oben\"><\/a><img loading=\"lazy\" decoding=\"async\" class=\"alignnone wp-image-4640 size-large\" src=\"https:\/\/www.topohvar.at\/wp-content\/uploads\/2018\/08\/SG-TR-50-0-1024x503.jpg\" alt=\"\" width=\"640\" height=\"314\" srcset=\"https:\/\/www.topohvar.at\/wp-content\/uploads\/2018\/08\/SG-TR-50-0-1024x503.jpg 1024w, https:\/\/www.topohvar.at\/wp-content\/uploads\/2018\/08\/SG-TR-50-0-300x147.jpg 300w, https:\/\/www.topohvar.at\/wp-content\/uploads\/2018\/08\/SG-TR-50-0-768x377.jpg 768w, https:\/\/www.topohvar.at\/wp-content\/uploads\/2018\/08\/SG-TR-50-0.jpg 1080w\" sizes=\"auto, (max-width: 640px) 100vw, 640px\" \/><\/p>\n<p><strong>Ime \/ Name<br \/>\n<\/strong>Trim \u00bbSG-TR-50\u00ab<br \/>\n<strong>Code: <\/strong>SG-TR-50\u00a0 \u00a0 \u00a0 \u00a0 \u00a0 \u00a0 \u00a0 \u00a0 \u00a0 \u00a0 \u00a0 \u00a0 \u00a0 \u00a0 \u00a0 \u00a0 \u00a0 \u00a0 \u00a0 \u00a0\u00a0<strong><a href=\"https:\/\/www.topohvar.at\/orte\/sg\/sg-tr-00-1\/\"><img loading=\"lazy\" decoding=\"async\" class=\"alignnone wp-image-12300 size-full\" src=\"https:\/\/www.topohvar.at\/wp-content\/uploads\/2018\/09\/push-vor-30.jpg\" alt=\"\" width=\"61\" height=\"30\" \/><\/a> <a href=\"https:\/\/www.topohvar.at\/orte\/sg\/sg-tr-26-1\/\"><img loading=\"lazy\" decoding=\"async\" class=\"alignnone wp-image-533 size-full\" src=\"https:\/\/www.topohvar.at\/wp-content\/uploads\/2018\/07\/push-l-30.jpg\" alt=\"\" width=\"61\" height=\"30\" \/><\/a> <a href=\"https:\/\/www.topohvar.at\/orte\/sg\/\"><img loading=\"lazy\" decoding=\"async\" class=\"alignnone wp-image-535 size-full\" src=\"https:\/\/www.topohvar.at\/wp-content\/uploads\/2018\/07\/push-o-30.jpg\" alt=\"\" width=\"61\" height=\"30\" \/><\/a> <a href=\"https:\/\/www.topohvar.at\/orte\/sg\/sg-tr-h7-1\/\"><img loading=\"lazy\" decoding=\"async\" class=\"alignnone wp-image-536 size-full\" src=\"https:\/\/www.topohvar.at\/wp-content\/uploads\/2018\/07\/push-r-30.jpg\" alt=\"\" width=\"61\" height=\"30\" \/><\/a><\/strong><\/p>\n<hr \/>\n<p><strong>Adresa \/ Adresse<br \/>\n<\/strong>Stari Grad, Polje \/ Stari Grader Ebene<\/p>\n<p><strong>Lokacija \/ Position<a href=\"https:\/\/goo.gl\/maps\/4KFAUcfN4abosnHq6\"><img loading=\"lazy\" decoding=\"async\" class=\"alignright wp-image-5135\" src=\"https:\/\/www.topohvar.at\/wp-content\/uploads\/2018\/08\/0691.jpg\" alt=\"\" width=\"133\" height=\"100\" \/><\/a><br \/>\n<\/strong><span style=\"color: #3366ff;\"><a style=\"color: #3366ff;\" href=\"https:\/\/goo.gl\/maps\/4KFAUcfN4abosnHq6\">Latitude: N 43,19117\u00b0\u00a0 \u00a0Longitude: E 16,62525\u00b0<\/a> <\/span><strong><br \/>\n<\/strong>Visina \/ H\u00f6he: 17 m<\/p>\n<p><strong>Katastarska \u010destica \/ Grundst\u00fccke<br \/>\n<\/strong>4014<div class='content-column one_half'><div style=\"padding-right:6px;\"><p><strong>Datum snimanja \/ Erfassungsdatum<br \/>\n<\/strong>09.05.2015 10:12:29<\/p>\n<hr \/>\n<p><strong>Informacije<\/strong><\/p>\n<p>Trim stoji u &#8222;krajoliku&#8220; od suhozida. Ovdje su brojni pa\u017eljivo gra\u0111eni potporni zidovi, pjoveri za vodu, cisterne i bazene za vodu.<\/p><\/div><\/div><div class='content-column one_half last_column'><div style=\"padding-right:0px;padding-left:6px;\"><p><strong>Stupanj za\u0161tite \/ Schutzstellung<br \/>\n<\/strong>&#8211;<\/p>\n<hr \/>\n<p><strong>Info<\/strong><\/p>\n<p>Der Trim steht in einer &#8222;Landschaft&#8220; aus Trockensteinbauten. So finden sich hier zahlreiche sorgf\u00e4ltig gebaute St\u00fctzmauern, Wassersammelfl\u00e4chen, Zisternen und Wasserbecken.<\/p><\/div><\/div><div class='clear_column'><\/div><\/p>\n<p><img loading=\"lazy\" decoding=\"async\" class=\"alignleft size-full wp-image-69247\" src=\"https:\/\/www.topohvar.at\/wp-content\/uploads\/2024\/07\/sg-tr-50-h7-op-62.jpg\" alt=\"\" width=\"640\" height=\"358\" srcset=\"https:\/\/www.topohvar.at\/wp-content\/uploads\/2024\/07\/sg-tr-50-h7-op-62.jpg 640w, https:\/\/www.topohvar.at\/wp-content\/uploads\/2024\/07\/sg-tr-50-h7-op-62-300x168.jpg 300w\" sizes=\"auto, (max-width: 640px) 100vw, 640px\" \/><\/p>\n<div class='content-column one_half'><div style=\"padding-right:6px;\"><p>Trim je ugra\u0111en u veliku pravokutno gra\u0111enu gomilu, u njega se ulazi stubi\u0161tem sa sjeverne strane; sama vrata su okrenuta na zapad\u00a0i dostupna je preko rampe.<\/p><\/div><\/div><div class='content-column one_half last_column'><div style=\"padding-right:0px;padding-left:6px;\"><p>Der Trim ist in einem gro\u00dfen, rechteckig errichteten Haufen eingebettet, an dem an der Nordseite Stufen angebracht sind. Nur die T\u00fcr ist nach Westen gewandt und ist \u00fcber eine Rampe erreichbar.<\/p><\/div><\/div><div class='clear_column'><\/div><div class='content-column one_half'><div style=\"padding-right:6px;\"><p>Broj\u00a0\u201e23\u201c iz evidencije KO u Splitu. Teren sa studentima krajobrazne arhitekture UNIZG, studeni 2013.<\/p><\/div><\/div><div class='content-column one_half last_column'><div style=\"padding-right:0px;padding-left:6px;\"><p>Die Nummer &#8222;23&#8220; ist in Evidenz KO in Split. Das Gel\u00e4nde wurde von Studenten der Landschaftsarchitektur UNIZG im November 2013 besucht.<\/p><\/div><\/div><div class='clear_column'><\/div><div class='content-column one_half'><div style=\"padding-right:6px;\"><div id=\"attachment_21920\" style=\"width: 310px\" class=\"wp-caption aligncenter\"><img loading=\"lazy\" decoding=\"async\" aria-describedby=\"caption-attachment-21920\" class=\"wp-image-21920 size-medium\" src=\"https:\/\/www.topohvar.at\/wp-content\/uploads\/2019\/04\/sg-tr-50-15-300x300.jpg\" alt=\"\" width=\"300\" height=\"300\" srcset=\"https:\/\/www.topohvar.at\/wp-content\/uploads\/2019\/04\/sg-tr-50-15-300x300.jpg 300w, https:\/\/www.topohvar.at\/wp-content\/uploads\/2019\/04\/sg-tr-50-15-150x150.jpg 150w, https:\/\/www.topohvar.at\/wp-content\/uploads\/2019\/04\/sg-tr-50-15.jpg 450w\" sizes=\"auto, (max-width: 300px) 100vw, 300px\" \/><p id=\"caption-attachment-21920\" class=\"wp-caption-text\">Pogled na zapad \/Blick nach Westen<\/p><\/div>\n<p>Dana 02.10.2018 trim je posje\u0107en i ustanovljeno je sljede\u0107e:<\/p>\n<p>Lokacija: poljoprivredni sklop<br \/>\nPodloga: ravna<br \/>\nPovezan s: kamenim zidom, pjoverom<br \/>\nUpotreba: u upotrebi<br \/>\nStanje: vrlo dobro uzdr\u017eati<br \/>\nBroj stepenica trima: 2<br \/>\nDodatni kameni prsten: nema kamenog prstena<br \/>\nStepeni\u0161te: nema<br \/>\nOblik kamena: plosnat<br \/>\nPodru\u010dje ispred ulaza: lako dostupno<br \/>\nOrijentacija ulaza: SZ (300\u00b0)<br \/>\nPromjer trima (cm): 380<br \/>\nVisina trima (cm): 270<br \/>\nVisina stepenica (cm): stepenica 1: 195, stepenica 2: 270<br \/>\nDebljina zida (cm): 80<br \/>\n\u0160irina vrata (cm): 70<br \/>\nVisina vrata (cm): 135<br \/>\n\u0160irina unutra (cm): 220<br \/>\nVisina unutra (cm): 220<br \/>\nVolumen iznutra (m3): 6,34<br \/>\nNi\u0161a 1 (P\/\u0160\/V\/D) (cm): 80 \/ 40 \/ 35 \/ 40<br \/>\nni\u0161a 2 (P\/\u0160\/V\/D) (cm): 70 \/ 30 \/ 35 \/ 30<\/p><\/div><\/div><div class='content-column one_half last_column'><div style=\"padding-right:0px;padding-left:6px;\"><div id=\"attachment_21919\" style=\"width: 310px\" class=\"wp-caption aligncenter\"><img loading=\"lazy\" decoding=\"async\" aria-describedby=\"caption-attachment-21919\" class=\"wp-image-21919 size-medium\" src=\"https:\/\/www.topohvar.at\/wp-content\/uploads\/2019\/04\/sg-tr-50-14-300x300.jpg\" alt=\"\" width=\"300\" height=\"300\" srcset=\"https:\/\/www.topohvar.at\/wp-content\/uploads\/2019\/04\/sg-tr-50-14-300x300.jpg 300w, https:\/\/www.topohvar.at\/wp-content\/uploads\/2019\/04\/sg-tr-50-14-150x150.jpg 150w, https:\/\/www.topohvar.at\/wp-content\/uploads\/2019\/04\/sg-tr-50-14.jpg 450w\" sizes=\"auto, (max-width: 300px) 100vw, 300px\" \/><p id=\"caption-attachment-21919\" class=\"wp-caption-text\">Pogled na jug \/ Blick nach S\u00fcden<\/p><\/div>\n<p>Am 02.10.2018 wurde der Trim besucht und n\u00e4her untersucht:<\/p>\n<p>Standort: landwirtsch. Gemenge<br \/>\nUntergrund: eben<br \/>\nVerbunden mit: Steinmauer, Wasserauffangbecken<br \/>\nNutzung: genutzt<br \/>\nZustand: sehr gut erhalten<br \/>\nAnzahl der Trimstufen: 2<br \/>\nZus\u00e4tzlicher Steinring: kein Steinring<br \/>\nStiege: keine<br \/>\nSteinform: plattig<br \/>\nEingangsbereich: frei<br \/>\nEingangsseite: NW (300\u00b0)<br \/>\nTrimdurchmesser (cm): 380<br \/>\nTrimh\u00f6he (cm): 270<br \/>\nH\u00f6he der Trimstufen (cm): Stufe 1: 195, Stufe 2: 270<br \/>\nWandst\u00e4rke (cm): 80<br \/>\nT\u00fcrbreite (cm): 70<br \/>\nT\u00fcrh\u00f6he (cm): 135<br \/>\nInnenraumbreite (cm): 220<br \/>\nInnenraumh\u00f6he (cm): 220<br \/>\nRaumvolumen (m3): 6,34<br \/>\nNische 1 (P\/B\/H\/T) (cm): 80 \/ 40 \/ 35 \/ 40<br \/>\nNische 2 (P\/B\/H\/T) (cm): 70 \/ 30 \/ 35 \/ 30<\/p><\/div><\/div><div class='clear_column'><\/div> <img loading=\"lazy\" decoding=\"async\" class=\"alignnone size-full wp-image-13915\" src=\"https:\/\/www.topohvar.at\/wp-content\/uploads\/2018\/12\/sg-tr-50-sca.jpg\" alt=\"\" width=\"600\" height=\"900\" srcset=\"https:\/\/www.topohvar.at\/wp-content\/uploads\/2018\/12\/sg-tr-50-sca.jpg 600w, https:\/\/www.topohvar.at\/wp-content\/uploads\/2018\/12\/sg-tr-50-sca-200x300.jpg 200w\" sizes=\"auto, (max-width: 600px) 100vw, 600px\" \/><\/p>\n<p style=\"text-align: right;\"><a href=\"#seite_oben\">natrag na vrh \/ Seitenanfang<\/a><\/p>\n<hr \/>\n<p><strong>Linkovi \/ Links<\/strong><\/p>\n<p><span style=\"color: #3366ff;\"><a style=\"color: #3366ff;\" href=\"https:\/\/www.topohvar.at\/topo\/orte\/sg\/sg-op-62-1\/\">Objekt \u00bbGustirna uz trim SG-TR-50\u00ab \/ Zisterne beim Trim SG-TR-50<\/a><br \/>\n<a style=\"color: #3366ff;\" href=\"https:\/\/www.topohvar.at\/topo\/orte\/sg\/sg-tr-h7-1\/\">Trim <\/a><a style=\"color: #3366ff;\" href=\"https:\/\/www.topohvar.at\/topo\/orte\/sg\/sg-op-62-1\/\">\u00bb<\/a><a style=\"color: #3366ff;\" href=\"https:\/\/www.topohvar.at\/topo\/orte\/sg\/sg-tr-h7-1\/\">SG-TR-H7\u00ab<\/a><br \/>\n<\/span><\/p>\n","protected":false},"excerpt":{"rendered":"<p>Ime \/ Name Trim \u00bbSG-TR-50\u00ab Code: SG-TR-50\u00a0 \u00a0 \u00a0 \u00a0 \u00a0 \u00a0 \u00a0 \u00a0 \u00a0 \u00a0 \u00a0 \u00a0 \u00a0 \u00a0 \u00a0 \u00a0 \u00a0 \u00a0 \u00a0 \u00a0\u00a0 Adresa \/ Adresse Stari Grad, Polje \/ Stari Grader Ebene Lokacija \/ Position Latitude: &hellip; <a href=\"https:\/\/www.topohvar.at\/topo\/orte\/sg\/sg-tr-50-1\/\">Weiterlesen <span class=\"meta-nav\">&rarr;<\/span><\/a><\/p>\n","protected":false},"author":1,"featured_media":0,"parent":99,"menu_order":0,"comment_status":"closed","ping_status":"closed","template":"","meta":{"footnotes":""},"class_list":["post-4768","page","type-page","status-publish","hentry"],"_links":{"self":[{"href":"https:\/\/www.topohvar.at\/topo\/wp-json\/wp\/v2\/pages\/4768","targetHints":{"allow":["GET"]}}],"collection":[{"href":"https:\/\/www.topohvar.at\/topo\/wp-json\/wp\/v2\/pages"}],"about":[{"href":"https:\/\/www.topohvar.at\/topo\/wp-json\/wp\/v2\/types\/page"}],"author":[{"embeddable":true,"href":"https:\/\/www.topohvar.at\/topo\/wp-json\/wp\/v2\/users\/1"}],"replies":[{"embeddable":true,"href":"https:\/\/www.topohvar.at\/topo\/wp-json\/wp\/v2\/comments?post=4768"}],"version-history":[{"count":21,"href":"https:\/\/www.topohvar.at\/topo\/wp-json\/wp\/v2\/pages\/4768\/revisions"}],"predecessor-version":[{"id":69255,"href":"https:\/\/www.topohvar.at\/topo\/wp-json\/wp\/v2\/pages\/4768\/revisions\/69255"}],"up":[{"embeddable":true,"href":"https:\/\/www.topohvar.at\/topo\/wp-json\/wp\/v2\/pages\/99"}],"wp:attachment":[{"href":"https:\/\/www.topohvar.at\/topo\/wp-json\/wp\/v2\/media?parent=4768"}],"curies":[{"name":"wp","href":"https:\/\/api.w.org\/{rel}","templated":true}]}}