{"id":48286,"date":"2021-04-29T17:30:28","date_gmt":"2021-04-29T15:30:28","guid":{"rendered":"https:\/\/www.topohvar.at\/topo\/?page_id=48286"},"modified":"2025-05-19T16:12:33","modified_gmt":"2025-05-19T14:12:33","slug":"sg-tr-f5-1","status":"publish","type":"page","link":"https:\/\/www.topohvar.at\/topo\/orte\/sg\/sg-tr-f5-1\/","title":{"rendered":"STARI GRAD &#8211; Trim \u00bbSG-TR-F5 (uklonjen)\u00ab"},"content":{"rendered":"<p><a name=\"seite_oben\"><\/a><br \/>\n<strong><img loading=\"lazy\" decoding=\"async\" class=\"aligncenter wp-image-48289 size-full\" src=\"https:\/\/www.topohvar.at\/wp-content\/uploads\/2021\/04\/sg-tr-f5-0.jpg\" alt=\"\" width=\"1080\" height=\"530\" srcset=\"https:\/\/www.topohvar.at\/wp-content\/uploads\/2021\/04\/sg-tr-f5-0.jpg 1080w, https:\/\/www.topohvar.at\/wp-content\/uploads\/2021\/04\/sg-tr-f5-0-300x147.jpg 300w, https:\/\/www.topohvar.at\/wp-content\/uploads\/2021\/04\/sg-tr-f5-0-1024x503.jpg 1024w, https:\/\/www.topohvar.at\/wp-content\/uploads\/2021\/04\/sg-tr-f5-0-768x377.jpg 768w\" sizes=\"auto, (max-width: 1080px) 100vw, 1080px\" \/><\/strong><\/p>\n<p><strong>Ime \/ Name<br \/>\n<\/strong>Trim \u00bbSG-TR-F5\u00ab<\/p>\n<p><strong>Code: <\/strong>SG-TR-F5\u00a0 \u00a0 \u00a0 \u00a0 \u00a0 \u00a0 \u00a0 \u00a0 \u00a0 \u00a0 \u00a0 \u00a0 \u00a0 \u00a0<a href=\"https:\/\/www.topohvar.at\/orte\/sg\/sg-tr-00-1\/\"><img loading=\"lazy\" decoding=\"async\" class=\"alignnone wp-image-12300 size-full\" src=\"https:\/\/www.topohvar.at\/wp-content\/uploads\/2018\/09\/push-vor-30.jpg\" alt=\"\" width=\"61\" height=\"30\" \/><\/a>\u00a0<strong><a href=\"https:\/\/www.topohvar.at\/orte\/sg\/sg-tr-c1-1\/\"><img loading=\"lazy\" decoding=\"async\" class=\"alignnone wp-image-533 size-full\" src=\"https:\/\/www.topohvar.at\/wp-content\/uploads\/2018\/07\/push-l-30.jpg\" alt=\"\" width=\"61\" height=\"30\" \/><\/a> <a href=\"https:\/\/www.topohvar.at\/orte\/sg\/\"><img loading=\"lazy\" decoding=\"async\" class=\"alignnone wp-image-535 size-full\" src=\"https:\/\/www.topohvar.at\/wp-content\/uploads\/2018\/07\/push-o-30.jpg\" alt=\"\" width=\"61\" height=\"30\" \/><\/a> <a href=\"https:\/\/www.topohvar.at\/orte\/sg\/sg-tr-b4-1\/\"><img loading=\"lazy\" decoding=\"async\" class=\"alignnone wp-image-536 size-full\" src=\"https:\/\/www.topohvar.at\/wp-content\/uploads\/2018\/07\/push-r-30.jpg\" alt=\"\" width=\"61\" height=\"30\" \/><\/a><\/strong><\/p>\n<hr \/>\n<p><strong>Adresa \/ Adresse<br \/>\n<\/strong>Stari Grad, na biv\u0161oj benzinskoj pumpi \/oberhalb der ehemaligen Tankstelle<\/p>\n<p><strong>Lokacija \/ Position<a href=\"https:\/\/goo.gl\/maps\/zZUWsFsksyA7evu97\"><img loading=\"lazy\" decoding=\"async\" class=\"alignright wp-image-48290\" src=\"https:\/\/www.topohvar.at\/wp-content\/uploads\/2021\/04\/3135.jpg\" alt=\"\" width=\"134\" height=\"100\" \/><\/a><br \/>\n<\/strong><a href=\"https:\/\/goo.gl\/maps\/zZUWsFsksyA7evu97\"><span style=\"color: #3366ff;\">Latitude: N 43,17957\u00b0\u00a0 \u00a0Longitude: E 16,57921\u00b0<\/span><\/a> <strong><br \/>\n<\/strong>Visina \/ H\u00f6he: 11 m<\/p>\n<p><strong>Katastarska \u010destica \/ Grundst\u00fccke<br \/>\n<\/strong>2857\/4<div class='content-column one_half'><div style=\"padding-right:6px;\"><p><strong>Datum snimanja \/ Erfassungsdatum<br \/>\n<\/strong>26.04.2021 16:48:00<\/p>\n<hr \/>\n<p><strong>Informacije<\/strong><\/p>\n<p>Trim se nalazi iznad biv\u0161e benzinske postaje u trajektnoj luci. Zajedno s hrpom kamenja i dvori\u0161tem sa kamenim zidovima \u010dini malu cjelinu koja je ve\u0107 prili\u010dno o\u0161te\u0107ena. Zid trima lijevo od ulaza ve\u0107 je u lo\u0161em stanju. Desno od ulaza je kameni zid koji vodi prema zapadu do ogra\u0111enog dvori\u0161ta. U okruglom interijeru nalazi se zidna ni\u0161a blizu poda. Trim se vi\u0161e ne koristi.<\/p><\/div><\/div><div class='content-column one_half last_column'><div style=\"padding-right:0px;padding-left:6px;\"><p><strong>Stupanj za\u0161tite \/ Schutzstellung<br \/>\n<\/strong>&#8211;<\/p>\n<hr \/>\n<p><strong>Info<\/strong><\/p>\n<p>Der Trim befindet sich oberhalb der ehemaligen Tankstelle beim Trajekthafen. Er bildet zusammen mit einem Steinhaufen und einen mit Steinmauern umgrenzten Hof ein kleines Ensemble, das aber schon ziemlich besch\u00e4digt ist. Links vom Eingang ist die Trimwand bereits bauf\u00e4llig. Rechts vom Eingang setzt eine Steinmauer an, die nach Westen zum umz\u00e4unten Hof f\u00fchrt. Im runden Innenraum befindet sich in Bodenn\u00e4he eine Wandnische. Der Trim wird nicht mehr genutzt.<\/p><\/div><\/div><div class='clear_column'><\/div><div class='content-column one_half'><div style=\"padding-right:6px;\"><div id=\"attachment_50947\" style=\"width: 310px\" class=\"wp-caption aligncenter\"><img loading=\"lazy\" decoding=\"async\" aria-describedby=\"caption-attachment-50947\" class=\"size-medium wp-image-50947\" src=\"https:\/\/www.topohvar.at\/wp-content\/uploads\/2021\/08\/sg-tr-f5-0-300x300.jpg\" alt=\"\" width=\"300\" height=\"300\" srcset=\"https:\/\/www.topohvar.at\/wp-content\/uploads\/2021\/08\/sg-tr-f5-0-300x300.jpg 300w, https:\/\/www.topohvar.at\/wp-content\/uploads\/2021\/08\/sg-tr-f5-0-150x150.jpg 150w, https:\/\/www.topohvar.at\/wp-content\/uploads\/2021\/08\/sg-tr-f5-0.jpg 375w\" sizes=\"auto, (max-width: 300px) 100vw, 300px\" \/><p id=\"caption-attachment-50947\" class=\"wp-caption-text\">Ulaz \/ Eingang<\/p><\/div><\/div><\/div><div class='content-column one_half last_column'><div style=\"padding-right:0px;padding-left:6px;\"><div id=\"attachment_50948\" style=\"width: 310px\" class=\"wp-caption aligncenter\"><img loading=\"lazy\" decoding=\"async\" aria-describedby=\"caption-attachment-50948\" class=\"size-medium wp-image-50948\" src=\"https:\/\/www.topohvar.at\/wp-content\/uploads\/2021\/08\/sg-tr-f5-20-300x300.jpg\" alt=\"\" width=\"300\" height=\"300\" srcset=\"https:\/\/www.topohvar.at\/wp-content\/uploads\/2021\/08\/sg-tr-f5-20-300x300.jpg 300w, https:\/\/www.topohvar.at\/wp-content\/uploads\/2021\/08\/sg-tr-f5-20-150x150.jpg 150w, https:\/\/www.topohvar.at\/wp-content\/uploads\/2021\/08\/sg-tr-f5-20.jpg 450w\" sizes=\"auto, (max-width: 300px) 100vw, 300px\" \/><p id=\"caption-attachment-50948\" class=\"wp-caption-text\">Stra\u017enja strana \/ R\u00fcckseite<\/p><\/div><\/div><\/div><div class='clear_column'><\/div><div class='content-column one_half'><div style=\"padding-right:6px;\"><p>Dana 15.06.2021 trim je posje\u0107en i ustanovljeno je sljede\u0107e:<\/p>\n<p>Lokacija: \u0161uma<br \/>\nPodloga: ravna<br \/>\nPovezan s: kamenim zidom<br \/>\nUpotreba: ne koristi se<br \/>\nStanje: dobro sa\u010duvan<br \/>\nBroj stepenica trima: 2<br \/>\nDodatni kameni prsten: nema kamenog prstena<br \/>\nStepeni\u0161te: nema<br \/>\nOblik kamena: uglast<br \/>\nPodru\u010dje ispred ulaza: zaraslo<br \/>\nOrijentacija ulaza: Z (270\u00b0)<br \/>\nPromjer trima (cm): 490<br \/>\nVisina trima (cm): 260<br \/>\nVisina stepenica (cm): stepenica 1: 160 , stepenica 2: 255<br \/>\nDebljina zida (cm): 120<br \/>\n\u0160irina vrata (cm): 75<br \/>\nVisina vrata (cm): 110<br \/>\n\u0160irina unutra (cm): 250<br \/>\nVisina unutra (cm): 240<br \/>\nVolumen iznutra (m3): 7,56<br \/>\nNema ni\u0161e<\/p><\/div><\/div><div class='content-column one_half last_column'><div style=\"padding-right:0px;padding-left:6px;\"><p>Am 15.06.2021 wurde der Trim besucht und n\u00e4her untersucht:<\/p>\n<p>Standort: Wald<br \/>\nUntergrund: eben<br \/>\nVerbunden mit: Steinmauer<br \/>\nNutzung: ungenutzt<br \/>\nZustand: gut erhalten<br \/>\nAnzahl der Trimstufen: 2<br \/>\nZus\u00e4tzlicher Steinring: kein Steinring<br \/>\nStiege: keine<br \/>\nSteinform: kantig<br \/>\nEingangsbereich: verwachsen<br \/>\nEingangsseite: W (270\u00b0)<br \/>\nTrimdurchmesser (cm): 490<br \/>\nTrimh\u00f6he (cm): 260<br \/>\nH\u00f6he der Trimstufen (cm): Stufe 1: 160 , Stufe 2: 255<br \/>\nWandst\u00e4rke (cm): 120<br \/>\nT\u00fcrbreite (cm): 75<br \/>\nT\u00fcrh\u00f6he (cm): 110<br \/>\nInnenraumbreite (cm): 250<br \/>\nInnenraumh\u00f6he (cm): 240<br \/>\nRaumvolumen (m3): 7,56<br \/>\nKeine Nische<\/p><\/div><\/div><div class='clear_column'><\/div><\/p>\n<p><img loading=\"lazy\" decoding=\"async\" class=\"aligncenter size-full wp-image-50949\" src=\"https:\/\/www.topohvar.at\/wp-content\/uploads\/2021\/08\/sg-tr-f5-scan.jpg\" alt=\"\" width=\"600\" height=\"918\" srcset=\"https:\/\/www.topohvar.at\/wp-content\/uploads\/2021\/08\/sg-tr-f5-scan.jpg 600w, https:\/\/www.topohvar.at\/wp-content\/uploads\/2021\/08\/sg-tr-f5-scan-196x300.jpg 196w\" sizes=\"auto, (max-width: 600px) 100vw, 600px\" \/><\/p>\n<hr \/>\n<p style=\"text-align: left;\"><div class='content-column one_half'><div style=\"padding-right:6px;\"><p>Godine 2025. sru\u0161ene su ru\u0161evine biv\u0161ih benzinskih postaja i ure\u0111eno je gradili\u0161te za novu zgradu. Tijekom ovog rada uklonjen je trim.<\/p><\/div><\/div><div class='content-column one_half last_column'><div style=\"padding-right:0px;padding-left:6px;\"><p>Im Jahr 2025 wurden die Ruinen der ehemaligen Tankstellen abgerissen und eine Baustelle f\u00fcr einen Neubau eingerichtet. Im Zuge dieser Arbeiten wurde der Trim entfernt.<\/p><\/div><\/div><div class='clear_column'><\/div><\/p>\n<p><img loading=\"lazy\" decoding=\"async\" class=\"alignnone size-full wp-image-71785\" src=\"https:\/\/www.topohvar.at\/wp-content\/uploads\/2025\/05\/sg-tr-f5-97.jpg\" alt=\"\" width=\"1080\" height=\"487\" srcset=\"https:\/\/www.topohvar.at\/wp-content\/uploads\/2025\/05\/sg-tr-f5-97.jpg 1080w, https:\/\/www.topohvar.at\/wp-content\/uploads\/2025\/05\/sg-tr-f5-97-300x135.jpg 300w, https:\/\/www.topohvar.at\/wp-content\/uploads\/2025\/05\/sg-tr-f5-97-1024x462.jpg 1024w, https:\/\/www.topohvar.at\/wp-content\/uploads\/2025\/05\/sg-tr-f5-97-768x346.jpg 768w\" sizes=\"auto, (max-width: 1080px) 100vw, 1080px\" \/><\/p>\n<p style=\"text-align: right;\"><a href=\"#seite_oben\">natrag na vrh \/ Seitenanfang<\/a><\/p>\n<hr \/>\n<p><strong>Linkovi \/ Links<\/strong><\/p>\n<p>&#8211;<\/p>\n","protected":false},"excerpt":{"rendered":"<p>Ime \/ Name Trim \u00bbSG-TR-F5\u00ab Code: SG-TR-F5\u00a0 \u00a0 \u00a0 \u00a0 \u00a0 \u00a0 \u00a0 \u00a0 \u00a0 \u00a0 \u00a0 \u00a0 \u00a0 \u00a0\u00a0 Adresa \/ Adresse Stari Grad, na biv\u0161oj benzinskoj pumpi \/oberhalb der ehemaligen Tankstelle Lokacija \/ Position Latitude: N 43,17957\u00b0\u00a0 \u00a0Longitude: &hellip; <a href=\"https:\/\/www.topohvar.at\/topo\/orte\/sg\/sg-tr-f5-1\/\">Weiterlesen <span class=\"meta-nav\">&rarr;<\/span><\/a><\/p>\n","protected":false},"author":1,"featured_media":0,"parent":99,"menu_order":0,"comment_status":"closed","ping_status":"closed","template":"","meta":{"footnotes":""},"class_list":["post-48286","page","type-page","status-publish","hentry"],"_links":{"self":[{"href":"https:\/\/www.topohvar.at\/topo\/wp-json\/wp\/v2\/pages\/48286","targetHints":{"allow":["GET"]}}],"collection":[{"href":"https:\/\/www.topohvar.at\/topo\/wp-json\/wp\/v2\/pages"}],"about":[{"href":"https:\/\/www.topohvar.at\/topo\/wp-json\/wp\/v2\/types\/page"}],"author":[{"embeddable":true,"href":"https:\/\/www.topohvar.at\/topo\/wp-json\/wp\/v2\/users\/1"}],"replies":[{"embeddable":true,"href":"https:\/\/www.topohvar.at\/topo\/wp-json\/wp\/v2\/comments?post=48286"}],"version-history":[{"count":10,"href":"https:\/\/www.topohvar.at\/topo\/wp-json\/wp\/v2\/pages\/48286\/revisions"}],"predecessor-version":[{"id":72001,"href":"https:\/\/www.topohvar.at\/topo\/wp-json\/wp\/v2\/pages\/48286\/revisions\/72001"}],"up":[{"embeddable":true,"href":"https:\/\/www.topohvar.at\/topo\/wp-json\/wp\/v2\/pages\/99"}],"wp:attachment":[{"href":"https:\/\/www.topohvar.at\/topo\/wp-json\/wp\/v2\/media?parent=48286"}],"curies":[{"name":"wp","href":"https:\/\/api.w.org\/{rel}","templated":true}]}}