{"id":4847,"date":"2018-08-13T07:47:00","date_gmt":"2018-08-13T05:47:00","guid":{"rendered":"https:\/\/www.topohvar.at\/?page_id=4847"},"modified":"2026-04-29T17:37:36","modified_gmt":"2026-04-29T15:37:36","slug":"sg-tr-a7-1","status":"publish","type":"page","link":"https:\/\/www.topohvar.at\/topo\/orte\/sg\/sg-tr-a7-1\/","title":{"rendered":"STARI GRAD &#8211; Trim \u00bbSG-TR-A7\u00ab"},"content":{"rendered":"<p><a name=\"seite_oben\"><\/a><br \/>\n<img loading=\"lazy\" decoding=\"async\" class=\"alignnone wp-image-21872 size-large\" src=\"https:\/\/www.topohvar.at\/wp-content\/uploads\/2019\/04\/SG-TR-A7-1-1024x503.jpg\" alt=\"\" width=\"640\" height=\"314\" srcset=\"https:\/\/www.topohvar.at\/wp-content\/uploads\/2019\/04\/SG-TR-A7-1-1024x503.jpg 1024w, https:\/\/www.topohvar.at\/wp-content\/uploads\/2019\/04\/SG-TR-A7-1-300x147.jpg 300w, https:\/\/www.topohvar.at\/wp-content\/uploads\/2019\/04\/SG-TR-A7-1-768x377.jpg 768w, https:\/\/www.topohvar.at\/wp-content\/uploads\/2019\/04\/SG-TR-A7-1.jpg 1080w\" sizes=\"auto, (max-width: 640px) 100vw, 640px\" \/><\/p>\n<p><strong>Ime \/ Name<br \/>\n<\/strong>Trim \u00bbSG-TR-A7\u00ab<br \/>\n<strong>Code: <\/strong>SG-TR-A7\u00a0 \u00a0 \u00a0 \u00a0 \u00a0 \u00a0 \u00a0 \u00a0 \u00a0 \u00a0 \u00a0 \u00a0 \u00a0 \u00a0 \u00a0 \u00a0 \u00a0 \u00a0 \u00a0 \u00a0\u00a0<strong><a href=\"https:\/\/www.topohvar.at\/orte\/sg\/sg-tr-00-1\/\"><img loading=\"lazy\" decoding=\"async\" class=\"alignnone wp-image-12300 size-full\" src=\"https:\/\/www.topohvar.at\/wp-content\/uploads\/2018\/09\/push-vor-30.jpg\" alt=\"\" width=\"61\" height=\"30\" \/><\/a> <a href=\"https:\/\/www.topohvar.at\/orte\/sg\/sg-tr-k1-1\/\"><img loading=\"lazy\" decoding=\"async\" class=\"alignnone wp-image-533 size-full\" src=\"https:\/\/www.topohvar.at\/wp-content\/uploads\/2018\/07\/push-l-30.jpg\" alt=\"\" width=\"61\" height=\"30\" \/><\/a> <a href=\"https:\/\/www.topohvar.at\/orte\/sg\/\"><img loading=\"lazy\" decoding=\"async\" class=\"alignnone wp-image-535 size-full\" src=\"https:\/\/www.topohvar.at\/wp-content\/uploads\/2018\/07\/push-o-30.jpg\" alt=\"\" width=\"61\" height=\"30\" \/><\/a> <a href=\"https:\/\/www.topohvar.at\/orte\/sg\/sg-tr-a8-1\/\"><img loading=\"lazy\" decoding=\"async\" class=\"alignnone wp-image-536 size-full\" src=\"https:\/\/www.topohvar.at\/wp-content\/uploads\/2018\/07\/push-r-30.jpg\" alt=\"\" width=\"61\" height=\"30\" \/><\/a><\/strong><\/p>\n<hr \/>\n<p><strong>Adresa \/ Adresse<br \/>\n<\/strong>Stari Grad, Polje, Male Mo\u0107e<\/p>\n<p><strong>Lokacija \/ Position<a href=\"https:\/\/goo.gl\/maps\/XrfViJYPKy5Y8Qfv5\"><img loading=\"lazy\" decoding=\"async\" class=\"alignright wp-image-5265\" src=\"https:\/\/www.topohvar.at\/wp-content\/uploads\/2018\/08\/1070.jpg\" alt=\"\" width=\"133\" height=\"100\" \/><\/a><br \/>\n<\/strong><span style=\"color: #3366ff;\"><a style=\"color: #3366ff;\" href=\"https:\/\/goo.gl\/maps\/XrfViJYPKy5Y8Qfv5\">Latitude: N 43,18391\u00b0\u00a0 \u00a0Longitude: E 16,62626\u00b0<\/a> <\/span><strong><br \/>\n<\/strong>Visina \/ H\u00f6he: 27 m<\/p>\n<p><strong>Katastarska \u010destica \/ Grundst\u00fccke<br \/>\n<\/strong>6202\/1<div class='content-column one_half'><div style=\"padding-right:6px;\"><p><strong>Datum snimanja \/ Erfassungsdatum<br \/>\n<\/strong>15.05.2016 13:53:31<\/p>\n<hr \/>\n<p><strong>Informacije<\/strong><\/p>\n<p>Trim se nalazi u nagipu sjeverno od stare ceste od Starog Grada prema Vrboske. Stubi\u0161te od konzolnog kamenja u lijeve strane ulaza vodi do nasipa. U okruglom interijeru, instalirane su dvije ni\u0161e. Trim je obraslo vegetacijom i vi\u0161e se ne koristi.<\/p><\/div><\/div><div class='content-column one_half last_column'><div style=\"padding-right:0px;padding-left:6px;\"><p><strong>Stupanj za\u0161tite \/ Schutzstellung<br \/>\n<\/strong>&#8211;<\/p>\n<hr \/>\n<p><strong>Info<\/strong><\/p>\n<p>Der Trim befindet sich in einer B\u00f6schung n\u00f6rdlich der alten Stra\u00dfe von Stari Grad nach Vrboska. Auf die B\u00f6schung gelangt man \u00fcber eine Treppe aus Kragsteinen, links vom Eingang. In den runden Innenraum wurden zwei Nischen eingebaut. Der Trim ist ziemlich von Vegetation \u00fcberwuchert und wird nicht mehr genutzt.<\/p><\/div><\/div><div class='clear_column'><\/div><div class='content-column one_half'><div style=\"padding-right:6px;\"><div id=\"attachment_21874\" style=\"width: 310px\" class=\"wp-caption aligncenter\"><img loading=\"lazy\" decoding=\"async\" aria-describedby=\"caption-attachment-21874\" class=\"wp-image-21874 size-full\" src=\"https:\/\/www.topohvar.at\/wp-content\/uploads\/2019\/04\/sg-tr-a7-13.jpg\" alt=\"\" width=\"300\" height=\"300\" srcset=\"https:\/\/www.topohvar.at\/wp-content\/uploads\/2019\/04\/sg-tr-a7-13.jpg 300w, https:\/\/www.topohvar.at\/wp-content\/uploads\/2019\/04\/sg-tr-a7-13-150x150.jpg 150w\" sizes=\"auto, (max-width: 300px) 100vw, 300px\" \/><p id=\"caption-attachment-21874\" class=\"wp-caption-text\">Trim 2018<\/p><\/div>\n<p>Dana 01.10.2018 trim je posje\u0107en i ustanovljeno je sljede\u0107e:<\/p>\n<p>Lokacija: grmlje<br \/>\nPodloga: nasip<br \/>\nPovezan s: ure\u0111enom kamenom gomilom<br \/>\nUpotreba: ne koristi se<br \/>\nStanje: dobro, prekriven vegetacijom<br \/>\nBroj stepenica trima: 2<br \/>\nDodatni kameni prsten: nema kamenog prstena<br \/>\nStepeni\u0161te: stepenica<br \/>\nOblik kamena: uglast<br \/>\nPodru\u010dje ispred ulaza: zaraslo<br \/>\nOrijentacija ulaza: S (10\u00b0)<br \/>\nPromjer trima (cm): 340<br \/>\nVisina trima (cm): 270<br \/>\nVisina stepenica (cm): stepenica 1: 210, stepenica 2: 250<br \/>\nDebljina zida (cm): 70<br \/>\n\u0160irina vrata (cm): 70<br \/>\nVisina vrata (cm): 105<br \/>\n\u0160irina unutra (cm): 200<br \/>\nVisina unutra (cm): 230<br \/>\nVolumen iznutra (m3): 4,64<br \/>\nNi\u0161a 1 (P\/\u0160\/V\/D) (cm): 60 \/ 40 \/ 40 \/ 40<br \/>\nni\u0161a 2 (P\/\u0160\/V\/D) (cm): 50 \/ 30 \/ 25 \/ 35<\/p><\/div><\/div><div class='content-column one_half last_column'><div style=\"padding-right:0px;padding-left:6px;\"><div id=\"attachment_21873\" style=\"width: 310px\" class=\"wp-caption aligncenter\"><img loading=\"lazy\" decoding=\"async\" aria-describedby=\"caption-attachment-21873\" class=\"wp-image-21873 size-full\" src=\"https:\/\/www.topohvar.at\/wp-content\/uploads\/2019\/04\/sg-tr-a7-12.jpg\" alt=\"\" width=\"300\" height=\"300\" srcset=\"https:\/\/www.topohvar.at\/wp-content\/uploads\/2019\/04\/sg-tr-a7-12.jpg 300w, https:\/\/www.topohvar.at\/wp-content\/uploads\/2019\/04\/sg-tr-a7-12-150x150.jpg 150w\" sizes=\"auto, (max-width: 300px) 100vw, 300px\" \/><p id=\"caption-attachment-21873\" class=\"wp-caption-text\">Stepenice konzolnog kamenja \/ Kragstufen<\/p><\/div>\n<p>Am 01.10.2018 wurde der Trim besucht und n\u00e4her untersucht:<\/p>\n<p>Standort: Buschwerk<br \/>\nUntergrund: B\u00f6schung<br \/>\nVerbunden mit: Steinhaufen geordnet<br \/>\nNutzung: ungenutzt<br \/>\nZustand: gut, verwachsen<br \/>\nAnzahl der Trimstufen: 2<br \/>\nZus\u00e4tzlicher Steinring: kein Steinring<br \/>\nStiege: Stiege<br \/>\nSteinform: kantig<br \/>\nEingangsbereich: verwachsen<br \/>\nEingangsseite: N (10\u00b0)<br \/>\nTrimdurchmesser (cm): 340<br \/>\nTrimh\u00f6he (cm): 270<br \/>\nH\u00f6he der Trimstufen (cm): Stufe 1: 210, Stufe 2: 250<br \/>\nWandst\u00e4rke (cm): 70<br \/>\nT\u00fcrbreite (cm): 70<br \/>\nT\u00fcrh\u00f6he (cm): 105<br \/>\nInnenraumbreite (cm): 200<br \/>\nInnenraumh\u00f6he (cm): 230<br \/>\nRaumvolumen (m3): 4,64<br \/>\nNische 1 (P\/B\/H\/T) (cm): 60 \/ 40 \/ 40 \/ 40<br \/>\nNische 2 (P\/B\/H\/T) (cm): 50 \/ 30 \/ 25 \/ 35<\/p><\/div><\/div><div class='clear_column'><\/div> <img loading=\"lazy\" decoding=\"async\" class=\"alignnone size-full wp-image-13490\" src=\"https:\/\/www.topohvar.at\/wp-content\/uploads\/2018\/12\/sg-tr-A7-sca.jpg\" alt=\"\" width=\"600\" height=\"900\" srcset=\"https:\/\/www.topohvar.at\/wp-content\/uploads\/2018\/12\/sg-tr-A7-sca.jpg 600w, https:\/\/www.topohvar.at\/wp-content\/uploads\/2018\/12\/sg-tr-A7-sca-200x300.jpg 200w\" sizes=\"auto, (max-width: 600px) 100vw, 600px\" \/><\/p>\n<p style=\"text-align: right;\"><a href=\"#seite_oben\">natrag na vrh \/ Seitenanfang<\/a><\/p>\n<hr \/>\n<p><strong>Linkovi \/ Links<\/strong><\/p>\n<p>&#8211;<\/p>\n","protected":false},"excerpt":{"rendered":"<p>Ime \/ Name Trim \u00bbSG-TR-A7\u00ab Code: SG-TR-A7\u00a0 \u00a0 \u00a0 \u00a0 \u00a0 \u00a0 \u00a0 \u00a0 \u00a0 \u00a0 \u00a0 \u00a0 \u00a0 \u00a0 \u00a0 \u00a0 \u00a0 \u00a0 \u00a0 \u00a0\u00a0 Adresa \/ Adresse Stari Grad, Polje, Male Mo\u0107e Lokacija \/ Position Latitude: N 43,18391\u00b0\u00a0 &hellip; <a href=\"https:\/\/www.topohvar.at\/topo\/orte\/sg\/sg-tr-a7-1\/\">Weiterlesen <span class=\"meta-nav\">&rarr;<\/span><\/a><\/p>\n","protected":false},"author":1,"featured_media":0,"parent":99,"menu_order":0,"comment_status":"closed","ping_status":"closed","template":"","meta":{"footnotes":""},"class_list":["post-4847","page","type-page","status-publish","hentry"],"_links":{"self":[{"href":"https:\/\/www.topohvar.at\/topo\/wp-json\/wp\/v2\/pages\/4847","targetHints":{"allow":["GET"]}}],"collection":[{"href":"https:\/\/www.topohvar.at\/topo\/wp-json\/wp\/v2\/pages"}],"about":[{"href":"https:\/\/www.topohvar.at\/topo\/wp-json\/wp\/v2\/types\/page"}],"author":[{"embeddable":true,"href":"https:\/\/www.topohvar.at\/topo\/wp-json\/wp\/v2\/users\/1"}],"replies":[{"embeddable":true,"href":"https:\/\/www.topohvar.at\/topo\/wp-json\/wp\/v2\/comments?post=4847"}],"version-history":[{"count":17,"href":"https:\/\/www.topohvar.at\/topo\/wp-json\/wp\/v2\/pages\/4847\/revisions"}],"predecessor-version":[{"id":74669,"href":"https:\/\/www.topohvar.at\/topo\/wp-json\/wp\/v2\/pages\/4847\/revisions\/74669"}],"up":[{"embeddable":true,"href":"https:\/\/www.topohvar.at\/topo\/wp-json\/wp\/v2\/pages\/99"}],"wp:attachment":[{"href":"https:\/\/www.topohvar.at\/topo\/wp-json\/wp\/v2\/media?parent=4847"}],"curies":[{"name":"wp","href":"https:\/\/api.w.org\/{rel}","templated":true}]}}